{"id":8200,"date":"2020-12-05T16:23:53","date_gmt":"2020-12-05T16:23:53","guid":{"rendered":"https:\/\/factory.grabo.com\/product\/grabo-pro-lifter-20\/"},"modified":"2024-07-26T03:31:19","modified_gmt":"2024-07-26T03:31:19","slug":"grabo-pro-lifter-20","status":"publish","type":"product","link":"https:\/\/order.grabo.com\/ro\/product\/grabo-pro-lifter-20\/","title":{"rendered":"GRABO PRO"},"content":{"rendered":"<p>GRABO Pro este noua unealt\u0103 indispensabil\u0103 pentru toate meseriile. Cu un afi\u0219aj inteligent al presiunii digitale, amplasat convenabil pe m\u00e2ner, care afi\u0219eaz\u0103 at\u00e2t presiunea (PSI, Bar), c\u00e2t \u0219i greutatea (kg, lb), aceast\u0103 unealt\u0103 elimin\u0103 b\u0103taia de cap \u00een toate lucr\u0103rile de ridicare. GRABO Pro vine cu un senzor de presiune \u00eencorporat care opre\u0219te \u0219i porne\u0219te automat pompa de vid pentru a men\u021bine constant zona de ridicare \u00een siguran\u021b\u0103 pentru materialele dvs. GRABO Pro pompa de vid mut\u0103 20 litri de aer pe minut, av\u00e2nd o capacitate uria\u0219\u0103 de ridicare \u0219i este capabil s\u0103 ridice aproape orice suprafa\u021b\u0103 cu o greutate de p\u00e2n\u0103 la 375 de lire sterline (120 kg). Garnitura de spum\u0103 din cauciuc patentat\u0103 care vine cu unealta GRABO Pro este puternic\u0103, rezistent\u0103 la intemperii, dar u\u0219or de \u00eenlocuit dac\u0103 este deteriorat\u0103.<\/p>\n<p>GRABO Pro vine cu o garan\u021bie complet\u0103 de fabric\u0103 de 12 luni, care poate fi prelungit\u0103 la 18 luni prin \u00eenregistrarea produsului pe site-ul nostru web. Cu suport tehnic profesional bazat \u00een SUA, dac\u0103 \u00eent\u00e2mpina\u021bi probleme, nu ezita\u021bi s\u0103 ne spune\u021bi. Suntem aici s\u0103 v\u0103 men\u021binem productiv!<\/p>\n","protected":false},"excerpt":{"rendered":"<p>Aparatul portabil de aspirare electric\u0103 include un manometru digital pentru presiune situat pe m\u00e2ner pentru o vizualizare u\u0219oar\u0103. Senzorii de presiune automat\u0103 asigur\u0103 un vid constant. Bateriile re\u00eenc\u0103rcabile alimenteaz\u0103 un aparat de ridicat cu vid care poate ridica 375 de lire sterline (170 de kg).<\/p>\n<p>Setul include:<\/p>\n<ul>\n<li>GRABO Pro, aparat portabil de aspirare electric\u0103 cu manometru digital pentru presiune<\/li>\n<li>Senzorii de presiune automat\u0103 opresc pompa pentru a asigura un vid constant.<\/li>\n<li>Capacitatea de pompare: 20 de litri pe minut ofer\u0103 o capacitate mare de ridicare.<\/li>\n<li>1 baterie \u0219i un \u00eenc\u0103rc\u0103tor de baterie cu adaptoare interna\u021bionale<\/li>\n<li>Garnitura din spum\u0103 de cauciuc preinstalat\u0103 pe instrument<\/li>\n<li>Geant\u0103 de transport din nylon rezistent<\/li>\n<li>Filtre de schimb<\/li>\n<li>Manual \u00een limba englez\u0103 cu o cutie colorat\u0103 de afi\u0219are.<\/li>\n<\/ul>\n<p>https:\/\/youtu.be\/N5pcKCORwnA<\/p>\n","protected":false},"featured_media":21297,"comment_status":"open","ping_status":"closed","template":"","meta":{"_acf_changed":false},"product_brand":[],"product_cat":[237],"product_tag":[],"class_list":{"0":"post-8200","1":"product","2":"type-product","3":"status-publish","4":"has-post-thumbnail","6":"product_cat-tools-ro","7":"product_shipping_class-free-shipping-ro","9":"first","10":"instock","11":"featured","12":"taxable","13":"shipping-taxable","14":"purchasable","15":"product-type-simple"},"acf":[],"yoast_head":"<!-- This site is optimized with the Yoast SEO plugin v27.2 - https:\/\/yoast.com\/product\/yoast-seo-wordpress\/ -->\n<title>GRABO PRO - GRABO Factory Shop<\/title>\n<meta name=\"description\" content=\"Versiunea noua si imbunatatita 2023 cu display digital - GRABO Pro vine cu un senzor de presiune digital inteligent, afisaj maxim de ridicare si setari inteligente pentru greutate si presiune.\" \/>\n<meta name=\"robots\" content=\"index, follow, max-snippet:-1, max-image-preview:large, max-video-preview:-1\" \/>\n<link rel=\"canonical\" href=\"https:\/\/order.grabo.com\/ro\/product\/grabo-pro-lifter-20\/\" \/>\n<meta property=\"og:locale\" content=\"ro_RO\" \/>\n<meta property=\"og:type\" content=\"article\" \/>\n<meta property=\"og:title\" content=\"GRABO PRO - GRABO Factory Shop\" \/>\n<meta property=\"og:description\" content=\"Versiunea noua si imbunatatita 2023 cu display digital - GRABO Pro vine cu un senzor de presiune digital inteligent, afisaj maxim de ridicare si setari inteligente pentru greutate si presiune.\" \/>\n<meta property=\"og:url\" content=\"https:\/\/order.grabo.com\/ro\/product\/grabo-pro-lifter-20\/\" \/>\n<meta property=\"og:site_name\" content=\"GRABO Factory Shop\" \/>\n<meta property=\"article:publisher\" content=\"https:\/\/www.facebook.com\/GRABO.tools\" \/>\n<meta property=\"article:modified_time\" content=\"2024-07-26T03:31:19+00:00\" \/>\n<meta property=\"og:image\" content=\"https:\/\/order.grabo.com\/wp-content\/uploads\/2020\/12\/Product-Listing-ImageGP.jpg\" \/>\n\t<meta property=\"og:image:width\" content=\"1500\" \/>\n\t<meta property=\"og:image:height\" content=\"1500\" \/>\n\t<meta property=\"og:image:type\" content=\"image\/jpeg\" \/>\n<meta name=\"twitter:card\" content=\"summary_large_image\" \/>\n<meta name=\"twitter:site\" content=\"@grabotools\" \/>\n<meta name=\"twitter:label1\" content=\"Timp estimat pentru citire\" \/>\n\t<meta name=\"twitter:data1\" content=\"1 minut\" \/>\n<script type=\"application\/ld+json\" class=\"yoast-schema-graph\">{\"@context\":\"https:\/\/schema.org\",\"@graph\":[{\"@type\":\"WebPage\",\"@id\":\"https:\/\/order.grabo.com\/ro\/product\/grabo-pro-lifter-20\/\",\"url\":\"https:\/\/order.grabo.com\/ro\/product\/grabo-pro-lifter-20\/\",\"name\":\"GRABO PRO - GRABO Factory Shop\",\"isPartOf\":{\"@id\":\"https:\/\/order.grabo.com\/ro\/#website\"},\"primaryImageOfPage\":{\"@id\":\"https:\/\/order.grabo.com\/ro\/product\/grabo-pro-lifter-20\/#primaryimage\"},\"image\":{\"@id\":\"https:\/\/order.grabo.com\/ro\/product\/grabo-pro-lifter-20\/#primaryimage\"},\"thumbnailUrl\":\"https:\/\/order.grabo.com\/wp-content\/uploads\/2020\/12\/GraboPro_New_USA-1.png\",\"datePublished\":\"2020-12-05T16:23:53+00:00\",\"dateModified\":\"2024-07-26T03:31:19+00:00\",\"description\":\"Versiunea noua si imbunatatita 2023 cu display digital - GRABO Pro vine cu un senzor de presiune digital inteligent, afisaj maxim de ridicare si setari inteligente pentru greutate si presiune.\",\"breadcrumb\":{\"@id\":\"https:\/\/order.grabo.com\/ro\/product\/grabo-pro-lifter-20\/#breadcrumb\"},\"inLanguage\":\"ro-RO\",\"potentialAction\":[{\"@type\":\"ReadAction\",\"target\":[\"https:\/\/order.grabo.com\/ro\/product\/grabo-pro-lifter-20\/\"]}]},{\"@type\":\"ImageObject\",\"inLanguage\":\"ro-RO\",\"@id\":\"https:\/\/order.grabo.com\/ro\/product\/grabo-pro-lifter-20\/#primaryimage\",\"url\":\"https:\/\/order.grabo.com\/wp-content\/uploads\/2020\/12\/GraboPro_New_USA-1.png\",\"contentUrl\":\"https:\/\/order.grabo.com\/wp-content\/uploads\/2020\/12\/GraboPro_New_USA-1.png\",\"width\":1500,\"height\":1500},{\"@type\":\"BreadcrumbList\",\"@id\":\"https:\/\/order.grabo.com\/ro\/product\/grabo-pro-lifter-20\/#breadcrumb\",\"itemListElement\":[{\"@type\":\"ListItem\",\"position\":1,\"name\":\"Home\",\"item\":\"https:\/\/order.grabo.com\/ro\/\"},{\"@type\":\"ListItem\",\"position\":2,\"name\":\"GRABO Factory Shop\",\"item\":\"https:\/\/order.grabo.com\/\"},{\"@type\":\"ListItem\",\"position\":3,\"name\":\"GRABO PRO\"}]},{\"@type\":\"WebSite\",\"@id\":\"https:\/\/order.grabo.com\/ro\/#website\",\"url\":\"https:\/\/order.grabo.com\/ro\/\",\"name\":\"GRABO Factory Shop\",\"description\":\"GRABO Factory Shop\",\"publisher\":{\"@id\":\"https:\/\/order.grabo.com\/ro\/#organization\"},\"potentialAction\":[{\"@type\":\"SearchAction\",\"target\":{\"@type\":\"EntryPoint\",\"urlTemplate\":\"https:\/\/order.grabo.com\/ro\/?s={search_term_string}\"},\"query-input\":{\"@type\":\"PropertyValueSpecification\",\"valueRequired\":true,\"valueName\":\"search_term_string\"}}],\"inLanguage\":\"ro-RO\"},{\"@type\":\"Organization\",\"@id\":\"https:\/\/order.grabo.com\/ro\/#organization\",\"name\":\"GRABO\",\"url\":\"https:\/\/order.grabo.com\/ro\/\",\"logo\":{\"@type\":\"ImageObject\",\"inLanguage\":\"ro-RO\",\"@id\":\"https:\/\/order.grabo.com\/ro\/#\/schema\/logo\/image\/\",\"url\":\"https:\/\/order.grabo.com\/wp-content\/uploads\/2020\/12\/GRABO-Pro-1.jpeg\",\"contentUrl\":\"https:\/\/order.grabo.com\/wp-content\/uploads\/2020\/12\/GRABO-Pro-1.jpeg\",\"width\":1712,\"height\":1712,\"caption\":\"GRABO\"},\"image\":{\"@id\":\"https:\/\/order.grabo.com\/ro\/#\/schema\/logo\/image\/\"},\"sameAs\":[\"https:\/\/www.facebook.com\/GRABO.tools\",\"https:\/\/x.com\/grabotools\",\"https:\/\/www.instagram.com\/grabo.tools\/?hl=en\"]}]}<\/script>\n<!-- \/ Yoast SEO plugin. -->","yoast_head_json":{"title":"GRABO PRO - GRABO Factory Shop","description":"Versiunea noua si imbunatatita 2023 cu display digital - GRABO Pro vine cu un senzor de presiune digital inteligent, afisaj maxim de ridicare si setari inteligente pentru greutate si presiune.","robots":{"index":"index","follow":"follow","max-snippet":"max-snippet:-1","max-image-preview":"max-image-preview:large","max-video-preview":"max-video-preview:-1"},"canonical":"https:\/\/order.grabo.com\/ro\/product\/grabo-pro-lifter-20\/","og_locale":"ro_RO","og_type":"article","og_title":"GRABO PRO - GRABO Factory Shop","og_description":"Versiunea noua si imbunatatita 2023 cu display digital - GRABO Pro vine cu un senzor de presiune digital inteligent, afisaj maxim de ridicare si setari inteligente pentru greutate si presiune.","og_url":"https:\/\/order.grabo.com\/ro\/product\/grabo-pro-lifter-20\/","og_site_name":"GRABO Factory Shop","article_publisher":"https:\/\/www.facebook.com\/GRABO.tools","article_modified_time":"2024-07-26T03:31:19+00:00","og_image":[{"width":1500,"height":1500,"url":"https:\/\/order.grabo.com\/wp-content\/uploads\/2020\/12\/Product-Listing-ImageGP.jpg","type":"image\/jpeg"}],"twitter_card":"summary_large_image","twitter_site":"@grabotools","twitter_misc":{"Timp estimat pentru citire":"1 minut"},"schema":{"@context":"https:\/\/schema.org","@graph":[{"@type":"WebPage","@id":"https:\/\/order.grabo.com\/ro\/product\/grabo-pro-lifter-20\/","url":"https:\/\/order.grabo.com\/ro\/product\/grabo-pro-lifter-20\/","name":"GRABO PRO - GRABO Factory Shop","isPartOf":{"@id":"https:\/\/order.grabo.com\/ro\/#website"},"primaryImageOfPage":{"@id":"https:\/\/order.grabo.com\/ro\/product\/grabo-pro-lifter-20\/#primaryimage"},"image":{"@id":"https:\/\/order.grabo.com\/ro\/product\/grabo-pro-lifter-20\/#primaryimage"},"thumbnailUrl":"https:\/\/order.grabo.com\/wp-content\/uploads\/2020\/12\/GraboPro_New_USA-1.png","datePublished":"2020-12-05T16:23:53+00:00","dateModified":"2024-07-26T03:31:19+00:00","description":"Versiunea noua si imbunatatita 2023 cu display digital - GRABO Pro vine cu un senzor de presiune digital inteligent, afisaj maxim de ridicare si setari inteligente pentru greutate si presiune.","breadcrumb":{"@id":"https:\/\/order.grabo.com\/ro\/product\/grabo-pro-lifter-20\/#breadcrumb"},"inLanguage":"ro-RO","potentialAction":[{"@type":"ReadAction","target":["https:\/\/order.grabo.com\/ro\/product\/grabo-pro-lifter-20\/"]}]},{"@type":"ImageObject","inLanguage":"ro-RO","@id":"https:\/\/order.grabo.com\/ro\/product\/grabo-pro-lifter-20\/#primaryimage","url":"https:\/\/order.grabo.com\/wp-content\/uploads\/2020\/12\/GraboPro_New_USA-1.png","contentUrl":"https:\/\/order.grabo.com\/wp-content\/uploads\/2020\/12\/GraboPro_New_USA-1.png","width":1500,"height":1500},{"@type":"BreadcrumbList","@id":"https:\/\/order.grabo.com\/ro\/product\/grabo-pro-lifter-20\/#breadcrumb","itemListElement":[{"@type":"ListItem","position":1,"name":"Home","item":"https:\/\/order.grabo.com\/ro\/"},{"@type":"ListItem","position":2,"name":"GRABO Factory Shop","item":"https:\/\/order.grabo.com\/"},{"@type":"ListItem","position":3,"name":"GRABO PRO"}]},{"@type":"WebSite","@id":"https:\/\/order.grabo.com\/ro\/#website","url":"https:\/\/order.grabo.com\/ro\/","name":"GRABO Factory Shop","description":"GRABO Factory Shop","publisher":{"@id":"https:\/\/order.grabo.com\/ro\/#organization"},"potentialAction":[{"@type":"SearchAction","target":{"@type":"EntryPoint","urlTemplate":"https:\/\/order.grabo.com\/ro\/?s={search_term_string}"},"query-input":{"@type":"PropertyValueSpecification","valueRequired":true,"valueName":"search_term_string"}}],"inLanguage":"ro-RO"},{"@type":"Organization","@id":"https:\/\/order.grabo.com\/ro\/#organization","name":"GRABO","url":"https:\/\/order.grabo.com\/ro\/","logo":{"@type":"ImageObject","inLanguage":"ro-RO","@id":"https:\/\/order.grabo.com\/ro\/#\/schema\/logo\/image\/","url":"https:\/\/order.grabo.com\/wp-content\/uploads\/2020\/12\/GRABO-Pro-1.jpeg","contentUrl":"https:\/\/order.grabo.com\/wp-content\/uploads\/2020\/12\/GRABO-Pro-1.jpeg","width":1712,"height":1712,"caption":"GRABO"},"image":{"@id":"https:\/\/order.grabo.com\/ro\/#\/schema\/logo\/image\/"},"sameAs":["https:\/\/www.facebook.com\/GRABO.tools","https:\/\/x.com\/grabotools","https:\/\/www.instagram.com\/grabo.tools\/?hl=en"]}]}},"_links":{"self":[{"href":"https:\/\/order.grabo.com\/ro\/wp-json\/wp\/v2\/product\/8200","targetHints":{"allow":["GET"]}}],"collection":[{"href":"https:\/\/order.grabo.com\/ro\/wp-json\/wp\/v2\/product"}],"about":[{"href":"https:\/\/order.grabo.com\/ro\/wp-json\/wp\/v2\/types\/product"}],"replies":[{"embeddable":true,"href":"https:\/\/order.grabo.com\/ro\/wp-json\/wp\/v2\/comments?post=8200"}],"wp:featuredmedia":[{"embeddable":true,"href":"https:\/\/order.grabo.com\/ro\/wp-json\/wp\/v2\/media\/21297"}],"wp:attachment":[{"href":"https:\/\/order.grabo.com\/ro\/wp-json\/wp\/v2\/media?parent=8200"}],"wp:term":[{"taxonomy":"product_brand","embeddable":true,"href":"https:\/\/order.grabo.com\/ro\/wp-json\/wp\/v2\/product_brand?post=8200"},{"taxonomy":"product_cat","embeddable":true,"href":"https:\/\/order.grabo.com\/ro\/wp-json\/wp\/v2\/product_cat?post=8200"},{"taxonomy":"product_tag","embeddable":true,"href":"https:\/\/order.grabo.com\/ro\/wp-json\/wp\/v2\/product_tag?post=8200"}],"curies":[{"name":"wp","href":"https:\/\/api.w.org\/{rel}","templated":true}]}}