{"id":8199,"date":"2020-12-06T10:11:54","date_gmt":"2020-12-06T10:11:54","guid":{"rendered":"https:\/\/factory.grabo.com\/product\/nemo-grabo\/"},"modified":"2024-07-26T13:55:36","modified_gmt":"2024-07-26T13:55:36","slug":"nemo-grabo","status":"publish","type":"product","link":"https:\/\/order.grabo.com\/ro\/product\/nemo-grabo\/","title":{"rendered":"NEMO GRABO 1 Battery &#038; 1 Seal"},"content":{"rendered":"<p>Nemo GRABO este prima suport\u0103 electric\u0103 ac\u021bionat\u0103 de baterie din lume. Are un design puternic, rezistent \u0219i u\u0219or de operat \u0219i are o capacitate incredibil\u0103 de ridicare, ceea ce l-a f\u0103cut instant un bestseller. Presiunea este afi\u0219at\u0103 pe un manometru mecanic pe baza instrumentului pentru o vizualizare u\u0219oar\u0103. Utiliza\u021bi manometrul pentru a verifica c\u0103 sunte\u021bi \u00een zona sigur\u0103 de ridicare \u00eenainte de a ridica materialul. Pompa de vid GRABO deplaseaz\u0103 20 de litri de aer pe minut, asigur\u00e2nd o capacitate enorm\u0103 de ridicare \u0219i poate ridica aproape orice suprafa\u021b\u0103 cu o greutate de p\u00e2n\u0103 la 375 lbs (170 kg). Garnitura de spum\u0103 din cauciuc patentat\u0103 care vine cu instrumentul Nemo GRABO este puternic\u0103 \u0219i rezistent\u0103 la uzur\u0103, dar u\u0219or de \u00eenlocuit \u00een caz de deteriorare. Odat\u0103 activat instrumentul, garnitura se creeaz\u0103 \u00een c\u00e2teva secunde \u0219i se ata\u0219eaz\u0103 ferm aproape oric\u0103rei suprafe\u021be, inclusiv suprafe\u021belor neuniforme \u0219i u\u0219or poroase. GRABO este dotat cu patru cleme de ridicare din o\u021bel amplasate pe ambele p\u0103r\u021bi ale m\u00e2nerului instrumentului. Acest lucru permite utilizarea instrumentului cu curele de ridicare \u0219i accesorii suplimentare de ata\u0219are.<\/p>\n<p>GRABO vine cu o garan\u021bie complet\u0103 de 12 luni de la fabric\u0103, care poate fi prelungit\u0103 la 18 luni prin \u00eenregistrarea produsului pe site-ul nostru web. Cu suport tehnic profesional bazat \u00een SUA, dac\u0103 ave\u021bi probleme, nu ezita\u021bi s\u0103 ne contacta\u021bi. Suntem aici pentru a v\u0103 men\u021bine productivitatea!<\/p>\n","protected":false},"excerpt":{"rendered":"<p>Kitul NEMO GRABO include:<\/p>\n<ul>\n<li>GRABO Classic, un dispozitiv portabil de ridicare cu vacuum electric, cu manometru analogic<\/li>\n<li>Capacitatea de pompare: 20 litri pe minut<\/li>\n<li>Baterie \u0219i \u00eenc\u0103rc\u0103tor de baterie cu adaptor interna\u021bional<\/li>\n<li>Garnitura din spum\u0103 de cauciuc preinstalat\u0103 pe dispozitiv<\/li>\n<li>Geant\u0103 de transport din nailon rezistent<\/li>\n<li>Filtru de schimb<\/li>\n<li>Manual \u00een limba englez\u0103 \u0219i cutie de prezentare colorat\u0103.<\/li>\n<\/ul>\n[embed]https:\/\/www.youtube.com\/watch?v=-luPqXXl8ug[\/embed]\n","protected":false},"featured_media":21075,"comment_status":"open","ping_status":"closed","template":"","meta":{"_acf_changed":false},"product_brand":[],"product_cat":[237],"product_tag":[],"class_list":{"0":"post-8199","1":"product","2":"type-product","3":"status-publish","4":"has-post-thumbnail","6":"product_cat-tools-ro","8":"first","9":"instock","10":"featured","11":"taxable","12":"shipping-taxable","13":"purchasable","14":"product-type-simple"},"acf":[],"yoast_head":"<!-- This site is optimized with the Yoast SEO plugin v27.3 - https:\/\/yoast.com\/product\/yoast-seo-wordpress\/ -->\n<title>NEMO GRABO 1 Battery &amp; 1 Seal - GRABO Factory Shop<\/title>\n<meta name=\"description\" content=\"Originalul GRABO. Instrumentul clasic care a schimbat modul \u00een care ridic\u0103m, \u021binem, stabiliz\u0103m \u0219i mut\u0103m materialele. GRABO s-a dovedit a fi cel mai mare juc\u0103tor \u00een joc.\" \/>\n<meta name=\"robots\" content=\"index, follow, max-snippet:-1, max-image-preview:large, max-video-preview:-1\" \/>\n<link rel=\"canonical\" href=\"https:\/\/order.grabo.com\/ro\/product\/nemo-grabo\/\" \/>\n<meta property=\"og:locale\" content=\"ro_RO\" \/>\n<meta property=\"og:type\" content=\"article\" \/>\n<meta property=\"og:title\" content=\"NEMO GRABO 1 Battery &amp; 1 Seal - GRABO Factory Shop\" \/>\n<meta property=\"og:description\" content=\"Originalul GRABO. Instrumentul clasic care a schimbat modul \u00een care ridic\u0103m, \u021binem, stabiliz\u0103m \u0219i mut\u0103m materialele. GRABO s-a dovedit a fi cel mai mare juc\u0103tor \u00een joc.\" \/>\n<meta property=\"og:url\" content=\"https:\/\/order.grabo.com\/ro\/product\/nemo-grabo\/\" \/>\n<meta property=\"og:site_name\" content=\"GRABO Factory Shop\" \/>\n<meta property=\"article:publisher\" content=\"https:\/\/www.facebook.com\/GRABO.tools\" \/>\n<meta property=\"article:modified_time\" content=\"2024-07-26T13:55:36+00:00\" \/>\n<meta property=\"og:image\" content=\"https:\/\/order.grabo.com\/wp-content\/uploads\/2020\/12\/Product-Listing-ImageNG.jpg\" \/>\n\t<meta property=\"og:image:width\" content=\"1500\" \/>\n\t<meta property=\"og:image:height\" content=\"1500\" \/>\n\t<meta property=\"og:image:type\" content=\"image\/jpeg\" \/>\n<meta name=\"twitter:card\" content=\"summary_large_image\" \/>\n<meta name=\"twitter:site\" content=\"@grabotools\" \/>\n<meta name=\"twitter:label1\" content=\"Timp estimat pentru citire\" \/>\n\t<meta name=\"twitter:data1\" content=\"1 minut\" \/>\n<script type=\"application\/ld+json\" class=\"yoast-schema-graph\">{\"@context\":\"https:\\\/\\\/schema.org\",\"@graph\":[{\"@type\":\"WebPage\",\"@id\":\"https:\\\/\\\/order.grabo.com\\\/ro\\\/product\\\/nemo-grabo\\\/\",\"url\":\"https:\\\/\\\/order.grabo.com\\\/ro\\\/product\\\/nemo-grabo\\\/\",\"name\":\"NEMO GRABO 1 Battery & 1 Seal - GRABO Factory Shop\",\"isPartOf\":{\"@id\":\"https:\\\/\\\/order.grabo.com\\\/ro\\\/#website\"},\"primaryImageOfPage\":{\"@id\":\"https:\\\/\\\/order.grabo.com\\\/ro\\\/product\\\/nemo-grabo\\\/#primaryimage\"},\"image\":{\"@id\":\"https:\\\/\\\/order.grabo.com\\\/ro\\\/product\\\/nemo-grabo\\\/#primaryimage\"},\"thumbnailUrl\":\"https:\\\/\\\/order.grabo.com\\\/wp-content\\\/uploads\\\/2020\\\/12\\\/thumbnail-3.png\",\"datePublished\":\"2020-12-06T10:11:54+00:00\",\"dateModified\":\"2024-07-26T13:55:36+00:00\",\"description\":\"Originalul GRABO. Instrumentul clasic care a schimbat modul \u00een care ridic\u0103m, \u021binem, stabiliz\u0103m \u0219i mut\u0103m materialele. GRABO s-a dovedit a fi cel mai mare juc\u0103tor \u00een joc.\",\"breadcrumb\":{\"@id\":\"https:\\\/\\\/order.grabo.com\\\/ro\\\/product\\\/nemo-grabo\\\/#breadcrumb\"},\"inLanguage\":\"ro-RO\",\"potentialAction\":[{\"@type\":\"ReadAction\",\"target\":[\"https:\\\/\\\/order.grabo.com\\\/ro\\\/product\\\/nemo-grabo\\\/\"]}]},{\"@type\":\"ImageObject\",\"inLanguage\":\"ro-RO\",\"@id\":\"https:\\\/\\\/order.grabo.com\\\/ro\\\/product\\\/nemo-grabo\\\/#primaryimage\",\"url\":\"https:\\\/\\\/order.grabo.com\\\/wp-content\\\/uploads\\\/2020\\\/12\\\/thumbnail-3.png\",\"contentUrl\":\"https:\\\/\\\/order.grabo.com\\\/wp-content\\\/uploads\\\/2020\\\/12\\\/thumbnail-3.png\",\"width\":1500,\"height\":1500},{\"@type\":\"BreadcrumbList\",\"@id\":\"https:\\\/\\\/order.grabo.com\\\/ro\\\/product\\\/nemo-grabo\\\/#breadcrumb\",\"itemListElement\":[{\"@type\":\"ListItem\",\"position\":1,\"name\":\"Home\",\"item\":\"https:\\\/\\\/order.grabo.com\\\/ro\\\/\"},{\"@type\":\"ListItem\",\"position\":2,\"name\":\"GRABO Factory Shop\",\"item\":\"https:\\\/\\\/order.grabo.com\\\/\"},{\"@type\":\"ListItem\",\"position\":3,\"name\":\"NEMO GRABO 1 Battery &#038; 1 Seal\"}]},{\"@type\":\"WebSite\",\"@id\":\"https:\\\/\\\/order.grabo.com\\\/ro\\\/#website\",\"url\":\"https:\\\/\\\/order.grabo.com\\\/ro\\\/\",\"name\":\"GRABO Factory Shop\",\"description\":\"GRABO Factory Shop\",\"publisher\":{\"@id\":\"https:\\\/\\\/order.grabo.com\\\/ro\\\/#organization\"},\"potentialAction\":[{\"@type\":\"SearchAction\",\"target\":{\"@type\":\"EntryPoint\",\"urlTemplate\":\"https:\\\/\\\/order.grabo.com\\\/ro\\\/?s={search_term_string}\"},\"query-input\":{\"@type\":\"PropertyValueSpecification\",\"valueRequired\":true,\"valueName\":\"search_term_string\"}}],\"inLanguage\":\"ro-RO\"},{\"@type\":\"Organization\",\"@id\":\"https:\\\/\\\/order.grabo.com\\\/ro\\\/#organization\",\"name\":\"GRABO\",\"url\":\"https:\\\/\\\/order.grabo.com\\\/ro\\\/\",\"logo\":{\"@type\":\"ImageObject\",\"inLanguage\":\"ro-RO\",\"@id\":\"https:\\\/\\\/order.grabo.com\\\/ro\\\/#\\\/schema\\\/logo\\\/image\\\/\",\"url\":\"https:\\\/\\\/order.grabo.com\\\/wp-content\\\/uploads\\\/2020\\\/12\\\/GRABO-Pro-1.jpeg\",\"contentUrl\":\"https:\\\/\\\/order.grabo.com\\\/wp-content\\\/uploads\\\/2020\\\/12\\\/GRABO-Pro-1.jpeg\",\"width\":1712,\"height\":1712,\"caption\":\"GRABO\"},\"image\":{\"@id\":\"https:\\\/\\\/order.grabo.com\\\/ro\\\/#\\\/schema\\\/logo\\\/image\\\/\"},\"sameAs\":[\"https:\\\/\\\/www.facebook.com\\\/GRABO.tools\",\"https:\\\/\\\/x.com\\\/grabotools\",\"https:\\\/\\\/www.instagram.com\\\/grabo.tools\\\/?hl=en\"]}]}<\/script>\n<!-- \/ Yoast SEO plugin. -->","yoast_head_json":{"title":"NEMO GRABO 1 Battery & 1 Seal - GRABO Factory Shop","description":"Originalul GRABO. Instrumentul clasic care a schimbat modul \u00een care ridic\u0103m, \u021binem, stabiliz\u0103m \u0219i mut\u0103m materialele. GRABO s-a dovedit a fi cel mai mare juc\u0103tor \u00een joc.","robots":{"index":"index","follow":"follow","max-snippet":"max-snippet:-1","max-image-preview":"max-image-preview:large","max-video-preview":"max-video-preview:-1"},"canonical":"https:\/\/order.grabo.com\/ro\/product\/nemo-grabo\/","og_locale":"ro_RO","og_type":"article","og_title":"NEMO GRABO 1 Battery & 1 Seal - GRABO Factory Shop","og_description":"Originalul GRABO. Instrumentul clasic care a schimbat modul \u00een care ridic\u0103m, \u021binem, stabiliz\u0103m \u0219i mut\u0103m materialele. GRABO s-a dovedit a fi cel mai mare juc\u0103tor \u00een joc.","og_url":"https:\/\/order.grabo.com\/ro\/product\/nemo-grabo\/","og_site_name":"GRABO Factory Shop","article_publisher":"https:\/\/www.facebook.com\/GRABO.tools","article_modified_time":"2024-07-26T13:55:36+00:00","og_image":[{"width":1500,"height":1500,"url":"https:\/\/order.grabo.com\/wp-content\/uploads\/2020\/12\/Product-Listing-ImageNG.jpg","type":"image\/jpeg"}],"twitter_card":"summary_large_image","twitter_site":"@grabotools","twitter_misc":{"Timp estimat pentru citire":"1 minut"},"schema":{"@context":"https:\/\/schema.org","@graph":[{"@type":"WebPage","@id":"https:\/\/order.grabo.com\/ro\/product\/nemo-grabo\/","url":"https:\/\/order.grabo.com\/ro\/product\/nemo-grabo\/","name":"NEMO GRABO 1 Battery & 1 Seal - GRABO Factory Shop","isPartOf":{"@id":"https:\/\/order.grabo.com\/ro\/#website"},"primaryImageOfPage":{"@id":"https:\/\/order.grabo.com\/ro\/product\/nemo-grabo\/#primaryimage"},"image":{"@id":"https:\/\/order.grabo.com\/ro\/product\/nemo-grabo\/#primaryimage"},"thumbnailUrl":"https:\/\/order.grabo.com\/wp-content\/uploads\/2020\/12\/thumbnail-3.png","datePublished":"2020-12-06T10:11:54+00:00","dateModified":"2024-07-26T13:55:36+00:00","description":"Originalul GRABO. Instrumentul clasic care a schimbat modul \u00een care ridic\u0103m, \u021binem, stabiliz\u0103m \u0219i mut\u0103m materialele. GRABO s-a dovedit a fi cel mai mare juc\u0103tor \u00een joc.","breadcrumb":{"@id":"https:\/\/order.grabo.com\/ro\/product\/nemo-grabo\/#breadcrumb"},"inLanguage":"ro-RO","potentialAction":[{"@type":"ReadAction","target":["https:\/\/order.grabo.com\/ro\/product\/nemo-grabo\/"]}]},{"@type":"ImageObject","inLanguage":"ro-RO","@id":"https:\/\/order.grabo.com\/ro\/product\/nemo-grabo\/#primaryimage","url":"https:\/\/order.grabo.com\/wp-content\/uploads\/2020\/12\/thumbnail-3.png","contentUrl":"https:\/\/order.grabo.com\/wp-content\/uploads\/2020\/12\/thumbnail-3.png","width":1500,"height":1500},{"@type":"BreadcrumbList","@id":"https:\/\/order.grabo.com\/ro\/product\/nemo-grabo\/#breadcrumb","itemListElement":[{"@type":"ListItem","position":1,"name":"Home","item":"https:\/\/order.grabo.com\/ro\/"},{"@type":"ListItem","position":2,"name":"GRABO Factory Shop","item":"https:\/\/order.grabo.com\/"},{"@type":"ListItem","position":3,"name":"NEMO GRABO 1 Battery &#038; 1 Seal"}]},{"@type":"WebSite","@id":"https:\/\/order.grabo.com\/ro\/#website","url":"https:\/\/order.grabo.com\/ro\/","name":"GRABO Factory Shop","description":"GRABO Factory Shop","publisher":{"@id":"https:\/\/order.grabo.com\/ro\/#organization"},"potentialAction":[{"@type":"SearchAction","target":{"@type":"EntryPoint","urlTemplate":"https:\/\/order.grabo.com\/ro\/?s={search_term_string}"},"query-input":{"@type":"PropertyValueSpecification","valueRequired":true,"valueName":"search_term_string"}}],"inLanguage":"ro-RO"},{"@type":"Organization","@id":"https:\/\/order.grabo.com\/ro\/#organization","name":"GRABO","url":"https:\/\/order.grabo.com\/ro\/","logo":{"@type":"ImageObject","inLanguage":"ro-RO","@id":"https:\/\/order.grabo.com\/ro\/#\/schema\/logo\/image\/","url":"https:\/\/order.grabo.com\/wp-content\/uploads\/2020\/12\/GRABO-Pro-1.jpeg","contentUrl":"https:\/\/order.grabo.com\/wp-content\/uploads\/2020\/12\/GRABO-Pro-1.jpeg","width":1712,"height":1712,"caption":"GRABO"},"image":{"@id":"https:\/\/order.grabo.com\/ro\/#\/schema\/logo\/image\/"},"sameAs":["https:\/\/www.facebook.com\/GRABO.tools","https:\/\/x.com\/grabotools","https:\/\/www.instagram.com\/grabo.tools\/?hl=en"]}]}},"_links":{"self":[{"href":"https:\/\/order.grabo.com\/ro\/wp-json\/wp\/v2\/product\/8199","targetHints":{"allow":["GET"]}}],"collection":[{"href":"https:\/\/order.grabo.com\/ro\/wp-json\/wp\/v2\/product"}],"about":[{"href":"https:\/\/order.grabo.com\/ro\/wp-json\/wp\/v2\/types\/product"}],"replies":[{"embeddable":true,"href":"https:\/\/order.grabo.com\/ro\/wp-json\/wp\/v2\/comments?post=8199"}],"wp:featuredmedia":[{"embeddable":true,"href":"https:\/\/order.grabo.com\/ro\/wp-json\/wp\/v2\/media\/21075"}],"wp:attachment":[{"href":"https:\/\/order.grabo.com\/ro\/wp-json\/wp\/v2\/media?parent=8199"}],"wp:term":[{"taxonomy":"product_brand","embeddable":true,"href":"https:\/\/order.grabo.com\/ro\/wp-json\/wp\/v2\/product_brand?post=8199"},{"taxonomy":"product_cat","embeddable":true,"href":"https:\/\/order.grabo.com\/ro\/wp-json\/wp\/v2\/product_cat?post=8199"},{"taxonomy":"product_tag","embeddable":true,"href":"https:\/\/order.grabo.com\/ro\/wp-json\/wp\/v2\/product_tag?post=8199"}],"curies":[{"name":"wp","href":"https:\/\/api.w.org\/{rel}","templated":true}]}}