{"id":8197,"date":"2020-12-16T05:42:44","date_gmt":"2020-12-16T05:42:44","guid":{"rendered":"https:\/\/factory.grabo.com\/product\/foam-rubber-seal\/"},"modified":"2024-07-26T04:11:52","modified_gmt":"2024-07-26T04:11:52","slug":"foam-rubber-seal","status":"publish","type":"product","link":"https:\/\/order.grabo.com\/ro\/product\/foam-rubber-seal\/","title":{"rendered":"GRABO Standard Foam Seal"},"content":{"rendered":"<div id=\"new_columns-107-391\" class=\"ct-new-columns\" style=\"text-align: left;\">\n<div id=\"div_block-108-391\" class=\"ct-div-block\">\n<div id=\"text_block-114-391\" class=\"ct-text-block\">Cu utilizarea continu\u0103, etan\u0219\u0103rile se uzeaz\u0103. Atunci c\u00e2nd etan\u0219area GRABO se uzeaz\u0103, capacitatea de ridicare scade. \u00cen acest caz, pute\u021bi \u00eenlocui etan\u0219area uzat\u0103 manual \u00een c\u00e2teva secunde. Pute\u021bi folosi una din cele de rezerv\u0103 furnizate \u00een kit. Alternativ, pute\u021bi cump\u0103ra c\u00e2te dori\u021bi de la oricare dintre distribuitori sau comercian\u021bi. Aceast\u0103 etan\u0219are cu spum\u0103 de cauciuc cu frecare mare, brevetat\u0103, se potrive\u0219te tuturor modelelor GRABO.<\/div>\n<\/div>\n<div id=\"div_block-116-391\" class=\"ct-div-block\">\n<div id=\"slider-117-391\" class=\"ct-slider slider-product ct_unique_slider_5883\">\n<div class=\"unslider\">\n<div class=\"oxygen-unslider-container unslider-horizontal\">\n<div id=\"slide-132-756\" class=\"ct-slide\"><img loading=\"lazy\" decoding=\"async\" class=\"alignnone size-medium wp-image-468\" src=\"https:\/\/order.grabo.com\/wp-content\/uploads\/2020\/12\/Z8A5930-1-scaled-1-300x200.jpg\" alt=\"GRABO replacement seal\" width=\"300\" height=\"200\" srcset=\"https:\/\/order.grabo.com\/wp-content\/uploads\/2020\/12\/Z8A5930-1-scaled-1-300x200.jpg 300w, https:\/\/order.grabo.com\/wp-content\/uploads\/2020\/12\/Z8A5930-1-scaled-1-1024x683.jpg 1024w, https:\/\/order.grabo.com\/wp-content\/uploads\/2020\/12\/Z8A5930-1-scaled-1-768x512.jpg 768w, https:\/\/order.grabo.com\/wp-content\/uploads\/2020\/12\/Z8A5930-1-scaled-1-1536x1024.jpg 1536w, https:\/\/order.grabo.com\/wp-content\/uploads\/2020\/12\/Z8A5930-1-scaled-1-2048x1366.jpg 2048w, https:\/\/order.grabo.com\/wp-content\/uploads\/2020\/12\/Z8A5930-1-scaled-1-600x400.jpg 600w, https:\/\/order.grabo.com\/wp-content\/uploads\/2020\/12\/Z8A5930-1-scaled-1.jpg 2560w\" sizes=\"auto, (max-width: 300px) 100vw, 300px\" \/><\/div>\n<\/div>\n<\/div>\n<\/div>\n<\/div>\n<\/div>\n<div id=\"div_block-134-756\" class=\"ct-div-block\" style=\"text-align: left;\">\n<h3 id=\"headline-135-756\" class=\"ct-headline\">Specifica\u021bii:<\/h3>\n<div id=\"_rich_text-136-756\" class=\"oxy-rich-text table-spec\">\n<table class=\"table-spec\">\n<tbody>\n<tr>\n<th colspan=\"2\">Garnitura de etan\u0219are neagr\u0103<\/th>\n<\/tr>\n<tr>\n<th>Material<\/th>\n<td>Spum\u0103 de cauciuc SBR<\/td>\n<\/tr>\n<tr>\n<th>Culoare<\/th>\n<td>Negru<\/td>\n<\/tr>\n<tr>\n<th>L x W x H<\/th>\n<td>11.5 x 6.9 x 0.7\u201d (293 x 175 x 19 mm)<\/td>\n<\/tr>\n<tr>\n<th>Densitate<\/th>\n<td>10.6 Lb\/cft (170 kg\/m^3)<\/td>\n<\/tr>\n<tr>\n<th>Duritate, Shore C<\/th>\n<td>~10 +\/-2<\/td>\n<\/tr>\n<tr>\n<th>Presiune de rupere<\/th>\n<td>1800 Psi (126 kg\/cm^2)<\/td>\n<\/tr>\n<tr>\n<th>Compresie la 25% dimensiune la<\/th>\n<td>8.5 Psi (6000 kg\/m^2)<\/td>\n<\/tr>\n<tr>\n<th>Absorb\u021bie de ap\u0103, %<\/th>\n<td>&lt;=5<\/td>\n<\/tr>\n<tr>\n<th>Sc\u0103dere la 160F (70C) timp de 24 de ore, %<\/th>\n<td>&lt;=20<\/td>\n<\/tr>\n<tr>\n<th>Temperatura recomandat\u0103 de depozitare<\/th>\n<td>Temperatura camerei<\/td>\n<\/tr>\n<tr>\n<th colspan=\"2\">Garnitura de etan\u0219are ro\u0219ie<\/th>\n<\/tr>\n<tr>\n<th>Material<\/th>\n<td>Spum\u0103 de silicon<\/td>\n<\/tr>\n<tr>\n<th>Culoare<\/th>\n<td>Ro\u0219u<\/td>\n<\/tr>\n<tr>\n<th>Densitate<\/th>\n<td>40.5 Lb\/cft (650 kg\/m^3)<\/td>\n<\/tr>\n<tr>\n<th>Duritate, Shore C<\/th>\n<td>55 +\/-5<\/td>\n<\/tr>\n<tr>\n<th>Absorb\u021bie de ap\u0103, %<\/th>\n<td>&lt;=4<\/td>\n<\/tr>\n<tr>\n<th>Temperatura recomandat\u0103 de depozitare<\/th>\n<td>Temperatura camerei<\/td>\n<\/tr>\n<\/tbody>\n<\/table>\n<\/div>\n<\/div>\n<p style=\"text-align: left;\">SKU: RK13001<\/p>\n","protected":false},"excerpt":{"rendered":"<p>Garnitura de cauciuc spumos tip A1 este o garnitur\u0103 patentat\u0103 cu celule \u00eenchise \u0219i cu frecare ridicat\u0103, special conceput\u0103 pentru a se potrivi cu toate modelele GRABO. Garnitura este fabricat\u0103 din materiale durabile care ofer\u0103 o potrivire sigur\u0103 \u0219i str\u00e2ns\u0103, men\u021bin\u00e2nd praful \u0219i debrisul departe de scula ta GRABO. Acest produs este ambalat \u00eentr-o cutie colorat\u0103 complet, facilit\u00e2nd identificarea \u0219i depozitarea. \u00cembun\u0103t\u0103\u021be\u0219te performan\u021bele eficiente \u0219i fiabile ale sculei tale GRABO cu Garnitura de cauciuc spumos Tip A1.<\/p>\n[embed]https:\/\/youtu.be\/ivReLlTKpGs[\/embed]\n","protected":false},"featured_media":20652,"comment_status":"open","ping_status":"closed","template":"","meta":{"_acf_changed":false},"product_brand":[],"product_cat":[247],"product_tag":[],"class_list":{"0":"post-8197","1":"product","2":"type-product","3":"status-publish","4":"has-post-thumbnail","6":"product_cat-accessories-ro","8":"first","9":"instock","10":"taxable","11":"shipping-taxable","12":"purchasable","13":"product-type-simple"},"acf":[],"yoast_head":"<!-- This site is optimized with the Yoast SEO plugin v27.2 - https:\/\/yoast.com\/product\/yoast-seo-wordpress\/ -->\n<title>GRABO Standard Foam Seal - GRABO Factory Shop<\/title>\n<meta name=\"robots\" content=\"index, follow, max-snippet:-1, max-image-preview:large, max-video-preview:-1\" \/>\n<link rel=\"canonical\" href=\"https:\/\/order.grabo.com\/ro\/product\/foam-rubber-seal\/\" \/>\n<meta property=\"og:locale\" content=\"ro_RO\" \/>\n<meta property=\"og:type\" content=\"article\" \/>\n<meta property=\"og:title\" content=\"GRABO Standard Foam Seal - GRABO Factory Shop\" \/>\n<meta property=\"og:description\" content=\"Garnitura de cauciuc spumos tip A1 este o garnitur\u0103 patentat\u0103 cu celule \u00eenchise \u0219i cu frecare ridicat\u0103, special conceput\u0103 pentru a se potrivi cu toate modelele GRABO. Garnitura este fabricat\u0103 din materiale durabile care ofer\u0103 o potrivire sigur\u0103 \u0219i str\u00e2ns\u0103, men\u021bin\u00e2nd praful \u0219i debrisul departe de scula ta GRABO. Acest produs este ambalat \u00eentr-o cutie colorat\u0103 complet, facilit\u00e2nd identificarea \u0219i depozitarea. \u00cembun\u0103t\u0103\u021be\u0219te performan\u021bele eficiente \u0219i fiabile ale sculei tale GRABO cu Garnitura de cauciuc spumos Tip A1.\" \/>\n<meta property=\"og:url\" content=\"https:\/\/order.grabo.com\/ro\/product\/foam-rubber-seal\/\" \/>\n<meta property=\"og:site_name\" content=\"GRABO Factory Shop\" \/>\n<meta property=\"article:publisher\" content=\"https:\/\/www.facebook.com\/GRABO.tools\" \/>\n<meta property=\"article:modified_time\" content=\"2024-07-26T04:11:52+00:00\" \/>\n<meta property=\"og:image\" content=\"https:\/\/order.grabo.com\/wp-content\/uploads\/2020\/12\/Standard-Seal.jpg\" \/>\n\t<meta property=\"og:image:width\" content=\"1500\" \/>\n\t<meta property=\"og:image:height\" content=\"1500\" \/>\n\t<meta property=\"og:image:type\" content=\"image\/jpeg\" \/>\n<meta name=\"twitter:card\" content=\"summary_large_image\" \/>\n<meta name=\"twitter:site\" content=\"@grabotools\" \/>\n<meta name=\"twitter:label1\" content=\"Timp estimat pentru citire\" \/>\n\t<meta name=\"twitter:data1\" content=\"1 minut\" \/>\n<script type=\"application\/ld+json\" class=\"yoast-schema-graph\">{\"@context\":\"https:\/\/schema.org\",\"@graph\":[{\"@type\":\"WebPage\",\"@id\":\"https:\/\/order.grabo.com\/ro\/product\/foam-rubber-seal\/\",\"url\":\"https:\/\/order.grabo.com\/ro\/product\/foam-rubber-seal\/\",\"name\":\"GRABO Standard Foam Seal - GRABO Factory Shop\",\"isPartOf\":{\"@id\":\"https:\/\/order.grabo.com\/ro\/#website\"},\"primaryImageOfPage\":{\"@id\":\"https:\/\/order.grabo.com\/ro\/product\/foam-rubber-seal\/#primaryimage\"},\"image\":{\"@id\":\"https:\/\/order.grabo.com\/ro\/product\/foam-rubber-seal\/#primaryimage\"},\"thumbnailUrl\":\"https:\/\/order.grabo.com\/wp-content\/uploads\/2020\/12\/thumbnail-2.png\",\"datePublished\":\"2020-12-16T05:42:44+00:00\",\"dateModified\":\"2024-07-26T04:11:52+00:00\",\"breadcrumb\":{\"@id\":\"https:\/\/order.grabo.com\/ro\/product\/foam-rubber-seal\/#breadcrumb\"},\"inLanguage\":\"ro-RO\",\"potentialAction\":[{\"@type\":\"ReadAction\",\"target\":[\"https:\/\/order.grabo.com\/ro\/product\/foam-rubber-seal\/\"]}]},{\"@type\":\"ImageObject\",\"inLanguage\":\"ro-RO\",\"@id\":\"https:\/\/order.grabo.com\/ro\/product\/foam-rubber-seal\/#primaryimage\",\"url\":\"https:\/\/order.grabo.com\/wp-content\/uploads\/2020\/12\/thumbnail-2.png\",\"contentUrl\":\"https:\/\/order.grabo.com\/wp-content\/uploads\/2020\/12\/thumbnail-2.png\",\"width\":1500,\"height\":1500},{\"@type\":\"BreadcrumbList\",\"@id\":\"https:\/\/order.grabo.com\/ro\/product\/foam-rubber-seal\/#breadcrumb\",\"itemListElement\":[{\"@type\":\"ListItem\",\"position\":1,\"name\":\"Home\",\"item\":\"https:\/\/order.grabo.com\/ro\/\"},{\"@type\":\"ListItem\",\"position\":2,\"name\":\"GRABO Factory Shop\",\"item\":\"https:\/\/order.grabo.com\/\"},{\"@type\":\"ListItem\",\"position\":3,\"name\":\"GRABO Standard Foam Seal\"}]},{\"@type\":\"WebSite\",\"@id\":\"https:\/\/order.grabo.com\/ro\/#website\",\"url\":\"https:\/\/order.grabo.com\/ro\/\",\"name\":\"GRABO Factory Shop\",\"description\":\"GRABO Factory Shop\",\"publisher\":{\"@id\":\"https:\/\/order.grabo.com\/ro\/#organization\"},\"potentialAction\":[{\"@type\":\"SearchAction\",\"target\":{\"@type\":\"EntryPoint\",\"urlTemplate\":\"https:\/\/order.grabo.com\/ro\/?s={search_term_string}\"},\"query-input\":{\"@type\":\"PropertyValueSpecification\",\"valueRequired\":true,\"valueName\":\"search_term_string\"}}],\"inLanguage\":\"ro-RO\"},{\"@type\":\"Organization\",\"@id\":\"https:\/\/order.grabo.com\/ro\/#organization\",\"name\":\"GRABO\",\"url\":\"https:\/\/order.grabo.com\/ro\/\",\"logo\":{\"@type\":\"ImageObject\",\"inLanguage\":\"ro-RO\",\"@id\":\"https:\/\/order.grabo.com\/ro\/#\/schema\/logo\/image\/\",\"url\":\"https:\/\/order.grabo.com\/wp-content\/uploads\/2020\/12\/GRABO-Pro-1.jpeg\",\"contentUrl\":\"https:\/\/order.grabo.com\/wp-content\/uploads\/2020\/12\/GRABO-Pro-1.jpeg\",\"width\":1712,\"height\":1712,\"caption\":\"GRABO\"},\"image\":{\"@id\":\"https:\/\/order.grabo.com\/ro\/#\/schema\/logo\/image\/\"},\"sameAs\":[\"https:\/\/www.facebook.com\/GRABO.tools\",\"https:\/\/x.com\/grabotools\",\"https:\/\/www.instagram.com\/grabo.tools\/?hl=en\"]}]}<\/script>\n<!-- \/ Yoast SEO plugin. -->","yoast_head_json":{"title":"GRABO Standard Foam Seal - GRABO Factory Shop","robots":{"index":"index","follow":"follow","max-snippet":"max-snippet:-1","max-image-preview":"max-image-preview:large","max-video-preview":"max-video-preview:-1"},"canonical":"https:\/\/order.grabo.com\/ro\/product\/foam-rubber-seal\/","og_locale":"ro_RO","og_type":"article","og_title":"GRABO Standard Foam Seal - GRABO Factory Shop","og_description":"Garnitura de cauciuc spumos tip A1 este o garnitur\u0103 patentat\u0103 cu celule \u00eenchise \u0219i cu frecare ridicat\u0103, special conceput\u0103 pentru a se potrivi cu toate modelele GRABO. Garnitura este fabricat\u0103 din materiale durabile care ofer\u0103 o potrivire sigur\u0103 \u0219i str\u00e2ns\u0103, men\u021bin\u00e2nd praful \u0219i debrisul departe de scula ta GRABO. Acest produs este ambalat \u00eentr-o cutie colorat\u0103 complet, facilit\u00e2nd identificarea \u0219i depozitarea. \u00cembun\u0103t\u0103\u021be\u0219te performan\u021bele eficiente \u0219i fiabile ale sculei tale GRABO cu Garnitura de cauciuc spumos Tip A1.","og_url":"https:\/\/order.grabo.com\/ro\/product\/foam-rubber-seal\/","og_site_name":"GRABO Factory Shop","article_publisher":"https:\/\/www.facebook.com\/GRABO.tools","article_modified_time":"2024-07-26T04:11:52+00:00","og_image":[{"width":1500,"height":1500,"url":"https:\/\/order.grabo.com\/wp-content\/uploads\/2020\/12\/Standard-Seal.jpg","type":"image\/jpeg"}],"twitter_card":"summary_large_image","twitter_site":"@grabotools","twitter_misc":{"Timp estimat pentru citire":"1 minut"},"schema":{"@context":"https:\/\/schema.org","@graph":[{"@type":"WebPage","@id":"https:\/\/order.grabo.com\/ro\/product\/foam-rubber-seal\/","url":"https:\/\/order.grabo.com\/ro\/product\/foam-rubber-seal\/","name":"GRABO Standard Foam Seal - GRABO Factory Shop","isPartOf":{"@id":"https:\/\/order.grabo.com\/ro\/#website"},"primaryImageOfPage":{"@id":"https:\/\/order.grabo.com\/ro\/product\/foam-rubber-seal\/#primaryimage"},"image":{"@id":"https:\/\/order.grabo.com\/ro\/product\/foam-rubber-seal\/#primaryimage"},"thumbnailUrl":"https:\/\/order.grabo.com\/wp-content\/uploads\/2020\/12\/thumbnail-2.png","datePublished":"2020-12-16T05:42:44+00:00","dateModified":"2024-07-26T04:11:52+00:00","breadcrumb":{"@id":"https:\/\/order.grabo.com\/ro\/product\/foam-rubber-seal\/#breadcrumb"},"inLanguage":"ro-RO","potentialAction":[{"@type":"ReadAction","target":["https:\/\/order.grabo.com\/ro\/product\/foam-rubber-seal\/"]}]},{"@type":"ImageObject","inLanguage":"ro-RO","@id":"https:\/\/order.grabo.com\/ro\/product\/foam-rubber-seal\/#primaryimage","url":"https:\/\/order.grabo.com\/wp-content\/uploads\/2020\/12\/thumbnail-2.png","contentUrl":"https:\/\/order.grabo.com\/wp-content\/uploads\/2020\/12\/thumbnail-2.png","width":1500,"height":1500},{"@type":"BreadcrumbList","@id":"https:\/\/order.grabo.com\/ro\/product\/foam-rubber-seal\/#breadcrumb","itemListElement":[{"@type":"ListItem","position":1,"name":"Home","item":"https:\/\/order.grabo.com\/ro\/"},{"@type":"ListItem","position":2,"name":"GRABO Factory Shop","item":"https:\/\/order.grabo.com\/"},{"@type":"ListItem","position":3,"name":"GRABO Standard Foam Seal"}]},{"@type":"WebSite","@id":"https:\/\/order.grabo.com\/ro\/#website","url":"https:\/\/order.grabo.com\/ro\/","name":"GRABO Factory Shop","description":"GRABO Factory Shop","publisher":{"@id":"https:\/\/order.grabo.com\/ro\/#organization"},"potentialAction":[{"@type":"SearchAction","target":{"@type":"EntryPoint","urlTemplate":"https:\/\/order.grabo.com\/ro\/?s={search_term_string}"},"query-input":{"@type":"PropertyValueSpecification","valueRequired":true,"valueName":"search_term_string"}}],"inLanguage":"ro-RO"},{"@type":"Organization","@id":"https:\/\/order.grabo.com\/ro\/#organization","name":"GRABO","url":"https:\/\/order.grabo.com\/ro\/","logo":{"@type":"ImageObject","inLanguage":"ro-RO","@id":"https:\/\/order.grabo.com\/ro\/#\/schema\/logo\/image\/","url":"https:\/\/order.grabo.com\/wp-content\/uploads\/2020\/12\/GRABO-Pro-1.jpeg","contentUrl":"https:\/\/order.grabo.com\/wp-content\/uploads\/2020\/12\/GRABO-Pro-1.jpeg","width":1712,"height":1712,"caption":"GRABO"},"image":{"@id":"https:\/\/order.grabo.com\/ro\/#\/schema\/logo\/image\/"},"sameAs":["https:\/\/www.facebook.com\/GRABO.tools","https:\/\/x.com\/grabotools","https:\/\/www.instagram.com\/grabo.tools\/?hl=en"]}]}},"_links":{"self":[{"href":"https:\/\/order.grabo.com\/ro\/wp-json\/wp\/v2\/product\/8197","targetHints":{"allow":["GET"]}}],"collection":[{"href":"https:\/\/order.grabo.com\/ro\/wp-json\/wp\/v2\/product"}],"about":[{"href":"https:\/\/order.grabo.com\/ro\/wp-json\/wp\/v2\/types\/product"}],"replies":[{"embeddable":true,"href":"https:\/\/order.grabo.com\/ro\/wp-json\/wp\/v2\/comments?post=8197"}],"wp:featuredmedia":[{"embeddable":true,"href":"https:\/\/order.grabo.com\/ro\/wp-json\/wp\/v2\/media\/20652"}],"wp:attachment":[{"href":"https:\/\/order.grabo.com\/ro\/wp-json\/wp\/v2\/media?parent=8197"}],"wp:term":[{"taxonomy":"product_brand","embeddable":true,"href":"https:\/\/order.grabo.com\/ro\/wp-json\/wp\/v2\/product_brand?post=8197"},{"taxonomy":"product_cat","embeddable":true,"href":"https:\/\/order.grabo.com\/ro\/wp-json\/wp\/v2\/product_cat?post=8197"},{"taxonomy":"product_tag","embeddable":true,"href":"https:\/\/order.grabo.com\/ro\/wp-json\/wp\/v2\/product_tag?post=8197"}],"curies":[{"name":"wp","href":"https:\/\/api.w.org\/{rel}","templated":true}]}}