{"id":8196,"date":"2020-12-16T06:16:51","date_gmt":"2020-12-16T06:16:51","guid":{"rendered":"https:\/\/factory.grabo.com\/product\/grabo-canvas-bag\/"},"modified":"2023-04-17T16:22:40","modified_gmt":"2023-04-17T16:22:40","slug":"grabo-canvas-bag","status":"publish","type":"product","link":"https:\/\/order.grabo.com\/ro\/product\/grabo-canvas-bag\/","title":{"rendered":"GRABO Canvas Bag"},"content":{"rendered":"<p>Geanta GRABO Canvas este o op\u021biune durabil\u0103 \u0219i versatil\u0103 de depozitare pentru instrumentele GRABO. Realizat\u0103 dintr-un material textil de p\u00e2nz\u0103 rezistent, aceast\u0103 geant\u0103 este construit\u0103 pentru a rezista uzurii \u0219i deterior\u0103rii \u00een timpul utiliz\u0103rii regulate. \u00cenchiderile cu fermoar dublu permit accesul u\u0219or la instrumente, \u00een timp ce le p\u0103streaz\u0103 \u00een siguran\u021b\u0103 \u0219i protejate. Geanta este conceput\u0103 cu mai multe compartimente \u0219i buzunare pentru a v\u0103 ajuta s\u0103 v\u0103 organiza\u021bi instrumentele \u0219i s\u0103 le p\u0103stra\u021bi la locul potrivit.<\/p>\n<p>Aceast\u0103 geant\u0103 este perfect\u0103 pentru profesioni\u0219ti din industria construc\u021biilor, precum \u0219i pentru pasiona\u021bii \u0219i amatorii de bricolaj. Este excelent\u0103 pentru locurile de munc\u0103 \u00een mi\u0219care, deoarece pute\u021bi lua u\u0219or instrumentele cu dvs oriunde merge\u021bi. M\u00e2nerul robust al geant\u0103 \u0219i curea de um\u0103r ajustabil\u0103 o fac confortabil\u0103 de transportat, chiar \u0219i atunci c\u00e2nd este complet \u00eenc\u0103rcat\u0103. Dimensiunea compact\u0103 a geantei o face u\u0219or de depozitat \u00een camionul dvs., furgoneta sau atelierul dvs.<\/p>\n<p>Geanta GRABO Canvas nu este doar durabil\u0103, ci \u0219i stilat\u0103, cu designul s\u0103u modern \u0219i elegant. Culoarea \u0219i logo-ul geantei \u00eei confer\u0103 un aspect profesional care sigur \u00eei va impresiona pe colegii \u0219i clien\u021bii dvs. Indiferent dac\u0103 lucra\u021bi la un proiect de construc\u021bie mare sau o mic\u0103 renovare a casei, geanta GRABO Canvas este solu\u021bia ideal\u0103 de depozitare \u0219i transport pentru instrumentele dvs. Este o investi\u021bie excelent\u0103 pentru oricine apreciaz\u0103 organizarea, protec\u021bia \u0219i confortul pentru instrumentele lor.<\/p>\n<p><img loading=\"lazy\" decoding=\"async\" class=\"alignnone size-medium wp-image-433\" src=\"https:\/\/order.grabo.com\/wp-content\/uploads\/2020\/12\/GRABO-in-BAG-288x300.jpg\" alt=\"\" width=\"288\" height=\"300\" srcset=\"https:\/\/order.grabo.com\/wp-content\/uploads\/2020\/12\/GRABO-in-BAG-288x300.jpg 288w, https:\/\/order.grabo.com\/wp-content\/uploads\/2020\/12\/GRABO-in-BAG-984x1024.jpg 984w, https:\/\/order.grabo.com\/wp-content\/uploads\/2020\/12\/GRABO-in-BAG-768x799.jpg 768w, https:\/\/order.grabo.com\/wp-content\/uploads\/2020\/12\/GRABO-in-BAG-600x624.jpg 600w, https:\/\/order.grabo.com\/wp-content\/uploads\/2020\/12\/GRABO-in-BAG.jpg 1442w\" sizes=\"auto, (max-width: 288px) 100vw, 288px\" \/><\/p>\n<p>SKU: SN23017<\/p>\n","protected":false},"excerpt":{"rendered":"<p>Prezent\u0103m GRABO Canvas Bag, solu\u021bia perfect\u0103 pentru depozitarea \u0219i transportul sculelor GRABO. Confec\u021bionat\u0103 din material de p\u00e2nz\u0103 durabil, aceast\u0103 geant\u0103 are dou\u0103 fermoare pentru a men\u021bine sculele \u00een siguran\u021b\u0103 \u0219i u\u0219or accesibile. Materialul de p\u00e2nz\u0103 rezistent este construit pentru a rezista la utilizare intens\u0103, iar designul cu dublu fermoar asigur\u0103 c\u0103 sculele dvs. sunt protejate \u0219i organizate. Indiferent dac\u0103 sunte\u021bi un antreprenor profesionist sau un entuziast DIY, GRABO Canvas Bag este o investi\u021bie esen\u021bial\u0103 pentru orice colec\u021bie de scule.<\/p>\n","protected":false},"featured_media":18795,"comment_status":"open","ping_status":"closed","template":"","meta":{"_acf_changed":false},"product_brand":[],"product_cat":[247],"product_tag":[],"class_list":{"0":"post-8196","1":"product","2":"type-product","3":"status-publish","4":"has-post-thumbnail","6":"product_cat-accessories-ro","8":"first","9":"instock","10":"taxable","11":"shipping-taxable","12":"purchasable","13":"product-type-simple"},"acf":[],"yoast_head":"<!-- This site is optimized with the Yoast SEO plugin v27.2 - https:\/\/yoast.com\/product\/yoast-seo-wordpress\/ -->\n<title>GRABO Canvas Bag - GRABO Factory Shop<\/title>\n<meta name=\"robots\" content=\"index, follow, max-snippet:-1, max-image-preview:large, max-video-preview:-1\" \/>\n<link rel=\"canonical\" href=\"https:\/\/order.grabo.com\/ro\/product\/grabo-canvas-bag\/\" \/>\n<meta property=\"og:locale\" content=\"ro_RO\" \/>\n<meta property=\"og:type\" content=\"article\" \/>\n<meta property=\"og:title\" content=\"GRABO Canvas Bag - GRABO Factory Shop\" \/>\n<meta property=\"og:description\" content=\"Prezent\u0103m GRABO Canvas Bag, solu\u021bia perfect\u0103 pentru depozitarea \u0219i transportul sculelor GRABO. Confec\u021bionat\u0103 din material de p\u00e2nz\u0103 durabil, aceast\u0103 geant\u0103 are dou\u0103 fermoare pentru a men\u021bine sculele \u00een siguran\u021b\u0103 \u0219i u\u0219or accesibile. Materialul de p\u00e2nz\u0103 rezistent este construit pentru a rezista la utilizare intens\u0103, iar designul cu dublu fermoar asigur\u0103 c\u0103 sculele dvs. sunt protejate \u0219i organizate. Indiferent dac\u0103 sunte\u021bi un antreprenor profesionist sau un entuziast DIY, GRABO Canvas Bag este o investi\u021bie esen\u021bial\u0103 pentru orice colec\u021bie de scule.\" \/>\n<meta property=\"og:url\" content=\"https:\/\/order.grabo.com\/ro\/product\/grabo-canvas-bag\/\" \/>\n<meta property=\"og:site_name\" content=\"GRABO Factory Shop\" \/>\n<meta property=\"article:publisher\" content=\"https:\/\/www.facebook.com\/GRABO.tools\" \/>\n<meta property=\"article:modified_time\" content=\"2023-04-17T16:22:40+00:00\" \/>\n<meta property=\"og:image\" content=\"https:\/\/order.grabo.com\/wp-content\/uploads\/2020\/12\/Z8A3664-1024x1022.png\" \/>\n\t<meta property=\"og:image:width\" content=\"1024\" \/>\n\t<meta property=\"og:image:height\" content=\"1022\" \/>\n\t<meta property=\"og:image:type\" content=\"image\/png\" \/>\n<meta name=\"twitter:card\" content=\"summary_large_image\" \/>\n<meta name=\"twitter:site\" content=\"@grabotools\" \/>\n<meta name=\"twitter:label1\" content=\"Timp estimat pentru citire\" \/>\n\t<meta name=\"twitter:data1\" content=\"2 minute\" \/>\n<script type=\"application\/ld+json\" class=\"yoast-schema-graph\">{\"@context\":\"https:\/\/schema.org\",\"@graph\":[{\"@type\":\"WebPage\",\"@id\":\"https:\/\/order.grabo.com\/ro\/product\/grabo-canvas-bag\/\",\"url\":\"https:\/\/order.grabo.com\/ro\/product\/grabo-canvas-bag\/\",\"name\":\"GRABO Canvas Bag - GRABO Factory Shop\",\"isPartOf\":{\"@id\":\"https:\/\/order.grabo.com\/ro\/#website\"},\"primaryImageOfPage\":{\"@id\":\"https:\/\/order.grabo.com\/ro\/product\/grabo-canvas-bag\/#primaryimage\"},\"image\":{\"@id\":\"https:\/\/order.grabo.com\/ro\/product\/grabo-canvas-bag\/#primaryimage\"},\"thumbnailUrl\":\"https:\/\/order.grabo.com\/wp-content\/uploads\/2020\/12\/thumbnail.png\",\"datePublished\":\"2020-12-16T06:16:51+00:00\",\"dateModified\":\"2023-04-17T16:22:40+00:00\",\"breadcrumb\":{\"@id\":\"https:\/\/order.grabo.com\/ro\/product\/grabo-canvas-bag\/#breadcrumb\"},\"inLanguage\":\"ro-RO\",\"potentialAction\":[{\"@type\":\"ReadAction\",\"target\":[\"https:\/\/order.grabo.com\/ro\/product\/grabo-canvas-bag\/\"]}]},{\"@type\":\"ImageObject\",\"inLanguage\":\"ro-RO\",\"@id\":\"https:\/\/order.grabo.com\/ro\/product\/grabo-canvas-bag\/#primaryimage\",\"url\":\"https:\/\/order.grabo.com\/wp-content\/uploads\/2020\/12\/thumbnail.png\",\"contentUrl\":\"https:\/\/order.grabo.com\/wp-content\/uploads\/2020\/12\/thumbnail.png\",\"width\":3000,\"height\":3000},{\"@type\":\"BreadcrumbList\",\"@id\":\"https:\/\/order.grabo.com\/ro\/product\/grabo-canvas-bag\/#breadcrumb\",\"itemListElement\":[{\"@type\":\"ListItem\",\"position\":1,\"name\":\"Home\",\"item\":\"https:\/\/order.grabo.com\/ro\/\"},{\"@type\":\"ListItem\",\"position\":2,\"name\":\"GRABO Factory Shop\",\"item\":\"https:\/\/order.grabo.com\/\"},{\"@type\":\"ListItem\",\"position\":3,\"name\":\"GRABO Canvas Bag\"}]},{\"@type\":\"WebSite\",\"@id\":\"https:\/\/order.grabo.com\/ro\/#website\",\"url\":\"https:\/\/order.grabo.com\/ro\/\",\"name\":\"GRABO Factory Shop\",\"description\":\"GRABO Factory Shop\",\"publisher\":{\"@id\":\"https:\/\/order.grabo.com\/ro\/#organization\"},\"potentialAction\":[{\"@type\":\"SearchAction\",\"target\":{\"@type\":\"EntryPoint\",\"urlTemplate\":\"https:\/\/order.grabo.com\/ro\/?s={search_term_string}\"},\"query-input\":{\"@type\":\"PropertyValueSpecification\",\"valueRequired\":true,\"valueName\":\"search_term_string\"}}],\"inLanguage\":\"ro-RO\"},{\"@type\":\"Organization\",\"@id\":\"https:\/\/order.grabo.com\/ro\/#organization\",\"name\":\"GRABO\",\"url\":\"https:\/\/order.grabo.com\/ro\/\",\"logo\":{\"@type\":\"ImageObject\",\"inLanguage\":\"ro-RO\",\"@id\":\"https:\/\/order.grabo.com\/ro\/#\/schema\/logo\/image\/\",\"url\":\"https:\/\/order.grabo.com\/wp-content\/uploads\/2020\/12\/GRABO-Pro-1.jpeg\",\"contentUrl\":\"https:\/\/order.grabo.com\/wp-content\/uploads\/2020\/12\/GRABO-Pro-1.jpeg\",\"width\":1712,\"height\":1712,\"caption\":\"GRABO\"},\"image\":{\"@id\":\"https:\/\/order.grabo.com\/ro\/#\/schema\/logo\/image\/\"},\"sameAs\":[\"https:\/\/www.facebook.com\/GRABO.tools\",\"https:\/\/x.com\/grabotools\",\"https:\/\/www.instagram.com\/grabo.tools\/?hl=en\"]}]}<\/script>\n<!-- \/ Yoast SEO plugin. -->","yoast_head_json":{"title":"GRABO Canvas Bag - GRABO Factory Shop","robots":{"index":"index","follow":"follow","max-snippet":"max-snippet:-1","max-image-preview":"max-image-preview:large","max-video-preview":"max-video-preview:-1"},"canonical":"https:\/\/order.grabo.com\/ro\/product\/grabo-canvas-bag\/","og_locale":"ro_RO","og_type":"article","og_title":"GRABO Canvas Bag - GRABO Factory Shop","og_description":"Prezent\u0103m GRABO Canvas Bag, solu\u021bia perfect\u0103 pentru depozitarea \u0219i transportul sculelor GRABO. Confec\u021bionat\u0103 din material de p\u00e2nz\u0103 durabil, aceast\u0103 geant\u0103 are dou\u0103 fermoare pentru a men\u021bine sculele \u00een siguran\u021b\u0103 \u0219i u\u0219or accesibile. Materialul de p\u00e2nz\u0103 rezistent este construit pentru a rezista la utilizare intens\u0103, iar designul cu dublu fermoar asigur\u0103 c\u0103 sculele dvs. sunt protejate \u0219i organizate. Indiferent dac\u0103 sunte\u021bi un antreprenor profesionist sau un entuziast DIY, GRABO Canvas Bag este o investi\u021bie esen\u021bial\u0103 pentru orice colec\u021bie de scule.","og_url":"https:\/\/order.grabo.com\/ro\/product\/grabo-canvas-bag\/","og_site_name":"GRABO Factory Shop","article_publisher":"https:\/\/www.facebook.com\/GRABO.tools","article_modified_time":"2023-04-17T16:22:40+00:00","og_image":[{"width":1024,"height":1022,"url":"https:\/\/order.grabo.com\/wp-content\/uploads\/2020\/12\/Z8A3664-1024x1022.png","type":"image\/png"}],"twitter_card":"summary_large_image","twitter_site":"@grabotools","twitter_misc":{"Timp estimat pentru citire":"2 minute"},"schema":{"@context":"https:\/\/schema.org","@graph":[{"@type":"WebPage","@id":"https:\/\/order.grabo.com\/ro\/product\/grabo-canvas-bag\/","url":"https:\/\/order.grabo.com\/ro\/product\/grabo-canvas-bag\/","name":"GRABO Canvas Bag - GRABO Factory Shop","isPartOf":{"@id":"https:\/\/order.grabo.com\/ro\/#website"},"primaryImageOfPage":{"@id":"https:\/\/order.grabo.com\/ro\/product\/grabo-canvas-bag\/#primaryimage"},"image":{"@id":"https:\/\/order.grabo.com\/ro\/product\/grabo-canvas-bag\/#primaryimage"},"thumbnailUrl":"https:\/\/order.grabo.com\/wp-content\/uploads\/2020\/12\/thumbnail.png","datePublished":"2020-12-16T06:16:51+00:00","dateModified":"2023-04-17T16:22:40+00:00","breadcrumb":{"@id":"https:\/\/order.grabo.com\/ro\/product\/grabo-canvas-bag\/#breadcrumb"},"inLanguage":"ro-RO","potentialAction":[{"@type":"ReadAction","target":["https:\/\/order.grabo.com\/ro\/product\/grabo-canvas-bag\/"]}]},{"@type":"ImageObject","inLanguage":"ro-RO","@id":"https:\/\/order.grabo.com\/ro\/product\/grabo-canvas-bag\/#primaryimage","url":"https:\/\/order.grabo.com\/wp-content\/uploads\/2020\/12\/thumbnail.png","contentUrl":"https:\/\/order.grabo.com\/wp-content\/uploads\/2020\/12\/thumbnail.png","width":3000,"height":3000},{"@type":"BreadcrumbList","@id":"https:\/\/order.grabo.com\/ro\/product\/grabo-canvas-bag\/#breadcrumb","itemListElement":[{"@type":"ListItem","position":1,"name":"Home","item":"https:\/\/order.grabo.com\/ro\/"},{"@type":"ListItem","position":2,"name":"GRABO Factory Shop","item":"https:\/\/order.grabo.com\/"},{"@type":"ListItem","position":3,"name":"GRABO Canvas Bag"}]},{"@type":"WebSite","@id":"https:\/\/order.grabo.com\/ro\/#website","url":"https:\/\/order.grabo.com\/ro\/","name":"GRABO Factory Shop","description":"GRABO Factory Shop","publisher":{"@id":"https:\/\/order.grabo.com\/ro\/#organization"},"potentialAction":[{"@type":"SearchAction","target":{"@type":"EntryPoint","urlTemplate":"https:\/\/order.grabo.com\/ro\/?s={search_term_string}"},"query-input":{"@type":"PropertyValueSpecification","valueRequired":true,"valueName":"search_term_string"}}],"inLanguage":"ro-RO"},{"@type":"Organization","@id":"https:\/\/order.grabo.com\/ro\/#organization","name":"GRABO","url":"https:\/\/order.grabo.com\/ro\/","logo":{"@type":"ImageObject","inLanguage":"ro-RO","@id":"https:\/\/order.grabo.com\/ro\/#\/schema\/logo\/image\/","url":"https:\/\/order.grabo.com\/wp-content\/uploads\/2020\/12\/GRABO-Pro-1.jpeg","contentUrl":"https:\/\/order.grabo.com\/wp-content\/uploads\/2020\/12\/GRABO-Pro-1.jpeg","width":1712,"height":1712,"caption":"GRABO"},"image":{"@id":"https:\/\/order.grabo.com\/ro\/#\/schema\/logo\/image\/"},"sameAs":["https:\/\/www.facebook.com\/GRABO.tools","https:\/\/x.com\/grabotools","https:\/\/www.instagram.com\/grabo.tools\/?hl=en"]}]}},"_links":{"self":[{"href":"https:\/\/order.grabo.com\/ro\/wp-json\/wp\/v2\/product\/8196","targetHints":{"allow":["GET"]}}],"collection":[{"href":"https:\/\/order.grabo.com\/ro\/wp-json\/wp\/v2\/product"}],"about":[{"href":"https:\/\/order.grabo.com\/ro\/wp-json\/wp\/v2\/types\/product"}],"replies":[{"embeddable":true,"href":"https:\/\/order.grabo.com\/ro\/wp-json\/wp\/v2\/comments?post=8196"}],"wp:featuredmedia":[{"embeddable":true,"href":"https:\/\/order.grabo.com\/ro\/wp-json\/wp\/v2\/media\/18795"}],"wp:attachment":[{"href":"https:\/\/order.grabo.com\/ro\/wp-json\/wp\/v2\/media?parent=8196"}],"wp:term":[{"taxonomy":"product_brand","embeddable":true,"href":"https:\/\/order.grabo.com\/ro\/wp-json\/wp\/v2\/product_brand?post=8196"},{"taxonomy":"product_cat","embeddable":true,"href":"https:\/\/order.grabo.com\/ro\/wp-json\/wp\/v2\/product_cat?post=8196"},{"taxonomy":"product_tag","embeddable":true,"href":"https:\/\/order.grabo.com\/ro\/wp-json\/wp\/v2\/product_tag?post=8196"}],"curies":[{"name":"wp","href":"https:\/\/api.w.org\/{rel}","templated":true}]}}