{"id":8195,"date":"2020-12-16T06:21:26","date_gmt":"2020-12-16T06:21:26","guid":{"rendered":"https:\/\/factory.grabo.com\/product\/grabo-charger\/"},"modified":"2024-07-26T04:06:44","modified_gmt":"2024-07-26T04:06:44","slug":"grabo-charger","status":"publish","type":"product","link":"https:\/\/order.grabo.com\/ro\/product\/grabo-charger\/","title":{"rendered":"GRABO USA Charger"},"content":{"rendered":"<p>GRABO USA Charger este un accesoriu indispensabil pentru oricine este mereu \u00een mi\u0219care. Datorit\u0103 designului s\u0103u compact \u0219i durabil, \u00eel pute\u021bi lua cu u\u0219urin\u021b\u0103 cu voi oriunde merge\u021bi, fie c\u0103 sunte\u021bi \u00een c\u0103l\u0103torie pentru afaceri sau pl\u0103cere. \u00cenc\u0103rc\u0103torul este compatibil cu majoritatea smartphone-urilor, tabletelor \u0219i altor dispozitive cu USB, fiind o op\u021biune versatil\u0103 pentru toate nevoile de \u00eenc\u0103rcare. Designul s\u0103u elegant \u0219i stilat se potrive\u0219te cu orice dispozitiv, iar dimensiunile sale \u00eel fac u\u0219or de transportat \u00een buzunar sau \u00een geant\u0103.<\/p>\n<p>Una dintre cele mai importante caracteristici ale GRABO USA Charger este capacitatea sa rapid\u0103 \u0219i eficient\u0103 de \u00eenc\u0103rcare. Folose\u0219te tehnologie avansat\u0103 pentru a oferi o \u00eenc\u0103rcare rapid\u0103, astfel \u00eenc\u00e2t s\u0103 pute\u021bi r\u0103m\u00e2ne conectat \u0219i productiv pe tot parcursul zilei. \u00cenc\u0103rc\u0103torul are, de asemenea, un sistem de siguran\u021b\u0103 integrat care protejeaz\u0103 dispozitivul dvs. de supra\u00eenc\u0103rcare, supra\u00eenc\u0103lzire \u0219i scurtcircuit. Acest lucru asigur\u0103 c\u0103 dispozitivul dvs. r\u0103m\u00e2ne \u00een siguran\u021b\u0103 \u00een timpul \u00eenc\u0103rc\u0103rii.<\/p>\n<p>GRABO USA Charger vine, de asemenea, cu un cablu USB, astfel \u00eenc\u00e2t s\u0103 pute\u021bi conecta cu u\u0219urin\u021b\u0103 dispozitivul \u0219i s\u0103 \u00eencepe\u021bi \u00eenc\u0103rcarea. \u00cenc\u0103rc\u0103torul este u\u0219or de utilizat, pur \u0219i simplu conecta\u021bi-l la o priz\u0103 \u0219i conecta\u021bi dispozitivul. Datorit\u0103 designului s\u0103u convenabil \u0219i portabil, pute\u021bi \u00eenc\u0103rca dispozitivul oriunde v\u0103 afla\u021bi, fie c\u0103 sunte\u021bi acas\u0103, la birou sau \u00een mi\u0219care.<\/p>\n<p>\u00cen rezumat, GRABO USA Charger este un \u00eenc\u0103rc\u0103tor de dispozitive compact, durabil, eficient \u0219i sigur. \u00cenc\u0103rc\u0103torul este compatibil cu majoritatea smartphone-urilor, tabletelor \u0219i altor dispozitive cu USB, iar sistemul s\u0103u de siguran\u021b\u0103 integrat protejeaz\u0103 dispozitivul dvs. de supra\u00eenc\u0103rcare, supra\u00eenc\u0103lzire \u0219i scurtcircuit. Este perfect pentru oricine dore\u0219te s\u0103 r\u0103m\u00e2n\u0103 conectat \u0219i productiv pe tot parcursul zilei.<\/p>\n<p>SKU: RK13023<\/p>\n","protected":false},"excerpt":{"rendered":"<p>\u00cenc\u0103rc\u0103torul GRABO USA este un \u00eenc\u0103rc\u0103tor compact \u0219i durabil, perfect pentru utilizarea \u00een mi\u0219care. Cu un design elegant \u0219i stilat, este u\u0219or de luat cu tine oriunde mergi. Este compatibil cu majoritatea smartphone-urilor, tabletelor \u0219i altor dispozitive cu USB. \u00cenc\u0103rc\u0103torul este conceput pentru a oferi \u00eenc\u0103rcare rapid\u0103 \u0219i eficient\u0103, astfel \u00eenc\u00e2t s\u0103 po\u021bi r\u0103m\u00e2ne conectat \u0219i productiv toat\u0103 ziua. \u00cenc\u0103rc\u0103torul GRABO USA este un accesoriu obligatoriu pentru oricine este mereu \u00een mi\u0219care.<\/p>\n","protected":false},"featured_media":6814,"comment_status":"open","ping_status":"closed","template":"","meta":{"_acf_changed":false},"product_brand":[],"product_cat":[247],"product_tag":[],"class_list":{"0":"post-8195","1":"product","2":"type-product","3":"status-publish","4":"has-post-thumbnail","6":"product_cat-accessories-ro","8":"first","9":"instock","10":"taxable","11":"shipping-taxable","12":"purchasable","13":"product-type-simple"},"acf":[],"yoast_head":"<!-- This site is optimized with the Yoast SEO plugin v27.2 - https:\/\/yoast.com\/product\/yoast-seo-wordpress\/ -->\n<title>GRABO USA Charger - GRABO Factory Shop<\/title>\n<meta name=\"description\" content=\"Vrei s\u0103 p\u0103strezi un \u00eenc\u0103rc\u0103tor suplimentar \u00een garaj, \u00een camion sau pentru locul de munc\u0103? Aici este doar \u00eenc\u0103rc\u0103torul GRABO pentru bateria de 14,8 V.\" \/>\n<meta name=\"robots\" content=\"index, follow, max-snippet:-1, max-image-preview:large, max-video-preview:-1\" \/>\n<link rel=\"canonical\" href=\"https:\/\/order.grabo.com\/ro\/product\/grabo-charger\/\" \/>\n<meta property=\"og:locale\" content=\"ro_RO\" \/>\n<meta property=\"og:type\" content=\"article\" \/>\n<meta property=\"og:title\" content=\"GRABO USA Charger - GRABO Factory Shop\" \/>\n<meta property=\"og:description\" content=\"Vrei s\u0103 p\u0103strezi un \u00eenc\u0103rc\u0103tor suplimentar \u00een garaj, \u00een camion sau pentru locul de munc\u0103? Aici este doar \u00eenc\u0103rc\u0103torul GRABO pentru bateria de 14,8 V.\" \/>\n<meta property=\"og:url\" content=\"https:\/\/order.grabo.com\/ro\/product\/grabo-charger\/\" \/>\n<meta property=\"og:site_name\" content=\"GRABO Factory Shop\" \/>\n<meta property=\"article:publisher\" content=\"https:\/\/www.facebook.com\/GRABO.tools\" \/>\n<meta property=\"article:modified_time\" content=\"2024-07-26T04:06:44+00:00\" \/>\n<meta property=\"og:image\" content=\"https:\/\/order.grabo.com\/wp-content\/uploads\/2020\/12\/1500x1500USA-Charger.jpg\" \/>\n\t<meta property=\"og:image:width\" content=\"1500\" \/>\n\t<meta property=\"og:image:height\" content=\"1500\" \/>\n\t<meta property=\"og:image:type\" content=\"image\/jpeg\" \/>\n<meta name=\"twitter:card\" content=\"summary_large_image\" \/>\n<meta name=\"twitter:site\" content=\"@grabotools\" \/>\n<meta name=\"twitter:label1\" content=\"Timp estimat pentru citire\" \/>\n\t<meta name=\"twitter:data1\" content=\"2 minute\" \/>\n<script type=\"application\/ld+json\" class=\"yoast-schema-graph\">{\"@context\":\"https:\/\/schema.org\",\"@graph\":[{\"@type\":\"WebPage\",\"@id\":\"https:\/\/order.grabo.com\/ro\/product\/grabo-charger\/\",\"url\":\"https:\/\/order.grabo.com\/ro\/product\/grabo-charger\/\",\"name\":\"GRABO USA Charger - GRABO Factory Shop\",\"isPartOf\":{\"@id\":\"https:\/\/order.grabo.com\/ro\/#website\"},\"primaryImageOfPage\":{\"@id\":\"https:\/\/order.grabo.com\/ro\/product\/grabo-charger\/#primaryimage\"},\"image\":{\"@id\":\"https:\/\/order.grabo.com\/ro\/product\/grabo-charger\/#primaryimage\"},\"thumbnailUrl\":\"https:\/\/order.grabo.com\/wp-content\/uploads\/2020\/12\/1500x1500USA-Charger.jpg\",\"datePublished\":\"2020-12-16T06:21:26+00:00\",\"dateModified\":\"2024-07-26T04:06:44+00:00\",\"description\":\"Vrei s\u0103 p\u0103strezi un \u00eenc\u0103rc\u0103tor suplimentar \u00een garaj, \u00een camion sau pentru locul de munc\u0103? Aici este doar \u00eenc\u0103rc\u0103torul GRABO pentru bateria de 14,8 V.\",\"breadcrumb\":{\"@id\":\"https:\/\/order.grabo.com\/ro\/product\/grabo-charger\/#breadcrumb\"},\"inLanguage\":\"ro-RO\",\"potentialAction\":[{\"@type\":\"ReadAction\",\"target\":[\"https:\/\/order.grabo.com\/ro\/product\/grabo-charger\/\"]}]},{\"@type\":\"ImageObject\",\"inLanguage\":\"ro-RO\",\"@id\":\"https:\/\/order.grabo.com\/ro\/product\/grabo-charger\/#primaryimage\",\"url\":\"https:\/\/order.grabo.com\/wp-content\/uploads\/2020\/12\/1500x1500USA-Charger.jpg\",\"contentUrl\":\"https:\/\/order.grabo.com\/wp-content\/uploads\/2020\/12\/1500x1500USA-Charger.jpg\",\"width\":1500,\"height\":1500},{\"@type\":\"BreadcrumbList\",\"@id\":\"https:\/\/order.grabo.com\/ro\/product\/grabo-charger\/#breadcrumb\",\"itemListElement\":[{\"@type\":\"ListItem\",\"position\":1,\"name\":\"Home\",\"item\":\"https:\/\/order.grabo.com\/ro\/\"},{\"@type\":\"ListItem\",\"position\":2,\"name\":\"GRABO Factory Shop\",\"item\":\"https:\/\/order.grabo.com\/\"},{\"@type\":\"ListItem\",\"position\":3,\"name\":\"GRABO USA Charger\"}]},{\"@type\":\"WebSite\",\"@id\":\"https:\/\/order.grabo.com\/ro\/#website\",\"url\":\"https:\/\/order.grabo.com\/ro\/\",\"name\":\"GRABO Factory Shop\",\"description\":\"GRABO Factory Shop\",\"publisher\":{\"@id\":\"https:\/\/order.grabo.com\/ro\/#organization\"},\"potentialAction\":[{\"@type\":\"SearchAction\",\"target\":{\"@type\":\"EntryPoint\",\"urlTemplate\":\"https:\/\/order.grabo.com\/ro\/?s={search_term_string}\"},\"query-input\":{\"@type\":\"PropertyValueSpecification\",\"valueRequired\":true,\"valueName\":\"search_term_string\"}}],\"inLanguage\":\"ro-RO\"},{\"@type\":\"Organization\",\"@id\":\"https:\/\/order.grabo.com\/ro\/#organization\",\"name\":\"GRABO\",\"url\":\"https:\/\/order.grabo.com\/ro\/\",\"logo\":{\"@type\":\"ImageObject\",\"inLanguage\":\"ro-RO\",\"@id\":\"https:\/\/order.grabo.com\/ro\/#\/schema\/logo\/image\/\",\"url\":\"https:\/\/order.grabo.com\/wp-content\/uploads\/2020\/12\/GRABO-Pro-1.jpeg\",\"contentUrl\":\"https:\/\/order.grabo.com\/wp-content\/uploads\/2020\/12\/GRABO-Pro-1.jpeg\",\"width\":1712,\"height\":1712,\"caption\":\"GRABO\"},\"image\":{\"@id\":\"https:\/\/order.grabo.com\/ro\/#\/schema\/logo\/image\/\"},\"sameAs\":[\"https:\/\/www.facebook.com\/GRABO.tools\",\"https:\/\/x.com\/grabotools\",\"https:\/\/www.instagram.com\/grabo.tools\/?hl=en\"]}]}<\/script>\n<!-- \/ Yoast SEO plugin. -->","yoast_head_json":{"title":"GRABO USA Charger - GRABO Factory Shop","description":"Vrei s\u0103 p\u0103strezi un \u00eenc\u0103rc\u0103tor suplimentar \u00een garaj, \u00een camion sau pentru locul de munc\u0103? Aici este doar \u00eenc\u0103rc\u0103torul GRABO pentru bateria de 14,8 V.","robots":{"index":"index","follow":"follow","max-snippet":"max-snippet:-1","max-image-preview":"max-image-preview:large","max-video-preview":"max-video-preview:-1"},"canonical":"https:\/\/order.grabo.com\/ro\/product\/grabo-charger\/","og_locale":"ro_RO","og_type":"article","og_title":"GRABO USA Charger - GRABO Factory Shop","og_description":"Vrei s\u0103 p\u0103strezi un \u00eenc\u0103rc\u0103tor suplimentar \u00een garaj, \u00een camion sau pentru locul de munc\u0103? Aici este doar \u00eenc\u0103rc\u0103torul GRABO pentru bateria de 14,8 V.","og_url":"https:\/\/order.grabo.com\/ro\/product\/grabo-charger\/","og_site_name":"GRABO Factory Shop","article_publisher":"https:\/\/www.facebook.com\/GRABO.tools","article_modified_time":"2024-07-26T04:06:44+00:00","og_image":[{"width":1500,"height":1500,"url":"https:\/\/order.grabo.com\/wp-content\/uploads\/2020\/12\/1500x1500USA-Charger.jpg","type":"image\/jpeg"}],"twitter_card":"summary_large_image","twitter_site":"@grabotools","twitter_misc":{"Timp estimat pentru citire":"2 minute"},"schema":{"@context":"https:\/\/schema.org","@graph":[{"@type":"WebPage","@id":"https:\/\/order.grabo.com\/ro\/product\/grabo-charger\/","url":"https:\/\/order.grabo.com\/ro\/product\/grabo-charger\/","name":"GRABO USA Charger - GRABO Factory Shop","isPartOf":{"@id":"https:\/\/order.grabo.com\/ro\/#website"},"primaryImageOfPage":{"@id":"https:\/\/order.grabo.com\/ro\/product\/grabo-charger\/#primaryimage"},"image":{"@id":"https:\/\/order.grabo.com\/ro\/product\/grabo-charger\/#primaryimage"},"thumbnailUrl":"https:\/\/order.grabo.com\/wp-content\/uploads\/2020\/12\/1500x1500USA-Charger.jpg","datePublished":"2020-12-16T06:21:26+00:00","dateModified":"2024-07-26T04:06:44+00:00","description":"Vrei s\u0103 p\u0103strezi un \u00eenc\u0103rc\u0103tor suplimentar \u00een garaj, \u00een camion sau pentru locul de munc\u0103? Aici este doar \u00eenc\u0103rc\u0103torul GRABO pentru bateria de 14,8 V.","breadcrumb":{"@id":"https:\/\/order.grabo.com\/ro\/product\/grabo-charger\/#breadcrumb"},"inLanguage":"ro-RO","potentialAction":[{"@type":"ReadAction","target":["https:\/\/order.grabo.com\/ro\/product\/grabo-charger\/"]}]},{"@type":"ImageObject","inLanguage":"ro-RO","@id":"https:\/\/order.grabo.com\/ro\/product\/grabo-charger\/#primaryimage","url":"https:\/\/order.grabo.com\/wp-content\/uploads\/2020\/12\/1500x1500USA-Charger.jpg","contentUrl":"https:\/\/order.grabo.com\/wp-content\/uploads\/2020\/12\/1500x1500USA-Charger.jpg","width":1500,"height":1500},{"@type":"BreadcrumbList","@id":"https:\/\/order.grabo.com\/ro\/product\/grabo-charger\/#breadcrumb","itemListElement":[{"@type":"ListItem","position":1,"name":"Home","item":"https:\/\/order.grabo.com\/ro\/"},{"@type":"ListItem","position":2,"name":"GRABO Factory Shop","item":"https:\/\/order.grabo.com\/"},{"@type":"ListItem","position":3,"name":"GRABO USA Charger"}]},{"@type":"WebSite","@id":"https:\/\/order.grabo.com\/ro\/#website","url":"https:\/\/order.grabo.com\/ro\/","name":"GRABO Factory Shop","description":"GRABO Factory Shop","publisher":{"@id":"https:\/\/order.grabo.com\/ro\/#organization"},"potentialAction":[{"@type":"SearchAction","target":{"@type":"EntryPoint","urlTemplate":"https:\/\/order.grabo.com\/ro\/?s={search_term_string}"},"query-input":{"@type":"PropertyValueSpecification","valueRequired":true,"valueName":"search_term_string"}}],"inLanguage":"ro-RO"},{"@type":"Organization","@id":"https:\/\/order.grabo.com\/ro\/#organization","name":"GRABO","url":"https:\/\/order.grabo.com\/ro\/","logo":{"@type":"ImageObject","inLanguage":"ro-RO","@id":"https:\/\/order.grabo.com\/ro\/#\/schema\/logo\/image\/","url":"https:\/\/order.grabo.com\/wp-content\/uploads\/2020\/12\/GRABO-Pro-1.jpeg","contentUrl":"https:\/\/order.grabo.com\/wp-content\/uploads\/2020\/12\/GRABO-Pro-1.jpeg","width":1712,"height":1712,"caption":"GRABO"},"image":{"@id":"https:\/\/order.grabo.com\/ro\/#\/schema\/logo\/image\/"},"sameAs":["https:\/\/www.facebook.com\/GRABO.tools","https:\/\/x.com\/grabotools","https:\/\/www.instagram.com\/grabo.tools\/?hl=en"]}]}},"_links":{"self":[{"href":"https:\/\/order.grabo.com\/ro\/wp-json\/wp\/v2\/product\/8195","targetHints":{"allow":["GET"]}}],"collection":[{"href":"https:\/\/order.grabo.com\/ro\/wp-json\/wp\/v2\/product"}],"about":[{"href":"https:\/\/order.grabo.com\/ro\/wp-json\/wp\/v2\/types\/product"}],"replies":[{"embeddable":true,"href":"https:\/\/order.grabo.com\/ro\/wp-json\/wp\/v2\/comments?post=8195"}],"wp:featuredmedia":[{"embeddable":true,"href":"https:\/\/order.grabo.com\/ro\/wp-json\/wp\/v2\/media\/6814"}],"wp:attachment":[{"href":"https:\/\/order.grabo.com\/ro\/wp-json\/wp\/v2\/media?parent=8195"}],"wp:term":[{"taxonomy":"product_brand","embeddable":true,"href":"https:\/\/order.grabo.com\/ro\/wp-json\/wp\/v2\/product_brand?post=8195"},{"taxonomy":"product_cat","embeddable":true,"href":"https:\/\/order.grabo.com\/ro\/wp-json\/wp\/v2\/product_cat?post=8195"},{"taxonomy":"product_tag","embeddable":true,"href":"https:\/\/order.grabo.com\/ro\/wp-json\/wp\/v2\/product_tag?post=8195"}],"curies":[{"name":"wp","href":"https:\/\/api.w.org\/{rel}","templated":true}]}}