{"id":8192,"date":"2022-03-31T20:56:16","date_gmt":"2022-03-31T20:56:16","guid":{"rendered":"https:\/\/factory.grabo.com\/product\/slender-seal\/"},"modified":"2024-12-17T05:00:03","modified_gmt":"2024-12-17T05:00:03","slug":"slender-seal","status":"publish","type":"product","link":"https:\/\/order.grabo.com\/ro\/product\/slender-seal\/","title":{"rendered":"GRABO Slender Seal"},"content":{"rendered":"<h2>The GRABO Slender Seal<\/h2>\n<p>Slender Seal este o nou\u0103 garnitur\u0103 de etan\u0219are care se potrive\u0219te pentru ambele modele de GRABO, pentru a crea o zon\u0103 de contact de suprafa\u021b\u0103 mai sub\u021bire. \u00cen anumite circumstan\u021be, amprenta standard GRABO este prea lat\u0103 pentru a adera la unele materiale, cum ar fi dalele de metrou, grinzi din lemn sau dale din lemn, iar aceast\u0103 garnitur\u0103 de 4 inchi permite acum prinderea acestor materiale.<\/p>\n<p>Capacitatea maxim\u0103 de ridicare este de<strong> 132 de lire sterline (60 de kg).<\/strong><\/p>\n<p>&nbsp;<\/p>\n<h3 id=\"headline-134-779\" class=\"ct-headline\" style=\"text-align: left;\">GRABO Slender Seal specifica\u021bii:<\/h3>\n<div id=\"_rich_text-135-779\" class=\"oxy-rich-text table-spec\" style=\"text-align: left;\">\n<table class=\"table-spec\">\n<tbody>\n<tr>\n<th colspan=\"2\">Garnitur\u0103 de etan\u0219are din spum\u0103 neagr\u0103.<\/th>\n<\/tr>\n<tr>\n<th>Materiale<\/th>\n<td>Spum\u0103 de cauciuc SBR<\/td>\n<\/tr>\n<tr>\n<th>Culoare<\/th>\n<td>Negru<\/td>\n<\/tr>\n<tr>\n<th>L x W x H<\/th>\n<td>16.2 x 6.9 x 1.24\u201d (411 x 175 x 31.5 mm)<\/td>\n<\/tr>\n<tr>\n<th>Dimensiunea etan\u0219\u0103rii<\/th>\n<td>371 x 65 mm<\/td>\n<\/tr>\n<tr>\n<th>Densitate<\/th>\n<td>10.6 Lb\/cft (170 kg\/m^3)<\/td>\n<\/tr>\n<tr>\n<th>Duritate, Shore C<\/th>\n<td>~10 +\/-2<\/td>\n<\/tr>\n<tr>\n<th>Presiunea de rupere<\/th>\n<td>1800 Psi (126 kg\/cm^2)<\/td>\n<\/tr>\n<tr>\n<th>25% dimensiune de comprimare la<\/th>\n<td>8.5 Psi (6000 kg\/m^2)<\/td>\n<\/tr>\n<tr>\n<th>Durata de via\u021b\u0103 (compresiuni p\u00e2n\u0103 la reducerea performan\u021belor).<\/th>\n<td>~900<\/td>\n<\/tr>\n<tr>\n<th>Absorb\u021bia de ap\u0103, %<\/th>\n<td>&lt;=5<\/td>\n<\/tr>\n<tr>\n<th>Contrac\u021bia la 160F (70C) timp de 24 de ore, %<\/th>\n<td>&lt;=20<\/td>\n<\/tr>\n<tr>\n<th>Temperatura recomandat\u0103 de depozitare.<\/th>\n<td>Temperatura camerei<\/td>\n<\/tr>\n<tr>\n<th colspan=\"2\">Sigiliu ro\u0219u<\/th>\n<\/tr>\n<tr>\n<th>Materiale<\/th>\n<td>Spum\u0103 de silicon<\/td>\n<\/tr>\n<tr>\n<th>Culoare<\/th>\n<td>Ro\u0219u<\/td>\n<\/tr>\n<tr>\n<th>L x W x H<\/th>\n<td>16.2 x 6.9 x 1.24\u201d (411 x 175 x 31.5 mm)<\/td>\n<\/tr>\n<tr>\n<th>Densitate<\/th>\n<td>40.5 Lb\/cft (650 kg\/m^3)<\/td>\n<\/tr>\n<tr>\n<th>Duritate, Shore C<\/th>\n<td>55 +\/-5<\/td>\n<\/tr>\n<tr>\n<th>Absorb\u021bia de ap\u0103, %<\/th>\n<td>&lt;=4<\/td>\n<\/tr>\n<tr>\n<th>Temperatura recomandat\u0103 de depozitare.<\/th>\n<td>Temperatura camerei<\/td>\n<\/tr>\n<tr>\n<th colspan=\"2\">Etan\u0219eizare complet\u0103<\/th>\n<\/tr>\n<tr>\n<th>Caracteristici<\/th>\n<td>Garnitura de etansare combinata pe rama de plastic. Profilul subtire.<\/td>\n<\/tr>\n<\/tbody>\n<\/table>\n<\/div>\n<h3 id=\"headline-137-779\" class=\"ct-headline\" style=\"text-align: left;\">Lifting Capacity:<\/h3>\n<div id=\"_rich_text-138-779\" class=\"oxy-rich-text table-spec\">\n<table class=\"table-lifting\">\n<thead>\n<tr>\n<th class=\"heading\" rowspan=\"2\"><img loading=\"lazy\" decoding=\"async\" class=\"aligncenter img-100\" src=\"https:\/\/cdn.grabo.com\/static\/uploads\/2021\/02\/Group-2.svg\" alt=\"\" width=\"150\" height=\"90\" \/><\/th>\n<th colspan=\"2\">Prindere perpendicular\u0103 Z<\/th>\n<th colspan=\"2\">Prindere perpendicular\u0103 Y<\/th>\n<th colspan=\"2\">Prindere perpendicular\u0103 X<\/th>\n<\/tr>\n<tr>\n<th>Valoare maxim\u0103<\/th>\n<th>Valoare sigur\u0103\uff0850%)<\/th>\n<th>Valoare maxim\u0103<\/th>\n<th>Valoare sigur\u0103\uff0850%)<\/th>\n<th>Valoare maxim\u0103<\/th>\n<th>Valoare sigur\u0103\uff0850%)<\/th>\n<\/tr>\n<\/thead>\n<tbody>\n<tr>\n<th>Glass<\/th>\n<td>225 Lbs (100kg)<\/td>\n<td>110 Lbs (50kg)<\/td>\n<td>110 Lbs (50kg)<\/td>\n<td>55 Lbs (25kg)<\/td>\n<td>220 Lbs (100kg)<\/td>\n<td>110 Lbs (50kg)<\/td>\n<\/tr>\n<tr>\n<th>Metal<\/th>\n<td>145 Lbs (66kg)<\/td>\n<td>72.5 Lbs (33kg)<\/td>\n<td>110 Lbs (50kg)<\/td>\n<td>55 Lbs (25kg)<\/td>\n<td>220 Lbs (100kg)<\/td>\n<td>110 Lbs (50kg)<\/td>\n<\/tr>\n<tr>\n<th>Wood<\/th>\n<td>132 Lbs (60kg)<\/td>\n<td>66 Lbs (30kg)<\/td>\n<td>66 Lbs (30kg)<\/td>\n<td>33 Lbs (15kg)<\/td>\n<td>176 Lbs (80kg)<\/td>\n<td>88 Lbs (40kg)<\/td>\n<\/tr>\n<tr>\n<th style=\"text-align: left;\">Rough Concrete<\/th>\n<td style=\"text-align: left;\">105 Lbs (48kg)<\/td>\n<td style=\"text-align: left;\">52.5 Lbs (24kg)<\/td>\n<td style=\"text-align: left;\">110 Lbs (50kg)<\/td>\n<td style=\"text-align: left;\">33 Lbs (15 kg)<\/td>\n<td style=\"text-align: left;\">220 Lbs (100kg)<\/td>\n<td style=\"text-align: left;\">110 Lbs (50kg)<\/td>\n<\/tr>\n<\/tbody>\n<\/table>\n<\/div>\n","protected":false},"excerpt":{"rendered":"<p>Slender Seal este o unealt\u0103 de ridicare versatil\u0103 proiectat\u0103 pentru suprafe\u021be lungi \u0219i \u00eenguste, cum ar fi pl\u0103ci de lemn, grinzi de lemn, conducte \u0219i blaturi de dimensiuni reduse. L\u0103\u021bimea acestui etan\u0219are este de 4 inch, ceea ce o face perfect\u0103 pentru deplasarea \u0219i instalarea grinzilor grele, a pl\u0103cilor de metrou, a pl\u0103cilor de podea \u0219i chiar a suprafe\u021belor cilindrice curbe. Cu construc\u021bia sa durabil\u0103 \u0219i designul inovator, Slender Seal este o unealt\u0103 indispensabil\u0103 pentru orice \u0219antier sau proiect de renovare a casei.<\/p>\n<p>https:\/\/www.youtube.com\/watch?v=xwLK5CZrrbo<\/p>\n","protected":false},"featured_media":20552,"comment_status":"open","ping_status":"closed","template":"","meta":{"_acf_changed":false},"product_brand":[],"product_cat":[247],"product_tag":[],"class_list":{"0":"post-8192","1":"product","2":"type-product","3":"status-publish","4":"has-post-thumbnail","6":"product_cat-accessories-ro","8":"first","9":"instock","10":"taxable","11":"shipping-taxable","12":"purchasable","13":"product-type-simple"},"acf":[],"yoast_head":"<!-- This site is optimized with the Yoast SEO plugin v27.3 - https:\/\/yoast.com\/product\/yoast-seo-wordpress\/ -->\n<title>GRABO Slender Seal - GRABO Factory Shop<\/title>\n<meta name=\"robots\" content=\"index, follow, max-snippet:-1, max-image-preview:large, max-video-preview:-1\" \/>\n<link rel=\"canonical\" href=\"https:\/\/order.grabo.com\/ro\/product\/slender-seal\/\" \/>\n<meta property=\"og:locale\" content=\"ro_RO\" \/>\n<meta property=\"og:type\" content=\"article\" \/>\n<meta property=\"og:title\" content=\"GRABO Slender Seal - GRABO Factory Shop\" \/>\n<meta property=\"og:description\" content=\"Slender Seal este o unealt\u0103 de ridicare versatil\u0103 proiectat\u0103 pentru suprafe\u021be lungi \u0219i \u00eenguste, cum ar fi pl\u0103ci de lemn, grinzi de lemn, conducte \u0219i blaturi de dimensiuni reduse. L\u0103\u021bimea acestui etan\u0219are este de 4 inch, ceea ce o face perfect\u0103 pentru deplasarea \u0219i instalarea grinzilor grele, a pl\u0103cilor de metrou, a pl\u0103cilor de podea \u0219i chiar a suprafe\u021belor cilindrice curbe. Cu construc\u021bia sa durabil\u0103 \u0219i designul inovator, Slender Seal este o unealt\u0103 indispensabil\u0103 pentru orice \u0219antier sau proiect de renovare a casei.  https:\/\/www.youtube.com\/watch?v=xwLK5CZrrbo\" \/>\n<meta property=\"og:url\" content=\"https:\/\/order.grabo.com\/ro\/product\/slender-seal\/\" \/>\n<meta property=\"og:site_name\" content=\"GRABO Factory Shop\" \/>\n<meta property=\"article:publisher\" content=\"https:\/\/www.facebook.com\/GRABO.tools\" \/>\n<meta property=\"article:modified_time\" content=\"2024-12-17T05:00:03+00:00\" \/>\n<meta property=\"og:image\" content=\"https:\/\/order.grabo.com\/wp-content\/uploads\/2022\/06\/Slender1.png\" \/>\n\t<meta property=\"og:image:width\" content=\"1500\" \/>\n\t<meta property=\"og:image:height\" content=\"1500\" \/>\n\t<meta property=\"og:image:type\" content=\"image\/png\" \/>\n<meta name=\"twitter:card\" content=\"summary_large_image\" \/>\n<meta name=\"twitter:site\" content=\"@grabotools\" \/>\n<meta name=\"twitter:label1\" content=\"Timp estimat pentru citire\" \/>\n\t<meta name=\"twitter:data1\" content=\"2 minute\" \/>\n<script type=\"application\/ld+json\" class=\"yoast-schema-graph\">{\"@context\":\"https:\\\/\\\/schema.org\",\"@graph\":[{\"@type\":\"WebPage\",\"@id\":\"https:\\\/\\\/order.grabo.com\\\/ro\\\/product\\\/slender-seal\\\/\",\"url\":\"https:\\\/\\\/order.grabo.com\\\/ro\\\/product\\\/slender-seal\\\/\",\"name\":\"GRABO Slender Seal - GRABO Factory Shop\",\"isPartOf\":{\"@id\":\"https:\\\/\\\/order.grabo.com\\\/ro\\\/#website\"},\"primaryImageOfPage\":{\"@id\":\"https:\\\/\\\/order.grabo.com\\\/ro\\\/product\\\/slender-seal\\\/#primaryimage\"},\"image\":{\"@id\":\"https:\\\/\\\/order.grabo.com\\\/ro\\\/product\\\/slender-seal\\\/#primaryimage\"},\"thumbnailUrl\":\"https:\\\/\\\/order.grabo.com\\\/wp-content\\\/uploads\\\/2022\\\/03\\\/thumbnail.png\",\"datePublished\":\"2022-03-31T20:56:16+00:00\",\"dateModified\":\"2024-12-17T05:00:03+00:00\",\"breadcrumb\":{\"@id\":\"https:\\\/\\\/order.grabo.com\\\/ro\\\/product\\\/slender-seal\\\/#breadcrumb\"},\"inLanguage\":\"ro-RO\",\"potentialAction\":[{\"@type\":\"ReadAction\",\"target\":[\"https:\\\/\\\/order.grabo.com\\\/ro\\\/product\\\/slender-seal\\\/\"]}]},{\"@type\":\"ImageObject\",\"inLanguage\":\"ro-RO\",\"@id\":\"https:\\\/\\\/order.grabo.com\\\/ro\\\/product\\\/slender-seal\\\/#primaryimage\",\"url\":\"https:\\\/\\\/order.grabo.com\\\/wp-content\\\/uploads\\\/2022\\\/03\\\/thumbnail.png\",\"contentUrl\":\"https:\\\/\\\/order.grabo.com\\\/wp-content\\\/uploads\\\/2022\\\/03\\\/thumbnail.png\",\"width\":1500,\"height\":1500},{\"@type\":\"BreadcrumbList\",\"@id\":\"https:\\\/\\\/order.grabo.com\\\/ro\\\/product\\\/slender-seal\\\/#breadcrumb\",\"itemListElement\":[{\"@type\":\"ListItem\",\"position\":1,\"name\":\"Home\",\"item\":\"https:\\\/\\\/order.grabo.com\\\/ro\\\/\"},{\"@type\":\"ListItem\",\"position\":2,\"name\":\"GRABO Factory Shop\",\"item\":\"https:\\\/\\\/order.grabo.com\\\/\"},{\"@type\":\"ListItem\",\"position\":3,\"name\":\"GRABO Slender Seal\"}]},{\"@type\":\"WebSite\",\"@id\":\"https:\\\/\\\/order.grabo.com\\\/ro\\\/#website\",\"url\":\"https:\\\/\\\/order.grabo.com\\\/ro\\\/\",\"name\":\"GRABO Factory Shop\",\"description\":\"GRABO Factory Shop\",\"publisher\":{\"@id\":\"https:\\\/\\\/order.grabo.com\\\/ro\\\/#organization\"},\"potentialAction\":[{\"@type\":\"SearchAction\",\"target\":{\"@type\":\"EntryPoint\",\"urlTemplate\":\"https:\\\/\\\/order.grabo.com\\\/ro\\\/?s={search_term_string}\"},\"query-input\":{\"@type\":\"PropertyValueSpecification\",\"valueRequired\":true,\"valueName\":\"search_term_string\"}}],\"inLanguage\":\"ro-RO\"},{\"@type\":\"Organization\",\"@id\":\"https:\\\/\\\/order.grabo.com\\\/ro\\\/#organization\",\"name\":\"GRABO\",\"url\":\"https:\\\/\\\/order.grabo.com\\\/ro\\\/\",\"logo\":{\"@type\":\"ImageObject\",\"inLanguage\":\"ro-RO\",\"@id\":\"https:\\\/\\\/order.grabo.com\\\/ro\\\/#\\\/schema\\\/logo\\\/image\\\/\",\"url\":\"https:\\\/\\\/order.grabo.com\\\/wp-content\\\/uploads\\\/2020\\\/12\\\/GRABO-Pro-1.jpeg\",\"contentUrl\":\"https:\\\/\\\/order.grabo.com\\\/wp-content\\\/uploads\\\/2020\\\/12\\\/GRABO-Pro-1.jpeg\",\"width\":1712,\"height\":1712,\"caption\":\"GRABO\"},\"image\":{\"@id\":\"https:\\\/\\\/order.grabo.com\\\/ro\\\/#\\\/schema\\\/logo\\\/image\\\/\"},\"sameAs\":[\"https:\\\/\\\/www.facebook.com\\\/GRABO.tools\",\"https:\\\/\\\/x.com\\\/grabotools\",\"https:\\\/\\\/www.instagram.com\\\/grabo.tools\\\/?hl=en\"]}]}<\/script>\n<!-- \/ Yoast SEO plugin. -->","yoast_head_json":{"title":"GRABO Slender Seal - GRABO Factory Shop","robots":{"index":"index","follow":"follow","max-snippet":"max-snippet:-1","max-image-preview":"max-image-preview:large","max-video-preview":"max-video-preview:-1"},"canonical":"https:\/\/order.grabo.com\/ro\/product\/slender-seal\/","og_locale":"ro_RO","og_type":"article","og_title":"GRABO Slender Seal - GRABO Factory Shop","og_description":"Slender Seal este o unealt\u0103 de ridicare versatil\u0103 proiectat\u0103 pentru suprafe\u021be lungi \u0219i \u00eenguste, cum ar fi pl\u0103ci de lemn, grinzi de lemn, conducte \u0219i blaturi de dimensiuni reduse. L\u0103\u021bimea acestui etan\u0219are este de 4 inch, ceea ce o face perfect\u0103 pentru deplasarea \u0219i instalarea grinzilor grele, a pl\u0103cilor de metrou, a pl\u0103cilor de podea \u0219i chiar a suprafe\u021belor cilindrice curbe. Cu construc\u021bia sa durabil\u0103 \u0219i designul inovator, Slender Seal este o unealt\u0103 indispensabil\u0103 pentru orice \u0219antier sau proiect de renovare a casei.  https:\/\/www.youtube.com\/watch?v=xwLK5CZrrbo","og_url":"https:\/\/order.grabo.com\/ro\/product\/slender-seal\/","og_site_name":"GRABO Factory Shop","article_publisher":"https:\/\/www.facebook.com\/GRABO.tools","article_modified_time":"2024-12-17T05:00:03+00:00","og_image":[{"width":1500,"height":1500,"url":"https:\/\/order.grabo.com\/wp-content\/uploads\/2022\/06\/Slender1.png","type":"image\/png"}],"twitter_card":"summary_large_image","twitter_site":"@grabotools","twitter_misc":{"Timp estimat pentru citire":"2 minute"},"schema":{"@context":"https:\/\/schema.org","@graph":[{"@type":"WebPage","@id":"https:\/\/order.grabo.com\/ro\/product\/slender-seal\/","url":"https:\/\/order.grabo.com\/ro\/product\/slender-seal\/","name":"GRABO Slender Seal - GRABO Factory Shop","isPartOf":{"@id":"https:\/\/order.grabo.com\/ro\/#website"},"primaryImageOfPage":{"@id":"https:\/\/order.grabo.com\/ro\/product\/slender-seal\/#primaryimage"},"image":{"@id":"https:\/\/order.grabo.com\/ro\/product\/slender-seal\/#primaryimage"},"thumbnailUrl":"https:\/\/order.grabo.com\/wp-content\/uploads\/2022\/03\/thumbnail.png","datePublished":"2022-03-31T20:56:16+00:00","dateModified":"2024-12-17T05:00:03+00:00","breadcrumb":{"@id":"https:\/\/order.grabo.com\/ro\/product\/slender-seal\/#breadcrumb"},"inLanguage":"ro-RO","potentialAction":[{"@type":"ReadAction","target":["https:\/\/order.grabo.com\/ro\/product\/slender-seal\/"]}]},{"@type":"ImageObject","inLanguage":"ro-RO","@id":"https:\/\/order.grabo.com\/ro\/product\/slender-seal\/#primaryimage","url":"https:\/\/order.grabo.com\/wp-content\/uploads\/2022\/03\/thumbnail.png","contentUrl":"https:\/\/order.grabo.com\/wp-content\/uploads\/2022\/03\/thumbnail.png","width":1500,"height":1500},{"@type":"BreadcrumbList","@id":"https:\/\/order.grabo.com\/ro\/product\/slender-seal\/#breadcrumb","itemListElement":[{"@type":"ListItem","position":1,"name":"Home","item":"https:\/\/order.grabo.com\/ro\/"},{"@type":"ListItem","position":2,"name":"GRABO Factory Shop","item":"https:\/\/order.grabo.com\/"},{"@type":"ListItem","position":3,"name":"GRABO Slender Seal"}]},{"@type":"WebSite","@id":"https:\/\/order.grabo.com\/ro\/#website","url":"https:\/\/order.grabo.com\/ro\/","name":"GRABO Factory Shop","description":"GRABO Factory Shop","publisher":{"@id":"https:\/\/order.grabo.com\/ro\/#organization"},"potentialAction":[{"@type":"SearchAction","target":{"@type":"EntryPoint","urlTemplate":"https:\/\/order.grabo.com\/ro\/?s={search_term_string}"},"query-input":{"@type":"PropertyValueSpecification","valueRequired":true,"valueName":"search_term_string"}}],"inLanguage":"ro-RO"},{"@type":"Organization","@id":"https:\/\/order.grabo.com\/ro\/#organization","name":"GRABO","url":"https:\/\/order.grabo.com\/ro\/","logo":{"@type":"ImageObject","inLanguage":"ro-RO","@id":"https:\/\/order.grabo.com\/ro\/#\/schema\/logo\/image\/","url":"https:\/\/order.grabo.com\/wp-content\/uploads\/2020\/12\/GRABO-Pro-1.jpeg","contentUrl":"https:\/\/order.grabo.com\/wp-content\/uploads\/2020\/12\/GRABO-Pro-1.jpeg","width":1712,"height":1712,"caption":"GRABO"},"image":{"@id":"https:\/\/order.grabo.com\/ro\/#\/schema\/logo\/image\/"},"sameAs":["https:\/\/www.facebook.com\/GRABO.tools","https:\/\/x.com\/grabotools","https:\/\/www.instagram.com\/grabo.tools\/?hl=en"]}]}},"_links":{"self":[{"href":"https:\/\/order.grabo.com\/ro\/wp-json\/wp\/v2\/product\/8192","targetHints":{"allow":["GET"]}}],"collection":[{"href":"https:\/\/order.grabo.com\/ro\/wp-json\/wp\/v2\/product"}],"about":[{"href":"https:\/\/order.grabo.com\/ro\/wp-json\/wp\/v2\/types\/product"}],"replies":[{"embeddable":true,"href":"https:\/\/order.grabo.com\/ro\/wp-json\/wp\/v2\/comments?post=8192"}],"wp:featuredmedia":[{"embeddable":true,"href":"https:\/\/order.grabo.com\/ro\/wp-json\/wp\/v2\/media\/20552"}],"wp:attachment":[{"href":"https:\/\/order.grabo.com\/ro\/wp-json\/wp\/v2\/media?parent=8192"}],"wp:term":[{"taxonomy":"product_brand","embeddable":true,"href":"https:\/\/order.grabo.com\/ro\/wp-json\/wp\/v2\/product_brand?post=8192"},{"taxonomy":"product_cat","embeddable":true,"href":"https:\/\/order.grabo.com\/ro\/wp-json\/wp\/v2\/product_cat?post=8192"},{"taxonomy":"product_tag","embeddable":true,"href":"https:\/\/order.grabo.com\/ro\/wp-json\/wp\/v2\/product_tag?post=8192"}],"curies":[{"name":"wp","href":"https:\/\/api.w.org\/{rel}","templated":true}]}}