{"id":8171,"date":"2023-02-16T02:34:34","date_gmt":"2023-02-16T02:34:34","guid":{"rendered":"https:\/\/factory.grabo.com\/?post_type=product&#038;p=8171"},"modified":"2025-12-05T23:11:11","modified_gmt":"2025-12-05T23:11:11","slug":"grabo-pro-2023-version-for-europe","status":"publish","type":"product","link":"https:\/\/order.grabo.com\/ro\/product\/grabo-pro-2023-version-for-europe\/","title":{"rendered":"GRABO PRO"},"content":{"rendered":"<p>Uneltele GRABO Pro sunt echipate cu un afi\u0219aj inteligent de presiune digital\u0103 amplasat convenabil pe m\u00e2ner, cu afi\u0219aj pentru presiune (PSI, Bar) \u0219i greutate (Kg, Lb). GRABO Pro vine cu un senzor de presiune \u00eencorporat care porne\u0219te \u0219i opre\u0219te automat pompa de vid pentru a men\u021bine capacitatea constant\u0103 de ridicare dorit\u0103. Pompa de vid GRABO Pro deplaseaz\u0103 20 de litri de aer pe minut oferind o capacitate de ridicare uria\u0219\u0103 \u0219i este capabil\u0103 s\u0103 ridice aproape orice suprafa\u021b\u0103 cu o greutate de p\u00e2n\u0103 la 375 lbs (170 kgs). Garnitura de spum\u0103 din cauciuc patentat\u0103 care vine cu uneltele GRABO Pro este puternic\u0103 \u0219i rezistent\u0103 la uzur\u0103 \u0219i deteriorare, dar u\u0219or de \u00eenlocuit \u00een caz de daune. Odat\u0103 ce uneltele sunt activate, garnitura este creat\u0103 \u00een c\u00e2teva secunde \u0219i se ata\u0219eaz\u0103 ferm aproape de orice suprafa\u021b\u0103, inclusiv suprafe\u021be u\u0219or poroase \u0219i neuniforme. GRABO Pro este dotat\u0103 cu patru cuie de ridicare din o\u021bel amplasate pe ambele p\u0103r\u021bi ale m\u00e2nerului uneltei. Acest lucru permite utilizarea uneltei cu benzi de ridicare \u0219i alte accesorii de ata\u0219are.<\/p>\n<p>GRABO Pro vine cu o garan\u021bie complet\u0103 de fabric\u0103 de 12 luni, care poate fi prelungit\u0103 la 18 luni atunci c\u00e2nd \u00eenregistra\u021bi produsul pe site-ul nostru. Cu suport tehnic profesional bazat \u00een SUA, dac\u0103 ave\u021bi probleme, nu ezita\u021bi s\u0103 ne spune\u021bi. Suntem aici s\u0103 v\u0103 ajut\u0103m s\u0103 lucra\u021bi!<\/p>\n","protected":false},"excerpt":{"rendered":"<p>Aspiratorul portabil cu vid electric include un manometru digital amplasat pe m\u00e2ner pentru o vizualizare u\u0219oar\u0103. Senzorii de presiune automat\u0103 asigur\u0103 un vid constant. Bateriile re\u00eenc\u0103rcabile alimenteaz\u0103 un aspirator cu vid care poate ridica 375 lbs (170 kg).<\/p>\n<p>Kit-ul include:<\/p>\n<ul>\n<li>Aspirator portabil cu vid electric GRABO Pro cu manometru digital de presiune<\/li>\n<li>Senzorul de presiune automat porne\u0219te \u0219i opre\u0219te pompa pentru a asigura un vid constant.<\/li>\n<li>Capacitatea de pompare: 20 litri pe minut ofer\u0103 o capacitate de ridicare imens\u0103<\/li>\n<li>1 baterie \u0219i un \u00eenc\u0103rc\u0103tor de baterie cu adaptoare interna\u021bionale<\/li>\n<li>Garnitur\u0103 de spum\u0103 din cauciuc preinstalat\u0103 pe unelte Geant\u0103 de transport din nailon rezistent<\/li>\n<li>Filtre de \u00eenlocuire Manual \u00een limba englez\u0103 cu o cutie de afi\u0219aj colorat\u0103.<\/li>\n<\/ul>\n<p>https:\/\/www.youtube.com\/watch?v=N5pcKCORwnA<\/p>\n","protected":false},"featured_media":9216,"comment_status":"open","ping_status":"closed","template":"","meta":{"_acf_changed":false},"product_brand":[],"product_cat":[237],"product_tag":[],"class_list":{"0":"post-8171","1":"product","2":"type-product","3":"status-publish","4":"has-post-thumbnail","6":"product_cat-tools-ro","7":"product_shipping_class-free-shipping-ro","9":"first","10":"instock","11":"taxable","12":"shipping-taxable","13":"purchasable","14":"product-type-simple"},"acf":[],"yoast_head":"<!-- This site is optimized with the Yoast SEO plugin v27.2 - https:\/\/yoast.com\/product\/yoast-seo-wordpress\/ -->\n<title>GRABO PRO - GRABO Factory Shop<\/title>\n<meta name=\"description\" content=\"Noua versiune actualizat\u0103 pentru anul 2023 cu afi\u0219aj digital - GRABO Pro vine cu un senzor inteligent de presiune digital\u0103, afi\u0219aj maxim de ridicare \u0219i set\u0103ri inteligente pentru greutate \u0219i presiune.\" \/>\n<meta name=\"robots\" content=\"index, follow, max-snippet:-1, max-image-preview:large, max-video-preview:-1\" \/>\n<link rel=\"canonical\" href=\"https:\/\/order.grabo.com\/ro\/product\/grabo-pro-2023-version-for-europe\/\" \/>\n<meta property=\"og:locale\" content=\"ro_RO\" \/>\n<meta property=\"og:type\" content=\"article\" \/>\n<meta property=\"og:title\" content=\"GRABO PRO - GRABO Factory Shop\" \/>\n<meta property=\"og:description\" content=\"Noua versiune actualizat\u0103 pentru anul 2023 cu afi\u0219aj digital - GRABO Pro vine cu un senzor inteligent de presiune digital\u0103, afi\u0219aj maxim de ridicare \u0219i set\u0103ri inteligente pentru greutate \u0219i presiune.\" \/>\n<meta property=\"og:url\" content=\"https:\/\/order.grabo.com\/ro\/product\/grabo-pro-2023-version-for-europe\/\" \/>\n<meta property=\"og:site_name\" content=\"GRABO Factory Shop\" \/>\n<meta property=\"article:publisher\" content=\"https:\/\/www.facebook.com\/GRABO.tools\" \/>\n<meta property=\"article:modified_time\" content=\"2025-12-05T23:11:11+00:00\" \/>\n<meta property=\"og:image\" content=\"https:\/\/order.grabo.com\/wp-content\/uploads\/2023\/02\/GRABO-PRO_2021_120kg.905-1024x1024.png\" \/>\n\t<meta property=\"og:image:width\" content=\"1024\" \/>\n\t<meta property=\"og:image:height\" content=\"1024\" \/>\n\t<meta property=\"og:image:type\" content=\"image\/png\" \/>\n<meta name=\"twitter:card\" content=\"summary_large_image\" \/>\n<meta name=\"twitter:site\" content=\"@grabotools\" \/>\n<meta name=\"twitter:label1\" content=\"Timp estimat pentru citire\" \/>\n\t<meta name=\"twitter:data1\" content=\"2 minute\" \/>\n<script type=\"application\/ld+json\" class=\"yoast-schema-graph\">{\"@context\":\"https:\/\/schema.org\",\"@graph\":[{\"@type\":\"WebPage\",\"@id\":\"https:\/\/order.grabo.com\/ro\/product\/grabo-pro-2023-version-for-europe\/\",\"url\":\"https:\/\/order.grabo.com\/ro\/product\/grabo-pro-2023-version-for-europe\/\",\"name\":\"GRABO PRO - GRABO Factory Shop\",\"isPartOf\":{\"@id\":\"https:\/\/order.grabo.com\/ro\/#website\"},\"primaryImageOfPage\":{\"@id\":\"https:\/\/order.grabo.com\/ro\/product\/grabo-pro-2023-version-for-europe\/#primaryimage\"},\"image\":{\"@id\":\"https:\/\/order.grabo.com\/ro\/product\/grabo-pro-2023-version-for-europe\/#primaryimage\"},\"thumbnailUrl\":\"https:\/\/order.grabo.com\/wp-content\/uploads\/2023\/02\/GRABO-PRO_2021_120kg.905.png\",\"datePublished\":\"2023-02-16T02:34:34+00:00\",\"dateModified\":\"2025-12-05T23:11:11+00:00\",\"description\":\"Noua versiune actualizat\u0103 pentru anul 2023 cu afi\u0219aj digital - GRABO Pro vine cu un senzor inteligent de presiune digital\u0103, afi\u0219aj maxim de ridicare \u0219i set\u0103ri inteligente pentru greutate \u0219i presiune.\",\"breadcrumb\":{\"@id\":\"https:\/\/order.grabo.com\/ro\/product\/grabo-pro-2023-version-for-europe\/#breadcrumb\"},\"inLanguage\":\"ro-RO\",\"potentialAction\":[{\"@type\":\"ReadAction\",\"target\":[\"https:\/\/order.grabo.com\/ro\/product\/grabo-pro-2023-version-for-europe\/\"]}]},{\"@type\":\"ImageObject\",\"inLanguage\":\"ro-RO\",\"@id\":\"https:\/\/order.grabo.com\/ro\/product\/grabo-pro-2023-version-for-europe\/#primaryimage\",\"url\":\"https:\/\/order.grabo.com\/wp-content\/uploads\/2023\/02\/GRABO-PRO_2021_120kg.905.png\",\"contentUrl\":\"https:\/\/order.grabo.com\/wp-content\/uploads\/2023\/02\/GRABO-PRO_2021_120kg.905.png\",\"width\":3150,\"height\":3150},{\"@type\":\"BreadcrumbList\",\"@id\":\"https:\/\/order.grabo.com\/ro\/product\/grabo-pro-2023-version-for-europe\/#breadcrumb\",\"itemListElement\":[{\"@type\":\"ListItem\",\"position\":1,\"name\":\"Home\",\"item\":\"https:\/\/order.grabo.com\/ro\/\"},{\"@type\":\"ListItem\",\"position\":2,\"name\":\"GRABO Factory Shop\",\"item\":\"https:\/\/order.grabo.com\/\"},{\"@type\":\"ListItem\",\"position\":3,\"name\":\"GRABO PRO\"}]},{\"@type\":\"WebSite\",\"@id\":\"https:\/\/order.grabo.com\/ro\/#website\",\"url\":\"https:\/\/order.grabo.com\/ro\/\",\"name\":\"GRABO Factory Shop\",\"description\":\"GRABO Factory Shop\",\"publisher\":{\"@id\":\"https:\/\/order.grabo.com\/ro\/#organization\"},\"potentialAction\":[{\"@type\":\"SearchAction\",\"target\":{\"@type\":\"EntryPoint\",\"urlTemplate\":\"https:\/\/order.grabo.com\/ro\/?s={search_term_string}\"},\"query-input\":{\"@type\":\"PropertyValueSpecification\",\"valueRequired\":true,\"valueName\":\"search_term_string\"}}],\"inLanguage\":\"ro-RO\"},{\"@type\":\"Organization\",\"@id\":\"https:\/\/order.grabo.com\/ro\/#organization\",\"name\":\"GRABO\",\"url\":\"https:\/\/order.grabo.com\/ro\/\",\"logo\":{\"@type\":\"ImageObject\",\"inLanguage\":\"ro-RO\",\"@id\":\"https:\/\/order.grabo.com\/ro\/#\/schema\/logo\/image\/\",\"url\":\"https:\/\/order.grabo.com\/wp-content\/uploads\/2020\/12\/GRABO-Pro-1.jpeg\",\"contentUrl\":\"https:\/\/order.grabo.com\/wp-content\/uploads\/2020\/12\/GRABO-Pro-1.jpeg\",\"width\":1712,\"height\":1712,\"caption\":\"GRABO\"},\"image\":{\"@id\":\"https:\/\/order.grabo.com\/ro\/#\/schema\/logo\/image\/\"},\"sameAs\":[\"https:\/\/www.facebook.com\/GRABO.tools\",\"https:\/\/x.com\/grabotools\",\"https:\/\/www.instagram.com\/grabo.tools\/?hl=en\"]}]}<\/script>\n<!-- \/ Yoast SEO plugin. -->","yoast_head_json":{"title":"GRABO PRO - GRABO Factory Shop","description":"Noua versiune actualizat\u0103 pentru anul 2023 cu afi\u0219aj digital - GRABO Pro vine cu un senzor inteligent de presiune digital\u0103, afi\u0219aj maxim de ridicare \u0219i set\u0103ri inteligente pentru greutate \u0219i presiune.","robots":{"index":"index","follow":"follow","max-snippet":"max-snippet:-1","max-image-preview":"max-image-preview:large","max-video-preview":"max-video-preview:-1"},"canonical":"https:\/\/order.grabo.com\/ro\/product\/grabo-pro-2023-version-for-europe\/","og_locale":"ro_RO","og_type":"article","og_title":"GRABO PRO - GRABO Factory Shop","og_description":"Noua versiune actualizat\u0103 pentru anul 2023 cu afi\u0219aj digital - GRABO Pro vine cu un senzor inteligent de presiune digital\u0103, afi\u0219aj maxim de ridicare \u0219i set\u0103ri inteligente pentru greutate \u0219i presiune.","og_url":"https:\/\/order.grabo.com\/ro\/product\/grabo-pro-2023-version-for-europe\/","og_site_name":"GRABO Factory Shop","article_publisher":"https:\/\/www.facebook.com\/GRABO.tools","article_modified_time":"2025-12-05T23:11:11+00:00","og_image":[{"width":1024,"height":1024,"url":"https:\/\/order.grabo.com\/wp-content\/uploads\/2023\/02\/GRABO-PRO_2021_120kg.905-1024x1024.png","type":"image\/png"}],"twitter_card":"summary_large_image","twitter_site":"@grabotools","twitter_misc":{"Timp estimat pentru citire":"2 minute"},"schema":{"@context":"https:\/\/schema.org","@graph":[{"@type":"WebPage","@id":"https:\/\/order.grabo.com\/ro\/product\/grabo-pro-2023-version-for-europe\/","url":"https:\/\/order.grabo.com\/ro\/product\/grabo-pro-2023-version-for-europe\/","name":"GRABO PRO - GRABO Factory Shop","isPartOf":{"@id":"https:\/\/order.grabo.com\/ro\/#website"},"primaryImageOfPage":{"@id":"https:\/\/order.grabo.com\/ro\/product\/grabo-pro-2023-version-for-europe\/#primaryimage"},"image":{"@id":"https:\/\/order.grabo.com\/ro\/product\/grabo-pro-2023-version-for-europe\/#primaryimage"},"thumbnailUrl":"https:\/\/order.grabo.com\/wp-content\/uploads\/2023\/02\/GRABO-PRO_2021_120kg.905.png","datePublished":"2023-02-16T02:34:34+00:00","dateModified":"2025-12-05T23:11:11+00:00","description":"Noua versiune actualizat\u0103 pentru anul 2023 cu afi\u0219aj digital - GRABO Pro vine cu un senzor inteligent de presiune digital\u0103, afi\u0219aj maxim de ridicare \u0219i set\u0103ri inteligente pentru greutate \u0219i presiune.","breadcrumb":{"@id":"https:\/\/order.grabo.com\/ro\/product\/grabo-pro-2023-version-for-europe\/#breadcrumb"},"inLanguage":"ro-RO","potentialAction":[{"@type":"ReadAction","target":["https:\/\/order.grabo.com\/ro\/product\/grabo-pro-2023-version-for-europe\/"]}]},{"@type":"ImageObject","inLanguage":"ro-RO","@id":"https:\/\/order.grabo.com\/ro\/product\/grabo-pro-2023-version-for-europe\/#primaryimage","url":"https:\/\/order.grabo.com\/wp-content\/uploads\/2023\/02\/GRABO-PRO_2021_120kg.905.png","contentUrl":"https:\/\/order.grabo.com\/wp-content\/uploads\/2023\/02\/GRABO-PRO_2021_120kg.905.png","width":3150,"height":3150},{"@type":"BreadcrumbList","@id":"https:\/\/order.grabo.com\/ro\/product\/grabo-pro-2023-version-for-europe\/#breadcrumb","itemListElement":[{"@type":"ListItem","position":1,"name":"Home","item":"https:\/\/order.grabo.com\/ro\/"},{"@type":"ListItem","position":2,"name":"GRABO Factory Shop","item":"https:\/\/order.grabo.com\/"},{"@type":"ListItem","position":3,"name":"GRABO PRO"}]},{"@type":"WebSite","@id":"https:\/\/order.grabo.com\/ro\/#website","url":"https:\/\/order.grabo.com\/ro\/","name":"GRABO Factory Shop","description":"GRABO Factory Shop","publisher":{"@id":"https:\/\/order.grabo.com\/ro\/#organization"},"potentialAction":[{"@type":"SearchAction","target":{"@type":"EntryPoint","urlTemplate":"https:\/\/order.grabo.com\/ro\/?s={search_term_string}"},"query-input":{"@type":"PropertyValueSpecification","valueRequired":true,"valueName":"search_term_string"}}],"inLanguage":"ro-RO"},{"@type":"Organization","@id":"https:\/\/order.grabo.com\/ro\/#organization","name":"GRABO","url":"https:\/\/order.grabo.com\/ro\/","logo":{"@type":"ImageObject","inLanguage":"ro-RO","@id":"https:\/\/order.grabo.com\/ro\/#\/schema\/logo\/image\/","url":"https:\/\/order.grabo.com\/wp-content\/uploads\/2020\/12\/GRABO-Pro-1.jpeg","contentUrl":"https:\/\/order.grabo.com\/wp-content\/uploads\/2020\/12\/GRABO-Pro-1.jpeg","width":1712,"height":1712,"caption":"GRABO"},"image":{"@id":"https:\/\/order.grabo.com\/ro\/#\/schema\/logo\/image\/"},"sameAs":["https:\/\/www.facebook.com\/GRABO.tools","https:\/\/x.com\/grabotools","https:\/\/www.instagram.com\/grabo.tools\/?hl=en"]}]}},"_links":{"self":[{"href":"https:\/\/order.grabo.com\/ro\/wp-json\/wp\/v2\/product\/8171","targetHints":{"allow":["GET"]}}],"collection":[{"href":"https:\/\/order.grabo.com\/ro\/wp-json\/wp\/v2\/product"}],"about":[{"href":"https:\/\/order.grabo.com\/ro\/wp-json\/wp\/v2\/types\/product"}],"replies":[{"embeddable":true,"href":"https:\/\/order.grabo.com\/ro\/wp-json\/wp\/v2\/comments?post=8171"}],"wp:featuredmedia":[{"embeddable":true,"href":"https:\/\/order.grabo.com\/ro\/wp-json\/wp\/v2\/media\/9216"}],"wp:attachment":[{"href":"https:\/\/order.grabo.com\/ro\/wp-json\/wp\/v2\/media?parent=8171"}],"wp:term":[{"taxonomy":"product_brand","embeddable":true,"href":"https:\/\/order.grabo.com\/ro\/wp-json\/wp\/v2\/product_brand?post=8171"},{"taxonomy":"product_cat","embeddable":true,"href":"https:\/\/order.grabo.com\/ro\/wp-json\/wp\/v2\/product_cat?post=8171"},{"taxonomy":"product_tag","embeddable":true,"href":"https:\/\/order.grabo.com\/ro\/wp-json\/wp\/v2\/product_tag?post=8171"}],"curies":[{"name":"wp","href":"https:\/\/api.w.org\/{rel}","templated":true}]}}