{"id":8170,"date":"2023-02-16T02:35:48","date_gmt":"2023-02-16T02:35:48","guid":{"rendered":"https:\/\/factory.grabo.com\/product\/ottovac-eu\/"},"modified":"2025-12-05T23:11:07","modified_gmt":"2025-12-05T23:11:07","slug":"ottovac-eu","status":"publish","type":"product","link":"https:\/\/order.grabo.com\/ro\/product\/ottovac-eu\/","title":{"rendered":"OTTOVAC"},"content":{"rendered":"<p>OTTOVAC este un dispozitiv portabil de ridicare cu vid electric pentru ridicarea \u0219i mutarea sticlei \u0219i a oric\u0103rui alt material care are o suprafa\u021b\u0103 neted\u0103, plan\u0103 \u0219i ne-poroas\u0103. OTTOVAC func\u021bioneaz\u0103 cu 4 baterii AA \u0219i are un senzor de presiune \u00eencorporat cu o func\u021bie automat\u0103 de pornire\/oprire. C\u00e2nd vidul \u00een baza cupei de aspira\u021bie ajunge la -55 kPa, pompa se opre\u0219te automat dup\u0103 o \u00eent\u00e2rziere de trei secunde.<\/p>\n<p>C\u00e2nd nivelul vidului scade sub -55 kPa, pompa se reporne\u0219te automat, ajung\u00e2nd la presiunea necesar\u0103 \u00een timpul opera\u021biei.<\/p>\n","protected":false},"excerpt":{"rendered":"<p>OTTOVAC este un dispozitiv portabil de ridicare cu vid electric destinat ridic\u0103rii \u0219i mut\u0103rii sticlei \u0219i a oric\u0103rui alt material care are o suprafa\u021b\u0103 neted\u0103, plan\u0103 \u0219i ne-poroas\u0103.<\/p>\n<ul>\n<li>Este complet electric, func\u021bioneaz\u0103 cu 4 baterii AA; nu este necesar\u0103 pomparea manual\u0103<\/li>\n<li>Fiabilitate \u0219i siguran\u021b\u0103: Senzor de presiune \u00eencorporat cu func\u021bie automat\u0103 de pornire\/oprire<\/li>\n<li>Capacitatea maxim\u0103 de ridicare este de 200 kg (440 lbs)<\/li>\n<li>Func\u021bioneaz\u0103 pe suprafe\u021be texturate<\/li>\n<li>Indicator luminos cu LED-uri ro\u0219ii\/verzi pentru durata de via\u021b\u0103 a bateriei<\/li>\n<li>Fiabilitate: Nu mai fi\u021bi frustrat de faptul c\u0103 ventuzele manuale \u00ee\u0219i pierd presiunea \u0219i nu mai re\u021bin vacuumul la materialul dvs. OTTOVAC elimin\u0103 orice ne\u00een\u021belegere.<\/li>\n<\/ul>\n<p>https:\/\/youtu.be\/HEv4KsRn_EU<\/p>\n","protected":false},"featured_media":9511,"comment_status":"open","ping_status":"closed","template":"","meta":{"_acf_changed":false},"product_brand":[],"product_cat":[237],"product_tag":[],"class_list":{"0":"post-8170","1":"product","2":"type-product","3":"status-publish","4":"has-post-thumbnail","6":"product_cat-tools-ro","8":"first","9":"instock","10":"taxable","11":"shipping-taxable","12":"purchasable","13":"product-type-simple"},"acf":[],"yoast_head":"<!-- This site is optimized with the Yoast SEO plugin v27.2 - https:\/\/yoast.com\/product\/yoast-seo-wordpress\/ -->\n<title>OTTOVAC - GRABO Factory Shop<\/title>\n<meta name=\"description\" content=\"OTTOVAC este un dispozitiv portabil de ridicare cu vid electric pentru ridicarea \u0219i mutarea sticlei \u0219i a oric\u0103rui alt material care are o suprafa\u021b\u0103 neted\u0103, plan\u0103 \u0219i ne-poroas\u0103.\" \/>\n<meta name=\"robots\" content=\"index, follow, max-snippet:-1, max-image-preview:large, max-video-preview:-1\" \/>\n<link rel=\"canonical\" href=\"https:\/\/order.grabo.com\/ro\/product\/ottovac-eu\/\" \/>\n<meta property=\"og:locale\" content=\"ro_RO\" \/>\n<meta property=\"og:type\" content=\"article\" \/>\n<meta property=\"og:title\" content=\"OTTOVAC - GRABO Factory Shop\" \/>\n<meta property=\"og:description\" content=\"OTTOVAC este un dispozitiv portabil de ridicare cu vid electric pentru ridicarea \u0219i mutarea sticlei \u0219i a oric\u0103rui alt material care are o suprafa\u021b\u0103 neted\u0103, plan\u0103 \u0219i ne-poroas\u0103.\" \/>\n<meta property=\"og:url\" content=\"https:\/\/order.grabo.com\/ro\/product\/ottovac-eu\/\" \/>\n<meta property=\"og:site_name\" content=\"GRABO Factory Shop\" \/>\n<meta property=\"article:publisher\" content=\"https:\/\/www.facebook.com\/GRABO.tools\" \/>\n<meta property=\"article:modified_time\" content=\"2025-12-05T23:11:07+00:00\" \/>\n<meta property=\"og:image\" content=\"https:\/\/order.grabo.com\/wp-content\/uploads\/2023\/02\/Flat-lay-image-3-scaled.jpg\" \/>\n\t<meta property=\"og:image:width\" content=\"2560\" \/>\n\t<meta property=\"og:image:height\" content=\"2558\" \/>\n\t<meta property=\"og:image:type\" content=\"image\/jpeg\" \/>\n<meta name=\"twitter:card\" content=\"summary_large_image\" \/>\n<meta name=\"twitter:site\" content=\"@grabotools\" \/>\n<meta name=\"twitter:label1\" content=\"Timp estimat pentru citire\" \/>\n\t<meta name=\"twitter:data1\" content=\"1 minut\" \/>\n<script type=\"application\/ld+json\" class=\"yoast-schema-graph\">{\"@context\":\"https:\/\/schema.org\",\"@graph\":[{\"@type\":\"WebPage\",\"@id\":\"https:\/\/order.grabo.com\/ro\/product\/ottovac-eu\/\",\"url\":\"https:\/\/order.grabo.com\/ro\/product\/ottovac-eu\/\",\"name\":\"OTTOVAC - GRABO Factory Shop\",\"isPartOf\":{\"@id\":\"https:\/\/order.grabo.com\/ro\/#website\"},\"primaryImageOfPage\":{\"@id\":\"https:\/\/order.grabo.com\/ro\/product\/ottovac-eu\/#primaryimage\"},\"image\":{\"@id\":\"https:\/\/order.grabo.com\/ro\/product\/ottovac-eu\/#primaryimage\"},\"thumbnailUrl\":\"https:\/\/order.grabo.com\/wp-content\/uploads\/2023\/02\/Flat-lay-image-3-scaled.jpg\",\"datePublished\":\"2023-02-16T02:35:48+00:00\",\"dateModified\":\"2025-12-05T23:11:07+00:00\",\"description\":\"OTTOVAC este un dispozitiv portabil de ridicare cu vid electric pentru ridicarea \u0219i mutarea sticlei \u0219i a oric\u0103rui alt material care are o suprafa\u021b\u0103 neted\u0103, plan\u0103 \u0219i ne-poroas\u0103.\",\"breadcrumb\":{\"@id\":\"https:\/\/order.grabo.com\/ro\/product\/ottovac-eu\/#breadcrumb\"},\"inLanguage\":\"ro-RO\",\"potentialAction\":[{\"@type\":\"ReadAction\",\"target\":[\"https:\/\/order.grabo.com\/ro\/product\/ottovac-eu\/\"]}]},{\"@type\":\"ImageObject\",\"inLanguage\":\"ro-RO\",\"@id\":\"https:\/\/order.grabo.com\/ro\/product\/ottovac-eu\/#primaryimage\",\"url\":\"https:\/\/order.grabo.com\/wp-content\/uploads\/2023\/02\/Flat-lay-image-3-scaled.jpg\",\"contentUrl\":\"https:\/\/order.grabo.com\/wp-content\/uploads\/2023\/02\/Flat-lay-image-3-scaled.jpg\",\"width\":2560,\"height\":2558},{\"@type\":\"BreadcrumbList\",\"@id\":\"https:\/\/order.grabo.com\/ro\/product\/ottovac-eu\/#breadcrumb\",\"itemListElement\":[{\"@type\":\"ListItem\",\"position\":1,\"name\":\"Home\",\"item\":\"https:\/\/order.grabo.com\/ro\/\"},{\"@type\":\"ListItem\",\"position\":2,\"name\":\"GRABO Factory Shop\",\"item\":\"https:\/\/order.grabo.com\/\"},{\"@type\":\"ListItem\",\"position\":3,\"name\":\"OTTOVAC\"}]},{\"@type\":\"WebSite\",\"@id\":\"https:\/\/order.grabo.com\/ro\/#website\",\"url\":\"https:\/\/order.grabo.com\/ro\/\",\"name\":\"GRABO Factory Shop\",\"description\":\"GRABO Factory Shop\",\"publisher\":{\"@id\":\"https:\/\/order.grabo.com\/ro\/#organization\"},\"potentialAction\":[{\"@type\":\"SearchAction\",\"target\":{\"@type\":\"EntryPoint\",\"urlTemplate\":\"https:\/\/order.grabo.com\/ro\/?s={search_term_string}\"},\"query-input\":{\"@type\":\"PropertyValueSpecification\",\"valueRequired\":true,\"valueName\":\"search_term_string\"}}],\"inLanguage\":\"ro-RO\"},{\"@type\":\"Organization\",\"@id\":\"https:\/\/order.grabo.com\/ro\/#organization\",\"name\":\"GRABO\",\"url\":\"https:\/\/order.grabo.com\/ro\/\",\"logo\":{\"@type\":\"ImageObject\",\"inLanguage\":\"ro-RO\",\"@id\":\"https:\/\/order.grabo.com\/ro\/#\/schema\/logo\/image\/\",\"url\":\"https:\/\/order.grabo.com\/wp-content\/uploads\/2020\/12\/GRABO-Pro-1.jpeg\",\"contentUrl\":\"https:\/\/order.grabo.com\/wp-content\/uploads\/2020\/12\/GRABO-Pro-1.jpeg\",\"width\":1712,\"height\":1712,\"caption\":\"GRABO\"},\"image\":{\"@id\":\"https:\/\/order.grabo.com\/ro\/#\/schema\/logo\/image\/\"},\"sameAs\":[\"https:\/\/www.facebook.com\/GRABO.tools\",\"https:\/\/x.com\/grabotools\",\"https:\/\/www.instagram.com\/grabo.tools\/?hl=en\"]}]}<\/script>\n<!-- \/ Yoast SEO plugin. -->","yoast_head_json":{"title":"OTTOVAC - GRABO Factory Shop","description":"OTTOVAC este un dispozitiv portabil de ridicare cu vid electric pentru ridicarea \u0219i mutarea sticlei \u0219i a oric\u0103rui alt material care are o suprafa\u021b\u0103 neted\u0103, plan\u0103 \u0219i ne-poroas\u0103.","robots":{"index":"index","follow":"follow","max-snippet":"max-snippet:-1","max-image-preview":"max-image-preview:large","max-video-preview":"max-video-preview:-1"},"canonical":"https:\/\/order.grabo.com\/ro\/product\/ottovac-eu\/","og_locale":"ro_RO","og_type":"article","og_title":"OTTOVAC - GRABO Factory Shop","og_description":"OTTOVAC este un dispozitiv portabil de ridicare cu vid electric pentru ridicarea \u0219i mutarea sticlei \u0219i a oric\u0103rui alt material care are o suprafa\u021b\u0103 neted\u0103, plan\u0103 \u0219i ne-poroas\u0103.","og_url":"https:\/\/order.grabo.com\/ro\/product\/ottovac-eu\/","og_site_name":"GRABO Factory Shop","article_publisher":"https:\/\/www.facebook.com\/GRABO.tools","article_modified_time":"2025-12-05T23:11:07+00:00","og_image":[{"width":2560,"height":2558,"url":"https:\/\/order.grabo.com\/wp-content\/uploads\/2023\/02\/Flat-lay-image-3-scaled.jpg","type":"image\/jpeg"}],"twitter_card":"summary_large_image","twitter_site":"@grabotools","twitter_misc":{"Timp estimat pentru citire":"1 minut"},"schema":{"@context":"https:\/\/schema.org","@graph":[{"@type":"WebPage","@id":"https:\/\/order.grabo.com\/ro\/product\/ottovac-eu\/","url":"https:\/\/order.grabo.com\/ro\/product\/ottovac-eu\/","name":"OTTOVAC - GRABO Factory Shop","isPartOf":{"@id":"https:\/\/order.grabo.com\/ro\/#website"},"primaryImageOfPage":{"@id":"https:\/\/order.grabo.com\/ro\/product\/ottovac-eu\/#primaryimage"},"image":{"@id":"https:\/\/order.grabo.com\/ro\/product\/ottovac-eu\/#primaryimage"},"thumbnailUrl":"https:\/\/order.grabo.com\/wp-content\/uploads\/2023\/02\/Flat-lay-image-3-scaled.jpg","datePublished":"2023-02-16T02:35:48+00:00","dateModified":"2025-12-05T23:11:07+00:00","description":"OTTOVAC este un dispozitiv portabil de ridicare cu vid electric pentru ridicarea \u0219i mutarea sticlei \u0219i a oric\u0103rui alt material care are o suprafa\u021b\u0103 neted\u0103, plan\u0103 \u0219i ne-poroas\u0103.","breadcrumb":{"@id":"https:\/\/order.grabo.com\/ro\/product\/ottovac-eu\/#breadcrumb"},"inLanguage":"ro-RO","potentialAction":[{"@type":"ReadAction","target":["https:\/\/order.grabo.com\/ro\/product\/ottovac-eu\/"]}]},{"@type":"ImageObject","inLanguage":"ro-RO","@id":"https:\/\/order.grabo.com\/ro\/product\/ottovac-eu\/#primaryimage","url":"https:\/\/order.grabo.com\/wp-content\/uploads\/2023\/02\/Flat-lay-image-3-scaled.jpg","contentUrl":"https:\/\/order.grabo.com\/wp-content\/uploads\/2023\/02\/Flat-lay-image-3-scaled.jpg","width":2560,"height":2558},{"@type":"BreadcrumbList","@id":"https:\/\/order.grabo.com\/ro\/product\/ottovac-eu\/#breadcrumb","itemListElement":[{"@type":"ListItem","position":1,"name":"Home","item":"https:\/\/order.grabo.com\/ro\/"},{"@type":"ListItem","position":2,"name":"GRABO Factory Shop","item":"https:\/\/order.grabo.com\/"},{"@type":"ListItem","position":3,"name":"OTTOVAC"}]},{"@type":"WebSite","@id":"https:\/\/order.grabo.com\/ro\/#website","url":"https:\/\/order.grabo.com\/ro\/","name":"GRABO Factory Shop","description":"GRABO Factory Shop","publisher":{"@id":"https:\/\/order.grabo.com\/ro\/#organization"},"potentialAction":[{"@type":"SearchAction","target":{"@type":"EntryPoint","urlTemplate":"https:\/\/order.grabo.com\/ro\/?s={search_term_string}"},"query-input":{"@type":"PropertyValueSpecification","valueRequired":true,"valueName":"search_term_string"}}],"inLanguage":"ro-RO"},{"@type":"Organization","@id":"https:\/\/order.grabo.com\/ro\/#organization","name":"GRABO","url":"https:\/\/order.grabo.com\/ro\/","logo":{"@type":"ImageObject","inLanguage":"ro-RO","@id":"https:\/\/order.grabo.com\/ro\/#\/schema\/logo\/image\/","url":"https:\/\/order.grabo.com\/wp-content\/uploads\/2020\/12\/GRABO-Pro-1.jpeg","contentUrl":"https:\/\/order.grabo.com\/wp-content\/uploads\/2020\/12\/GRABO-Pro-1.jpeg","width":1712,"height":1712,"caption":"GRABO"},"image":{"@id":"https:\/\/order.grabo.com\/ro\/#\/schema\/logo\/image\/"},"sameAs":["https:\/\/www.facebook.com\/GRABO.tools","https:\/\/x.com\/grabotools","https:\/\/www.instagram.com\/grabo.tools\/?hl=en"]}]}},"_links":{"self":[{"href":"https:\/\/order.grabo.com\/ro\/wp-json\/wp\/v2\/product\/8170","targetHints":{"allow":["GET"]}}],"collection":[{"href":"https:\/\/order.grabo.com\/ro\/wp-json\/wp\/v2\/product"}],"about":[{"href":"https:\/\/order.grabo.com\/ro\/wp-json\/wp\/v2\/types\/product"}],"replies":[{"embeddable":true,"href":"https:\/\/order.grabo.com\/ro\/wp-json\/wp\/v2\/comments?post=8170"}],"wp:featuredmedia":[{"embeddable":true,"href":"https:\/\/order.grabo.com\/ro\/wp-json\/wp\/v2\/media\/9511"}],"wp:attachment":[{"href":"https:\/\/order.grabo.com\/ro\/wp-json\/wp\/v2\/media?parent=8170"}],"wp:term":[{"taxonomy":"product_brand","embeddable":true,"href":"https:\/\/order.grabo.com\/ro\/wp-json\/wp\/v2\/product_brand?post=8170"},{"taxonomy":"product_cat","embeddable":true,"href":"https:\/\/order.grabo.com\/ro\/wp-json\/wp\/v2\/product_cat?post=8170"},{"taxonomy":"product_tag","embeddable":true,"href":"https:\/\/order.grabo.com\/ro\/wp-json\/wp\/v2\/product_tag?post=8170"}],"curies":[{"name":"wp","href":"https:\/\/api.w.org\/{rel}","templated":true}]}}