{"id":9094,"date":"2023-05-04T06:35:14","date_gmt":"2023-05-04T06:35:16","guid":{"rendered":"https:\/\/factory.grabo.com\/?post_type=product&#038;p=9094"},"modified":"2025-12-05T23:00:18","modified_gmt":"2025-12-05T23:00:18","slug":"grabo-battery-copy","status":"publish","type":"product","link":"https:\/\/order.grabo.com\/pl\/product\/grabo-battery-copy\/","title":{"rendered":"GRABO Battery"},"content":{"rendered":"<p>Wysokowydajna bateria - pasuje do wszystkich modeli (14,8VDC 2600mAh Li-ion) zapakowana w kolorowe pude\u0142ko.<\/p>\n<p>Bateria litowo-jonowa 4-celowowa pasuj\u0105ca do wszystkich modeli GRABO. Pasuje do \"Nemo GRABO\", \"GRABO Pro\", \"GRABO Plus\", \"PROBST FXAH GRABO\".<\/p>\n<p><img loading=\"lazy\" decoding=\"async\" class=\"alignnone size-medium wp-image-103\" src=\"https:\/\/order.grabo.com\/wp-content\/uploads\/2020\/12\/GB2500-300x300.jpg\" alt=\"GRABO battery\" width=\"300\" height=\"300\" srcset=\"https:\/\/order.grabo.com\/wp-content\/uploads\/2020\/12\/GB2500-300x300.jpg 300w, https:\/\/order.grabo.com\/wp-content\/uploads\/2020\/12\/GB2500-1024x1024.jpg 1024w, https:\/\/order.grabo.com\/wp-content\/uploads\/2020\/12\/GB2500-150x150.jpg 150w, https:\/\/order.grabo.com\/wp-content\/uploads\/2020\/12\/GB2500-768x768.jpg 768w, https:\/\/order.grabo.com\/wp-content\/uploads\/2020\/12\/GB2500-1536x1536.jpg 1536w, https:\/\/order.grabo.com\/wp-content\/uploads\/2020\/12\/GB2500-2048x2048.jpg 2048w, https:\/\/order.grabo.com\/wp-content\/uploads\/2020\/12\/GB2500-600x600.jpg 600w, https:\/\/order.grabo.com\/wp-content\/uploads\/2020\/12\/GB2500-100x100.jpg 100w, https:\/\/order.grabo.com\/wp-content\/uploads\/2020\/12\/GB2500-scaled.jpg 2560w\" sizes=\"auto, (max-width: 300px) 100vw, 300px\" \/><\/p>\n<h1 class=\"a-size-base-plus a-text-bold\">pecyfikacje dodatkowej baterii GRABO:<\/h1>\n<div id=\"productOverview_feature_div\" class=\"celwidget\" data-feature-name=\"productOverview\" data-csa-c-id=\"empjvt-oe33k5-tgrifm-l14843\" data-cel-widget=\"productOverview_feature_div\">\n<div class=\"a-section a-spacing-small a-spacing-top-small\">\n<table class=\"a-normal a-spacing-micro\">\n<tbody>\n<tr class=\"a-spacing-small po-brand\">\n<td class=\"a-span3\">Marka<\/td>\n<td class=\"a-span9\"><span class=\"a-size-base\">GRABO<\/span><\/td>\n<\/tr>\n<tr class=\"a-spacing-small po-battery.cell_composition\">\n<td class=\"a-span3\">Kompozycja kom\u00f3rek baterii<\/td>\n<td class=\"a-span9\"><span class=\"a-size-base\">Lithium Ion<\/span><\/td>\n<\/tr>\n<tr class=\"a-spacing-small po-unit_count\">\n<td class=\"a-span3\">Ilo\u015b\u0107 jednostek<\/td>\n<td class=\"a-span9\"><span class=\"a-size-base\">1 Count<\/span><\/td>\n<\/tr>\n<tr class=\"a-spacing-small po-voltage\">\n<td class=\"a-span3\">Napi\u0119cie<\/td>\n<td class=\"a-span9\"><span class=\"a-size-base\">14.8 Volts<\/span><\/td>\n<\/tr>\n<tr class=\"a-spacing-small po-item_weight\">\n<td class=\"a-span3\">Waga przedmiotu<\/td>\n<td class=\"a-span9\"><span class=\"a-size-base\">7.04 Ounces<\/span><\/td>\n<\/tr>\n<\/tbody>\n<\/table>\n<\/div>\n<\/div>\n<div id=\"featurebullets_feature_div\" class=\"celwidget\" data-feature-name=\"featurebullets\" data-csa-c-id=\"xkmvu9-3y137d-the7gc-8mz7yh\" data-cel-widget=\"featurebullets_feature_div\">\n<div id=\"feature-bullets\" class=\"a-section a-spacing-medium a-spacing-top-small\">\n<ul class=\"a-unordered-list a-vertical a-spacing-mini\">\n<li>Wysoka jako\u015b\u0107 Zatwierdzone przez OSHA<\/li>\n<li>Czas pracy na pe\u0142ne na\u0142adowanie: 1,5 godziny<\/li>\n<li>Czas \u0142adowania: 2 godziny<\/li>\n<li>Idealne do zastosowa\u0144 przemys\u0142owych i komercyjnych.<\/li>\n<\/ul>\n<\/div>\n<\/div>\n<div id=\"gtx-trans\">\n<div class=\"gtx-trans-icon\"><\/div>\n<\/div>\n","protected":false},"excerpt":{"rendered":"<p>Bateria Grabo to wysokojako\u015bciowa bateria litowo-jonowa o pojemno\u015bci 14.8VDC i 2600mAh. Jest specjalnie zaprojektowana do dopasowania do wszystkich modeli GRABO, zapewniaj\u0105c kompatybilno\u015b\u0107 i optymaln\u0105 wydajno\u015b\u0107. Ta bateria jest doskona\u0142ym zamiennikiem lub dodatkowym \u017ar\u00f3d\u0142em zasilania dla Twojego urz\u0105dzenia GRABO.<\/p>\n","protected":false},"featured_media":18318,"comment_status":"open","ping_status":"closed","template":"","meta":{"_acf_changed":false},"product_brand":[],"product_cat":[233],"product_tag":[],"class_list":{"0":"post-9094","1":"product","2":"type-product","3":"status-publish","4":"has-post-thumbnail","6":"product_cat-accessories-pl","8":"first","9":"instock","10":"taxable","11":"shipping-taxable","12":"purchasable","13":"product-type-simple"},"acf":[],"yoast_head":"<!-- This site is optimized with the Yoast SEO plugin v27.2 - https:\/\/yoast.com\/product\/yoast-seo-wordpress\/ -->\n<title>GRABO Battery - GRABO Factory Shop<\/title>\n<meta name=\"robots\" content=\"index, follow, max-snippet:-1, max-image-preview:large, max-video-preview:-1\" \/>\n<link rel=\"canonical\" href=\"https:\/\/order.grabo.com\/pl\/product\/grabo-battery-copy\/\" \/>\n<meta property=\"og:locale\" content=\"pl_PL\" \/>\n<meta property=\"og:type\" content=\"article\" \/>\n<meta property=\"og:title\" content=\"GRABO Battery - GRABO Factory Shop\" \/>\n<meta property=\"og:description\" content=\"Bateria Grabo to wysokojako\u015bciowa bateria litowo-jonowa o pojemno\u015bci 14.8VDC i 2600mAh. Jest specjalnie zaprojektowana do dopasowania do wszystkich modeli GRABO, zapewniaj\u0105c kompatybilno\u015b\u0107 i optymaln\u0105 wydajno\u015b\u0107. Ta bateria jest doskona\u0142ym zamiennikiem lub dodatkowym \u017ar\u00f3d\u0142em zasilania dla Twojego urz\u0105dzenia GRABO.\" \/>\n<meta property=\"og:url\" content=\"https:\/\/order.grabo.com\/pl\/product\/grabo-battery-copy\/\" \/>\n<meta property=\"og:site_name\" content=\"GRABO Factory Shop\" \/>\n<meta property=\"article:publisher\" content=\"https:\/\/www.facebook.com\/GRABO.tools\" \/>\n<meta property=\"article:modified_time\" content=\"2025-12-05T23:00:18+00:00\" \/>\n<meta property=\"og:image\" content=\"https:\/\/order.grabo.com\/wp-content\/uploads\/2023\/05\/thumbnail.png\" \/>\n\t<meta property=\"og:image:width\" content=\"1500\" \/>\n\t<meta property=\"og:image:height\" content=\"1500\" \/>\n\t<meta property=\"og:image:type\" content=\"image\/png\" \/>\n<meta name=\"twitter:card\" content=\"summary_large_image\" \/>\n<meta name=\"twitter:site\" content=\"@grabotools\" \/>\n<meta name=\"twitter:label1\" content=\"Szacowany czas czytania\" \/>\n\t<meta name=\"twitter:data1\" content=\"1 minuta\" \/>\n<script type=\"application\/ld+json\" class=\"yoast-schema-graph\">{\"@context\":\"https:\/\/schema.org\",\"@graph\":[{\"@type\":\"WebPage\",\"@id\":\"https:\/\/order.grabo.com\/pl\/product\/grabo-battery-copy\/\",\"url\":\"https:\/\/order.grabo.com\/pl\/product\/grabo-battery-copy\/\",\"name\":\"GRABO Battery - GRABO Factory Shop\",\"isPartOf\":{\"@id\":\"https:\/\/order.grabo.com\/pl\/#website\"},\"primaryImageOfPage\":{\"@id\":\"https:\/\/order.grabo.com\/pl\/product\/grabo-battery-copy\/#primaryimage\"},\"image\":{\"@id\":\"https:\/\/order.grabo.com\/pl\/product\/grabo-battery-copy\/#primaryimage\"},\"thumbnailUrl\":\"https:\/\/order.grabo.com\/wp-content\/uploads\/2023\/05\/thumbnail.png\",\"datePublished\":\"2023-05-04T06:35:16+00:00\",\"dateModified\":\"2025-12-05T23:00:18+00:00\",\"breadcrumb\":{\"@id\":\"https:\/\/order.grabo.com\/pl\/product\/grabo-battery-copy\/#breadcrumb\"},\"inLanguage\":\"pl-PL\",\"potentialAction\":[{\"@type\":\"ReadAction\",\"target\":[\"https:\/\/order.grabo.com\/pl\/product\/grabo-battery-copy\/\"]}]},{\"@type\":\"ImageObject\",\"inLanguage\":\"pl-PL\",\"@id\":\"https:\/\/order.grabo.com\/pl\/product\/grabo-battery-copy\/#primaryimage\",\"url\":\"https:\/\/order.grabo.com\/wp-content\/uploads\/2023\/05\/thumbnail.png\",\"contentUrl\":\"https:\/\/order.grabo.com\/wp-content\/uploads\/2023\/05\/thumbnail.png\",\"width\":1500,\"height\":1500},{\"@type\":\"BreadcrumbList\",\"@id\":\"https:\/\/order.grabo.com\/pl\/product\/grabo-battery-copy\/#breadcrumb\",\"itemListElement\":[{\"@type\":\"ListItem\",\"position\":1,\"name\":\"Home\",\"item\":\"https:\/\/order.grabo.com\/pl\/\"},{\"@type\":\"ListItem\",\"position\":2,\"name\":\"GRABO Factory Shop\",\"item\":\"https:\/\/order.grabo.com\/\"},{\"@type\":\"ListItem\",\"position\":3,\"name\":\"GRABO Battery\"}]},{\"@type\":\"WebSite\",\"@id\":\"https:\/\/order.grabo.com\/pl\/#website\",\"url\":\"https:\/\/order.grabo.com\/pl\/\",\"name\":\"GRABO Factory Shop\",\"description\":\"GRABO Factory Shop\",\"publisher\":{\"@id\":\"https:\/\/order.grabo.com\/pl\/#organization\"},\"potentialAction\":[{\"@type\":\"SearchAction\",\"target\":{\"@type\":\"EntryPoint\",\"urlTemplate\":\"https:\/\/order.grabo.com\/pl\/?s={search_term_string}\"},\"query-input\":{\"@type\":\"PropertyValueSpecification\",\"valueRequired\":true,\"valueName\":\"search_term_string\"}}],\"inLanguage\":\"pl-PL\"},{\"@type\":\"Organization\",\"@id\":\"https:\/\/order.grabo.com\/pl\/#organization\",\"name\":\"GRABO\",\"url\":\"https:\/\/order.grabo.com\/pl\/\",\"logo\":{\"@type\":\"ImageObject\",\"inLanguage\":\"pl-PL\",\"@id\":\"https:\/\/order.grabo.com\/pl\/#\/schema\/logo\/image\/\",\"url\":\"https:\/\/order.grabo.com\/wp-content\/uploads\/2020\/12\/GRABO-Pro-1.jpeg\",\"contentUrl\":\"https:\/\/order.grabo.com\/wp-content\/uploads\/2020\/12\/GRABO-Pro-1.jpeg\",\"width\":1712,\"height\":1712,\"caption\":\"GRABO\"},\"image\":{\"@id\":\"https:\/\/order.grabo.com\/pl\/#\/schema\/logo\/image\/\"},\"sameAs\":[\"https:\/\/www.facebook.com\/GRABO.tools\",\"https:\/\/x.com\/grabotools\",\"https:\/\/www.instagram.com\/grabo.tools\/?hl=en\"]}]}<\/script>\n<!-- \/ Yoast SEO plugin. -->","yoast_head_json":{"title":"GRABO Battery - GRABO Factory Shop","robots":{"index":"index","follow":"follow","max-snippet":"max-snippet:-1","max-image-preview":"max-image-preview:large","max-video-preview":"max-video-preview:-1"},"canonical":"https:\/\/order.grabo.com\/pl\/product\/grabo-battery-copy\/","og_locale":"pl_PL","og_type":"article","og_title":"GRABO Battery - GRABO Factory Shop","og_description":"Bateria Grabo to wysokojako\u015bciowa bateria litowo-jonowa o pojemno\u015bci 14.8VDC i 2600mAh. Jest specjalnie zaprojektowana do dopasowania do wszystkich modeli GRABO, zapewniaj\u0105c kompatybilno\u015b\u0107 i optymaln\u0105 wydajno\u015b\u0107. Ta bateria jest doskona\u0142ym zamiennikiem lub dodatkowym \u017ar\u00f3d\u0142em zasilania dla Twojego urz\u0105dzenia GRABO.","og_url":"https:\/\/order.grabo.com\/pl\/product\/grabo-battery-copy\/","og_site_name":"GRABO Factory Shop","article_publisher":"https:\/\/www.facebook.com\/GRABO.tools","article_modified_time":"2025-12-05T23:00:18+00:00","og_image":[{"width":1500,"height":1500,"url":"https:\/\/order.grabo.com\/wp-content\/uploads\/2023\/05\/thumbnail.png","type":"image\/png"}],"twitter_card":"summary_large_image","twitter_site":"@grabotools","twitter_misc":{"Szacowany czas czytania":"1 minuta"},"schema":{"@context":"https:\/\/schema.org","@graph":[{"@type":"WebPage","@id":"https:\/\/order.grabo.com\/pl\/product\/grabo-battery-copy\/","url":"https:\/\/order.grabo.com\/pl\/product\/grabo-battery-copy\/","name":"GRABO Battery - GRABO Factory Shop","isPartOf":{"@id":"https:\/\/order.grabo.com\/pl\/#website"},"primaryImageOfPage":{"@id":"https:\/\/order.grabo.com\/pl\/product\/grabo-battery-copy\/#primaryimage"},"image":{"@id":"https:\/\/order.grabo.com\/pl\/product\/grabo-battery-copy\/#primaryimage"},"thumbnailUrl":"https:\/\/order.grabo.com\/wp-content\/uploads\/2023\/05\/thumbnail.png","datePublished":"2023-05-04T06:35:16+00:00","dateModified":"2025-12-05T23:00:18+00:00","breadcrumb":{"@id":"https:\/\/order.grabo.com\/pl\/product\/grabo-battery-copy\/#breadcrumb"},"inLanguage":"pl-PL","potentialAction":[{"@type":"ReadAction","target":["https:\/\/order.grabo.com\/pl\/product\/grabo-battery-copy\/"]}]},{"@type":"ImageObject","inLanguage":"pl-PL","@id":"https:\/\/order.grabo.com\/pl\/product\/grabo-battery-copy\/#primaryimage","url":"https:\/\/order.grabo.com\/wp-content\/uploads\/2023\/05\/thumbnail.png","contentUrl":"https:\/\/order.grabo.com\/wp-content\/uploads\/2023\/05\/thumbnail.png","width":1500,"height":1500},{"@type":"BreadcrumbList","@id":"https:\/\/order.grabo.com\/pl\/product\/grabo-battery-copy\/#breadcrumb","itemListElement":[{"@type":"ListItem","position":1,"name":"Home","item":"https:\/\/order.grabo.com\/pl\/"},{"@type":"ListItem","position":2,"name":"GRABO Factory Shop","item":"https:\/\/order.grabo.com\/"},{"@type":"ListItem","position":3,"name":"GRABO Battery"}]},{"@type":"WebSite","@id":"https:\/\/order.grabo.com\/pl\/#website","url":"https:\/\/order.grabo.com\/pl\/","name":"GRABO Factory Shop","description":"GRABO Factory Shop","publisher":{"@id":"https:\/\/order.grabo.com\/pl\/#organization"},"potentialAction":[{"@type":"SearchAction","target":{"@type":"EntryPoint","urlTemplate":"https:\/\/order.grabo.com\/pl\/?s={search_term_string}"},"query-input":{"@type":"PropertyValueSpecification","valueRequired":true,"valueName":"search_term_string"}}],"inLanguage":"pl-PL"},{"@type":"Organization","@id":"https:\/\/order.grabo.com\/pl\/#organization","name":"GRABO","url":"https:\/\/order.grabo.com\/pl\/","logo":{"@type":"ImageObject","inLanguage":"pl-PL","@id":"https:\/\/order.grabo.com\/pl\/#\/schema\/logo\/image\/","url":"https:\/\/order.grabo.com\/wp-content\/uploads\/2020\/12\/GRABO-Pro-1.jpeg","contentUrl":"https:\/\/order.grabo.com\/wp-content\/uploads\/2020\/12\/GRABO-Pro-1.jpeg","width":1712,"height":1712,"caption":"GRABO"},"image":{"@id":"https:\/\/order.grabo.com\/pl\/#\/schema\/logo\/image\/"},"sameAs":["https:\/\/www.facebook.com\/GRABO.tools","https:\/\/x.com\/grabotools","https:\/\/www.instagram.com\/grabo.tools\/?hl=en"]}]}},"_links":{"self":[{"href":"https:\/\/order.grabo.com\/pl\/wp-json\/wp\/v2\/product\/9094","targetHints":{"allow":["GET"]}}],"collection":[{"href":"https:\/\/order.grabo.com\/pl\/wp-json\/wp\/v2\/product"}],"about":[{"href":"https:\/\/order.grabo.com\/pl\/wp-json\/wp\/v2\/types\/product"}],"replies":[{"embeddable":true,"href":"https:\/\/order.grabo.com\/pl\/wp-json\/wp\/v2\/comments?post=9094"}],"wp:featuredmedia":[{"embeddable":true,"href":"https:\/\/order.grabo.com\/pl\/wp-json\/wp\/v2\/media\/18318"}],"wp:attachment":[{"href":"https:\/\/order.grabo.com\/pl\/wp-json\/wp\/v2\/media?parent=9094"}],"wp:term":[{"taxonomy":"product_brand","embeddable":true,"href":"https:\/\/order.grabo.com\/pl\/wp-json\/wp\/v2\/product_brand?post=9094"},{"taxonomy":"product_cat","embeddable":true,"href":"https:\/\/order.grabo.com\/pl\/wp-json\/wp\/v2\/product_cat?post=9094"},{"taxonomy":"product_tag","embeddable":true,"href":"https:\/\/order.grabo.com\/pl\/wp-json\/wp\/v2\/product_tag?post=9094"}],"curies":[{"name":"wp","href":"https:\/\/api.w.org\/{rel}","templated":true}]}}