{"id":8118,"date":"2020-12-05T16:23:53","date_gmt":"2020-12-05T16:23:53","guid":{"rendered":"https:\/\/factory.grabo.com\/product\/grabo-pro-lifter-20\/"},"modified":"2025-12-05T23:01:51","modified_gmt":"2025-12-05T23:01:51","slug":"grabo-pro-lifter-20","status":"publish","type":"product","link":"https:\/\/order.grabo.com\/pl\/product\/grabo-pro-lifter-20\/","title":{"rendered":"GRABO PRO"},"content":{"rendered":"<p>GRABO Pro to narz\u0119dzie z serii GRABO z inteligentnym cyfrowym wy\u015bwietlaczem ci\u015bnienia, wygodnie umiejscowionym na uchwycie, z wy\u015bwietlaniem ci\u015bnienia (PSI, Bar) oraz wagi (kg, lb). GRABO Pro posiada wbudowany czujnik ci\u015bnienia, kt\u00f3ry automatycznie w\u0142\u0105cza i wy\u0142\u0105cza pomp\u0119 pr\u00f3\u017cniow\u0105, aby utrzyma\u0107 sta\u0142\u0105 pojemno\u015b\u0107 podnoszenia. Pompa pr\u00f3\u017cniowa GRABO Pro przesuwa 20 litr\u00f3w powietrza na minut\u0119, zapewniaj\u0105c ogromn\u0105 pojemno\u015b\u0107 podnoszenia i zdolno\u015b\u0107 do podnoszenia prawie ka\u017cdej powierzchni o wadze do 375 funt\u00f3w (170 kg). Opatentowane piankowe uszczelnienie gumowe, kt\u00f3re znajduje si\u0119 w zestawie z narz\u0119dziem GRABO Pro, jest mocne i odporne na \u015bcieranie, ale \u0142atwe do wymiany w przypadku uszkodzenia. Po w\u0142\u0105czeniu narz\u0119dzia, uszczelnienie jest tworzone w ci\u0105gu kilku sekund i mocno przylega do prawie ka\u017cdej powierzchni, w tym nier\u00f3wnych i lekko porowatych. GRABO Pro jest wyposa\u017cone w cztery stalowe uchwyty podnosz\u0105ce znajduj\u0105ce si\u0119 po obu stronach uchwytu narz\u0119dzia. Pozwala to na korzystanie z pask\u00f3w podnosz\u0105cych i dodatkowych akcesori\u00f3w.<\/p>\n<p>GRABO Pro obj\u0119ty jest pe\u0142n\u0105, 12-miesi\u0119czn\u0105 gwarancj\u0105 fabryczn\u0105, kt\u00f3ra mo\u017ce zosta\u0107 przed\u0142u\u017cona do 18 miesi\u0119cy po zarejestrowaniu produktu na naszej stronie internetowej. Z profesjonalnym wsparciem technicznym z siedzib\u0105 w USA, je\u015bli masz jakie\u015b problemy, nie wahaj si\u0119 nam powiedzie\u0107. Jeste\u015bmy tutaj, aby ci\u0119 wspiera\u0107!<\/p>\n<p><iframe loading=\"lazy\" title=\"Grabo Pro Introduction and Demonstration\" width=\"500\" height=\"281\" src=\"https:\/\/www.youtube.com\/embed\/X6Mt1kysJHo?feature=oembed\" frameborder=\"0\" allow=\"accelerometer; autoplay; clipboard-write; encrypted-media; gyroscope; picture-in-picture; web-share\" referrerpolicy=\"strict-origin-when-cross-origin\" allowfullscreen><\/iframe><\/p>\n","protected":false},"excerpt":{"rendered":"<p>Przeno\u015bny elektryczny podno\u015bnik pr\u00f3\u017cniowy w zestawie z cyfrowym manometrem umieszczonym na uchwycie, umo\u017cliwiaj\u0105cym \u0142atwe odczytywanie warto\u015bci ci\u015bnienia. Automatyczne czujniki ci\u015bnienia zapewniaj\u0105 sta\u0142\u0105 pr\u00f3\u017cni\u0119. W zestawie znajduje si\u0119 \u0142adowany akumulator, kt\u00f3ry zasila podno\u015bnik pr\u00f3\u017cniowy o ud\u017awigu 375 funt\u00f3w (170 kg).<\/p>\n<p>Zestaw zawiera:<\/p>\n<ul>\n<li>Przeno\u015bny elektryczny podno\u015bnik pr\u00f3\u017cniowy GRABO Pro z cyfrowym manometrem<\/li>\n<li>Automatyczne czujniki ci\u015bnienia w\u0142\u0105czaj\u0105 i wy\u0142\u0105czaj\u0105 pomp\u0119, zapewniaj\u0105c sta\u0142\u0105 pr\u00f3\u017cni\u0119<\/li>\n<li>Wydajno\u015b\u0107 pompowania: 20 litr\u00f3w na minut\u0119 zapewnia ogromn\u0105 zdolno\u015b\u0107 podnoszenia<\/li>\n<li>1 akumulator i \u0142adowarka z adapterami mi\u0119dzynarodowymi<\/li>\n<li>Piankowa uszczelka zamontowana w zestawie<\/li>\n<li>Wytrzyma\u0142a torba nylonowa do przenoszenia<\/li>\n<li>Filtry zapasowe<\/li>\n<li>Instrukcja obs\u0142ugi w j\u0119zyku angielskim wraz z kolorowym opakowaniem.<\/li>\n<\/ul>\n","protected":false},"featured_media":21296,"comment_status":"open","ping_status":"closed","template":"","meta":{"_acf_changed":false},"product_brand":[],"product_cat":[223],"product_tag":[],"class_list":{"0":"post-8118","1":"product","2":"type-product","3":"status-publish","4":"has-post-thumbnail","6":"product_cat-tools-pl","7":"product_shipping_class-free-shipping-pl","9":"first","10":"instock","11":"featured","12":"taxable","13":"shipping-taxable","14":"purchasable","15":"product-type-simple"},"acf":[],"yoast_head":"<!-- This site is optimized with the Yoast SEO plugin v27.2 - https:\/\/yoast.com\/product\/yoast-seo-wordpress\/ -->\n<title>GRABO PRO - GRABO Factory Shop<\/title>\n<meta name=\"description\" content=\"New 2023 upgraded version with digital display - GRABO Pro come with a smart digital pressure sensor, max lifting display and smart settings for both weight and pressure.\" \/>\n<meta name=\"robots\" content=\"index, follow, max-snippet:-1, max-image-preview:large, max-video-preview:-1\" \/>\n<link rel=\"canonical\" href=\"https:\/\/order.grabo.com\/pl\/product\/grabo-pro-lifter-20\/\" \/>\n<meta property=\"og:locale\" content=\"pl_PL\" \/>\n<meta property=\"og:type\" content=\"article\" \/>\n<meta property=\"og:title\" content=\"GRABO PRO - GRABO Factory Shop\" \/>\n<meta property=\"og:description\" content=\"New 2023 upgraded version with digital display - GRABO Pro come with a smart digital pressure sensor, max lifting display and smart settings for both weight and pressure.\" \/>\n<meta property=\"og:url\" content=\"https:\/\/order.grabo.com\/pl\/product\/grabo-pro-lifter-20\/\" \/>\n<meta property=\"og:site_name\" content=\"GRABO Factory Shop\" \/>\n<meta property=\"article:publisher\" content=\"https:\/\/www.facebook.com\/GRABO.tools\" \/>\n<meta property=\"article:modified_time\" content=\"2025-12-05T23:01:51+00:00\" \/>\n<meta property=\"og:image\" content=\"https:\/\/order.grabo.com\/wp-content\/uploads\/2020\/12\/GraboPro_New_USA-1-1024x1024.png\" \/>\n\t<meta property=\"og:image:width\" content=\"1024\" \/>\n\t<meta property=\"og:image:height\" content=\"1024\" \/>\n\t<meta property=\"og:image:type\" content=\"image\/png\" \/>\n<meta name=\"twitter:card\" content=\"summary_large_image\" \/>\n<meta name=\"twitter:site\" content=\"@grabotools\" \/>\n<meta name=\"twitter:label1\" content=\"Szacowany czas czytania\" \/>\n\t<meta name=\"twitter:data1\" content=\"2 minuty\" \/>\n<script type=\"application\/ld+json\" class=\"yoast-schema-graph\">{\"@context\":\"https:\/\/schema.org\",\"@graph\":[{\"@type\":\"WebPage\",\"@id\":\"https:\/\/order.grabo.com\/pl\/product\/grabo-pro-lifter-20\/\",\"url\":\"https:\/\/order.grabo.com\/pl\/product\/grabo-pro-lifter-20\/\",\"name\":\"GRABO PRO - GRABO Factory Shop\",\"isPartOf\":{\"@id\":\"https:\/\/order.grabo.com\/pl\/#website\"},\"primaryImageOfPage\":{\"@id\":\"https:\/\/order.grabo.com\/pl\/product\/grabo-pro-lifter-20\/#primaryimage\"},\"image\":{\"@id\":\"https:\/\/order.grabo.com\/pl\/product\/grabo-pro-lifter-20\/#primaryimage\"},\"thumbnailUrl\":\"https:\/\/order.grabo.com\/wp-content\/uploads\/2020\/12\/GraboPro_New_USA-1.png\",\"datePublished\":\"2020-12-05T16:23:53+00:00\",\"dateModified\":\"2025-12-05T23:01:51+00:00\",\"description\":\"New 2023 upgraded version with digital display - GRABO Pro come with a smart digital pressure sensor, max lifting display and smart settings for both weight and pressure.\",\"breadcrumb\":{\"@id\":\"https:\/\/order.grabo.com\/pl\/product\/grabo-pro-lifter-20\/#breadcrumb\"},\"inLanguage\":\"pl-PL\",\"potentialAction\":[{\"@type\":\"ReadAction\",\"target\":[\"https:\/\/order.grabo.com\/pl\/product\/grabo-pro-lifter-20\/\"]}]},{\"@type\":\"ImageObject\",\"inLanguage\":\"pl-PL\",\"@id\":\"https:\/\/order.grabo.com\/pl\/product\/grabo-pro-lifter-20\/#primaryimage\",\"url\":\"https:\/\/order.grabo.com\/wp-content\/uploads\/2020\/12\/GraboPro_New_USA-1.png\",\"contentUrl\":\"https:\/\/order.grabo.com\/wp-content\/uploads\/2020\/12\/GraboPro_New_USA-1.png\",\"width\":1500,\"height\":1500},{\"@type\":\"BreadcrumbList\",\"@id\":\"https:\/\/order.grabo.com\/pl\/product\/grabo-pro-lifter-20\/#breadcrumb\",\"itemListElement\":[{\"@type\":\"ListItem\",\"position\":1,\"name\":\"Home\",\"item\":\"https:\/\/order.grabo.com\/pl\/\"},{\"@type\":\"ListItem\",\"position\":2,\"name\":\"GRABO Factory Shop\",\"item\":\"https:\/\/order.grabo.com\/\"},{\"@type\":\"ListItem\",\"position\":3,\"name\":\"GRABO PRO\"}]},{\"@type\":\"WebSite\",\"@id\":\"https:\/\/order.grabo.com\/pl\/#website\",\"url\":\"https:\/\/order.grabo.com\/pl\/\",\"name\":\"GRABO Factory Shop\",\"description\":\"GRABO Factory Shop\",\"publisher\":{\"@id\":\"https:\/\/order.grabo.com\/pl\/#organization\"},\"potentialAction\":[{\"@type\":\"SearchAction\",\"target\":{\"@type\":\"EntryPoint\",\"urlTemplate\":\"https:\/\/order.grabo.com\/pl\/?s={search_term_string}\"},\"query-input\":{\"@type\":\"PropertyValueSpecification\",\"valueRequired\":true,\"valueName\":\"search_term_string\"}}],\"inLanguage\":\"pl-PL\"},{\"@type\":\"Organization\",\"@id\":\"https:\/\/order.grabo.com\/pl\/#organization\",\"name\":\"GRABO\",\"url\":\"https:\/\/order.grabo.com\/pl\/\",\"logo\":{\"@type\":\"ImageObject\",\"inLanguage\":\"pl-PL\",\"@id\":\"https:\/\/order.grabo.com\/pl\/#\/schema\/logo\/image\/\",\"url\":\"https:\/\/order.grabo.com\/wp-content\/uploads\/2020\/12\/GRABO-Pro-1.jpeg\",\"contentUrl\":\"https:\/\/order.grabo.com\/wp-content\/uploads\/2020\/12\/GRABO-Pro-1.jpeg\",\"width\":1712,\"height\":1712,\"caption\":\"GRABO\"},\"image\":{\"@id\":\"https:\/\/order.grabo.com\/pl\/#\/schema\/logo\/image\/\"},\"sameAs\":[\"https:\/\/www.facebook.com\/GRABO.tools\",\"https:\/\/x.com\/grabotools\",\"https:\/\/www.instagram.com\/grabo.tools\/?hl=en\"]}]}<\/script>\n<!-- \/ Yoast SEO plugin. -->","yoast_head_json":{"title":"GRABO PRO - GRABO Factory Shop","description":"New 2023 upgraded version with digital display - GRABO Pro come with a smart digital pressure sensor, max lifting display and smart settings for both weight and pressure.","robots":{"index":"index","follow":"follow","max-snippet":"max-snippet:-1","max-image-preview":"max-image-preview:large","max-video-preview":"max-video-preview:-1"},"canonical":"https:\/\/order.grabo.com\/pl\/product\/grabo-pro-lifter-20\/","og_locale":"pl_PL","og_type":"article","og_title":"GRABO PRO - GRABO Factory Shop","og_description":"New 2023 upgraded version with digital display - GRABO Pro come with a smart digital pressure sensor, max lifting display and smart settings for both weight and pressure.","og_url":"https:\/\/order.grabo.com\/pl\/product\/grabo-pro-lifter-20\/","og_site_name":"GRABO Factory Shop","article_publisher":"https:\/\/www.facebook.com\/GRABO.tools","article_modified_time":"2025-12-05T23:01:51+00:00","og_image":[{"width":1024,"height":1024,"url":"https:\/\/order.grabo.com\/wp-content\/uploads\/2020\/12\/GraboPro_New_USA-1-1024x1024.png","type":"image\/png"}],"twitter_card":"summary_large_image","twitter_site":"@grabotools","twitter_misc":{"Szacowany czas czytania":"2 minuty"},"schema":{"@context":"https:\/\/schema.org","@graph":[{"@type":"WebPage","@id":"https:\/\/order.grabo.com\/pl\/product\/grabo-pro-lifter-20\/","url":"https:\/\/order.grabo.com\/pl\/product\/grabo-pro-lifter-20\/","name":"GRABO PRO - GRABO Factory Shop","isPartOf":{"@id":"https:\/\/order.grabo.com\/pl\/#website"},"primaryImageOfPage":{"@id":"https:\/\/order.grabo.com\/pl\/product\/grabo-pro-lifter-20\/#primaryimage"},"image":{"@id":"https:\/\/order.grabo.com\/pl\/product\/grabo-pro-lifter-20\/#primaryimage"},"thumbnailUrl":"https:\/\/order.grabo.com\/wp-content\/uploads\/2020\/12\/GraboPro_New_USA-1.png","datePublished":"2020-12-05T16:23:53+00:00","dateModified":"2025-12-05T23:01:51+00:00","description":"New 2023 upgraded version with digital display - GRABO Pro come with a smart digital pressure sensor, max lifting display and smart settings for both weight and pressure.","breadcrumb":{"@id":"https:\/\/order.grabo.com\/pl\/product\/grabo-pro-lifter-20\/#breadcrumb"},"inLanguage":"pl-PL","potentialAction":[{"@type":"ReadAction","target":["https:\/\/order.grabo.com\/pl\/product\/grabo-pro-lifter-20\/"]}]},{"@type":"ImageObject","inLanguage":"pl-PL","@id":"https:\/\/order.grabo.com\/pl\/product\/grabo-pro-lifter-20\/#primaryimage","url":"https:\/\/order.grabo.com\/wp-content\/uploads\/2020\/12\/GraboPro_New_USA-1.png","contentUrl":"https:\/\/order.grabo.com\/wp-content\/uploads\/2020\/12\/GraboPro_New_USA-1.png","width":1500,"height":1500},{"@type":"BreadcrumbList","@id":"https:\/\/order.grabo.com\/pl\/product\/grabo-pro-lifter-20\/#breadcrumb","itemListElement":[{"@type":"ListItem","position":1,"name":"Home","item":"https:\/\/order.grabo.com\/pl\/"},{"@type":"ListItem","position":2,"name":"GRABO Factory Shop","item":"https:\/\/order.grabo.com\/"},{"@type":"ListItem","position":3,"name":"GRABO PRO"}]},{"@type":"WebSite","@id":"https:\/\/order.grabo.com\/pl\/#website","url":"https:\/\/order.grabo.com\/pl\/","name":"GRABO Factory Shop","description":"GRABO Factory Shop","publisher":{"@id":"https:\/\/order.grabo.com\/pl\/#organization"},"potentialAction":[{"@type":"SearchAction","target":{"@type":"EntryPoint","urlTemplate":"https:\/\/order.grabo.com\/pl\/?s={search_term_string}"},"query-input":{"@type":"PropertyValueSpecification","valueRequired":true,"valueName":"search_term_string"}}],"inLanguage":"pl-PL"},{"@type":"Organization","@id":"https:\/\/order.grabo.com\/pl\/#organization","name":"GRABO","url":"https:\/\/order.grabo.com\/pl\/","logo":{"@type":"ImageObject","inLanguage":"pl-PL","@id":"https:\/\/order.grabo.com\/pl\/#\/schema\/logo\/image\/","url":"https:\/\/order.grabo.com\/wp-content\/uploads\/2020\/12\/GRABO-Pro-1.jpeg","contentUrl":"https:\/\/order.grabo.com\/wp-content\/uploads\/2020\/12\/GRABO-Pro-1.jpeg","width":1712,"height":1712,"caption":"GRABO"},"image":{"@id":"https:\/\/order.grabo.com\/pl\/#\/schema\/logo\/image\/"},"sameAs":["https:\/\/www.facebook.com\/GRABO.tools","https:\/\/x.com\/grabotools","https:\/\/www.instagram.com\/grabo.tools\/?hl=en"]}]}},"_links":{"self":[{"href":"https:\/\/order.grabo.com\/pl\/wp-json\/wp\/v2\/product\/8118","targetHints":{"allow":["GET"]}}],"collection":[{"href":"https:\/\/order.grabo.com\/pl\/wp-json\/wp\/v2\/product"}],"about":[{"href":"https:\/\/order.grabo.com\/pl\/wp-json\/wp\/v2\/types\/product"}],"replies":[{"embeddable":true,"href":"https:\/\/order.grabo.com\/pl\/wp-json\/wp\/v2\/comments?post=8118"}],"wp:featuredmedia":[{"embeddable":true,"href":"https:\/\/order.grabo.com\/pl\/wp-json\/wp\/v2\/media\/21296"}],"wp:attachment":[{"href":"https:\/\/order.grabo.com\/pl\/wp-json\/wp\/v2\/media?parent=8118"}],"wp:term":[{"taxonomy":"product_brand","embeddable":true,"href":"https:\/\/order.grabo.com\/pl\/wp-json\/wp\/v2\/product_brand?post=8118"},{"taxonomy":"product_cat","embeddable":true,"href":"https:\/\/order.grabo.com\/pl\/wp-json\/wp\/v2\/product_cat?post=8118"},{"taxonomy":"product_tag","embeddable":true,"href":"https:\/\/order.grabo.com\/pl\/wp-json\/wp\/v2\/product_tag?post=8118"}],"curies":[{"name":"wp","href":"https:\/\/api.w.org\/{rel}","templated":true}]}}