{"id":8117,"date":"2020-12-06T10:11:54","date_gmt":"2020-12-06T10:11:54","guid":{"rendered":"https:\/\/factory.grabo.com\/product\/nemo-grabo\/"},"modified":"2025-12-05T23:01:01","modified_gmt":"2025-12-05T23:01:01","slug":"nemo-grabo","status":"publish","type":"product","link":"https:\/\/order.grabo.com\/pl\/product\/nemo-grabo\/","title":{"rendered":"NEMO GRABO 1 Battery &#038; 1 Seal"},"content":{"rendered":"<p>Nemo GRABO classic to pierwsze na \u015bwiecie elektryczne urz\u0105dzenie ss\u0105ce zasilane bateri\u0105. Ma wytrzyma\u0142\u0105, mocn\u0105 i \u0142atw\u0105 w obs\u0142udze konstrukcj\u0119, co sprawia, \u017ce od razu sta\u0142 si\u0119 najlepiej sprzedaj\u0105cym si\u0119 produktem. Ci\u015bnienie jest wy\u015bwietlane na mechanicznym manometrze na podstawie narz\u0119dzia dla \u0142atwej obserwacji. U\u017cyj manometru, aby sprawdzi\u0107, czy znajdujesz si\u0119 w bezpiecznej strefie podnoszenia przed podniesieniem materia\u0142u. Pompa pr\u00f3\u017cniowa GRABO przesuwa 20 litr\u00f3w powietrza na minut\u0119, co daje ogromn\u0105 pojemno\u015b\u0107 no\u015bn\u0105 i jest zdolna do podnoszenia prawie ka\u017cdej powierzchni o wadze do 375 funt\u00f3w (170 kg).<\/p>\n<p>Zaopatrzona w opatentowane piankowe uszczelnienie gumowe, kt\u00f3re jest mocne i odporne na zu\u017cycie, a jednocze\u015bnie \u0142atwe do wymiany w przypadku uszkodzenia. Po aktywacji narz\u0119dzia uszczelnienie jest tworzone w ci\u0105gu kilku sekund i mocno przytwierdza si\u0119 do prawie ka\u017cdej powierzchni, w tym nier\u00f3wnych i nieco porowatych. GRABO jest wyposa\u017cony w cztery stalowe uchwyty do podnoszenia znajduj\u0105ce si\u0119 po obu stronach r\u0119koje\u015bci narz\u0119dzia. Pozwala to na korzystanie z pask\u00f3w podnosz\u0105cych i dodatkowych akcesori\u00f3w do monta\u017cu.<\/p>\n<p>GRABO jest obj\u0119ty pe\u0142n\u0105 fabryczn\u0105 gwarancj\u0105 12 miesi\u0119cy, kt\u00f3r\u0105 mo\u017cna przed\u0142u\u017cy\u0107 do 18 miesi\u0119cy po zarejestrowaniu produktu na naszej stronie internetowej. Z profesjonalnym wsparciem technicznym w USA, je\u015bli masz jakie\u015b problemy, nie wahaj si\u0119 powiedzie\u0107 nam. Jeste\u015bmy tutaj, aby pom\u00f3c Ci w pracy!<\/p>\n<p>Zestaw NEMO GRABO zawiera:<\/p>\n<ul>\n<li>Klasyczny przeno\u015bny podno\u015bnik pr\u00f3\u017cniowy GRABO Classic z mechanicznym manometrem ci\u015bnienia<\/li>\n<li>Wydajno\u015b\u0107 pompowania: 20 litr\u00f3w na minut\u0119<\/li>\n<li>Bateria i \u0142adowarka z mi\u0119dzynarodowym adapterem<\/li>\n<li>Wst\u0119pnie zamontowane uszczelnienie z pianki gumowej na narz\u0119dziu<\/li>\n<li>Wytrzyma\u0142a torba z nylonu do przenoszenia<\/li>\n<li>Filtry zapasowe<\/li>\n<li>Instrukcja obs\u0142ugi w j\u0119zyku angielskim oraz kolorowe opakowanie.<\/li>\n<\/ul>\n<p><img loading=\"lazy\" decoding=\"async\" class=\"alignnone size-medium wp-image-429\" src=\"https:\/\/order.grabo.com\/wp-content\/uploads\/2020\/12\/Z8A9459-200x300.jpg\" alt=\"\" width=\"200\" height=\"300\" srcset=\"https:\/\/order.grabo.com\/wp-content\/uploads\/2020\/12\/Z8A9459-200x300.jpg 200w, https:\/\/order.grabo.com\/wp-content\/uploads\/2020\/12\/Z8A9459-683x1024.jpg 683w, https:\/\/order.grabo.com\/wp-content\/uploads\/2020\/12\/Z8A9459-768x1152.jpg 768w, https:\/\/order.grabo.com\/wp-content\/uploads\/2020\/12\/Z8A9459-1024x1536.jpg 1024w, https:\/\/order.grabo.com\/wp-content\/uploads\/2020\/12\/Z8A9459-1365x2048.jpg 1365w, https:\/\/order.grabo.com\/wp-content\/uploads\/2020\/12\/Z8A9459-600x900.jpg 600w, https:\/\/order.grabo.com\/wp-content\/uploads\/2020\/12\/Z8A9459-scaled.jpg 1707w\" sizes=\"auto, (max-width: 200px) 100vw, 200px\" \/><img loading=\"lazy\" decoding=\"async\" class=\"alignnone size-medium wp-image-430\" src=\"https:\/\/order.grabo.com\/wp-content\/uploads\/2020\/12\/01-225x300.jpg\" alt=\"\" width=\"225\" height=\"300\" srcset=\"https:\/\/order.grabo.com\/wp-content\/uploads\/2020\/12\/01-225x300.jpg 225w, https:\/\/order.grabo.com\/wp-content\/uploads\/2020\/12\/01-768x1024.jpg 768w, https:\/\/order.grabo.com\/wp-content\/uploads\/2020\/12\/01-1152x1536.jpg 1152w, https:\/\/order.grabo.com\/wp-content\/uploads\/2020\/12\/01-1536x2048.jpg 1536w, https:\/\/order.grabo.com\/wp-content\/uploads\/2020\/12\/01-600x800.jpg 600w, https:\/\/order.grabo.com\/wp-content\/uploads\/2020\/12\/01-scaled.jpg 1920w\" sizes=\"auto, (max-width: 225px) 100vw, 225px\" \/> <img loading=\"lazy\" decoding=\"async\" class=\"alignnone size-medium wp-image-431\" src=\"https:\/\/order.grabo.com\/wp-content\/uploads\/2020\/12\/0Z8A7335-300x200.jpg\" alt=\"\" width=\"300\" height=\"200\" srcset=\"https:\/\/order.grabo.com\/wp-content\/uploads\/2020\/12\/0Z8A7335-300x200.jpg 300w, https:\/\/order.grabo.com\/wp-content\/uploads\/2020\/12\/0Z8A7335-1024x683.jpg 1024w, https:\/\/order.grabo.com\/wp-content\/uploads\/2020\/12\/0Z8A7335-768x512.jpg 768w, https:\/\/order.grabo.com\/wp-content\/uploads\/2020\/12\/0Z8A7335-1536x1024.jpg 1536w, https:\/\/order.grabo.com\/wp-content\/uploads\/2020\/12\/0Z8A7335-2048x1365.jpg 2048w, https:\/\/order.grabo.com\/wp-content\/uploads\/2020\/12\/0Z8A7335-600x400.jpg 600w, https:\/\/order.grabo.com\/wp-content\/uploads\/2020\/12\/0Z8A7335-scaled.jpg 2560w\" sizes=\"auto, (max-width: 300px) 100vw, 300px\" \/><\/p>\n<p><iframe loading=\"lazy\" title=\"Nemo GRABO Introduction and Demonstration\" width=\"500\" height=\"281\" src=\"https:\/\/www.youtube.com\/embed\/-luPqXXl8ug?feature=oembed\" frameborder=\"0\" allow=\"accelerometer; autoplay; clipboard-write; encrypted-media; gyroscope; picture-in-picture; web-share\" referrerpolicy=\"strict-origin-when-cross-origin\" allowfullscreen><\/iframe><\/p>\n<p>&nbsp;<\/p>\n","protected":false},"excerpt":{"rendered":"<p>Zestaw NEMO GRABO zawiera:<\/p>\n<ul>\n<li>Klasyczny przeno\u015bny podno\u015bnik pr\u00f3\u017cniowy GRABO Classic z mechanicznym manometrem ci\u015bnienia<\/li>\n<li>Wydajno\u015b\u0107 pompowania: 20 litr\u00f3w na minut\u0119<\/li>\n<li>Bateria i \u0142adowarka z mi\u0119dzynarodowym adapterem<\/li>\n<li>Wst\u0119pnie zamontowane uszczelnienie z pianki gumowej na narz\u0119dziu<\/li>\n<li>Wytrzyma\u0142a torba z nylonu do przenoszenia<\/li>\n<li>Filtry zapasowe<\/li>\n<li>Instrukcja obs\u0142ugi w j\u0119zyku angielskim oraz kolorowe opakowanie.<\/li>\n<\/ul>\n<p>&nbsp;<\/p>\n","protected":false},"featured_media":21074,"comment_status":"open","ping_status":"closed","template":"","meta":{"_acf_changed":false},"product_brand":[],"product_cat":[223],"product_tag":[],"class_list":{"0":"post-8117","1":"product","2":"type-product","3":"status-publish","4":"has-post-thumbnail","6":"product_cat-tools-pl","8":"first","9":"instock","10":"featured","11":"taxable","12":"shipping-taxable","13":"purchasable","14":"product-type-simple"},"acf":[],"yoast_head":"<!-- This site is optimized with the Yoast SEO plugin v27.3 - https:\/\/yoast.com\/product\/yoast-seo-wordpress\/ -->\n<title>NEMO GRABO 1 Battery &amp; 1 Seal - GRABO Factory Shop<\/title>\n<meta name=\"description\" content=\"Oryginalny GRABO. Klasyczne narz\u0119dzie, kt\u00f3re zmieni\u0142o spos\u00f3b podnoszenia, utrzymywania, stabilizowania i przemieszczania materia\u0142\u00f3w. GRABO udowodni\u0142, \u017ce jest ostatecznym graczem zmieniaj\u0105cym zasady gry.\" \/>\n<meta name=\"robots\" content=\"index, follow, max-snippet:-1, max-image-preview:large, max-video-preview:-1\" \/>\n<link rel=\"canonical\" href=\"https:\/\/order.grabo.com\/pl\/product\/nemo-grabo\/\" \/>\n<meta property=\"og:locale\" content=\"pl_PL\" \/>\n<meta property=\"og:type\" content=\"article\" \/>\n<meta property=\"og:title\" content=\"NEMO GRABO 1 Battery &amp; 1 Seal - GRABO Factory Shop\" \/>\n<meta property=\"og:description\" content=\"Oryginalny GRABO. Klasyczne narz\u0119dzie, kt\u00f3re zmieni\u0142o spos\u00f3b podnoszenia, utrzymywania, stabilizowania i przemieszczania materia\u0142\u00f3w. GRABO udowodni\u0142, \u017ce jest ostatecznym graczem zmieniaj\u0105cym zasady gry.\" \/>\n<meta property=\"og:url\" content=\"https:\/\/order.grabo.com\/pl\/product\/nemo-grabo\/\" \/>\n<meta property=\"og:site_name\" content=\"GRABO Factory Shop\" \/>\n<meta property=\"article:publisher\" content=\"https:\/\/www.facebook.com\/GRABO.tools\" \/>\n<meta property=\"article:modified_time\" content=\"2025-12-05T23:01:01+00:00\" \/>\n<meta property=\"og:image\" content=\"https:\/\/order.grabo.com\/wp-content\/uploads\/2020\/12\/thumbnail-3-1024x1024.png\" \/>\n\t<meta property=\"og:image:width\" content=\"1024\" \/>\n\t<meta property=\"og:image:height\" content=\"1024\" \/>\n\t<meta property=\"og:image:type\" content=\"image\/png\" \/>\n<meta name=\"twitter:card\" content=\"summary_large_image\" \/>\n<meta name=\"twitter:site\" content=\"@grabotools\" \/>\n<meta name=\"twitter:label1\" content=\"Szacowany czas czytania\" \/>\n\t<meta name=\"twitter:data1\" content=\"2 minuty\" \/>\n<script type=\"application\/ld+json\" class=\"yoast-schema-graph\">{\"@context\":\"https:\\\/\\\/schema.org\",\"@graph\":[{\"@type\":\"WebPage\",\"@id\":\"https:\\\/\\\/order.grabo.com\\\/pl\\\/product\\\/nemo-grabo\\\/\",\"url\":\"https:\\\/\\\/order.grabo.com\\\/pl\\\/product\\\/nemo-grabo\\\/\",\"name\":\"NEMO GRABO 1 Battery & 1 Seal - GRABO Factory Shop\",\"isPartOf\":{\"@id\":\"https:\\\/\\\/order.grabo.com\\\/pl\\\/#website\"},\"primaryImageOfPage\":{\"@id\":\"https:\\\/\\\/order.grabo.com\\\/pl\\\/product\\\/nemo-grabo\\\/#primaryimage\"},\"image\":{\"@id\":\"https:\\\/\\\/order.grabo.com\\\/pl\\\/product\\\/nemo-grabo\\\/#primaryimage\"},\"thumbnailUrl\":\"https:\\\/\\\/order.grabo.com\\\/wp-content\\\/uploads\\\/2020\\\/12\\\/thumbnail-3.png\",\"datePublished\":\"2020-12-06T10:11:54+00:00\",\"dateModified\":\"2025-12-05T23:01:01+00:00\",\"description\":\"Oryginalny GRABO. Klasyczne narz\u0119dzie, kt\u00f3re zmieni\u0142o spos\u00f3b podnoszenia, utrzymywania, stabilizowania i przemieszczania materia\u0142\u00f3w. GRABO udowodni\u0142, \u017ce jest ostatecznym graczem zmieniaj\u0105cym zasady gry.\",\"breadcrumb\":{\"@id\":\"https:\\\/\\\/order.grabo.com\\\/pl\\\/product\\\/nemo-grabo\\\/#breadcrumb\"},\"inLanguage\":\"pl-PL\",\"potentialAction\":[{\"@type\":\"ReadAction\",\"target\":[\"https:\\\/\\\/order.grabo.com\\\/pl\\\/product\\\/nemo-grabo\\\/\"]}]},{\"@type\":\"ImageObject\",\"inLanguage\":\"pl-PL\",\"@id\":\"https:\\\/\\\/order.grabo.com\\\/pl\\\/product\\\/nemo-grabo\\\/#primaryimage\",\"url\":\"https:\\\/\\\/order.grabo.com\\\/wp-content\\\/uploads\\\/2020\\\/12\\\/thumbnail-3.png\",\"contentUrl\":\"https:\\\/\\\/order.grabo.com\\\/wp-content\\\/uploads\\\/2020\\\/12\\\/thumbnail-3.png\",\"width\":1500,\"height\":1500},{\"@type\":\"BreadcrumbList\",\"@id\":\"https:\\\/\\\/order.grabo.com\\\/pl\\\/product\\\/nemo-grabo\\\/#breadcrumb\",\"itemListElement\":[{\"@type\":\"ListItem\",\"position\":1,\"name\":\"Home\",\"item\":\"https:\\\/\\\/order.grabo.com\\\/pl\\\/\"},{\"@type\":\"ListItem\",\"position\":2,\"name\":\"GRABO Factory Shop\",\"item\":\"https:\\\/\\\/order.grabo.com\\\/\"},{\"@type\":\"ListItem\",\"position\":3,\"name\":\"NEMO GRABO 1 Battery &#038; 1 Seal\"}]},{\"@type\":\"WebSite\",\"@id\":\"https:\\\/\\\/order.grabo.com\\\/pl\\\/#website\",\"url\":\"https:\\\/\\\/order.grabo.com\\\/pl\\\/\",\"name\":\"GRABO Factory Shop\",\"description\":\"GRABO Factory Shop\",\"publisher\":{\"@id\":\"https:\\\/\\\/order.grabo.com\\\/pl\\\/#organization\"},\"potentialAction\":[{\"@type\":\"SearchAction\",\"target\":{\"@type\":\"EntryPoint\",\"urlTemplate\":\"https:\\\/\\\/order.grabo.com\\\/pl\\\/?s={search_term_string}\"},\"query-input\":{\"@type\":\"PropertyValueSpecification\",\"valueRequired\":true,\"valueName\":\"search_term_string\"}}],\"inLanguage\":\"pl-PL\"},{\"@type\":\"Organization\",\"@id\":\"https:\\\/\\\/order.grabo.com\\\/pl\\\/#organization\",\"name\":\"GRABO\",\"url\":\"https:\\\/\\\/order.grabo.com\\\/pl\\\/\",\"logo\":{\"@type\":\"ImageObject\",\"inLanguage\":\"pl-PL\",\"@id\":\"https:\\\/\\\/order.grabo.com\\\/pl\\\/#\\\/schema\\\/logo\\\/image\\\/\",\"url\":\"https:\\\/\\\/order.grabo.com\\\/wp-content\\\/uploads\\\/2020\\\/12\\\/GRABO-Pro-1.jpeg\",\"contentUrl\":\"https:\\\/\\\/order.grabo.com\\\/wp-content\\\/uploads\\\/2020\\\/12\\\/GRABO-Pro-1.jpeg\",\"width\":1712,\"height\":1712,\"caption\":\"GRABO\"},\"image\":{\"@id\":\"https:\\\/\\\/order.grabo.com\\\/pl\\\/#\\\/schema\\\/logo\\\/image\\\/\"},\"sameAs\":[\"https:\\\/\\\/www.facebook.com\\\/GRABO.tools\",\"https:\\\/\\\/x.com\\\/grabotools\",\"https:\\\/\\\/www.instagram.com\\\/grabo.tools\\\/?hl=en\"]}]}<\/script>\n<!-- \/ Yoast SEO plugin. -->","yoast_head_json":{"title":"NEMO GRABO 1 Battery & 1 Seal - GRABO Factory Shop","description":"Oryginalny GRABO. Klasyczne narz\u0119dzie, kt\u00f3re zmieni\u0142o spos\u00f3b podnoszenia, utrzymywania, stabilizowania i przemieszczania materia\u0142\u00f3w. GRABO udowodni\u0142, \u017ce jest ostatecznym graczem zmieniaj\u0105cym zasady gry.","robots":{"index":"index","follow":"follow","max-snippet":"max-snippet:-1","max-image-preview":"max-image-preview:large","max-video-preview":"max-video-preview:-1"},"canonical":"https:\/\/order.grabo.com\/pl\/product\/nemo-grabo\/","og_locale":"pl_PL","og_type":"article","og_title":"NEMO GRABO 1 Battery & 1 Seal - GRABO Factory Shop","og_description":"Oryginalny GRABO. Klasyczne narz\u0119dzie, kt\u00f3re zmieni\u0142o spos\u00f3b podnoszenia, utrzymywania, stabilizowania i przemieszczania materia\u0142\u00f3w. GRABO udowodni\u0142, \u017ce jest ostatecznym graczem zmieniaj\u0105cym zasady gry.","og_url":"https:\/\/order.grabo.com\/pl\/product\/nemo-grabo\/","og_site_name":"GRABO Factory Shop","article_publisher":"https:\/\/www.facebook.com\/GRABO.tools","article_modified_time":"2025-12-05T23:01:01+00:00","og_image":[{"width":1024,"height":1024,"url":"https:\/\/order.grabo.com\/wp-content\/uploads\/2020\/12\/thumbnail-3-1024x1024.png","type":"image\/png"}],"twitter_card":"summary_large_image","twitter_site":"@grabotools","twitter_misc":{"Szacowany czas czytania":"2 minuty"},"schema":{"@context":"https:\/\/schema.org","@graph":[{"@type":"WebPage","@id":"https:\/\/order.grabo.com\/pl\/product\/nemo-grabo\/","url":"https:\/\/order.grabo.com\/pl\/product\/nemo-grabo\/","name":"NEMO GRABO 1 Battery & 1 Seal - GRABO Factory Shop","isPartOf":{"@id":"https:\/\/order.grabo.com\/pl\/#website"},"primaryImageOfPage":{"@id":"https:\/\/order.grabo.com\/pl\/product\/nemo-grabo\/#primaryimage"},"image":{"@id":"https:\/\/order.grabo.com\/pl\/product\/nemo-grabo\/#primaryimage"},"thumbnailUrl":"https:\/\/order.grabo.com\/wp-content\/uploads\/2020\/12\/thumbnail-3.png","datePublished":"2020-12-06T10:11:54+00:00","dateModified":"2025-12-05T23:01:01+00:00","description":"Oryginalny GRABO. Klasyczne narz\u0119dzie, kt\u00f3re zmieni\u0142o spos\u00f3b podnoszenia, utrzymywania, stabilizowania i przemieszczania materia\u0142\u00f3w. GRABO udowodni\u0142, \u017ce jest ostatecznym graczem zmieniaj\u0105cym zasady gry.","breadcrumb":{"@id":"https:\/\/order.grabo.com\/pl\/product\/nemo-grabo\/#breadcrumb"},"inLanguage":"pl-PL","potentialAction":[{"@type":"ReadAction","target":["https:\/\/order.grabo.com\/pl\/product\/nemo-grabo\/"]}]},{"@type":"ImageObject","inLanguage":"pl-PL","@id":"https:\/\/order.grabo.com\/pl\/product\/nemo-grabo\/#primaryimage","url":"https:\/\/order.grabo.com\/wp-content\/uploads\/2020\/12\/thumbnail-3.png","contentUrl":"https:\/\/order.grabo.com\/wp-content\/uploads\/2020\/12\/thumbnail-3.png","width":1500,"height":1500},{"@type":"BreadcrumbList","@id":"https:\/\/order.grabo.com\/pl\/product\/nemo-grabo\/#breadcrumb","itemListElement":[{"@type":"ListItem","position":1,"name":"Home","item":"https:\/\/order.grabo.com\/pl\/"},{"@type":"ListItem","position":2,"name":"GRABO Factory Shop","item":"https:\/\/order.grabo.com\/"},{"@type":"ListItem","position":3,"name":"NEMO GRABO 1 Battery &#038; 1 Seal"}]},{"@type":"WebSite","@id":"https:\/\/order.grabo.com\/pl\/#website","url":"https:\/\/order.grabo.com\/pl\/","name":"GRABO Factory Shop","description":"GRABO Factory Shop","publisher":{"@id":"https:\/\/order.grabo.com\/pl\/#organization"},"potentialAction":[{"@type":"SearchAction","target":{"@type":"EntryPoint","urlTemplate":"https:\/\/order.grabo.com\/pl\/?s={search_term_string}"},"query-input":{"@type":"PropertyValueSpecification","valueRequired":true,"valueName":"search_term_string"}}],"inLanguage":"pl-PL"},{"@type":"Organization","@id":"https:\/\/order.grabo.com\/pl\/#organization","name":"GRABO","url":"https:\/\/order.grabo.com\/pl\/","logo":{"@type":"ImageObject","inLanguage":"pl-PL","@id":"https:\/\/order.grabo.com\/pl\/#\/schema\/logo\/image\/","url":"https:\/\/order.grabo.com\/wp-content\/uploads\/2020\/12\/GRABO-Pro-1.jpeg","contentUrl":"https:\/\/order.grabo.com\/wp-content\/uploads\/2020\/12\/GRABO-Pro-1.jpeg","width":1712,"height":1712,"caption":"GRABO"},"image":{"@id":"https:\/\/order.grabo.com\/pl\/#\/schema\/logo\/image\/"},"sameAs":["https:\/\/www.facebook.com\/GRABO.tools","https:\/\/x.com\/grabotools","https:\/\/www.instagram.com\/grabo.tools\/?hl=en"]}]}},"_links":{"self":[{"href":"https:\/\/order.grabo.com\/pl\/wp-json\/wp\/v2\/product\/8117","targetHints":{"allow":["GET"]}}],"collection":[{"href":"https:\/\/order.grabo.com\/pl\/wp-json\/wp\/v2\/product"}],"about":[{"href":"https:\/\/order.grabo.com\/pl\/wp-json\/wp\/v2\/types\/product"}],"replies":[{"embeddable":true,"href":"https:\/\/order.grabo.com\/pl\/wp-json\/wp\/v2\/comments?post=8117"}],"wp:featuredmedia":[{"embeddable":true,"href":"https:\/\/order.grabo.com\/pl\/wp-json\/wp\/v2\/media\/21074"}],"wp:attachment":[{"href":"https:\/\/order.grabo.com\/pl\/wp-json\/wp\/v2\/media?parent=8117"}],"wp:term":[{"taxonomy":"product_brand","embeddable":true,"href":"https:\/\/order.grabo.com\/pl\/wp-json\/wp\/v2\/product_brand?post=8117"},{"taxonomy":"product_cat","embeddable":true,"href":"https:\/\/order.grabo.com\/pl\/wp-json\/wp\/v2\/product_cat?post=8117"},{"taxonomy":"product_tag","embeddable":true,"href":"https:\/\/order.grabo.com\/pl\/wp-json\/wp\/v2\/product_tag?post=8117"}],"curies":[{"name":"wp","href":"https:\/\/api.w.org\/{rel}","templated":true}]}}