{"id":8115,"date":"2020-12-16T05:42:44","date_gmt":"2020-12-16T05:42:44","guid":{"rendered":"https:\/\/factory.grabo.com\/product\/foam-rubber-seal\/"},"modified":"2024-07-26T04:11:52","modified_gmt":"2024-07-26T04:11:52","slug":"foam-rubber-seal","status":"publish","type":"product","link":"https:\/\/order.grabo.com\/pl\/product\/foam-rubber-seal\/","title":{"rendered":"GRABO Standard Foam Seal"},"content":{"rendered":"<div id=\"new_columns-107-391\" class=\"ct-new-columns\" style=\"text-align: left;\">\n<div id=\"div_block-108-391\" class=\"ct-div-block\">\n<div id=\"text_block-114-391\" class=\"ct-text-block\">Podczas ci\u0105g\u0142ego u\u017cytkowania uszczelki ulegaj\u0105 zu\u017cyciu. Gdy uszczelka GRABO zu\u017cyje si\u0119, pojemno\u015b\u0107 no\u015bna spada. W takim przypadku mo\u017cesz wymieni\u0107 zu\u017cyt\u0105 uszczelk\u0119 r\u0119cznie w ci\u0105gu kilku sekund. Mo\u017cesz u\u017cy\u0107 zapasowej, kt\u00f3ra jest dostarczana z zestawem. Alternatywnie, mo\u017cesz kupi\u0107 ich wiele od dystrybutor\u00f3w lub sprzedawc\u00f3w detalicznych. Ta opatentowana piankowa uszczelka o wysokim wsp\u00f3\u0142czynniku tarcia pasuje do wszystkich modeli GRABO.<\/div>\n<\/div>\n<div id=\"div_block-116-391\" class=\"ct-div-block\">\n<div id=\"slider-117-391\" class=\"ct-slider slider-product ct_unique_slider_5883\">\n<div class=\"unslider\">\n<div class=\"oxygen-unslider-container unslider-horizontal\">\n<div id=\"slide-132-756\" class=\"ct-slide\"><img loading=\"lazy\" decoding=\"async\" class=\"alignnone size-medium wp-image-468\" src=\"https:\/\/order.grabo.com\/wp-content\/uploads\/2020\/12\/Z8A5930-1-scaled-1-300x200.jpg\" alt=\"GRABO replacement seal\" width=\"300\" height=\"200\" srcset=\"https:\/\/order.grabo.com\/wp-content\/uploads\/2020\/12\/Z8A5930-1-scaled-1-300x200.jpg 300w, https:\/\/order.grabo.com\/wp-content\/uploads\/2020\/12\/Z8A5930-1-scaled-1-1024x683.jpg 1024w, https:\/\/order.grabo.com\/wp-content\/uploads\/2020\/12\/Z8A5930-1-scaled-1-768x512.jpg 768w, https:\/\/order.grabo.com\/wp-content\/uploads\/2020\/12\/Z8A5930-1-scaled-1-1536x1024.jpg 1536w, https:\/\/order.grabo.com\/wp-content\/uploads\/2020\/12\/Z8A5930-1-scaled-1-2048x1366.jpg 2048w, https:\/\/order.grabo.com\/wp-content\/uploads\/2020\/12\/Z8A5930-1-scaled-1-600x400.jpg 600w, https:\/\/order.grabo.com\/wp-content\/uploads\/2020\/12\/Z8A5930-1-scaled-1.jpg 2560w\" sizes=\"auto, (max-width: 300px) 100vw, 300px\" \/><\/div>\n<\/div>\n<\/div>\n<\/div>\n<\/div>\n<\/div>\n<div id=\"div_block-134-756\" class=\"ct-div-block\" style=\"text-align: left;\">\n<h3 id=\"headline-135-756\" class=\"ct-headline\">Specyfikacje:<\/h3>\n<div id=\"_rich_text-136-756\" class=\"oxy-rich-text table-spec\">\n<table class=\"table-spec\">\n<tbody>\n<tr>\n<th colspan=\"2\">Czarna uszczelka piankowa<\/th>\n<\/tr>\n<tr>\n<th>Materia\u0142<\/th>\n<td>SBR gumowy g\u0105bczasty materia\u0142 piankowy<\/td>\n<\/tr>\n<tr>\n<th>Kolor<\/th>\n<td>Czarny<\/td>\n<\/tr>\n<tr>\n<th>L x W x H<\/th>\n<td>11.5 x 6.9 x 0.7\u201d (293 x 175 x 19 mm)<\/td>\n<\/tr>\n<tr>\n<th>G\u0119sto\u015b\u0107<\/th>\n<td>10.6 Lb\/cft (170 kg\/m^3)<\/td>\n<\/tr>\n<tr>\n<th>Shore C twardo\u015b\u0107<\/th>\n<td>~10 +\/-2<\/td>\n<\/tr>\n<tr>\n<th>Ci\u015bnienie rozrywaj\u0105ce<\/th>\n<td>1800 Psi (126 kg\/cm^2)<\/td>\n<\/tr>\n<tr>\n<th>T\u0142oczenie do wielko\u015bci 25% w<\/th>\n<td>8.5 Psi (6000 kg\/m^2)<\/td>\n<\/tr>\n<tr>\n<th>Absorpcja wody, %<\/th>\n<td>&lt;=5<\/td>\n<\/tr>\n<tr>\n<th>Kurczenie si\u0119 w 160F (70C) przez 24 godziny, %<\/th>\n<td>&lt;=20<\/td>\n<\/tr>\n<tr>\n<th>Zalecana temperatura przechowywania.<\/th>\n<td>Room temperature<\/td>\n<\/tr>\n<tr>\n<th colspan=\"2\">Czerwona uszczelka<\/th>\n<\/tr>\n<tr>\n<th>Materia\u0142<\/th>\n<td>Silicon Foam<\/td>\n<\/tr>\n<tr>\n<th>Kolor<\/th>\n<td>Red<\/td>\n<\/tr>\n<tr>\n<th>G\u0119sto\u015b\u0107<\/th>\n<td>40.5 Lb\/cft (650 kg\/m^3)<\/td>\n<\/tr>\n<tr>\n<th>Shore C twardo\u015b\u0107<\/th>\n<td>55 +\/-5<\/td>\n<\/tr>\n<tr>\n<th>Absorpcja wody, %<\/th>\n<td>&lt;=4<\/td>\n<\/tr>\n<tr>\n<th>Zalecana temperatura przechowywania.<\/th>\n<td>Room temperature<\/td>\n<\/tr>\n<\/tbody>\n<\/table>\n<\/div>\n<\/div>\n<p style=\"text-align: left;\">SKU: RK13001<\/p>\n","protected":false},"excerpt":{"rendered":"<p>Typ A1 to opatentowana uszczelka z gumy o zamkni\u0119tych kom\u00f3rkach i wysokiej tarcie, kt\u00f3ra zosta\u0142a specjalnie zaprojektowana, aby pasowa\u0107 do wszystkich modeli GRABO. Uszczelka wykonana jest z wytrzyma\u0142ych materia\u0142\u00f3w, kt\u00f3re zapewniaj\u0105 szczelne i bezpieczne dopasowanie, chroni\u0105c narz\u0119dzie GRABO przed py\u0142em i zanieczyszczeniami. Produkt jest pakowany w pe\u0142nokolorowe pude\u0142ko, co u\u0142atwia identyfikacj\u0119 i przechowywanie. Ulepsz swoje narz\u0119dzie GRABO za pomoc\u0105 uszczelki z pianki gumowej typu A1, co zapewni bardziej wydajne i niezawodne dzia\u0142anie.<\/p>\n[embed]https:\/\/youtu.be\/ivReLlTKpGs[\/embed]\n","protected":false},"featured_media":20651,"comment_status":"open","ping_status":"closed","template":"","meta":{"_acf_changed":false},"product_brand":[],"product_cat":[233],"product_tag":[],"class_list":{"0":"post-8115","1":"product","2":"type-product","3":"status-publish","4":"has-post-thumbnail","6":"product_cat-accessories-pl","8":"first","9":"instock","10":"taxable","11":"shipping-taxable","12":"purchasable","13":"product-type-simple"},"acf":[],"yoast_head":"<!-- This site is optimized with the Yoast SEO plugin v27.2 - https:\/\/yoast.com\/product\/yoast-seo-wordpress\/ -->\n<title>GRABO Standard Foam Seal - GRABO Factory Shop<\/title>\n<meta name=\"robots\" content=\"index, follow, max-snippet:-1, max-image-preview:large, max-video-preview:-1\" \/>\n<link rel=\"canonical\" href=\"https:\/\/order.grabo.com\/pl\/product\/foam-rubber-seal\/\" \/>\n<meta property=\"og:locale\" content=\"pl_PL\" \/>\n<meta property=\"og:type\" content=\"article\" \/>\n<meta property=\"og:title\" content=\"GRABO Standard Foam Seal - GRABO Factory Shop\" \/>\n<meta property=\"og:description\" content=\"Typ A1 to opatentowana uszczelka z gumy o zamkni\u0119tych kom\u00f3rkach i wysokiej tarcie, kt\u00f3ra zosta\u0142a specjalnie zaprojektowana, aby pasowa\u0107 do wszystkich modeli GRABO. Uszczelka wykonana jest z wytrzyma\u0142ych materia\u0142\u00f3w, kt\u00f3re zapewniaj\u0105 szczelne i bezpieczne dopasowanie, chroni\u0105c narz\u0119dzie GRABO przed py\u0142em i zanieczyszczeniami. Produkt jest pakowany w pe\u0142nokolorowe pude\u0142ko, co u\u0142atwia identyfikacj\u0119 i przechowywanie. Ulepsz swoje narz\u0119dzie GRABO za pomoc\u0105 uszczelki z pianki gumowej typu A1, co zapewni bardziej wydajne i niezawodne dzia\u0142anie.\" \/>\n<meta property=\"og:url\" content=\"https:\/\/order.grabo.com\/pl\/product\/foam-rubber-seal\/\" \/>\n<meta property=\"og:site_name\" content=\"GRABO Factory Shop\" \/>\n<meta property=\"article:publisher\" content=\"https:\/\/www.facebook.com\/GRABO.tools\" \/>\n<meta property=\"article:modified_time\" content=\"2024-07-26T04:11:52+00:00\" \/>\n<meta property=\"og:image\" content=\"https:\/\/order.grabo.com\/wp-content\/uploads\/2020\/12\/Standard-Seal.jpg\" \/>\n\t<meta property=\"og:image:width\" content=\"1500\" \/>\n\t<meta property=\"og:image:height\" content=\"1500\" \/>\n\t<meta property=\"og:image:type\" content=\"image\/jpeg\" \/>\n<meta name=\"twitter:card\" content=\"summary_large_image\" \/>\n<meta name=\"twitter:site\" content=\"@grabotools\" \/>\n<meta name=\"twitter:label1\" content=\"Szacowany czas czytania\" \/>\n\t<meta name=\"twitter:data1\" content=\"1 minuta\" \/>\n<script type=\"application\/ld+json\" class=\"yoast-schema-graph\">{\"@context\":\"https:\/\/schema.org\",\"@graph\":[{\"@type\":\"WebPage\",\"@id\":\"https:\/\/order.grabo.com\/pl\/product\/foam-rubber-seal\/\",\"url\":\"https:\/\/order.grabo.com\/pl\/product\/foam-rubber-seal\/\",\"name\":\"GRABO Standard Foam Seal - GRABO Factory Shop\",\"isPartOf\":{\"@id\":\"https:\/\/order.grabo.com\/pl\/#website\"},\"primaryImageOfPage\":{\"@id\":\"https:\/\/order.grabo.com\/pl\/product\/foam-rubber-seal\/#primaryimage\"},\"image\":{\"@id\":\"https:\/\/order.grabo.com\/pl\/product\/foam-rubber-seal\/#primaryimage\"},\"thumbnailUrl\":\"https:\/\/order.grabo.com\/wp-content\/uploads\/2020\/12\/thumbnail-2.png\",\"datePublished\":\"2020-12-16T05:42:44+00:00\",\"dateModified\":\"2024-07-26T04:11:52+00:00\",\"breadcrumb\":{\"@id\":\"https:\/\/order.grabo.com\/pl\/product\/foam-rubber-seal\/#breadcrumb\"},\"inLanguage\":\"pl-PL\",\"potentialAction\":[{\"@type\":\"ReadAction\",\"target\":[\"https:\/\/order.grabo.com\/pl\/product\/foam-rubber-seal\/\"]}]},{\"@type\":\"ImageObject\",\"inLanguage\":\"pl-PL\",\"@id\":\"https:\/\/order.grabo.com\/pl\/product\/foam-rubber-seal\/#primaryimage\",\"url\":\"https:\/\/order.grabo.com\/wp-content\/uploads\/2020\/12\/thumbnail-2.png\",\"contentUrl\":\"https:\/\/order.grabo.com\/wp-content\/uploads\/2020\/12\/thumbnail-2.png\",\"width\":1500,\"height\":1500},{\"@type\":\"BreadcrumbList\",\"@id\":\"https:\/\/order.grabo.com\/pl\/product\/foam-rubber-seal\/#breadcrumb\",\"itemListElement\":[{\"@type\":\"ListItem\",\"position\":1,\"name\":\"Home\",\"item\":\"https:\/\/order.grabo.com\/pl\/\"},{\"@type\":\"ListItem\",\"position\":2,\"name\":\"GRABO Factory Shop\",\"item\":\"https:\/\/order.grabo.com\/\"},{\"@type\":\"ListItem\",\"position\":3,\"name\":\"GRABO Standard Foam Seal\"}]},{\"@type\":\"WebSite\",\"@id\":\"https:\/\/order.grabo.com\/pl\/#website\",\"url\":\"https:\/\/order.grabo.com\/pl\/\",\"name\":\"GRABO Factory Shop\",\"description\":\"GRABO Factory Shop\",\"publisher\":{\"@id\":\"https:\/\/order.grabo.com\/pl\/#organization\"},\"potentialAction\":[{\"@type\":\"SearchAction\",\"target\":{\"@type\":\"EntryPoint\",\"urlTemplate\":\"https:\/\/order.grabo.com\/pl\/?s={search_term_string}\"},\"query-input\":{\"@type\":\"PropertyValueSpecification\",\"valueRequired\":true,\"valueName\":\"search_term_string\"}}],\"inLanguage\":\"pl-PL\"},{\"@type\":\"Organization\",\"@id\":\"https:\/\/order.grabo.com\/pl\/#organization\",\"name\":\"GRABO\",\"url\":\"https:\/\/order.grabo.com\/pl\/\",\"logo\":{\"@type\":\"ImageObject\",\"inLanguage\":\"pl-PL\",\"@id\":\"https:\/\/order.grabo.com\/pl\/#\/schema\/logo\/image\/\",\"url\":\"https:\/\/order.grabo.com\/wp-content\/uploads\/2020\/12\/GRABO-Pro-1.jpeg\",\"contentUrl\":\"https:\/\/order.grabo.com\/wp-content\/uploads\/2020\/12\/GRABO-Pro-1.jpeg\",\"width\":1712,\"height\":1712,\"caption\":\"GRABO\"},\"image\":{\"@id\":\"https:\/\/order.grabo.com\/pl\/#\/schema\/logo\/image\/\"},\"sameAs\":[\"https:\/\/www.facebook.com\/GRABO.tools\",\"https:\/\/x.com\/grabotools\",\"https:\/\/www.instagram.com\/grabo.tools\/?hl=en\"]}]}<\/script>\n<!-- \/ Yoast SEO plugin. -->","yoast_head_json":{"title":"GRABO Standard Foam Seal - GRABO Factory Shop","robots":{"index":"index","follow":"follow","max-snippet":"max-snippet:-1","max-image-preview":"max-image-preview:large","max-video-preview":"max-video-preview:-1"},"canonical":"https:\/\/order.grabo.com\/pl\/product\/foam-rubber-seal\/","og_locale":"pl_PL","og_type":"article","og_title":"GRABO Standard Foam Seal - GRABO Factory Shop","og_description":"Typ A1 to opatentowana uszczelka z gumy o zamkni\u0119tych kom\u00f3rkach i wysokiej tarcie, kt\u00f3ra zosta\u0142a specjalnie zaprojektowana, aby pasowa\u0107 do wszystkich modeli GRABO. Uszczelka wykonana jest z wytrzyma\u0142ych materia\u0142\u00f3w, kt\u00f3re zapewniaj\u0105 szczelne i bezpieczne dopasowanie, chroni\u0105c narz\u0119dzie GRABO przed py\u0142em i zanieczyszczeniami. Produkt jest pakowany w pe\u0142nokolorowe pude\u0142ko, co u\u0142atwia identyfikacj\u0119 i przechowywanie. Ulepsz swoje narz\u0119dzie GRABO za pomoc\u0105 uszczelki z pianki gumowej typu A1, co zapewni bardziej wydajne i niezawodne dzia\u0142anie.","og_url":"https:\/\/order.grabo.com\/pl\/product\/foam-rubber-seal\/","og_site_name":"GRABO Factory Shop","article_publisher":"https:\/\/www.facebook.com\/GRABO.tools","article_modified_time":"2024-07-26T04:11:52+00:00","og_image":[{"width":1500,"height":1500,"url":"https:\/\/order.grabo.com\/wp-content\/uploads\/2020\/12\/Standard-Seal.jpg","type":"image\/jpeg"}],"twitter_card":"summary_large_image","twitter_site":"@grabotools","twitter_misc":{"Szacowany czas czytania":"1 minuta"},"schema":{"@context":"https:\/\/schema.org","@graph":[{"@type":"WebPage","@id":"https:\/\/order.grabo.com\/pl\/product\/foam-rubber-seal\/","url":"https:\/\/order.grabo.com\/pl\/product\/foam-rubber-seal\/","name":"GRABO Standard Foam Seal - GRABO Factory Shop","isPartOf":{"@id":"https:\/\/order.grabo.com\/pl\/#website"},"primaryImageOfPage":{"@id":"https:\/\/order.grabo.com\/pl\/product\/foam-rubber-seal\/#primaryimage"},"image":{"@id":"https:\/\/order.grabo.com\/pl\/product\/foam-rubber-seal\/#primaryimage"},"thumbnailUrl":"https:\/\/order.grabo.com\/wp-content\/uploads\/2020\/12\/thumbnail-2.png","datePublished":"2020-12-16T05:42:44+00:00","dateModified":"2024-07-26T04:11:52+00:00","breadcrumb":{"@id":"https:\/\/order.grabo.com\/pl\/product\/foam-rubber-seal\/#breadcrumb"},"inLanguage":"pl-PL","potentialAction":[{"@type":"ReadAction","target":["https:\/\/order.grabo.com\/pl\/product\/foam-rubber-seal\/"]}]},{"@type":"ImageObject","inLanguage":"pl-PL","@id":"https:\/\/order.grabo.com\/pl\/product\/foam-rubber-seal\/#primaryimage","url":"https:\/\/order.grabo.com\/wp-content\/uploads\/2020\/12\/thumbnail-2.png","contentUrl":"https:\/\/order.grabo.com\/wp-content\/uploads\/2020\/12\/thumbnail-2.png","width":1500,"height":1500},{"@type":"BreadcrumbList","@id":"https:\/\/order.grabo.com\/pl\/product\/foam-rubber-seal\/#breadcrumb","itemListElement":[{"@type":"ListItem","position":1,"name":"Home","item":"https:\/\/order.grabo.com\/pl\/"},{"@type":"ListItem","position":2,"name":"GRABO Factory Shop","item":"https:\/\/order.grabo.com\/"},{"@type":"ListItem","position":3,"name":"GRABO Standard Foam Seal"}]},{"@type":"WebSite","@id":"https:\/\/order.grabo.com\/pl\/#website","url":"https:\/\/order.grabo.com\/pl\/","name":"GRABO Factory Shop","description":"GRABO Factory Shop","publisher":{"@id":"https:\/\/order.grabo.com\/pl\/#organization"},"potentialAction":[{"@type":"SearchAction","target":{"@type":"EntryPoint","urlTemplate":"https:\/\/order.grabo.com\/pl\/?s={search_term_string}"},"query-input":{"@type":"PropertyValueSpecification","valueRequired":true,"valueName":"search_term_string"}}],"inLanguage":"pl-PL"},{"@type":"Organization","@id":"https:\/\/order.grabo.com\/pl\/#organization","name":"GRABO","url":"https:\/\/order.grabo.com\/pl\/","logo":{"@type":"ImageObject","inLanguage":"pl-PL","@id":"https:\/\/order.grabo.com\/pl\/#\/schema\/logo\/image\/","url":"https:\/\/order.grabo.com\/wp-content\/uploads\/2020\/12\/GRABO-Pro-1.jpeg","contentUrl":"https:\/\/order.grabo.com\/wp-content\/uploads\/2020\/12\/GRABO-Pro-1.jpeg","width":1712,"height":1712,"caption":"GRABO"},"image":{"@id":"https:\/\/order.grabo.com\/pl\/#\/schema\/logo\/image\/"},"sameAs":["https:\/\/www.facebook.com\/GRABO.tools","https:\/\/x.com\/grabotools","https:\/\/www.instagram.com\/grabo.tools\/?hl=en"]}]}},"_links":{"self":[{"href":"https:\/\/order.grabo.com\/pl\/wp-json\/wp\/v2\/product\/8115","targetHints":{"allow":["GET"]}}],"collection":[{"href":"https:\/\/order.grabo.com\/pl\/wp-json\/wp\/v2\/product"}],"about":[{"href":"https:\/\/order.grabo.com\/pl\/wp-json\/wp\/v2\/types\/product"}],"replies":[{"embeddable":true,"href":"https:\/\/order.grabo.com\/pl\/wp-json\/wp\/v2\/comments?post=8115"}],"wp:featuredmedia":[{"embeddable":true,"href":"https:\/\/order.grabo.com\/pl\/wp-json\/wp\/v2\/media\/20651"}],"wp:attachment":[{"href":"https:\/\/order.grabo.com\/pl\/wp-json\/wp\/v2\/media?parent=8115"}],"wp:term":[{"taxonomy":"product_brand","embeddable":true,"href":"https:\/\/order.grabo.com\/pl\/wp-json\/wp\/v2\/product_brand?post=8115"},{"taxonomy":"product_cat","embeddable":true,"href":"https:\/\/order.grabo.com\/pl\/wp-json\/wp\/v2\/product_cat?post=8115"},{"taxonomy":"product_tag","embeddable":true,"href":"https:\/\/order.grabo.com\/pl\/wp-json\/wp\/v2\/product_tag?post=8115"}],"curies":[{"name":"wp","href":"https:\/\/api.w.org\/{rel}","templated":true}]}}