{"id":8114,"date":"2020-12-16T06:16:51","date_gmt":"2020-12-16T06:16:51","guid":{"rendered":"https:\/\/factory.grabo.com\/product\/grabo-canvas-bag\/"},"modified":"2023-04-17T16:22:40","modified_gmt":"2023-04-17T16:22:40","slug":"grabo-canvas-bag","status":"publish","type":"product","link":"https:\/\/order.grabo.com\/pl\/product\/grabo-canvas-bag\/","title":{"rendered":"GRABO Canvas Bag"},"content":{"rendered":"<p>GRABO Canvas Bag to wytrzyma\u0142a i wszechstronna opcja przechowywania narz\u0119dzi GRABO. Wykonana z ci\u0119\u017ckiej tkaniny kanwy, torba ta jest stworzona, aby wytrzyma\u0107 codzienne u\u017cytkowanie. Podw\u00f3jne zamki b\u0142yskawiczne zapewniaj\u0105 \u0142atwy dost\u0119p do narz\u0119dzi, jednocze\u015bnie utrzymuj\u0105c je bezpieczne i chronione. Torba zosta\u0142a zaprojektowana z wieloma przegrodami i kieszeniami, kt\u00f3re pomog\u0105 Ci zorganizowa\u0107 narz\u0119dzia i utrzyma\u0107 je na swoim miejscu.<\/p>\n<p>Torba ta jest idealna dla profesjonalist\u00f3w z bran\u017cy budowlanej, jak r\u00f3wnie\u017c dla mi\u0142o\u015bnik\u00f3w majsterkowania i hobbyst\u00f3w. Jest idealna do prac w terenie, poniewa\u017c narz\u0119dzia mo\u017cna \u0142atwo zabra\u0107 ze sob\u0105. Wygodny uchwyt i regulowany pasek na rami\u0119 sprawiaj\u0105, \u017ce jest wygodna do noszenia, nawet gdy jest w pe\u0142ni za\u0142adowana. Kompaktowy rozmiar torby sprawia, \u017ce jest \u0142atwa do przechowywania w samochodzie, furgonetce lub warsztacie.<\/p>\n<p>GRABO Canvas Bag nie tylko jest trwa\u0142a, ale r\u00f3wnie\u017c stylowa, dzi\u0119ki swojemu nowoczesnemu wygl\u0105dowi. Kolor i logo torby nadaj\u0105 jej profesjonalny wygl\u0105d, kt\u00f3ry na pewno imponuje Twoim kolegom i klientom. Bez wzgl\u0119du na to, czy pracujesz nad du\u017cym projektem budowlanym, czy ma\u0142\u0105 renowacj\u0105 domu, GRABO Canvas Bag to idealne rozwi\u0105zanie przechowywania i transportu Twoich narz\u0119dzi. Jest to doskona\u0142a inwestycja dla ka\u017cdego, kto ceni sobie organizacj\u0119, ochron\u0119 i wygod\u0119 swoich narz\u0119dzi.<\/p>\n<p><img loading=\"lazy\" decoding=\"async\" class=\"alignnone size-medium wp-image-433\" src=\"https:\/\/order.grabo.com\/wp-content\/uploads\/2020\/12\/GRABO-in-BAG-288x300.jpg\" alt=\"\" width=\"288\" height=\"300\" srcset=\"https:\/\/order.grabo.com\/wp-content\/uploads\/2020\/12\/GRABO-in-BAG-288x300.jpg 288w, https:\/\/order.grabo.com\/wp-content\/uploads\/2020\/12\/GRABO-in-BAG-984x1024.jpg 984w, https:\/\/order.grabo.com\/wp-content\/uploads\/2020\/12\/GRABO-in-BAG-768x799.jpg 768w, https:\/\/order.grabo.com\/wp-content\/uploads\/2020\/12\/GRABO-in-BAG-600x624.jpg 600w, https:\/\/order.grabo.com\/wp-content\/uploads\/2020\/12\/GRABO-in-BAG.jpg 1442w\" sizes=\"auto, (max-width: 288px) 100vw, 288px\" \/><\/p>\n<p>SKU: SN23017<\/p>\n","protected":false},"excerpt":{"rendered":"<p>Przedstawiamy GRABO Canvas Bag, idealne rozwi\u0105zanie do przechowywania i transportowania narz\u0119dzi GRABO. Wykonana z wytrzyma\u0142ej tkaniny canvas, ta torba posiada podw\u00f3jne zamki b\u0142yskawiczne, aby narz\u0119dzia by\u0142y bezpieczne i \u0142atwo dost\u0119pne. Wytrzyma\u0142y materia\u0142 canvas jest stworzony, aby wytrzyma\u0107 ci\u0119\u017ckie u\u017cytkowanie, a podw\u00f3jny design zamk\u00f3w b\u0142yskawicznych zapewnia, \u017ce narz\u0119dzia pozostan\u0105 chronione i zorganizowane. Bez wzgl\u0119du na to, czy jeste\u015b profesjonalnym wykonawc\u0105, czy entuzjast\u0105 majsterkowania, GRABO Canvas Bag to niezb\u0119dny element ka\u017cdej kolekcji narz\u0119dzi.<\/p>\n","protected":false},"featured_media":18794,"comment_status":"open","ping_status":"closed","template":"","meta":{"_acf_changed":false},"product_brand":[],"product_cat":[233],"product_tag":[],"class_list":{"0":"post-8114","1":"product","2":"type-product","3":"status-publish","4":"has-post-thumbnail","6":"product_cat-accessories-pl","8":"first","9":"instock","10":"taxable","11":"shipping-taxable","12":"purchasable","13":"product-type-simple"},"acf":[],"yoast_head":"<!-- This site is optimized with the Yoast SEO plugin v27.3 - https:\/\/yoast.com\/product\/yoast-seo-wordpress\/ -->\n<title>GRABO Canvas Bag - GRABO Factory Shop<\/title>\n<meta name=\"robots\" content=\"index, follow, max-snippet:-1, max-image-preview:large, max-video-preview:-1\" \/>\n<link rel=\"canonical\" href=\"https:\/\/order.grabo.com\/pl\/product\/grabo-canvas-bag\/\" \/>\n<meta property=\"og:locale\" content=\"pl_PL\" \/>\n<meta property=\"og:type\" content=\"article\" \/>\n<meta property=\"og:title\" content=\"GRABO Canvas Bag - GRABO Factory Shop\" \/>\n<meta property=\"og:description\" content=\"Przedstawiamy GRABO Canvas Bag, idealne rozwi\u0105zanie do przechowywania i transportowania narz\u0119dzi GRABO. Wykonana z wytrzyma\u0142ej tkaniny canvas, ta torba posiada podw\u00f3jne zamki b\u0142yskawiczne, aby narz\u0119dzia by\u0142y bezpieczne i \u0142atwo dost\u0119pne. Wytrzyma\u0142y materia\u0142 canvas jest stworzony, aby wytrzyma\u0107 ci\u0119\u017ckie u\u017cytkowanie, a podw\u00f3jny design zamk\u00f3w b\u0142yskawicznych zapewnia, \u017ce narz\u0119dzia pozostan\u0105 chronione i zorganizowane. Bez wzgl\u0119du na to, czy jeste\u015b profesjonalnym wykonawc\u0105, czy entuzjast\u0105 majsterkowania, GRABO Canvas Bag to niezb\u0119dny element ka\u017cdej kolekcji narz\u0119dzi.\" \/>\n<meta property=\"og:url\" content=\"https:\/\/order.grabo.com\/pl\/product\/grabo-canvas-bag\/\" \/>\n<meta property=\"og:site_name\" content=\"GRABO Factory Shop\" \/>\n<meta property=\"article:publisher\" content=\"https:\/\/www.facebook.com\/GRABO.tools\" \/>\n<meta property=\"article:modified_time\" content=\"2023-04-17T16:22:40+00:00\" \/>\n<meta property=\"og:image\" content=\"https:\/\/order.grabo.com\/wp-content\/uploads\/2020\/12\/Z8A3664-1024x1022.png\" \/>\n\t<meta property=\"og:image:width\" content=\"1024\" \/>\n\t<meta property=\"og:image:height\" content=\"1022\" \/>\n\t<meta property=\"og:image:type\" content=\"image\/png\" \/>\n<meta name=\"twitter:card\" content=\"summary_large_image\" \/>\n<meta name=\"twitter:site\" content=\"@grabotools\" \/>\n<meta name=\"twitter:label1\" content=\"Szacowany czas czytania\" \/>\n\t<meta name=\"twitter:data1\" content=\"2 minuty\" \/>\n<script type=\"application\/ld+json\" class=\"yoast-schema-graph\">{\"@context\":\"https:\\\/\\\/schema.org\",\"@graph\":[{\"@type\":\"WebPage\",\"@id\":\"https:\\\/\\\/order.grabo.com\\\/pl\\\/product\\\/grabo-canvas-bag\\\/\",\"url\":\"https:\\\/\\\/order.grabo.com\\\/pl\\\/product\\\/grabo-canvas-bag\\\/\",\"name\":\"GRABO Canvas Bag - GRABO Factory Shop\",\"isPartOf\":{\"@id\":\"https:\\\/\\\/order.grabo.com\\\/pl\\\/#website\"},\"primaryImageOfPage\":{\"@id\":\"https:\\\/\\\/order.grabo.com\\\/pl\\\/product\\\/grabo-canvas-bag\\\/#primaryimage\"},\"image\":{\"@id\":\"https:\\\/\\\/order.grabo.com\\\/pl\\\/product\\\/grabo-canvas-bag\\\/#primaryimage\"},\"thumbnailUrl\":\"https:\\\/\\\/order.grabo.com\\\/wp-content\\\/uploads\\\/2020\\\/12\\\/thumbnail.png\",\"datePublished\":\"2020-12-16T06:16:51+00:00\",\"dateModified\":\"2023-04-17T16:22:40+00:00\",\"breadcrumb\":{\"@id\":\"https:\\\/\\\/order.grabo.com\\\/pl\\\/product\\\/grabo-canvas-bag\\\/#breadcrumb\"},\"inLanguage\":\"pl-PL\",\"potentialAction\":[{\"@type\":\"ReadAction\",\"target\":[\"https:\\\/\\\/order.grabo.com\\\/pl\\\/product\\\/grabo-canvas-bag\\\/\"]}]},{\"@type\":\"ImageObject\",\"inLanguage\":\"pl-PL\",\"@id\":\"https:\\\/\\\/order.grabo.com\\\/pl\\\/product\\\/grabo-canvas-bag\\\/#primaryimage\",\"url\":\"https:\\\/\\\/order.grabo.com\\\/wp-content\\\/uploads\\\/2020\\\/12\\\/thumbnail.png\",\"contentUrl\":\"https:\\\/\\\/order.grabo.com\\\/wp-content\\\/uploads\\\/2020\\\/12\\\/thumbnail.png\",\"width\":3000,\"height\":3000},{\"@type\":\"BreadcrumbList\",\"@id\":\"https:\\\/\\\/order.grabo.com\\\/pl\\\/product\\\/grabo-canvas-bag\\\/#breadcrumb\",\"itemListElement\":[{\"@type\":\"ListItem\",\"position\":1,\"name\":\"Home\",\"item\":\"https:\\\/\\\/order.grabo.com\\\/pl\\\/\"},{\"@type\":\"ListItem\",\"position\":2,\"name\":\"GRABO Factory Shop\",\"item\":\"https:\\\/\\\/order.grabo.com\\\/\"},{\"@type\":\"ListItem\",\"position\":3,\"name\":\"GRABO Canvas Bag\"}]},{\"@type\":\"WebSite\",\"@id\":\"https:\\\/\\\/order.grabo.com\\\/pl\\\/#website\",\"url\":\"https:\\\/\\\/order.grabo.com\\\/pl\\\/\",\"name\":\"GRABO Factory Shop\",\"description\":\"GRABO Factory Shop\",\"publisher\":{\"@id\":\"https:\\\/\\\/order.grabo.com\\\/pl\\\/#organization\"},\"potentialAction\":[{\"@type\":\"SearchAction\",\"target\":{\"@type\":\"EntryPoint\",\"urlTemplate\":\"https:\\\/\\\/order.grabo.com\\\/pl\\\/?s={search_term_string}\"},\"query-input\":{\"@type\":\"PropertyValueSpecification\",\"valueRequired\":true,\"valueName\":\"search_term_string\"}}],\"inLanguage\":\"pl-PL\"},{\"@type\":\"Organization\",\"@id\":\"https:\\\/\\\/order.grabo.com\\\/pl\\\/#organization\",\"name\":\"GRABO\",\"url\":\"https:\\\/\\\/order.grabo.com\\\/pl\\\/\",\"logo\":{\"@type\":\"ImageObject\",\"inLanguage\":\"pl-PL\",\"@id\":\"https:\\\/\\\/order.grabo.com\\\/pl\\\/#\\\/schema\\\/logo\\\/image\\\/\",\"url\":\"https:\\\/\\\/order.grabo.com\\\/wp-content\\\/uploads\\\/2020\\\/12\\\/GRABO-Pro-1.jpeg\",\"contentUrl\":\"https:\\\/\\\/order.grabo.com\\\/wp-content\\\/uploads\\\/2020\\\/12\\\/GRABO-Pro-1.jpeg\",\"width\":1712,\"height\":1712,\"caption\":\"GRABO\"},\"image\":{\"@id\":\"https:\\\/\\\/order.grabo.com\\\/pl\\\/#\\\/schema\\\/logo\\\/image\\\/\"},\"sameAs\":[\"https:\\\/\\\/www.facebook.com\\\/GRABO.tools\",\"https:\\\/\\\/x.com\\\/grabotools\",\"https:\\\/\\\/www.instagram.com\\\/grabo.tools\\\/?hl=en\"]}]}<\/script>\n<!-- \/ Yoast SEO plugin. -->","yoast_head_json":{"title":"GRABO Canvas Bag - GRABO Factory Shop","robots":{"index":"index","follow":"follow","max-snippet":"max-snippet:-1","max-image-preview":"max-image-preview:large","max-video-preview":"max-video-preview:-1"},"canonical":"https:\/\/order.grabo.com\/pl\/product\/grabo-canvas-bag\/","og_locale":"pl_PL","og_type":"article","og_title":"GRABO Canvas Bag - GRABO Factory Shop","og_description":"Przedstawiamy GRABO Canvas Bag, idealne rozwi\u0105zanie do przechowywania i transportowania narz\u0119dzi GRABO. Wykonana z wytrzyma\u0142ej tkaniny canvas, ta torba posiada podw\u00f3jne zamki b\u0142yskawiczne, aby narz\u0119dzia by\u0142y bezpieczne i \u0142atwo dost\u0119pne. Wytrzyma\u0142y materia\u0142 canvas jest stworzony, aby wytrzyma\u0107 ci\u0119\u017ckie u\u017cytkowanie, a podw\u00f3jny design zamk\u00f3w b\u0142yskawicznych zapewnia, \u017ce narz\u0119dzia pozostan\u0105 chronione i zorganizowane. Bez wzgl\u0119du na to, czy jeste\u015b profesjonalnym wykonawc\u0105, czy entuzjast\u0105 majsterkowania, GRABO Canvas Bag to niezb\u0119dny element ka\u017cdej kolekcji narz\u0119dzi.","og_url":"https:\/\/order.grabo.com\/pl\/product\/grabo-canvas-bag\/","og_site_name":"GRABO Factory Shop","article_publisher":"https:\/\/www.facebook.com\/GRABO.tools","article_modified_time":"2023-04-17T16:22:40+00:00","og_image":[{"width":1024,"height":1022,"url":"https:\/\/order.grabo.com\/wp-content\/uploads\/2020\/12\/Z8A3664-1024x1022.png","type":"image\/png"}],"twitter_card":"summary_large_image","twitter_site":"@grabotools","twitter_misc":{"Szacowany czas czytania":"2 minuty"},"schema":{"@context":"https:\/\/schema.org","@graph":[{"@type":"WebPage","@id":"https:\/\/order.grabo.com\/pl\/product\/grabo-canvas-bag\/","url":"https:\/\/order.grabo.com\/pl\/product\/grabo-canvas-bag\/","name":"GRABO Canvas Bag - GRABO Factory Shop","isPartOf":{"@id":"https:\/\/order.grabo.com\/pl\/#website"},"primaryImageOfPage":{"@id":"https:\/\/order.grabo.com\/pl\/product\/grabo-canvas-bag\/#primaryimage"},"image":{"@id":"https:\/\/order.grabo.com\/pl\/product\/grabo-canvas-bag\/#primaryimage"},"thumbnailUrl":"https:\/\/order.grabo.com\/wp-content\/uploads\/2020\/12\/thumbnail.png","datePublished":"2020-12-16T06:16:51+00:00","dateModified":"2023-04-17T16:22:40+00:00","breadcrumb":{"@id":"https:\/\/order.grabo.com\/pl\/product\/grabo-canvas-bag\/#breadcrumb"},"inLanguage":"pl-PL","potentialAction":[{"@type":"ReadAction","target":["https:\/\/order.grabo.com\/pl\/product\/grabo-canvas-bag\/"]}]},{"@type":"ImageObject","inLanguage":"pl-PL","@id":"https:\/\/order.grabo.com\/pl\/product\/grabo-canvas-bag\/#primaryimage","url":"https:\/\/order.grabo.com\/wp-content\/uploads\/2020\/12\/thumbnail.png","contentUrl":"https:\/\/order.grabo.com\/wp-content\/uploads\/2020\/12\/thumbnail.png","width":3000,"height":3000},{"@type":"BreadcrumbList","@id":"https:\/\/order.grabo.com\/pl\/product\/grabo-canvas-bag\/#breadcrumb","itemListElement":[{"@type":"ListItem","position":1,"name":"Home","item":"https:\/\/order.grabo.com\/pl\/"},{"@type":"ListItem","position":2,"name":"GRABO Factory Shop","item":"https:\/\/order.grabo.com\/"},{"@type":"ListItem","position":3,"name":"GRABO Canvas Bag"}]},{"@type":"WebSite","@id":"https:\/\/order.grabo.com\/pl\/#website","url":"https:\/\/order.grabo.com\/pl\/","name":"GRABO Factory Shop","description":"GRABO Factory Shop","publisher":{"@id":"https:\/\/order.grabo.com\/pl\/#organization"},"potentialAction":[{"@type":"SearchAction","target":{"@type":"EntryPoint","urlTemplate":"https:\/\/order.grabo.com\/pl\/?s={search_term_string}"},"query-input":{"@type":"PropertyValueSpecification","valueRequired":true,"valueName":"search_term_string"}}],"inLanguage":"pl-PL"},{"@type":"Organization","@id":"https:\/\/order.grabo.com\/pl\/#organization","name":"GRABO","url":"https:\/\/order.grabo.com\/pl\/","logo":{"@type":"ImageObject","inLanguage":"pl-PL","@id":"https:\/\/order.grabo.com\/pl\/#\/schema\/logo\/image\/","url":"https:\/\/order.grabo.com\/wp-content\/uploads\/2020\/12\/GRABO-Pro-1.jpeg","contentUrl":"https:\/\/order.grabo.com\/wp-content\/uploads\/2020\/12\/GRABO-Pro-1.jpeg","width":1712,"height":1712,"caption":"GRABO"},"image":{"@id":"https:\/\/order.grabo.com\/pl\/#\/schema\/logo\/image\/"},"sameAs":["https:\/\/www.facebook.com\/GRABO.tools","https:\/\/x.com\/grabotools","https:\/\/www.instagram.com\/grabo.tools\/?hl=en"]}]}},"_links":{"self":[{"href":"https:\/\/order.grabo.com\/pl\/wp-json\/wp\/v2\/product\/8114","targetHints":{"allow":["GET"]}}],"collection":[{"href":"https:\/\/order.grabo.com\/pl\/wp-json\/wp\/v2\/product"}],"about":[{"href":"https:\/\/order.grabo.com\/pl\/wp-json\/wp\/v2\/types\/product"}],"replies":[{"embeddable":true,"href":"https:\/\/order.grabo.com\/pl\/wp-json\/wp\/v2\/comments?post=8114"}],"wp:featuredmedia":[{"embeddable":true,"href":"https:\/\/order.grabo.com\/pl\/wp-json\/wp\/v2\/media\/18794"}],"wp:attachment":[{"href":"https:\/\/order.grabo.com\/pl\/wp-json\/wp\/v2\/media?parent=8114"}],"wp:term":[{"taxonomy":"product_brand","embeddable":true,"href":"https:\/\/order.grabo.com\/pl\/wp-json\/wp\/v2\/product_brand?post=8114"},{"taxonomy":"product_cat","embeddable":true,"href":"https:\/\/order.grabo.com\/pl\/wp-json\/wp\/v2\/product_cat?post=8114"},{"taxonomy":"product_tag","embeddable":true,"href":"https:\/\/order.grabo.com\/pl\/wp-json\/wp\/v2\/product_tag?post=8114"}],"curies":[{"name":"wp","href":"https:\/\/api.w.org\/{rel}","templated":true}]}}