{"id":8112,"date":"2021-02-19T03:47:48","date_gmt":"2021-02-19T03:47:48","guid":{"rendered":"https:\/\/factory.grabo.com\/product\/erguo-s1-grabo-attachment\/"},"modified":"2024-07-26T03:45:48","modified_gmt":"2024-07-26T03:45:48","slug":"erguo-s1-grabo-attachment","status":"publish","type":"product","link":"https:\/\/order.grabo.com\/pl\/product\/erguo-s1-grabo-attachment\/","title":{"rendered":"GRABO Erguo"},"content":{"rendered":"<p><strong>Erguo S1<\/strong> GRABO Attachment to przeno\u015bny adapter do podnoszenia dla WSZYSTKICH produkt\u00f3w GRABO (z wyj\u0105tkiem GRABO H). Wystarczy zamocowa\u0107 Erguo na czterech zaczepach do podnoszenia, kt\u00f3re znajduj\u0105 si\u0119 na GRABO, a po\u0142\u0105czenie jest ju\u017c bezpieczne. Erguo zosta\u0142 zaprojektowany tak, aby unikn\u0105\u0107 obci\u0105\u017cania plec\u00f3w podczas schylania si\u0119 (pracuj m\u0105drzej, nie ci\u0119\u017cej). Erguo zawiera nast\u0119puj\u0105ce elementy - g\u0142\u00f3wn\u0105 konsol\u0119, konsol\u0119 podporow\u0105 i \u015brub\u0119 regulacyjn\u0105.<\/p>\n","protected":false},"excerpt":{"rendered":"<p>Erguo S1 to przed\u0142u\u017cka ramienia umo\u017cliwiaj\u0105ca ergonomiczne podnoszenie ci\u0119\u017ckich przedmiot\u00f3w bez nara\u017cania kr\u0119gos\u0142upa i ramion na nadmierne obci\u0105\u017cenie. Mo\u017ce by\u0107 u\u017cywana z dowolnym modelem narz\u0119dzia GRABO (z wyj\u0105tkiem GRABO H). S1 jest trwa\u0142a i \u0142atwa w instalacji, co czyni j\u0105 doskona\u0142ym dodatkiem do ka\u017cdego systemu podnoszenia GRABO.<\/p>\n[embed]https:\/\/www.youtube.com\/watch?v=PEblQud5GdA[\/embed]\n","protected":false},"featured_media":18884,"comment_status":"open","ping_status":"closed","template":"","meta":{"_acf_changed":false},"product_brand":[],"product_cat":[233],"product_tag":[],"class_list":{"0":"post-8112","1":"product","2":"type-product","3":"status-publish","4":"has-post-thumbnail","6":"product_cat-accessories-pl","8":"first","9":"instock","10":"taxable","11":"shipping-taxable","12":"purchasable","13":"product-type-simple"},"acf":[],"yoast_head":"<!-- This site is optimized with the Yoast SEO plugin v27.3 - https:\/\/yoast.com\/product\/yoast-seo-wordpress\/ -->\n<title>GRABO Erguo - GRABO Factory Shop<\/title>\n<meta name=\"description\" content=\"Grabo ErGuo to oficjalna r\u0119koje\u015b\u0107 do\u0142\u0105czana do wszystkich narz\u0119dzi Grabo. Nie ma potrzeby schylania si\u0119, aby podnosi\u0107 materia\u0142y z pod\u0142o\u017ca.\" \/>\n<meta name=\"robots\" content=\"index, follow, max-snippet:-1, max-image-preview:large, max-video-preview:-1\" \/>\n<link rel=\"canonical\" href=\"https:\/\/order.grabo.com\/pl\/product\/erguo-s1-grabo-attachment\/\" \/>\n<meta property=\"og:locale\" content=\"pl_PL\" \/>\n<meta property=\"og:type\" content=\"article\" \/>\n<meta property=\"og:title\" content=\"GRABO Erguo - GRABO Factory Shop\" \/>\n<meta property=\"og:description\" content=\"Grabo ErGuo to oficjalna r\u0119koje\u015b\u0107 do\u0142\u0105czana do wszystkich narz\u0119dzi Grabo. Nie ma potrzeby schylania si\u0119, aby podnosi\u0107 materia\u0142y z pod\u0142o\u017ca.\" \/>\n<meta property=\"og:url\" content=\"https:\/\/order.grabo.com\/pl\/product\/erguo-s1-grabo-attachment\/\" \/>\n<meta property=\"og:site_name\" content=\"GRABO Factory Shop\" \/>\n<meta property=\"article:publisher\" content=\"https:\/\/www.facebook.com\/GRABO.tools\" \/>\n<meta property=\"article:modified_time\" content=\"2024-07-26T03:45:48+00:00\" \/>\n<meta property=\"og:image\" content=\"https:\/\/order.grabo.com\/wp-content\/uploads\/2021\/02\/Z8A0244_v2-1-scaled.jpg\" \/>\n\t<meta property=\"og:image:width\" content=\"2555\" \/>\n\t<meta property=\"og:image:height\" content=\"2560\" \/>\n\t<meta property=\"og:image:type\" content=\"image\/jpeg\" \/>\n<meta name=\"twitter:card\" content=\"summary_large_image\" \/>\n<meta name=\"twitter:site\" content=\"@grabotools\" \/>\n<meta name=\"twitter:label1\" content=\"Szacowany czas czytania\" \/>\n\t<meta name=\"twitter:data1\" content=\"1 minuta\" \/>\n<script type=\"application\/ld+json\" class=\"yoast-schema-graph\">{\"@context\":\"https:\\\/\\\/schema.org\",\"@graph\":[{\"@type\":\"WebPage\",\"@id\":\"https:\\\/\\\/order.grabo.com\\\/pl\\\/product\\\/erguo-s1-grabo-attachment\\\/\",\"url\":\"https:\\\/\\\/order.grabo.com\\\/pl\\\/product\\\/erguo-s1-grabo-attachment\\\/\",\"name\":\"GRABO Erguo - GRABO Factory Shop\",\"isPartOf\":{\"@id\":\"https:\\\/\\\/order.grabo.com\\\/pl\\\/#website\"},\"primaryImageOfPage\":{\"@id\":\"https:\\\/\\\/order.grabo.com\\\/pl\\\/product\\\/erguo-s1-grabo-attachment\\\/#primaryimage\"},\"image\":{\"@id\":\"https:\\\/\\\/order.grabo.com\\\/pl\\\/product\\\/erguo-s1-grabo-attachment\\\/#primaryimage\"},\"thumbnailUrl\":\"https:\\\/\\\/order.grabo.com\\\/wp-content\\\/uploads\\\/2021\\\/02\\\/ERG1-1.png\",\"datePublished\":\"2021-02-19T03:47:48+00:00\",\"dateModified\":\"2024-07-26T03:45:48+00:00\",\"description\":\"Grabo ErGuo to oficjalna r\u0119koje\u015b\u0107 do\u0142\u0105czana do wszystkich narz\u0119dzi Grabo. Nie ma potrzeby schylania si\u0119, aby podnosi\u0107 materia\u0142y z pod\u0142o\u017ca.\",\"breadcrumb\":{\"@id\":\"https:\\\/\\\/order.grabo.com\\\/pl\\\/product\\\/erguo-s1-grabo-attachment\\\/#breadcrumb\"},\"inLanguage\":\"pl-PL\",\"potentialAction\":[{\"@type\":\"ReadAction\",\"target\":[\"https:\\\/\\\/order.grabo.com\\\/pl\\\/product\\\/erguo-s1-grabo-attachment\\\/\"]}]},{\"@type\":\"ImageObject\",\"inLanguage\":\"pl-PL\",\"@id\":\"https:\\\/\\\/order.grabo.com\\\/pl\\\/product\\\/erguo-s1-grabo-attachment\\\/#primaryimage\",\"url\":\"https:\\\/\\\/order.grabo.com\\\/wp-content\\\/uploads\\\/2021\\\/02\\\/ERG1-1.png\",\"contentUrl\":\"https:\\\/\\\/order.grabo.com\\\/wp-content\\\/uploads\\\/2021\\\/02\\\/ERG1-1.png\",\"width\":1500,\"height\":1500},{\"@type\":\"BreadcrumbList\",\"@id\":\"https:\\\/\\\/order.grabo.com\\\/pl\\\/product\\\/erguo-s1-grabo-attachment\\\/#breadcrumb\",\"itemListElement\":[{\"@type\":\"ListItem\",\"position\":1,\"name\":\"Home\",\"item\":\"https:\\\/\\\/order.grabo.com\\\/pl\\\/\"},{\"@type\":\"ListItem\",\"position\":2,\"name\":\"GRABO Factory Shop\",\"item\":\"https:\\\/\\\/order.grabo.com\\\/\"},{\"@type\":\"ListItem\",\"position\":3,\"name\":\"GRABO Erguo\"}]},{\"@type\":\"WebSite\",\"@id\":\"https:\\\/\\\/order.grabo.com\\\/pl\\\/#website\",\"url\":\"https:\\\/\\\/order.grabo.com\\\/pl\\\/\",\"name\":\"GRABO Factory Shop\",\"description\":\"GRABO Factory Shop\",\"publisher\":{\"@id\":\"https:\\\/\\\/order.grabo.com\\\/pl\\\/#organization\"},\"potentialAction\":[{\"@type\":\"SearchAction\",\"target\":{\"@type\":\"EntryPoint\",\"urlTemplate\":\"https:\\\/\\\/order.grabo.com\\\/pl\\\/?s={search_term_string}\"},\"query-input\":{\"@type\":\"PropertyValueSpecification\",\"valueRequired\":true,\"valueName\":\"search_term_string\"}}],\"inLanguage\":\"pl-PL\"},{\"@type\":\"Organization\",\"@id\":\"https:\\\/\\\/order.grabo.com\\\/pl\\\/#organization\",\"name\":\"GRABO\",\"url\":\"https:\\\/\\\/order.grabo.com\\\/pl\\\/\",\"logo\":{\"@type\":\"ImageObject\",\"inLanguage\":\"pl-PL\",\"@id\":\"https:\\\/\\\/order.grabo.com\\\/pl\\\/#\\\/schema\\\/logo\\\/image\\\/\",\"url\":\"https:\\\/\\\/order.grabo.com\\\/wp-content\\\/uploads\\\/2020\\\/12\\\/GRABO-Pro-1.jpeg\",\"contentUrl\":\"https:\\\/\\\/order.grabo.com\\\/wp-content\\\/uploads\\\/2020\\\/12\\\/GRABO-Pro-1.jpeg\",\"width\":1712,\"height\":1712,\"caption\":\"GRABO\"},\"image\":{\"@id\":\"https:\\\/\\\/order.grabo.com\\\/pl\\\/#\\\/schema\\\/logo\\\/image\\\/\"},\"sameAs\":[\"https:\\\/\\\/www.facebook.com\\\/GRABO.tools\",\"https:\\\/\\\/x.com\\\/grabotools\",\"https:\\\/\\\/www.instagram.com\\\/grabo.tools\\\/?hl=en\"]}]}<\/script>\n<!-- \/ Yoast SEO plugin. -->","yoast_head_json":{"title":"GRABO Erguo - GRABO Factory Shop","description":"Grabo ErGuo to oficjalna r\u0119koje\u015b\u0107 do\u0142\u0105czana do wszystkich narz\u0119dzi Grabo. Nie ma potrzeby schylania si\u0119, aby podnosi\u0107 materia\u0142y z pod\u0142o\u017ca.","robots":{"index":"index","follow":"follow","max-snippet":"max-snippet:-1","max-image-preview":"max-image-preview:large","max-video-preview":"max-video-preview:-1"},"canonical":"https:\/\/order.grabo.com\/pl\/product\/erguo-s1-grabo-attachment\/","og_locale":"pl_PL","og_type":"article","og_title":"GRABO Erguo - GRABO Factory Shop","og_description":"Grabo ErGuo to oficjalna r\u0119koje\u015b\u0107 do\u0142\u0105czana do wszystkich narz\u0119dzi Grabo. Nie ma potrzeby schylania si\u0119, aby podnosi\u0107 materia\u0142y z pod\u0142o\u017ca.","og_url":"https:\/\/order.grabo.com\/pl\/product\/erguo-s1-grabo-attachment\/","og_site_name":"GRABO Factory Shop","article_publisher":"https:\/\/www.facebook.com\/GRABO.tools","article_modified_time":"2024-07-26T03:45:48+00:00","og_image":[{"width":2555,"height":2560,"url":"https:\/\/order.grabo.com\/wp-content\/uploads\/2021\/02\/Z8A0244_v2-1-scaled.jpg","type":"image\/jpeg"}],"twitter_card":"summary_large_image","twitter_site":"@grabotools","twitter_misc":{"Szacowany czas czytania":"1 minuta"},"schema":{"@context":"https:\/\/schema.org","@graph":[{"@type":"WebPage","@id":"https:\/\/order.grabo.com\/pl\/product\/erguo-s1-grabo-attachment\/","url":"https:\/\/order.grabo.com\/pl\/product\/erguo-s1-grabo-attachment\/","name":"GRABO Erguo - GRABO Factory Shop","isPartOf":{"@id":"https:\/\/order.grabo.com\/pl\/#website"},"primaryImageOfPage":{"@id":"https:\/\/order.grabo.com\/pl\/product\/erguo-s1-grabo-attachment\/#primaryimage"},"image":{"@id":"https:\/\/order.grabo.com\/pl\/product\/erguo-s1-grabo-attachment\/#primaryimage"},"thumbnailUrl":"https:\/\/order.grabo.com\/wp-content\/uploads\/2021\/02\/ERG1-1.png","datePublished":"2021-02-19T03:47:48+00:00","dateModified":"2024-07-26T03:45:48+00:00","description":"Grabo ErGuo to oficjalna r\u0119koje\u015b\u0107 do\u0142\u0105czana do wszystkich narz\u0119dzi Grabo. Nie ma potrzeby schylania si\u0119, aby podnosi\u0107 materia\u0142y z pod\u0142o\u017ca.","breadcrumb":{"@id":"https:\/\/order.grabo.com\/pl\/product\/erguo-s1-grabo-attachment\/#breadcrumb"},"inLanguage":"pl-PL","potentialAction":[{"@type":"ReadAction","target":["https:\/\/order.grabo.com\/pl\/product\/erguo-s1-grabo-attachment\/"]}]},{"@type":"ImageObject","inLanguage":"pl-PL","@id":"https:\/\/order.grabo.com\/pl\/product\/erguo-s1-grabo-attachment\/#primaryimage","url":"https:\/\/order.grabo.com\/wp-content\/uploads\/2021\/02\/ERG1-1.png","contentUrl":"https:\/\/order.grabo.com\/wp-content\/uploads\/2021\/02\/ERG1-1.png","width":1500,"height":1500},{"@type":"BreadcrumbList","@id":"https:\/\/order.grabo.com\/pl\/product\/erguo-s1-grabo-attachment\/#breadcrumb","itemListElement":[{"@type":"ListItem","position":1,"name":"Home","item":"https:\/\/order.grabo.com\/pl\/"},{"@type":"ListItem","position":2,"name":"GRABO Factory Shop","item":"https:\/\/order.grabo.com\/"},{"@type":"ListItem","position":3,"name":"GRABO Erguo"}]},{"@type":"WebSite","@id":"https:\/\/order.grabo.com\/pl\/#website","url":"https:\/\/order.grabo.com\/pl\/","name":"GRABO Factory Shop","description":"GRABO Factory Shop","publisher":{"@id":"https:\/\/order.grabo.com\/pl\/#organization"},"potentialAction":[{"@type":"SearchAction","target":{"@type":"EntryPoint","urlTemplate":"https:\/\/order.grabo.com\/pl\/?s={search_term_string}"},"query-input":{"@type":"PropertyValueSpecification","valueRequired":true,"valueName":"search_term_string"}}],"inLanguage":"pl-PL"},{"@type":"Organization","@id":"https:\/\/order.grabo.com\/pl\/#organization","name":"GRABO","url":"https:\/\/order.grabo.com\/pl\/","logo":{"@type":"ImageObject","inLanguage":"pl-PL","@id":"https:\/\/order.grabo.com\/pl\/#\/schema\/logo\/image\/","url":"https:\/\/order.grabo.com\/wp-content\/uploads\/2020\/12\/GRABO-Pro-1.jpeg","contentUrl":"https:\/\/order.grabo.com\/wp-content\/uploads\/2020\/12\/GRABO-Pro-1.jpeg","width":1712,"height":1712,"caption":"GRABO"},"image":{"@id":"https:\/\/order.grabo.com\/pl\/#\/schema\/logo\/image\/"},"sameAs":["https:\/\/www.facebook.com\/GRABO.tools","https:\/\/x.com\/grabotools","https:\/\/www.instagram.com\/grabo.tools\/?hl=en"]}]}},"_links":{"self":[{"href":"https:\/\/order.grabo.com\/pl\/wp-json\/wp\/v2\/product\/8112","targetHints":{"allow":["GET"]}}],"collection":[{"href":"https:\/\/order.grabo.com\/pl\/wp-json\/wp\/v2\/product"}],"about":[{"href":"https:\/\/order.grabo.com\/pl\/wp-json\/wp\/v2\/types\/product"}],"replies":[{"embeddable":true,"href":"https:\/\/order.grabo.com\/pl\/wp-json\/wp\/v2\/comments?post=8112"}],"wp:featuredmedia":[{"embeddable":true,"href":"https:\/\/order.grabo.com\/pl\/wp-json\/wp\/v2\/media\/18884"}],"wp:attachment":[{"href":"https:\/\/order.grabo.com\/pl\/wp-json\/wp\/v2\/media?parent=8112"}],"wp:term":[{"taxonomy":"product_brand","embeddable":true,"href":"https:\/\/order.grabo.com\/pl\/wp-json\/wp\/v2\/product_brand?post=8112"},{"taxonomy":"product_cat","embeddable":true,"href":"https:\/\/order.grabo.com\/pl\/wp-json\/wp\/v2\/product_cat?post=8112"},{"taxonomy":"product_tag","embeddable":true,"href":"https:\/\/order.grabo.com\/pl\/wp-json\/wp\/v2\/product_tag?post=8112"}],"curies":[{"name":"wp","href":"https:\/\/api.w.org\/{rel}","templated":true}]}}