{"id":8111,"date":"2021-04-07T11:49:11","date_gmt":"2021-04-07T11:49:11","guid":{"rendered":"https:\/\/factory.grabo.com\/product\/rockseal\/"},"modified":"2024-07-26T06:57:00","modified_gmt":"2024-07-26T06:57:00","slug":"rockseal","status":"publish","type":"product","link":"https:\/\/order.grabo.com\/pl\/product\/rockseal\/","title":{"rendered":"GRABO RockSeal\u2122"},"content":{"rendered":"<p><strong>RockSeal\u2122<\/strong><br \/>\nRockSeal to nowy akcesorium, kt\u00f3re pasuje do wszystkich modeli GRABO, w tym Nemo GRABO, GRABO Pro Lifter-20, RTC Tools GRABO, FXAH-120 Probst GRABO, Topspin International GRABO i innych jednostek wsp\u00f3\u0142markowanych. Ten opatentowany modu\u0142 jest specjalnie zaprojektowany, aby mocno trzyma\u0107 si\u0119 ekstremalnie szorstkich i twardych powierzchni o profilu powierzchni do 10 mm.<\/p>\n<p><iframe loading=\"lazy\" title=\"GRABO Rock Seal Introduction and Demonstration\" width=\"500\" height=\"281\" src=\"https:\/\/www.youtube.com\/embed\/mhokfXv75PA?feature=oembed\" frameborder=\"0\" allow=\"accelerometer; autoplay; clipboard-write; encrypted-media; gyroscope; picture-in-picture; web-share\" referrerpolicy=\"strict-origin-when-cross-origin\" allowfullscreen><\/iframe><\/p>\n","protected":false},"excerpt":{"rendered":"<div class=\"w-full border-b border-black\/10 dark:border-gray-900\/50 text-gray-800 dark:text-gray-100 group bg-gray-50 dark:bg-[#444654]\">\n<div class=\"text-base gap-4 md:gap-6 m-auto md:max-w-2xl lg:max-w-2xl xl:max-w-3xl p-4 md:py-6 flex lg:px-0\">\n<div class=\"relative flex w-[calc(100%-50px)] md:flex-col lg:w-[calc(100%-115px)]\">\n<div class=\"flex flex-grow flex-col gap-3\">\n<div class=\"min-h-[20px] flex flex-col items-start gap-4 whitespace-pre-wrap\">\n<div class=\"markdown prose w-full break-words dark:prose-invert light\">\n<p>Przedstawiamy GRABO RockSeal \u2122 - opatentowana jednostka zaprojektowana do mocowania na bardzo nier\u00f3wnych i twardych powierzchniach o profilu do 10 mm. Ta jednostka jest kompatybilna ze wszystkimi modelami GRABO, co czyni j\u0105 doskona\u0142ym dodatkiem do Twojego zestawu narz\u0119dziowego. Bez wzgl\u0119du na to, czy pracujesz na placu budowy, czy w projekcie do zrobienia samemu, GRABO RockSeal \u2122 to ostateczne rozwi\u0105zanie dla mocowania na nier\u00f3wnych powierzchniach. Nie pozw\u00f3l, aby trudne powierzchnie spowalnia\u0142y Ci\u0119, si\u0119gnij po GRABO RockSeal \u2122 ju\u017c dzi\u015b!<\/p>\n<\/div>\n<\/div>\n<\/div>\n<\/div>\n<\/div>\n<\/div>\n","protected":false},"featured_media":19505,"comment_status":"open","ping_status":"closed","template":"","meta":{"_acf_changed":false},"product_brand":[],"product_cat":[233],"product_tag":[],"class_list":{"0":"post-8111","1":"product","2":"type-product","3":"status-publish","4":"has-post-thumbnail","6":"product_cat-accessories-pl","8":"first","9":"instock","10":"taxable","11":"shipping-taxable","12":"purchasable","13":"product-type-simple"},"acf":[],"yoast_head":"<!-- This site is optimized with the Yoast SEO plugin v27.3 - https:\/\/yoast.com\/product\/yoast-seo-wordpress\/ -->\n<title>GRABO RockSeal\u2122 - GRABO Factory Shop<\/title>\n<meta name=\"robots\" content=\"index, follow, max-snippet:-1, max-image-preview:large, max-video-preview:-1\" \/>\n<link rel=\"canonical\" href=\"https:\/\/order.grabo.com\/pl\/product\/rockseal\/\" \/>\n<meta property=\"og:locale\" content=\"pl_PL\" \/>\n<meta property=\"og:type\" content=\"article\" \/>\n<meta property=\"og:title\" content=\"GRABO RockSeal\u2122 - GRABO Factory Shop\" \/>\n<meta property=\"og:description\" content=\"Przedstawiamy GRABO RockSeal \u2122 - opatentowana jednostka zaprojektowana do mocowania na bardzo nier\u00f3wnych i twardych powierzchniach o profilu do 10 mm. Ta jednostka jest kompatybilna ze wszystkimi modelami GRABO, co czyni j\u0105 doskona\u0142ym dodatkiem do Twojego zestawu narz\u0119dziowego. Bez wzgl\u0119du na to, czy pracujesz na placu budowy, czy w projekcie do zrobienia samemu, GRABO RockSeal \u2122 to ostateczne rozwi\u0105zanie dla mocowania na nier\u00f3wnych powierzchniach. Nie pozw\u00f3l, aby trudne powierzchnie spowalnia\u0142y Ci\u0119, si\u0119gnij po GRABO RockSeal \u2122 ju\u017c dzi\u015b!\" \/>\n<meta property=\"og:url\" content=\"https:\/\/order.grabo.com\/pl\/product\/rockseal\/\" \/>\n<meta property=\"og:site_name\" content=\"GRABO Factory Shop\" \/>\n<meta property=\"article:publisher\" content=\"https:\/\/www.facebook.com\/GRABO.tools\" \/>\n<meta property=\"article:modified_time\" content=\"2024-07-26T06:57:00+00:00\" \/>\n<meta property=\"og:image\" content=\"https:\/\/order.grabo.com\/wp-content\/uploads\/2021\/04\/Rock-Seal.jpg\" \/>\n\t<meta property=\"og:image:width\" content=\"1500\" \/>\n\t<meta property=\"og:image:height\" content=\"1500\" \/>\n\t<meta property=\"og:image:type\" content=\"image\/jpeg\" \/>\n<meta name=\"twitter:card\" content=\"summary_large_image\" \/>\n<meta name=\"twitter:site\" content=\"@grabotools\" \/>\n<meta name=\"twitter:label1\" content=\"Szacowany czas czytania\" \/>\n\t<meta name=\"twitter:data1\" content=\"1 minuta\" \/>\n<script type=\"application\/ld+json\" class=\"yoast-schema-graph\">{\"@context\":\"https:\\\/\\\/schema.org\",\"@graph\":[{\"@type\":\"WebPage\",\"@id\":\"https:\\\/\\\/order.grabo.com\\\/pl\\\/product\\\/rockseal\\\/\",\"url\":\"https:\\\/\\\/order.grabo.com\\\/pl\\\/product\\\/rockseal\\\/\",\"name\":\"GRABO RockSeal\u2122 - GRABO Factory Shop\",\"isPartOf\":{\"@id\":\"https:\\\/\\\/order.grabo.com\\\/pl\\\/#website\"},\"primaryImageOfPage\":{\"@id\":\"https:\\\/\\\/order.grabo.com\\\/pl\\\/product\\\/rockseal\\\/#primaryimage\"},\"image\":{\"@id\":\"https:\\\/\\\/order.grabo.com\\\/pl\\\/product\\\/rockseal\\\/#primaryimage\"},\"thumbnailUrl\":\"https:\\\/\\\/order.grabo.com\\\/wp-content\\\/uploads\\\/2021\\\/04\\\/thumbnail.png\",\"datePublished\":\"2021-04-07T11:49:11+00:00\",\"dateModified\":\"2024-07-26T06:57:00+00:00\",\"breadcrumb\":{\"@id\":\"https:\\\/\\\/order.grabo.com\\\/pl\\\/product\\\/rockseal\\\/#breadcrumb\"},\"inLanguage\":\"pl-PL\",\"potentialAction\":[{\"@type\":\"ReadAction\",\"target\":[\"https:\\\/\\\/order.grabo.com\\\/pl\\\/product\\\/rockseal\\\/\"]}]},{\"@type\":\"ImageObject\",\"inLanguage\":\"pl-PL\",\"@id\":\"https:\\\/\\\/order.grabo.com\\\/pl\\\/product\\\/rockseal\\\/#primaryimage\",\"url\":\"https:\\\/\\\/order.grabo.com\\\/wp-content\\\/uploads\\\/2021\\\/04\\\/thumbnail.png\",\"contentUrl\":\"https:\\\/\\\/order.grabo.com\\\/wp-content\\\/uploads\\\/2021\\\/04\\\/thumbnail.png\",\"width\":1500,\"height\":1500},{\"@type\":\"BreadcrumbList\",\"@id\":\"https:\\\/\\\/order.grabo.com\\\/pl\\\/product\\\/rockseal\\\/#breadcrumb\",\"itemListElement\":[{\"@type\":\"ListItem\",\"position\":1,\"name\":\"Home\",\"item\":\"https:\\\/\\\/order.grabo.com\\\/pl\\\/\"},{\"@type\":\"ListItem\",\"position\":2,\"name\":\"GRABO Factory Shop\",\"item\":\"https:\\\/\\\/order.grabo.com\\\/\"},{\"@type\":\"ListItem\",\"position\":3,\"name\":\"GRABO RockSeal\u2122\"}]},{\"@type\":\"WebSite\",\"@id\":\"https:\\\/\\\/order.grabo.com\\\/pl\\\/#website\",\"url\":\"https:\\\/\\\/order.grabo.com\\\/pl\\\/\",\"name\":\"GRABO Factory Shop\",\"description\":\"GRABO Factory Shop\",\"publisher\":{\"@id\":\"https:\\\/\\\/order.grabo.com\\\/pl\\\/#organization\"},\"potentialAction\":[{\"@type\":\"SearchAction\",\"target\":{\"@type\":\"EntryPoint\",\"urlTemplate\":\"https:\\\/\\\/order.grabo.com\\\/pl\\\/?s={search_term_string}\"},\"query-input\":{\"@type\":\"PropertyValueSpecification\",\"valueRequired\":true,\"valueName\":\"search_term_string\"}}],\"inLanguage\":\"pl-PL\"},{\"@type\":\"Organization\",\"@id\":\"https:\\\/\\\/order.grabo.com\\\/pl\\\/#organization\",\"name\":\"GRABO\",\"url\":\"https:\\\/\\\/order.grabo.com\\\/pl\\\/\",\"logo\":{\"@type\":\"ImageObject\",\"inLanguage\":\"pl-PL\",\"@id\":\"https:\\\/\\\/order.grabo.com\\\/pl\\\/#\\\/schema\\\/logo\\\/image\\\/\",\"url\":\"https:\\\/\\\/order.grabo.com\\\/wp-content\\\/uploads\\\/2020\\\/12\\\/GRABO-Pro-1.jpeg\",\"contentUrl\":\"https:\\\/\\\/order.grabo.com\\\/wp-content\\\/uploads\\\/2020\\\/12\\\/GRABO-Pro-1.jpeg\",\"width\":1712,\"height\":1712,\"caption\":\"GRABO\"},\"image\":{\"@id\":\"https:\\\/\\\/order.grabo.com\\\/pl\\\/#\\\/schema\\\/logo\\\/image\\\/\"},\"sameAs\":[\"https:\\\/\\\/www.facebook.com\\\/GRABO.tools\",\"https:\\\/\\\/x.com\\\/grabotools\",\"https:\\\/\\\/www.instagram.com\\\/grabo.tools\\\/?hl=en\"]}]}<\/script>\n<!-- \/ Yoast SEO plugin. -->","yoast_head_json":{"title":"GRABO RockSeal\u2122 - GRABO Factory Shop","robots":{"index":"index","follow":"follow","max-snippet":"max-snippet:-1","max-image-preview":"max-image-preview:large","max-video-preview":"max-video-preview:-1"},"canonical":"https:\/\/order.grabo.com\/pl\/product\/rockseal\/","og_locale":"pl_PL","og_type":"article","og_title":"GRABO RockSeal\u2122 - GRABO Factory Shop","og_description":"Przedstawiamy GRABO RockSeal \u2122 - opatentowana jednostka zaprojektowana do mocowania na bardzo nier\u00f3wnych i twardych powierzchniach o profilu do 10 mm. Ta jednostka jest kompatybilna ze wszystkimi modelami GRABO, co czyni j\u0105 doskona\u0142ym dodatkiem do Twojego zestawu narz\u0119dziowego. Bez wzgl\u0119du na to, czy pracujesz na placu budowy, czy w projekcie do zrobienia samemu, GRABO RockSeal \u2122 to ostateczne rozwi\u0105zanie dla mocowania na nier\u00f3wnych powierzchniach. Nie pozw\u00f3l, aby trudne powierzchnie spowalnia\u0142y Ci\u0119, si\u0119gnij po GRABO RockSeal \u2122 ju\u017c dzi\u015b!","og_url":"https:\/\/order.grabo.com\/pl\/product\/rockseal\/","og_site_name":"GRABO Factory Shop","article_publisher":"https:\/\/www.facebook.com\/GRABO.tools","article_modified_time":"2024-07-26T06:57:00+00:00","og_image":[{"width":1500,"height":1500,"url":"https:\/\/order.grabo.com\/wp-content\/uploads\/2021\/04\/Rock-Seal.jpg","type":"image\/jpeg"}],"twitter_card":"summary_large_image","twitter_site":"@grabotools","twitter_misc":{"Szacowany czas czytania":"1 minuta"},"schema":{"@context":"https:\/\/schema.org","@graph":[{"@type":"WebPage","@id":"https:\/\/order.grabo.com\/pl\/product\/rockseal\/","url":"https:\/\/order.grabo.com\/pl\/product\/rockseal\/","name":"GRABO RockSeal\u2122 - GRABO Factory Shop","isPartOf":{"@id":"https:\/\/order.grabo.com\/pl\/#website"},"primaryImageOfPage":{"@id":"https:\/\/order.grabo.com\/pl\/product\/rockseal\/#primaryimage"},"image":{"@id":"https:\/\/order.grabo.com\/pl\/product\/rockseal\/#primaryimage"},"thumbnailUrl":"https:\/\/order.grabo.com\/wp-content\/uploads\/2021\/04\/thumbnail.png","datePublished":"2021-04-07T11:49:11+00:00","dateModified":"2024-07-26T06:57:00+00:00","breadcrumb":{"@id":"https:\/\/order.grabo.com\/pl\/product\/rockseal\/#breadcrumb"},"inLanguage":"pl-PL","potentialAction":[{"@type":"ReadAction","target":["https:\/\/order.grabo.com\/pl\/product\/rockseal\/"]}]},{"@type":"ImageObject","inLanguage":"pl-PL","@id":"https:\/\/order.grabo.com\/pl\/product\/rockseal\/#primaryimage","url":"https:\/\/order.grabo.com\/wp-content\/uploads\/2021\/04\/thumbnail.png","contentUrl":"https:\/\/order.grabo.com\/wp-content\/uploads\/2021\/04\/thumbnail.png","width":1500,"height":1500},{"@type":"BreadcrumbList","@id":"https:\/\/order.grabo.com\/pl\/product\/rockseal\/#breadcrumb","itemListElement":[{"@type":"ListItem","position":1,"name":"Home","item":"https:\/\/order.grabo.com\/pl\/"},{"@type":"ListItem","position":2,"name":"GRABO Factory Shop","item":"https:\/\/order.grabo.com\/"},{"@type":"ListItem","position":3,"name":"GRABO RockSeal\u2122"}]},{"@type":"WebSite","@id":"https:\/\/order.grabo.com\/pl\/#website","url":"https:\/\/order.grabo.com\/pl\/","name":"GRABO Factory Shop","description":"GRABO Factory Shop","publisher":{"@id":"https:\/\/order.grabo.com\/pl\/#organization"},"potentialAction":[{"@type":"SearchAction","target":{"@type":"EntryPoint","urlTemplate":"https:\/\/order.grabo.com\/pl\/?s={search_term_string}"},"query-input":{"@type":"PropertyValueSpecification","valueRequired":true,"valueName":"search_term_string"}}],"inLanguage":"pl-PL"},{"@type":"Organization","@id":"https:\/\/order.grabo.com\/pl\/#organization","name":"GRABO","url":"https:\/\/order.grabo.com\/pl\/","logo":{"@type":"ImageObject","inLanguage":"pl-PL","@id":"https:\/\/order.grabo.com\/pl\/#\/schema\/logo\/image\/","url":"https:\/\/order.grabo.com\/wp-content\/uploads\/2020\/12\/GRABO-Pro-1.jpeg","contentUrl":"https:\/\/order.grabo.com\/wp-content\/uploads\/2020\/12\/GRABO-Pro-1.jpeg","width":1712,"height":1712,"caption":"GRABO"},"image":{"@id":"https:\/\/order.grabo.com\/pl\/#\/schema\/logo\/image\/"},"sameAs":["https:\/\/www.facebook.com\/GRABO.tools","https:\/\/x.com\/grabotools","https:\/\/www.instagram.com\/grabo.tools\/?hl=en"]}]}},"_links":{"self":[{"href":"https:\/\/order.grabo.com\/pl\/wp-json\/wp\/v2\/product\/8111","targetHints":{"allow":["GET"]}}],"collection":[{"href":"https:\/\/order.grabo.com\/pl\/wp-json\/wp\/v2\/product"}],"about":[{"href":"https:\/\/order.grabo.com\/pl\/wp-json\/wp\/v2\/types\/product"}],"replies":[{"embeddable":true,"href":"https:\/\/order.grabo.com\/pl\/wp-json\/wp\/v2\/comments?post=8111"}],"wp:featuredmedia":[{"embeddable":true,"href":"https:\/\/order.grabo.com\/pl\/wp-json\/wp\/v2\/media\/19505"}],"wp:attachment":[{"href":"https:\/\/order.grabo.com\/pl\/wp-json\/wp\/v2\/media?parent=8111"}],"wp:term":[{"taxonomy":"product_brand","embeddable":true,"href":"https:\/\/order.grabo.com\/pl\/wp-json\/wp\/v2\/product_brand?post=8111"},{"taxonomy":"product_cat","embeddable":true,"href":"https:\/\/order.grabo.com\/pl\/wp-json\/wp\/v2\/product_cat?post=8111"},{"taxonomy":"product_tag","embeddable":true,"href":"https:\/\/order.grabo.com\/pl\/wp-json\/wp\/v2\/product_tag?post=8111"}],"curies":[{"name":"wp","href":"https:\/\/api.w.org\/{rel}","templated":true}]}}