{"id":8110,"date":"2022-03-31T20:56:16","date_gmt":"2022-03-31T20:56:16","guid":{"rendered":"https:\/\/factory.grabo.com\/product\/slender-seal\/"},"modified":"2024-12-17T04:59:34","modified_gmt":"2024-12-17T04:59:34","slug":"slender-seal","status":"publish","type":"product","link":"https:\/\/order.grabo.com\/pl\/product\/slender-seal\/","title":{"rendered":"GRABO Slender Seal"},"content":{"rendered":"<h1>Slender Seal<\/h1>\n<p>Slender Seal to nowy system uszczelek, kt\u00f3ry pasuje do wszystkich modeli GRABO, w tym Nemo GRABO, GRABO Pro Lifter-20, narz\u0119dzi RTC GRABO, FXAH-120 Probst GRABO, narz\u0119dzi Topspin Powertools GRABO i innych jednostek wsp\u00f3\u0142markowych.<\/p>\n<p>Do podnoszenia powierzchni o d\u0142u\u017cszym w\u0105skim obszarze - takich jak d\u0142ugie p\u0142ytki, chodniki, rury, blaty ci\u0119te na wymiar.<\/p>\n<p>Maksymalna no\u015bno\u015b\u0107 wynosi <strong>132 funty (60 kg).<\/strong><\/p>\n<p><iframe loading=\"lazy\" title=\"GRABO Slender Seal Introduction\" width=\"500\" height=\"281\" src=\"https:\/\/www.youtube.com\/embed\/xwLK5CZrrbo?feature=oembed\" frameborder=\"0\" allow=\"accelerometer; autoplay; clipboard-write; encrypted-media; gyroscope; picture-in-picture; web-share\" referrerpolicy=\"strict-origin-when-cross-origin\" allowfullscreen><\/iframe><\/p>\n<p>&nbsp;<\/p>\n<h3 id=\"headline-134-779\" class=\"ct-headline\" style=\"text-align: left;\">GRABO Specyfikacja uszczelnienia smuk\u0142ego:<\/h3>\n<div id=\"_rich_text-135-779\" class=\"oxy-rich-text table-spec\" style=\"text-align: left;\">\n<table class=\"table-spec\">\n<tbody>\n<tr>\n<th colspan=\"2\">Czarny uszczelniacz piankowy<\/th>\n<\/tr>\n<tr>\n<th>Materia\u0142<\/th>\n<td>SBR g\u0105bka piankowa z gumy<\/td>\n<\/tr>\n<tr>\n<th>Kolor<\/th>\n<td>Czarny<\/td>\n<\/tr>\n<tr>\n<th>L x W x H<\/th>\n<td>16.2 x 6.9 x 1.24\u201d (411 x 175 x 31.5 mm)<\/td>\n<\/tr>\n<tr>\n<th>Wymiar uszczelki.<\/th>\n<td>371 x 65 mm<\/td>\n<\/tr>\n<tr>\n<th>G\u0119sto\u015b\u0107<\/th>\n<td>10.6 Lb\/cft (170 kg\/m^3)<\/td>\n<\/tr>\n<tr>\n<th>Twardo\u015b\u0107, Shore C<\/th>\n<td>~10 +\/-2<\/td>\n<\/tr>\n<tr>\n<th>Wytrzyma\u0142o\u015b\u0107 na rozerwanie<\/th>\n<td>1800 Psi (126 kg\/cm^2)<\/td>\n<\/tr>\n<tr>\n<th>Kompresja do 25% rozmiaru przy<\/th>\n<td>8.5 Psi (6000 kg\/m^2)<\/td>\n<\/tr>\n<tr>\n<th>\u017bywotno\u015b\u0107 (Ilo\u015b\u0107 kompresji do momentu zmniejszenia wydajno\u015bci).<\/th>\n<td>~900<\/td>\n<\/tr>\n<tr>\n<th>pojemno\u015b\u0107 poch\u0142aniania wody, %<\/th>\n<td>&lt;=5<\/td>\n<\/tr>\n<tr>\n<th>Skurcz przy temperaturze 160F (70C) przez 24 godziny, %<\/th>\n<td>&lt;=20<\/td>\n<\/tr>\n<tr>\n<th>Zalecana temperatura przechowywania<\/th>\n<td>Temperatura pokojowa<\/td>\n<\/tr>\n<tr>\n<th colspan=\"2\">Czerwona uszczelka<\/th>\n<\/tr>\n<tr>\n<th>Materia\u0142<\/th>\n<td>Siliconowa pianka<\/td>\n<\/tr>\n<tr>\n<th>Kolor<\/th>\n<td>Czerwony<\/td>\n<\/tr>\n<tr>\n<th>L x W x H<\/th>\n<td>16.2 x 6.9 x 1.24\u201d (411 x 175 x 31.5 mm)<\/td>\n<\/tr>\n<tr>\n<th>G\u0119sto\u015b\u0107<\/th>\n<td>40.5 Lb\/cft (650 kg\/m^3)<\/td>\n<\/tr>\n<tr>\n<th>Twardo\u015b\u0107, Shore C<\/th>\n<td>55 +\/-5<\/td>\n<\/tr>\n<tr>\n<th>pojemno\u015b\u0107 poch\u0142aniania wody, %<\/th>\n<td>&lt;=4<\/td>\n<\/tr>\n<tr>\n<th>Zalecana temperatura przechowywania<\/th>\n<td>Temperatura pokojowa<\/td>\n<\/tr>\n<tr>\n<th colspan=\"2\">Full seal<\/th>\n<\/tr>\n<tr>\n<th>Cechy<\/th>\n<td>Kombinowany uszczelniacz na ramce z tworzywa sztucznego, o smuk\u0142ym profilu.<\/td>\n<\/tr>\n<\/tbody>\n<\/table>\n<\/div>\n<h3 id=\"headline-137-779\" class=\"ct-headline\" style=\"text-align: left;\">Lifting Capacity:<\/h3>\n<div id=\"_rich_text-138-779\" class=\"oxy-rich-text table-spec\">\n<table class=\"table-lifting\">\n<thead>\n<tr>\n<th class=\"heading\" rowspan=\"2\"><img loading=\"lazy\" decoding=\"async\" class=\"aligncenter img-100\" src=\"https:\/\/cdn.grabo.com\/static\/uploads\/2021\/02\/Group-2.svg\" alt=\"\" width=\"150\" height=\"90\" \/><\/th>\n<th colspan=\"2\">Perpendicular Hold Z<\/th>\n<th colspan=\"2\">Parallel Hold Y<\/th>\n<th colspan=\"2\">Parallel Hold X<\/th>\n<\/tr>\n<tr>\n<th>Maksymalna warto\u015b\u0107.<\/th>\n<th>Bezpieczna warto\u015b\u0107\uff0850%)<\/th>\n<th>Maksymalna warto\u015b\u0107<\/th>\n<th>Bezpieczna warto\u015b\u0107\uff0850%)<\/th>\n<th>Maksymalna warto\u015b\u0107<\/th>\n<th>Bezpieczna warto\u015b\u0107\uff0850%)<\/th>\n<\/tr>\n<\/thead>\n<tbody>\n<tr>\n<th>Glass<\/th>\n<td>225 Lbs (100kg)<\/td>\n<td>110 Lbs (50kg)<\/td>\n<td>110 Lbs (50kg)<\/td>\n<td>55 Lbs (25kg)<\/td>\n<td>220 Lbs (100kg)<\/td>\n<td>110 Lbs (50kg)<\/td>\n<\/tr>\n<tr>\n<th>Metal<\/th>\n<td>145 Lbs (66kg)<\/td>\n<td>72.5 Lbs (33kg)<\/td>\n<td>110 Lbs (50kg)<\/td>\n<td>55 Lbs (25kg)<\/td>\n<td>220 Lbs (100kg)<\/td>\n<td>110 Lbs (50kg)<\/td>\n<\/tr>\n<tr>\n<th>Wood<\/th>\n<td>132 Lbs (60kg)<\/td>\n<td>66 Lbs (30kg)<\/td>\n<td>66 Lbs (30kg)<\/td>\n<td>33 Lbs (15kg)<\/td>\n<td>176 Lbs (80kg)<\/td>\n<td>88 Lbs (40kg)<\/td>\n<\/tr>\n<tr>\n<th style=\"text-align: left;\">Rough Concrete<\/th>\n<td style=\"text-align: left;\">105 Lbs (48kg)<\/td>\n<td style=\"text-align: left;\">52.5 Lbs (24kg)<\/td>\n<td style=\"text-align: left;\">110 Lbs (50kg)<\/td>\n<td style=\"text-align: left;\">33 Lbs (15 kg)<\/td>\n<td style=\"text-align: left;\">220 Lbs (100kg)<\/td>\n<td style=\"text-align: left;\">110 Lbs (50kg)<\/td>\n<\/tr>\n<\/tbody>\n<\/table>\n<\/div>\n","protected":false},"excerpt":{"rendered":"<p>Slenderseal to wszechstronne narz\u0119dzie do podnoszenia zaprojektowane do powierzchni o d\u0142u\u017cszym i w\u0119\u017cszym obszarze, takich jak p\u0142ytki, kostka brukowa, rury i obrze\u017ca blatu. Doskonale sprawdzi si\u0119 zar\u00f3wno w u\u017cytku domowym jak i zawodowym i u\u0142atwi podnoszenie i przemieszczanie ci\u0119\u017ckich materia\u0142\u00f3w. Dzi\u0119ki swojej wytrzyma\u0142ej konstrukcji i innowacyjnemu projektowi, Slenderseal jest niezb\u0119dny na ka\u017cdej budowie lub w projektach remontowych domu.<\/p>\n","protected":false},"featured_media":20551,"comment_status":"open","ping_status":"closed","template":"","meta":{"_acf_changed":false},"product_brand":[],"product_cat":[233],"product_tag":[],"class_list":{"0":"post-8110","1":"product","2":"type-product","3":"status-publish","4":"has-post-thumbnail","6":"product_cat-accessories-pl","8":"first","9":"instock","10":"taxable","11":"shipping-taxable","12":"purchasable","13":"product-type-simple"},"acf":[],"yoast_head":"<!-- This site is optimized with the Yoast SEO plugin v27.3 - https:\/\/yoast.com\/product\/yoast-seo-wordpress\/ -->\n<title>GRABO Slender Seal - GRABO Factory Shop<\/title>\n<meta name=\"robots\" content=\"index, follow, max-snippet:-1, max-image-preview:large, max-video-preview:-1\" \/>\n<link rel=\"canonical\" href=\"https:\/\/order.grabo.com\/pl\/product\/slender-seal\/\" \/>\n<meta property=\"og:locale\" content=\"pl_PL\" \/>\n<meta property=\"og:type\" content=\"article\" \/>\n<meta property=\"og:title\" content=\"GRABO Slender Seal - GRABO Factory Shop\" \/>\n<meta property=\"og:description\" content=\"Slenderseal to wszechstronne narz\u0119dzie do podnoszenia zaprojektowane do powierzchni o d\u0142u\u017cszym i w\u0119\u017cszym obszarze, takich jak p\u0142ytki, kostka brukowa, rury i obrze\u017ca blatu. Doskonale sprawdzi si\u0119 zar\u00f3wno w u\u017cytku domowym jak i zawodowym i u\u0142atwi podnoszenie i przemieszczanie ci\u0119\u017ckich materia\u0142\u00f3w. Dzi\u0119ki swojej wytrzyma\u0142ej konstrukcji i innowacyjnemu projektowi, Slenderseal jest niezb\u0119dny na ka\u017cdej budowie lub w projektach remontowych domu.\" \/>\n<meta property=\"og:url\" content=\"https:\/\/order.grabo.com\/pl\/product\/slender-seal\/\" \/>\n<meta property=\"og:site_name\" content=\"GRABO Factory Shop\" \/>\n<meta property=\"article:publisher\" content=\"https:\/\/www.facebook.com\/GRABO.tools\" \/>\n<meta property=\"article:modified_time\" content=\"2024-12-17T04:59:34+00:00\" \/>\n<meta property=\"og:image\" content=\"https:\/\/order.grabo.com\/wp-content\/uploads\/2022\/06\/Slender1.png\" \/>\n\t<meta property=\"og:image:width\" content=\"1500\" \/>\n\t<meta property=\"og:image:height\" content=\"1500\" \/>\n\t<meta property=\"og:image:type\" content=\"image\/png\" \/>\n<meta name=\"twitter:card\" content=\"summary_large_image\" \/>\n<meta name=\"twitter:site\" content=\"@grabotools\" \/>\n<meta name=\"twitter:label1\" content=\"Szacowany czas czytania\" \/>\n\t<meta name=\"twitter:data1\" content=\"2 minuty\" \/>\n<script type=\"application\/ld+json\" class=\"yoast-schema-graph\">{\"@context\":\"https:\\\/\\\/schema.org\",\"@graph\":[{\"@type\":\"WebPage\",\"@id\":\"https:\\\/\\\/order.grabo.com\\\/pl\\\/product\\\/slender-seal\\\/\",\"url\":\"https:\\\/\\\/order.grabo.com\\\/pl\\\/product\\\/slender-seal\\\/\",\"name\":\"GRABO Slender Seal - GRABO Factory Shop\",\"isPartOf\":{\"@id\":\"https:\\\/\\\/order.grabo.com\\\/pl\\\/#website\"},\"primaryImageOfPage\":{\"@id\":\"https:\\\/\\\/order.grabo.com\\\/pl\\\/product\\\/slender-seal\\\/#primaryimage\"},\"image\":{\"@id\":\"https:\\\/\\\/order.grabo.com\\\/pl\\\/product\\\/slender-seal\\\/#primaryimage\"},\"thumbnailUrl\":\"https:\\\/\\\/order.grabo.com\\\/wp-content\\\/uploads\\\/2022\\\/03\\\/thumbnail.png\",\"datePublished\":\"2022-03-31T20:56:16+00:00\",\"dateModified\":\"2024-12-17T04:59:34+00:00\",\"breadcrumb\":{\"@id\":\"https:\\\/\\\/order.grabo.com\\\/pl\\\/product\\\/slender-seal\\\/#breadcrumb\"},\"inLanguage\":\"pl-PL\",\"potentialAction\":[{\"@type\":\"ReadAction\",\"target\":[\"https:\\\/\\\/order.grabo.com\\\/pl\\\/product\\\/slender-seal\\\/\"]}]},{\"@type\":\"ImageObject\",\"inLanguage\":\"pl-PL\",\"@id\":\"https:\\\/\\\/order.grabo.com\\\/pl\\\/product\\\/slender-seal\\\/#primaryimage\",\"url\":\"https:\\\/\\\/order.grabo.com\\\/wp-content\\\/uploads\\\/2022\\\/03\\\/thumbnail.png\",\"contentUrl\":\"https:\\\/\\\/order.grabo.com\\\/wp-content\\\/uploads\\\/2022\\\/03\\\/thumbnail.png\",\"width\":1500,\"height\":1500},{\"@type\":\"BreadcrumbList\",\"@id\":\"https:\\\/\\\/order.grabo.com\\\/pl\\\/product\\\/slender-seal\\\/#breadcrumb\",\"itemListElement\":[{\"@type\":\"ListItem\",\"position\":1,\"name\":\"Home\",\"item\":\"https:\\\/\\\/order.grabo.com\\\/pl\\\/\"},{\"@type\":\"ListItem\",\"position\":2,\"name\":\"GRABO Factory Shop\",\"item\":\"https:\\\/\\\/order.grabo.com\\\/\"},{\"@type\":\"ListItem\",\"position\":3,\"name\":\"GRABO Slender Seal\"}]},{\"@type\":\"WebSite\",\"@id\":\"https:\\\/\\\/order.grabo.com\\\/pl\\\/#website\",\"url\":\"https:\\\/\\\/order.grabo.com\\\/pl\\\/\",\"name\":\"GRABO Factory Shop\",\"description\":\"GRABO Factory Shop\",\"publisher\":{\"@id\":\"https:\\\/\\\/order.grabo.com\\\/pl\\\/#organization\"},\"potentialAction\":[{\"@type\":\"SearchAction\",\"target\":{\"@type\":\"EntryPoint\",\"urlTemplate\":\"https:\\\/\\\/order.grabo.com\\\/pl\\\/?s={search_term_string}\"},\"query-input\":{\"@type\":\"PropertyValueSpecification\",\"valueRequired\":true,\"valueName\":\"search_term_string\"}}],\"inLanguage\":\"pl-PL\"},{\"@type\":\"Organization\",\"@id\":\"https:\\\/\\\/order.grabo.com\\\/pl\\\/#organization\",\"name\":\"GRABO\",\"url\":\"https:\\\/\\\/order.grabo.com\\\/pl\\\/\",\"logo\":{\"@type\":\"ImageObject\",\"inLanguage\":\"pl-PL\",\"@id\":\"https:\\\/\\\/order.grabo.com\\\/pl\\\/#\\\/schema\\\/logo\\\/image\\\/\",\"url\":\"https:\\\/\\\/order.grabo.com\\\/wp-content\\\/uploads\\\/2020\\\/12\\\/GRABO-Pro-1.jpeg\",\"contentUrl\":\"https:\\\/\\\/order.grabo.com\\\/wp-content\\\/uploads\\\/2020\\\/12\\\/GRABO-Pro-1.jpeg\",\"width\":1712,\"height\":1712,\"caption\":\"GRABO\"},\"image\":{\"@id\":\"https:\\\/\\\/order.grabo.com\\\/pl\\\/#\\\/schema\\\/logo\\\/image\\\/\"},\"sameAs\":[\"https:\\\/\\\/www.facebook.com\\\/GRABO.tools\",\"https:\\\/\\\/x.com\\\/grabotools\",\"https:\\\/\\\/www.instagram.com\\\/grabo.tools\\\/?hl=en\"]}]}<\/script>\n<!-- \/ Yoast SEO plugin. -->","yoast_head_json":{"title":"GRABO Slender Seal - GRABO Factory Shop","robots":{"index":"index","follow":"follow","max-snippet":"max-snippet:-1","max-image-preview":"max-image-preview:large","max-video-preview":"max-video-preview:-1"},"canonical":"https:\/\/order.grabo.com\/pl\/product\/slender-seal\/","og_locale":"pl_PL","og_type":"article","og_title":"GRABO Slender Seal - GRABO Factory Shop","og_description":"Slenderseal to wszechstronne narz\u0119dzie do podnoszenia zaprojektowane do powierzchni o d\u0142u\u017cszym i w\u0119\u017cszym obszarze, takich jak p\u0142ytki, kostka brukowa, rury i obrze\u017ca blatu. Doskonale sprawdzi si\u0119 zar\u00f3wno w u\u017cytku domowym jak i zawodowym i u\u0142atwi podnoszenie i przemieszczanie ci\u0119\u017ckich materia\u0142\u00f3w. Dzi\u0119ki swojej wytrzyma\u0142ej konstrukcji i innowacyjnemu projektowi, Slenderseal jest niezb\u0119dny na ka\u017cdej budowie lub w projektach remontowych domu.","og_url":"https:\/\/order.grabo.com\/pl\/product\/slender-seal\/","og_site_name":"GRABO Factory Shop","article_publisher":"https:\/\/www.facebook.com\/GRABO.tools","article_modified_time":"2024-12-17T04:59:34+00:00","og_image":[{"width":1500,"height":1500,"url":"https:\/\/order.grabo.com\/wp-content\/uploads\/2022\/06\/Slender1.png","type":"image\/png"}],"twitter_card":"summary_large_image","twitter_site":"@grabotools","twitter_misc":{"Szacowany czas czytania":"2 minuty"},"schema":{"@context":"https:\/\/schema.org","@graph":[{"@type":"WebPage","@id":"https:\/\/order.grabo.com\/pl\/product\/slender-seal\/","url":"https:\/\/order.grabo.com\/pl\/product\/slender-seal\/","name":"GRABO Slender Seal - GRABO Factory Shop","isPartOf":{"@id":"https:\/\/order.grabo.com\/pl\/#website"},"primaryImageOfPage":{"@id":"https:\/\/order.grabo.com\/pl\/product\/slender-seal\/#primaryimage"},"image":{"@id":"https:\/\/order.grabo.com\/pl\/product\/slender-seal\/#primaryimage"},"thumbnailUrl":"https:\/\/order.grabo.com\/wp-content\/uploads\/2022\/03\/thumbnail.png","datePublished":"2022-03-31T20:56:16+00:00","dateModified":"2024-12-17T04:59:34+00:00","breadcrumb":{"@id":"https:\/\/order.grabo.com\/pl\/product\/slender-seal\/#breadcrumb"},"inLanguage":"pl-PL","potentialAction":[{"@type":"ReadAction","target":["https:\/\/order.grabo.com\/pl\/product\/slender-seal\/"]}]},{"@type":"ImageObject","inLanguage":"pl-PL","@id":"https:\/\/order.grabo.com\/pl\/product\/slender-seal\/#primaryimage","url":"https:\/\/order.grabo.com\/wp-content\/uploads\/2022\/03\/thumbnail.png","contentUrl":"https:\/\/order.grabo.com\/wp-content\/uploads\/2022\/03\/thumbnail.png","width":1500,"height":1500},{"@type":"BreadcrumbList","@id":"https:\/\/order.grabo.com\/pl\/product\/slender-seal\/#breadcrumb","itemListElement":[{"@type":"ListItem","position":1,"name":"Home","item":"https:\/\/order.grabo.com\/pl\/"},{"@type":"ListItem","position":2,"name":"GRABO Factory Shop","item":"https:\/\/order.grabo.com\/"},{"@type":"ListItem","position":3,"name":"GRABO Slender Seal"}]},{"@type":"WebSite","@id":"https:\/\/order.grabo.com\/pl\/#website","url":"https:\/\/order.grabo.com\/pl\/","name":"GRABO Factory Shop","description":"GRABO Factory Shop","publisher":{"@id":"https:\/\/order.grabo.com\/pl\/#organization"},"potentialAction":[{"@type":"SearchAction","target":{"@type":"EntryPoint","urlTemplate":"https:\/\/order.grabo.com\/pl\/?s={search_term_string}"},"query-input":{"@type":"PropertyValueSpecification","valueRequired":true,"valueName":"search_term_string"}}],"inLanguage":"pl-PL"},{"@type":"Organization","@id":"https:\/\/order.grabo.com\/pl\/#organization","name":"GRABO","url":"https:\/\/order.grabo.com\/pl\/","logo":{"@type":"ImageObject","inLanguage":"pl-PL","@id":"https:\/\/order.grabo.com\/pl\/#\/schema\/logo\/image\/","url":"https:\/\/order.grabo.com\/wp-content\/uploads\/2020\/12\/GRABO-Pro-1.jpeg","contentUrl":"https:\/\/order.grabo.com\/wp-content\/uploads\/2020\/12\/GRABO-Pro-1.jpeg","width":1712,"height":1712,"caption":"GRABO"},"image":{"@id":"https:\/\/order.grabo.com\/pl\/#\/schema\/logo\/image\/"},"sameAs":["https:\/\/www.facebook.com\/GRABO.tools","https:\/\/x.com\/grabotools","https:\/\/www.instagram.com\/grabo.tools\/?hl=en"]}]}},"_links":{"self":[{"href":"https:\/\/order.grabo.com\/pl\/wp-json\/wp\/v2\/product\/8110","targetHints":{"allow":["GET"]}}],"collection":[{"href":"https:\/\/order.grabo.com\/pl\/wp-json\/wp\/v2\/product"}],"about":[{"href":"https:\/\/order.grabo.com\/pl\/wp-json\/wp\/v2\/types\/product"}],"replies":[{"embeddable":true,"href":"https:\/\/order.grabo.com\/pl\/wp-json\/wp\/v2\/comments?post=8110"}],"wp:featuredmedia":[{"embeddable":true,"href":"https:\/\/order.grabo.com\/pl\/wp-json\/wp\/v2\/media\/20551"}],"wp:attachment":[{"href":"https:\/\/order.grabo.com\/pl\/wp-json\/wp\/v2\/media?parent=8110"}],"wp:term":[{"taxonomy":"product_brand","embeddable":true,"href":"https:\/\/order.grabo.com\/pl\/wp-json\/wp\/v2\/product_brand?post=8110"},{"taxonomy":"product_cat","embeddable":true,"href":"https:\/\/order.grabo.com\/pl\/wp-json\/wp\/v2\/product_cat?post=8110"},{"taxonomy":"product_tag","embeddable":true,"href":"https:\/\/order.grabo.com\/pl\/wp-json\/wp\/v2\/product_tag?post=8110"}],"curies":[{"name":"wp","href":"https:\/\/api.w.org\/{rel}","templated":true}]}}