{"id":8109,"date":"2022-04-05T22:49:58","date_gmt":"2022-04-05T22:49:58","guid":{"rendered":"https:\/\/factory.grabo.com\/product\/grabo-pro-4-pack\/"},"modified":"2025-12-05T23:00:36","modified_gmt":"2025-12-05T23:00:36","slug":"grabo-pro-4-pack","status":"publish","type":"product","link":"https:\/\/order.grabo.com\/pl\/product\/grabo-pro-4-pack\/","title":{"rendered":"GRABO Pro (4 Pack)"},"content":{"rendered":"<p>GRABO Pro - opakowanie hurtowe (4 sztuki)<\/p>\n<p>W opakowaniu hurtowym znajduj\u0105 si\u0119 4 narz\u0119dzia GRABO Pro wyposa\u017cone w inteligentny wy\u015bwietlacz ci\u015bnienia cyfrowego umiejscowiony wygodnie na uchwycie z wy\u015bwietlaczem dla ci\u015bnienia (PSI, Bar) i wagi (Kg, Lb). GRABO Pro ma wbudowany czujnik ci\u015bnienia, kt\u00f3ry automatycznie w\u0142\u0105cza i wy\u0142\u0105cza pomp\u0119 pr\u00f3\u017cniow\u0105, aby utrzyma\u0107 sta\u0142\u0105 pojemno\u015b\u0107 no\u015bn\u0105. Pompa pr\u00f3\u017cniowa GRABO Pro przepompowuje 20 litr\u00f3w powietrza na minut\u0119, co daje ogromn\u0105 pojemno\u015b\u0107 no\u015bn\u0105 i jest zdolna do podnoszenia prawie ka\u017cdej powierzchni o wadze do 375 funt\u00f3w (170 kg). Opatentowany uszczelniacz z pianki gumowej, kt\u00f3ry jest dostarczany z narz\u0119dziem GRABO Pro, jest mocny i odporny na zu\u017cycie, ale \u0142atwy do wymiany w przypadku uszkodzenia. Po aktywacji narz\u0119dzia, uszczelka jest tworzona w ci\u0105gu kilku sekund i mocno przylega do niemal ka\u017cdej powierzchni, w tym nier\u00f3wnych i nieco porowatych powierzchni. GRABO Pro jest wyposa\u017cony w cztery stalowe zaczepy podnosz\u0105ce znajduj\u0105ce si\u0119 po obu stronach uchwytu narz\u0119dzia. Pozwala to na u\u017cywanie narz\u0119dzia z pasami podnosz\u0105cymi i dodatkowymi akcesoriami do mocowania.<\/p>\n<p>GRABO Pro jest obj\u0119ty pe\u0142n\u0105 12-miesi\u0119czn\u0105 gwarancj\u0105 fabryczn\u0105, kt\u00f3ra mo\u017ce by\u0107 przed\u0142u\u017cona do 18 miesi\u0119cy po zarejestrowaniu produktu na naszej stronie internetowej. Z profesjonalnym wsparciem technicznym w oparciu o siedzib\u0119 w USA, je\u015bli masz jakie\u015b problemy, nie wahaj si\u0119 powiedzie\u0107 nam. Jeste\u015bmy tutaj, aby utrzyma\u0107 ci\u0119 w pracy!<\/p>\n","protected":false},"excerpt":{"rendered":"<p>Ka\u017cdy zestaw GRABO PRO zawiera:<\/p>\n<ul>\n<li>Przeno\u015bny podno\u015bnik pr\u00f3\u017cniowy GRABO Pro z cyfrowym manometrem<\/li>\n<li>Automatyczne czujniki ci\u015bnienia w\u0142\u0105czaj\u0105 i wy\u0142\u0105czaj\u0105 pomp\u0119, aby zapewni\u0107 sta\u0142e pr\u00f3\u017cniowe podci\u015bnienie.<\/li>\n<li>Wydajno\u015b\u0107 pompy: 20 litr\u00f3w na minut\u0119, co zapewnia ogromn\u0105 zdolno\u015b\u0107 do podnoszenia ci\u0119\u017car\u00f3w.<\/li>\n<li>1 bateria i \u0142adowarka z adapterami mi\u0119dzynarodowymi.<\/li>\n<li>Piankowe uszczelnienie zainstalowane fabrycznie na narz\u0119dziu.<\/li>\n<li>Wytrzyma\u0142a torba z nylonu.<\/li>\n<li>Zestaw filtr\u00f3w zapasowych.<\/li>\n<li>Instrukcja obs\u0142ugi w j\u0119zyku angielskim z kolorowym pude\u0142kiem.<\/li>\n<\/ul>\n<p>https:\/\/www.youtube.com\/watch?v=N5pcKCORwnA<\/p>\n","protected":false},"featured_media":12941,"comment_status":"open","ping_status":"closed","template":"","meta":{"_acf_changed":false},"product_brand":[],"product_cat":[223],"product_tag":[],"class_list":{"0":"post-8109","1":"product","2":"type-product","3":"status-publish","4":"has-post-thumbnail","6":"product_cat-tools-pl","8":"first","9":"instock","10":"taxable","11":"shipping-taxable","12":"purchasable","13":"product-type-simple"},"acf":[],"yoast_head":"<!-- This site is optimized with the Yoast SEO plugin v27.2 - https:\/\/yoast.com\/product\/yoast-seo-wordpress\/ -->\n<title>GRABO Pro (4 Pack) - GRABO Factory Shop<\/title>\n<meta name=\"description\" content=\"Czteropak GRABO PRO! Zauwa\u017cyli\u015bmy, \u017ce wi\u0119kszo\u015b\u0107 u\u017cytkownik\u00f3w lubi mie\u0107 dwa, a tak\u017ce chce, aby ich pracownicy mieli po dwa! Oto kompletny pakiet 4 sztuk!\" \/>\n<meta name=\"robots\" content=\"index, follow, max-snippet:-1, max-image-preview:large, max-video-preview:-1\" \/>\n<link rel=\"canonical\" href=\"https:\/\/order.grabo.com\/pl\/product\/grabo-pro-4-pack\/\" \/>\n<meta property=\"og:locale\" content=\"pl_PL\" \/>\n<meta property=\"og:type\" content=\"article\" \/>\n<meta property=\"og:title\" content=\"GRABO Pro (4 Pack) - GRABO Factory Shop\" \/>\n<meta property=\"og:description\" content=\"Czteropak GRABO PRO! Zauwa\u017cyli\u015bmy, \u017ce wi\u0119kszo\u015b\u0107 u\u017cytkownik\u00f3w lubi mie\u0107 dwa, a tak\u017ce chce, aby ich pracownicy mieli po dwa! Oto kompletny pakiet 4 sztuk!\" \/>\n<meta property=\"og:url\" content=\"https:\/\/order.grabo.com\/pl\/product\/grabo-pro-4-pack\/\" \/>\n<meta property=\"og:site_name\" content=\"GRABO Factory Shop\" \/>\n<meta property=\"article:publisher\" content=\"https:\/\/www.facebook.com\/GRABO.tools\" \/>\n<meta property=\"article:modified_time\" content=\"2025-12-05T23:00:36+00:00\" \/>\n<meta property=\"og:image\" content=\"https:\/\/order.grabo.com\/wp-content\/uploads\/2022\/04\/GP4Pack.jpg\" \/>\n\t<meta property=\"og:image:width\" content=\"1500\" \/>\n\t<meta property=\"og:image:height\" content=\"1500\" \/>\n\t<meta property=\"og:image:type\" content=\"image\/jpeg\" \/>\n<meta name=\"twitter:card\" content=\"summary_large_image\" \/>\n<meta name=\"twitter:site\" content=\"@grabotools\" \/>\n<meta name=\"twitter:label1\" content=\"Szacowany czas czytania\" \/>\n\t<meta name=\"twitter:data1\" content=\"2 minuty\" \/>\n<script type=\"application\/ld+json\" class=\"yoast-schema-graph\">{\"@context\":\"https:\/\/schema.org\",\"@graph\":[{\"@type\":\"WebPage\",\"@id\":\"https:\/\/order.grabo.com\/pl\/product\/grabo-pro-4-pack\/\",\"url\":\"https:\/\/order.grabo.com\/pl\/product\/grabo-pro-4-pack\/\",\"name\":\"GRABO Pro (4 Pack) - GRABO Factory Shop\",\"isPartOf\":{\"@id\":\"https:\/\/order.grabo.com\/pl\/#website\"},\"primaryImageOfPage\":{\"@id\":\"https:\/\/order.grabo.com\/pl\/product\/grabo-pro-4-pack\/#primaryimage\"},\"image\":{\"@id\":\"https:\/\/order.grabo.com\/pl\/product\/grabo-pro-4-pack\/#primaryimage\"},\"thumbnailUrl\":\"https:\/\/order.grabo.com\/wp-content\/uploads\/2022\/04\/GP4Pack.jpg\",\"datePublished\":\"2022-04-05T22:49:58+00:00\",\"dateModified\":\"2025-12-05T23:00:36+00:00\",\"description\":\"Czteropak GRABO PRO! Zauwa\u017cyli\u015bmy, \u017ce wi\u0119kszo\u015b\u0107 u\u017cytkownik\u00f3w lubi mie\u0107 dwa, a tak\u017ce chce, aby ich pracownicy mieli po dwa! Oto kompletny pakiet 4 sztuk!\",\"breadcrumb\":{\"@id\":\"https:\/\/order.grabo.com\/pl\/product\/grabo-pro-4-pack\/#breadcrumb\"},\"inLanguage\":\"pl-PL\",\"potentialAction\":[{\"@type\":\"ReadAction\",\"target\":[\"https:\/\/order.grabo.com\/pl\/product\/grabo-pro-4-pack\/\"]}]},{\"@type\":\"ImageObject\",\"inLanguage\":\"pl-PL\",\"@id\":\"https:\/\/order.grabo.com\/pl\/product\/grabo-pro-4-pack\/#primaryimage\",\"url\":\"https:\/\/order.grabo.com\/wp-content\/uploads\/2022\/04\/GP4Pack.jpg\",\"contentUrl\":\"https:\/\/order.grabo.com\/wp-content\/uploads\/2022\/04\/GP4Pack.jpg\",\"width\":1500,\"height\":1500},{\"@type\":\"BreadcrumbList\",\"@id\":\"https:\/\/order.grabo.com\/pl\/product\/grabo-pro-4-pack\/#breadcrumb\",\"itemListElement\":[{\"@type\":\"ListItem\",\"position\":1,\"name\":\"Home\",\"item\":\"https:\/\/order.grabo.com\/pl\/\"},{\"@type\":\"ListItem\",\"position\":2,\"name\":\"GRABO Factory Shop\",\"item\":\"https:\/\/order.grabo.com\/\"},{\"@type\":\"ListItem\",\"position\":3,\"name\":\"GRABO Pro (4 Pack)\"}]},{\"@type\":\"WebSite\",\"@id\":\"https:\/\/order.grabo.com\/pl\/#website\",\"url\":\"https:\/\/order.grabo.com\/pl\/\",\"name\":\"GRABO Factory Shop\",\"description\":\"GRABO Factory Shop\",\"publisher\":{\"@id\":\"https:\/\/order.grabo.com\/pl\/#organization\"},\"potentialAction\":[{\"@type\":\"SearchAction\",\"target\":{\"@type\":\"EntryPoint\",\"urlTemplate\":\"https:\/\/order.grabo.com\/pl\/?s={search_term_string}\"},\"query-input\":{\"@type\":\"PropertyValueSpecification\",\"valueRequired\":true,\"valueName\":\"search_term_string\"}}],\"inLanguage\":\"pl-PL\"},{\"@type\":\"Organization\",\"@id\":\"https:\/\/order.grabo.com\/pl\/#organization\",\"name\":\"GRABO\",\"url\":\"https:\/\/order.grabo.com\/pl\/\",\"logo\":{\"@type\":\"ImageObject\",\"inLanguage\":\"pl-PL\",\"@id\":\"https:\/\/order.grabo.com\/pl\/#\/schema\/logo\/image\/\",\"url\":\"https:\/\/order.grabo.com\/wp-content\/uploads\/2020\/12\/GRABO-Pro-1.jpeg\",\"contentUrl\":\"https:\/\/order.grabo.com\/wp-content\/uploads\/2020\/12\/GRABO-Pro-1.jpeg\",\"width\":1712,\"height\":1712,\"caption\":\"GRABO\"},\"image\":{\"@id\":\"https:\/\/order.grabo.com\/pl\/#\/schema\/logo\/image\/\"},\"sameAs\":[\"https:\/\/www.facebook.com\/GRABO.tools\",\"https:\/\/x.com\/grabotools\",\"https:\/\/www.instagram.com\/grabo.tools\/?hl=en\"]}]}<\/script>\n<!-- \/ Yoast SEO plugin. -->","yoast_head_json":{"title":"GRABO Pro (4 Pack) - GRABO Factory Shop","description":"Czteropak GRABO PRO! Zauwa\u017cyli\u015bmy, \u017ce wi\u0119kszo\u015b\u0107 u\u017cytkownik\u00f3w lubi mie\u0107 dwa, a tak\u017ce chce, aby ich pracownicy mieli po dwa! Oto kompletny pakiet 4 sztuk!","robots":{"index":"index","follow":"follow","max-snippet":"max-snippet:-1","max-image-preview":"max-image-preview:large","max-video-preview":"max-video-preview:-1"},"canonical":"https:\/\/order.grabo.com\/pl\/product\/grabo-pro-4-pack\/","og_locale":"pl_PL","og_type":"article","og_title":"GRABO Pro (4 Pack) - GRABO Factory Shop","og_description":"Czteropak GRABO PRO! Zauwa\u017cyli\u015bmy, \u017ce wi\u0119kszo\u015b\u0107 u\u017cytkownik\u00f3w lubi mie\u0107 dwa, a tak\u017ce chce, aby ich pracownicy mieli po dwa! Oto kompletny pakiet 4 sztuk!","og_url":"https:\/\/order.grabo.com\/pl\/product\/grabo-pro-4-pack\/","og_site_name":"GRABO Factory Shop","article_publisher":"https:\/\/www.facebook.com\/GRABO.tools","article_modified_time":"2025-12-05T23:00:36+00:00","og_image":[{"width":1500,"height":1500,"url":"https:\/\/order.grabo.com\/wp-content\/uploads\/2022\/04\/GP4Pack.jpg","type":"image\/jpeg"}],"twitter_card":"summary_large_image","twitter_site":"@grabotools","twitter_misc":{"Szacowany czas czytania":"2 minuty"},"schema":{"@context":"https:\/\/schema.org","@graph":[{"@type":"WebPage","@id":"https:\/\/order.grabo.com\/pl\/product\/grabo-pro-4-pack\/","url":"https:\/\/order.grabo.com\/pl\/product\/grabo-pro-4-pack\/","name":"GRABO Pro (4 Pack) - GRABO Factory Shop","isPartOf":{"@id":"https:\/\/order.grabo.com\/pl\/#website"},"primaryImageOfPage":{"@id":"https:\/\/order.grabo.com\/pl\/product\/grabo-pro-4-pack\/#primaryimage"},"image":{"@id":"https:\/\/order.grabo.com\/pl\/product\/grabo-pro-4-pack\/#primaryimage"},"thumbnailUrl":"https:\/\/order.grabo.com\/wp-content\/uploads\/2022\/04\/GP4Pack.jpg","datePublished":"2022-04-05T22:49:58+00:00","dateModified":"2025-12-05T23:00:36+00:00","description":"Czteropak GRABO PRO! Zauwa\u017cyli\u015bmy, \u017ce wi\u0119kszo\u015b\u0107 u\u017cytkownik\u00f3w lubi mie\u0107 dwa, a tak\u017ce chce, aby ich pracownicy mieli po dwa! Oto kompletny pakiet 4 sztuk!","breadcrumb":{"@id":"https:\/\/order.grabo.com\/pl\/product\/grabo-pro-4-pack\/#breadcrumb"},"inLanguage":"pl-PL","potentialAction":[{"@type":"ReadAction","target":["https:\/\/order.grabo.com\/pl\/product\/grabo-pro-4-pack\/"]}]},{"@type":"ImageObject","inLanguage":"pl-PL","@id":"https:\/\/order.grabo.com\/pl\/product\/grabo-pro-4-pack\/#primaryimage","url":"https:\/\/order.grabo.com\/wp-content\/uploads\/2022\/04\/GP4Pack.jpg","contentUrl":"https:\/\/order.grabo.com\/wp-content\/uploads\/2022\/04\/GP4Pack.jpg","width":1500,"height":1500},{"@type":"BreadcrumbList","@id":"https:\/\/order.grabo.com\/pl\/product\/grabo-pro-4-pack\/#breadcrumb","itemListElement":[{"@type":"ListItem","position":1,"name":"Home","item":"https:\/\/order.grabo.com\/pl\/"},{"@type":"ListItem","position":2,"name":"GRABO Factory Shop","item":"https:\/\/order.grabo.com\/"},{"@type":"ListItem","position":3,"name":"GRABO Pro (4 Pack)"}]},{"@type":"WebSite","@id":"https:\/\/order.grabo.com\/pl\/#website","url":"https:\/\/order.grabo.com\/pl\/","name":"GRABO Factory Shop","description":"GRABO Factory Shop","publisher":{"@id":"https:\/\/order.grabo.com\/pl\/#organization"},"potentialAction":[{"@type":"SearchAction","target":{"@type":"EntryPoint","urlTemplate":"https:\/\/order.grabo.com\/pl\/?s={search_term_string}"},"query-input":{"@type":"PropertyValueSpecification","valueRequired":true,"valueName":"search_term_string"}}],"inLanguage":"pl-PL"},{"@type":"Organization","@id":"https:\/\/order.grabo.com\/pl\/#organization","name":"GRABO","url":"https:\/\/order.grabo.com\/pl\/","logo":{"@type":"ImageObject","inLanguage":"pl-PL","@id":"https:\/\/order.grabo.com\/pl\/#\/schema\/logo\/image\/","url":"https:\/\/order.grabo.com\/wp-content\/uploads\/2020\/12\/GRABO-Pro-1.jpeg","contentUrl":"https:\/\/order.grabo.com\/wp-content\/uploads\/2020\/12\/GRABO-Pro-1.jpeg","width":1712,"height":1712,"caption":"GRABO"},"image":{"@id":"https:\/\/order.grabo.com\/pl\/#\/schema\/logo\/image\/"},"sameAs":["https:\/\/www.facebook.com\/GRABO.tools","https:\/\/x.com\/grabotools","https:\/\/www.instagram.com\/grabo.tools\/?hl=en"]}]}},"_links":{"self":[{"href":"https:\/\/order.grabo.com\/pl\/wp-json\/wp\/v2\/product\/8109","targetHints":{"allow":["GET"]}}],"collection":[{"href":"https:\/\/order.grabo.com\/pl\/wp-json\/wp\/v2\/product"}],"about":[{"href":"https:\/\/order.grabo.com\/pl\/wp-json\/wp\/v2\/types\/product"}],"replies":[{"embeddable":true,"href":"https:\/\/order.grabo.com\/pl\/wp-json\/wp\/v2\/comments?post=8109"}],"wp:featuredmedia":[{"embeddable":true,"href":"https:\/\/order.grabo.com\/pl\/wp-json\/wp\/v2\/media\/12941"}],"wp:attachment":[{"href":"https:\/\/order.grabo.com\/pl\/wp-json\/wp\/v2\/media?parent=8109"}],"wp:term":[{"taxonomy":"product_brand","embeddable":true,"href":"https:\/\/order.grabo.com\/pl\/wp-json\/wp\/v2\/product_brand?post=8109"},{"taxonomy":"product_cat","embeddable":true,"href":"https:\/\/order.grabo.com\/pl\/wp-json\/wp\/v2\/product_cat?post=8109"},{"taxonomy":"product_tag","embeddable":true,"href":"https:\/\/order.grabo.com\/pl\/wp-json\/wp\/v2\/product_tag?post=8109"}],"curies":[{"name":"wp","href":"https:\/\/api.w.org\/{rel}","templated":true}]}}