{"id":8088,"date":"2022-12-15T19:54:02","date_gmt":"2022-12-15T19:54:02","guid":{"rendered":"https:\/\/factory.grabo.com\/product\/nemo-grabo-2-batteries-2-seals\/"},"modified":"2025-12-05T23:00:31","modified_gmt":"2025-12-05T23:00:31","slug":"nemo-grabo-2-batteries-2-seals","status":"publish","type":"product","link":"https:\/\/order.grabo.com\/pl\/product\/nemo-grabo-2-batteries-2-seals\/","title":{"rendered":"Nemo GRABO 2 Baterie i 2 uszczelki"},"content":{"rendered":"<p>Przedstawiamy Nemo GRABO - pot\u0119\u017cne i wszechstronne narz\u0119dzie do podnoszenia ka\u017cdej powierzchni. Ten produkt jest wyposa\u017cony w 2 baterie i 2 piankowe uszczelki, co zapewnia, \u017ce masz wszystko, czego potrzebujesz, aby wykona\u0107 prac\u0119. Pot\u0119\u017cna technologia ssania GRABO pozwala \u0142atwo podnosi\u0107 i przemieszcza\u0107 ci\u0119\u017ckie przedmioty. Bez wzgl\u0119du na to, czy przemieszczasz meble, urz\u0105dzenia, czy ci\u0119\u017cki sprz\u0119t, Nemo GRABO jest idealnym narz\u0119dziem do pracy. Nie pozw\u00f3l, aby ci\u0119\u017cka praca Ci\u0119 spowalnia\u0142a - si\u0119gnij po Nemo GRABO ju\u017c dzi\u015b!Zestaw zawiera:<\/p>\n","protected":false},"excerpt":{"rendered":"<p>Zestaw zawiera:<\/p>\n<ul>\n<li>Przeno\u015bny elektryczny podno\u015bnik pr\u00f3\u017cniowy GRABO Classic z analogowym manometrem<\/li>\n<li>Pojemno\u015b\u0107 pompy: 20 litr\u00f3w na minut\u0119 daje ogromn\u0105 zdolno\u015b\u0107 podnoszenia<\/li>\n<li>2 akumulatory i \u0142adowarka z adapterami mi\u0119dzynarodowymi<\/li>\n<li>1 uszczelka zapasowa (\u0142\u0105cznie 2 uszczelki)<\/li>\n<li>Wytrzyma\u0142a torba z nylonu<\/li>\n<li>Filtry zapasowe<\/li>\n<li>Instrukcja obs\u0142ugi w j\u0119zyku angielskim oraz kolorowe opakowanie.<\/li>\n<\/ul>\n<p>https:\/\/youtu.be\/nDjQcFilZ_0<\/p>\n","protected":false},"featured_media":21124,"comment_status":"open","ping_status":"closed","template":"","meta":{"_acf_changed":false},"product_brand":[],"product_cat":[223],"product_tag":[],"class_list":{"0":"post-8088","1":"product","2":"type-product","3":"status-publish","4":"has-post-thumbnail","6":"product_cat-tools-pl","7":"product_shipping_class-free-shipping-pl","9":"first","10":"instock","11":"taxable","12":"shipping-taxable","13":"purchasable","14":"product-type-simple"},"acf":[],"yoast_head":"<!-- This site is optimized with the Yoast SEO plugin v27.3 - https:\/\/yoast.com\/product\/yoast-seo-wordpress\/ -->\n<title>Nemo GRABO 2 Baterie i 2 uszczelki - GRABO Factory Shop<\/title>\n<meta name=\"description\" content=\"Ostateczny zestaw narz\u0119dzi GRABO. Zawiera dwie baterie i dwie piankowe uszczelki.\" \/>\n<meta name=\"robots\" content=\"index, follow, max-snippet:-1, max-image-preview:large, max-video-preview:-1\" \/>\n<link rel=\"canonical\" href=\"https:\/\/order.grabo.com\/pl\/product\/nemo-grabo-2-batteries-2-seals\/\" \/>\n<meta property=\"og:locale\" content=\"pl_PL\" \/>\n<meta property=\"og:type\" content=\"article\" \/>\n<meta property=\"og:title\" content=\"Nemo GRABO 2 Baterie i 2 uszczelki - GRABO Factory Shop\" \/>\n<meta property=\"og:description\" content=\"Ostateczny zestaw narz\u0119dzi GRABO. Zawiera dwie baterie i dwie piankowe uszczelki.\" \/>\n<meta property=\"og:url\" content=\"https:\/\/order.grabo.com\/pl\/product\/nemo-grabo-2-batteries-2-seals\/\" \/>\n<meta property=\"og:site_name\" content=\"GRABO Factory Shop\" \/>\n<meta property=\"article:publisher\" content=\"https:\/\/www.facebook.com\/GRABO.tools\" \/>\n<meta property=\"article:modified_time\" content=\"2025-12-05T23:00:31+00:00\" \/>\n<meta property=\"og:image\" content=\"https:\/\/order.grabo.com\/wp-content\/uploads\/2022\/12\/NemoGrabo_Old_2batteries_USA-1024x1024.png\" \/>\n\t<meta property=\"og:image:width\" content=\"1024\" \/>\n\t<meta property=\"og:image:height\" content=\"1024\" \/>\n\t<meta property=\"og:image:type\" content=\"image\/png\" \/>\n<meta name=\"twitter:card\" content=\"summary_large_image\" \/>\n<meta name=\"twitter:site\" content=\"@grabotools\" \/>\n<meta name=\"twitter:label1\" content=\"Szacowany czas czytania\" \/>\n\t<meta name=\"twitter:data1\" content=\"1 minuta\" \/>\n<script type=\"application\/ld+json\" class=\"yoast-schema-graph\">{\"@context\":\"https:\\\/\\\/schema.org\",\"@graph\":[{\"@type\":\"WebPage\",\"@id\":\"https:\\\/\\\/order.grabo.com\\\/pl\\\/product\\\/nemo-grabo-2-batteries-2-seals\\\/\",\"url\":\"https:\\\/\\\/order.grabo.com\\\/pl\\\/product\\\/nemo-grabo-2-batteries-2-seals\\\/\",\"name\":\"Nemo GRABO 2 Baterie i 2 uszczelki - GRABO Factory Shop\",\"isPartOf\":{\"@id\":\"https:\\\/\\\/order.grabo.com\\\/pl\\\/#website\"},\"primaryImageOfPage\":{\"@id\":\"https:\\\/\\\/order.grabo.com\\\/pl\\\/product\\\/nemo-grabo-2-batteries-2-seals\\\/#primaryimage\"},\"image\":{\"@id\":\"https:\\\/\\\/order.grabo.com\\\/pl\\\/product\\\/nemo-grabo-2-batteries-2-seals\\\/#primaryimage\"},\"thumbnailUrl\":\"https:\\\/\\\/order.grabo.com\\\/wp-content\\\/uploads\\\/2022\\\/12\\\/NemoGrabo_Old_2batteries_USA.png\",\"datePublished\":\"2022-12-15T19:54:02+00:00\",\"dateModified\":\"2025-12-05T23:00:31+00:00\",\"description\":\"Ostateczny zestaw narz\u0119dzi GRABO. Zawiera dwie baterie i dwie piankowe uszczelki.\",\"breadcrumb\":{\"@id\":\"https:\\\/\\\/order.grabo.com\\\/pl\\\/product\\\/nemo-grabo-2-batteries-2-seals\\\/#breadcrumb\"},\"inLanguage\":\"pl-PL\",\"potentialAction\":[{\"@type\":\"ReadAction\",\"target\":[\"https:\\\/\\\/order.grabo.com\\\/pl\\\/product\\\/nemo-grabo-2-batteries-2-seals\\\/\"]}]},{\"@type\":\"ImageObject\",\"inLanguage\":\"pl-PL\",\"@id\":\"https:\\\/\\\/order.grabo.com\\\/pl\\\/product\\\/nemo-grabo-2-batteries-2-seals\\\/#primaryimage\",\"url\":\"https:\\\/\\\/order.grabo.com\\\/wp-content\\\/uploads\\\/2022\\\/12\\\/NemoGrabo_Old_2batteries_USA.png\",\"contentUrl\":\"https:\\\/\\\/order.grabo.com\\\/wp-content\\\/uploads\\\/2022\\\/12\\\/NemoGrabo_Old_2batteries_USA.png\",\"width\":1500,\"height\":1500},{\"@type\":\"BreadcrumbList\",\"@id\":\"https:\\\/\\\/order.grabo.com\\\/pl\\\/product\\\/nemo-grabo-2-batteries-2-seals\\\/#breadcrumb\",\"itemListElement\":[{\"@type\":\"ListItem\",\"position\":1,\"name\":\"Home\",\"item\":\"https:\\\/\\\/order.grabo.com\\\/pl\\\/\"},{\"@type\":\"ListItem\",\"position\":2,\"name\":\"GRABO Factory Shop\",\"item\":\"https:\\\/\\\/order.grabo.com\\\/\"},{\"@type\":\"ListItem\",\"position\":3,\"name\":\"Nemo GRABO 2 Baterie i 2 uszczelki\"}]},{\"@type\":\"WebSite\",\"@id\":\"https:\\\/\\\/order.grabo.com\\\/pl\\\/#website\",\"url\":\"https:\\\/\\\/order.grabo.com\\\/pl\\\/\",\"name\":\"GRABO Factory Shop\",\"description\":\"GRABO Factory Shop\",\"publisher\":{\"@id\":\"https:\\\/\\\/order.grabo.com\\\/pl\\\/#organization\"},\"potentialAction\":[{\"@type\":\"SearchAction\",\"target\":{\"@type\":\"EntryPoint\",\"urlTemplate\":\"https:\\\/\\\/order.grabo.com\\\/pl\\\/?s={search_term_string}\"},\"query-input\":{\"@type\":\"PropertyValueSpecification\",\"valueRequired\":true,\"valueName\":\"search_term_string\"}}],\"inLanguage\":\"pl-PL\"},{\"@type\":\"Organization\",\"@id\":\"https:\\\/\\\/order.grabo.com\\\/pl\\\/#organization\",\"name\":\"GRABO\",\"url\":\"https:\\\/\\\/order.grabo.com\\\/pl\\\/\",\"logo\":{\"@type\":\"ImageObject\",\"inLanguage\":\"pl-PL\",\"@id\":\"https:\\\/\\\/order.grabo.com\\\/pl\\\/#\\\/schema\\\/logo\\\/image\\\/\",\"url\":\"https:\\\/\\\/order.grabo.com\\\/wp-content\\\/uploads\\\/2020\\\/12\\\/GRABO-Pro-1.jpeg\",\"contentUrl\":\"https:\\\/\\\/order.grabo.com\\\/wp-content\\\/uploads\\\/2020\\\/12\\\/GRABO-Pro-1.jpeg\",\"width\":1712,\"height\":1712,\"caption\":\"GRABO\"},\"image\":{\"@id\":\"https:\\\/\\\/order.grabo.com\\\/pl\\\/#\\\/schema\\\/logo\\\/image\\\/\"},\"sameAs\":[\"https:\\\/\\\/www.facebook.com\\\/GRABO.tools\",\"https:\\\/\\\/x.com\\\/grabotools\",\"https:\\\/\\\/www.instagram.com\\\/grabo.tools\\\/?hl=en\"]}]}<\/script>\n<!-- \/ Yoast SEO plugin. -->","yoast_head_json":{"title":"Nemo GRABO 2 Baterie i 2 uszczelki - GRABO Factory Shop","description":"Ostateczny zestaw narz\u0119dzi GRABO. Zawiera dwie baterie i dwie piankowe uszczelki.","robots":{"index":"index","follow":"follow","max-snippet":"max-snippet:-1","max-image-preview":"max-image-preview:large","max-video-preview":"max-video-preview:-1"},"canonical":"https:\/\/order.grabo.com\/pl\/product\/nemo-grabo-2-batteries-2-seals\/","og_locale":"pl_PL","og_type":"article","og_title":"Nemo GRABO 2 Baterie i 2 uszczelki - GRABO Factory Shop","og_description":"Ostateczny zestaw narz\u0119dzi GRABO. Zawiera dwie baterie i dwie piankowe uszczelki.","og_url":"https:\/\/order.grabo.com\/pl\/product\/nemo-grabo-2-batteries-2-seals\/","og_site_name":"GRABO Factory Shop","article_publisher":"https:\/\/www.facebook.com\/GRABO.tools","article_modified_time":"2025-12-05T23:00:31+00:00","og_image":[{"width":1024,"height":1024,"url":"https:\/\/order.grabo.com\/wp-content\/uploads\/2022\/12\/NemoGrabo_Old_2batteries_USA-1024x1024.png","type":"image\/png"}],"twitter_card":"summary_large_image","twitter_site":"@grabotools","twitter_misc":{"Szacowany czas czytania":"1 minuta"},"schema":{"@context":"https:\/\/schema.org","@graph":[{"@type":"WebPage","@id":"https:\/\/order.grabo.com\/pl\/product\/nemo-grabo-2-batteries-2-seals\/","url":"https:\/\/order.grabo.com\/pl\/product\/nemo-grabo-2-batteries-2-seals\/","name":"Nemo GRABO 2 Baterie i 2 uszczelki - GRABO Factory Shop","isPartOf":{"@id":"https:\/\/order.grabo.com\/pl\/#website"},"primaryImageOfPage":{"@id":"https:\/\/order.grabo.com\/pl\/product\/nemo-grabo-2-batteries-2-seals\/#primaryimage"},"image":{"@id":"https:\/\/order.grabo.com\/pl\/product\/nemo-grabo-2-batteries-2-seals\/#primaryimage"},"thumbnailUrl":"https:\/\/order.grabo.com\/wp-content\/uploads\/2022\/12\/NemoGrabo_Old_2batteries_USA.png","datePublished":"2022-12-15T19:54:02+00:00","dateModified":"2025-12-05T23:00:31+00:00","description":"Ostateczny zestaw narz\u0119dzi GRABO. Zawiera dwie baterie i dwie piankowe uszczelki.","breadcrumb":{"@id":"https:\/\/order.grabo.com\/pl\/product\/nemo-grabo-2-batteries-2-seals\/#breadcrumb"},"inLanguage":"pl-PL","potentialAction":[{"@type":"ReadAction","target":["https:\/\/order.grabo.com\/pl\/product\/nemo-grabo-2-batteries-2-seals\/"]}]},{"@type":"ImageObject","inLanguage":"pl-PL","@id":"https:\/\/order.grabo.com\/pl\/product\/nemo-grabo-2-batteries-2-seals\/#primaryimage","url":"https:\/\/order.grabo.com\/wp-content\/uploads\/2022\/12\/NemoGrabo_Old_2batteries_USA.png","contentUrl":"https:\/\/order.grabo.com\/wp-content\/uploads\/2022\/12\/NemoGrabo_Old_2batteries_USA.png","width":1500,"height":1500},{"@type":"BreadcrumbList","@id":"https:\/\/order.grabo.com\/pl\/product\/nemo-grabo-2-batteries-2-seals\/#breadcrumb","itemListElement":[{"@type":"ListItem","position":1,"name":"Home","item":"https:\/\/order.grabo.com\/pl\/"},{"@type":"ListItem","position":2,"name":"GRABO Factory Shop","item":"https:\/\/order.grabo.com\/"},{"@type":"ListItem","position":3,"name":"Nemo GRABO 2 Baterie i 2 uszczelki"}]},{"@type":"WebSite","@id":"https:\/\/order.grabo.com\/pl\/#website","url":"https:\/\/order.grabo.com\/pl\/","name":"GRABO Factory Shop","description":"GRABO Factory Shop","publisher":{"@id":"https:\/\/order.grabo.com\/pl\/#organization"},"potentialAction":[{"@type":"SearchAction","target":{"@type":"EntryPoint","urlTemplate":"https:\/\/order.grabo.com\/pl\/?s={search_term_string}"},"query-input":{"@type":"PropertyValueSpecification","valueRequired":true,"valueName":"search_term_string"}}],"inLanguage":"pl-PL"},{"@type":"Organization","@id":"https:\/\/order.grabo.com\/pl\/#organization","name":"GRABO","url":"https:\/\/order.grabo.com\/pl\/","logo":{"@type":"ImageObject","inLanguage":"pl-PL","@id":"https:\/\/order.grabo.com\/pl\/#\/schema\/logo\/image\/","url":"https:\/\/order.grabo.com\/wp-content\/uploads\/2020\/12\/GRABO-Pro-1.jpeg","contentUrl":"https:\/\/order.grabo.com\/wp-content\/uploads\/2020\/12\/GRABO-Pro-1.jpeg","width":1712,"height":1712,"caption":"GRABO"},"image":{"@id":"https:\/\/order.grabo.com\/pl\/#\/schema\/logo\/image\/"},"sameAs":["https:\/\/www.facebook.com\/GRABO.tools","https:\/\/x.com\/grabotools","https:\/\/www.instagram.com\/grabo.tools\/?hl=en"]}]}},"_links":{"self":[{"href":"https:\/\/order.grabo.com\/pl\/wp-json\/wp\/v2\/product\/8088","targetHints":{"allow":["GET"]}}],"collection":[{"href":"https:\/\/order.grabo.com\/pl\/wp-json\/wp\/v2\/product"}],"about":[{"href":"https:\/\/order.grabo.com\/pl\/wp-json\/wp\/v2\/types\/product"}],"replies":[{"embeddable":true,"href":"https:\/\/order.grabo.com\/pl\/wp-json\/wp\/v2\/comments?post=8088"}],"wp:featuredmedia":[{"embeddable":true,"href":"https:\/\/order.grabo.com\/pl\/wp-json\/wp\/v2\/media\/21124"}],"wp:attachment":[{"href":"https:\/\/order.grabo.com\/pl\/wp-json\/wp\/v2\/media?parent=8088"}],"wp:term":[{"taxonomy":"product_brand","embeddable":true,"href":"https:\/\/order.grabo.com\/pl\/wp-json\/wp\/v2\/product_brand?post=8088"},{"taxonomy":"product_cat","embeddable":true,"href":"https:\/\/order.grabo.com\/pl\/wp-json\/wp\/v2\/product_cat?post=8088"},{"taxonomy":"product_tag","embeddable":true,"href":"https:\/\/order.grabo.com\/pl\/wp-json\/wp\/v2\/product_tag?post=8088"}],"curies":[{"name":"wp","href":"https:\/\/api.w.org\/{rel}","templated":true}]}}