{"id":8087,"date":"2023-02-16T02:34:34","date_gmt":"2023-02-16T02:34:34","guid":{"rendered":"https:\/\/factory.grabo.com\/?post_type=product&#038;p=8087"},"modified":"2025-12-05T23:00:25","modified_gmt":"2025-12-05T23:00:25","slug":"grabo-pro-2023-version-for-europe","status":"publish","type":"product","link":"https:\/\/order.grabo.com\/pl\/product\/grabo-pro-2023-version-for-europe\/","title":{"rendered":"GRABO PRO"},"content":{"rendered":"<p>Narz\u0119dzie GRABO Pro wyposa\u017cone w inteligentny wy\u015bwietlacz ci\u015bnienia cyfrowego wygodnie umieszczony na r\u0105czce z wy\u015bwietlaniem ci\u015bnienia (PSI, Bar) i wagi (Kg, Lb). GRABO Pro posiada wbudowany czujnik ci\u015bnienia, kt\u00f3ry automatycznie w\u0142\u0105cza i wy\u0142\u0105cza pomp\u0119 pr\u00f3\u017cniow\u0105, aby utrzyma\u0107 sta\u0142\u0105 po\u017c\u0105dan\u0105 zdolno\u015b\u0107 podnoszenia. Pompa pr\u00f3\u017cniowa GRABO Pro przemieszcza 20 litr\u00f3w powietrza na minut\u0119, co daje ogromn\u0105 zdolno\u015b\u0107 podnoszenia i jest w stanie podnosi\u0107 niemal ka\u017cd\u0105 powierzchni\u0119 o wadze do 375 funt\u00f3w (170 kg). Opatentowana piankowa uszczelka, kt\u00f3ra jest dostarczana wraz z narz\u0119dziem GRABO Pro, jest mocna i odporna na \u015bcieranie, a jednocze\u015bnie \u0142atwa do wymiany w przypadku uszkodzenia. Po aktywacji narz\u0119dzia uszczelka tworzy si\u0119 w ci\u0105gu kilku sekund i mocno przylega do niemal ka\u017cdej powierzchni, w tym do powierzchni nier\u00f3wnych i lekko porowatych. GRABO Pro jest wyposa\u017cony w cztery stalowe uchwyty podnosz\u0105ce umieszczone po obu stronach r\u0105czki narz\u0119dzia. Pozwala to na u\u017cycie narz\u0119dzia z pasami podnosz\u0105cymi i dodatkowymi akcesoriami.<\/p>\n<p>GRABO Pro jest obj\u0119ty pe\u0142n\u0105 fabryczn\u0105 gwarancj\u0105 12 miesi\u0119cy, kt\u00f3r\u0105 mo\u017cna przed\u0142u\u017cy\u0107 do 18 miesi\u0119cy po zarejestrowaniu produktu na naszej stronie internetowej. Dzi\u0119ki profesjonalnemu wsparciu technicznemu z siedzib\u0105 w USA, je\u015bli napotkasz jakie\u015b problemy, nie wahaj si\u0119 powiedzie\u0107 nam. Jeste\u015bmy tu, aby utrzyma\u0107 ci\u0119 w pracy!<\/p>\n","protected":false},"excerpt":{"rendered":"<p>Przeno\u015bny elektryczny podno\u015bnik pr\u00f3\u017cniowy, wyposa\u017cony w cyfrowy manometr, kt\u00f3ry znajduje si\u0119 na r\u0105czce i umo\u017cliwia \u0142atwe odczytywanie ci\u015bnienia. Automatyczne czujniki ci\u015bnienia zapewniaj\u0105 sta\u0142\u0105 pr\u00f3\u017cni\u0119. Akumulatory o mo\u017cliwo\u015bci ponownego \u0142adowania zasilaj\u0105 podno\u015bnik pr\u00f3\u017cniowy, kt\u00f3ry mo\u017ce podnosi\u0107 obiekty o wadze do 375 funt\u00f3w (170 kg).<\/p>\n<p>Zestaw zawiera:<\/p>\n<ul>\n<li>Przeno\u015bny elektryczny podno\u015bnik pr\u00f3\u017cniowy GRABO Pro z cyfrowym manometrem<\/li>\n<li>Automatyczny czujnik ci\u015bnienia w\u0142\u0105cza i wy\u0142\u0105cza pomp\u0119, aby zapewni\u0107 sta\u0142e ci\u015bnienie pr\u00f3\u017cniowe.<\/li>\n<li>Pojemno\u015b\u0107 pompy: 20 litr\u00f3w na minut\u0119 daje ogromn\u0105 zdolno\u015b\u0107 podnoszenia<\/li>\n<li>1 akumulator i \u0142adowarka z adapterami mi\u0119dzynarodowymi<\/li>\n<li>Uszczelka z pianki kauczukowej ju\u017c zamontowana na narz\u0119dziu<\/li>\n<li>Wytrzyma\u0142a torba z nylonu<\/li>\n<li>Filtry zapasowe<\/li>\n<li>Instrukcja obs\u0142ugi w j\u0119zyku angielskim z kolorowym opakowaniem.<\/li>\n<\/ul>\n<p>https:\/\/www.youtube.com\/watch?v=N5pcKCORwnA<\/p>\n","protected":false},"featured_media":9215,"comment_status":"open","ping_status":"closed","template":"","meta":{"_acf_changed":false},"product_brand":[],"product_cat":[223],"product_tag":[],"class_list":{"0":"post-8087","1":"product","2":"type-product","3":"status-publish","4":"has-post-thumbnail","6":"product_cat-tools-pl","7":"product_shipping_class-free-shipping-pl","9":"first","10":"instock","11":"taxable","12":"shipping-taxable","13":"purchasable","14":"product-type-simple"},"acf":[],"yoast_head":"<!-- This site is optimized with the Yoast SEO plugin v27.3 - https:\/\/yoast.com\/product\/yoast-seo-wordpress\/ -->\n<title>GRABO PRO - GRABO Factory Shop<\/title>\n<meta name=\"description\" content=\"Nowa, ulepszona wersja 2023 z wy\u015bwietlaczem cyfrowym - GRABO Pro wyposa\u017cona jest w inteligentny czujnik ci\u015bnienia cyfrowego, wy\u015bwietlacz maksymalnej zdolno\u015bci podnoszenia i inteligentne ustawienia dla wagi i ci\u015bnienia.\" \/>\n<meta name=\"robots\" content=\"index, follow, max-snippet:-1, max-image-preview:large, max-video-preview:-1\" \/>\n<link rel=\"canonical\" href=\"https:\/\/order.grabo.com\/pl\/product\/grabo-pro-2023-version-for-europe\/\" \/>\n<meta property=\"og:locale\" content=\"pl_PL\" \/>\n<meta property=\"og:type\" content=\"article\" \/>\n<meta property=\"og:title\" content=\"GRABO PRO - GRABO Factory Shop\" \/>\n<meta property=\"og:description\" content=\"Nowa, ulepszona wersja 2023 z wy\u015bwietlaczem cyfrowym - GRABO Pro wyposa\u017cona jest w inteligentny czujnik ci\u015bnienia cyfrowego, wy\u015bwietlacz maksymalnej zdolno\u015bci podnoszenia i inteligentne ustawienia dla wagi i ci\u015bnienia.\" \/>\n<meta property=\"og:url\" content=\"https:\/\/order.grabo.com\/pl\/product\/grabo-pro-2023-version-for-europe\/\" \/>\n<meta property=\"og:site_name\" content=\"GRABO Factory Shop\" \/>\n<meta property=\"article:publisher\" content=\"https:\/\/www.facebook.com\/GRABO.tools\" \/>\n<meta property=\"article:modified_time\" content=\"2025-12-05T23:00:25+00:00\" \/>\n<meta property=\"og:image\" content=\"https:\/\/order.grabo.com\/wp-content\/uploads\/2023\/02\/GRABO-PRO_2021_120kg.905-1024x1024.png\" \/>\n\t<meta property=\"og:image:width\" content=\"1024\" \/>\n\t<meta property=\"og:image:height\" content=\"1024\" \/>\n\t<meta property=\"og:image:type\" content=\"image\/png\" \/>\n<meta name=\"twitter:card\" content=\"summary_large_image\" \/>\n<meta name=\"twitter:site\" content=\"@grabotools\" \/>\n<meta name=\"twitter:label1\" content=\"Szacowany czas czytania\" \/>\n\t<meta name=\"twitter:data1\" content=\"2 minuty\" \/>\n<script type=\"application\/ld+json\" class=\"yoast-schema-graph\">{\"@context\":\"https:\\\/\\\/schema.org\",\"@graph\":[{\"@type\":\"WebPage\",\"@id\":\"https:\\\/\\\/order.grabo.com\\\/pl\\\/product\\\/grabo-pro-2023-version-for-europe\\\/\",\"url\":\"https:\\\/\\\/order.grabo.com\\\/pl\\\/product\\\/grabo-pro-2023-version-for-europe\\\/\",\"name\":\"GRABO PRO - GRABO Factory Shop\",\"isPartOf\":{\"@id\":\"https:\\\/\\\/order.grabo.com\\\/pl\\\/#website\"},\"primaryImageOfPage\":{\"@id\":\"https:\\\/\\\/order.grabo.com\\\/pl\\\/product\\\/grabo-pro-2023-version-for-europe\\\/#primaryimage\"},\"image\":{\"@id\":\"https:\\\/\\\/order.grabo.com\\\/pl\\\/product\\\/grabo-pro-2023-version-for-europe\\\/#primaryimage\"},\"thumbnailUrl\":\"https:\\\/\\\/order.grabo.com\\\/wp-content\\\/uploads\\\/2023\\\/02\\\/GRABO-PRO_2021_120kg.905.png\",\"datePublished\":\"2023-02-16T02:34:34+00:00\",\"dateModified\":\"2025-12-05T23:00:25+00:00\",\"description\":\"Nowa, ulepszona wersja 2023 z wy\u015bwietlaczem cyfrowym - GRABO Pro wyposa\u017cona jest w inteligentny czujnik ci\u015bnienia cyfrowego, wy\u015bwietlacz maksymalnej zdolno\u015bci podnoszenia i inteligentne ustawienia dla wagi i ci\u015bnienia.\",\"breadcrumb\":{\"@id\":\"https:\\\/\\\/order.grabo.com\\\/pl\\\/product\\\/grabo-pro-2023-version-for-europe\\\/#breadcrumb\"},\"inLanguage\":\"pl-PL\",\"potentialAction\":[{\"@type\":\"ReadAction\",\"target\":[\"https:\\\/\\\/order.grabo.com\\\/pl\\\/product\\\/grabo-pro-2023-version-for-europe\\\/\"]}]},{\"@type\":\"ImageObject\",\"inLanguage\":\"pl-PL\",\"@id\":\"https:\\\/\\\/order.grabo.com\\\/pl\\\/product\\\/grabo-pro-2023-version-for-europe\\\/#primaryimage\",\"url\":\"https:\\\/\\\/order.grabo.com\\\/wp-content\\\/uploads\\\/2023\\\/02\\\/GRABO-PRO_2021_120kg.905.png\",\"contentUrl\":\"https:\\\/\\\/order.grabo.com\\\/wp-content\\\/uploads\\\/2023\\\/02\\\/GRABO-PRO_2021_120kg.905.png\",\"width\":3150,\"height\":3150},{\"@type\":\"BreadcrumbList\",\"@id\":\"https:\\\/\\\/order.grabo.com\\\/pl\\\/product\\\/grabo-pro-2023-version-for-europe\\\/#breadcrumb\",\"itemListElement\":[{\"@type\":\"ListItem\",\"position\":1,\"name\":\"Home\",\"item\":\"https:\\\/\\\/order.grabo.com\\\/pl\\\/\"},{\"@type\":\"ListItem\",\"position\":2,\"name\":\"GRABO Factory Shop\",\"item\":\"https:\\\/\\\/order.grabo.com\\\/\"},{\"@type\":\"ListItem\",\"position\":3,\"name\":\"GRABO PRO\"}]},{\"@type\":\"WebSite\",\"@id\":\"https:\\\/\\\/order.grabo.com\\\/pl\\\/#website\",\"url\":\"https:\\\/\\\/order.grabo.com\\\/pl\\\/\",\"name\":\"GRABO Factory Shop\",\"description\":\"GRABO Factory Shop\",\"publisher\":{\"@id\":\"https:\\\/\\\/order.grabo.com\\\/pl\\\/#organization\"},\"potentialAction\":[{\"@type\":\"SearchAction\",\"target\":{\"@type\":\"EntryPoint\",\"urlTemplate\":\"https:\\\/\\\/order.grabo.com\\\/pl\\\/?s={search_term_string}\"},\"query-input\":{\"@type\":\"PropertyValueSpecification\",\"valueRequired\":true,\"valueName\":\"search_term_string\"}}],\"inLanguage\":\"pl-PL\"},{\"@type\":\"Organization\",\"@id\":\"https:\\\/\\\/order.grabo.com\\\/pl\\\/#organization\",\"name\":\"GRABO\",\"url\":\"https:\\\/\\\/order.grabo.com\\\/pl\\\/\",\"logo\":{\"@type\":\"ImageObject\",\"inLanguage\":\"pl-PL\",\"@id\":\"https:\\\/\\\/order.grabo.com\\\/pl\\\/#\\\/schema\\\/logo\\\/image\\\/\",\"url\":\"https:\\\/\\\/order.grabo.com\\\/wp-content\\\/uploads\\\/2020\\\/12\\\/GRABO-Pro-1.jpeg\",\"contentUrl\":\"https:\\\/\\\/order.grabo.com\\\/wp-content\\\/uploads\\\/2020\\\/12\\\/GRABO-Pro-1.jpeg\",\"width\":1712,\"height\":1712,\"caption\":\"GRABO\"},\"image\":{\"@id\":\"https:\\\/\\\/order.grabo.com\\\/pl\\\/#\\\/schema\\\/logo\\\/image\\\/\"},\"sameAs\":[\"https:\\\/\\\/www.facebook.com\\\/GRABO.tools\",\"https:\\\/\\\/x.com\\\/grabotools\",\"https:\\\/\\\/www.instagram.com\\\/grabo.tools\\\/?hl=en\"]}]}<\/script>\n<!-- \/ Yoast SEO plugin. -->","yoast_head_json":{"title":"GRABO PRO - GRABO Factory Shop","description":"Nowa, ulepszona wersja 2023 z wy\u015bwietlaczem cyfrowym - GRABO Pro wyposa\u017cona jest w inteligentny czujnik ci\u015bnienia cyfrowego, wy\u015bwietlacz maksymalnej zdolno\u015bci podnoszenia i inteligentne ustawienia dla wagi i ci\u015bnienia.","robots":{"index":"index","follow":"follow","max-snippet":"max-snippet:-1","max-image-preview":"max-image-preview:large","max-video-preview":"max-video-preview:-1"},"canonical":"https:\/\/order.grabo.com\/pl\/product\/grabo-pro-2023-version-for-europe\/","og_locale":"pl_PL","og_type":"article","og_title":"GRABO PRO - GRABO Factory Shop","og_description":"Nowa, ulepszona wersja 2023 z wy\u015bwietlaczem cyfrowym - GRABO Pro wyposa\u017cona jest w inteligentny czujnik ci\u015bnienia cyfrowego, wy\u015bwietlacz maksymalnej zdolno\u015bci podnoszenia i inteligentne ustawienia dla wagi i ci\u015bnienia.","og_url":"https:\/\/order.grabo.com\/pl\/product\/grabo-pro-2023-version-for-europe\/","og_site_name":"GRABO Factory Shop","article_publisher":"https:\/\/www.facebook.com\/GRABO.tools","article_modified_time":"2025-12-05T23:00:25+00:00","og_image":[{"width":1024,"height":1024,"url":"https:\/\/order.grabo.com\/wp-content\/uploads\/2023\/02\/GRABO-PRO_2021_120kg.905-1024x1024.png","type":"image\/png"}],"twitter_card":"summary_large_image","twitter_site":"@grabotools","twitter_misc":{"Szacowany czas czytania":"2 minuty"},"schema":{"@context":"https:\/\/schema.org","@graph":[{"@type":"WebPage","@id":"https:\/\/order.grabo.com\/pl\/product\/grabo-pro-2023-version-for-europe\/","url":"https:\/\/order.grabo.com\/pl\/product\/grabo-pro-2023-version-for-europe\/","name":"GRABO PRO - GRABO Factory Shop","isPartOf":{"@id":"https:\/\/order.grabo.com\/pl\/#website"},"primaryImageOfPage":{"@id":"https:\/\/order.grabo.com\/pl\/product\/grabo-pro-2023-version-for-europe\/#primaryimage"},"image":{"@id":"https:\/\/order.grabo.com\/pl\/product\/grabo-pro-2023-version-for-europe\/#primaryimage"},"thumbnailUrl":"https:\/\/order.grabo.com\/wp-content\/uploads\/2023\/02\/GRABO-PRO_2021_120kg.905.png","datePublished":"2023-02-16T02:34:34+00:00","dateModified":"2025-12-05T23:00:25+00:00","description":"Nowa, ulepszona wersja 2023 z wy\u015bwietlaczem cyfrowym - GRABO Pro wyposa\u017cona jest w inteligentny czujnik ci\u015bnienia cyfrowego, wy\u015bwietlacz maksymalnej zdolno\u015bci podnoszenia i inteligentne ustawienia dla wagi i ci\u015bnienia.","breadcrumb":{"@id":"https:\/\/order.grabo.com\/pl\/product\/grabo-pro-2023-version-for-europe\/#breadcrumb"},"inLanguage":"pl-PL","potentialAction":[{"@type":"ReadAction","target":["https:\/\/order.grabo.com\/pl\/product\/grabo-pro-2023-version-for-europe\/"]}]},{"@type":"ImageObject","inLanguage":"pl-PL","@id":"https:\/\/order.grabo.com\/pl\/product\/grabo-pro-2023-version-for-europe\/#primaryimage","url":"https:\/\/order.grabo.com\/wp-content\/uploads\/2023\/02\/GRABO-PRO_2021_120kg.905.png","contentUrl":"https:\/\/order.grabo.com\/wp-content\/uploads\/2023\/02\/GRABO-PRO_2021_120kg.905.png","width":3150,"height":3150},{"@type":"BreadcrumbList","@id":"https:\/\/order.grabo.com\/pl\/product\/grabo-pro-2023-version-for-europe\/#breadcrumb","itemListElement":[{"@type":"ListItem","position":1,"name":"Home","item":"https:\/\/order.grabo.com\/pl\/"},{"@type":"ListItem","position":2,"name":"GRABO Factory Shop","item":"https:\/\/order.grabo.com\/"},{"@type":"ListItem","position":3,"name":"GRABO PRO"}]},{"@type":"WebSite","@id":"https:\/\/order.grabo.com\/pl\/#website","url":"https:\/\/order.grabo.com\/pl\/","name":"GRABO Factory Shop","description":"GRABO Factory Shop","publisher":{"@id":"https:\/\/order.grabo.com\/pl\/#organization"},"potentialAction":[{"@type":"SearchAction","target":{"@type":"EntryPoint","urlTemplate":"https:\/\/order.grabo.com\/pl\/?s={search_term_string}"},"query-input":{"@type":"PropertyValueSpecification","valueRequired":true,"valueName":"search_term_string"}}],"inLanguage":"pl-PL"},{"@type":"Organization","@id":"https:\/\/order.grabo.com\/pl\/#organization","name":"GRABO","url":"https:\/\/order.grabo.com\/pl\/","logo":{"@type":"ImageObject","inLanguage":"pl-PL","@id":"https:\/\/order.grabo.com\/pl\/#\/schema\/logo\/image\/","url":"https:\/\/order.grabo.com\/wp-content\/uploads\/2020\/12\/GRABO-Pro-1.jpeg","contentUrl":"https:\/\/order.grabo.com\/wp-content\/uploads\/2020\/12\/GRABO-Pro-1.jpeg","width":1712,"height":1712,"caption":"GRABO"},"image":{"@id":"https:\/\/order.grabo.com\/pl\/#\/schema\/logo\/image\/"},"sameAs":["https:\/\/www.facebook.com\/GRABO.tools","https:\/\/x.com\/grabotools","https:\/\/www.instagram.com\/grabo.tools\/?hl=en"]}]}},"_links":{"self":[{"href":"https:\/\/order.grabo.com\/pl\/wp-json\/wp\/v2\/product\/8087","targetHints":{"allow":["GET"]}}],"collection":[{"href":"https:\/\/order.grabo.com\/pl\/wp-json\/wp\/v2\/product"}],"about":[{"href":"https:\/\/order.grabo.com\/pl\/wp-json\/wp\/v2\/types\/product"}],"replies":[{"embeddable":true,"href":"https:\/\/order.grabo.com\/pl\/wp-json\/wp\/v2\/comments?post=8087"}],"wp:featuredmedia":[{"embeddable":true,"href":"https:\/\/order.grabo.com\/pl\/wp-json\/wp\/v2\/media\/9215"}],"wp:attachment":[{"href":"https:\/\/order.grabo.com\/pl\/wp-json\/wp\/v2\/media?parent=8087"}],"wp:term":[{"taxonomy":"product_brand","embeddable":true,"href":"https:\/\/order.grabo.com\/pl\/wp-json\/wp\/v2\/product_brand?post=8087"},{"taxonomy":"product_cat","embeddable":true,"href":"https:\/\/order.grabo.com\/pl\/wp-json\/wp\/v2\/product_cat?post=8087"},{"taxonomy":"product_tag","embeddable":true,"href":"https:\/\/order.grabo.com\/pl\/wp-json\/wp\/v2\/product_tag?post=8087"}],"curies":[{"name":"wp","href":"https:\/\/api.w.org\/{rel}","templated":true}]}}