{"id":8086,"date":"2023-02-16T02:35:48","date_gmt":"2023-02-16T02:35:48","guid":{"rendered":"https:\/\/factory.grabo.com\/product\/ottovac-eu\/"},"modified":"2025-12-05T23:00:24","modified_gmt":"2025-12-05T23:00:24","slug":"ottovac-eu","status":"publish","type":"product","link":"https:\/\/order.grabo.com\/pl\/product\/ottovac-eu\/","title":{"rendered":"OTTOVAC"},"content":{"rendered":"<p>OTTOVAC to przeno\u015bne elektryczne urz\u0105dzenie do podnoszenia pr\u00f3\u017cniowego s\u0142u\u017c\u0105ce do podnoszenia i przemieszczania szk\u0142a oraz innych materia\u0142\u00f3w o g\u0142adkiej, p\u0142askiej i nieporowatej powierzchni. OTTOVAC dzia\u0142a na 4 baterie AA i posiada wbudowany czujnik ci\u015bnienia z automatyczn\u0105 funkcj\u0105 start\/stop. Gdy pr\u00f3\u017cnia w podstawie przyssawki osi\u0105gnie warto\u015b\u0107 -55 kPa, pompa zatrzyma si\u0119 automatycznie po trzysekundowym op\u00f3\u017anieniu. Gdy poziom pr\u00f3\u017cni spadnie poni\u017cej -55 kPa, pompa automatycznie uruchomi si\u0119 ponownie, osi\u0105gaj\u0105c wymagane ci\u015bnienie w trakcie pracy.<\/p>\n","protected":false},"excerpt":{"rendered":"<p>&nbsp;<\/p>\n<p>OTTOVAC to przeno\u015bne elektryczne urz\u0105dzenie do podnoszenia pr\u00f3\u017cniowego przeznaczone do podnoszenia i przemieszczania szk\u0142a oraz innych materia\u0142\u00f3w o g\u0142adkiej, p\u0142askiej i nieporowatej powierzchni.<\/p>\n<ul>\n<li aria-level=\"1\">Jest w pe\u0142ni elektryczny, dzia\u0142a na 4 bateriach AA - nie wymaga r\u0119cznego pompowania.<\/li>\n<li aria-level=\"1\">Niezawodno\u015b\u0107 i bezpiecze\u0144stwo: wbudowany czujnik ci\u015bnienia z automatyczn\u0105 funkcj\u0105 start\/stop.<\/li>\n<li aria-level=\"1\">Maksymalna zdolno\u015b\u0107 podnoszenia wynosi 200 kg (440 funt\u00f3w).<\/li>\n<li aria-level=\"1\">Dzia\u0142a na powierzchniach o teksturze.<\/li>\n<li aria-level=\"1\">Wska\u017anik \u015bwietlny LED czerwono-zielony informuj\u0105cy o stanie na\u0142adowania baterii.<\/li>\n<li aria-level=\"1\">Nie b\u0119dziesz ju\u017c zmartwiony utrat\u0105 ci\u015bnienia i utrat\u0105 przyczepno\u015bci do materia\u0142u w przypadku manualnych przyssawek. OTTOVAC eliminuje potrzeb\u0119 r\u0119cznego pompowania i zwi\u0119ksza niezawodno\u015b\u0107.<\/li>\n<\/ul>\n<p>https:\/\/youtu.be\/HEv4KsRn_EU<\/p>\n","protected":false},"featured_media":9510,"comment_status":"open","ping_status":"closed","template":"","meta":{"_acf_changed":false},"product_brand":[],"product_cat":[223],"product_tag":[],"class_list":{"0":"post-8086","1":"product","2":"type-product","3":"status-publish","4":"has-post-thumbnail","6":"product_cat-tools-pl","8":"first","9":"instock","10":"taxable","11":"shipping-taxable","12":"purchasable","13":"product-type-simple"},"acf":[],"yoast_head":"<!-- This site is optimized with the Yoast SEO plugin v27.2 - https:\/\/yoast.com\/product\/yoast-seo-wordpress\/ -->\n<title>OTTOVAC - GRABO Factory Shop<\/title>\n<meta name=\"description\" content=\"OTTOVAC to przeno\u015bne elektryczne urz\u0105dzenie do podnoszenia pr\u00f3\u017cniowego s\u0142u\u017c\u0105ce do podnoszenia i przemieszczania szk\u0142a oraz innych materia\u0142\u00f3w o g\u0142adkiej, p\u0142askiej i nieporowatej powierzchni. OTTOVAC dzia\u0142a na 4 baterie AA i posiada wbudowany czujnik ci\u015bnienia z automatyczn\u0105 funkcj\u0105 start\/stop. Gdy pr\u00f3\u017cnia w podstawie przyssawki osi\u0105gnie warto\u015b\u0107 -55 kPa, pompa automatycznie zatrzyma si\u0119 po trzysekundowym op\u00f3\u017anieniu. Gdy poziom pr\u00f3\u017cni spadnie poni\u017cej -55 kPa, pompa automatycznie uruchomi si\u0119 ponownie, osi\u0105gaj\u0105c wymagane ci\u015bnienie w trakcie pracy.\" \/>\n<meta name=\"robots\" content=\"index, follow, max-snippet:-1, max-image-preview:large, max-video-preview:-1\" \/>\n<link rel=\"canonical\" href=\"https:\/\/order.grabo.com\/pl\/product\/ottovac-eu\/\" \/>\n<meta property=\"og:locale\" content=\"pl_PL\" \/>\n<meta property=\"og:type\" content=\"article\" \/>\n<meta property=\"og:title\" content=\"OTTOVAC - GRABO Factory Shop\" \/>\n<meta property=\"og:description\" content=\"OTTOVAC to przeno\u015bne elektryczne urz\u0105dzenie do podnoszenia pr\u00f3\u017cniowego s\u0142u\u017c\u0105ce do podnoszenia i przemieszczania szk\u0142a oraz innych materia\u0142\u00f3w o g\u0142adkiej, p\u0142askiej i nieporowatej powierzchni. OTTOVAC dzia\u0142a na 4 baterie AA i posiada wbudowany czujnik ci\u015bnienia z automatyczn\u0105 funkcj\u0105 start\/stop. Gdy pr\u00f3\u017cnia w podstawie przyssawki osi\u0105gnie warto\u015b\u0107 -55 kPa, pompa automatycznie zatrzyma si\u0119 po trzysekundowym op\u00f3\u017anieniu. Gdy poziom pr\u00f3\u017cni spadnie poni\u017cej -55 kPa, pompa automatycznie uruchomi si\u0119 ponownie, osi\u0105gaj\u0105c wymagane ci\u015bnienie w trakcie pracy.\" \/>\n<meta property=\"og:url\" content=\"https:\/\/order.grabo.com\/pl\/product\/ottovac-eu\/\" \/>\n<meta property=\"og:site_name\" content=\"GRABO Factory Shop\" \/>\n<meta property=\"article:publisher\" content=\"https:\/\/www.facebook.com\/GRABO.tools\" \/>\n<meta property=\"article:modified_time\" content=\"2025-12-05T23:00:24+00:00\" \/>\n<meta property=\"og:image\" content=\"https:\/\/order.grabo.com\/wp-content\/uploads\/2023\/02\/Flat-lay-image-3-scaled.jpg\" \/>\n\t<meta property=\"og:image:width\" content=\"2560\" \/>\n\t<meta property=\"og:image:height\" content=\"2558\" \/>\n\t<meta property=\"og:image:type\" content=\"image\/jpeg\" \/>\n<meta name=\"twitter:card\" content=\"summary_large_image\" \/>\n<meta name=\"twitter:site\" content=\"@grabotools\" \/>\n<meta name=\"twitter:label1\" content=\"Szacowany czas czytania\" \/>\n\t<meta name=\"twitter:data1\" content=\"1 minuta\" \/>\n<script type=\"application\/ld+json\" class=\"yoast-schema-graph\">{\"@context\":\"https:\/\/schema.org\",\"@graph\":[{\"@type\":\"WebPage\",\"@id\":\"https:\/\/order.grabo.com\/pl\/product\/ottovac-eu\/\",\"url\":\"https:\/\/order.grabo.com\/pl\/product\/ottovac-eu\/\",\"name\":\"OTTOVAC - GRABO Factory Shop\",\"isPartOf\":{\"@id\":\"https:\/\/order.grabo.com\/pl\/#website\"},\"primaryImageOfPage\":{\"@id\":\"https:\/\/order.grabo.com\/pl\/product\/ottovac-eu\/#primaryimage\"},\"image\":{\"@id\":\"https:\/\/order.grabo.com\/pl\/product\/ottovac-eu\/#primaryimage\"},\"thumbnailUrl\":\"https:\/\/order.grabo.com\/wp-content\/uploads\/2023\/02\/Flat-lay-image-3-scaled.jpg\",\"datePublished\":\"2023-02-16T02:35:48+00:00\",\"dateModified\":\"2025-12-05T23:00:24+00:00\",\"description\":\"OTTOVAC to przeno\u015bne elektryczne urz\u0105dzenie do podnoszenia pr\u00f3\u017cniowego s\u0142u\u017c\u0105ce do podnoszenia i przemieszczania szk\u0142a oraz innych materia\u0142\u00f3w o g\u0142adkiej, p\u0142askiej i nieporowatej powierzchni. OTTOVAC dzia\u0142a na 4 baterie AA i posiada wbudowany czujnik ci\u015bnienia z automatyczn\u0105 funkcj\u0105 start\/stop. Gdy pr\u00f3\u017cnia w podstawie przyssawki osi\u0105gnie warto\u015b\u0107 -55 kPa, pompa automatycznie zatrzyma si\u0119 po trzysekundowym op\u00f3\u017anieniu. Gdy poziom pr\u00f3\u017cni spadnie poni\u017cej -55 kPa, pompa automatycznie uruchomi si\u0119 ponownie, osi\u0105gaj\u0105c wymagane ci\u015bnienie w trakcie pracy.\",\"breadcrumb\":{\"@id\":\"https:\/\/order.grabo.com\/pl\/product\/ottovac-eu\/#breadcrumb\"},\"inLanguage\":\"pl-PL\",\"potentialAction\":[{\"@type\":\"ReadAction\",\"target\":[\"https:\/\/order.grabo.com\/pl\/product\/ottovac-eu\/\"]}]},{\"@type\":\"ImageObject\",\"inLanguage\":\"pl-PL\",\"@id\":\"https:\/\/order.grabo.com\/pl\/product\/ottovac-eu\/#primaryimage\",\"url\":\"https:\/\/order.grabo.com\/wp-content\/uploads\/2023\/02\/Flat-lay-image-3-scaled.jpg\",\"contentUrl\":\"https:\/\/order.grabo.com\/wp-content\/uploads\/2023\/02\/Flat-lay-image-3-scaled.jpg\",\"width\":2560,\"height\":2558},{\"@type\":\"BreadcrumbList\",\"@id\":\"https:\/\/order.grabo.com\/pl\/product\/ottovac-eu\/#breadcrumb\",\"itemListElement\":[{\"@type\":\"ListItem\",\"position\":1,\"name\":\"Home\",\"item\":\"https:\/\/order.grabo.com\/pl\/\"},{\"@type\":\"ListItem\",\"position\":2,\"name\":\"GRABO Factory Shop\",\"item\":\"https:\/\/order.grabo.com\/\"},{\"@type\":\"ListItem\",\"position\":3,\"name\":\"OTTOVAC\"}]},{\"@type\":\"WebSite\",\"@id\":\"https:\/\/order.grabo.com\/pl\/#website\",\"url\":\"https:\/\/order.grabo.com\/pl\/\",\"name\":\"GRABO Factory Shop\",\"description\":\"GRABO Factory Shop\",\"publisher\":{\"@id\":\"https:\/\/order.grabo.com\/pl\/#organization\"},\"potentialAction\":[{\"@type\":\"SearchAction\",\"target\":{\"@type\":\"EntryPoint\",\"urlTemplate\":\"https:\/\/order.grabo.com\/pl\/?s={search_term_string}\"},\"query-input\":{\"@type\":\"PropertyValueSpecification\",\"valueRequired\":true,\"valueName\":\"search_term_string\"}}],\"inLanguage\":\"pl-PL\"},{\"@type\":\"Organization\",\"@id\":\"https:\/\/order.grabo.com\/pl\/#organization\",\"name\":\"GRABO\",\"url\":\"https:\/\/order.grabo.com\/pl\/\",\"logo\":{\"@type\":\"ImageObject\",\"inLanguage\":\"pl-PL\",\"@id\":\"https:\/\/order.grabo.com\/pl\/#\/schema\/logo\/image\/\",\"url\":\"https:\/\/order.grabo.com\/wp-content\/uploads\/2020\/12\/GRABO-Pro-1.jpeg\",\"contentUrl\":\"https:\/\/order.grabo.com\/wp-content\/uploads\/2020\/12\/GRABO-Pro-1.jpeg\",\"width\":1712,\"height\":1712,\"caption\":\"GRABO\"},\"image\":{\"@id\":\"https:\/\/order.grabo.com\/pl\/#\/schema\/logo\/image\/\"},\"sameAs\":[\"https:\/\/www.facebook.com\/GRABO.tools\",\"https:\/\/x.com\/grabotools\",\"https:\/\/www.instagram.com\/grabo.tools\/?hl=en\"]}]}<\/script>\n<!-- \/ Yoast SEO plugin. -->","yoast_head_json":{"title":"OTTOVAC - GRABO Factory Shop","description":"OTTOVAC to przeno\u015bne elektryczne urz\u0105dzenie do podnoszenia pr\u00f3\u017cniowego s\u0142u\u017c\u0105ce do podnoszenia i przemieszczania szk\u0142a oraz innych materia\u0142\u00f3w o g\u0142adkiej, p\u0142askiej i nieporowatej powierzchni. OTTOVAC dzia\u0142a na 4 baterie AA i posiada wbudowany czujnik ci\u015bnienia z automatyczn\u0105 funkcj\u0105 start\/stop. Gdy pr\u00f3\u017cnia w podstawie przyssawki osi\u0105gnie warto\u015b\u0107 -55 kPa, pompa automatycznie zatrzyma si\u0119 po trzysekundowym op\u00f3\u017anieniu. Gdy poziom pr\u00f3\u017cni spadnie poni\u017cej -55 kPa, pompa automatycznie uruchomi si\u0119 ponownie, osi\u0105gaj\u0105c wymagane ci\u015bnienie w trakcie pracy.","robots":{"index":"index","follow":"follow","max-snippet":"max-snippet:-1","max-image-preview":"max-image-preview:large","max-video-preview":"max-video-preview:-1"},"canonical":"https:\/\/order.grabo.com\/pl\/product\/ottovac-eu\/","og_locale":"pl_PL","og_type":"article","og_title":"OTTOVAC - GRABO Factory Shop","og_description":"OTTOVAC to przeno\u015bne elektryczne urz\u0105dzenie do podnoszenia pr\u00f3\u017cniowego s\u0142u\u017c\u0105ce do podnoszenia i przemieszczania szk\u0142a oraz innych materia\u0142\u00f3w o g\u0142adkiej, p\u0142askiej i nieporowatej powierzchni. OTTOVAC dzia\u0142a na 4 baterie AA i posiada wbudowany czujnik ci\u015bnienia z automatyczn\u0105 funkcj\u0105 start\/stop. Gdy pr\u00f3\u017cnia w podstawie przyssawki osi\u0105gnie warto\u015b\u0107 -55 kPa, pompa automatycznie zatrzyma si\u0119 po trzysekundowym op\u00f3\u017anieniu. Gdy poziom pr\u00f3\u017cni spadnie poni\u017cej -55 kPa, pompa automatycznie uruchomi si\u0119 ponownie, osi\u0105gaj\u0105c wymagane ci\u015bnienie w trakcie pracy.","og_url":"https:\/\/order.grabo.com\/pl\/product\/ottovac-eu\/","og_site_name":"GRABO Factory Shop","article_publisher":"https:\/\/www.facebook.com\/GRABO.tools","article_modified_time":"2025-12-05T23:00:24+00:00","og_image":[{"width":2560,"height":2558,"url":"https:\/\/order.grabo.com\/wp-content\/uploads\/2023\/02\/Flat-lay-image-3-scaled.jpg","type":"image\/jpeg"}],"twitter_card":"summary_large_image","twitter_site":"@grabotools","twitter_misc":{"Szacowany czas czytania":"1 minuta"},"schema":{"@context":"https:\/\/schema.org","@graph":[{"@type":"WebPage","@id":"https:\/\/order.grabo.com\/pl\/product\/ottovac-eu\/","url":"https:\/\/order.grabo.com\/pl\/product\/ottovac-eu\/","name":"OTTOVAC - GRABO Factory Shop","isPartOf":{"@id":"https:\/\/order.grabo.com\/pl\/#website"},"primaryImageOfPage":{"@id":"https:\/\/order.grabo.com\/pl\/product\/ottovac-eu\/#primaryimage"},"image":{"@id":"https:\/\/order.grabo.com\/pl\/product\/ottovac-eu\/#primaryimage"},"thumbnailUrl":"https:\/\/order.grabo.com\/wp-content\/uploads\/2023\/02\/Flat-lay-image-3-scaled.jpg","datePublished":"2023-02-16T02:35:48+00:00","dateModified":"2025-12-05T23:00:24+00:00","description":"OTTOVAC to przeno\u015bne elektryczne urz\u0105dzenie do podnoszenia pr\u00f3\u017cniowego s\u0142u\u017c\u0105ce do podnoszenia i przemieszczania szk\u0142a oraz innych materia\u0142\u00f3w o g\u0142adkiej, p\u0142askiej i nieporowatej powierzchni. OTTOVAC dzia\u0142a na 4 baterie AA i posiada wbudowany czujnik ci\u015bnienia z automatyczn\u0105 funkcj\u0105 start\/stop. Gdy pr\u00f3\u017cnia w podstawie przyssawki osi\u0105gnie warto\u015b\u0107 -55 kPa, pompa automatycznie zatrzyma si\u0119 po trzysekundowym op\u00f3\u017anieniu. Gdy poziom pr\u00f3\u017cni spadnie poni\u017cej -55 kPa, pompa automatycznie uruchomi si\u0119 ponownie, osi\u0105gaj\u0105c wymagane ci\u015bnienie w trakcie pracy.","breadcrumb":{"@id":"https:\/\/order.grabo.com\/pl\/product\/ottovac-eu\/#breadcrumb"},"inLanguage":"pl-PL","potentialAction":[{"@type":"ReadAction","target":["https:\/\/order.grabo.com\/pl\/product\/ottovac-eu\/"]}]},{"@type":"ImageObject","inLanguage":"pl-PL","@id":"https:\/\/order.grabo.com\/pl\/product\/ottovac-eu\/#primaryimage","url":"https:\/\/order.grabo.com\/wp-content\/uploads\/2023\/02\/Flat-lay-image-3-scaled.jpg","contentUrl":"https:\/\/order.grabo.com\/wp-content\/uploads\/2023\/02\/Flat-lay-image-3-scaled.jpg","width":2560,"height":2558},{"@type":"BreadcrumbList","@id":"https:\/\/order.grabo.com\/pl\/product\/ottovac-eu\/#breadcrumb","itemListElement":[{"@type":"ListItem","position":1,"name":"Home","item":"https:\/\/order.grabo.com\/pl\/"},{"@type":"ListItem","position":2,"name":"GRABO Factory Shop","item":"https:\/\/order.grabo.com\/"},{"@type":"ListItem","position":3,"name":"OTTOVAC"}]},{"@type":"WebSite","@id":"https:\/\/order.grabo.com\/pl\/#website","url":"https:\/\/order.grabo.com\/pl\/","name":"GRABO Factory Shop","description":"GRABO Factory Shop","publisher":{"@id":"https:\/\/order.grabo.com\/pl\/#organization"},"potentialAction":[{"@type":"SearchAction","target":{"@type":"EntryPoint","urlTemplate":"https:\/\/order.grabo.com\/pl\/?s={search_term_string}"},"query-input":{"@type":"PropertyValueSpecification","valueRequired":true,"valueName":"search_term_string"}}],"inLanguage":"pl-PL"},{"@type":"Organization","@id":"https:\/\/order.grabo.com\/pl\/#organization","name":"GRABO","url":"https:\/\/order.grabo.com\/pl\/","logo":{"@type":"ImageObject","inLanguage":"pl-PL","@id":"https:\/\/order.grabo.com\/pl\/#\/schema\/logo\/image\/","url":"https:\/\/order.grabo.com\/wp-content\/uploads\/2020\/12\/GRABO-Pro-1.jpeg","contentUrl":"https:\/\/order.grabo.com\/wp-content\/uploads\/2020\/12\/GRABO-Pro-1.jpeg","width":1712,"height":1712,"caption":"GRABO"},"image":{"@id":"https:\/\/order.grabo.com\/pl\/#\/schema\/logo\/image\/"},"sameAs":["https:\/\/www.facebook.com\/GRABO.tools","https:\/\/x.com\/grabotools","https:\/\/www.instagram.com\/grabo.tools\/?hl=en"]}]}},"_links":{"self":[{"href":"https:\/\/order.grabo.com\/pl\/wp-json\/wp\/v2\/product\/8086","targetHints":{"allow":["GET"]}}],"collection":[{"href":"https:\/\/order.grabo.com\/pl\/wp-json\/wp\/v2\/product"}],"about":[{"href":"https:\/\/order.grabo.com\/pl\/wp-json\/wp\/v2\/types\/product"}],"replies":[{"embeddable":true,"href":"https:\/\/order.grabo.com\/pl\/wp-json\/wp\/v2\/comments?post=8086"}],"wp:featuredmedia":[{"embeddable":true,"href":"https:\/\/order.grabo.com\/pl\/wp-json\/wp\/v2\/media\/9510"}],"wp:attachment":[{"href":"https:\/\/order.grabo.com\/pl\/wp-json\/wp\/v2\/media?parent=8086"}],"wp:term":[{"taxonomy":"product_brand","embeddable":true,"href":"https:\/\/order.grabo.com\/pl\/wp-json\/wp\/v2\/product_brand?post=8086"},{"taxonomy":"product_cat","embeddable":true,"href":"https:\/\/order.grabo.com\/pl\/wp-json\/wp\/v2\/product_cat?post=8086"},{"taxonomy":"product_tag","embeddable":true,"href":"https:\/\/order.grabo.com\/pl\/wp-json\/wp\/v2\/product_tag?post=8086"}],"curies":[{"name":"wp","href":"https:\/\/api.w.org\/{rel}","templated":true}]}}