{"id":8062,"date":"2020-12-16T06:16:51","date_gmt":"2020-12-16T06:16:51","guid":{"rendered":"https:\/\/factory.grabo.com\/product\/grabo-canvas-bag\/"},"modified":"2023-04-17T16:22:40","modified_gmt":"2023-04-17T16:22:40","slug":"grabo-canvas-bag","status":"publish","type":"product","link":"https:\/\/order.grabo.com\/it\/product\/grabo-canvas-bag\/","title":{"rendered":"GRABO Canvas Bag"},"content":{"rendered":"<p>La borsa in tela GRABO \u00e8 un'opzione robusta e versatile per riporre gli utensili GRABO. Realizzata in tessuto di tela per impieghi gravosi, questa borsa \u00e8 costruita per resistere all'usura dell'uso regolare. Le doppie chiusure a cerniera consentono un facile accesso agli utensili, mantenendoli al contempo sicuri e protetti. La borsa \u00e8 progettata con diversi scomparti e tasche per aiutarvi a organizzare gli attrezzi e a tenerli al posto giusto.<\/p>\n<p>La borsa \u00e8 perfetta per i professionisti dell'edilizia, gli appassionati di bricolage e gli hobbisti. \u00c8 ideale per i lavori in movimento, in quanto consente di portare con s\u00e9 gli attrezzi ovunque. La robusta maniglia e la tracolla regolabile rendono la borsa comoda da trasportare, anche a pieno carico. Le dimensioni compatte della borsa la rendono facile da riporre nel camion, nel furgone o nell'officina.<\/p>\n<p>La borsa in tela GRABO non \u00e8 solo resistente ma anche elegante, grazie al suo design moderno e raffinato. Il colore e il logo della borsa le conferiscono un aspetto professionale che far\u00e0 sicuramente colpo su colleghi e clienti. Sia che stiate lavorando a un grande progetto edile o a una piccola ristrutturazione domestica, la borsa di tela GRABO \u00e8 la soluzione ideale per riporre e trasportare i vostri attrezzi. \u00c8 un ottimo investimento per tutti coloro che tengono all'organizzazione, alla protezione e alla praticit\u00e0 dei propri attrezzi.<\/p>\n<p><img loading=\"lazy\" decoding=\"async\" class=\"alignnone size-medium wp-image-433\" src=\"https:\/\/order.grabo.com\/wp-content\/uploads\/2020\/12\/GRABO-in-BAG-288x300.jpg\" alt=\"\" width=\"288\" height=\"300\" srcset=\"https:\/\/order.grabo.com\/wp-content\/uploads\/2020\/12\/GRABO-in-BAG-288x300.jpg 288w, https:\/\/order.grabo.com\/wp-content\/uploads\/2020\/12\/GRABO-in-BAG-984x1024.jpg 984w, https:\/\/order.grabo.com\/wp-content\/uploads\/2020\/12\/GRABO-in-BAG-768x799.jpg 768w, https:\/\/order.grabo.com\/wp-content\/uploads\/2020\/12\/GRABO-in-BAG-600x624.jpg 600w, https:\/\/order.grabo.com\/wp-content\/uploads\/2020\/12\/GRABO-in-BAG.jpg 1442w\" sizes=\"auto, (max-width: 288px) 100vw, 288px\" \/><\/p>\n<p>SKU: SN23017<\/p>\n","protected":false},"excerpt":{"rendered":"<p>Vi presentiamo la borsa di tela GRABO, la soluzione perfetta per riporre e trasportare i vostri utensili GRABO. Realizzata in resistente tessuto di tela, questa borsa \u00e8 dotata di doppie chiusure lampo per mantenere gli utensili al sicuro e facilmente accessibili. Il robusto materiale in tela \u00e8 costruito per resistere all'uso intensivo e il design a doppia cerniera assicura che i vostri utensili rimangano protetti e organizzati. Che si tratti di un professionista o di un appassionato di bricolage, la borsa in tela GRABO \u00e8 un must per ogni collezione di attrezzi.<\/p>\n","protected":false},"featured_media":18793,"comment_status":"open","ping_status":"closed","template":"","meta":{"_acf_changed":false},"product_brand":[],"product_cat":[219],"product_tag":[],"class_list":{"0":"post-8062","1":"product","2":"type-product","3":"status-publish","4":"has-post-thumbnail","6":"product_cat-accessories-it","8":"first","9":"instock","10":"taxable","11":"shipping-taxable","12":"purchasable","13":"product-type-simple"},"acf":[],"yoast_head":"<!-- This site is optimized with the Yoast SEO plugin v27.3 - https:\/\/yoast.com\/product\/yoast-seo-wordpress\/ -->\n<title>GRABO Canvas Bag - GRABO Factory Shop<\/title>\n<meta name=\"robots\" content=\"index, follow, max-snippet:-1, max-image-preview:large, max-video-preview:-1\" \/>\n<link rel=\"canonical\" href=\"https:\/\/order.grabo.com\/it\/product\/grabo-canvas-bag\/\" \/>\n<meta property=\"og:locale\" content=\"it_IT\" \/>\n<meta property=\"og:type\" content=\"article\" \/>\n<meta property=\"og:title\" content=\"GRABO Canvas Bag - GRABO Factory Shop\" \/>\n<meta property=\"og:description\" content=\"Vi presentiamo la borsa di tela GRABO, la soluzione perfetta per riporre e trasportare i vostri utensili GRABO. Realizzata in resistente tessuto di tela, questa borsa \u00e8 dotata di doppie chiusure lampo per mantenere gli utensili al sicuro e facilmente accessibili. Il robusto materiale in tela \u00e8 costruito per resistere all&#039;uso intensivo e il design a doppia cerniera assicura che i vostri utensili rimangano protetti e organizzati. Che si tratti di un professionista o di un appassionato di bricolage, la borsa in tela GRABO \u00e8 un must per ogni collezione di attrezzi.\" \/>\n<meta property=\"og:url\" content=\"https:\/\/order.grabo.com\/it\/product\/grabo-canvas-bag\/\" \/>\n<meta property=\"og:site_name\" content=\"GRABO Factory Shop\" \/>\n<meta property=\"article:publisher\" content=\"https:\/\/www.facebook.com\/GRABO.tools\" \/>\n<meta property=\"article:modified_time\" content=\"2023-04-17T16:22:40+00:00\" \/>\n<meta property=\"og:image\" content=\"https:\/\/order.grabo.com\/wp-content\/uploads\/2020\/12\/Z8A3664-1024x1022.png\" \/>\n\t<meta property=\"og:image:width\" content=\"1024\" \/>\n\t<meta property=\"og:image:height\" content=\"1022\" \/>\n\t<meta property=\"og:image:type\" content=\"image\/png\" \/>\n<meta name=\"twitter:card\" content=\"summary_large_image\" \/>\n<meta name=\"twitter:site\" content=\"@grabotools\" \/>\n<meta name=\"twitter:label1\" content=\"Tempo di lettura stimato\" \/>\n\t<meta name=\"twitter:data1\" content=\"2 minuti\" \/>\n<script type=\"application\/ld+json\" class=\"yoast-schema-graph\">{\"@context\":\"https:\\\/\\\/schema.org\",\"@graph\":[{\"@type\":\"WebPage\",\"@id\":\"https:\\\/\\\/order.grabo.com\\\/it\\\/product\\\/grabo-canvas-bag\\\/\",\"url\":\"https:\\\/\\\/order.grabo.com\\\/it\\\/product\\\/grabo-canvas-bag\\\/\",\"name\":\"GRABO Canvas Bag - GRABO Factory Shop\",\"isPartOf\":{\"@id\":\"https:\\\/\\\/order.grabo.com\\\/it\\\/#website\"},\"primaryImageOfPage\":{\"@id\":\"https:\\\/\\\/order.grabo.com\\\/it\\\/product\\\/grabo-canvas-bag\\\/#primaryimage\"},\"image\":{\"@id\":\"https:\\\/\\\/order.grabo.com\\\/it\\\/product\\\/grabo-canvas-bag\\\/#primaryimage\"},\"thumbnailUrl\":\"https:\\\/\\\/order.grabo.com\\\/wp-content\\\/uploads\\\/2020\\\/12\\\/thumbnail.png\",\"datePublished\":\"2020-12-16T06:16:51+00:00\",\"dateModified\":\"2023-04-17T16:22:40+00:00\",\"breadcrumb\":{\"@id\":\"https:\\\/\\\/order.grabo.com\\\/it\\\/product\\\/grabo-canvas-bag\\\/#breadcrumb\"},\"inLanguage\":\"it-IT\",\"potentialAction\":[{\"@type\":\"ReadAction\",\"target\":[\"https:\\\/\\\/order.grabo.com\\\/it\\\/product\\\/grabo-canvas-bag\\\/\"]}]},{\"@type\":\"ImageObject\",\"inLanguage\":\"it-IT\",\"@id\":\"https:\\\/\\\/order.grabo.com\\\/it\\\/product\\\/grabo-canvas-bag\\\/#primaryimage\",\"url\":\"https:\\\/\\\/order.grabo.com\\\/wp-content\\\/uploads\\\/2020\\\/12\\\/thumbnail.png\",\"contentUrl\":\"https:\\\/\\\/order.grabo.com\\\/wp-content\\\/uploads\\\/2020\\\/12\\\/thumbnail.png\",\"width\":3000,\"height\":3000},{\"@type\":\"BreadcrumbList\",\"@id\":\"https:\\\/\\\/order.grabo.com\\\/it\\\/product\\\/grabo-canvas-bag\\\/#breadcrumb\",\"itemListElement\":[{\"@type\":\"ListItem\",\"position\":1,\"name\":\"Home\",\"item\":\"https:\\\/\\\/order.grabo.com\\\/it\\\/\"},{\"@type\":\"ListItem\",\"position\":2,\"name\":\"GRABO Factory Shop\",\"item\":\"https:\\\/\\\/order.grabo.com\\\/\"},{\"@type\":\"ListItem\",\"position\":3,\"name\":\"GRABO Canvas Bag\"}]},{\"@type\":\"WebSite\",\"@id\":\"https:\\\/\\\/order.grabo.com\\\/it\\\/#website\",\"url\":\"https:\\\/\\\/order.grabo.com\\\/it\\\/\",\"name\":\"GRABO Factory Shop\",\"description\":\"GRABO Factory Shop\",\"publisher\":{\"@id\":\"https:\\\/\\\/order.grabo.com\\\/it\\\/#organization\"},\"potentialAction\":[{\"@type\":\"SearchAction\",\"target\":{\"@type\":\"EntryPoint\",\"urlTemplate\":\"https:\\\/\\\/order.grabo.com\\\/it\\\/?s={search_term_string}\"},\"query-input\":{\"@type\":\"PropertyValueSpecification\",\"valueRequired\":true,\"valueName\":\"search_term_string\"}}],\"inLanguage\":\"it-IT\"},{\"@type\":\"Organization\",\"@id\":\"https:\\\/\\\/order.grabo.com\\\/it\\\/#organization\",\"name\":\"GRABO\",\"url\":\"https:\\\/\\\/order.grabo.com\\\/it\\\/\",\"logo\":{\"@type\":\"ImageObject\",\"inLanguage\":\"it-IT\",\"@id\":\"https:\\\/\\\/order.grabo.com\\\/it\\\/#\\\/schema\\\/logo\\\/image\\\/\",\"url\":\"https:\\\/\\\/order.grabo.com\\\/wp-content\\\/uploads\\\/2020\\\/12\\\/GRABO-Pro-1.jpeg\",\"contentUrl\":\"https:\\\/\\\/order.grabo.com\\\/wp-content\\\/uploads\\\/2020\\\/12\\\/GRABO-Pro-1.jpeg\",\"width\":1712,\"height\":1712,\"caption\":\"GRABO\"},\"image\":{\"@id\":\"https:\\\/\\\/order.grabo.com\\\/it\\\/#\\\/schema\\\/logo\\\/image\\\/\"},\"sameAs\":[\"https:\\\/\\\/www.facebook.com\\\/GRABO.tools\",\"https:\\\/\\\/x.com\\\/grabotools\",\"https:\\\/\\\/www.instagram.com\\\/grabo.tools\\\/?hl=en\"]}]}<\/script>\n<!-- \/ Yoast SEO plugin. -->","yoast_head_json":{"title":"GRABO Canvas Bag - GRABO Factory Shop","robots":{"index":"index","follow":"follow","max-snippet":"max-snippet:-1","max-image-preview":"max-image-preview:large","max-video-preview":"max-video-preview:-1"},"canonical":"https:\/\/order.grabo.com\/it\/product\/grabo-canvas-bag\/","og_locale":"it_IT","og_type":"article","og_title":"GRABO Canvas Bag - GRABO Factory Shop","og_description":"Vi presentiamo la borsa di tela GRABO, la soluzione perfetta per riporre e trasportare i vostri utensili GRABO. Realizzata in resistente tessuto di tela, questa borsa \u00e8 dotata di doppie chiusure lampo per mantenere gli utensili al sicuro e facilmente accessibili. Il robusto materiale in tela \u00e8 costruito per resistere all'uso intensivo e il design a doppia cerniera assicura che i vostri utensili rimangano protetti e organizzati. Che si tratti di un professionista o di un appassionato di bricolage, la borsa in tela GRABO \u00e8 un must per ogni collezione di attrezzi.","og_url":"https:\/\/order.grabo.com\/it\/product\/grabo-canvas-bag\/","og_site_name":"GRABO Factory Shop","article_publisher":"https:\/\/www.facebook.com\/GRABO.tools","article_modified_time":"2023-04-17T16:22:40+00:00","og_image":[{"width":1024,"height":1022,"url":"https:\/\/order.grabo.com\/wp-content\/uploads\/2020\/12\/Z8A3664-1024x1022.png","type":"image\/png"}],"twitter_card":"summary_large_image","twitter_site":"@grabotools","twitter_misc":{"Tempo di lettura stimato":"2 minuti"},"schema":{"@context":"https:\/\/schema.org","@graph":[{"@type":"WebPage","@id":"https:\/\/order.grabo.com\/it\/product\/grabo-canvas-bag\/","url":"https:\/\/order.grabo.com\/it\/product\/grabo-canvas-bag\/","name":"GRABO Canvas Bag - GRABO Factory Shop","isPartOf":{"@id":"https:\/\/order.grabo.com\/it\/#website"},"primaryImageOfPage":{"@id":"https:\/\/order.grabo.com\/it\/product\/grabo-canvas-bag\/#primaryimage"},"image":{"@id":"https:\/\/order.grabo.com\/it\/product\/grabo-canvas-bag\/#primaryimage"},"thumbnailUrl":"https:\/\/order.grabo.com\/wp-content\/uploads\/2020\/12\/thumbnail.png","datePublished":"2020-12-16T06:16:51+00:00","dateModified":"2023-04-17T16:22:40+00:00","breadcrumb":{"@id":"https:\/\/order.grabo.com\/it\/product\/grabo-canvas-bag\/#breadcrumb"},"inLanguage":"it-IT","potentialAction":[{"@type":"ReadAction","target":["https:\/\/order.grabo.com\/it\/product\/grabo-canvas-bag\/"]}]},{"@type":"ImageObject","inLanguage":"it-IT","@id":"https:\/\/order.grabo.com\/it\/product\/grabo-canvas-bag\/#primaryimage","url":"https:\/\/order.grabo.com\/wp-content\/uploads\/2020\/12\/thumbnail.png","contentUrl":"https:\/\/order.grabo.com\/wp-content\/uploads\/2020\/12\/thumbnail.png","width":3000,"height":3000},{"@type":"BreadcrumbList","@id":"https:\/\/order.grabo.com\/it\/product\/grabo-canvas-bag\/#breadcrumb","itemListElement":[{"@type":"ListItem","position":1,"name":"Home","item":"https:\/\/order.grabo.com\/it\/"},{"@type":"ListItem","position":2,"name":"GRABO Factory Shop","item":"https:\/\/order.grabo.com\/"},{"@type":"ListItem","position":3,"name":"GRABO Canvas Bag"}]},{"@type":"WebSite","@id":"https:\/\/order.grabo.com\/it\/#website","url":"https:\/\/order.grabo.com\/it\/","name":"GRABO Factory Shop","description":"GRABO Factory Shop","publisher":{"@id":"https:\/\/order.grabo.com\/it\/#organization"},"potentialAction":[{"@type":"SearchAction","target":{"@type":"EntryPoint","urlTemplate":"https:\/\/order.grabo.com\/it\/?s={search_term_string}"},"query-input":{"@type":"PropertyValueSpecification","valueRequired":true,"valueName":"search_term_string"}}],"inLanguage":"it-IT"},{"@type":"Organization","@id":"https:\/\/order.grabo.com\/it\/#organization","name":"GRABO","url":"https:\/\/order.grabo.com\/it\/","logo":{"@type":"ImageObject","inLanguage":"it-IT","@id":"https:\/\/order.grabo.com\/it\/#\/schema\/logo\/image\/","url":"https:\/\/order.grabo.com\/wp-content\/uploads\/2020\/12\/GRABO-Pro-1.jpeg","contentUrl":"https:\/\/order.grabo.com\/wp-content\/uploads\/2020\/12\/GRABO-Pro-1.jpeg","width":1712,"height":1712,"caption":"GRABO"},"image":{"@id":"https:\/\/order.grabo.com\/it\/#\/schema\/logo\/image\/"},"sameAs":["https:\/\/www.facebook.com\/GRABO.tools","https:\/\/x.com\/grabotools","https:\/\/www.instagram.com\/grabo.tools\/?hl=en"]}]}},"_links":{"self":[{"href":"https:\/\/order.grabo.com\/it\/wp-json\/wp\/v2\/product\/8062","targetHints":{"allow":["GET"]}}],"collection":[{"href":"https:\/\/order.grabo.com\/it\/wp-json\/wp\/v2\/product"}],"about":[{"href":"https:\/\/order.grabo.com\/it\/wp-json\/wp\/v2\/types\/product"}],"replies":[{"embeddable":true,"href":"https:\/\/order.grabo.com\/it\/wp-json\/wp\/v2\/comments?post=8062"}],"wp:featuredmedia":[{"embeddable":true,"href":"https:\/\/order.grabo.com\/it\/wp-json\/wp\/v2\/media\/18793"}],"wp:attachment":[{"href":"https:\/\/order.grabo.com\/it\/wp-json\/wp\/v2\/media?parent=8062"}],"wp:term":[{"taxonomy":"product_brand","embeddable":true,"href":"https:\/\/order.grabo.com\/it\/wp-json\/wp\/v2\/product_brand?post=8062"},{"taxonomy":"product_cat","embeddable":true,"href":"https:\/\/order.grabo.com\/it\/wp-json\/wp\/v2\/product_cat?post=8062"},{"taxonomy":"product_tag","embeddable":true,"href":"https:\/\/order.grabo.com\/it\/wp-json\/wp\/v2\/product_tag?post=8062"}],"curies":[{"name":"wp","href":"https:\/\/api.w.org\/{rel}","templated":true}]}}