{"id":8058,"date":"2022-03-31T20:56:16","date_gmt":"2022-03-31T20:56:16","guid":{"rendered":"https:\/\/factory.grabo.com\/product\/slender-seal\/"},"modified":"2024-12-17T04:58:42","modified_gmt":"2024-12-17T04:58:42","slug":"slender-seal","status":"publish","type":"product","link":"https:\/\/order.grabo.com\/it\/product\/slender-seal\/","title":{"rendered":"GRABO Slender Seal"},"content":{"rendered":"<h1>Slender Seal<\/h1>\n<p>Slender Seal \u00e8 un nuovo sistema di tenuta che si adatta a tutti i modelli GRABO, compresi Nemo GRABO, GRABO Pro lifter-20, RTC tools GRABO, FXAH-120 Probst GRABO, Topspin Powertools GRABO e altre unit\u00e0 a marchio congiunto.<\/p>\n<p>Per il sollevamento di superfici strette e lunghe, come ad esempio piastrelle, pavimentazioni, tubi e piani di lavoro tagliati a misura.<\/p>\n<p>La capacit\u00e0 massima di sollevamento \u00e8 di <strong>60 kg (132 lb).<\/strong><\/p>\n<p><iframe loading=\"lazy\" title=\"GRABO Slender Seal Introduction\" width=\"500\" height=\"281\" src=\"https:\/\/www.youtube.com\/embed\/xwLK5CZrrbo?feature=oembed\" frameborder=\"0\" allow=\"accelerometer; autoplay; clipboard-write; encrypted-media; gyroscope; picture-in-picture; web-share\" referrerpolicy=\"strict-origin-when-cross-origin\" allowfullscreen><\/iframe><\/p>\n<p>&nbsp;<\/p>\n<h3 id=\"headline-134-779\" class=\"ct-headline\" style=\"text-align: left;\">Specifiche della guarnizione GRABO Slender:<\/h3>\n<div id=\"_rich_text-135-779\" class=\"oxy-rich-text table-spec\" style=\"text-align: left;\">\n<table class=\"table-spec\">\n<tbody>\n<tr>\n<th colspan=\"2\">Guarnizione in schiuma nera<\/th>\n<\/tr>\n<tr>\n<th>Materiale<\/th>\n<td>Spugna in gomma SBR<\/td>\n<\/tr>\n<tr>\n<th>Colore<\/th>\n<td>Black<\/td>\n<\/tr>\n<tr>\n<th>L x W x H<\/th>\n<td>16.2 x 6.9 x 1.24\u201d (411 x 175 x 31.5 mm)<\/td>\n<\/tr>\n<tr>\n<th>Dimensione della guarnizione<\/th>\n<td>371 x 65 mm<\/td>\n<\/tr>\n<tr>\n<th>Densit\u00e0<\/th>\n<td>10.6 Lb\/cft (170 kg\/m^3)<\/td>\n<\/tr>\n<tr>\n<th>Durezza, Shore C<\/th>\n<td>~10 +\/-2<\/td>\n<\/tr>\n<tr>\n<th>Tear-off pressure<\/th>\n<td>1800 Psi (126 kg\/cm^2)<\/td>\n<\/tr>\n<tr>\n<th>Compressione al 25% delle dimensioni a<\/th>\n<td>8.5 Psi (6000 kg\/m^2)<\/td>\n<\/tr>\n<tr>\n<th>Durata (compressioni fino alla riduzione delle prestazioni).<\/th>\n<td>~900<\/td>\n<\/tr>\n<tr>\n<th>Assorbimento di acqua, %<\/th>\n<td>&lt;=5<\/td>\n<\/tr>\n<tr>\n<th>Restringimento a 160F (70C) per 24 ore, %<\/th>\n<td>&lt;=20<\/td>\n<\/tr>\n<tr>\n<th>Temperatura di conservazione consigliata<\/th>\n<td>Temperatura ambiente<\/td>\n<\/tr>\n<tr>\n<th colspan=\"2\">Sigillo rosso<\/th>\n<\/tr>\n<tr>\n<th>Materiale<\/th>\n<td>Silicon Foam<\/td>\n<\/tr>\n<tr>\n<th>Colore<\/th>\n<td>Red<\/td>\n<\/tr>\n<tr>\n<th>L x W x H<\/th>\n<td>16.2 x 6.9 x 1.24\u201d (411 x 175 x 31.5 mm)<\/td>\n<\/tr>\n<tr>\n<th>Densit\u00e0<\/th>\n<td>40.5 Lb\/cft (650 kg\/m^3)<\/td>\n<\/tr>\n<tr>\n<th>Durezza, Shore C<\/th>\n<td>55 +\/-5<\/td>\n<\/tr>\n<tr>\n<th>Assorbimento di acqua, %<\/th>\n<td>&lt;=4<\/td>\n<\/tr>\n<tr>\n<th>Temperatura di conservazione consigliata<\/th>\n<td>Temperatura ambiente<\/td>\n<\/tr>\n<tr>\n<th colspan=\"2\">Sigillo completo<\/th>\n<\/tr>\n<tr>\n<th>Caratteristiche<\/th>\n<td>Guarnizione combinata su telaio in plastica Profilo sottile<\/td>\n<\/tr>\n<\/tbody>\n<\/table>\n<\/div>\n<h3 id=\"headline-137-779\" class=\"ct-headline\" style=\"text-align: left;\">Lifting Capacity:<\/h3>\n<div id=\"_rich_text-138-779\" class=\"oxy-rich-text table-spec\">\n<table class=\"table-lifting\">\n<thead>\n<tr>\n<th class=\"heading\" rowspan=\"2\"><img loading=\"lazy\" decoding=\"async\" class=\"aligncenter img-100\" src=\"https:\/\/cdn.grabo.com\/static\/uploads\/2021\/02\/Group-2.svg\" alt=\"\" width=\"150\" height=\"90\" \/><\/th>\n<th colspan=\"2\">Tenuta perpendicolare Z<\/th>\n<th colspan=\"2\">Mantenimento parallelo Y<\/th>\n<th colspan=\"2\">Tenuta parallela X<\/th>\n<\/tr>\n<tr>\n<th>Valore massimo<\/th>\n<th>Valore sicuro (50%)<\/th>\n<th>Valore massimo<\/th>\n<th>Valore sicuro (50%)<\/th>\n<th>Valore massimo<\/th>\n<th>Valore sicuro (50%)<\/th>\n<\/tr>\n<\/thead>\n<tbody>\n<tr>\n<th>Glass<\/th>\n<td>225 Lbs (100kg)<\/td>\n<td>110 Lbs (50kg)<\/td>\n<td>110 Lbs (50kg)<\/td>\n<td>55 Lbs (25kg)<\/td>\n<td>220 Lbs (100kg)<\/td>\n<td>110 Lbs (50kg)<\/td>\n<\/tr>\n<tr>\n<th>Metal<\/th>\n<td>145 Lbs (66kg)<\/td>\n<td>72.5 Lbs (33kg)<\/td>\n<td>110 Lbs (50kg)<\/td>\n<td>55 Lbs (25kg)<\/td>\n<td>220 Lbs (100kg)<\/td>\n<td>110 Lbs (50kg)<\/td>\n<\/tr>\n<tr>\n<th>Wood<\/th>\n<td>132 Lbs (60kg)<\/td>\n<td>66 Lbs (30kg)<\/td>\n<td>66 Lbs (30kg)<\/td>\n<td>33 Lbs (15kg)<\/td>\n<td>176 Lbs (80kg)<\/td>\n<td>88 Lbs (40kg)<\/td>\n<\/tr>\n<tr>\n<th style=\"text-align: left;\">Rough Concrete<\/th>\n<td style=\"text-align: left;\">105 Lbs (48kg)<\/td>\n<td style=\"text-align: left;\">52.5 Lbs (24kg)<\/td>\n<td style=\"text-align: left;\">110 Lbs (50kg)<\/td>\n<td style=\"text-align: left;\">33 Lbs (15 kg)<\/td>\n<td style=\"text-align: left;\">220 Lbs (100kg)<\/td>\n<td style=\"text-align: left;\">110 Lbs (50kg)<\/td>\n<\/tr>\n<\/tbody>\n<\/table>\n<\/div>\n","protected":false},"excerpt":{"rendered":"<p>Slenderseal \u00e8 uno strumento di sollevamento versatile progettato per le superfici pi\u00f9 lunghe e strette, come piastrelle, pavimentazioni, tubi e piani di lavoro tagliati su misura. \u00c8 perfetto sia per il fai-da-te che per l'uso professionale e render\u00e0 il sollevamento e lo spostamento di materiali pesanti un gioco da ragazzi. Grazie alla sua struttura resistente e al design innovativo, Slenderseal \u00e8 un must per qualsiasi cantiere o progetto di ristrutturazione della casa.<\/p>\n","protected":false},"featured_media":20550,"comment_status":"open","ping_status":"closed","template":"","meta":{"_acf_changed":false},"product_brand":[],"product_cat":[219],"product_tag":[],"class_list":{"0":"post-8058","1":"product","2":"type-product","3":"status-publish","4":"has-post-thumbnail","6":"product_cat-accessories-it","8":"first","9":"instock","10":"taxable","11":"shipping-taxable","12":"purchasable","13":"product-type-simple"},"acf":[],"yoast_head":"<!-- This site is optimized with the Yoast SEO plugin v27.3 - https:\/\/yoast.com\/product\/yoast-seo-wordpress\/ -->\n<title>GRABO Slender Seal - GRABO Factory Shop<\/title>\n<meta name=\"robots\" content=\"index, follow, max-snippet:-1, max-image-preview:large, max-video-preview:-1\" \/>\n<link rel=\"canonical\" href=\"https:\/\/order.grabo.com\/it\/product\/slender-seal\/\" \/>\n<meta property=\"og:locale\" content=\"it_IT\" \/>\n<meta property=\"og:type\" content=\"article\" \/>\n<meta property=\"og:title\" content=\"GRABO Slender Seal - GRABO Factory Shop\" \/>\n<meta property=\"og:description\" content=\"Slenderseal \u00e8 uno strumento di sollevamento versatile progettato per le superfici pi\u00f9 lunghe e strette, come piastrelle, pavimentazioni, tubi e piani di lavoro tagliati su misura. \u00c8 perfetto sia per il fai-da-te che per l&#039;uso professionale e render\u00e0 il sollevamento e lo spostamento di materiali pesanti un gioco da ragazzi. Grazie alla sua struttura resistente e al design innovativo, Slenderseal \u00e8 un must per qualsiasi cantiere o progetto di ristrutturazione della casa.\" \/>\n<meta property=\"og:url\" content=\"https:\/\/order.grabo.com\/it\/product\/slender-seal\/\" \/>\n<meta property=\"og:site_name\" content=\"GRABO Factory Shop\" \/>\n<meta property=\"article:publisher\" content=\"https:\/\/www.facebook.com\/GRABO.tools\" \/>\n<meta property=\"article:modified_time\" content=\"2024-12-17T04:58:42+00:00\" \/>\n<meta property=\"og:image\" content=\"https:\/\/order.grabo.com\/wp-content\/uploads\/2022\/06\/Slender1.png\" \/>\n\t<meta property=\"og:image:width\" content=\"1500\" \/>\n\t<meta property=\"og:image:height\" content=\"1500\" \/>\n\t<meta property=\"og:image:type\" content=\"image\/png\" \/>\n<meta name=\"twitter:card\" content=\"summary_large_image\" \/>\n<meta name=\"twitter:site\" content=\"@grabotools\" \/>\n<meta name=\"twitter:label1\" content=\"Tempo di lettura stimato\" \/>\n\t<meta name=\"twitter:data1\" content=\"2 minuti\" \/>\n<script type=\"application\/ld+json\" class=\"yoast-schema-graph\">{\"@context\":\"https:\\\/\\\/schema.org\",\"@graph\":[{\"@type\":\"WebPage\",\"@id\":\"https:\\\/\\\/order.grabo.com\\\/it\\\/product\\\/slender-seal\\\/\",\"url\":\"https:\\\/\\\/order.grabo.com\\\/it\\\/product\\\/slender-seal\\\/\",\"name\":\"GRABO Slender Seal - GRABO Factory Shop\",\"isPartOf\":{\"@id\":\"https:\\\/\\\/order.grabo.com\\\/it\\\/#website\"},\"primaryImageOfPage\":{\"@id\":\"https:\\\/\\\/order.grabo.com\\\/it\\\/product\\\/slender-seal\\\/#primaryimage\"},\"image\":{\"@id\":\"https:\\\/\\\/order.grabo.com\\\/it\\\/product\\\/slender-seal\\\/#primaryimage\"},\"thumbnailUrl\":\"https:\\\/\\\/order.grabo.com\\\/wp-content\\\/uploads\\\/2022\\\/03\\\/thumbnail.png\",\"datePublished\":\"2022-03-31T20:56:16+00:00\",\"dateModified\":\"2024-12-17T04:58:42+00:00\",\"breadcrumb\":{\"@id\":\"https:\\\/\\\/order.grabo.com\\\/it\\\/product\\\/slender-seal\\\/#breadcrumb\"},\"inLanguage\":\"it-IT\",\"potentialAction\":[{\"@type\":\"ReadAction\",\"target\":[\"https:\\\/\\\/order.grabo.com\\\/it\\\/product\\\/slender-seal\\\/\"]}]},{\"@type\":\"ImageObject\",\"inLanguage\":\"it-IT\",\"@id\":\"https:\\\/\\\/order.grabo.com\\\/it\\\/product\\\/slender-seal\\\/#primaryimage\",\"url\":\"https:\\\/\\\/order.grabo.com\\\/wp-content\\\/uploads\\\/2022\\\/03\\\/thumbnail.png\",\"contentUrl\":\"https:\\\/\\\/order.grabo.com\\\/wp-content\\\/uploads\\\/2022\\\/03\\\/thumbnail.png\",\"width\":1500,\"height\":1500},{\"@type\":\"BreadcrumbList\",\"@id\":\"https:\\\/\\\/order.grabo.com\\\/it\\\/product\\\/slender-seal\\\/#breadcrumb\",\"itemListElement\":[{\"@type\":\"ListItem\",\"position\":1,\"name\":\"Home\",\"item\":\"https:\\\/\\\/order.grabo.com\\\/it\\\/\"},{\"@type\":\"ListItem\",\"position\":2,\"name\":\"GRABO Factory Shop\",\"item\":\"https:\\\/\\\/order.grabo.com\\\/\"},{\"@type\":\"ListItem\",\"position\":3,\"name\":\"GRABO Slender Seal\"}]},{\"@type\":\"WebSite\",\"@id\":\"https:\\\/\\\/order.grabo.com\\\/it\\\/#website\",\"url\":\"https:\\\/\\\/order.grabo.com\\\/it\\\/\",\"name\":\"GRABO Factory Shop\",\"description\":\"GRABO Factory Shop\",\"publisher\":{\"@id\":\"https:\\\/\\\/order.grabo.com\\\/it\\\/#organization\"},\"potentialAction\":[{\"@type\":\"SearchAction\",\"target\":{\"@type\":\"EntryPoint\",\"urlTemplate\":\"https:\\\/\\\/order.grabo.com\\\/it\\\/?s={search_term_string}\"},\"query-input\":{\"@type\":\"PropertyValueSpecification\",\"valueRequired\":true,\"valueName\":\"search_term_string\"}}],\"inLanguage\":\"it-IT\"},{\"@type\":\"Organization\",\"@id\":\"https:\\\/\\\/order.grabo.com\\\/it\\\/#organization\",\"name\":\"GRABO\",\"url\":\"https:\\\/\\\/order.grabo.com\\\/it\\\/\",\"logo\":{\"@type\":\"ImageObject\",\"inLanguage\":\"it-IT\",\"@id\":\"https:\\\/\\\/order.grabo.com\\\/it\\\/#\\\/schema\\\/logo\\\/image\\\/\",\"url\":\"https:\\\/\\\/order.grabo.com\\\/wp-content\\\/uploads\\\/2020\\\/12\\\/GRABO-Pro-1.jpeg\",\"contentUrl\":\"https:\\\/\\\/order.grabo.com\\\/wp-content\\\/uploads\\\/2020\\\/12\\\/GRABO-Pro-1.jpeg\",\"width\":1712,\"height\":1712,\"caption\":\"GRABO\"},\"image\":{\"@id\":\"https:\\\/\\\/order.grabo.com\\\/it\\\/#\\\/schema\\\/logo\\\/image\\\/\"},\"sameAs\":[\"https:\\\/\\\/www.facebook.com\\\/GRABO.tools\",\"https:\\\/\\\/x.com\\\/grabotools\",\"https:\\\/\\\/www.instagram.com\\\/grabo.tools\\\/?hl=en\"]}]}<\/script>\n<!-- \/ Yoast SEO plugin. -->","yoast_head_json":{"title":"GRABO Slender Seal - GRABO Factory Shop","robots":{"index":"index","follow":"follow","max-snippet":"max-snippet:-1","max-image-preview":"max-image-preview:large","max-video-preview":"max-video-preview:-1"},"canonical":"https:\/\/order.grabo.com\/it\/product\/slender-seal\/","og_locale":"it_IT","og_type":"article","og_title":"GRABO Slender Seal - GRABO Factory Shop","og_description":"Slenderseal \u00e8 uno strumento di sollevamento versatile progettato per le superfici pi\u00f9 lunghe e strette, come piastrelle, pavimentazioni, tubi e piani di lavoro tagliati su misura. \u00c8 perfetto sia per il fai-da-te che per l'uso professionale e render\u00e0 il sollevamento e lo spostamento di materiali pesanti un gioco da ragazzi. Grazie alla sua struttura resistente e al design innovativo, Slenderseal \u00e8 un must per qualsiasi cantiere o progetto di ristrutturazione della casa.","og_url":"https:\/\/order.grabo.com\/it\/product\/slender-seal\/","og_site_name":"GRABO Factory Shop","article_publisher":"https:\/\/www.facebook.com\/GRABO.tools","article_modified_time":"2024-12-17T04:58:42+00:00","og_image":[{"width":1500,"height":1500,"url":"https:\/\/order.grabo.com\/wp-content\/uploads\/2022\/06\/Slender1.png","type":"image\/png"}],"twitter_card":"summary_large_image","twitter_site":"@grabotools","twitter_misc":{"Tempo di lettura stimato":"2 minuti"},"schema":{"@context":"https:\/\/schema.org","@graph":[{"@type":"WebPage","@id":"https:\/\/order.grabo.com\/it\/product\/slender-seal\/","url":"https:\/\/order.grabo.com\/it\/product\/slender-seal\/","name":"GRABO Slender Seal - GRABO Factory Shop","isPartOf":{"@id":"https:\/\/order.grabo.com\/it\/#website"},"primaryImageOfPage":{"@id":"https:\/\/order.grabo.com\/it\/product\/slender-seal\/#primaryimage"},"image":{"@id":"https:\/\/order.grabo.com\/it\/product\/slender-seal\/#primaryimage"},"thumbnailUrl":"https:\/\/order.grabo.com\/wp-content\/uploads\/2022\/03\/thumbnail.png","datePublished":"2022-03-31T20:56:16+00:00","dateModified":"2024-12-17T04:58:42+00:00","breadcrumb":{"@id":"https:\/\/order.grabo.com\/it\/product\/slender-seal\/#breadcrumb"},"inLanguage":"it-IT","potentialAction":[{"@type":"ReadAction","target":["https:\/\/order.grabo.com\/it\/product\/slender-seal\/"]}]},{"@type":"ImageObject","inLanguage":"it-IT","@id":"https:\/\/order.grabo.com\/it\/product\/slender-seal\/#primaryimage","url":"https:\/\/order.grabo.com\/wp-content\/uploads\/2022\/03\/thumbnail.png","contentUrl":"https:\/\/order.grabo.com\/wp-content\/uploads\/2022\/03\/thumbnail.png","width":1500,"height":1500},{"@type":"BreadcrumbList","@id":"https:\/\/order.grabo.com\/it\/product\/slender-seal\/#breadcrumb","itemListElement":[{"@type":"ListItem","position":1,"name":"Home","item":"https:\/\/order.grabo.com\/it\/"},{"@type":"ListItem","position":2,"name":"GRABO Factory Shop","item":"https:\/\/order.grabo.com\/"},{"@type":"ListItem","position":3,"name":"GRABO Slender Seal"}]},{"@type":"WebSite","@id":"https:\/\/order.grabo.com\/it\/#website","url":"https:\/\/order.grabo.com\/it\/","name":"GRABO Factory Shop","description":"GRABO Factory Shop","publisher":{"@id":"https:\/\/order.grabo.com\/it\/#organization"},"potentialAction":[{"@type":"SearchAction","target":{"@type":"EntryPoint","urlTemplate":"https:\/\/order.grabo.com\/it\/?s={search_term_string}"},"query-input":{"@type":"PropertyValueSpecification","valueRequired":true,"valueName":"search_term_string"}}],"inLanguage":"it-IT"},{"@type":"Organization","@id":"https:\/\/order.grabo.com\/it\/#organization","name":"GRABO","url":"https:\/\/order.grabo.com\/it\/","logo":{"@type":"ImageObject","inLanguage":"it-IT","@id":"https:\/\/order.grabo.com\/it\/#\/schema\/logo\/image\/","url":"https:\/\/order.grabo.com\/wp-content\/uploads\/2020\/12\/GRABO-Pro-1.jpeg","contentUrl":"https:\/\/order.grabo.com\/wp-content\/uploads\/2020\/12\/GRABO-Pro-1.jpeg","width":1712,"height":1712,"caption":"GRABO"},"image":{"@id":"https:\/\/order.grabo.com\/it\/#\/schema\/logo\/image\/"},"sameAs":["https:\/\/www.facebook.com\/GRABO.tools","https:\/\/x.com\/grabotools","https:\/\/www.instagram.com\/grabo.tools\/?hl=en"]}]}},"_links":{"self":[{"href":"https:\/\/order.grabo.com\/it\/wp-json\/wp\/v2\/product\/8058","targetHints":{"allow":["GET"]}}],"collection":[{"href":"https:\/\/order.grabo.com\/it\/wp-json\/wp\/v2\/product"}],"about":[{"href":"https:\/\/order.grabo.com\/it\/wp-json\/wp\/v2\/types\/product"}],"replies":[{"embeddable":true,"href":"https:\/\/order.grabo.com\/it\/wp-json\/wp\/v2\/comments?post=8058"}],"wp:featuredmedia":[{"embeddable":true,"href":"https:\/\/order.grabo.com\/it\/wp-json\/wp\/v2\/media\/20550"}],"wp:attachment":[{"href":"https:\/\/order.grabo.com\/it\/wp-json\/wp\/v2\/media?parent=8058"}],"wp:term":[{"taxonomy":"product_brand","embeddable":true,"href":"https:\/\/order.grabo.com\/it\/wp-json\/wp\/v2\/product_brand?post=8058"},{"taxonomy":"product_cat","embeddable":true,"href":"https:\/\/order.grabo.com\/it\/wp-json\/wp\/v2\/product_cat?post=8058"},{"taxonomy":"product_tag","embeddable":true,"href":"https:\/\/order.grabo.com\/it\/wp-json\/wp\/v2\/product_tag?post=8058"}],"curies":[{"name":"wp","href":"https:\/\/api.w.org\/{rel}","templated":true}]}}