{"id":8037,"date":"2023-02-16T02:34:34","date_gmt":"2023-02-16T02:34:34","guid":{"rendered":"https:\/\/factory.grabo.com\/?post_type=product&#038;p=8037"},"modified":"2025-12-05T22:56:39","modified_gmt":"2025-12-05T22:56:39","slug":"grabo-pro-2023-version-for-europe","status":"publish","type":"product","link":"https:\/\/order.grabo.com\/it\/product\/grabo-pro-2023-version-for-europe\/","title":{"rendered":"GRABO PRO"},"content":{"rendered":"<p>Un attrezzo GRABO Pro con un intelligente display digitale della pressione comodamente posizionato sull'impugnatura con visualizzazione sia della pressione (PSI, Bar) che del peso (Kg, Lb). GRABO Pro \u00e8 dotato di un sensore di pressione incorporato che attiva e disattiva automaticamente la pompa del vuoto per mantenere costante la capacit\u00e0 di sollevamento desiderata. La pompa per vuoto GRABO Pro movimenta 20 litri d'aria al minuto, con un'enorme capacit\u00e0 di sollevamento, ed \u00e8 in grado di sollevare quasi tutte le superfici con un peso fino a 170 kg. La guarnizione brevettata in gommapiuma fornita con l'attrezzo GRABO Pro \u00e8 forte e resistente all'usura, ma facile da sostituire se danneggiata. Una volta attivato l'attrezzo, la guarnizione viene creata in pochi secondi e si attacca saldamente a quasi tutte le superfici, comprese quelle irregolari e leggermente porose. GRABO Pro \u00e8 dotato di quattro alette di sollevamento in acciaio situate su entrambi i lati dell'impugnatura dell'utensile. Ci\u00f2 consente di utilizzare l'attrezzo con cinghie di sollevamento e accessori di fissaggio aggiuntivi.<\/p>\n<p>GRABO Pro \u00e8 dotato di una garanzia di fabbrica di 12 mesi che pu\u00f2 essere estesa a 18 mesi registrando il prodotto sul nostro sito web. Grazie al supporto tecnico professionale con sede negli Stati Uniti, in caso di problemi non esitate a comunicarceli. Siamo qui per farvi lavorare!<\/p>\n","protected":false},"excerpt":{"rendered":"<p>Sollevatore a vuoto elettrico portatile che include un manometro digitale posizionato sull'impugnatura per una facile visualizzazione.<br \/>\nI sensori di pressione automatici garantiscono un vuoto costante.<br \/>\nLe batterie ricaricabili alimentano un sollevatore a vuoto in grado di sollevare 375 libbre (170 kg).<\/p>\n<p>Il kit comprende:<\/p>\n<ul>\n<li>Sollevatore a vuoto elettrico portatile GRABO Pro con manometro digitale.<\/li>\n<li>I sensori di pressione automatici accendono e spengono la pompa per garantire un vuoto costante.<\/li>\n<li>Capacit\u00e0 di pompaggio: 20 litri al minuto per un'enorme capacit\u00e0 di sollevamento.<\/li>\n<li>1 batteria e un caricabatterie con adattatori internazionali<\/li>\n<li>Guarnizione in gommapiuma preinstallata sull'utensile<\/li>\n<li>Robusta borsa di trasporto in nylon<\/li>\n<li>Filtri di ricambio<\/li>\n<li>Manuale in inglese con scatola colorata<\/li>\n<\/ul>\n","protected":false},"featured_media":9214,"comment_status":"open","ping_status":"closed","template":"","meta":{"_acf_changed":false},"product_brand":[],"product_cat":[209],"product_tag":[],"class_list":{"0":"post-8037","1":"product","2":"type-product","3":"status-publish","4":"has-post-thumbnail","6":"product_cat-tools-it","7":"product_shipping_class-free-shipping-it","9":"first","10":"instock","11":"taxable","12":"shipping-taxable","13":"purchasable","14":"product-type-simple"},"acf":[],"yoast_head":"<!-- This site is optimized with the Yoast SEO plugin v27.2 - https:\/\/yoast.com\/product\/yoast-seo-wordpress\/ -->\n<title>GRABO PRO - GRABO Factory Shop<\/title>\n<meta name=\"description\" content=\"Nuova versione aggiornata 2023 con display digitale - GRABO Pro \u00e8 dotato di un sensore di pressione digitale intelligente, di un display per il sollevamento massimo e di impostazioni intelligenti per il peso e la pressione.\" \/>\n<meta name=\"robots\" content=\"index, follow, max-snippet:-1, max-image-preview:large, max-video-preview:-1\" \/>\n<link rel=\"canonical\" href=\"https:\/\/order.grabo.com\/it\/product\/grabo-pro-2023-version-for-europe\/\" \/>\n<meta property=\"og:locale\" content=\"it_IT\" \/>\n<meta property=\"og:type\" content=\"article\" \/>\n<meta property=\"og:title\" content=\"GRABO PRO - GRABO Factory Shop\" \/>\n<meta property=\"og:description\" content=\"Nuova versione aggiornata 2023 con display digitale - GRABO Pro \u00e8 dotato di un sensore di pressione digitale intelligente, di un display per il sollevamento massimo e di impostazioni intelligenti per il peso e la pressione.\" \/>\n<meta property=\"og:url\" content=\"https:\/\/order.grabo.com\/it\/product\/grabo-pro-2023-version-for-europe\/\" \/>\n<meta property=\"og:site_name\" content=\"GRABO Factory Shop\" \/>\n<meta property=\"article:publisher\" content=\"https:\/\/www.facebook.com\/GRABO.tools\" \/>\n<meta property=\"article:modified_time\" content=\"2025-12-05T22:56:39+00:00\" \/>\n<meta property=\"og:image\" content=\"https:\/\/order.grabo.com\/wp-content\/uploads\/2023\/02\/GRABO-PRO_2021_120kg.905-1024x1024.png\" \/>\n\t<meta property=\"og:image:width\" content=\"1024\" \/>\n\t<meta property=\"og:image:height\" content=\"1024\" \/>\n\t<meta property=\"og:image:type\" content=\"image\/png\" \/>\n<meta name=\"twitter:card\" content=\"summary_large_image\" \/>\n<meta name=\"twitter:site\" content=\"@grabotools\" \/>\n<meta name=\"twitter:label1\" content=\"Tempo di lettura stimato\" \/>\n\t<meta name=\"twitter:data1\" content=\"2 minuti\" \/>\n<script type=\"application\/ld+json\" class=\"yoast-schema-graph\">{\"@context\":\"https:\/\/schema.org\",\"@graph\":[{\"@type\":\"WebPage\",\"@id\":\"https:\/\/order.grabo.com\/it\/product\/grabo-pro-2023-version-for-europe\/\",\"url\":\"https:\/\/order.grabo.com\/it\/product\/grabo-pro-2023-version-for-europe\/\",\"name\":\"GRABO PRO - GRABO Factory Shop\",\"isPartOf\":{\"@id\":\"https:\/\/order.grabo.com\/it\/#website\"},\"primaryImageOfPage\":{\"@id\":\"https:\/\/order.grabo.com\/it\/product\/grabo-pro-2023-version-for-europe\/#primaryimage\"},\"image\":{\"@id\":\"https:\/\/order.grabo.com\/it\/product\/grabo-pro-2023-version-for-europe\/#primaryimage\"},\"thumbnailUrl\":\"https:\/\/order.grabo.com\/wp-content\/uploads\/2023\/02\/GRABO-PRO_2021_120kg.905.png\",\"datePublished\":\"2023-02-16T02:34:34+00:00\",\"dateModified\":\"2025-12-05T22:56:39+00:00\",\"description\":\"Nuova versione aggiornata 2023 con display digitale - GRABO Pro \u00e8 dotato di un sensore di pressione digitale intelligente, di un display per il sollevamento massimo e di impostazioni intelligenti per il peso e la pressione.\",\"breadcrumb\":{\"@id\":\"https:\/\/order.grabo.com\/it\/product\/grabo-pro-2023-version-for-europe\/#breadcrumb\"},\"inLanguage\":\"it-IT\",\"potentialAction\":[{\"@type\":\"ReadAction\",\"target\":[\"https:\/\/order.grabo.com\/it\/product\/grabo-pro-2023-version-for-europe\/\"]}]},{\"@type\":\"ImageObject\",\"inLanguage\":\"it-IT\",\"@id\":\"https:\/\/order.grabo.com\/it\/product\/grabo-pro-2023-version-for-europe\/#primaryimage\",\"url\":\"https:\/\/order.grabo.com\/wp-content\/uploads\/2023\/02\/GRABO-PRO_2021_120kg.905.png\",\"contentUrl\":\"https:\/\/order.grabo.com\/wp-content\/uploads\/2023\/02\/GRABO-PRO_2021_120kg.905.png\",\"width\":3150,\"height\":3150},{\"@type\":\"BreadcrumbList\",\"@id\":\"https:\/\/order.grabo.com\/it\/product\/grabo-pro-2023-version-for-europe\/#breadcrumb\",\"itemListElement\":[{\"@type\":\"ListItem\",\"position\":1,\"name\":\"Home\",\"item\":\"https:\/\/order.grabo.com\/it\/\"},{\"@type\":\"ListItem\",\"position\":2,\"name\":\"GRABO Factory Shop\",\"item\":\"https:\/\/order.grabo.com\/\"},{\"@type\":\"ListItem\",\"position\":3,\"name\":\"GRABO PRO\"}]},{\"@type\":\"WebSite\",\"@id\":\"https:\/\/order.grabo.com\/it\/#website\",\"url\":\"https:\/\/order.grabo.com\/it\/\",\"name\":\"GRABO Factory Shop\",\"description\":\"GRABO Factory Shop\",\"publisher\":{\"@id\":\"https:\/\/order.grabo.com\/it\/#organization\"},\"potentialAction\":[{\"@type\":\"SearchAction\",\"target\":{\"@type\":\"EntryPoint\",\"urlTemplate\":\"https:\/\/order.grabo.com\/it\/?s={search_term_string}\"},\"query-input\":{\"@type\":\"PropertyValueSpecification\",\"valueRequired\":true,\"valueName\":\"search_term_string\"}}],\"inLanguage\":\"it-IT\"},{\"@type\":\"Organization\",\"@id\":\"https:\/\/order.grabo.com\/it\/#organization\",\"name\":\"GRABO\",\"url\":\"https:\/\/order.grabo.com\/it\/\",\"logo\":{\"@type\":\"ImageObject\",\"inLanguage\":\"it-IT\",\"@id\":\"https:\/\/order.grabo.com\/it\/#\/schema\/logo\/image\/\",\"url\":\"https:\/\/order.grabo.com\/wp-content\/uploads\/2020\/12\/GRABO-Pro-1.jpeg\",\"contentUrl\":\"https:\/\/order.grabo.com\/wp-content\/uploads\/2020\/12\/GRABO-Pro-1.jpeg\",\"width\":1712,\"height\":1712,\"caption\":\"GRABO\"},\"image\":{\"@id\":\"https:\/\/order.grabo.com\/it\/#\/schema\/logo\/image\/\"},\"sameAs\":[\"https:\/\/www.facebook.com\/GRABO.tools\",\"https:\/\/x.com\/grabotools\",\"https:\/\/www.instagram.com\/grabo.tools\/?hl=en\"]}]}<\/script>\n<!-- \/ Yoast SEO plugin. -->","yoast_head_json":{"title":"GRABO PRO - GRABO Factory Shop","description":"Nuova versione aggiornata 2023 con display digitale - GRABO Pro \u00e8 dotato di un sensore di pressione digitale intelligente, di un display per il sollevamento massimo e di impostazioni intelligenti per il peso e la pressione.","robots":{"index":"index","follow":"follow","max-snippet":"max-snippet:-1","max-image-preview":"max-image-preview:large","max-video-preview":"max-video-preview:-1"},"canonical":"https:\/\/order.grabo.com\/it\/product\/grabo-pro-2023-version-for-europe\/","og_locale":"it_IT","og_type":"article","og_title":"GRABO PRO - GRABO Factory Shop","og_description":"Nuova versione aggiornata 2023 con display digitale - GRABO Pro \u00e8 dotato di un sensore di pressione digitale intelligente, di un display per il sollevamento massimo e di impostazioni intelligenti per il peso e la pressione.","og_url":"https:\/\/order.grabo.com\/it\/product\/grabo-pro-2023-version-for-europe\/","og_site_name":"GRABO Factory Shop","article_publisher":"https:\/\/www.facebook.com\/GRABO.tools","article_modified_time":"2025-12-05T22:56:39+00:00","og_image":[{"width":1024,"height":1024,"url":"https:\/\/order.grabo.com\/wp-content\/uploads\/2023\/02\/GRABO-PRO_2021_120kg.905-1024x1024.png","type":"image\/png"}],"twitter_card":"summary_large_image","twitter_site":"@grabotools","twitter_misc":{"Tempo di lettura stimato":"2 minuti"},"schema":{"@context":"https:\/\/schema.org","@graph":[{"@type":"WebPage","@id":"https:\/\/order.grabo.com\/it\/product\/grabo-pro-2023-version-for-europe\/","url":"https:\/\/order.grabo.com\/it\/product\/grabo-pro-2023-version-for-europe\/","name":"GRABO PRO - GRABO Factory Shop","isPartOf":{"@id":"https:\/\/order.grabo.com\/it\/#website"},"primaryImageOfPage":{"@id":"https:\/\/order.grabo.com\/it\/product\/grabo-pro-2023-version-for-europe\/#primaryimage"},"image":{"@id":"https:\/\/order.grabo.com\/it\/product\/grabo-pro-2023-version-for-europe\/#primaryimage"},"thumbnailUrl":"https:\/\/order.grabo.com\/wp-content\/uploads\/2023\/02\/GRABO-PRO_2021_120kg.905.png","datePublished":"2023-02-16T02:34:34+00:00","dateModified":"2025-12-05T22:56:39+00:00","description":"Nuova versione aggiornata 2023 con display digitale - GRABO Pro \u00e8 dotato di un sensore di pressione digitale intelligente, di un display per il sollevamento massimo e di impostazioni intelligenti per il peso e la pressione.","breadcrumb":{"@id":"https:\/\/order.grabo.com\/it\/product\/grabo-pro-2023-version-for-europe\/#breadcrumb"},"inLanguage":"it-IT","potentialAction":[{"@type":"ReadAction","target":["https:\/\/order.grabo.com\/it\/product\/grabo-pro-2023-version-for-europe\/"]}]},{"@type":"ImageObject","inLanguage":"it-IT","@id":"https:\/\/order.grabo.com\/it\/product\/grabo-pro-2023-version-for-europe\/#primaryimage","url":"https:\/\/order.grabo.com\/wp-content\/uploads\/2023\/02\/GRABO-PRO_2021_120kg.905.png","contentUrl":"https:\/\/order.grabo.com\/wp-content\/uploads\/2023\/02\/GRABO-PRO_2021_120kg.905.png","width":3150,"height":3150},{"@type":"BreadcrumbList","@id":"https:\/\/order.grabo.com\/it\/product\/grabo-pro-2023-version-for-europe\/#breadcrumb","itemListElement":[{"@type":"ListItem","position":1,"name":"Home","item":"https:\/\/order.grabo.com\/it\/"},{"@type":"ListItem","position":2,"name":"GRABO Factory Shop","item":"https:\/\/order.grabo.com\/"},{"@type":"ListItem","position":3,"name":"GRABO PRO"}]},{"@type":"WebSite","@id":"https:\/\/order.grabo.com\/it\/#website","url":"https:\/\/order.grabo.com\/it\/","name":"GRABO Factory Shop","description":"GRABO Factory Shop","publisher":{"@id":"https:\/\/order.grabo.com\/it\/#organization"},"potentialAction":[{"@type":"SearchAction","target":{"@type":"EntryPoint","urlTemplate":"https:\/\/order.grabo.com\/it\/?s={search_term_string}"},"query-input":{"@type":"PropertyValueSpecification","valueRequired":true,"valueName":"search_term_string"}}],"inLanguage":"it-IT"},{"@type":"Organization","@id":"https:\/\/order.grabo.com\/it\/#organization","name":"GRABO","url":"https:\/\/order.grabo.com\/it\/","logo":{"@type":"ImageObject","inLanguage":"it-IT","@id":"https:\/\/order.grabo.com\/it\/#\/schema\/logo\/image\/","url":"https:\/\/order.grabo.com\/wp-content\/uploads\/2020\/12\/GRABO-Pro-1.jpeg","contentUrl":"https:\/\/order.grabo.com\/wp-content\/uploads\/2020\/12\/GRABO-Pro-1.jpeg","width":1712,"height":1712,"caption":"GRABO"},"image":{"@id":"https:\/\/order.grabo.com\/it\/#\/schema\/logo\/image\/"},"sameAs":["https:\/\/www.facebook.com\/GRABO.tools","https:\/\/x.com\/grabotools","https:\/\/www.instagram.com\/grabo.tools\/?hl=en"]}]}},"_links":{"self":[{"href":"https:\/\/order.grabo.com\/it\/wp-json\/wp\/v2\/product\/8037","targetHints":{"allow":["GET"]}}],"collection":[{"href":"https:\/\/order.grabo.com\/it\/wp-json\/wp\/v2\/product"}],"about":[{"href":"https:\/\/order.grabo.com\/it\/wp-json\/wp\/v2\/types\/product"}],"replies":[{"embeddable":true,"href":"https:\/\/order.grabo.com\/it\/wp-json\/wp\/v2\/comments?post=8037"}],"wp:featuredmedia":[{"embeddable":true,"href":"https:\/\/order.grabo.com\/it\/wp-json\/wp\/v2\/media\/9214"}],"wp:attachment":[{"href":"https:\/\/order.grabo.com\/it\/wp-json\/wp\/v2\/media?parent=8037"}],"wp:term":[{"taxonomy":"product_brand","embeddable":true,"href":"https:\/\/order.grabo.com\/it\/wp-json\/wp\/v2\/product_brand?post=8037"},{"taxonomy":"product_cat","embeddable":true,"href":"https:\/\/order.grabo.com\/it\/wp-json\/wp\/v2\/product_cat?post=8037"},{"taxonomy":"product_tag","embeddable":true,"href":"https:\/\/order.grabo.com\/it\/wp-json\/wp\/v2\/product_tag?post=8037"}],"curies":[{"name":"wp","href":"https:\/\/api.w.org\/{rel}","templated":true}]}}