{"id":8035,"date":"2023-02-16T02:39:43","date_gmt":"2023-02-16T02:39:43","guid":{"rendered":"https:\/\/factory.grabo.com\/?post_type=product&#038;p=8035"},"modified":"2025-12-05T22:56:53","modified_gmt":"2025-12-05T22:56:53","slug":"grabo-pro-4-pack-2023-version-eu","status":"publish","type":"product","link":"https:\/\/order.grabo.com\/it\/product\/grabo-pro-4-pack-2023-version-eu\/","title":{"rendered":"GRABO Pro (4 Pack)"},"content":{"rendered":"<p>GRABO Pro - confezione all'ingrosso (4 confezioni)<\/p>\n<p>Un attrezzo GRABO Pro con un intelligente display digitale della pressione comodamente posizionato sull'impugnatura con visualizzazione sia della pressione (PSI, Bar) che del peso (Kg, Lb). GRABO Pro \u00e8 dotato di un sensore di pressione incorporato che attiva e disattiva automaticamente la pompa del vuoto per mantenere costante la capacit\u00e0 di sollevamento desiderata. La pompa per vuoto GRABO Pro movimenta 20 litri d'aria al minuto, con un'enorme capacit\u00e0 di sollevamento, ed \u00e8 in grado di sollevare quasi tutte le superfici con un peso fino a 170 kg. La guarnizione brevettata in gommapiuma fornita con l'attrezzo GRABO Pro \u00e8 forte e resistente all'usura, ma facile da sostituire se danneggiata. Una volta attivato l'attrezzo, la guarnizione viene creata in pochi secondi e si attacca saldamente a quasi tutte le superfici, comprese quelle irregolari e leggermente porose. GRABO Pro \u00e8 dotato di quattro alette di sollevamento in acciaio situate su entrambi i lati dell'impugnatura dell'utensile. Ci\u00f2 consente di utilizzare l'attrezzo con cinghie di sollevamento e accessori di fissaggio aggiuntivi.<\/p>\n<p>GRABO Pro \u00e8 dotato di una garanzia di fabbrica di 12 mesi che pu\u00f2 essere estesa a 18 mesi registrando il prodotto sul nostro sito web. Grazie al supporto tecnico professionale con sede negli Stati Uniti, in caso di problemi non esitate a comunicarceli. Siamo qui per farvi lavorare!<\/p>\n","protected":false},"excerpt":{"rendered":"<p>&nbsp;<\/p>\n<p>Ogni kit GRABO PRO comprende:<\/p>\n<ul>\n<li>Sollevatore a vuoto elettrico portatile GRABO Pro con manometro digitale.<\/li>\n<li>I sensori di pressione automatici accendono e spengono la pompa per garantire un vuoto costante.<\/li>\n<li>Capacit\u00e0 di pompaggio: 20 litri al minuto per un'enorme capacit\u00e0 di sollevamento.<\/li>\n<li>1 batteria e un caricabatterie con adattatori internazionali<\/li>\n<li>Guarnizione in gommapiuma preinstallata sull'utensile<\/li>\n<li>Robusta borsa di trasporto in nylon<\/li>\n<li>Filtri di ricambio<\/li>\n<li>Manuale in inglese con scatola colorata<\/li>\n<\/ul>\n","protected":false},"featured_media":6762,"comment_status":"open","ping_status":"closed","template":"","meta":{"_acf_changed":false},"product_brand":[],"product_cat":[209],"product_tag":[],"class_list":{"0":"post-8035","1":"product","2":"type-product","3":"status-publish","4":"has-post-thumbnail","6":"product_cat-tools-it","8":"first","9":"instock","10":"taxable","11":"shipping-taxable","12":"purchasable","13":"product-type-simple"},"acf":[],"yoast_head":"<!-- This site is optimized with the Yoast SEO plugin v27.3 - https:\/\/yoast.com\/product\/yoast-seo-wordpress\/ -->\n<title>GRABO Pro (4 Pack) - GRABO Factory Shop<\/title>\n<meta name=\"description\" content=\"Four pack of the GRABO PRO! We noticed most users like having two, and having their employees have two as well! Here is a one stop shop 4 pack!\" \/>\n<meta name=\"robots\" content=\"index, follow, max-snippet:-1, max-image-preview:large, max-video-preview:-1\" \/>\n<link rel=\"canonical\" href=\"https:\/\/order.grabo.com\/it\/product\/grabo-pro-4-pack-2023-version-eu\/\" \/>\n<meta property=\"og:locale\" content=\"it_IT\" \/>\n<meta property=\"og:type\" content=\"article\" \/>\n<meta property=\"og:title\" content=\"GRABO Pro (4 Pack) - GRABO Factory Shop\" \/>\n<meta property=\"og:description\" content=\"Four pack of the GRABO PRO! We noticed most users like having two, and having their employees have two as well! Here is a one stop shop 4 pack!\" \/>\n<meta property=\"og:url\" content=\"https:\/\/order.grabo.com\/it\/product\/grabo-pro-4-pack-2023-version-eu\/\" \/>\n<meta property=\"og:site_name\" content=\"GRABO Factory Shop\" \/>\n<meta property=\"article:publisher\" content=\"https:\/\/www.facebook.com\/GRABO.tools\" \/>\n<meta property=\"article:modified_time\" content=\"2025-12-05T22:56:53+00:00\" \/>\n<meta property=\"og:image\" content=\"https:\/\/order.grabo.com\/wp-content\/uploads\/2022\/04\/Four-Pack-Pro-1024x1024.png\" \/>\n\t<meta property=\"og:image:width\" content=\"1024\" \/>\n\t<meta property=\"og:image:height\" content=\"1024\" \/>\n\t<meta property=\"og:image:type\" content=\"image\/png\" \/>\n<meta name=\"twitter:card\" content=\"summary_large_image\" \/>\n<meta name=\"twitter:site\" content=\"@grabotools\" \/>\n<meta name=\"twitter:label1\" content=\"Tempo di lettura stimato\" \/>\n\t<meta name=\"twitter:data1\" content=\"2 minuti\" \/>\n<script type=\"application\/ld+json\" class=\"yoast-schema-graph\">{\"@context\":\"https:\\\/\\\/schema.org\",\"@graph\":[{\"@type\":\"WebPage\",\"@id\":\"https:\\\/\\\/order.grabo.com\\\/it\\\/product\\\/grabo-pro-4-pack-2023-version-eu\\\/\",\"url\":\"https:\\\/\\\/order.grabo.com\\\/it\\\/product\\\/grabo-pro-4-pack-2023-version-eu\\\/\",\"name\":\"GRABO Pro (4 Pack) - GRABO Factory Shop\",\"isPartOf\":{\"@id\":\"https:\\\/\\\/order.grabo.com\\\/it\\\/#website\"},\"primaryImageOfPage\":{\"@id\":\"https:\\\/\\\/order.grabo.com\\\/it\\\/product\\\/grabo-pro-4-pack-2023-version-eu\\\/#primaryimage\"},\"image\":{\"@id\":\"https:\\\/\\\/order.grabo.com\\\/it\\\/product\\\/grabo-pro-4-pack-2023-version-eu\\\/#primaryimage\"},\"thumbnailUrl\":\"https:\\\/\\\/order.grabo.com\\\/wp-content\\\/uploads\\\/2022\\\/04\\\/Four-Pack-Pro.png\",\"datePublished\":\"2023-02-16T02:39:43+00:00\",\"dateModified\":\"2025-12-05T22:56:53+00:00\",\"description\":\"Four pack of the GRABO PRO! We noticed most users like having two, and having their employees have two as well! Here is a one stop shop 4 pack!\",\"breadcrumb\":{\"@id\":\"https:\\\/\\\/order.grabo.com\\\/it\\\/product\\\/grabo-pro-4-pack-2023-version-eu\\\/#breadcrumb\"},\"inLanguage\":\"it-IT\",\"potentialAction\":[{\"@type\":\"ReadAction\",\"target\":[\"https:\\\/\\\/order.grabo.com\\\/it\\\/product\\\/grabo-pro-4-pack-2023-version-eu\\\/\"]}]},{\"@type\":\"ImageObject\",\"inLanguage\":\"it-IT\",\"@id\":\"https:\\\/\\\/order.grabo.com\\\/it\\\/product\\\/grabo-pro-4-pack-2023-version-eu\\\/#primaryimage\",\"url\":\"https:\\\/\\\/order.grabo.com\\\/wp-content\\\/uploads\\\/2022\\\/04\\\/Four-Pack-Pro.png\",\"contentUrl\":\"https:\\\/\\\/order.grabo.com\\\/wp-content\\\/uploads\\\/2022\\\/04\\\/Four-Pack-Pro.png\",\"width\":1500,\"height\":1500},{\"@type\":\"BreadcrumbList\",\"@id\":\"https:\\\/\\\/order.grabo.com\\\/it\\\/product\\\/grabo-pro-4-pack-2023-version-eu\\\/#breadcrumb\",\"itemListElement\":[{\"@type\":\"ListItem\",\"position\":1,\"name\":\"Home\",\"item\":\"https:\\\/\\\/order.grabo.com\\\/it\\\/\"},{\"@type\":\"ListItem\",\"position\":2,\"name\":\"GRABO Factory Shop\",\"item\":\"https:\\\/\\\/order.grabo.com\\\/\"},{\"@type\":\"ListItem\",\"position\":3,\"name\":\"GRABO Pro (4 Pack)\"}]},{\"@type\":\"WebSite\",\"@id\":\"https:\\\/\\\/order.grabo.com\\\/it\\\/#website\",\"url\":\"https:\\\/\\\/order.grabo.com\\\/it\\\/\",\"name\":\"GRABO Factory Shop\",\"description\":\"GRABO Factory Shop\",\"publisher\":{\"@id\":\"https:\\\/\\\/order.grabo.com\\\/it\\\/#organization\"},\"potentialAction\":[{\"@type\":\"SearchAction\",\"target\":{\"@type\":\"EntryPoint\",\"urlTemplate\":\"https:\\\/\\\/order.grabo.com\\\/it\\\/?s={search_term_string}\"},\"query-input\":{\"@type\":\"PropertyValueSpecification\",\"valueRequired\":true,\"valueName\":\"search_term_string\"}}],\"inLanguage\":\"it-IT\"},{\"@type\":\"Organization\",\"@id\":\"https:\\\/\\\/order.grabo.com\\\/it\\\/#organization\",\"name\":\"GRABO\",\"url\":\"https:\\\/\\\/order.grabo.com\\\/it\\\/\",\"logo\":{\"@type\":\"ImageObject\",\"inLanguage\":\"it-IT\",\"@id\":\"https:\\\/\\\/order.grabo.com\\\/it\\\/#\\\/schema\\\/logo\\\/image\\\/\",\"url\":\"https:\\\/\\\/order.grabo.com\\\/wp-content\\\/uploads\\\/2020\\\/12\\\/GRABO-Pro-1.jpeg\",\"contentUrl\":\"https:\\\/\\\/order.grabo.com\\\/wp-content\\\/uploads\\\/2020\\\/12\\\/GRABO-Pro-1.jpeg\",\"width\":1712,\"height\":1712,\"caption\":\"GRABO\"},\"image\":{\"@id\":\"https:\\\/\\\/order.grabo.com\\\/it\\\/#\\\/schema\\\/logo\\\/image\\\/\"},\"sameAs\":[\"https:\\\/\\\/www.facebook.com\\\/GRABO.tools\",\"https:\\\/\\\/x.com\\\/grabotools\",\"https:\\\/\\\/www.instagram.com\\\/grabo.tools\\\/?hl=en\"]}]}<\/script>\n<!-- \/ Yoast SEO plugin. -->","yoast_head_json":{"title":"GRABO Pro (4 Pack) - GRABO Factory Shop","description":"Four pack of the GRABO PRO! We noticed most users like having two, and having their employees have two as well! Here is a one stop shop 4 pack!","robots":{"index":"index","follow":"follow","max-snippet":"max-snippet:-1","max-image-preview":"max-image-preview:large","max-video-preview":"max-video-preview:-1"},"canonical":"https:\/\/order.grabo.com\/it\/product\/grabo-pro-4-pack-2023-version-eu\/","og_locale":"it_IT","og_type":"article","og_title":"GRABO Pro (4 Pack) - GRABO Factory Shop","og_description":"Four pack of the GRABO PRO! We noticed most users like having two, and having their employees have two as well! Here is a one stop shop 4 pack!","og_url":"https:\/\/order.grabo.com\/it\/product\/grabo-pro-4-pack-2023-version-eu\/","og_site_name":"GRABO Factory Shop","article_publisher":"https:\/\/www.facebook.com\/GRABO.tools","article_modified_time":"2025-12-05T22:56:53+00:00","og_image":[{"width":1024,"height":1024,"url":"https:\/\/order.grabo.com\/wp-content\/uploads\/2022\/04\/Four-Pack-Pro-1024x1024.png","type":"image\/png"}],"twitter_card":"summary_large_image","twitter_site":"@grabotools","twitter_misc":{"Tempo di lettura stimato":"2 minuti"},"schema":{"@context":"https:\/\/schema.org","@graph":[{"@type":"WebPage","@id":"https:\/\/order.grabo.com\/it\/product\/grabo-pro-4-pack-2023-version-eu\/","url":"https:\/\/order.grabo.com\/it\/product\/grabo-pro-4-pack-2023-version-eu\/","name":"GRABO Pro (4 Pack) - GRABO Factory Shop","isPartOf":{"@id":"https:\/\/order.grabo.com\/it\/#website"},"primaryImageOfPage":{"@id":"https:\/\/order.grabo.com\/it\/product\/grabo-pro-4-pack-2023-version-eu\/#primaryimage"},"image":{"@id":"https:\/\/order.grabo.com\/it\/product\/grabo-pro-4-pack-2023-version-eu\/#primaryimage"},"thumbnailUrl":"https:\/\/order.grabo.com\/wp-content\/uploads\/2022\/04\/Four-Pack-Pro.png","datePublished":"2023-02-16T02:39:43+00:00","dateModified":"2025-12-05T22:56:53+00:00","description":"Four pack of the GRABO PRO! We noticed most users like having two, and having their employees have two as well! Here is a one stop shop 4 pack!","breadcrumb":{"@id":"https:\/\/order.grabo.com\/it\/product\/grabo-pro-4-pack-2023-version-eu\/#breadcrumb"},"inLanguage":"it-IT","potentialAction":[{"@type":"ReadAction","target":["https:\/\/order.grabo.com\/it\/product\/grabo-pro-4-pack-2023-version-eu\/"]}]},{"@type":"ImageObject","inLanguage":"it-IT","@id":"https:\/\/order.grabo.com\/it\/product\/grabo-pro-4-pack-2023-version-eu\/#primaryimage","url":"https:\/\/order.grabo.com\/wp-content\/uploads\/2022\/04\/Four-Pack-Pro.png","contentUrl":"https:\/\/order.grabo.com\/wp-content\/uploads\/2022\/04\/Four-Pack-Pro.png","width":1500,"height":1500},{"@type":"BreadcrumbList","@id":"https:\/\/order.grabo.com\/it\/product\/grabo-pro-4-pack-2023-version-eu\/#breadcrumb","itemListElement":[{"@type":"ListItem","position":1,"name":"Home","item":"https:\/\/order.grabo.com\/it\/"},{"@type":"ListItem","position":2,"name":"GRABO Factory Shop","item":"https:\/\/order.grabo.com\/"},{"@type":"ListItem","position":3,"name":"GRABO Pro (4 Pack)"}]},{"@type":"WebSite","@id":"https:\/\/order.grabo.com\/it\/#website","url":"https:\/\/order.grabo.com\/it\/","name":"GRABO Factory Shop","description":"GRABO Factory Shop","publisher":{"@id":"https:\/\/order.grabo.com\/it\/#organization"},"potentialAction":[{"@type":"SearchAction","target":{"@type":"EntryPoint","urlTemplate":"https:\/\/order.grabo.com\/it\/?s={search_term_string}"},"query-input":{"@type":"PropertyValueSpecification","valueRequired":true,"valueName":"search_term_string"}}],"inLanguage":"it-IT"},{"@type":"Organization","@id":"https:\/\/order.grabo.com\/it\/#organization","name":"GRABO","url":"https:\/\/order.grabo.com\/it\/","logo":{"@type":"ImageObject","inLanguage":"it-IT","@id":"https:\/\/order.grabo.com\/it\/#\/schema\/logo\/image\/","url":"https:\/\/order.grabo.com\/wp-content\/uploads\/2020\/12\/GRABO-Pro-1.jpeg","contentUrl":"https:\/\/order.grabo.com\/wp-content\/uploads\/2020\/12\/GRABO-Pro-1.jpeg","width":1712,"height":1712,"caption":"GRABO"},"image":{"@id":"https:\/\/order.grabo.com\/it\/#\/schema\/logo\/image\/"},"sameAs":["https:\/\/www.facebook.com\/GRABO.tools","https:\/\/x.com\/grabotools","https:\/\/www.instagram.com\/grabo.tools\/?hl=en"]}]}},"_links":{"self":[{"href":"https:\/\/order.grabo.com\/it\/wp-json\/wp\/v2\/product\/8035","targetHints":{"allow":["GET"]}}],"collection":[{"href":"https:\/\/order.grabo.com\/it\/wp-json\/wp\/v2\/product"}],"about":[{"href":"https:\/\/order.grabo.com\/it\/wp-json\/wp\/v2\/types\/product"}],"replies":[{"embeddable":true,"href":"https:\/\/order.grabo.com\/it\/wp-json\/wp\/v2\/comments?post=8035"}],"wp:featuredmedia":[{"embeddable":true,"href":"https:\/\/order.grabo.com\/it\/wp-json\/wp\/v2\/media\/6762"}],"wp:attachment":[{"href":"https:\/\/order.grabo.com\/it\/wp-json\/wp\/v2\/media?parent=8035"}],"wp:term":[{"taxonomy":"product_brand","embeddable":true,"href":"https:\/\/order.grabo.com\/it\/wp-json\/wp\/v2\/product_brand?post=8035"},{"taxonomy":"product_cat","embeddable":true,"href":"https:\/\/order.grabo.com\/it\/wp-json\/wp\/v2\/product_cat?post=8035"},{"taxonomy":"product_tag","embeddable":true,"href":"https:\/\/order.grabo.com\/it\/wp-json\/wp\/v2\/product_tag?post=8035"}],"curies":[{"name":"wp","href":"https:\/\/api.w.org\/{rel}","templated":true}]}}