{"id":9091,"date":"2023-05-04T06:35:14","date_gmt":"2023-05-04T06:35:15","guid":{"rendered":"https:\/\/factory.grabo.com\/?post_type=product&#038;p=9091"},"modified":"2025-12-05T21:21:59","modified_gmt":"2025-12-05T21:21:59","slug":"batterie-grabo-copy","status":"publish","type":"product","link":"https:\/\/order.grabo.com\/fr\/product\/batterie-grabo-copy\/","title":{"rendered":"Batterie GRABO"},"content":{"rendered":"<p>Batterie haute capacit\u00e9 - convient \u00e0 tous les mod\u00e8les (14.8VDC 2600mAh Li-ion) emball\u00e9e dans une bo\u00eete en couleur.<\/p>\n<p>Batterie lithium-ion 4 cellules pour tous les mod\u00e8les GRABO. Convient aux mod\u00e8les \"Nemo GRABO\", \"GRABO Pro\", \"GRABO Plus\", \"PROBST FXAH GRABO\".<\/p>\n<p><img loading=\"lazy\" decoding=\"async\" class=\"alignnone size-medium wp-image-103\" src=\"https:\/\/order.grabo.com\/wp-content\/uploads\/2020\/12\/GB2500-300x300.jpg\" alt=\"GRABO battery\" width=\"300\" height=\"300\" srcset=\"https:\/\/order.grabo.com\/wp-content\/uploads\/2020\/12\/GB2500-300x300.jpg 300w, https:\/\/order.grabo.com\/wp-content\/uploads\/2020\/12\/GB2500-1024x1024.jpg 1024w, https:\/\/order.grabo.com\/wp-content\/uploads\/2020\/12\/GB2500-150x150.jpg 150w, https:\/\/order.grabo.com\/wp-content\/uploads\/2020\/12\/GB2500-768x768.jpg 768w, https:\/\/order.grabo.com\/wp-content\/uploads\/2020\/12\/GB2500-1536x1536.jpg 1536w, https:\/\/order.grabo.com\/wp-content\/uploads\/2020\/12\/GB2500-2048x2048.jpg 2048w, https:\/\/order.grabo.com\/wp-content\/uploads\/2020\/12\/GB2500-600x600.jpg 600w, https:\/\/order.grabo.com\/wp-content\/uploads\/2020\/12\/GB2500-100x100.jpg 100w, https:\/\/order.grabo.com\/wp-content\/uploads\/2020\/12\/GB2500-scaled.jpg 2560w\" sizes=\"auto, (max-width: 300px) 100vw, 300px\" \/><\/p>\n<h1 class=\"a-size-base-plus a-text-bold\">Sp\u00e9cifications de la batterie suppl\u00e9mentaire GRABO\u00a0:<\/h1>\n<div id=\"productOverview_feature_div\" class=\"celwidget\" data-feature-name=\"productOverview\" data-csa-c-id=\"empjvt-oe33k5-tgrifm-l14843\" data-cel-widget=\"productOverview_feature_div\">\n<div class=\"a-section a-spacing-small a-spacing-top-small\">\n<table class=\"a-normal a-spacing-micro\">\n<tbody>\n<tr class=\"a-spacing-small po-brand\">\n<td class=\"a-span3\">Marque<\/td>\n<td class=\"a-span9\"><span class=\"a-size-base\">GRABO<\/span><\/td>\n<\/tr>\n<tr class=\"a-spacing-small po-battery.cell_composition\">\n<td class=\"a-span3\">Composition des \u00e9l\u00e9ments de la batterie<\/td>\n<td class=\"a-span9\"><span class=\"a-size-base\">Lithium Ion<\/span><\/td>\n<\/tr>\n<tr class=\"a-spacing-small po-unit_count\">\n<td class=\"a-span3\">Nombre d'unit\u00e9s<\/td>\n<td class=\"a-span9\">1 unit\u00e9<\/td>\n<\/tr>\n<tr class=\"a-spacing-small po-voltage\">\n<td class=\"a-span3\">Tension<\/td>\n<td class=\"a-span9\"><span class=\"a-size-base\">14.8 Volts<\/span><\/td>\n<\/tr>\n<tr class=\"a-spacing-small po-item_weight\">\n<td class=\"a-span3\">Poids de l'article<\/td>\n<td class=\"a-span9\"><span class=\"a-size-base\">7.04 Ounces<\/span><\/td>\n<\/tr>\n<\/tbody>\n<\/table>\n<\/div>\n<\/div>\n<div id=\"featurebullets_feature_div\" class=\"celwidget\" data-feature-name=\"featurebullets\" data-csa-c-id=\"xkmvu9-3y137d-the7gc-8mz7yh\" data-cel-widget=\"featurebullets_feature_div\">\n<div id=\"feature-bullets\" class=\"a-section a-spacing-medium a-spacing-top-small\">\n<ul class=\"a-unordered-list a-vertical a-spacing-mini\">\n<li>Qualit\u00e9 sup\u00e9rieure<\/li>\n<li>Approuv\u00e9 par Osha<\/li>\n<li>Temps de travail \u00e0 pleine charge : 1,5 heure<\/li>\n<li>Temps de charge de 2 heures<\/li>\n<li>Parfait pour les applications industrielles et commerciales<\/li>\n<\/ul>\n<\/div>\n<\/div>\n<div id=\"gtx-trans\">\n<div class=\"gtx-trans-icon\"><\/div>\n<\/div>\n","protected":false},"excerpt":{"rendered":"<p>La batterie Grabo est une batterie lithium-ion haute capacit\u00e9 de 14,8VDC et 2600mAh. Elle est sp\u00e9cialement con\u00e7ue pour s'adapter \u00e0 tous les mod\u00e8les GRABO, garantissant ainsi une compatibilit\u00e9 et des performances optimales. Cette batterie est une excellente source d'alimentation de remplacement ou de secours pour votre appareil GRABO.<\/p>\n","protected":false},"featured_media":18315,"comment_status":"open","ping_status":"closed","template":"","meta":{"_acf_changed":false},"product_brand":[],"product_cat":[157],"product_tag":[],"class_list":{"0":"post-9091","1":"product","2":"type-product","3":"status-publish","4":"has-post-thumbnail","6":"product_cat-accessories-fr","8":"first","9":"instock","10":"taxable","11":"shipping-taxable","12":"purchasable","13":"product-type-simple"},"acf":[],"yoast_head":"<!-- This site is optimized with the Yoast SEO plugin v27.2 - https:\/\/yoast.com\/product\/yoast-seo-wordpress\/ -->\n<title>Batterie GRABO - GRABO Factory Shop<\/title>\n<meta name=\"description\" content=\"La batterie Grabo est une batterie lithium-ion haute capacit\u00e9 de 14,8VDC et 2600mAh. Elle est sp\u00e9cialement con\u00e7ue pour s&#039;adapter \u00e0 tous les mod\u00e8les GRABO, garantissant ainsi une compatibilit\u00e9 et des performances optimales.\" \/>\n<meta name=\"robots\" content=\"index, follow, max-snippet:-1, max-image-preview:large, max-video-preview:-1\" \/>\n<link rel=\"canonical\" href=\"https:\/\/order.grabo.com\/fr\/product\/batterie-grabo-copy\/\" \/>\n<meta property=\"og:locale\" content=\"fr_FR\" \/>\n<meta property=\"og:type\" content=\"article\" \/>\n<meta property=\"og:title\" content=\"Batterie GRABO - GRABO Factory Shop\" \/>\n<meta property=\"og:description\" content=\"La batterie Grabo est une batterie lithium-ion haute capacit\u00e9 de 14,8VDC et 2600mAh. Elle est sp\u00e9cialement con\u00e7ue pour s&#039;adapter \u00e0 tous les mod\u00e8les GRABO, garantissant ainsi une compatibilit\u00e9 et des performances optimales.\" \/>\n<meta property=\"og:url\" content=\"https:\/\/order.grabo.com\/fr\/product\/batterie-grabo-copy\/\" \/>\n<meta property=\"og:site_name\" content=\"GRABO Factory Shop\" \/>\n<meta property=\"article:publisher\" content=\"https:\/\/www.facebook.com\/GRABO.tools\" \/>\n<meta property=\"article:modified_time\" content=\"2025-12-05T21:21:59+00:00\" \/>\n<meta property=\"og:image\" content=\"https:\/\/order.grabo.com\/wp-content\/uploads\/2023\/05\/thumbnail.png\" \/>\n\t<meta property=\"og:image:width\" content=\"1500\" \/>\n\t<meta property=\"og:image:height\" content=\"1500\" \/>\n\t<meta property=\"og:image:type\" content=\"image\/png\" \/>\n<meta name=\"twitter:card\" content=\"summary_large_image\" \/>\n<meta name=\"twitter:site\" content=\"@grabotools\" \/>\n<meta name=\"twitter:label1\" content=\"Dur\u00e9e de lecture estim\u00e9e\" \/>\n\t<meta name=\"twitter:data1\" content=\"1 minute\" \/>\n<script type=\"application\/ld+json\" class=\"yoast-schema-graph\">{\"@context\":\"https:\/\/schema.org\",\"@graph\":[{\"@type\":\"WebPage\",\"@id\":\"https:\/\/order.grabo.com\/fr\/product\/batterie-grabo-copy\/\",\"url\":\"https:\/\/order.grabo.com\/fr\/product\/batterie-grabo-copy\/\",\"name\":\"Batterie GRABO - GRABO Factory Shop\",\"isPartOf\":{\"@id\":\"https:\/\/order.grabo.com\/fr\/#website\"},\"primaryImageOfPage\":{\"@id\":\"https:\/\/order.grabo.com\/fr\/product\/batterie-grabo-copy\/#primaryimage\"},\"image\":{\"@id\":\"https:\/\/order.grabo.com\/fr\/product\/batterie-grabo-copy\/#primaryimage\"},\"thumbnailUrl\":\"https:\/\/order.grabo.com\/wp-content\/uploads\/2023\/05\/thumbnail.png\",\"datePublished\":\"2023-05-04T06:35:15+00:00\",\"dateModified\":\"2025-12-05T21:21:59+00:00\",\"description\":\"La batterie Grabo est une batterie lithium-ion haute capacit\u00e9 de 14,8VDC et 2600mAh. Elle est sp\u00e9cialement con\u00e7ue pour s'adapter \u00e0 tous les mod\u00e8les GRABO, garantissant ainsi une compatibilit\u00e9 et des performances optimales.\",\"breadcrumb\":{\"@id\":\"https:\/\/order.grabo.com\/fr\/product\/batterie-grabo-copy\/#breadcrumb\"},\"inLanguage\":\"fr-FR\",\"potentialAction\":[{\"@type\":\"ReadAction\",\"target\":[\"https:\/\/order.grabo.com\/fr\/product\/batterie-grabo-copy\/\"]}]},{\"@type\":\"ImageObject\",\"inLanguage\":\"fr-FR\",\"@id\":\"https:\/\/order.grabo.com\/fr\/product\/batterie-grabo-copy\/#primaryimage\",\"url\":\"https:\/\/order.grabo.com\/wp-content\/uploads\/2023\/05\/thumbnail.png\",\"contentUrl\":\"https:\/\/order.grabo.com\/wp-content\/uploads\/2023\/05\/thumbnail.png\",\"width\":1500,\"height\":1500},{\"@type\":\"BreadcrumbList\",\"@id\":\"https:\/\/order.grabo.com\/fr\/product\/batterie-grabo-copy\/#breadcrumb\",\"itemListElement\":[{\"@type\":\"ListItem\",\"position\":1,\"name\":\"Home\",\"item\":\"https:\/\/order.grabo.com\/fr\/\"},{\"@type\":\"ListItem\",\"position\":2,\"name\":\"GRABO Factory Shop\",\"item\":\"https:\/\/order.grabo.com\/\"},{\"@type\":\"ListItem\",\"position\":3,\"name\":\"Batterie GRABO\"}]},{\"@type\":\"WebSite\",\"@id\":\"https:\/\/order.grabo.com\/fr\/#website\",\"url\":\"https:\/\/order.grabo.com\/fr\/\",\"name\":\"GRABO Factory Shop\",\"description\":\"GRABO Factory Shop\",\"publisher\":{\"@id\":\"https:\/\/order.grabo.com\/fr\/#organization\"},\"potentialAction\":[{\"@type\":\"SearchAction\",\"target\":{\"@type\":\"EntryPoint\",\"urlTemplate\":\"https:\/\/order.grabo.com\/fr\/?s={search_term_string}\"},\"query-input\":{\"@type\":\"PropertyValueSpecification\",\"valueRequired\":true,\"valueName\":\"search_term_string\"}}],\"inLanguage\":\"fr-FR\"},{\"@type\":\"Organization\",\"@id\":\"https:\/\/order.grabo.com\/fr\/#organization\",\"name\":\"GRABO\",\"url\":\"https:\/\/order.grabo.com\/fr\/\",\"logo\":{\"@type\":\"ImageObject\",\"inLanguage\":\"fr-FR\",\"@id\":\"https:\/\/order.grabo.com\/fr\/#\/schema\/logo\/image\/\",\"url\":\"https:\/\/order.grabo.com\/wp-content\/uploads\/2020\/12\/GRABO-Pro-1.jpeg\",\"contentUrl\":\"https:\/\/order.grabo.com\/wp-content\/uploads\/2020\/12\/GRABO-Pro-1.jpeg\",\"width\":1712,\"height\":1712,\"caption\":\"GRABO\"},\"image\":{\"@id\":\"https:\/\/order.grabo.com\/fr\/#\/schema\/logo\/image\/\"},\"sameAs\":[\"https:\/\/www.facebook.com\/GRABO.tools\",\"https:\/\/x.com\/grabotools\",\"https:\/\/www.instagram.com\/grabo.tools\/?hl=en\"]}]}<\/script>\n<!-- \/ Yoast SEO plugin. -->","yoast_head_json":{"title":"Batterie GRABO - GRABO Factory Shop","description":"La batterie Grabo est une batterie lithium-ion haute capacit\u00e9 de 14,8VDC et 2600mAh. Elle est sp\u00e9cialement con\u00e7ue pour s'adapter \u00e0 tous les mod\u00e8les GRABO, garantissant ainsi une compatibilit\u00e9 et des performances optimales.","robots":{"index":"index","follow":"follow","max-snippet":"max-snippet:-1","max-image-preview":"max-image-preview:large","max-video-preview":"max-video-preview:-1"},"canonical":"https:\/\/order.grabo.com\/fr\/product\/batterie-grabo-copy\/","og_locale":"fr_FR","og_type":"article","og_title":"Batterie GRABO - GRABO Factory Shop","og_description":"La batterie Grabo est une batterie lithium-ion haute capacit\u00e9 de 14,8VDC et 2600mAh. Elle est sp\u00e9cialement con\u00e7ue pour s'adapter \u00e0 tous les mod\u00e8les GRABO, garantissant ainsi une compatibilit\u00e9 et des performances optimales.","og_url":"https:\/\/order.grabo.com\/fr\/product\/batterie-grabo-copy\/","og_site_name":"GRABO Factory Shop","article_publisher":"https:\/\/www.facebook.com\/GRABO.tools","article_modified_time":"2025-12-05T21:21:59+00:00","og_image":[{"width":1500,"height":1500,"url":"https:\/\/order.grabo.com\/wp-content\/uploads\/2023\/05\/thumbnail.png","type":"image\/png"}],"twitter_card":"summary_large_image","twitter_site":"@grabotools","twitter_misc":{"Dur\u00e9e de lecture estim\u00e9e":"1 minute"},"schema":{"@context":"https:\/\/schema.org","@graph":[{"@type":"WebPage","@id":"https:\/\/order.grabo.com\/fr\/product\/batterie-grabo-copy\/","url":"https:\/\/order.grabo.com\/fr\/product\/batterie-grabo-copy\/","name":"Batterie GRABO - GRABO Factory Shop","isPartOf":{"@id":"https:\/\/order.grabo.com\/fr\/#website"},"primaryImageOfPage":{"@id":"https:\/\/order.grabo.com\/fr\/product\/batterie-grabo-copy\/#primaryimage"},"image":{"@id":"https:\/\/order.grabo.com\/fr\/product\/batterie-grabo-copy\/#primaryimage"},"thumbnailUrl":"https:\/\/order.grabo.com\/wp-content\/uploads\/2023\/05\/thumbnail.png","datePublished":"2023-05-04T06:35:15+00:00","dateModified":"2025-12-05T21:21:59+00:00","description":"La batterie Grabo est une batterie lithium-ion haute capacit\u00e9 de 14,8VDC et 2600mAh. Elle est sp\u00e9cialement con\u00e7ue pour s'adapter \u00e0 tous les mod\u00e8les GRABO, garantissant ainsi une compatibilit\u00e9 et des performances optimales.","breadcrumb":{"@id":"https:\/\/order.grabo.com\/fr\/product\/batterie-grabo-copy\/#breadcrumb"},"inLanguage":"fr-FR","potentialAction":[{"@type":"ReadAction","target":["https:\/\/order.grabo.com\/fr\/product\/batterie-grabo-copy\/"]}]},{"@type":"ImageObject","inLanguage":"fr-FR","@id":"https:\/\/order.grabo.com\/fr\/product\/batterie-grabo-copy\/#primaryimage","url":"https:\/\/order.grabo.com\/wp-content\/uploads\/2023\/05\/thumbnail.png","contentUrl":"https:\/\/order.grabo.com\/wp-content\/uploads\/2023\/05\/thumbnail.png","width":1500,"height":1500},{"@type":"BreadcrumbList","@id":"https:\/\/order.grabo.com\/fr\/product\/batterie-grabo-copy\/#breadcrumb","itemListElement":[{"@type":"ListItem","position":1,"name":"Home","item":"https:\/\/order.grabo.com\/fr\/"},{"@type":"ListItem","position":2,"name":"GRABO Factory Shop","item":"https:\/\/order.grabo.com\/"},{"@type":"ListItem","position":3,"name":"Batterie GRABO"}]},{"@type":"WebSite","@id":"https:\/\/order.grabo.com\/fr\/#website","url":"https:\/\/order.grabo.com\/fr\/","name":"GRABO Factory Shop","description":"GRABO Factory Shop","publisher":{"@id":"https:\/\/order.grabo.com\/fr\/#organization"},"potentialAction":[{"@type":"SearchAction","target":{"@type":"EntryPoint","urlTemplate":"https:\/\/order.grabo.com\/fr\/?s={search_term_string}"},"query-input":{"@type":"PropertyValueSpecification","valueRequired":true,"valueName":"search_term_string"}}],"inLanguage":"fr-FR"},{"@type":"Organization","@id":"https:\/\/order.grabo.com\/fr\/#organization","name":"GRABO","url":"https:\/\/order.grabo.com\/fr\/","logo":{"@type":"ImageObject","inLanguage":"fr-FR","@id":"https:\/\/order.grabo.com\/fr\/#\/schema\/logo\/image\/","url":"https:\/\/order.grabo.com\/wp-content\/uploads\/2020\/12\/GRABO-Pro-1.jpeg","contentUrl":"https:\/\/order.grabo.com\/wp-content\/uploads\/2020\/12\/GRABO-Pro-1.jpeg","width":1712,"height":1712,"caption":"GRABO"},"image":{"@id":"https:\/\/order.grabo.com\/fr\/#\/schema\/logo\/image\/"},"sameAs":["https:\/\/www.facebook.com\/GRABO.tools","https:\/\/x.com\/grabotools","https:\/\/www.instagram.com\/grabo.tools\/?hl=en"]}]}},"_links":{"self":[{"href":"https:\/\/order.grabo.com\/fr\/wp-json\/wp\/v2\/product\/9091","targetHints":{"allow":["GET"]}}],"collection":[{"href":"https:\/\/order.grabo.com\/fr\/wp-json\/wp\/v2\/product"}],"about":[{"href":"https:\/\/order.grabo.com\/fr\/wp-json\/wp\/v2\/types\/product"}],"replies":[{"embeddable":true,"href":"https:\/\/order.grabo.com\/fr\/wp-json\/wp\/v2\/comments?post=9091"}],"wp:featuredmedia":[{"embeddable":true,"href":"https:\/\/order.grabo.com\/fr\/wp-json\/wp\/v2\/media\/18315"}],"wp:attachment":[{"href":"https:\/\/order.grabo.com\/fr\/wp-json\/wp\/v2\/media?parent=9091"}],"wp:term":[{"taxonomy":"product_brand","embeddable":true,"href":"https:\/\/order.grabo.com\/fr\/wp-json\/wp\/v2\/product_brand?post=9091"},{"taxonomy":"product_cat","embeddable":true,"href":"https:\/\/order.grabo.com\/fr\/wp-json\/wp\/v2\/product_cat?post=9091"},{"taxonomy":"product_tag","embeddable":true,"href":"https:\/\/order.grabo.com\/fr\/wp-json\/wp\/v2\/product_tag?post=9091"}],"curies":[{"name":"wp","href":"https:\/\/api.w.org\/{rel}","templated":true}]}}