{"id":7855,"date":"2021-02-19T03:47:48","date_gmt":"2021-02-19T03:47:48","guid":{"rendered":"https:\/\/factory.grabo.com\/product\/erguo-s1-grabo-attachment\/"},"modified":"2024-07-26T03:45:48","modified_gmt":"2024-07-26T03:45:48","slug":"erguo-s1-grabo-attachment","status":"publish","type":"product","link":"https:\/\/order.grabo.com\/fr\/product\/erguo-s1-grabo-attachment\/","title":{"rendered":"GRABO Erguo"},"content":{"rendered":"<p>L'accessoire GRABO <strong>Erguo S1<\/strong> est un accessoire de levage portable pour TOUS les produits GRABO (\u00e0 l'exception du GRABO H). Il suffit d'attacher l'Erguo \u00e0 votre GRABO sur les quatre \u0153illets de levage situ\u00e9s sur le GRABO pour obtenir une connexion s\u00e9curis\u00e9e. L'Erguo a \u00e9t\u00e9 con\u00e7u pour \u00e9viter les tensions dans le dos lorsque l'on se penche. (L'Erguo est livr\u00e9 avec les \u00e9l\u00e9ments suivants : support principal, support de soutien, vis de r\u00e9glage.<\/p>\n","protected":false},"excerpt":{"rendered":"<p>L'Erguo S1 est une extension de bras \u00e0 longue port\u00e9e qui se fixe sur tous les mod\u00e8les GRABO (sauf GRABO H) pour cr\u00e9er un syst\u00e8me de levage ergonomique. Cette extension permet de soulever des objets lourds de mani\u00e8re confortable et efficace, en r\u00e9duisant les tensions au niveau du dos et des \u00e9paules. Le S1 est durable et facile \u00e0 installer, ce qui en fait un excellent compl\u00e9ment \u00e0 tout syst\u00e8me de levage GRABO.<\/p>\n[embed]https:\/\/www.youtube.com\/watch?v=PEblQud5GdA[\/embed]\n","protected":false},"featured_media":18881,"comment_status":"open","ping_status":"closed","template":"","meta":{"_acf_changed":false},"product_brand":[],"product_cat":[157],"product_tag":[],"class_list":{"0":"post-7855","1":"product","2":"type-product","3":"status-publish","4":"has-post-thumbnail","6":"product_cat-accessories-fr","8":"first","9":"instock","10":"taxable","11":"shipping-taxable","12":"purchasable","13":"product-type-simple"},"acf":[],"yoast_head":"<!-- This site is optimized with the Yoast SEO plugin v27.2 - https:\/\/yoast.com\/product\/yoast-seo-wordpress\/ -->\n<title>GRABO Erguo - GRABO Factory Shop<\/title>\n<meta name=\"description\" content=\"Le GRABO ErGuo. Le bras de fixation officiel pour tous les outils Grabo. Plus besoin de se pencher pour transporter des mat\u00e9riaux sur le sol.\" \/>\n<meta name=\"robots\" content=\"index, follow, max-snippet:-1, max-image-preview:large, max-video-preview:-1\" \/>\n<link rel=\"canonical\" href=\"https:\/\/order.grabo.com\/fr\/product\/erguo-s1-grabo-attachment\/\" \/>\n<meta property=\"og:locale\" content=\"fr_FR\" \/>\n<meta property=\"og:type\" content=\"article\" \/>\n<meta property=\"og:title\" content=\"GRABO Erguo - GRABO Factory Shop\" \/>\n<meta property=\"og:description\" content=\"Le GRABO ErGuo. Le bras de fixation officiel pour tous les outils Grabo. Plus besoin de se pencher pour transporter des mat\u00e9riaux sur le sol.\" \/>\n<meta property=\"og:url\" content=\"https:\/\/order.grabo.com\/fr\/product\/erguo-s1-grabo-attachment\/\" \/>\n<meta property=\"og:site_name\" content=\"GRABO Factory Shop\" \/>\n<meta property=\"article:publisher\" content=\"https:\/\/www.facebook.com\/GRABO.tools\" \/>\n<meta property=\"article:modified_time\" content=\"2024-07-26T03:45:48+00:00\" \/>\n<meta property=\"og:image\" content=\"https:\/\/order.grabo.com\/wp-content\/uploads\/2021\/02\/Z8A0244_v2-1-scaled.jpg\" \/>\n\t<meta property=\"og:image:width\" content=\"2555\" \/>\n\t<meta property=\"og:image:height\" content=\"2560\" \/>\n\t<meta property=\"og:image:type\" content=\"image\/jpeg\" \/>\n<meta name=\"twitter:card\" content=\"summary_large_image\" \/>\n<meta name=\"twitter:site\" content=\"@grabotools\" \/>\n<meta name=\"twitter:label1\" content=\"Dur\u00e9e de lecture estim\u00e9e\" \/>\n\t<meta name=\"twitter:data1\" content=\"1 minute\" \/>\n<script type=\"application\/ld+json\" class=\"yoast-schema-graph\">{\"@context\":\"https:\/\/schema.org\",\"@graph\":[{\"@type\":\"WebPage\",\"@id\":\"https:\/\/order.grabo.com\/fr\/product\/erguo-s1-grabo-attachment\/\",\"url\":\"https:\/\/order.grabo.com\/fr\/product\/erguo-s1-grabo-attachment\/\",\"name\":\"GRABO Erguo - GRABO Factory Shop\",\"isPartOf\":{\"@id\":\"https:\/\/order.grabo.com\/fr\/#website\"},\"primaryImageOfPage\":{\"@id\":\"https:\/\/order.grabo.com\/fr\/product\/erguo-s1-grabo-attachment\/#primaryimage\"},\"image\":{\"@id\":\"https:\/\/order.grabo.com\/fr\/product\/erguo-s1-grabo-attachment\/#primaryimage\"},\"thumbnailUrl\":\"https:\/\/order.grabo.com\/wp-content\/uploads\/2021\/02\/ERG1-1.png\",\"datePublished\":\"2021-02-19T03:47:48+00:00\",\"dateModified\":\"2024-07-26T03:45:48+00:00\",\"description\":\"Le GRABO ErGuo. Le bras de fixation officiel pour tous les outils Grabo. Plus besoin de se pencher pour transporter des mat\u00e9riaux sur le sol.\",\"breadcrumb\":{\"@id\":\"https:\/\/order.grabo.com\/fr\/product\/erguo-s1-grabo-attachment\/#breadcrumb\"},\"inLanguage\":\"fr-FR\",\"potentialAction\":[{\"@type\":\"ReadAction\",\"target\":[\"https:\/\/order.grabo.com\/fr\/product\/erguo-s1-grabo-attachment\/\"]}]},{\"@type\":\"ImageObject\",\"inLanguage\":\"fr-FR\",\"@id\":\"https:\/\/order.grabo.com\/fr\/product\/erguo-s1-grabo-attachment\/#primaryimage\",\"url\":\"https:\/\/order.grabo.com\/wp-content\/uploads\/2021\/02\/ERG1-1.png\",\"contentUrl\":\"https:\/\/order.grabo.com\/wp-content\/uploads\/2021\/02\/ERG1-1.png\",\"width\":1500,\"height\":1500},{\"@type\":\"BreadcrumbList\",\"@id\":\"https:\/\/order.grabo.com\/fr\/product\/erguo-s1-grabo-attachment\/#breadcrumb\",\"itemListElement\":[{\"@type\":\"ListItem\",\"position\":1,\"name\":\"Home\",\"item\":\"https:\/\/order.grabo.com\/fr\/\"},{\"@type\":\"ListItem\",\"position\":2,\"name\":\"GRABO Factory Shop\",\"item\":\"https:\/\/order.grabo.com\/\"},{\"@type\":\"ListItem\",\"position\":3,\"name\":\"GRABO Erguo\"}]},{\"@type\":\"WebSite\",\"@id\":\"https:\/\/order.grabo.com\/fr\/#website\",\"url\":\"https:\/\/order.grabo.com\/fr\/\",\"name\":\"GRABO Factory Shop\",\"description\":\"GRABO Factory Shop\",\"publisher\":{\"@id\":\"https:\/\/order.grabo.com\/fr\/#organization\"},\"potentialAction\":[{\"@type\":\"SearchAction\",\"target\":{\"@type\":\"EntryPoint\",\"urlTemplate\":\"https:\/\/order.grabo.com\/fr\/?s={search_term_string}\"},\"query-input\":{\"@type\":\"PropertyValueSpecification\",\"valueRequired\":true,\"valueName\":\"search_term_string\"}}],\"inLanguage\":\"fr-FR\"},{\"@type\":\"Organization\",\"@id\":\"https:\/\/order.grabo.com\/fr\/#organization\",\"name\":\"GRABO\",\"url\":\"https:\/\/order.grabo.com\/fr\/\",\"logo\":{\"@type\":\"ImageObject\",\"inLanguage\":\"fr-FR\",\"@id\":\"https:\/\/order.grabo.com\/fr\/#\/schema\/logo\/image\/\",\"url\":\"https:\/\/order.grabo.com\/wp-content\/uploads\/2020\/12\/GRABO-Pro-1.jpeg\",\"contentUrl\":\"https:\/\/order.grabo.com\/wp-content\/uploads\/2020\/12\/GRABO-Pro-1.jpeg\",\"width\":1712,\"height\":1712,\"caption\":\"GRABO\"},\"image\":{\"@id\":\"https:\/\/order.grabo.com\/fr\/#\/schema\/logo\/image\/\"},\"sameAs\":[\"https:\/\/www.facebook.com\/GRABO.tools\",\"https:\/\/x.com\/grabotools\",\"https:\/\/www.instagram.com\/grabo.tools\/?hl=en\"]}]}<\/script>\n<!-- \/ Yoast SEO plugin. -->","yoast_head_json":{"title":"GRABO Erguo - GRABO Factory Shop","description":"Le GRABO ErGuo. Le bras de fixation officiel pour tous les outils Grabo. Plus besoin de se pencher pour transporter des mat\u00e9riaux sur le sol.","robots":{"index":"index","follow":"follow","max-snippet":"max-snippet:-1","max-image-preview":"max-image-preview:large","max-video-preview":"max-video-preview:-1"},"canonical":"https:\/\/order.grabo.com\/fr\/product\/erguo-s1-grabo-attachment\/","og_locale":"fr_FR","og_type":"article","og_title":"GRABO Erguo - GRABO Factory Shop","og_description":"Le GRABO ErGuo. Le bras de fixation officiel pour tous les outils Grabo. Plus besoin de se pencher pour transporter des mat\u00e9riaux sur le sol.","og_url":"https:\/\/order.grabo.com\/fr\/product\/erguo-s1-grabo-attachment\/","og_site_name":"GRABO Factory Shop","article_publisher":"https:\/\/www.facebook.com\/GRABO.tools","article_modified_time":"2024-07-26T03:45:48+00:00","og_image":[{"width":2555,"height":2560,"url":"https:\/\/order.grabo.com\/wp-content\/uploads\/2021\/02\/Z8A0244_v2-1-scaled.jpg","type":"image\/jpeg"}],"twitter_card":"summary_large_image","twitter_site":"@grabotools","twitter_misc":{"Dur\u00e9e de lecture estim\u00e9e":"1 minute"},"schema":{"@context":"https:\/\/schema.org","@graph":[{"@type":"WebPage","@id":"https:\/\/order.grabo.com\/fr\/product\/erguo-s1-grabo-attachment\/","url":"https:\/\/order.grabo.com\/fr\/product\/erguo-s1-grabo-attachment\/","name":"GRABO Erguo - GRABO Factory Shop","isPartOf":{"@id":"https:\/\/order.grabo.com\/fr\/#website"},"primaryImageOfPage":{"@id":"https:\/\/order.grabo.com\/fr\/product\/erguo-s1-grabo-attachment\/#primaryimage"},"image":{"@id":"https:\/\/order.grabo.com\/fr\/product\/erguo-s1-grabo-attachment\/#primaryimage"},"thumbnailUrl":"https:\/\/order.grabo.com\/wp-content\/uploads\/2021\/02\/ERG1-1.png","datePublished":"2021-02-19T03:47:48+00:00","dateModified":"2024-07-26T03:45:48+00:00","description":"Le GRABO ErGuo. Le bras de fixation officiel pour tous les outils Grabo. Plus besoin de se pencher pour transporter des mat\u00e9riaux sur le sol.","breadcrumb":{"@id":"https:\/\/order.grabo.com\/fr\/product\/erguo-s1-grabo-attachment\/#breadcrumb"},"inLanguage":"fr-FR","potentialAction":[{"@type":"ReadAction","target":["https:\/\/order.grabo.com\/fr\/product\/erguo-s1-grabo-attachment\/"]}]},{"@type":"ImageObject","inLanguage":"fr-FR","@id":"https:\/\/order.grabo.com\/fr\/product\/erguo-s1-grabo-attachment\/#primaryimage","url":"https:\/\/order.grabo.com\/wp-content\/uploads\/2021\/02\/ERG1-1.png","contentUrl":"https:\/\/order.grabo.com\/wp-content\/uploads\/2021\/02\/ERG1-1.png","width":1500,"height":1500},{"@type":"BreadcrumbList","@id":"https:\/\/order.grabo.com\/fr\/product\/erguo-s1-grabo-attachment\/#breadcrumb","itemListElement":[{"@type":"ListItem","position":1,"name":"Home","item":"https:\/\/order.grabo.com\/fr\/"},{"@type":"ListItem","position":2,"name":"GRABO Factory Shop","item":"https:\/\/order.grabo.com\/"},{"@type":"ListItem","position":3,"name":"GRABO Erguo"}]},{"@type":"WebSite","@id":"https:\/\/order.grabo.com\/fr\/#website","url":"https:\/\/order.grabo.com\/fr\/","name":"GRABO Factory Shop","description":"GRABO Factory Shop","publisher":{"@id":"https:\/\/order.grabo.com\/fr\/#organization"},"potentialAction":[{"@type":"SearchAction","target":{"@type":"EntryPoint","urlTemplate":"https:\/\/order.grabo.com\/fr\/?s={search_term_string}"},"query-input":{"@type":"PropertyValueSpecification","valueRequired":true,"valueName":"search_term_string"}}],"inLanguage":"fr-FR"},{"@type":"Organization","@id":"https:\/\/order.grabo.com\/fr\/#organization","name":"GRABO","url":"https:\/\/order.grabo.com\/fr\/","logo":{"@type":"ImageObject","inLanguage":"fr-FR","@id":"https:\/\/order.grabo.com\/fr\/#\/schema\/logo\/image\/","url":"https:\/\/order.grabo.com\/wp-content\/uploads\/2020\/12\/GRABO-Pro-1.jpeg","contentUrl":"https:\/\/order.grabo.com\/wp-content\/uploads\/2020\/12\/GRABO-Pro-1.jpeg","width":1712,"height":1712,"caption":"GRABO"},"image":{"@id":"https:\/\/order.grabo.com\/fr\/#\/schema\/logo\/image\/"},"sameAs":["https:\/\/www.facebook.com\/GRABO.tools","https:\/\/x.com\/grabotools","https:\/\/www.instagram.com\/grabo.tools\/?hl=en"]}]}},"_links":{"self":[{"href":"https:\/\/order.grabo.com\/fr\/wp-json\/wp\/v2\/product\/7855","targetHints":{"allow":["GET"]}}],"collection":[{"href":"https:\/\/order.grabo.com\/fr\/wp-json\/wp\/v2\/product"}],"about":[{"href":"https:\/\/order.grabo.com\/fr\/wp-json\/wp\/v2\/types\/product"}],"replies":[{"embeddable":true,"href":"https:\/\/order.grabo.com\/fr\/wp-json\/wp\/v2\/comments?post=7855"}],"wp:featuredmedia":[{"embeddable":true,"href":"https:\/\/order.grabo.com\/fr\/wp-json\/wp\/v2\/media\/18881"}],"wp:attachment":[{"href":"https:\/\/order.grabo.com\/fr\/wp-json\/wp\/v2\/media?parent=7855"}],"wp:term":[{"taxonomy":"product_brand","embeddable":true,"href":"https:\/\/order.grabo.com\/fr\/wp-json\/wp\/v2\/product_brand?post=7855"},{"taxonomy":"product_cat","embeddable":true,"href":"https:\/\/order.grabo.com\/fr\/wp-json\/wp\/v2\/product_cat?post=7855"},{"taxonomy":"product_tag","embeddable":true,"href":"https:\/\/order.grabo.com\/fr\/wp-json\/wp\/v2\/product_tag?post=7855"}],"curies":[{"name":"wp","href":"https:\/\/api.w.org\/{rel}","templated":true}]}}