{"id":7853,"date":"2022-03-31T20:56:16","date_gmt":"2022-03-31T20:56:16","guid":{"rendered":"https:\/\/factory.grabo.com\/product\/slender-seal\/"},"modified":"2024-12-17T04:56:31","modified_gmt":"2024-12-17T04:56:31","slug":"slender-seal","status":"publish","type":"product","link":"https:\/\/order.grabo.com\/fr\/product\/slender-seal\/","title":{"rendered":"GRABO Slender Seal"},"content":{"rendered":"<h1>Slender Seal<\/h1>\n<p>Slender Seal est un nouveau syst\u00e8me d'\u00e9tanch\u00e9it\u00e9 qui s'adapte \u00e0 tous les mod\u00e8les GRABO, y compris Nemo GRABO, GRABO Pro lifter-20, RTC tools GRABO, FXAH-120 Probst GRABO, Topspin Powertools GRABO et d'autres unit\u00e9s de marque commune.<\/p>\n<p>Pour soulever des surfaces plus longues et plus \u00e9troites, telles que des carreaux, des pav\u00e9s, des tuyaux ou des tables de travail d\u00e9coup\u00e9es.<\/p>\n<p>La capacit\u00e9 de levage maximale est de <strong>60 kg (132 lb)<\/strong>.<\/p>\n<p><iframe loading=\"lazy\" title=\"GRABO Slender Seal Introduction\" width=\"500\" height=\"281\" src=\"https:\/\/www.youtube.com\/embed\/xwLK5CZrrbo?feature=oembed\" frameborder=\"0\" allow=\"accelerometer; autoplay; clipboard-write; encrypted-media; gyroscope; picture-in-picture; web-share\" referrerpolicy=\"strict-origin-when-cross-origin\" allowfullscreen><\/iframe><\/p>\n<p>&nbsp;<\/p>\n<h3 id=\"headline-134-779\" class=\"ct-headline\" style=\"text-align: left;\">GRABO Sp\u00e9cifications du joint mince :<\/h3>\n<div id=\"_rich_text-135-779\" class=\"oxy-rich-text table-spec\" style=\"text-align: left;\">\n<table class=\"table-spec\">\n<tbody>\n<tr>\n<th colspan=\"2\">Joint en mousse noire<\/th>\n<\/tr>\n<tr>\n<th>Mat\u00e9riau<\/th>\n<td>\u00c9ponge en caoutchouc SBR<\/td>\n<\/tr>\n<tr>\n<th>Couleur<\/th>\n<td>Noir<\/td>\n<\/tr>\n<tr>\n<th>L x W x H<\/th>\n<td>16.2 x 6.9 x 1.24\u201d (411 x 175 x 31.5 mm)<\/td>\n<\/tr>\n<tr>\n<th>Dimension du joint<\/th>\n<td>371 x 65 mm<\/td>\n<\/tr>\n<tr>\n<th>Densit\u00e9<\/th>\n<td>10.6 Lb\/cft (170 kg\/m^3)<\/td>\n<\/tr>\n<tr>\n<th>Duret\u00e9, Shore C<\/th>\n<td>~10 +\/-2<\/td>\n<\/tr>\n<tr>\n<th>Pression de d\u00e9chirement<\/th>\n<td>1800 Psi (126 kg\/cm^2)<\/td>\n<\/tr>\n<tr>\n<th>Compression \u00e0 25 % \u00e0<\/th>\n<td>8.5 Psi (6000 kg\/m^2)<\/td>\n<\/tr>\n<tr>\n<th>Dur\u00e9e de vie (compressions jusqu'\u00e0 la r\u00e9duction des performances).<\/th>\n<td>~900<\/td>\n<\/tr>\n<tr>\n<th>Absorption de l'eau, %<\/th>\n<td>&lt;=5<\/td>\n<\/tr>\n<tr>\n<th>R\u00e9tr\u00e9cissement \u00e0 160F (70C) pendant 24 heures, en %.<\/th>\n<td>&lt;=20<\/td>\n<\/tr>\n<tr>\n<th>Temp\u00e9rature de stockage recommand\u00e9e<\/th>\n<td>Temp\u00e9rature ambiante<\/td>\n<\/tr>\n<tr>\n<th colspan=\"2\">Sceau rouge<\/th>\n<\/tr>\n<tr>\n<th>Mat\u00e9riau<\/th>\n<td>Mousse de silicone<\/td>\n<\/tr>\n<tr>\n<th>Couleur<\/th>\n<td>Rouge<\/td>\n<\/tr>\n<tr>\n<th>L x W x H<\/th>\n<td>16.2 x 6.9 x 1.24\u201d (411 x 175 x 31.5 mm)<\/td>\n<\/tr>\n<tr>\n<th>Densit\u00e9<\/th>\n<td>40.5 Lb\/cft (650 kg\/m^3)<\/td>\n<\/tr>\n<tr>\n<th>Duret\u00e9, Shore C<\/th>\n<td>55 +\/-5<\/td>\n<\/tr>\n<tr>\n<th>Absorption de l'eau, %<\/th>\n<td>&lt;=4<\/td>\n<\/tr>\n<tr>\n<th>Temp\u00e9rature de stockage recommand\u00e9e<\/th>\n<td>Temp\u00e9rature ambiante<\/td>\n<\/tr>\n<tr>\n<th colspan=\"2\">Sceau complet<\/th>\n<\/tr>\n<tr>\n<th>Caract\u00e9ristiques<\/th>\n<td>Joint combin\u00e9 sur cadre en plastique Profil mince<\/td>\n<\/tr>\n<\/tbody>\n<\/table>\n<\/div>\n<h3 id=\"headline-137-779\" class=\"ct-headline\" style=\"text-align: left;\">Capacit\u00e9 de levage:<\/h3>\n<div id=\"_rich_text-138-779\" class=\"oxy-rich-text table-spec\">\n<table class=\"table-lifting\">\n<thead>\n<tr>\n<th class=\"heading\" rowspan=\"2\"><img loading=\"lazy\" decoding=\"async\" class=\"aligncenter img-100\" src=\"https:\/\/cdn.grabo.com\/static\/uploads\/2021\/02\/Group-2.svg\" alt=\"\" width=\"150\" height=\"90\" \/><\/th>\n<th colspan=\"2\">Perpendicular Hold Z<\/th>\n<th colspan=\"2\">Parallel Hold Y<\/th>\n<th colspan=\"2\">Parallel Hold X<\/th>\n<\/tr>\n<tr>\n<th>Maximum value<\/th>\n<th>Safe value\uff0850%)<\/th>\n<th>Maximum value<\/th>\n<th>Safe value\uff0850%)<\/th>\n<th>Maximum value<\/th>\n<th>Safe value\uff0850%)<\/th>\n<\/tr>\n<\/thead>\n<tbody>\n<tr>\n<th>Verre<\/th>\n<td>225 Lbs (100kg)<\/td>\n<td>110 Lbs (50kg)<\/td>\n<td>110 Lbs (50kg)<\/td>\n<td>55 Lbs (25kg)<\/td>\n<td>220 Lbs (100kg)<\/td>\n<td>110 Lbs (50kg)<\/td>\n<\/tr>\n<tr>\n<th>M\u00e9tal<\/th>\n<td>145 Lbs (66kg)<\/td>\n<td>72.5 Lbs (33kg)<\/td>\n<td>110 Lbs (50kg)<\/td>\n<td>55 Lbs (25kg)<\/td>\n<td>220 Lbs (100kg)<\/td>\n<td>110 Lbs (50kg)<\/td>\n<\/tr>\n<tr>\n<th>Bois<\/th>\n<td>132 Lbs (60kg)<\/td>\n<td>66 Lbs (30kg)<\/td>\n<td>66 Lbs (30kg)<\/td>\n<td>33 Lbs (15kg)<\/td>\n<td>176 Lbs (80kg)<\/td>\n<td>88 Lbs (40kg)<\/td>\n<\/tr>\n<tr>\n<th style=\"text-align: left;\">B\u00e9ton brut<\/th>\n<td style=\"text-align: left;\">105 Lbs (48kg)<\/td>\n<td style=\"text-align: left;\">52.5 Lbs (24kg)<\/td>\n<td style=\"text-align: left;\">110 Lbs (50kg)<\/td>\n<td style=\"text-align: left;\">33 Lbs (15 kg)<\/td>\n<td style=\"text-align: left;\">220 Lbs (100kg)<\/td>\n<td style=\"text-align: left;\">110 Lbs (50kg)<\/td>\n<\/tr>\n<\/tbody>\n<\/table>\n<\/div>\n","protected":false},"excerpt":{"rendered":"<p>Slenderseal est un outil de levage polyvalent con\u00e7u pour les surfaces longues et \u00e9troites, telles que les carreaux, les pav\u00e9s, les tuyaux et les plans de travail d\u00e9coup\u00e9s. Il est parfait pour le bricolage et l'utilisation professionnelle et facilitera le levage et le d\u00e9placement de mat\u00e9riaux lourds. Avec sa construction durable et son design innovant, Slenderseal est un outil indispensable pour tout chantier ou projet de r\u00e9novation.<\/p>\n","protected":false},"featured_media":20548,"comment_status":"open","ping_status":"closed","template":"","meta":{"_acf_changed":false},"product_brand":[],"product_cat":[157],"product_tag":[],"class_list":{"0":"post-7853","1":"product","2":"type-product","3":"status-publish","4":"has-post-thumbnail","6":"product_cat-accessories-fr","8":"first","9":"instock","10":"taxable","11":"shipping-taxable","12":"purchasable","13":"product-type-simple"},"acf":[],"yoast_head":"<!-- This site is optimized with the Yoast SEO plugin v27.2 - https:\/\/yoast.com\/product\/yoast-seo-wordpress\/ -->\n<title>GRABO Slender Seal - GRABO Factory Shop<\/title>\n<meta name=\"description\" content=\"Slenderseal est un outil de levage polyvalent con\u00e7u pour les surfaces longues et \u00e9troites, telles que les carreaux, les pav\u00e9s, les tuyaux et les plans de travail d\u00e9coup\u00e9s. Il est parfait pour le bricolage et l&#039;utilisation professionnelle et facilitera le levage et le d\u00e9placement de mat\u00e9riaux lourds.\" \/>\n<meta name=\"robots\" content=\"index, follow, max-snippet:-1, max-image-preview:large, max-video-preview:-1\" \/>\n<link rel=\"canonical\" href=\"https:\/\/order.grabo.com\/fr\/product\/slender-seal\/\" \/>\n<meta property=\"og:locale\" content=\"fr_FR\" \/>\n<meta property=\"og:type\" content=\"article\" \/>\n<meta property=\"og:title\" content=\"GRABO Slender Seal - GRABO Factory Shop\" \/>\n<meta property=\"og:description\" content=\"Slenderseal est un outil de levage polyvalent con\u00e7u pour les surfaces longues et \u00e9troites, telles que les carreaux, les pav\u00e9s, les tuyaux et les plans de travail d\u00e9coup\u00e9s. Il est parfait pour le bricolage et l&#039;utilisation professionnelle et facilitera le levage et le d\u00e9placement de mat\u00e9riaux lourds.\" \/>\n<meta property=\"og:url\" content=\"https:\/\/order.grabo.com\/fr\/product\/slender-seal\/\" \/>\n<meta property=\"og:site_name\" content=\"GRABO Factory Shop\" \/>\n<meta property=\"article:publisher\" content=\"https:\/\/www.facebook.com\/GRABO.tools\" \/>\n<meta property=\"article:modified_time\" content=\"2024-12-17T04:56:31+00:00\" \/>\n<meta property=\"og:image\" content=\"https:\/\/order.grabo.com\/wp-content\/uploads\/2022\/06\/Slender1.png\" \/>\n\t<meta property=\"og:image:width\" content=\"1500\" \/>\n\t<meta property=\"og:image:height\" content=\"1500\" \/>\n\t<meta property=\"og:image:type\" content=\"image\/png\" \/>\n<meta name=\"twitter:card\" content=\"summary_large_image\" \/>\n<meta name=\"twitter:site\" content=\"@grabotools\" \/>\n<meta name=\"twitter:label1\" content=\"Dur\u00e9e de lecture estim\u00e9e\" \/>\n\t<meta name=\"twitter:data1\" content=\"2 minutes\" \/>\n<script type=\"application\/ld+json\" class=\"yoast-schema-graph\">{\"@context\":\"https:\/\/schema.org\",\"@graph\":[{\"@type\":\"WebPage\",\"@id\":\"https:\/\/order.grabo.com\/fr\/product\/slender-seal\/\",\"url\":\"https:\/\/order.grabo.com\/fr\/product\/slender-seal\/\",\"name\":\"GRABO Slender Seal - GRABO Factory Shop\",\"isPartOf\":{\"@id\":\"https:\/\/order.grabo.com\/fr\/#website\"},\"primaryImageOfPage\":{\"@id\":\"https:\/\/order.grabo.com\/fr\/product\/slender-seal\/#primaryimage\"},\"image\":{\"@id\":\"https:\/\/order.grabo.com\/fr\/product\/slender-seal\/#primaryimage\"},\"thumbnailUrl\":\"https:\/\/order.grabo.com\/wp-content\/uploads\/2022\/03\/thumbnail.png\",\"datePublished\":\"2022-03-31T20:56:16+00:00\",\"dateModified\":\"2024-12-17T04:56:31+00:00\",\"description\":\"Slenderseal est un outil de levage polyvalent con\u00e7u pour les surfaces longues et \u00e9troites, telles que les carreaux, les pav\u00e9s, les tuyaux et les plans de travail d\u00e9coup\u00e9s. Il est parfait pour le bricolage et l'utilisation professionnelle et facilitera le levage et le d\u00e9placement de mat\u00e9riaux lourds.\",\"breadcrumb\":{\"@id\":\"https:\/\/order.grabo.com\/fr\/product\/slender-seal\/#breadcrumb\"},\"inLanguage\":\"fr-FR\",\"potentialAction\":[{\"@type\":\"ReadAction\",\"target\":[\"https:\/\/order.grabo.com\/fr\/product\/slender-seal\/\"]}]},{\"@type\":\"ImageObject\",\"inLanguage\":\"fr-FR\",\"@id\":\"https:\/\/order.grabo.com\/fr\/product\/slender-seal\/#primaryimage\",\"url\":\"https:\/\/order.grabo.com\/wp-content\/uploads\/2022\/03\/thumbnail.png\",\"contentUrl\":\"https:\/\/order.grabo.com\/wp-content\/uploads\/2022\/03\/thumbnail.png\",\"width\":1500,\"height\":1500},{\"@type\":\"BreadcrumbList\",\"@id\":\"https:\/\/order.grabo.com\/fr\/product\/slender-seal\/#breadcrumb\",\"itemListElement\":[{\"@type\":\"ListItem\",\"position\":1,\"name\":\"Home\",\"item\":\"https:\/\/order.grabo.com\/fr\/\"},{\"@type\":\"ListItem\",\"position\":2,\"name\":\"GRABO Factory Shop\",\"item\":\"https:\/\/order.grabo.com\/\"},{\"@type\":\"ListItem\",\"position\":3,\"name\":\"GRABO Slender Seal\"}]},{\"@type\":\"WebSite\",\"@id\":\"https:\/\/order.grabo.com\/fr\/#website\",\"url\":\"https:\/\/order.grabo.com\/fr\/\",\"name\":\"GRABO Factory Shop\",\"description\":\"GRABO Factory Shop\",\"publisher\":{\"@id\":\"https:\/\/order.grabo.com\/fr\/#organization\"},\"potentialAction\":[{\"@type\":\"SearchAction\",\"target\":{\"@type\":\"EntryPoint\",\"urlTemplate\":\"https:\/\/order.grabo.com\/fr\/?s={search_term_string}\"},\"query-input\":{\"@type\":\"PropertyValueSpecification\",\"valueRequired\":true,\"valueName\":\"search_term_string\"}}],\"inLanguage\":\"fr-FR\"},{\"@type\":\"Organization\",\"@id\":\"https:\/\/order.grabo.com\/fr\/#organization\",\"name\":\"GRABO\",\"url\":\"https:\/\/order.grabo.com\/fr\/\",\"logo\":{\"@type\":\"ImageObject\",\"inLanguage\":\"fr-FR\",\"@id\":\"https:\/\/order.grabo.com\/fr\/#\/schema\/logo\/image\/\",\"url\":\"https:\/\/order.grabo.com\/wp-content\/uploads\/2020\/12\/GRABO-Pro-1.jpeg\",\"contentUrl\":\"https:\/\/order.grabo.com\/wp-content\/uploads\/2020\/12\/GRABO-Pro-1.jpeg\",\"width\":1712,\"height\":1712,\"caption\":\"GRABO\"},\"image\":{\"@id\":\"https:\/\/order.grabo.com\/fr\/#\/schema\/logo\/image\/\"},\"sameAs\":[\"https:\/\/www.facebook.com\/GRABO.tools\",\"https:\/\/x.com\/grabotools\",\"https:\/\/www.instagram.com\/grabo.tools\/?hl=en\"]}]}<\/script>\n<!-- \/ Yoast SEO plugin. -->","yoast_head_json":{"title":"GRABO Slender Seal - GRABO Factory Shop","description":"Slenderseal est un outil de levage polyvalent con\u00e7u pour les surfaces longues et \u00e9troites, telles que les carreaux, les pav\u00e9s, les tuyaux et les plans de travail d\u00e9coup\u00e9s. Il est parfait pour le bricolage et l'utilisation professionnelle et facilitera le levage et le d\u00e9placement de mat\u00e9riaux lourds.","robots":{"index":"index","follow":"follow","max-snippet":"max-snippet:-1","max-image-preview":"max-image-preview:large","max-video-preview":"max-video-preview:-1"},"canonical":"https:\/\/order.grabo.com\/fr\/product\/slender-seal\/","og_locale":"fr_FR","og_type":"article","og_title":"GRABO Slender Seal - GRABO Factory Shop","og_description":"Slenderseal est un outil de levage polyvalent con\u00e7u pour les surfaces longues et \u00e9troites, telles que les carreaux, les pav\u00e9s, les tuyaux et les plans de travail d\u00e9coup\u00e9s. Il est parfait pour le bricolage et l'utilisation professionnelle et facilitera le levage et le d\u00e9placement de mat\u00e9riaux lourds.","og_url":"https:\/\/order.grabo.com\/fr\/product\/slender-seal\/","og_site_name":"GRABO Factory Shop","article_publisher":"https:\/\/www.facebook.com\/GRABO.tools","article_modified_time":"2024-12-17T04:56:31+00:00","og_image":[{"width":1500,"height":1500,"url":"https:\/\/order.grabo.com\/wp-content\/uploads\/2022\/06\/Slender1.png","type":"image\/png"}],"twitter_card":"summary_large_image","twitter_site":"@grabotools","twitter_misc":{"Dur\u00e9e de lecture estim\u00e9e":"2 minutes"},"schema":{"@context":"https:\/\/schema.org","@graph":[{"@type":"WebPage","@id":"https:\/\/order.grabo.com\/fr\/product\/slender-seal\/","url":"https:\/\/order.grabo.com\/fr\/product\/slender-seal\/","name":"GRABO Slender Seal - GRABO Factory Shop","isPartOf":{"@id":"https:\/\/order.grabo.com\/fr\/#website"},"primaryImageOfPage":{"@id":"https:\/\/order.grabo.com\/fr\/product\/slender-seal\/#primaryimage"},"image":{"@id":"https:\/\/order.grabo.com\/fr\/product\/slender-seal\/#primaryimage"},"thumbnailUrl":"https:\/\/order.grabo.com\/wp-content\/uploads\/2022\/03\/thumbnail.png","datePublished":"2022-03-31T20:56:16+00:00","dateModified":"2024-12-17T04:56:31+00:00","description":"Slenderseal est un outil de levage polyvalent con\u00e7u pour les surfaces longues et \u00e9troites, telles que les carreaux, les pav\u00e9s, les tuyaux et les plans de travail d\u00e9coup\u00e9s. Il est parfait pour le bricolage et l'utilisation professionnelle et facilitera le levage et le d\u00e9placement de mat\u00e9riaux lourds.","breadcrumb":{"@id":"https:\/\/order.grabo.com\/fr\/product\/slender-seal\/#breadcrumb"},"inLanguage":"fr-FR","potentialAction":[{"@type":"ReadAction","target":["https:\/\/order.grabo.com\/fr\/product\/slender-seal\/"]}]},{"@type":"ImageObject","inLanguage":"fr-FR","@id":"https:\/\/order.grabo.com\/fr\/product\/slender-seal\/#primaryimage","url":"https:\/\/order.grabo.com\/wp-content\/uploads\/2022\/03\/thumbnail.png","contentUrl":"https:\/\/order.grabo.com\/wp-content\/uploads\/2022\/03\/thumbnail.png","width":1500,"height":1500},{"@type":"BreadcrumbList","@id":"https:\/\/order.grabo.com\/fr\/product\/slender-seal\/#breadcrumb","itemListElement":[{"@type":"ListItem","position":1,"name":"Home","item":"https:\/\/order.grabo.com\/fr\/"},{"@type":"ListItem","position":2,"name":"GRABO Factory Shop","item":"https:\/\/order.grabo.com\/"},{"@type":"ListItem","position":3,"name":"GRABO Slender Seal"}]},{"@type":"WebSite","@id":"https:\/\/order.grabo.com\/fr\/#website","url":"https:\/\/order.grabo.com\/fr\/","name":"GRABO Factory Shop","description":"GRABO Factory Shop","publisher":{"@id":"https:\/\/order.grabo.com\/fr\/#organization"},"potentialAction":[{"@type":"SearchAction","target":{"@type":"EntryPoint","urlTemplate":"https:\/\/order.grabo.com\/fr\/?s={search_term_string}"},"query-input":{"@type":"PropertyValueSpecification","valueRequired":true,"valueName":"search_term_string"}}],"inLanguage":"fr-FR"},{"@type":"Organization","@id":"https:\/\/order.grabo.com\/fr\/#organization","name":"GRABO","url":"https:\/\/order.grabo.com\/fr\/","logo":{"@type":"ImageObject","inLanguage":"fr-FR","@id":"https:\/\/order.grabo.com\/fr\/#\/schema\/logo\/image\/","url":"https:\/\/order.grabo.com\/wp-content\/uploads\/2020\/12\/GRABO-Pro-1.jpeg","contentUrl":"https:\/\/order.grabo.com\/wp-content\/uploads\/2020\/12\/GRABO-Pro-1.jpeg","width":1712,"height":1712,"caption":"GRABO"},"image":{"@id":"https:\/\/order.grabo.com\/fr\/#\/schema\/logo\/image\/"},"sameAs":["https:\/\/www.facebook.com\/GRABO.tools","https:\/\/x.com\/grabotools","https:\/\/www.instagram.com\/grabo.tools\/?hl=en"]}]}},"_links":{"self":[{"href":"https:\/\/order.grabo.com\/fr\/wp-json\/wp\/v2\/product\/7853","targetHints":{"allow":["GET"]}}],"collection":[{"href":"https:\/\/order.grabo.com\/fr\/wp-json\/wp\/v2\/product"}],"about":[{"href":"https:\/\/order.grabo.com\/fr\/wp-json\/wp\/v2\/types\/product"}],"replies":[{"embeddable":true,"href":"https:\/\/order.grabo.com\/fr\/wp-json\/wp\/v2\/comments?post=7853"}],"wp:featuredmedia":[{"embeddable":true,"href":"https:\/\/order.grabo.com\/fr\/wp-json\/wp\/v2\/media\/20548"}],"wp:attachment":[{"href":"https:\/\/order.grabo.com\/fr\/wp-json\/wp\/v2\/media?parent=7853"}],"wp:term":[{"taxonomy":"product_brand","embeddable":true,"href":"https:\/\/order.grabo.com\/fr\/wp-json\/wp\/v2\/product_brand?post=7853"},{"taxonomy":"product_cat","embeddable":true,"href":"https:\/\/order.grabo.com\/fr\/wp-json\/wp\/v2\/product_cat?post=7853"},{"taxonomy":"product_tag","embeddable":true,"href":"https:\/\/order.grabo.com\/fr\/wp-json\/wp\/v2\/product_tag?post=7853"}],"curies":[{"name":"wp","href":"https:\/\/api.w.org\/{rel}","templated":true}]}}