{"id":7852,"date":"2022-04-05T22:49:58","date_gmt":"2022-04-05T22:49:58","guid":{"rendered":"https:\/\/factory.grabo.com\/product\/grabo-pro-4-pack\/"},"modified":"2025-12-05T21:46:25","modified_gmt":"2025-12-05T21:46:25","slug":"grabo-pro-4-pack","status":"publish","type":"product","link":"https:\/\/order.grabo.com\/fr\/product\/grabo-pro-4-pack\/","title":{"rendered":"GRABO Pro (4 Pack)"},"content":{"rendered":"<p>GRABO Pro - paquet de gros (paquet de 4)<\/p>\n<p>L'outil GRABO Pro est dot\u00e9 d'un affichage num\u00e9rique de la pression, situ\u00e9 sur la poign\u00e9e, qui indique \u00e0 la fois la pression (PSI, Bar) et le poids (Kg, Lb). GRABO Pro est \u00e9quip\u00e9 d'un capteur de pression int\u00e9gr\u00e9 qui active et d\u00e9sactive automatiquement la pompe \u00e0 vide afin de maintenir constante la capacit\u00e9 de levage souhait\u00e9e. La pompe \u00e0 vide GRABO Pro d\u00e9place 20 litres d'air par minute, ce qui lui conf\u00e8re une \u00e9norme capacit\u00e9 de levage et lui permet de soulever presque n'importe quelle surface pesant jusqu'\u00e0 170 kg. Le joint en caoutchouc mousse brevet\u00e9 fourni avec l'outil GRABO Pro est solide et r\u00e9sistant \u00e0 l'usure, mais facile \u00e0 remplacer s'il est endommag\u00e9. Une fois l'outil activ\u00e9, le joint est cr\u00e9\u00e9 en quelques secondes et se fixe fermement sur presque toutes les surfaces, y compris les surfaces irr\u00e9guli\u00e8res et l\u00e9g\u00e8rement poreuses. GRABO Pro est \u00e9quip\u00e9 de quatre \u0153illets de levage en acier situ\u00e9s de part et d'autre de la poign\u00e9e de l'outil. Cela permet d'utiliser l'outil avec des sangles de levage et des accessoires de fixation suppl\u00e9mentaires.<\/p>\n<p>GRABO Pro b\u00e9n\u00e9ficie d'une garantie d'usine compl\u00e8te de 12 mois qui peut \u00eatre \u00e9tendue \u00e0 18 mois en enregistrant votre produit sur notre site Internet. Si vous avez le moindre probl\u00e8me, n'h\u00e9sitez pas \u00e0 nous en faire part gr\u00e2ce \u00e0 notre assistance technique professionnelle bas\u00e9e aux \u00c9tats-Unis. Nous sommes l\u00e0 pour vous aider \u00e0 travailler !<\/p>\n","protected":false},"excerpt":{"rendered":"<p>Chaque kit GRABO PRO comprend:<\/p>\n<ul>\n<li>L'aspirateur \u00e9lectrique portable GRABO Pro avec manom\u00e8tre num\u00e9rique<\/li>\n<li>Les capteurs de pression automatiques activent et d\u00e9sactivent la pompe pour garantir un vide constant.<\/li>\n<li>Capacit\u00e9 de pompage : 20 litres par minute pour une grande capacit\u00e9 de levage.<\/li>\n<li>1 batterie et un chargeur de batterie avec adaptateurs internationaux<\/li>\n<li>Joint en caoutchouc mousse pr\u00e9install\u00e9 sur l'outil<\/li>\n<li>Sac de transport en nylon robuste<\/li>\n<li>Filtres de remplacement<\/li>\n<li>Manuel en anglais avec bo\u00eete de pr\u00e9sentation color\u00e9e<\/li>\n<\/ul>\n<p>https:\/\/www.youtube.com\/watch?v=N5pcKCORwnA<\/p>\n","protected":false},"featured_media":12938,"comment_status":"open","ping_status":"closed","template":"","meta":{"_acf_changed":false},"product_brand":[],"product_cat":[155],"product_tag":[],"class_list":{"0":"post-7852","1":"product","2":"type-product","3":"status-publish","4":"has-post-thumbnail","6":"product_cat-tools-fr","8":"first","9":"instock","10":"taxable","11":"shipping-taxable","12":"purchasable","13":"product-type-simple"},"acf":[],"yoast_head":"<!-- This site is optimized with the Yoast SEO plugin v27.2 - https:\/\/yoast.com\/product\/yoast-seo-wordpress\/ -->\n<title>GRABO Pro (4 Pack) - GRABO Factory Shop<\/title>\n<meta name=\"description\" content=\"Pack de quatre GRABO PRO ! Nous avons remarqu\u00e9 que la plupart des utilisateurs aiment en avoir deux, et que leurs employ\u00e9s en ont \u00e9galement deux ! Voici donc un pack de 4 en un seul endroit !\" \/>\n<meta name=\"robots\" content=\"index, follow, max-snippet:-1, max-image-preview:large, max-video-preview:-1\" \/>\n<link rel=\"canonical\" href=\"https:\/\/order.grabo.com\/fr\/product\/grabo-pro-4-pack\/\" \/>\n<meta property=\"og:locale\" content=\"fr_FR\" \/>\n<meta property=\"og:type\" content=\"article\" \/>\n<meta property=\"og:title\" content=\"GRABO Pro (4 Pack) - GRABO Factory Shop\" \/>\n<meta property=\"og:description\" content=\"Pack de quatre GRABO PRO ! Nous avons remarqu\u00e9 que la plupart des utilisateurs aiment en avoir deux, et que leurs employ\u00e9s en ont \u00e9galement deux ! Voici donc un pack de 4 en un seul endroit !\" \/>\n<meta property=\"og:url\" content=\"https:\/\/order.grabo.com\/fr\/product\/grabo-pro-4-pack\/\" \/>\n<meta property=\"og:site_name\" content=\"GRABO Factory Shop\" \/>\n<meta property=\"article:publisher\" content=\"https:\/\/www.facebook.com\/GRABO.tools\" \/>\n<meta property=\"article:modified_time\" content=\"2025-12-05T21:46:25+00:00\" \/>\n<meta property=\"og:image\" content=\"https:\/\/order.grabo.com\/wp-content\/uploads\/2022\/04\/GP4Pack.jpg\" \/>\n\t<meta property=\"og:image:width\" content=\"1500\" \/>\n\t<meta property=\"og:image:height\" content=\"1500\" \/>\n\t<meta property=\"og:image:type\" content=\"image\/jpeg\" \/>\n<meta name=\"twitter:card\" content=\"summary_large_image\" \/>\n<meta name=\"twitter:site\" content=\"@grabotools\" \/>\n<meta name=\"twitter:label1\" content=\"Dur\u00e9e de lecture estim\u00e9e\" \/>\n\t<meta name=\"twitter:data1\" content=\"2 minutes\" \/>\n<script type=\"application\/ld+json\" class=\"yoast-schema-graph\">{\"@context\":\"https:\/\/schema.org\",\"@graph\":[{\"@type\":\"WebPage\",\"@id\":\"https:\/\/order.grabo.com\/fr\/product\/grabo-pro-4-pack\/\",\"url\":\"https:\/\/order.grabo.com\/fr\/product\/grabo-pro-4-pack\/\",\"name\":\"GRABO Pro (4 Pack) - GRABO Factory Shop\",\"isPartOf\":{\"@id\":\"https:\/\/order.grabo.com\/fr\/#website\"},\"primaryImageOfPage\":{\"@id\":\"https:\/\/order.grabo.com\/fr\/product\/grabo-pro-4-pack\/#primaryimage\"},\"image\":{\"@id\":\"https:\/\/order.grabo.com\/fr\/product\/grabo-pro-4-pack\/#primaryimage\"},\"thumbnailUrl\":\"https:\/\/order.grabo.com\/wp-content\/uploads\/2022\/04\/GP4Pack.jpg\",\"datePublished\":\"2022-04-05T22:49:58+00:00\",\"dateModified\":\"2025-12-05T21:46:25+00:00\",\"description\":\"Pack de quatre GRABO PRO ! Nous avons remarqu\u00e9 que la plupart des utilisateurs aiment en avoir deux, et que leurs employ\u00e9s en ont \u00e9galement deux ! Voici donc un pack de 4 en un seul endroit !\",\"breadcrumb\":{\"@id\":\"https:\/\/order.grabo.com\/fr\/product\/grabo-pro-4-pack\/#breadcrumb\"},\"inLanguage\":\"fr-FR\",\"potentialAction\":[{\"@type\":\"ReadAction\",\"target\":[\"https:\/\/order.grabo.com\/fr\/product\/grabo-pro-4-pack\/\"]}]},{\"@type\":\"ImageObject\",\"inLanguage\":\"fr-FR\",\"@id\":\"https:\/\/order.grabo.com\/fr\/product\/grabo-pro-4-pack\/#primaryimage\",\"url\":\"https:\/\/order.grabo.com\/wp-content\/uploads\/2022\/04\/GP4Pack.jpg\",\"contentUrl\":\"https:\/\/order.grabo.com\/wp-content\/uploads\/2022\/04\/GP4Pack.jpg\",\"width\":1500,\"height\":1500},{\"@type\":\"BreadcrumbList\",\"@id\":\"https:\/\/order.grabo.com\/fr\/product\/grabo-pro-4-pack\/#breadcrumb\",\"itemListElement\":[{\"@type\":\"ListItem\",\"position\":1,\"name\":\"Home\",\"item\":\"https:\/\/order.grabo.com\/fr\/\"},{\"@type\":\"ListItem\",\"position\":2,\"name\":\"GRABO Factory Shop\",\"item\":\"https:\/\/order.grabo.com\/\"},{\"@type\":\"ListItem\",\"position\":3,\"name\":\"GRABO Pro (4 Pack)\"}]},{\"@type\":\"WebSite\",\"@id\":\"https:\/\/order.grabo.com\/fr\/#website\",\"url\":\"https:\/\/order.grabo.com\/fr\/\",\"name\":\"GRABO Factory Shop\",\"description\":\"GRABO Factory Shop\",\"publisher\":{\"@id\":\"https:\/\/order.grabo.com\/fr\/#organization\"},\"potentialAction\":[{\"@type\":\"SearchAction\",\"target\":{\"@type\":\"EntryPoint\",\"urlTemplate\":\"https:\/\/order.grabo.com\/fr\/?s={search_term_string}\"},\"query-input\":{\"@type\":\"PropertyValueSpecification\",\"valueRequired\":true,\"valueName\":\"search_term_string\"}}],\"inLanguage\":\"fr-FR\"},{\"@type\":\"Organization\",\"@id\":\"https:\/\/order.grabo.com\/fr\/#organization\",\"name\":\"GRABO\",\"url\":\"https:\/\/order.grabo.com\/fr\/\",\"logo\":{\"@type\":\"ImageObject\",\"inLanguage\":\"fr-FR\",\"@id\":\"https:\/\/order.grabo.com\/fr\/#\/schema\/logo\/image\/\",\"url\":\"https:\/\/order.grabo.com\/wp-content\/uploads\/2020\/12\/GRABO-Pro-1.jpeg\",\"contentUrl\":\"https:\/\/order.grabo.com\/wp-content\/uploads\/2020\/12\/GRABO-Pro-1.jpeg\",\"width\":1712,\"height\":1712,\"caption\":\"GRABO\"},\"image\":{\"@id\":\"https:\/\/order.grabo.com\/fr\/#\/schema\/logo\/image\/\"},\"sameAs\":[\"https:\/\/www.facebook.com\/GRABO.tools\",\"https:\/\/x.com\/grabotools\",\"https:\/\/www.instagram.com\/grabo.tools\/?hl=en\"]}]}<\/script>\n<!-- \/ Yoast SEO plugin. -->","yoast_head_json":{"title":"GRABO Pro (4 Pack) - GRABO Factory Shop","description":"Pack de quatre GRABO PRO ! Nous avons remarqu\u00e9 que la plupart des utilisateurs aiment en avoir deux, et que leurs employ\u00e9s en ont \u00e9galement deux ! Voici donc un pack de 4 en un seul endroit !","robots":{"index":"index","follow":"follow","max-snippet":"max-snippet:-1","max-image-preview":"max-image-preview:large","max-video-preview":"max-video-preview:-1"},"canonical":"https:\/\/order.grabo.com\/fr\/product\/grabo-pro-4-pack\/","og_locale":"fr_FR","og_type":"article","og_title":"GRABO Pro (4 Pack) - GRABO Factory Shop","og_description":"Pack de quatre GRABO PRO ! Nous avons remarqu\u00e9 que la plupart des utilisateurs aiment en avoir deux, et que leurs employ\u00e9s en ont \u00e9galement deux ! Voici donc un pack de 4 en un seul endroit !","og_url":"https:\/\/order.grabo.com\/fr\/product\/grabo-pro-4-pack\/","og_site_name":"GRABO Factory Shop","article_publisher":"https:\/\/www.facebook.com\/GRABO.tools","article_modified_time":"2025-12-05T21:46:25+00:00","og_image":[{"width":1500,"height":1500,"url":"https:\/\/order.grabo.com\/wp-content\/uploads\/2022\/04\/GP4Pack.jpg","type":"image\/jpeg"}],"twitter_card":"summary_large_image","twitter_site":"@grabotools","twitter_misc":{"Dur\u00e9e de lecture estim\u00e9e":"2 minutes"},"schema":{"@context":"https:\/\/schema.org","@graph":[{"@type":"WebPage","@id":"https:\/\/order.grabo.com\/fr\/product\/grabo-pro-4-pack\/","url":"https:\/\/order.grabo.com\/fr\/product\/grabo-pro-4-pack\/","name":"GRABO Pro (4 Pack) - GRABO Factory Shop","isPartOf":{"@id":"https:\/\/order.grabo.com\/fr\/#website"},"primaryImageOfPage":{"@id":"https:\/\/order.grabo.com\/fr\/product\/grabo-pro-4-pack\/#primaryimage"},"image":{"@id":"https:\/\/order.grabo.com\/fr\/product\/grabo-pro-4-pack\/#primaryimage"},"thumbnailUrl":"https:\/\/order.grabo.com\/wp-content\/uploads\/2022\/04\/GP4Pack.jpg","datePublished":"2022-04-05T22:49:58+00:00","dateModified":"2025-12-05T21:46:25+00:00","description":"Pack de quatre GRABO PRO ! Nous avons remarqu\u00e9 que la plupart des utilisateurs aiment en avoir deux, et que leurs employ\u00e9s en ont \u00e9galement deux ! Voici donc un pack de 4 en un seul endroit !","breadcrumb":{"@id":"https:\/\/order.grabo.com\/fr\/product\/grabo-pro-4-pack\/#breadcrumb"},"inLanguage":"fr-FR","potentialAction":[{"@type":"ReadAction","target":["https:\/\/order.grabo.com\/fr\/product\/grabo-pro-4-pack\/"]}]},{"@type":"ImageObject","inLanguage":"fr-FR","@id":"https:\/\/order.grabo.com\/fr\/product\/grabo-pro-4-pack\/#primaryimage","url":"https:\/\/order.grabo.com\/wp-content\/uploads\/2022\/04\/GP4Pack.jpg","contentUrl":"https:\/\/order.grabo.com\/wp-content\/uploads\/2022\/04\/GP4Pack.jpg","width":1500,"height":1500},{"@type":"BreadcrumbList","@id":"https:\/\/order.grabo.com\/fr\/product\/grabo-pro-4-pack\/#breadcrumb","itemListElement":[{"@type":"ListItem","position":1,"name":"Home","item":"https:\/\/order.grabo.com\/fr\/"},{"@type":"ListItem","position":2,"name":"GRABO Factory Shop","item":"https:\/\/order.grabo.com\/"},{"@type":"ListItem","position":3,"name":"GRABO Pro (4 Pack)"}]},{"@type":"WebSite","@id":"https:\/\/order.grabo.com\/fr\/#website","url":"https:\/\/order.grabo.com\/fr\/","name":"GRABO Factory Shop","description":"GRABO Factory Shop","publisher":{"@id":"https:\/\/order.grabo.com\/fr\/#organization"},"potentialAction":[{"@type":"SearchAction","target":{"@type":"EntryPoint","urlTemplate":"https:\/\/order.grabo.com\/fr\/?s={search_term_string}"},"query-input":{"@type":"PropertyValueSpecification","valueRequired":true,"valueName":"search_term_string"}}],"inLanguage":"fr-FR"},{"@type":"Organization","@id":"https:\/\/order.grabo.com\/fr\/#organization","name":"GRABO","url":"https:\/\/order.grabo.com\/fr\/","logo":{"@type":"ImageObject","inLanguage":"fr-FR","@id":"https:\/\/order.grabo.com\/fr\/#\/schema\/logo\/image\/","url":"https:\/\/order.grabo.com\/wp-content\/uploads\/2020\/12\/GRABO-Pro-1.jpeg","contentUrl":"https:\/\/order.grabo.com\/wp-content\/uploads\/2020\/12\/GRABO-Pro-1.jpeg","width":1712,"height":1712,"caption":"GRABO"},"image":{"@id":"https:\/\/order.grabo.com\/fr\/#\/schema\/logo\/image\/"},"sameAs":["https:\/\/www.facebook.com\/GRABO.tools","https:\/\/x.com\/grabotools","https:\/\/www.instagram.com\/grabo.tools\/?hl=en"]}]}},"_links":{"self":[{"href":"https:\/\/order.grabo.com\/fr\/wp-json\/wp\/v2\/product\/7852","targetHints":{"allow":["GET"]}}],"collection":[{"href":"https:\/\/order.grabo.com\/fr\/wp-json\/wp\/v2\/product"}],"about":[{"href":"https:\/\/order.grabo.com\/fr\/wp-json\/wp\/v2\/types\/product"}],"replies":[{"embeddable":true,"href":"https:\/\/order.grabo.com\/fr\/wp-json\/wp\/v2\/comments?post=7852"}],"wp:featuredmedia":[{"embeddable":true,"href":"https:\/\/order.grabo.com\/fr\/wp-json\/wp\/v2\/media\/12938"}],"wp:attachment":[{"href":"https:\/\/order.grabo.com\/fr\/wp-json\/wp\/v2\/media?parent=7852"}],"wp:term":[{"taxonomy":"product_brand","embeddable":true,"href":"https:\/\/order.grabo.com\/fr\/wp-json\/wp\/v2\/product_brand?post=7852"},{"taxonomy":"product_cat","embeddable":true,"href":"https:\/\/order.grabo.com\/fr\/wp-json\/wp\/v2\/product_cat?post=7852"},{"taxonomy":"product_tag","embeddable":true,"href":"https:\/\/order.grabo.com\/fr\/wp-json\/wp\/v2\/product_tag?post=7852"}],"curies":[{"name":"wp","href":"https:\/\/api.w.org\/{rel}","templated":true}]}}