{"id":7832,"date":"2022-12-15T19:54:02","date_gmt":"2022-12-15T19:54:02","guid":{"rendered":"https:\/\/factory.grabo.com\/product\/nemo-grabo-2-batteries-2-seals\/"},"modified":"2025-12-05T21:45:22","modified_gmt":"2025-12-05T21:45:22","slug":"nemo-grabo-2-batteries-2-seals","status":"publish","type":"product","link":"https:\/\/order.grabo.com\/fr\/product\/nemo-grabo-2-batteries-2-seals\/","title":{"rendered":"Nemo GRABO 2 Batteries &#038; 2 Seals"},"content":{"rendered":"<p>Pr\u00e9sentation du Nemo GRABO, un outil puissant et polyvalent pour soulever n'importe quelle surface. Ce produit est livr\u00e9 avec 2 batteries et 2 joints en mousse, vous assurant d'avoir tout ce dont vous avez besoin pour mener \u00e0 bien votre travail. La technologie de succion puissante du GRABO vous permet de soulever et de d\u00e9placer facilement des objets lourds. Que vous d\u00e9m\u00e9nagiez des meubles, des appareils ou des \u00e9quipements lourds, le Nemo GRABO est l'outil parfait pour le travail. Ne laissez pas le levage lourd vous ralentir - obtenez un Nemo GRABO aujourd'hui!<\/p>\n","protected":false},"excerpt":{"rendered":"<p>Le kit comprend:<\/p>\n<ul>\n<li>Le l\u00e8ve-vitre \u00e9lectrique portable GRABO Classic avec manom\u00e8tre analogique<\/li>\n<li>Capacit\u00e9 de pompage: 20 litres par minute permettant une grande capacit\u00e9 de levage<\/li>\n<li>2 batteries et un chargeur de batterie avec adaptateurs internationaux<\/li>\n<li>1 joint de remplacement (2 joints au total)<\/li>\n<li>Un sac de transport en nylon robuste<\/li>\n<li>Filtres de remplacement<\/li>\n<li>Manuel en anglais et bo\u00eete d'affichage color\u00e9e<\/li>\n<\/ul>\n<p>https:\/\/youtu.be\/nDjQcFilZ_0<\/p>\n","protected":false},"featured_media":21121,"comment_status":"open","ping_status":"closed","template":"","meta":{"_acf_changed":false},"product_brand":[],"product_cat":[155],"product_tag":[],"class_list":{"0":"post-7832","1":"product","2":"type-product","3":"status-publish","4":"has-post-thumbnail","6":"product_cat-tools-fr","7":"product_shipping_class-free-shipping-fr","9":"first","10":"instock","11":"taxable","12":"shipping-taxable","13":"purchasable","14":"product-type-simple"},"acf":[],"yoast_head":"<!-- This site is optimized with the Yoast SEO plugin v27.3 - https:\/\/yoast.com\/product\/yoast-seo-wordpress\/ -->\n<title>Nemo GRABO 2 Batteries &amp; 2 Seals - GRABO Factory Shop<\/title>\n<meta name=\"description\" content=\"Le kit d&#039;outils GRABO ultime. Comprend deux batteries et deux joints en mousse.\" \/>\n<meta name=\"robots\" content=\"index, follow, max-snippet:-1, max-image-preview:large, max-video-preview:-1\" \/>\n<link rel=\"canonical\" href=\"https:\/\/order.grabo.com\/fr\/product\/nemo-grabo-2-batteries-2-seals\/\" \/>\n<meta property=\"og:locale\" content=\"fr_FR\" \/>\n<meta property=\"og:type\" content=\"article\" \/>\n<meta property=\"og:title\" content=\"Nemo GRABO 2 Batteries &amp; 2 Seals - GRABO Factory Shop\" \/>\n<meta property=\"og:description\" content=\"Le kit d&#039;outils GRABO ultime. Comprend deux batteries et deux joints en mousse.\" \/>\n<meta property=\"og:url\" content=\"https:\/\/order.grabo.com\/fr\/product\/nemo-grabo-2-batteries-2-seals\/\" \/>\n<meta property=\"og:site_name\" content=\"GRABO Factory Shop\" \/>\n<meta property=\"article:publisher\" content=\"https:\/\/www.facebook.com\/GRABO.tools\" \/>\n<meta property=\"article:modified_time\" content=\"2025-12-05T21:45:22+00:00\" \/>\n<meta property=\"og:image\" content=\"https:\/\/order.grabo.com\/wp-content\/uploads\/2022\/12\/NemoGrabo_Old_2batteries_USA-1024x1024.png\" \/>\n\t<meta property=\"og:image:width\" content=\"1024\" \/>\n\t<meta property=\"og:image:height\" content=\"1024\" \/>\n\t<meta property=\"og:image:type\" content=\"image\/png\" \/>\n<meta name=\"twitter:card\" content=\"summary_large_image\" \/>\n<meta name=\"twitter:site\" content=\"@grabotools\" \/>\n<meta name=\"twitter:label1\" content=\"Dur\u00e9e de lecture estim\u00e9e\" \/>\n\t<meta name=\"twitter:data1\" content=\"1 minute\" \/>\n<script type=\"application\/ld+json\" class=\"yoast-schema-graph\">{\"@context\":\"https:\\\/\\\/schema.org\",\"@graph\":[{\"@type\":\"WebPage\",\"@id\":\"https:\\\/\\\/order.grabo.com\\\/fr\\\/product\\\/nemo-grabo-2-batteries-2-seals\\\/\",\"url\":\"https:\\\/\\\/order.grabo.com\\\/fr\\\/product\\\/nemo-grabo-2-batteries-2-seals\\\/\",\"name\":\"Nemo GRABO 2 Batteries & 2 Seals - GRABO Factory Shop\",\"isPartOf\":{\"@id\":\"https:\\\/\\\/order.grabo.com\\\/fr\\\/#website\"},\"primaryImageOfPage\":{\"@id\":\"https:\\\/\\\/order.grabo.com\\\/fr\\\/product\\\/nemo-grabo-2-batteries-2-seals\\\/#primaryimage\"},\"image\":{\"@id\":\"https:\\\/\\\/order.grabo.com\\\/fr\\\/product\\\/nemo-grabo-2-batteries-2-seals\\\/#primaryimage\"},\"thumbnailUrl\":\"https:\\\/\\\/order.grabo.com\\\/wp-content\\\/uploads\\\/2022\\\/12\\\/NemoGrabo_Old_2batteries_USA.png\",\"datePublished\":\"2022-12-15T19:54:02+00:00\",\"dateModified\":\"2025-12-05T21:45:22+00:00\",\"description\":\"Le kit d'outils GRABO ultime. Comprend deux batteries et deux joints en mousse.\",\"breadcrumb\":{\"@id\":\"https:\\\/\\\/order.grabo.com\\\/fr\\\/product\\\/nemo-grabo-2-batteries-2-seals\\\/#breadcrumb\"},\"inLanguage\":\"fr-FR\",\"potentialAction\":[{\"@type\":\"ReadAction\",\"target\":[\"https:\\\/\\\/order.grabo.com\\\/fr\\\/product\\\/nemo-grabo-2-batteries-2-seals\\\/\"]}]},{\"@type\":\"ImageObject\",\"inLanguage\":\"fr-FR\",\"@id\":\"https:\\\/\\\/order.grabo.com\\\/fr\\\/product\\\/nemo-grabo-2-batteries-2-seals\\\/#primaryimage\",\"url\":\"https:\\\/\\\/order.grabo.com\\\/wp-content\\\/uploads\\\/2022\\\/12\\\/NemoGrabo_Old_2batteries_USA.png\",\"contentUrl\":\"https:\\\/\\\/order.grabo.com\\\/wp-content\\\/uploads\\\/2022\\\/12\\\/NemoGrabo_Old_2batteries_USA.png\",\"width\":1500,\"height\":1500},{\"@type\":\"BreadcrumbList\",\"@id\":\"https:\\\/\\\/order.grabo.com\\\/fr\\\/product\\\/nemo-grabo-2-batteries-2-seals\\\/#breadcrumb\",\"itemListElement\":[{\"@type\":\"ListItem\",\"position\":1,\"name\":\"Home\",\"item\":\"https:\\\/\\\/order.grabo.com\\\/fr\\\/\"},{\"@type\":\"ListItem\",\"position\":2,\"name\":\"GRABO Factory Shop\",\"item\":\"https:\\\/\\\/order.grabo.com\\\/\"},{\"@type\":\"ListItem\",\"position\":3,\"name\":\"Nemo GRABO 2 Batteries &#038; 2 Seals\"}]},{\"@type\":\"WebSite\",\"@id\":\"https:\\\/\\\/order.grabo.com\\\/fr\\\/#website\",\"url\":\"https:\\\/\\\/order.grabo.com\\\/fr\\\/\",\"name\":\"GRABO Factory Shop\",\"description\":\"GRABO Factory Shop\",\"publisher\":{\"@id\":\"https:\\\/\\\/order.grabo.com\\\/fr\\\/#organization\"},\"potentialAction\":[{\"@type\":\"SearchAction\",\"target\":{\"@type\":\"EntryPoint\",\"urlTemplate\":\"https:\\\/\\\/order.grabo.com\\\/fr\\\/?s={search_term_string}\"},\"query-input\":{\"@type\":\"PropertyValueSpecification\",\"valueRequired\":true,\"valueName\":\"search_term_string\"}}],\"inLanguage\":\"fr-FR\"},{\"@type\":\"Organization\",\"@id\":\"https:\\\/\\\/order.grabo.com\\\/fr\\\/#organization\",\"name\":\"GRABO\",\"url\":\"https:\\\/\\\/order.grabo.com\\\/fr\\\/\",\"logo\":{\"@type\":\"ImageObject\",\"inLanguage\":\"fr-FR\",\"@id\":\"https:\\\/\\\/order.grabo.com\\\/fr\\\/#\\\/schema\\\/logo\\\/image\\\/\",\"url\":\"https:\\\/\\\/order.grabo.com\\\/wp-content\\\/uploads\\\/2020\\\/12\\\/GRABO-Pro-1.jpeg\",\"contentUrl\":\"https:\\\/\\\/order.grabo.com\\\/wp-content\\\/uploads\\\/2020\\\/12\\\/GRABO-Pro-1.jpeg\",\"width\":1712,\"height\":1712,\"caption\":\"GRABO\"},\"image\":{\"@id\":\"https:\\\/\\\/order.grabo.com\\\/fr\\\/#\\\/schema\\\/logo\\\/image\\\/\"},\"sameAs\":[\"https:\\\/\\\/www.facebook.com\\\/GRABO.tools\",\"https:\\\/\\\/x.com\\\/grabotools\",\"https:\\\/\\\/www.instagram.com\\\/grabo.tools\\\/?hl=en\"]}]}<\/script>\n<!-- \/ Yoast SEO plugin. -->","yoast_head_json":{"title":"Nemo GRABO 2 Batteries & 2 Seals - GRABO Factory Shop","description":"Le kit d'outils GRABO ultime. Comprend deux batteries et deux joints en mousse.","robots":{"index":"index","follow":"follow","max-snippet":"max-snippet:-1","max-image-preview":"max-image-preview:large","max-video-preview":"max-video-preview:-1"},"canonical":"https:\/\/order.grabo.com\/fr\/product\/nemo-grabo-2-batteries-2-seals\/","og_locale":"fr_FR","og_type":"article","og_title":"Nemo GRABO 2 Batteries & 2 Seals - GRABO Factory Shop","og_description":"Le kit d'outils GRABO ultime. Comprend deux batteries et deux joints en mousse.","og_url":"https:\/\/order.grabo.com\/fr\/product\/nemo-grabo-2-batteries-2-seals\/","og_site_name":"GRABO Factory Shop","article_publisher":"https:\/\/www.facebook.com\/GRABO.tools","article_modified_time":"2025-12-05T21:45:22+00:00","og_image":[{"width":1024,"height":1024,"url":"https:\/\/order.grabo.com\/wp-content\/uploads\/2022\/12\/NemoGrabo_Old_2batteries_USA-1024x1024.png","type":"image\/png"}],"twitter_card":"summary_large_image","twitter_site":"@grabotools","twitter_misc":{"Dur\u00e9e de lecture estim\u00e9e":"1 minute"},"schema":{"@context":"https:\/\/schema.org","@graph":[{"@type":"WebPage","@id":"https:\/\/order.grabo.com\/fr\/product\/nemo-grabo-2-batteries-2-seals\/","url":"https:\/\/order.grabo.com\/fr\/product\/nemo-grabo-2-batteries-2-seals\/","name":"Nemo GRABO 2 Batteries & 2 Seals - GRABO Factory Shop","isPartOf":{"@id":"https:\/\/order.grabo.com\/fr\/#website"},"primaryImageOfPage":{"@id":"https:\/\/order.grabo.com\/fr\/product\/nemo-grabo-2-batteries-2-seals\/#primaryimage"},"image":{"@id":"https:\/\/order.grabo.com\/fr\/product\/nemo-grabo-2-batteries-2-seals\/#primaryimage"},"thumbnailUrl":"https:\/\/order.grabo.com\/wp-content\/uploads\/2022\/12\/NemoGrabo_Old_2batteries_USA.png","datePublished":"2022-12-15T19:54:02+00:00","dateModified":"2025-12-05T21:45:22+00:00","description":"Le kit d'outils GRABO ultime. Comprend deux batteries et deux joints en mousse.","breadcrumb":{"@id":"https:\/\/order.grabo.com\/fr\/product\/nemo-grabo-2-batteries-2-seals\/#breadcrumb"},"inLanguage":"fr-FR","potentialAction":[{"@type":"ReadAction","target":["https:\/\/order.grabo.com\/fr\/product\/nemo-grabo-2-batteries-2-seals\/"]}]},{"@type":"ImageObject","inLanguage":"fr-FR","@id":"https:\/\/order.grabo.com\/fr\/product\/nemo-grabo-2-batteries-2-seals\/#primaryimage","url":"https:\/\/order.grabo.com\/wp-content\/uploads\/2022\/12\/NemoGrabo_Old_2batteries_USA.png","contentUrl":"https:\/\/order.grabo.com\/wp-content\/uploads\/2022\/12\/NemoGrabo_Old_2batteries_USA.png","width":1500,"height":1500},{"@type":"BreadcrumbList","@id":"https:\/\/order.grabo.com\/fr\/product\/nemo-grabo-2-batteries-2-seals\/#breadcrumb","itemListElement":[{"@type":"ListItem","position":1,"name":"Home","item":"https:\/\/order.grabo.com\/fr\/"},{"@type":"ListItem","position":2,"name":"GRABO Factory Shop","item":"https:\/\/order.grabo.com\/"},{"@type":"ListItem","position":3,"name":"Nemo GRABO 2 Batteries &#038; 2 Seals"}]},{"@type":"WebSite","@id":"https:\/\/order.grabo.com\/fr\/#website","url":"https:\/\/order.grabo.com\/fr\/","name":"GRABO Factory Shop","description":"GRABO Factory Shop","publisher":{"@id":"https:\/\/order.grabo.com\/fr\/#organization"},"potentialAction":[{"@type":"SearchAction","target":{"@type":"EntryPoint","urlTemplate":"https:\/\/order.grabo.com\/fr\/?s={search_term_string}"},"query-input":{"@type":"PropertyValueSpecification","valueRequired":true,"valueName":"search_term_string"}}],"inLanguage":"fr-FR"},{"@type":"Organization","@id":"https:\/\/order.grabo.com\/fr\/#organization","name":"GRABO","url":"https:\/\/order.grabo.com\/fr\/","logo":{"@type":"ImageObject","inLanguage":"fr-FR","@id":"https:\/\/order.grabo.com\/fr\/#\/schema\/logo\/image\/","url":"https:\/\/order.grabo.com\/wp-content\/uploads\/2020\/12\/GRABO-Pro-1.jpeg","contentUrl":"https:\/\/order.grabo.com\/wp-content\/uploads\/2020\/12\/GRABO-Pro-1.jpeg","width":1712,"height":1712,"caption":"GRABO"},"image":{"@id":"https:\/\/order.grabo.com\/fr\/#\/schema\/logo\/image\/"},"sameAs":["https:\/\/www.facebook.com\/GRABO.tools","https:\/\/x.com\/grabotools","https:\/\/www.instagram.com\/grabo.tools\/?hl=en"]}]}},"_links":{"self":[{"href":"https:\/\/order.grabo.com\/fr\/wp-json\/wp\/v2\/product\/7832","targetHints":{"allow":["GET"]}}],"collection":[{"href":"https:\/\/order.grabo.com\/fr\/wp-json\/wp\/v2\/product"}],"about":[{"href":"https:\/\/order.grabo.com\/fr\/wp-json\/wp\/v2\/types\/product"}],"replies":[{"embeddable":true,"href":"https:\/\/order.grabo.com\/fr\/wp-json\/wp\/v2\/comments?post=7832"}],"wp:featuredmedia":[{"embeddable":true,"href":"https:\/\/order.grabo.com\/fr\/wp-json\/wp\/v2\/media\/21121"}],"wp:attachment":[{"href":"https:\/\/order.grabo.com\/fr\/wp-json\/wp\/v2\/media?parent=7832"}],"wp:term":[{"taxonomy":"product_brand","embeddable":true,"href":"https:\/\/order.grabo.com\/fr\/wp-json\/wp\/v2\/product_brand?post=7832"},{"taxonomy":"product_cat","embeddable":true,"href":"https:\/\/order.grabo.com\/fr\/wp-json\/wp\/v2\/product_cat?post=7832"},{"taxonomy":"product_tag","embeddable":true,"href":"https:\/\/order.grabo.com\/fr\/wp-json\/wp\/v2\/product_tag?post=7832"}],"curies":[{"name":"wp","href":"https:\/\/api.w.org\/{rel}","templated":true}]}}