{"id":7830,"date":"2023-02-16T02:35:48","date_gmt":"2023-02-16T02:35:48","guid":{"rendered":"https:\/\/factory.grabo.com\/product\/ottovac-eu\/"},"modified":"2025-12-05T21:45:01","modified_gmt":"2025-12-05T21:45:01","slug":"ottovac-eu","status":"publish","type":"product","link":"https:\/\/order.grabo.com\/fr\/product\/ottovac-eu\/","title":{"rendered":"OTTOVAC"},"content":{"rendered":"<p>OTTOVAC est un appareil de levage \u00e0 vide \u00e9lectrique portable con\u00e7u pour soulever et d\u00e9placer du verre et tout autre mat\u00e9riau ayant une surface lisse, plane et non poreuse. L'OTTOVAC fonctionne avec 4 piles AA et est \u00e9quip\u00e9 d'un capteur de pression int\u00e9gr\u00e9 avec une fonction de d\u00e9marrage\/arr\u00eat automatique. Lorsque le vide dans la base de la ventouse atteint -55 kPa, la pompe s'arr\u00eate automatiquement apr\u00e8s un d\u00e9lai de trois secondes. Lorsque le niveau de vide tombe en dessous de -55 kPa, la pompe red\u00e9marre automatiquement, atteignant la pression requise pendant le fonctionnement.<\/p>\n","protected":false},"excerpt":{"rendered":"<p>OTTOVAC est un dispositif de levage \u00e0 vide \u00e9lectrique portable destin\u00e9 \u00e0 soulever et d\u00e9placer du verre et tout autre mat\u00e9riau ayant une surface lisse, plane et non poreuse.<\/p>\n<ul>\n<li aria-level=\"1\">Enti\u00e8rement \u00e9lectrique, fonctionne avec 4 piles AA ; pas de pompage manuel n\u00e9cessaire<\/li>\n<li aria-level=\"1\">Fiabilit\u00e9 et s\u00e9curit\u00e9 : capteur de pression int\u00e9gr\u00e9 avec fonction de d\u00e9marrage\/arr\u00eat automatique<\/li>\n<li aria-level=\"1\">Capacit\u00e9 de levage maximale de 200 kg (440 lb)<\/li>\n<li aria-level=\"1\">Fonctionne sur des surfaces textur\u00e9es<\/li>\n<li aria-level=\"1\">T\u00e9moin lumineux LED rouge\/vert pour l'\u00e9tat de la batterie<\/li>\n<li aria-level=\"1\">Fiabilit\u00e9 : n'ayez plus jamais de probl\u00e8mes avec les ventouses manuelles qui perdent de la pression et de l'adh\u00e9rence \u00e0 votre mat\u00e9riau. OTTOVAC \u00e9limine les conjectures.<\/li>\n<\/ul>\n<p>https:\/\/youtu.be\/HEv4KsRn_EU<\/p>\n","protected":false},"featured_media":9507,"comment_status":"open","ping_status":"closed","template":"","meta":{"_acf_changed":false},"product_brand":[],"product_cat":[155],"product_tag":[],"class_list":{"0":"post-7830","1":"product","2":"type-product","3":"status-publish","4":"has-post-thumbnail","6":"product_cat-tools-fr","8":"first","9":"instock","10":"taxable","11":"shipping-taxable","12":"purchasable","13":"product-type-simple"},"acf":[],"yoast_head":"<!-- This site is optimized with the Yoast SEO plugin v27.2 - https:\/\/yoast.com\/product\/yoast-seo-wordpress\/ -->\n<title>OTTOVAC - GRABO Factory Shop<\/title>\n<meta name=\"description\" content=\"OTTOVAC est un dispositif de levage \u00e0 vide \u00e9lectrique portable con\u00e7u pour soulever et d\u00e9placer du verre et tout autre mat\u00e9riau ayant une surface lisse, plane et non poreuse. L&#039;OTTOVAC fonctionne avec 4 piles AA et est \u00e9quip\u00e9 d&#039;un capteur de pression int\u00e9gr\u00e9 avec une fonction de d\u00e9marrage\/arr\u00eat automatique. Lorsque le vide dans la base de la ventouse atteint -55 kPa, la pompe s&#039;arr\u00eate automatiquement apr\u00e8s un d\u00e9lai de trois secondes. Lorsque le niveau de vide tombe en dessous de -55 kPa, la pompe red\u00e9marre automatiquement, atteignant la pression requise pendant le fonctionnement.\" \/>\n<meta name=\"robots\" content=\"index, follow, max-snippet:-1, max-image-preview:large, max-video-preview:-1\" \/>\n<link rel=\"canonical\" href=\"https:\/\/order.grabo.com\/fr\/product\/ottovac-eu\/\" \/>\n<meta property=\"og:locale\" content=\"fr_FR\" \/>\n<meta property=\"og:type\" content=\"article\" \/>\n<meta property=\"og:title\" content=\"OTTOVAC - GRABO Factory Shop\" \/>\n<meta property=\"og:description\" content=\"OTTOVAC est un dispositif de levage \u00e0 vide \u00e9lectrique portable con\u00e7u pour soulever et d\u00e9placer du verre et tout autre mat\u00e9riau ayant une surface lisse, plane et non poreuse. L&#039;OTTOVAC fonctionne avec 4 piles AA et est \u00e9quip\u00e9 d&#039;un capteur de pression int\u00e9gr\u00e9 avec une fonction de d\u00e9marrage\/arr\u00eat automatique. Lorsque le vide dans la base de la ventouse atteint -55 kPa, la pompe s&#039;arr\u00eate automatiquement apr\u00e8s un d\u00e9lai de trois secondes. Lorsque le niveau de vide tombe en dessous de -55 kPa, la pompe red\u00e9marre automatiquement, atteignant la pression requise pendant le fonctionnement.\" \/>\n<meta property=\"og:url\" content=\"https:\/\/order.grabo.com\/fr\/product\/ottovac-eu\/\" \/>\n<meta property=\"og:site_name\" content=\"GRABO Factory Shop\" \/>\n<meta property=\"article:publisher\" content=\"https:\/\/www.facebook.com\/GRABO.tools\" \/>\n<meta property=\"article:modified_time\" content=\"2025-12-05T21:45:01+00:00\" \/>\n<meta property=\"og:image\" content=\"https:\/\/order.grabo.com\/wp-content\/uploads\/2023\/02\/Flat-lay-image-3-scaled.jpg\" \/>\n\t<meta property=\"og:image:width\" content=\"2560\" \/>\n\t<meta property=\"og:image:height\" content=\"2558\" \/>\n\t<meta property=\"og:image:type\" content=\"image\/jpeg\" \/>\n<meta name=\"twitter:card\" content=\"summary_large_image\" \/>\n<meta name=\"twitter:site\" content=\"@grabotools\" \/>\n<meta name=\"twitter:label1\" content=\"Dur\u00e9e de lecture estim\u00e9e\" \/>\n\t<meta name=\"twitter:data1\" content=\"1 minute\" \/>\n<script type=\"application\/ld+json\" class=\"yoast-schema-graph\">{\"@context\":\"https:\/\/schema.org\",\"@graph\":[{\"@type\":\"WebPage\",\"@id\":\"https:\/\/order.grabo.com\/fr\/product\/ottovac-eu\/\",\"url\":\"https:\/\/order.grabo.com\/fr\/product\/ottovac-eu\/\",\"name\":\"OTTOVAC - GRABO Factory Shop\",\"isPartOf\":{\"@id\":\"https:\/\/order.grabo.com\/fr\/#website\"},\"primaryImageOfPage\":{\"@id\":\"https:\/\/order.grabo.com\/fr\/product\/ottovac-eu\/#primaryimage\"},\"image\":{\"@id\":\"https:\/\/order.grabo.com\/fr\/product\/ottovac-eu\/#primaryimage\"},\"thumbnailUrl\":\"https:\/\/order.grabo.com\/wp-content\/uploads\/2023\/02\/Flat-lay-image-3-scaled.jpg\",\"datePublished\":\"2023-02-16T02:35:48+00:00\",\"dateModified\":\"2025-12-05T21:45:01+00:00\",\"description\":\"OTTOVAC est un dispositif de levage \u00e0 vide \u00e9lectrique portable con\u00e7u pour soulever et d\u00e9placer du verre et tout autre mat\u00e9riau ayant une surface lisse, plane et non poreuse. L'OTTOVAC fonctionne avec 4 piles AA et est \u00e9quip\u00e9 d'un capteur de pression int\u00e9gr\u00e9 avec une fonction de d\u00e9marrage\/arr\u00eat automatique. Lorsque le vide dans la base de la ventouse atteint -55 kPa, la pompe s'arr\u00eate automatiquement apr\u00e8s un d\u00e9lai de trois secondes. Lorsque le niveau de vide tombe en dessous de -55 kPa, la pompe red\u00e9marre automatiquement, atteignant la pression requise pendant le fonctionnement.\",\"breadcrumb\":{\"@id\":\"https:\/\/order.grabo.com\/fr\/product\/ottovac-eu\/#breadcrumb\"},\"inLanguage\":\"fr-FR\",\"potentialAction\":[{\"@type\":\"ReadAction\",\"target\":[\"https:\/\/order.grabo.com\/fr\/product\/ottovac-eu\/\"]}]},{\"@type\":\"ImageObject\",\"inLanguage\":\"fr-FR\",\"@id\":\"https:\/\/order.grabo.com\/fr\/product\/ottovac-eu\/#primaryimage\",\"url\":\"https:\/\/order.grabo.com\/wp-content\/uploads\/2023\/02\/Flat-lay-image-3-scaled.jpg\",\"contentUrl\":\"https:\/\/order.grabo.com\/wp-content\/uploads\/2023\/02\/Flat-lay-image-3-scaled.jpg\",\"width\":2560,\"height\":2558},{\"@type\":\"BreadcrumbList\",\"@id\":\"https:\/\/order.grabo.com\/fr\/product\/ottovac-eu\/#breadcrumb\",\"itemListElement\":[{\"@type\":\"ListItem\",\"position\":1,\"name\":\"Home\",\"item\":\"https:\/\/order.grabo.com\/fr\/\"},{\"@type\":\"ListItem\",\"position\":2,\"name\":\"GRABO Factory Shop\",\"item\":\"https:\/\/order.grabo.com\/\"},{\"@type\":\"ListItem\",\"position\":3,\"name\":\"OTTOVAC\"}]},{\"@type\":\"WebSite\",\"@id\":\"https:\/\/order.grabo.com\/fr\/#website\",\"url\":\"https:\/\/order.grabo.com\/fr\/\",\"name\":\"GRABO Factory Shop\",\"description\":\"GRABO Factory Shop\",\"publisher\":{\"@id\":\"https:\/\/order.grabo.com\/fr\/#organization\"},\"potentialAction\":[{\"@type\":\"SearchAction\",\"target\":{\"@type\":\"EntryPoint\",\"urlTemplate\":\"https:\/\/order.grabo.com\/fr\/?s={search_term_string}\"},\"query-input\":{\"@type\":\"PropertyValueSpecification\",\"valueRequired\":true,\"valueName\":\"search_term_string\"}}],\"inLanguage\":\"fr-FR\"},{\"@type\":\"Organization\",\"@id\":\"https:\/\/order.grabo.com\/fr\/#organization\",\"name\":\"GRABO\",\"url\":\"https:\/\/order.grabo.com\/fr\/\",\"logo\":{\"@type\":\"ImageObject\",\"inLanguage\":\"fr-FR\",\"@id\":\"https:\/\/order.grabo.com\/fr\/#\/schema\/logo\/image\/\",\"url\":\"https:\/\/order.grabo.com\/wp-content\/uploads\/2020\/12\/GRABO-Pro-1.jpeg\",\"contentUrl\":\"https:\/\/order.grabo.com\/wp-content\/uploads\/2020\/12\/GRABO-Pro-1.jpeg\",\"width\":1712,\"height\":1712,\"caption\":\"GRABO\"},\"image\":{\"@id\":\"https:\/\/order.grabo.com\/fr\/#\/schema\/logo\/image\/\"},\"sameAs\":[\"https:\/\/www.facebook.com\/GRABO.tools\",\"https:\/\/x.com\/grabotools\",\"https:\/\/www.instagram.com\/grabo.tools\/?hl=en\"]}]}<\/script>\n<!-- \/ Yoast SEO plugin. -->","yoast_head_json":{"title":"OTTOVAC - GRABO Factory Shop","description":"OTTOVAC est un dispositif de levage \u00e0 vide \u00e9lectrique portable con\u00e7u pour soulever et d\u00e9placer du verre et tout autre mat\u00e9riau ayant une surface lisse, plane et non poreuse. L'OTTOVAC fonctionne avec 4 piles AA et est \u00e9quip\u00e9 d'un capteur de pression int\u00e9gr\u00e9 avec une fonction de d\u00e9marrage\/arr\u00eat automatique. Lorsque le vide dans la base de la ventouse atteint -55 kPa, la pompe s'arr\u00eate automatiquement apr\u00e8s un d\u00e9lai de trois secondes. Lorsque le niveau de vide tombe en dessous de -55 kPa, la pompe red\u00e9marre automatiquement, atteignant la pression requise pendant le fonctionnement.","robots":{"index":"index","follow":"follow","max-snippet":"max-snippet:-1","max-image-preview":"max-image-preview:large","max-video-preview":"max-video-preview:-1"},"canonical":"https:\/\/order.grabo.com\/fr\/product\/ottovac-eu\/","og_locale":"fr_FR","og_type":"article","og_title":"OTTOVAC - GRABO Factory Shop","og_description":"OTTOVAC est un dispositif de levage \u00e0 vide \u00e9lectrique portable con\u00e7u pour soulever et d\u00e9placer du verre et tout autre mat\u00e9riau ayant une surface lisse, plane et non poreuse. L'OTTOVAC fonctionne avec 4 piles AA et est \u00e9quip\u00e9 d'un capteur de pression int\u00e9gr\u00e9 avec une fonction de d\u00e9marrage\/arr\u00eat automatique. Lorsque le vide dans la base de la ventouse atteint -55 kPa, la pompe s'arr\u00eate automatiquement apr\u00e8s un d\u00e9lai de trois secondes. Lorsque le niveau de vide tombe en dessous de -55 kPa, la pompe red\u00e9marre automatiquement, atteignant la pression requise pendant le fonctionnement.","og_url":"https:\/\/order.grabo.com\/fr\/product\/ottovac-eu\/","og_site_name":"GRABO Factory Shop","article_publisher":"https:\/\/www.facebook.com\/GRABO.tools","article_modified_time":"2025-12-05T21:45:01+00:00","og_image":[{"width":2560,"height":2558,"url":"https:\/\/order.grabo.com\/wp-content\/uploads\/2023\/02\/Flat-lay-image-3-scaled.jpg","type":"image\/jpeg"}],"twitter_card":"summary_large_image","twitter_site":"@grabotools","twitter_misc":{"Dur\u00e9e de lecture estim\u00e9e":"1 minute"},"schema":{"@context":"https:\/\/schema.org","@graph":[{"@type":"WebPage","@id":"https:\/\/order.grabo.com\/fr\/product\/ottovac-eu\/","url":"https:\/\/order.grabo.com\/fr\/product\/ottovac-eu\/","name":"OTTOVAC - GRABO Factory Shop","isPartOf":{"@id":"https:\/\/order.grabo.com\/fr\/#website"},"primaryImageOfPage":{"@id":"https:\/\/order.grabo.com\/fr\/product\/ottovac-eu\/#primaryimage"},"image":{"@id":"https:\/\/order.grabo.com\/fr\/product\/ottovac-eu\/#primaryimage"},"thumbnailUrl":"https:\/\/order.grabo.com\/wp-content\/uploads\/2023\/02\/Flat-lay-image-3-scaled.jpg","datePublished":"2023-02-16T02:35:48+00:00","dateModified":"2025-12-05T21:45:01+00:00","description":"OTTOVAC est un dispositif de levage \u00e0 vide \u00e9lectrique portable con\u00e7u pour soulever et d\u00e9placer du verre et tout autre mat\u00e9riau ayant une surface lisse, plane et non poreuse. L'OTTOVAC fonctionne avec 4 piles AA et est \u00e9quip\u00e9 d'un capteur de pression int\u00e9gr\u00e9 avec une fonction de d\u00e9marrage\/arr\u00eat automatique. Lorsque le vide dans la base de la ventouse atteint -55 kPa, la pompe s'arr\u00eate automatiquement apr\u00e8s un d\u00e9lai de trois secondes. Lorsque le niveau de vide tombe en dessous de -55 kPa, la pompe red\u00e9marre automatiquement, atteignant la pression requise pendant le fonctionnement.","breadcrumb":{"@id":"https:\/\/order.grabo.com\/fr\/product\/ottovac-eu\/#breadcrumb"},"inLanguage":"fr-FR","potentialAction":[{"@type":"ReadAction","target":["https:\/\/order.grabo.com\/fr\/product\/ottovac-eu\/"]}]},{"@type":"ImageObject","inLanguage":"fr-FR","@id":"https:\/\/order.grabo.com\/fr\/product\/ottovac-eu\/#primaryimage","url":"https:\/\/order.grabo.com\/wp-content\/uploads\/2023\/02\/Flat-lay-image-3-scaled.jpg","contentUrl":"https:\/\/order.grabo.com\/wp-content\/uploads\/2023\/02\/Flat-lay-image-3-scaled.jpg","width":2560,"height":2558},{"@type":"BreadcrumbList","@id":"https:\/\/order.grabo.com\/fr\/product\/ottovac-eu\/#breadcrumb","itemListElement":[{"@type":"ListItem","position":1,"name":"Home","item":"https:\/\/order.grabo.com\/fr\/"},{"@type":"ListItem","position":2,"name":"GRABO Factory Shop","item":"https:\/\/order.grabo.com\/"},{"@type":"ListItem","position":3,"name":"OTTOVAC"}]},{"@type":"WebSite","@id":"https:\/\/order.grabo.com\/fr\/#website","url":"https:\/\/order.grabo.com\/fr\/","name":"GRABO Factory Shop","description":"GRABO Factory Shop","publisher":{"@id":"https:\/\/order.grabo.com\/fr\/#organization"},"potentialAction":[{"@type":"SearchAction","target":{"@type":"EntryPoint","urlTemplate":"https:\/\/order.grabo.com\/fr\/?s={search_term_string}"},"query-input":{"@type":"PropertyValueSpecification","valueRequired":true,"valueName":"search_term_string"}}],"inLanguage":"fr-FR"},{"@type":"Organization","@id":"https:\/\/order.grabo.com\/fr\/#organization","name":"GRABO","url":"https:\/\/order.grabo.com\/fr\/","logo":{"@type":"ImageObject","inLanguage":"fr-FR","@id":"https:\/\/order.grabo.com\/fr\/#\/schema\/logo\/image\/","url":"https:\/\/order.grabo.com\/wp-content\/uploads\/2020\/12\/GRABO-Pro-1.jpeg","contentUrl":"https:\/\/order.grabo.com\/wp-content\/uploads\/2020\/12\/GRABO-Pro-1.jpeg","width":1712,"height":1712,"caption":"GRABO"},"image":{"@id":"https:\/\/order.grabo.com\/fr\/#\/schema\/logo\/image\/"},"sameAs":["https:\/\/www.facebook.com\/GRABO.tools","https:\/\/x.com\/grabotools","https:\/\/www.instagram.com\/grabo.tools\/?hl=en"]}]}},"_links":{"self":[{"href":"https:\/\/order.grabo.com\/fr\/wp-json\/wp\/v2\/product\/7830","targetHints":{"allow":["GET"]}}],"collection":[{"href":"https:\/\/order.grabo.com\/fr\/wp-json\/wp\/v2\/product"}],"about":[{"href":"https:\/\/order.grabo.com\/fr\/wp-json\/wp\/v2\/types\/product"}],"replies":[{"embeddable":true,"href":"https:\/\/order.grabo.com\/fr\/wp-json\/wp\/v2\/comments?post=7830"}],"wp:featuredmedia":[{"embeddable":true,"href":"https:\/\/order.grabo.com\/fr\/wp-json\/wp\/v2\/media\/9507"}],"wp:attachment":[{"href":"https:\/\/order.grabo.com\/fr\/wp-json\/wp\/v2\/media?parent=7830"}],"wp:term":[{"taxonomy":"product_brand","embeddable":true,"href":"https:\/\/order.grabo.com\/fr\/wp-json\/wp\/v2\/product_brand?post=7830"},{"taxonomy":"product_cat","embeddable":true,"href":"https:\/\/order.grabo.com\/fr\/wp-json\/wp\/v2\/product_cat?post=7830"},{"taxonomy":"product_tag","embeddable":true,"href":"https:\/\/order.grabo.com\/fr\/wp-json\/wp\/v2\/product_tag?post=7830"}],"curies":[{"name":"wp","href":"https:\/\/api.w.org\/{rel}","templated":true}]}}