{"id":7829,"date":"2023-02-16T02:39:43","date_gmt":"2023-02-16T02:39:43","guid":{"rendered":"https:\/\/factory.grabo.com\/product\/grabo-pro-4-pack-2023-version-eu\/"},"modified":"2025-12-05T21:44:54","modified_gmt":"2025-12-05T21:44:54","slug":"grabo-pro-4-pack-2023-version-eu","status":"publish","type":"product","link":"https:\/\/order.grabo.com\/fr\/product\/grabo-pro-4-pack-2023-version-eu\/","title":{"rendered":"GRABO Pro (lot de 4)"},"content":{"rendered":"<p>Pack en gros de GRABO Pro (4 outils)<\/p>\n<p>L'outil GRABO Pro est \u00e9quip\u00e9 d'un affichage num\u00e9rique intelligent de pression, situ\u00e9 de mani\u00e8re pratique sur la poign\u00e9e, qui affiche \u00e0 la fois la pression (PSI, bar) et le poids (kg, lb). GRABO Pro est \u00e9quip\u00e9 d'un capteur de pression int\u00e9gr\u00e9 qui allume et \u00e9teint automatiquement la pompe \u00e0 vide pour maintenir la capacit\u00e9 de levage souhait\u00e9e constante. La pompe \u00e0 vide de GRABO Pro d\u00e9place 20 litres d'air par minute, offrant une capacit\u00e9 de levage \u00e9norme et capable de soulever presque toutes les surfaces pesant jusqu'\u00e0 375 livres (170 kg). Le joint en mousse de caoutchouc brevet\u00e9 qui accompagne l'outil GRABO Pro est r\u00e9sistant \u00e0 l'usure, mais facile \u00e0 remplacer s'il est endommag\u00e9. Une fois que l'outil est activ\u00e9, le joint est cr\u00e9\u00e9 en quelques secondes et se fixe fermement \u00e0 presque toutes les surfaces, y compris les surfaces irr\u00e9guli\u00e8res et l\u00e9g\u00e8rement poreuses. GRABO Pro est \u00e9quip\u00e9 de quatre anneaux de levage en acier situ\u00e9s des deux c\u00f4t\u00e9s de la poign\u00e9e de l'outil. Cela permet \u00e0 l'outil d'\u00eatre utilis\u00e9 avec des sangles de levage et des accessoires de fixation suppl\u00e9mentaires.<\/p>\n<p>GRABO Pro est livr\u00e9 avec une garantie d'usine compl\u00e8te de 12 mois qui peut \u00eatre prolong\u00e9e \u00e0 18 mois en enregistrant votre produit sur notre site web. Avec un support technique professionnel bas\u00e9 aux \u00c9tats-Unis, si vous rencontrez des probl\u00e8mes, n'h\u00e9sitez pas \u00e0 nous en informer. Nous sommes l\u00e0 pour vous aider \u00e0 travailler !<\/p>\n","protected":false},"excerpt":{"rendered":"<p>Chaque kit GRABO PRO comprend :<\/p>\n<ul>\n<li>Le l\u00e8ve-plaque \u00e9lectrique portable GRABO Pro avec jauge de pression num\u00e9rique<\/li>\n<li>Des capteurs de pression automatiques qui allument et \u00e9teignent la pompe pour garantir un vide constant<\/li>\n<li>Capacit\u00e9 de pompage : 20 litres par minute pour une capacit\u00e9 de levage \u00e9norme<\/li>\n<li>Une batterie et un chargeur de batterie avec adaptateurs internationaux<\/li>\n<li>Le joint en mousse de caoutchouc pr\u00e9install\u00e9 sur l'outil<\/li>\n<li>Un sac de transport en nylon r\u00e9sistant<\/li>\n<li>Des filtres de rechange<\/li>\n<li>Un manuel en anglais avec une bo\u00eete d'affichage color\u00e9e<\/li>\n<\/ul>\n","protected":false},"featured_media":6760,"comment_status":"open","ping_status":"closed","template":"","meta":{"_acf_changed":false},"product_brand":[],"product_cat":[155],"product_tag":[],"class_list":{"0":"post-7829","1":"product","2":"type-product","3":"status-publish","4":"has-post-thumbnail","6":"product_cat-tools-fr","8":"first","9":"instock","10":"taxable","11":"shipping-taxable","12":"purchasable","13":"product-type-simple"},"acf":[],"yoast_head":"<!-- This site is optimized with the Yoast SEO plugin v27.2 - https:\/\/yoast.com\/product\/yoast-seo-wordpress\/ -->\n<title>GRABO Pro (lot de 4) - GRABO Factory Shop<\/title>\n<meta name=\"description\" content=\"Pack de quatre outils GRABO PRO ! Nous avons remarqu\u00e9 que la plupart des utilisateurs aiment en avoir deux, et que leurs employ\u00e9s en ont deux \u00e9galement ! Voici un pack de 4 outils pour vous faciliter la t\u00e2che !\" \/>\n<meta name=\"robots\" content=\"index, follow, max-snippet:-1, max-image-preview:large, max-video-preview:-1\" \/>\n<link rel=\"canonical\" href=\"https:\/\/order.grabo.com\/fr\/product\/grabo-pro-4-pack-2023-version-eu\/\" \/>\n<meta property=\"og:locale\" content=\"fr_FR\" \/>\n<meta property=\"og:type\" content=\"article\" \/>\n<meta property=\"og:title\" content=\"GRABO Pro (lot de 4) - GRABO Factory Shop\" \/>\n<meta property=\"og:description\" content=\"Pack de quatre outils GRABO PRO ! Nous avons remarqu\u00e9 que la plupart des utilisateurs aiment en avoir deux, et que leurs employ\u00e9s en ont deux \u00e9galement ! Voici un pack de 4 outils pour vous faciliter la t\u00e2che !\" \/>\n<meta property=\"og:url\" content=\"https:\/\/order.grabo.com\/fr\/product\/grabo-pro-4-pack-2023-version-eu\/\" \/>\n<meta property=\"og:site_name\" content=\"GRABO Factory Shop\" \/>\n<meta property=\"article:publisher\" content=\"https:\/\/www.facebook.com\/GRABO.tools\" \/>\n<meta property=\"article:modified_time\" content=\"2025-12-05T21:44:54+00:00\" \/>\n<meta property=\"og:image\" content=\"https:\/\/order.grabo.com\/wp-content\/uploads\/2022\/04\/Four-Pack-Pro-1024x1024.png\" \/>\n\t<meta property=\"og:image:width\" content=\"1024\" \/>\n\t<meta property=\"og:image:height\" content=\"1024\" \/>\n\t<meta property=\"og:image:type\" content=\"image\/png\" \/>\n<meta name=\"twitter:card\" content=\"summary_large_image\" \/>\n<meta name=\"twitter:site\" content=\"@grabotools\" \/>\n<meta name=\"twitter:label1\" content=\"Dur\u00e9e de lecture estim\u00e9e\" \/>\n\t<meta name=\"twitter:data1\" content=\"2 minutes\" \/>\n<script type=\"application\/ld+json\" class=\"yoast-schema-graph\">{\"@context\":\"https:\/\/schema.org\",\"@graph\":[{\"@type\":\"WebPage\",\"@id\":\"https:\/\/order.grabo.com\/fr\/product\/grabo-pro-4-pack-2023-version-eu\/\",\"url\":\"https:\/\/order.grabo.com\/fr\/product\/grabo-pro-4-pack-2023-version-eu\/\",\"name\":\"GRABO Pro (lot de 4) - GRABO Factory Shop\",\"isPartOf\":{\"@id\":\"https:\/\/order.grabo.com\/fr\/#website\"},\"primaryImageOfPage\":{\"@id\":\"https:\/\/order.grabo.com\/fr\/product\/grabo-pro-4-pack-2023-version-eu\/#primaryimage\"},\"image\":{\"@id\":\"https:\/\/order.grabo.com\/fr\/product\/grabo-pro-4-pack-2023-version-eu\/#primaryimage\"},\"thumbnailUrl\":\"https:\/\/order.grabo.com\/wp-content\/uploads\/2022\/04\/Four-Pack-Pro.png\",\"datePublished\":\"2023-02-16T02:39:43+00:00\",\"dateModified\":\"2025-12-05T21:44:54+00:00\",\"description\":\"Pack de quatre outils GRABO PRO ! Nous avons remarqu\u00e9 que la plupart des utilisateurs aiment en avoir deux, et que leurs employ\u00e9s en ont deux \u00e9galement ! Voici un pack de 4 outils pour vous faciliter la t\u00e2che !\",\"breadcrumb\":{\"@id\":\"https:\/\/order.grabo.com\/fr\/product\/grabo-pro-4-pack-2023-version-eu\/#breadcrumb\"},\"inLanguage\":\"fr-FR\",\"potentialAction\":[{\"@type\":\"ReadAction\",\"target\":[\"https:\/\/order.grabo.com\/fr\/product\/grabo-pro-4-pack-2023-version-eu\/\"]}]},{\"@type\":\"ImageObject\",\"inLanguage\":\"fr-FR\",\"@id\":\"https:\/\/order.grabo.com\/fr\/product\/grabo-pro-4-pack-2023-version-eu\/#primaryimage\",\"url\":\"https:\/\/order.grabo.com\/wp-content\/uploads\/2022\/04\/Four-Pack-Pro.png\",\"contentUrl\":\"https:\/\/order.grabo.com\/wp-content\/uploads\/2022\/04\/Four-Pack-Pro.png\",\"width\":1500,\"height\":1500},{\"@type\":\"BreadcrumbList\",\"@id\":\"https:\/\/order.grabo.com\/fr\/product\/grabo-pro-4-pack-2023-version-eu\/#breadcrumb\",\"itemListElement\":[{\"@type\":\"ListItem\",\"position\":1,\"name\":\"Home\",\"item\":\"https:\/\/order.grabo.com\/fr\/\"},{\"@type\":\"ListItem\",\"position\":2,\"name\":\"GRABO Factory Shop\",\"item\":\"https:\/\/order.grabo.com\/\"},{\"@type\":\"ListItem\",\"position\":3,\"name\":\"GRABO Pro (lot de 4)\"}]},{\"@type\":\"WebSite\",\"@id\":\"https:\/\/order.grabo.com\/fr\/#website\",\"url\":\"https:\/\/order.grabo.com\/fr\/\",\"name\":\"GRABO Factory Shop\",\"description\":\"GRABO Factory Shop\",\"publisher\":{\"@id\":\"https:\/\/order.grabo.com\/fr\/#organization\"},\"potentialAction\":[{\"@type\":\"SearchAction\",\"target\":{\"@type\":\"EntryPoint\",\"urlTemplate\":\"https:\/\/order.grabo.com\/fr\/?s={search_term_string}\"},\"query-input\":{\"@type\":\"PropertyValueSpecification\",\"valueRequired\":true,\"valueName\":\"search_term_string\"}}],\"inLanguage\":\"fr-FR\"},{\"@type\":\"Organization\",\"@id\":\"https:\/\/order.grabo.com\/fr\/#organization\",\"name\":\"GRABO\",\"url\":\"https:\/\/order.grabo.com\/fr\/\",\"logo\":{\"@type\":\"ImageObject\",\"inLanguage\":\"fr-FR\",\"@id\":\"https:\/\/order.grabo.com\/fr\/#\/schema\/logo\/image\/\",\"url\":\"https:\/\/order.grabo.com\/wp-content\/uploads\/2020\/12\/GRABO-Pro-1.jpeg\",\"contentUrl\":\"https:\/\/order.grabo.com\/wp-content\/uploads\/2020\/12\/GRABO-Pro-1.jpeg\",\"width\":1712,\"height\":1712,\"caption\":\"GRABO\"},\"image\":{\"@id\":\"https:\/\/order.grabo.com\/fr\/#\/schema\/logo\/image\/\"},\"sameAs\":[\"https:\/\/www.facebook.com\/GRABO.tools\",\"https:\/\/x.com\/grabotools\",\"https:\/\/www.instagram.com\/grabo.tools\/?hl=en\"]}]}<\/script>\n<!-- \/ Yoast SEO plugin. -->","yoast_head_json":{"title":"GRABO Pro (lot de 4) - GRABO Factory Shop","description":"Pack de quatre outils GRABO PRO ! Nous avons remarqu\u00e9 que la plupart des utilisateurs aiment en avoir deux, et que leurs employ\u00e9s en ont deux \u00e9galement ! Voici un pack de 4 outils pour vous faciliter la t\u00e2che !","robots":{"index":"index","follow":"follow","max-snippet":"max-snippet:-1","max-image-preview":"max-image-preview:large","max-video-preview":"max-video-preview:-1"},"canonical":"https:\/\/order.grabo.com\/fr\/product\/grabo-pro-4-pack-2023-version-eu\/","og_locale":"fr_FR","og_type":"article","og_title":"GRABO Pro (lot de 4) - GRABO Factory Shop","og_description":"Pack de quatre outils GRABO PRO ! Nous avons remarqu\u00e9 que la plupart des utilisateurs aiment en avoir deux, et que leurs employ\u00e9s en ont deux \u00e9galement ! Voici un pack de 4 outils pour vous faciliter la t\u00e2che !","og_url":"https:\/\/order.grabo.com\/fr\/product\/grabo-pro-4-pack-2023-version-eu\/","og_site_name":"GRABO Factory Shop","article_publisher":"https:\/\/www.facebook.com\/GRABO.tools","article_modified_time":"2025-12-05T21:44:54+00:00","og_image":[{"width":1024,"height":1024,"url":"https:\/\/order.grabo.com\/wp-content\/uploads\/2022\/04\/Four-Pack-Pro-1024x1024.png","type":"image\/png"}],"twitter_card":"summary_large_image","twitter_site":"@grabotools","twitter_misc":{"Dur\u00e9e de lecture estim\u00e9e":"2 minutes"},"schema":{"@context":"https:\/\/schema.org","@graph":[{"@type":"WebPage","@id":"https:\/\/order.grabo.com\/fr\/product\/grabo-pro-4-pack-2023-version-eu\/","url":"https:\/\/order.grabo.com\/fr\/product\/grabo-pro-4-pack-2023-version-eu\/","name":"GRABO Pro (lot de 4) - GRABO Factory Shop","isPartOf":{"@id":"https:\/\/order.grabo.com\/fr\/#website"},"primaryImageOfPage":{"@id":"https:\/\/order.grabo.com\/fr\/product\/grabo-pro-4-pack-2023-version-eu\/#primaryimage"},"image":{"@id":"https:\/\/order.grabo.com\/fr\/product\/grabo-pro-4-pack-2023-version-eu\/#primaryimage"},"thumbnailUrl":"https:\/\/order.grabo.com\/wp-content\/uploads\/2022\/04\/Four-Pack-Pro.png","datePublished":"2023-02-16T02:39:43+00:00","dateModified":"2025-12-05T21:44:54+00:00","description":"Pack de quatre outils GRABO PRO ! Nous avons remarqu\u00e9 que la plupart des utilisateurs aiment en avoir deux, et que leurs employ\u00e9s en ont deux \u00e9galement ! Voici un pack de 4 outils pour vous faciliter la t\u00e2che !","breadcrumb":{"@id":"https:\/\/order.grabo.com\/fr\/product\/grabo-pro-4-pack-2023-version-eu\/#breadcrumb"},"inLanguage":"fr-FR","potentialAction":[{"@type":"ReadAction","target":["https:\/\/order.grabo.com\/fr\/product\/grabo-pro-4-pack-2023-version-eu\/"]}]},{"@type":"ImageObject","inLanguage":"fr-FR","@id":"https:\/\/order.grabo.com\/fr\/product\/grabo-pro-4-pack-2023-version-eu\/#primaryimage","url":"https:\/\/order.grabo.com\/wp-content\/uploads\/2022\/04\/Four-Pack-Pro.png","contentUrl":"https:\/\/order.grabo.com\/wp-content\/uploads\/2022\/04\/Four-Pack-Pro.png","width":1500,"height":1500},{"@type":"BreadcrumbList","@id":"https:\/\/order.grabo.com\/fr\/product\/grabo-pro-4-pack-2023-version-eu\/#breadcrumb","itemListElement":[{"@type":"ListItem","position":1,"name":"Home","item":"https:\/\/order.grabo.com\/fr\/"},{"@type":"ListItem","position":2,"name":"GRABO Factory Shop","item":"https:\/\/order.grabo.com\/"},{"@type":"ListItem","position":3,"name":"GRABO Pro (lot de 4)"}]},{"@type":"WebSite","@id":"https:\/\/order.grabo.com\/fr\/#website","url":"https:\/\/order.grabo.com\/fr\/","name":"GRABO Factory Shop","description":"GRABO Factory Shop","publisher":{"@id":"https:\/\/order.grabo.com\/fr\/#organization"},"potentialAction":[{"@type":"SearchAction","target":{"@type":"EntryPoint","urlTemplate":"https:\/\/order.grabo.com\/fr\/?s={search_term_string}"},"query-input":{"@type":"PropertyValueSpecification","valueRequired":true,"valueName":"search_term_string"}}],"inLanguage":"fr-FR"},{"@type":"Organization","@id":"https:\/\/order.grabo.com\/fr\/#organization","name":"GRABO","url":"https:\/\/order.grabo.com\/fr\/","logo":{"@type":"ImageObject","inLanguage":"fr-FR","@id":"https:\/\/order.grabo.com\/fr\/#\/schema\/logo\/image\/","url":"https:\/\/order.grabo.com\/wp-content\/uploads\/2020\/12\/GRABO-Pro-1.jpeg","contentUrl":"https:\/\/order.grabo.com\/wp-content\/uploads\/2020\/12\/GRABO-Pro-1.jpeg","width":1712,"height":1712,"caption":"GRABO"},"image":{"@id":"https:\/\/order.grabo.com\/fr\/#\/schema\/logo\/image\/"},"sameAs":["https:\/\/www.facebook.com\/GRABO.tools","https:\/\/x.com\/grabotools","https:\/\/www.instagram.com\/grabo.tools\/?hl=en"]}]}},"_links":{"self":[{"href":"https:\/\/order.grabo.com\/fr\/wp-json\/wp\/v2\/product\/7829","targetHints":{"allow":["GET"]}}],"collection":[{"href":"https:\/\/order.grabo.com\/fr\/wp-json\/wp\/v2\/product"}],"about":[{"href":"https:\/\/order.grabo.com\/fr\/wp-json\/wp\/v2\/types\/product"}],"replies":[{"embeddable":true,"href":"https:\/\/order.grabo.com\/fr\/wp-json\/wp\/v2\/comments?post=7829"}],"wp:featuredmedia":[{"embeddable":true,"href":"https:\/\/order.grabo.com\/fr\/wp-json\/wp\/v2\/media\/6760"}],"wp:attachment":[{"href":"https:\/\/order.grabo.com\/fr\/wp-json\/wp\/v2\/media?parent=7829"}],"wp:term":[{"taxonomy":"product_brand","embeddable":true,"href":"https:\/\/order.grabo.com\/fr\/wp-json\/wp\/v2\/product_brand?post=7829"},{"taxonomy":"product_cat","embeddable":true,"href":"https:\/\/order.grabo.com\/fr\/wp-json\/wp\/v2\/product_cat?post=7829"},{"taxonomy":"product_tag","embeddable":true,"href":"https:\/\/order.grabo.com\/fr\/wp-json\/wp\/v2\/product_tag?post=7829"}],"curies":[{"name":"wp","href":"https:\/\/api.w.org\/{rel}","templated":true}]}}