{"id":7827,"date":"2020-12-16T06:16:51","date_gmt":"2020-12-16T06:16:51","guid":{"rendered":"https:\/\/factory.grabo.com\/product\/grabo-canvas-bag\/"},"modified":"2023-04-17T16:22:40","modified_gmt":"2023-04-17T16:22:40","slug":"grabo-canvas-bag","status":"publish","type":"product","link":"https:\/\/order.grabo.com\/fr\/product\/grabo-canvas-bag\/","title":{"rendered":"Sac en toile GRABO"},"content":{"rendered":"<p>Le sac en toile GRABO est une option de rangement robuste et polyvalente pour vos outils GRABO. Fabriqu\u00e9 en toile robuste, ce sac est con\u00e7u pour r\u00e9sister \u00e0 l'usure d'une utilisation r\u00e9guli\u00e8re. La double fermeture \u00e0 glissi\u00e8re permet d'acc\u00e9der facilement \u00e0 vos outils tout en les prot\u00e9geant. Le sac est con\u00e7u avec de multiples compartiments et poches pour vous aider \u00e0 organiser vos outils et \u00e0 les garder au bon endroit.<\/p>\n<p>Ce sac est parfait pour les professionnels du b\u00e2timent, les bricoleurs et les amateurs. Il est id\u00e9al pour les travaux en d\u00e9placement, car il vous permet d'emporter vos outils partout avec vous. La poign\u00e9e robuste et la bandouli\u00e8re r\u00e9glable du sac le rendent confortable \u00e0 porter, m\u00eame lorsqu'il est enti\u00e8rement charg\u00e9. La taille compacte du sac permet de le ranger facilement dans votre camion, votre camionnette ou votre atelier.<\/p>\n<p>Le sac en toile GRABO n'est pas seulement durable, il est aussi \u00e9l\u00e9gant, avec son design \u00e9pur\u00e9 et moderne. La couleur et le logo du sac lui conf\u00e8rent un aspect professionnel qui ne manquera pas d'impressionner vos coll\u00e8gues et vos clients. Que vous travailliez sur un grand projet de construction ou sur une petite r\u00e9novation, le sac en toile GRABO est la solution de rangement et de transport id\u00e9ale pour vos outils. C'est un excellent investissement pour tous ceux qui accordent de l'importance \u00e0 l'organisation, \u00e0 la protection et \u00e0 la commodit\u00e9 de leurs outils.<\/p>\n<p><img loading=\"lazy\" decoding=\"async\" class=\"alignnone size-medium wp-image-433\" src=\"https:\/\/order.grabo.com\/wp-content\/uploads\/2020\/12\/GRABO-in-BAG-288x300.jpg\" alt=\"\" width=\"288\" height=\"300\" srcset=\"https:\/\/order.grabo.com\/wp-content\/uploads\/2020\/12\/GRABO-in-BAG-288x300.jpg 288w, https:\/\/order.grabo.com\/wp-content\/uploads\/2020\/12\/GRABO-in-BAG-984x1024.jpg 984w, https:\/\/order.grabo.com\/wp-content\/uploads\/2020\/12\/GRABO-in-BAG-768x799.jpg 768w, https:\/\/order.grabo.com\/wp-content\/uploads\/2020\/12\/GRABO-in-BAG-600x624.jpg 600w, https:\/\/order.grabo.com\/wp-content\/uploads\/2020\/12\/GRABO-in-BAG.jpg 1442w\" sizes=\"auto, (max-width: 288px) 100vw, 288px\" \/><\/p>\n<p>SKU: SN23017<\/p>\n","protected":false},"excerpt":{"rendered":"<p>Le sac en toile GRABO est la solution de rangement et de transport id\u00e9ale pour vos outils GRABO. Fabriqu\u00e9 en toile durable, ce sac est dot\u00e9 d'une double fermeture \u00e0 glissi\u00e8re pour garder vos outils en s\u00e9curit\u00e9 et facilement accessibles. La toile robuste est con\u00e7ue pour r\u00e9sister \u00e0 un usage intensif et la double fermeture \u00e0 glissi\u00e8re garantit la protection et l'organisation de vos outils. Que vous soyez un entrepreneur professionnel ou un bricoleur enthousiaste, le sac en toile GRABO est indispensable \u00e0 toute collection d'outils.<\/p>\n","protected":false},"featured_media":18791,"comment_status":"open","ping_status":"closed","template":"","meta":{"_acf_changed":false},"product_brand":[],"product_cat":[157],"product_tag":[],"class_list":{"0":"post-7827","1":"product","2":"type-product","3":"status-publish","4":"has-post-thumbnail","6":"product_cat-accessories-fr","8":"first","9":"instock","10":"taxable","11":"shipping-taxable","12":"purchasable","13":"product-type-simple"},"acf":[],"yoast_head":"<!-- This site is optimized with the Yoast SEO plugin v27.3 - https:\/\/yoast.com\/product\/yoast-seo-wordpress\/ -->\n<title>Sac en toile GRABO - GRABO Factory Shop<\/title>\n<meta name=\"description\" content=\"Le sac en toile GRABO est la solution de rangement et de transport id\u00e9ale pour vos outils GRABO. Fabriqu\u00e9 en toile durable, ce sac est dot\u00e9 d&#039;une double fermeture \u00e0 glissi\u00e8re pour garder vos outils en s\u00e9curit\u00e9 et facilement accessibles.\" \/>\n<meta name=\"robots\" content=\"index, follow, max-snippet:-1, max-image-preview:large, max-video-preview:-1\" \/>\n<link rel=\"canonical\" href=\"https:\/\/order.grabo.com\/fr\/product\/grabo-canvas-bag\/\" \/>\n<meta property=\"og:locale\" content=\"fr_FR\" \/>\n<meta property=\"og:type\" content=\"article\" \/>\n<meta property=\"og:title\" content=\"Sac en toile GRABO - GRABO Factory Shop\" \/>\n<meta property=\"og:description\" content=\"Le sac en toile GRABO est la solution de rangement et de transport id\u00e9ale pour vos outils GRABO. Fabriqu\u00e9 en toile durable, ce sac est dot\u00e9 d&#039;une double fermeture \u00e0 glissi\u00e8re pour garder vos outils en s\u00e9curit\u00e9 et facilement accessibles.\" \/>\n<meta property=\"og:url\" content=\"https:\/\/order.grabo.com\/fr\/product\/grabo-canvas-bag\/\" \/>\n<meta property=\"og:site_name\" content=\"GRABO Factory Shop\" \/>\n<meta property=\"article:publisher\" content=\"https:\/\/www.facebook.com\/GRABO.tools\" \/>\n<meta property=\"article:modified_time\" content=\"2023-04-17T16:22:40+00:00\" \/>\n<meta property=\"og:image\" content=\"https:\/\/order.grabo.com\/wp-content\/uploads\/2020\/12\/Z8A3664-1024x1022.png\" \/>\n\t<meta property=\"og:image:width\" content=\"1024\" \/>\n\t<meta property=\"og:image:height\" content=\"1022\" \/>\n\t<meta property=\"og:image:type\" content=\"image\/png\" \/>\n<meta name=\"twitter:card\" content=\"summary_large_image\" \/>\n<meta name=\"twitter:site\" content=\"@grabotools\" \/>\n<meta name=\"twitter:label1\" content=\"Dur\u00e9e de lecture estim\u00e9e\" \/>\n\t<meta name=\"twitter:data1\" content=\"2 minutes\" \/>\n<script type=\"application\/ld+json\" class=\"yoast-schema-graph\">{\"@context\":\"https:\\\/\\\/schema.org\",\"@graph\":[{\"@type\":\"WebPage\",\"@id\":\"https:\\\/\\\/order.grabo.com\\\/fr\\\/product\\\/grabo-canvas-bag\\\/\",\"url\":\"https:\\\/\\\/order.grabo.com\\\/fr\\\/product\\\/grabo-canvas-bag\\\/\",\"name\":\"Sac en toile GRABO - GRABO Factory Shop\",\"isPartOf\":{\"@id\":\"https:\\\/\\\/order.grabo.com\\\/fr\\\/#website\"},\"primaryImageOfPage\":{\"@id\":\"https:\\\/\\\/order.grabo.com\\\/fr\\\/product\\\/grabo-canvas-bag\\\/#primaryimage\"},\"image\":{\"@id\":\"https:\\\/\\\/order.grabo.com\\\/fr\\\/product\\\/grabo-canvas-bag\\\/#primaryimage\"},\"thumbnailUrl\":\"https:\\\/\\\/order.grabo.com\\\/wp-content\\\/uploads\\\/2020\\\/12\\\/thumbnail.png\",\"datePublished\":\"2020-12-16T06:16:51+00:00\",\"dateModified\":\"2023-04-17T16:22:40+00:00\",\"description\":\"Le sac en toile GRABO est la solution de rangement et de transport id\u00e9ale pour vos outils GRABO. Fabriqu\u00e9 en toile durable, ce sac est dot\u00e9 d'une double fermeture \u00e0 glissi\u00e8re pour garder vos outils en s\u00e9curit\u00e9 et facilement accessibles.\",\"breadcrumb\":{\"@id\":\"https:\\\/\\\/order.grabo.com\\\/fr\\\/product\\\/grabo-canvas-bag\\\/#breadcrumb\"},\"inLanguage\":\"fr-FR\",\"potentialAction\":[{\"@type\":\"ReadAction\",\"target\":[\"https:\\\/\\\/order.grabo.com\\\/fr\\\/product\\\/grabo-canvas-bag\\\/\"]}]},{\"@type\":\"ImageObject\",\"inLanguage\":\"fr-FR\",\"@id\":\"https:\\\/\\\/order.grabo.com\\\/fr\\\/product\\\/grabo-canvas-bag\\\/#primaryimage\",\"url\":\"https:\\\/\\\/order.grabo.com\\\/wp-content\\\/uploads\\\/2020\\\/12\\\/thumbnail.png\",\"contentUrl\":\"https:\\\/\\\/order.grabo.com\\\/wp-content\\\/uploads\\\/2020\\\/12\\\/thumbnail.png\",\"width\":3000,\"height\":3000},{\"@type\":\"BreadcrumbList\",\"@id\":\"https:\\\/\\\/order.grabo.com\\\/fr\\\/product\\\/grabo-canvas-bag\\\/#breadcrumb\",\"itemListElement\":[{\"@type\":\"ListItem\",\"position\":1,\"name\":\"Home\",\"item\":\"https:\\\/\\\/order.grabo.com\\\/fr\\\/\"},{\"@type\":\"ListItem\",\"position\":2,\"name\":\"GRABO Factory Shop\",\"item\":\"https:\\\/\\\/order.grabo.com\\\/\"},{\"@type\":\"ListItem\",\"position\":3,\"name\":\"Sac en toile GRABO\"}]},{\"@type\":\"WebSite\",\"@id\":\"https:\\\/\\\/order.grabo.com\\\/fr\\\/#website\",\"url\":\"https:\\\/\\\/order.grabo.com\\\/fr\\\/\",\"name\":\"GRABO Factory Shop\",\"description\":\"GRABO Factory Shop\",\"publisher\":{\"@id\":\"https:\\\/\\\/order.grabo.com\\\/fr\\\/#organization\"},\"potentialAction\":[{\"@type\":\"SearchAction\",\"target\":{\"@type\":\"EntryPoint\",\"urlTemplate\":\"https:\\\/\\\/order.grabo.com\\\/fr\\\/?s={search_term_string}\"},\"query-input\":{\"@type\":\"PropertyValueSpecification\",\"valueRequired\":true,\"valueName\":\"search_term_string\"}}],\"inLanguage\":\"fr-FR\"},{\"@type\":\"Organization\",\"@id\":\"https:\\\/\\\/order.grabo.com\\\/fr\\\/#organization\",\"name\":\"GRABO\",\"url\":\"https:\\\/\\\/order.grabo.com\\\/fr\\\/\",\"logo\":{\"@type\":\"ImageObject\",\"inLanguage\":\"fr-FR\",\"@id\":\"https:\\\/\\\/order.grabo.com\\\/fr\\\/#\\\/schema\\\/logo\\\/image\\\/\",\"url\":\"https:\\\/\\\/order.grabo.com\\\/wp-content\\\/uploads\\\/2020\\\/12\\\/GRABO-Pro-1.jpeg\",\"contentUrl\":\"https:\\\/\\\/order.grabo.com\\\/wp-content\\\/uploads\\\/2020\\\/12\\\/GRABO-Pro-1.jpeg\",\"width\":1712,\"height\":1712,\"caption\":\"GRABO\"},\"image\":{\"@id\":\"https:\\\/\\\/order.grabo.com\\\/fr\\\/#\\\/schema\\\/logo\\\/image\\\/\"},\"sameAs\":[\"https:\\\/\\\/www.facebook.com\\\/GRABO.tools\",\"https:\\\/\\\/x.com\\\/grabotools\",\"https:\\\/\\\/www.instagram.com\\\/grabo.tools\\\/?hl=en\"]}]}<\/script>\n<!-- \/ Yoast SEO plugin. -->","yoast_head_json":{"title":"Sac en toile GRABO - GRABO Factory Shop","description":"Le sac en toile GRABO est la solution de rangement et de transport id\u00e9ale pour vos outils GRABO. Fabriqu\u00e9 en toile durable, ce sac est dot\u00e9 d'une double fermeture \u00e0 glissi\u00e8re pour garder vos outils en s\u00e9curit\u00e9 et facilement accessibles.","robots":{"index":"index","follow":"follow","max-snippet":"max-snippet:-1","max-image-preview":"max-image-preview:large","max-video-preview":"max-video-preview:-1"},"canonical":"https:\/\/order.grabo.com\/fr\/product\/grabo-canvas-bag\/","og_locale":"fr_FR","og_type":"article","og_title":"Sac en toile GRABO - GRABO Factory Shop","og_description":"Le sac en toile GRABO est la solution de rangement et de transport id\u00e9ale pour vos outils GRABO. Fabriqu\u00e9 en toile durable, ce sac est dot\u00e9 d'une double fermeture \u00e0 glissi\u00e8re pour garder vos outils en s\u00e9curit\u00e9 et facilement accessibles.","og_url":"https:\/\/order.grabo.com\/fr\/product\/grabo-canvas-bag\/","og_site_name":"GRABO Factory Shop","article_publisher":"https:\/\/www.facebook.com\/GRABO.tools","article_modified_time":"2023-04-17T16:22:40+00:00","og_image":[{"width":1024,"height":1022,"url":"https:\/\/order.grabo.com\/wp-content\/uploads\/2020\/12\/Z8A3664-1024x1022.png","type":"image\/png"}],"twitter_card":"summary_large_image","twitter_site":"@grabotools","twitter_misc":{"Dur\u00e9e de lecture estim\u00e9e":"2 minutes"},"schema":{"@context":"https:\/\/schema.org","@graph":[{"@type":"WebPage","@id":"https:\/\/order.grabo.com\/fr\/product\/grabo-canvas-bag\/","url":"https:\/\/order.grabo.com\/fr\/product\/grabo-canvas-bag\/","name":"Sac en toile GRABO - GRABO Factory Shop","isPartOf":{"@id":"https:\/\/order.grabo.com\/fr\/#website"},"primaryImageOfPage":{"@id":"https:\/\/order.grabo.com\/fr\/product\/grabo-canvas-bag\/#primaryimage"},"image":{"@id":"https:\/\/order.grabo.com\/fr\/product\/grabo-canvas-bag\/#primaryimage"},"thumbnailUrl":"https:\/\/order.grabo.com\/wp-content\/uploads\/2020\/12\/thumbnail.png","datePublished":"2020-12-16T06:16:51+00:00","dateModified":"2023-04-17T16:22:40+00:00","description":"Le sac en toile GRABO est la solution de rangement et de transport id\u00e9ale pour vos outils GRABO. Fabriqu\u00e9 en toile durable, ce sac est dot\u00e9 d'une double fermeture \u00e0 glissi\u00e8re pour garder vos outils en s\u00e9curit\u00e9 et facilement accessibles.","breadcrumb":{"@id":"https:\/\/order.grabo.com\/fr\/product\/grabo-canvas-bag\/#breadcrumb"},"inLanguage":"fr-FR","potentialAction":[{"@type":"ReadAction","target":["https:\/\/order.grabo.com\/fr\/product\/grabo-canvas-bag\/"]}]},{"@type":"ImageObject","inLanguage":"fr-FR","@id":"https:\/\/order.grabo.com\/fr\/product\/grabo-canvas-bag\/#primaryimage","url":"https:\/\/order.grabo.com\/wp-content\/uploads\/2020\/12\/thumbnail.png","contentUrl":"https:\/\/order.grabo.com\/wp-content\/uploads\/2020\/12\/thumbnail.png","width":3000,"height":3000},{"@type":"BreadcrumbList","@id":"https:\/\/order.grabo.com\/fr\/product\/grabo-canvas-bag\/#breadcrumb","itemListElement":[{"@type":"ListItem","position":1,"name":"Home","item":"https:\/\/order.grabo.com\/fr\/"},{"@type":"ListItem","position":2,"name":"GRABO Factory Shop","item":"https:\/\/order.grabo.com\/"},{"@type":"ListItem","position":3,"name":"Sac en toile GRABO"}]},{"@type":"WebSite","@id":"https:\/\/order.grabo.com\/fr\/#website","url":"https:\/\/order.grabo.com\/fr\/","name":"GRABO Factory Shop","description":"GRABO Factory Shop","publisher":{"@id":"https:\/\/order.grabo.com\/fr\/#organization"},"potentialAction":[{"@type":"SearchAction","target":{"@type":"EntryPoint","urlTemplate":"https:\/\/order.grabo.com\/fr\/?s={search_term_string}"},"query-input":{"@type":"PropertyValueSpecification","valueRequired":true,"valueName":"search_term_string"}}],"inLanguage":"fr-FR"},{"@type":"Organization","@id":"https:\/\/order.grabo.com\/fr\/#organization","name":"GRABO","url":"https:\/\/order.grabo.com\/fr\/","logo":{"@type":"ImageObject","inLanguage":"fr-FR","@id":"https:\/\/order.grabo.com\/fr\/#\/schema\/logo\/image\/","url":"https:\/\/order.grabo.com\/wp-content\/uploads\/2020\/12\/GRABO-Pro-1.jpeg","contentUrl":"https:\/\/order.grabo.com\/wp-content\/uploads\/2020\/12\/GRABO-Pro-1.jpeg","width":1712,"height":1712,"caption":"GRABO"},"image":{"@id":"https:\/\/order.grabo.com\/fr\/#\/schema\/logo\/image\/"},"sameAs":["https:\/\/www.facebook.com\/GRABO.tools","https:\/\/x.com\/grabotools","https:\/\/www.instagram.com\/grabo.tools\/?hl=en"]}]}},"_links":{"self":[{"href":"https:\/\/order.grabo.com\/fr\/wp-json\/wp\/v2\/product\/7827","targetHints":{"allow":["GET"]}}],"collection":[{"href":"https:\/\/order.grabo.com\/fr\/wp-json\/wp\/v2\/product"}],"about":[{"href":"https:\/\/order.grabo.com\/fr\/wp-json\/wp\/v2\/types\/product"}],"replies":[{"embeddable":true,"href":"https:\/\/order.grabo.com\/fr\/wp-json\/wp\/v2\/comments?post=7827"}],"wp:featuredmedia":[{"embeddable":true,"href":"https:\/\/order.grabo.com\/fr\/wp-json\/wp\/v2\/media\/18791"}],"wp:attachment":[{"href":"https:\/\/order.grabo.com\/fr\/wp-json\/wp\/v2\/media?parent=7827"}],"wp:term":[{"taxonomy":"product_brand","embeddable":true,"href":"https:\/\/order.grabo.com\/fr\/wp-json\/wp\/v2\/product_brand?post=7827"},{"taxonomy":"product_cat","embeddable":true,"href":"https:\/\/order.grabo.com\/fr\/wp-json\/wp\/v2\/product_cat?post=7827"},{"taxonomy":"product_tag","embeddable":true,"href":"https:\/\/order.grabo.com\/fr\/wp-json\/wp\/v2\/product_tag?post=7827"}],"curies":[{"name":"wp","href":"https:\/\/api.w.org\/{rel}","templated":true}]}}