{"id":7826,"date":"2020-12-16T05:42:44","date_gmt":"2020-12-16T05:42:44","guid":{"rendered":"https:\/\/factory.grabo.com\/product\/foam-rubber-seal\/"},"modified":"2024-07-26T04:11:52","modified_gmt":"2024-07-26T04:11:52","slug":"foam-rubber-seal","status":"publish","type":"product","link":"https:\/\/order.grabo.com\/fr\/product\/foam-rubber-seal\/","title":{"rendered":"GRABO Standard Foam Seal"},"content":{"rendered":"<div id=\"new_columns-107-391\" class=\"ct-new-columns\" style=\"text-align: left;\">\n<div id=\"div_block-108-391\" class=\"ct-div-block\">\n<div id=\"text_block-114-391\" class=\"ct-text-block\">En cas d'utilisation continue, les joints s'usent. Lorsque le joint GRABO s'use d\u00e9finitivement, la capacit\u00e9 de levage diminue. Dans ce cas, vous pouvez remplacer le joint us\u00e9 \u00e0 la main en quelques secondes.<br \/>\nVous pouvez utiliser le joint de rechange fourni avec le kit. Vous pouvez \u00e9galement en acheter autant que vous le souhaitez aupr\u00e8s de n'importe quel distributeur ou d\u00e9taillant. Ce joint brevet\u00e9 en caoutchouc-mousse \u00e0 haute friction convient \u00e0 tous les mod\u00e8les GRABO.<\/div>\n<\/div>\n<div id=\"div_block-116-391\" class=\"ct-div-block\">\n<div id=\"slider-117-391\" class=\"ct-slider slider-product ct_unique_slider_5883\">\n<div class=\"unslider\">\n<div class=\"oxygen-unslider-container unslider-horizontal\">\n<div id=\"slide-132-756\" class=\"ct-slide\"><img loading=\"lazy\" decoding=\"async\" class=\"alignnone size-medium wp-image-468\" src=\"https:\/\/order.grabo.com\/wp-content\/uploads\/2020\/12\/Z8A5930-1-scaled-1-300x200.jpg\" alt=\"GRABO replacement seal\" width=\"300\" height=\"200\" srcset=\"https:\/\/order.grabo.com\/wp-content\/uploads\/2020\/12\/Z8A5930-1-scaled-1-300x200.jpg 300w, https:\/\/order.grabo.com\/wp-content\/uploads\/2020\/12\/Z8A5930-1-scaled-1-1024x683.jpg 1024w, https:\/\/order.grabo.com\/wp-content\/uploads\/2020\/12\/Z8A5930-1-scaled-1-768x512.jpg 768w, https:\/\/order.grabo.com\/wp-content\/uploads\/2020\/12\/Z8A5930-1-scaled-1-1536x1024.jpg 1536w, https:\/\/order.grabo.com\/wp-content\/uploads\/2020\/12\/Z8A5930-1-scaled-1-2048x1366.jpg 2048w, https:\/\/order.grabo.com\/wp-content\/uploads\/2020\/12\/Z8A5930-1-scaled-1-600x400.jpg 600w, https:\/\/order.grabo.com\/wp-content\/uploads\/2020\/12\/Z8A5930-1-scaled-1.jpg 2560w\" sizes=\"auto, (max-width: 300px) 100vw, 300px\" \/><\/div>\n<\/div>\n<\/div>\n<\/div>\n<\/div>\n<\/div>\n<div id=\"div_block-134-756\" class=\"ct-div-block\" style=\"text-align: left;\">\n<h3 id=\"headline-135-756\" class=\"ct-headline\">Sp\u00e9cifications:<\/h3>\n<div id=\"_rich_text-136-756\" class=\"oxy-rich-text table-spec\">\n<table class=\"table-spec\">\n<tbody>\n<tr>\n<th colspan=\"2\">Joint en mousse noire<\/th>\n<\/tr>\n<tr>\n<th>Mat\u00e9riau<\/th>\n<td>\u00c9ponge en caoutchouc SBR<\/td>\n<\/tr>\n<tr>\n<th>Couleur<\/th>\n<td>Noir<\/td>\n<\/tr>\n<tr>\n<th>L x W x H<\/th>\n<td>11.5 x 6.9 x 0.7\u201d (293 x 175 x 19 mm)<\/td>\n<\/tr>\n<tr>\n<th>Densit\u00e9<\/th>\n<td>10.6 Lb\/cft (170 kg\/m^3)<\/td>\n<\/tr>\n<tr>\n<th>Duret\u00e9, Shore C<\/th>\n<td>~10 +\/-2<\/td>\n<\/tr>\n<tr>\n<th>Pression d'arrachement<\/th>\n<td>1800 Psi (126 kg\/cm^2)<\/td>\n<\/tr>\n<tr>\n<th>Compression \u00e0 25 % \u00e0<\/th>\n<td>8.5 Psi (6000 kg\/m^2)<\/td>\n<\/tr>\n<tr>\n<th>Absorption de l'eau, %<\/th>\n<td>&lt;=5<\/td>\n<\/tr>\n<tr>\n<th>R\u00e9tr\u00e9cissement \u00e0 160F (70C) pendant 24 heures, en %<\/th>\n<td>&lt;=20<\/td>\n<\/tr>\n<tr>\n<th>Temp\u00e9rature de stockage recommand\u00e9e<\/th>\n<td>Temp\u00e9rature ambiante<\/td>\n<\/tr>\n<tr>\n<th colspan=\"2\">Sceau rouge<\/th>\n<\/tr>\n<tr>\n<th>Mat\u00e9riau<\/th>\n<td>Mousse de silicone<\/td>\n<\/tr>\n<tr>\n<th>Couleur<\/th>\n<td>Rouge<\/td>\n<\/tr>\n<tr>\n<th>Densit\u00e9<\/th>\n<td>40.5 Lb\/cft (650 kg\/m^3)<\/td>\n<\/tr>\n<tr>\n<th>Duret\u00e9, Shore C<\/th>\n<td>55 +\/-5<\/td>\n<\/tr>\n<tr>\n<th>Absorption de l'eau, %<\/th>\n<td>&lt;=4<\/td>\n<\/tr>\n<tr>\n<th>Temp\u00e9rature de stockage recommand\u00e9e<\/th>\n<td>Temp\u00e9rature ambiante<\/td>\n<\/tr>\n<\/tbody>\n<\/table>\n<\/div>\n<\/div>\n","protected":false},"excerpt":{"rendered":"<p>Le joint en mousse et caoutchouc de type A1 est un joint brevet\u00e9 en caoutchouc \u00e0 cellules ferm\u00e9es et \u00e0 haute friction, sp\u00e9cialement con\u00e7u pour s'adapter \u00e0 tous les mod\u00e8les GRABO. Le joint est fabriqu\u00e9 \u00e0 partir de mat\u00e9riaux durables qui assurent un ajustement serr\u00e9 et s\u00fbr, emp\u00eachant la poussi\u00e8re et les d\u00e9bris de p\u00e9n\u00e9trer dans l'outil GRABO. Ce produit est emball\u00e9 dans une bo\u00eete en couleur, ce qui permet de l'identifier et de le ranger facilement. Am\u00e9liorez votre outil GRABO avec le joint en mousse et caoutchouc de type A1 pour une performance plus efficace et plus fiable.<\/p>\n[embed]https:\/\/youtu.be\/ivReLlTKpGs[\/embed]\n","protected":false},"featured_media":20648,"comment_status":"open","ping_status":"closed","template":"","meta":{"_acf_changed":false},"product_brand":[],"product_cat":[157],"product_tag":[],"class_list":{"0":"post-7826","1":"product","2":"type-product","3":"status-publish","4":"has-post-thumbnail","6":"product_cat-accessories-fr","8":"first","9":"instock","10":"taxable","11":"shipping-taxable","12":"purchasable","13":"product-type-simple"},"acf":[],"yoast_head":"<!-- This site is optimized with the Yoast SEO plugin v27.3 - https:\/\/yoast.com\/product\/yoast-seo-wordpress\/ -->\n<title>GRABO Standard Foam Seal - GRABO Factory Shop<\/title>\n<meta name=\"description\" content=\"Le joint en mousse et caoutchouc de type A1 est un joint brevet\u00e9 en caoutchouc \u00e0 cellules ferm\u00e9es et \u00e0 haute friction, sp\u00e9cialement con\u00e7u pour s&#039;adapter \u00e0 tous les mod\u00e8les GRABO.\" \/>\n<meta name=\"robots\" content=\"index, follow, max-snippet:-1, max-image-preview:large, max-video-preview:-1\" \/>\n<link rel=\"canonical\" href=\"https:\/\/order.grabo.com\/fr\/product\/foam-rubber-seal\/\" \/>\n<meta property=\"og:locale\" content=\"fr_FR\" \/>\n<meta property=\"og:type\" content=\"article\" \/>\n<meta property=\"og:title\" content=\"GRABO Standard Foam Seal - GRABO Factory Shop\" \/>\n<meta property=\"og:description\" content=\"Le joint en mousse et caoutchouc de type A1 est un joint brevet\u00e9 en caoutchouc \u00e0 cellules ferm\u00e9es et \u00e0 haute friction, sp\u00e9cialement con\u00e7u pour s&#039;adapter \u00e0 tous les mod\u00e8les GRABO.\" \/>\n<meta property=\"og:url\" content=\"https:\/\/order.grabo.com\/fr\/product\/foam-rubber-seal\/\" \/>\n<meta property=\"og:site_name\" content=\"GRABO Factory Shop\" \/>\n<meta property=\"article:publisher\" content=\"https:\/\/www.facebook.com\/GRABO.tools\" \/>\n<meta property=\"article:modified_time\" content=\"2024-07-26T04:11:52+00:00\" \/>\n<meta property=\"og:image\" content=\"https:\/\/order.grabo.com\/wp-content\/uploads\/2020\/12\/Standard-Seal.jpg\" \/>\n\t<meta property=\"og:image:width\" content=\"1500\" \/>\n\t<meta property=\"og:image:height\" content=\"1500\" \/>\n\t<meta property=\"og:image:type\" content=\"image\/jpeg\" \/>\n<meta name=\"twitter:card\" content=\"summary_large_image\" \/>\n<meta name=\"twitter:site\" content=\"@grabotools\" \/>\n<meta name=\"twitter:label1\" content=\"Dur\u00e9e de lecture estim\u00e9e\" \/>\n\t<meta name=\"twitter:data1\" content=\"1 minute\" \/>\n<script type=\"application\/ld+json\" class=\"yoast-schema-graph\">{\"@context\":\"https:\\\/\\\/schema.org\",\"@graph\":[{\"@type\":\"WebPage\",\"@id\":\"https:\\\/\\\/order.grabo.com\\\/fr\\\/product\\\/foam-rubber-seal\\\/\",\"url\":\"https:\\\/\\\/order.grabo.com\\\/fr\\\/product\\\/foam-rubber-seal\\\/\",\"name\":\"GRABO Standard Foam Seal - GRABO Factory Shop\",\"isPartOf\":{\"@id\":\"https:\\\/\\\/order.grabo.com\\\/fr\\\/#website\"},\"primaryImageOfPage\":{\"@id\":\"https:\\\/\\\/order.grabo.com\\\/fr\\\/product\\\/foam-rubber-seal\\\/#primaryimage\"},\"image\":{\"@id\":\"https:\\\/\\\/order.grabo.com\\\/fr\\\/product\\\/foam-rubber-seal\\\/#primaryimage\"},\"thumbnailUrl\":\"https:\\\/\\\/order.grabo.com\\\/wp-content\\\/uploads\\\/2020\\\/12\\\/thumbnail-2.png\",\"datePublished\":\"2020-12-16T05:42:44+00:00\",\"dateModified\":\"2024-07-26T04:11:52+00:00\",\"description\":\"Le joint en mousse et caoutchouc de type A1 est un joint brevet\u00e9 en caoutchouc \u00e0 cellules ferm\u00e9es et \u00e0 haute friction, sp\u00e9cialement con\u00e7u pour s'adapter \u00e0 tous les mod\u00e8les GRABO.\",\"breadcrumb\":{\"@id\":\"https:\\\/\\\/order.grabo.com\\\/fr\\\/product\\\/foam-rubber-seal\\\/#breadcrumb\"},\"inLanguage\":\"fr-FR\",\"potentialAction\":[{\"@type\":\"ReadAction\",\"target\":[\"https:\\\/\\\/order.grabo.com\\\/fr\\\/product\\\/foam-rubber-seal\\\/\"]}]},{\"@type\":\"ImageObject\",\"inLanguage\":\"fr-FR\",\"@id\":\"https:\\\/\\\/order.grabo.com\\\/fr\\\/product\\\/foam-rubber-seal\\\/#primaryimage\",\"url\":\"https:\\\/\\\/order.grabo.com\\\/wp-content\\\/uploads\\\/2020\\\/12\\\/thumbnail-2.png\",\"contentUrl\":\"https:\\\/\\\/order.grabo.com\\\/wp-content\\\/uploads\\\/2020\\\/12\\\/thumbnail-2.png\",\"width\":1500,\"height\":1500},{\"@type\":\"BreadcrumbList\",\"@id\":\"https:\\\/\\\/order.grabo.com\\\/fr\\\/product\\\/foam-rubber-seal\\\/#breadcrumb\",\"itemListElement\":[{\"@type\":\"ListItem\",\"position\":1,\"name\":\"Home\",\"item\":\"https:\\\/\\\/order.grabo.com\\\/fr\\\/\"},{\"@type\":\"ListItem\",\"position\":2,\"name\":\"GRABO Factory Shop\",\"item\":\"https:\\\/\\\/order.grabo.com\\\/\"},{\"@type\":\"ListItem\",\"position\":3,\"name\":\"GRABO Standard Foam Seal\"}]},{\"@type\":\"WebSite\",\"@id\":\"https:\\\/\\\/order.grabo.com\\\/fr\\\/#website\",\"url\":\"https:\\\/\\\/order.grabo.com\\\/fr\\\/\",\"name\":\"GRABO Factory Shop\",\"description\":\"GRABO Factory Shop\",\"publisher\":{\"@id\":\"https:\\\/\\\/order.grabo.com\\\/fr\\\/#organization\"},\"potentialAction\":[{\"@type\":\"SearchAction\",\"target\":{\"@type\":\"EntryPoint\",\"urlTemplate\":\"https:\\\/\\\/order.grabo.com\\\/fr\\\/?s={search_term_string}\"},\"query-input\":{\"@type\":\"PropertyValueSpecification\",\"valueRequired\":true,\"valueName\":\"search_term_string\"}}],\"inLanguage\":\"fr-FR\"},{\"@type\":\"Organization\",\"@id\":\"https:\\\/\\\/order.grabo.com\\\/fr\\\/#organization\",\"name\":\"GRABO\",\"url\":\"https:\\\/\\\/order.grabo.com\\\/fr\\\/\",\"logo\":{\"@type\":\"ImageObject\",\"inLanguage\":\"fr-FR\",\"@id\":\"https:\\\/\\\/order.grabo.com\\\/fr\\\/#\\\/schema\\\/logo\\\/image\\\/\",\"url\":\"https:\\\/\\\/order.grabo.com\\\/wp-content\\\/uploads\\\/2020\\\/12\\\/GRABO-Pro-1.jpeg\",\"contentUrl\":\"https:\\\/\\\/order.grabo.com\\\/wp-content\\\/uploads\\\/2020\\\/12\\\/GRABO-Pro-1.jpeg\",\"width\":1712,\"height\":1712,\"caption\":\"GRABO\"},\"image\":{\"@id\":\"https:\\\/\\\/order.grabo.com\\\/fr\\\/#\\\/schema\\\/logo\\\/image\\\/\"},\"sameAs\":[\"https:\\\/\\\/www.facebook.com\\\/GRABO.tools\",\"https:\\\/\\\/x.com\\\/grabotools\",\"https:\\\/\\\/www.instagram.com\\\/grabo.tools\\\/?hl=en\"]}]}<\/script>\n<!-- \/ Yoast SEO plugin. -->","yoast_head_json":{"title":"GRABO Standard Foam Seal - GRABO Factory Shop","description":"Le joint en mousse et caoutchouc de type A1 est un joint brevet\u00e9 en caoutchouc \u00e0 cellules ferm\u00e9es et \u00e0 haute friction, sp\u00e9cialement con\u00e7u pour s'adapter \u00e0 tous les mod\u00e8les GRABO.","robots":{"index":"index","follow":"follow","max-snippet":"max-snippet:-1","max-image-preview":"max-image-preview:large","max-video-preview":"max-video-preview:-1"},"canonical":"https:\/\/order.grabo.com\/fr\/product\/foam-rubber-seal\/","og_locale":"fr_FR","og_type":"article","og_title":"GRABO Standard Foam Seal - GRABO Factory Shop","og_description":"Le joint en mousse et caoutchouc de type A1 est un joint brevet\u00e9 en caoutchouc \u00e0 cellules ferm\u00e9es et \u00e0 haute friction, sp\u00e9cialement con\u00e7u pour s'adapter \u00e0 tous les mod\u00e8les GRABO.","og_url":"https:\/\/order.grabo.com\/fr\/product\/foam-rubber-seal\/","og_site_name":"GRABO Factory Shop","article_publisher":"https:\/\/www.facebook.com\/GRABO.tools","article_modified_time":"2024-07-26T04:11:52+00:00","og_image":[{"width":1500,"height":1500,"url":"https:\/\/order.grabo.com\/wp-content\/uploads\/2020\/12\/Standard-Seal.jpg","type":"image\/jpeg"}],"twitter_card":"summary_large_image","twitter_site":"@grabotools","twitter_misc":{"Dur\u00e9e de lecture estim\u00e9e":"1 minute"},"schema":{"@context":"https:\/\/schema.org","@graph":[{"@type":"WebPage","@id":"https:\/\/order.grabo.com\/fr\/product\/foam-rubber-seal\/","url":"https:\/\/order.grabo.com\/fr\/product\/foam-rubber-seal\/","name":"GRABO Standard Foam Seal - GRABO Factory Shop","isPartOf":{"@id":"https:\/\/order.grabo.com\/fr\/#website"},"primaryImageOfPage":{"@id":"https:\/\/order.grabo.com\/fr\/product\/foam-rubber-seal\/#primaryimage"},"image":{"@id":"https:\/\/order.grabo.com\/fr\/product\/foam-rubber-seal\/#primaryimage"},"thumbnailUrl":"https:\/\/order.grabo.com\/wp-content\/uploads\/2020\/12\/thumbnail-2.png","datePublished":"2020-12-16T05:42:44+00:00","dateModified":"2024-07-26T04:11:52+00:00","description":"Le joint en mousse et caoutchouc de type A1 est un joint brevet\u00e9 en caoutchouc \u00e0 cellules ferm\u00e9es et \u00e0 haute friction, sp\u00e9cialement con\u00e7u pour s'adapter \u00e0 tous les mod\u00e8les GRABO.","breadcrumb":{"@id":"https:\/\/order.grabo.com\/fr\/product\/foam-rubber-seal\/#breadcrumb"},"inLanguage":"fr-FR","potentialAction":[{"@type":"ReadAction","target":["https:\/\/order.grabo.com\/fr\/product\/foam-rubber-seal\/"]}]},{"@type":"ImageObject","inLanguage":"fr-FR","@id":"https:\/\/order.grabo.com\/fr\/product\/foam-rubber-seal\/#primaryimage","url":"https:\/\/order.grabo.com\/wp-content\/uploads\/2020\/12\/thumbnail-2.png","contentUrl":"https:\/\/order.grabo.com\/wp-content\/uploads\/2020\/12\/thumbnail-2.png","width":1500,"height":1500},{"@type":"BreadcrumbList","@id":"https:\/\/order.grabo.com\/fr\/product\/foam-rubber-seal\/#breadcrumb","itemListElement":[{"@type":"ListItem","position":1,"name":"Home","item":"https:\/\/order.grabo.com\/fr\/"},{"@type":"ListItem","position":2,"name":"GRABO Factory Shop","item":"https:\/\/order.grabo.com\/"},{"@type":"ListItem","position":3,"name":"GRABO Standard Foam Seal"}]},{"@type":"WebSite","@id":"https:\/\/order.grabo.com\/fr\/#website","url":"https:\/\/order.grabo.com\/fr\/","name":"GRABO Factory Shop","description":"GRABO Factory Shop","publisher":{"@id":"https:\/\/order.grabo.com\/fr\/#organization"},"potentialAction":[{"@type":"SearchAction","target":{"@type":"EntryPoint","urlTemplate":"https:\/\/order.grabo.com\/fr\/?s={search_term_string}"},"query-input":{"@type":"PropertyValueSpecification","valueRequired":true,"valueName":"search_term_string"}}],"inLanguage":"fr-FR"},{"@type":"Organization","@id":"https:\/\/order.grabo.com\/fr\/#organization","name":"GRABO","url":"https:\/\/order.grabo.com\/fr\/","logo":{"@type":"ImageObject","inLanguage":"fr-FR","@id":"https:\/\/order.grabo.com\/fr\/#\/schema\/logo\/image\/","url":"https:\/\/order.grabo.com\/wp-content\/uploads\/2020\/12\/GRABO-Pro-1.jpeg","contentUrl":"https:\/\/order.grabo.com\/wp-content\/uploads\/2020\/12\/GRABO-Pro-1.jpeg","width":1712,"height":1712,"caption":"GRABO"},"image":{"@id":"https:\/\/order.grabo.com\/fr\/#\/schema\/logo\/image\/"},"sameAs":["https:\/\/www.facebook.com\/GRABO.tools","https:\/\/x.com\/grabotools","https:\/\/www.instagram.com\/grabo.tools\/?hl=en"]}]}},"_links":{"self":[{"href":"https:\/\/order.grabo.com\/fr\/wp-json\/wp\/v2\/product\/7826","targetHints":{"allow":["GET"]}}],"collection":[{"href":"https:\/\/order.grabo.com\/fr\/wp-json\/wp\/v2\/product"}],"about":[{"href":"https:\/\/order.grabo.com\/fr\/wp-json\/wp\/v2\/types\/product"}],"replies":[{"embeddable":true,"href":"https:\/\/order.grabo.com\/fr\/wp-json\/wp\/v2\/comments?post=7826"}],"wp:featuredmedia":[{"embeddable":true,"href":"https:\/\/order.grabo.com\/fr\/wp-json\/wp\/v2\/media\/20648"}],"wp:attachment":[{"href":"https:\/\/order.grabo.com\/fr\/wp-json\/wp\/v2\/media?parent=7826"}],"wp:term":[{"taxonomy":"product_brand","embeddable":true,"href":"https:\/\/order.grabo.com\/fr\/wp-json\/wp\/v2\/product_brand?post=7826"},{"taxonomy":"product_cat","embeddable":true,"href":"https:\/\/order.grabo.com\/fr\/wp-json\/wp\/v2\/product_cat?post=7826"},{"taxonomy":"product_tag","embeddable":true,"href":"https:\/\/order.grabo.com\/fr\/wp-json\/wp\/v2\/product_tag?post=7826"}],"curies":[{"name":"wp","href":"https:\/\/api.w.org\/{rel}","templated":true}]}}