{"id":7824,"date":"2020-12-06T10:11:54","date_gmt":"2020-12-06T10:11:54","guid":{"rendered":"https:\/\/factory.grabo.com\/product\/nemo-grabo\/"},"modified":"2025-12-05T21:46:53","modified_gmt":"2025-12-05T21:46:53","slug":"nemo-grabo","status":"publish","type":"product","link":"https:\/\/order.grabo.com\/fr\/product\/nemo-grabo\/","title":{"rendered":"NEMO GRABO 1 Battery &#038; 1 Seal"},"content":{"rendered":"<p>Le Nemo GRABO classic est la premi\u00e8re ventouse \u00e9lectrique \u00e0 piles au monde. Sa conception robuste et facile \u00e0 utiliser en a fait un best-seller imm\u00e9diat. La pression est affich\u00e9e sur un manom\u00e8tre m\u00e9canique situ\u00e9 \u00e0 la base de l'outil. Utilisez le manom\u00e8tre pour v\u00e9rifier que vous \u00eates dans la zone de levage s\u00fbre avant de soulever le mat\u00e9riau. La pompe \u00e0 vide GRABO d\u00e9place 20 litres d'air par minute, ce qui lui conf\u00e8re une \u00e9norme capacit\u00e9 de levage et lui permet de soulever presque n'importe quelle surface pesant jusqu'\u00e0 170 kg. Le joint en caoutchouc mousse brevet\u00e9 fourni avec l'outil Nemo GRABO est solide et r\u00e9sistant \u00e0 l'usure, mais facile \u00e0 remplacer s'il est endommag\u00e9. Une fois l'outil activ\u00e9, le joint est cr\u00e9\u00e9 en quelques secondes et se fixe fermement sur presque toutes les surfaces, y compris les surfaces irr\u00e9guli\u00e8res et l\u00e9g\u00e8rement poreuses. GRABO est \u00e9quip\u00e9 de quatre \u0153illets de levage en acier situ\u00e9s de part et d'autre de la poign\u00e9e de l'outil. Cela permet d'utiliser l'outil avec des sangles de levage et des accessoires de fixation suppl\u00e9mentaires.<\/p>\n<p>GRABO b\u00e9n\u00e9ficie d'une garantie d'usine compl\u00e8te de 12 mois qui peut \u00eatre \u00e9tendue \u00e0 18 mois en enregistrant votre produit sur notre site Internet. Avec un support technique professionnel bas\u00e9 aux Etats-Unis, si vous avez des probl\u00e8mes, n'h\u00e9sitez pas \u00e0 nous en faire part. Nous sommes l\u00e0 pour vous aider \u00e0 travailler !<\/p>\n<p><img loading=\"lazy\" decoding=\"async\" class=\"alignnone size-medium wp-image-429\" src=\"https:\/\/order.grabo.com\/wp-content\/uploads\/2020\/12\/Z8A9459-200x300.jpg\" alt=\"\" width=\"200\" height=\"300\" srcset=\"https:\/\/order.grabo.com\/wp-content\/uploads\/2020\/12\/Z8A9459-200x300.jpg 200w, https:\/\/order.grabo.com\/wp-content\/uploads\/2020\/12\/Z8A9459-683x1024.jpg 683w, https:\/\/order.grabo.com\/wp-content\/uploads\/2020\/12\/Z8A9459-768x1152.jpg 768w, https:\/\/order.grabo.com\/wp-content\/uploads\/2020\/12\/Z8A9459-1024x1536.jpg 1024w, https:\/\/order.grabo.com\/wp-content\/uploads\/2020\/12\/Z8A9459-1365x2048.jpg 1365w, https:\/\/order.grabo.com\/wp-content\/uploads\/2020\/12\/Z8A9459-600x900.jpg 600w, https:\/\/order.grabo.com\/wp-content\/uploads\/2020\/12\/Z8A9459-scaled.jpg 1707w\" sizes=\"auto, (max-width: 200px) 100vw, 200px\" \/><img loading=\"lazy\" decoding=\"async\" class=\"alignnone size-medium wp-image-430\" src=\"https:\/\/order.grabo.com\/wp-content\/uploads\/2020\/12\/01-225x300.jpg\" alt=\"\" width=\"225\" height=\"300\" srcset=\"https:\/\/order.grabo.com\/wp-content\/uploads\/2020\/12\/01-225x300.jpg 225w, https:\/\/order.grabo.com\/wp-content\/uploads\/2020\/12\/01-768x1024.jpg 768w, https:\/\/order.grabo.com\/wp-content\/uploads\/2020\/12\/01-1152x1536.jpg 1152w, https:\/\/order.grabo.com\/wp-content\/uploads\/2020\/12\/01-1536x2048.jpg 1536w, https:\/\/order.grabo.com\/wp-content\/uploads\/2020\/12\/01-600x800.jpg 600w, https:\/\/order.grabo.com\/wp-content\/uploads\/2020\/12\/01-scaled.jpg 1920w\" sizes=\"auto, (max-width: 225px) 100vw, 225px\" \/> <img loading=\"lazy\" decoding=\"async\" class=\"alignnone size-medium wp-image-431\" src=\"https:\/\/order.grabo.com\/wp-content\/uploads\/2020\/12\/0Z8A7335-300x200.jpg\" alt=\"\" width=\"300\" height=\"200\" srcset=\"https:\/\/order.grabo.com\/wp-content\/uploads\/2020\/12\/0Z8A7335-300x200.jpg 300w, https:\/\/order.grabo.com\/wp-content\/uploads\/2020\/12\/0Z8A7335-1024x683.jpg 1024w, https:\/\/order.grabo.com\/wp-content\/uploads\/2020\/12\/0Z8A7335-768x512.jpg 768w, https:\/\/order.grabo.com\/wp-content\/uploads\/2020\/12\/0Z8A7335-1536x1024.jpg 1536w, https:\/\/order.grabo.com\/wp-content\/uploads\/2020\/12\/0Z8A7335-2048x1365.jpg 2048w, https:\/\/order.grabo.com\/wp-content\/uploads\/2020\/12\/0Z8A7335-600x400.jpg 600w, https:\/\/order.grabo.com\/wp-content\/uploads\/2020\/12\/0Z8A7335-scaled.jpg 2560w\" sizes=\"auto, (max-width: 300px) 100vw, 300px\" \/><\/p>\n<p><iframe loading=\"lazy\" title=\"Nemo GRABO Introduction and Demonstration\" width=\"500\" height=\"281\" src=\"https:\/\/www.youtube.com\/embed\/-luPqXXl8ug?feature=oembed\" frameborder=\"0\" allow=\"accelerometer; autoplay; clipboard-write; encrypted-media; gyroscope; picture-in-picture; web-share\" referrerpolicy=\"strict-origin-when-cross-origin\" allowfullscreen><\/iframe><\/p>\n<p>&nbsp;<\/p>\n","protected":false},"excerpt":{"rendered":"<p>Le kit NEMO GRABO comprend :<\/p>\n<ul>\n<li>GRABO Classic, \u00e9l\u00e9vateur \u00e0 vide \u00e9lectrique portable avec manom\u00e8tre analogique<\/li>\n<li>Capacit\u00e9 de pompage : 20 litres par minute<\/li>\n<li>Batterie et chargeur de batterie avec adaptateur international<\/li>\n<li>Joint en caoutchouc mousse pr\u00e9install\u00e9 sur l'outil<\/li>\n<li>Sac de transport en nylon robuste<\/li>\n<li>Filtres de rechange<\/li>\n<li>Manuel en anglais et bo\u00eete de pr\u00e9sentation color\u00e9e<\/li>\n<\/ul>\n","protected":false},"featured_media":21071,"comment_status":"open","ping_status":"closed","template":"","meta":{"_acf_changed":false},"product_brand":[],"product_cat":[155],"product_tag":[],"class_list":{"0":"post-7824","1":"product","2":"type-product","3":"status-publish","4":"has-post-thumbnail","6":"product_cat-tools-fr","8":"first","9":"instock","10":"featured","11":"taxable","12":"shipping-taxable","13":"purchasable","14":"product-type-simple"},"acf":[],"yoast_head":"<!-- This site is optimized with the Yoast SEO plugin v27.3 - https:\/\/yoast.com\/product\/yoast-seo-wordpress\/ -->\n<title>NEMO GRABO 1 Battery &amp; 1 Seal - GRABO Factory Shop<\/title>\n<meta name=\"description\" content=\"Le GRABO original. L&#039;outil classique qui a chang\u00e9 la fa\u00e7on dont nous soulevons, maintenons, stabilisons et d\u00e9pla\u00e7ons les mat\u00e9riaux. GRABO s&#039;est av\u00e9r\u00e9 \u00eatre l&#039;outil qui a le plus chang\u00e9 la donne.\" \/>\n<meta name=\"robots\" content=\"index, follow, max-snippet:-1, max-image-preview:large, max-video-preview:-1\" \/>\n<link rel=\"canonical\" href=\"https:\/\/order.grabo.com\/fr\/product\/nemo-grabo\/\" \/>\n<meta property=\"og:locale\" content=\"fr_FR\" \/>\n<meta property=\"og:type\" content=\"article\" \/>\n<meta property=\"og:title\" content=\"NEMO GRABO 1 Battery &amp; 1 Seal - GRABO Factory Shop\" \/>\n<meta property=\"og:description\" content=\"Le GRABO original. L&#039;outil classique qui a chang\u00e9 la fa\u00e7on dont nous soulevons, maintenons, stabilisons et d\u00e9pla\u00e7ons les mat\u00e9riaux. GRABO s&#039;est av\u00e9r\u00e9 \u00eatre l&#039;outil qui a le plus chang\u00e9 la donne.\" \/>\n<meta property=\"og:url\" content=\"https:\/\/order.grabo.com\/fr\/product\/nemo-grabo\/\" \/>\n<meta property=\"og:site_name\" content=\"GRABO Factory Shop\" \/>\n<meta property=\"article:publisher\" content=\"https:\/\/www.facebook.com\/GRABO.tools\" \/>\n<meta property=\"article:modified_time\" content=\"2025-12-05T21:46:53+00:00\" \/>\n<meta property=\"og:image\" content=\"https:\/\/order.grabo.com\/wp-content\/uploads\/2020\/12\/thumbnail-3-1024x1024.png\" \/>\n\t<meta property=\"og:image:width\" content=\"1024\" \/>\n\t<meta property=\"og:image:height\" content=\"1024\" \/>\n\t<meta property=\"og:image:type\" content=\"image\/png\" \/>\n<meta name=\"twitter:card\" content=\"summary_large_image\" \/>\n<meta name=\"twitter:site\" content=\"@grabotools\" \/>\n<meta name=\"twitter:label1\" content=\"Dur\u00e9e de lecture estim\u00e9e\" \/>\n\t<meta name=\"twitter:data1\" content=\"2 minutes\" \/>\n<script type=\"application\/ld+json\" class=\"yoast-schema-graph\">{\"@context\":\"https:\\\/\\\/schema.org\",\"@graph\":[{\"@type\":\"WebPage\",\"@id\":\"https:\\\/\\\/order.grabo.com\\\/fr\\\/product\\\/nemo-grabo\\\/\",\"url\":\"https:\\\/\\\/order.grabo.com\\\/fr\\\/product\\\/nemo-grabo\\\/\",\"name\":\"NEMO GRABO 1 Battery & 1 Seal - GRABO Factory Shop\",\"isPartOf\":{\"@id\":\"https:\\\/\\\/order.grabo.com\\\/fr\\\/#website\"},\"primaryImageOfPage\":{\"@id\":\"https:\\\/\\\/order.grabo.com\\\/fr\\\/product\\\/nemo-grabo\\\/#primaryimage\"},\"image\":{\"@id\":\"https:\\\/\\\/order.grabo.com\\\/fr\\\/product\\\/nemo-grabo\\\/#primaryimage\"},\"thumbnailUrl\":\"https:\\\/\\\/order.grabo.com\\\/wp-content\\\/uploads\\\/2020\\\/12\\\/thumbnail-3.png\",\"datePublished\":\"2020-12-06T10:11:54+00:00\",\"dateModified\":\"2025-12-05T21:46:53+00:00\",\"description\":\"Le GRABO original. L'outil classique qui a chang\u00e9 la fa\u00e7on dont nous soulevons, maintenons, stabilisons et d\u00e9pla\u00e7ons les mat\u00e9riaux. GRABO s'est av\u00e9r\u00e9 \u00eatre l'outil qui a le plus chang\u00e9 la donne.\",\"breadcrumb\":{\"@id\":\"https:\\\/\\\/order.grabo.com\\\/fr\\\/product\\\/nemo-grabo\\\/#breadcrumb\"},\"inLanguage\":\"fr-FR\",\"potentialAction\":[{\"@type\":\"ReadAction\",\"target\":[\"https:\\\/\\\/order.grabo.com\\\/fr\\\/product\\\/nemo-grabo\\\/\"]}]},{\"@type\":\"ImageObject\",\"inLanguage\":\"fr-FR\",\"@id\":\"https:\\\/\\\/order.grabo.com\\\/fr\\\/product\\\/nemo-grabo\\\/#primaryimage\",\"url\":\"https:\\\/\\\/order.grabo.com\\\/wp-content\\\/uploads\\\/2020\\\/12\\\/thumbnail-3.png\",\"contentUrl\":\"https:\\\/\\\/order.grabo.com\\\/wp-content\\\/uploads\\\/2020\\\/12\\\/thumbnail-3.png\",\"width\":1500,\"height\":1500},{\"@type\":\"BreadcrumbList\",\"@id\":\"https:\\\/\\\/order.grabo.com\\\/fr\\\/product\\\/nemo-grabo\\\/#breadcrumb\",\"itemListElement\":[{\"@type\":\"ListItem\",\"position\":1,\"name\":\"Home\",\"item\":\"https:\\\/\\\/order.grabo.com\\\/fr\\\/\"},{\"@type\":\"ListItem\",\"position\":2,\"name\":\"GRABO Factory Shop\",\"item\":\"https:\\\/\\\/order.grabo.com\\\/\"},{\"@type\":\"ListItem\",\"position\":3,\"name\":\"NEMO GRABO 1 Battery &#038; 1 Seal\"}]},{\"@type\":\"WebSite\",\"@id\":\"https:\\\/\\\/order.grabo.com\\\/fr\\\/#website\",\"url\":\"https:\\\/\\\/order.grabo.com\\\/fr\\\/\",\"name\":\"GRABO Factory Shop\",\"description\":\"GRABO Factory Shop\",\"publisher\":{\"@id\":\"https:\\\/\\\/order.grabo.com\\\/fr\\\/#organization\"},\"potentialAction\":[{\"@type\":\"SearchAction\",\"target\":{\"@type\":\"EntryPoint\",\"urlTemplate\":\"https:\\\/\\\/order.grabo.com\\\/fr\\\/?s={search_term_string}\"},\"query-input\":{\"@type\":\"PropertyValueSpecification\",\"valueRequired\":true,\"valueName\":\"search_term_string\"}}],\"inLanguage\":\"fr-FR\"},{\"@type\":\"Organization\",\"@id\":\"https:\\\/\\\/order.grabo.com\\\/fr\\\/#organization\",\"name\":\"GRABO\",\"url\":\"https:\\\/\\\/order.grabo.com\\\/fr\\\/\",\"logo\":{\"@type\":\"ImageObject\",\"inLanguage\":\"fr-FR\",\"@id\":\"https:\\\/\\\/order.grabo.com\\\/fr\\\/#\\\/schema\\\/logo\\\/image\\\/\",\"url\":\"https:\\\/\\\/order.grabo.com\\\/wp-content\\\/uploads\\\/2020\\\/12\\\/GRABO-Pro-1.jpeg\",\"contentUrl\":\"https:\\\/\\\/order.grabo.com\\\/wp-content\\\/uploads\\\/2020\\\/12\\\/GRABO-Pro-1.jpeg\",\"width\":1712,\"height\":1712,\"caption\":\"GRABO\"},\"image\":{\"@id\":\"https:\\\/\\\/order.grabo.com\\\/fr\\\/#\\\/schema\\\/logo\\\/image\\\/\"},\"sameAs\":[\"https:\\\/\\\/www.facebook.com\\\/GRABO.tools\",\"https:\\\/\\\/x.com\\\/grabotools\",\"https:\\\/\\\/www.instagram.com\\\/grabo.tools\\\/?hl=en\"]}]}<\/script>\n<!-- \/ Yoast SEO plugin. -->","yoast_head_json":{"title":"NEMO GRABO 1 Battery & 1 Seal - GRABO Factory Shop","description":"Le GRABO original. L'outil classique qui a chang\u00e9 la fa\u00e7on dont nous soulevons, maintenons, stabilisons et d\u00e9pla\u00e7ons les mat\u00e9riaux. GRABO s'est av\u00e9r\u00e9 \u00eatre l'outil qui a le plus chang\u00e9 la donne.","robots":{"index":"index","follow":"follow","max-snippet":"max-snippet:-1","max-image-preview":"max-image-preview:large","max-video-preview":"max-video-preview:-1"},"canonical":"https:\/\/order.grabo.com\/fr\/product\/nemo-grabo\/","og_locale":"fr_FR","og_type":"article","og_title":"NEMO GRABO 1 Battery & 1 Seal - GRABO Factory Shop","og_description":"Le GRABO original. L'outil classique qui a chang\u00e9 la fa\u00e7on dont nous soulevons, maintenons, stabilisons et d\u00e9pla\u00e7ons les mat\u00e9riaux. GRABO s'est av\u00e9r\u00e9 \u00eatre l'outil qui a le plus chang\u00e9 la donne.","og_url":"https:\/\/order.grabo.com\/fr\/product\/nemo-grabo\/","og_site_name":"GRABO Factory Shop","article_publisher":"https:\/\/www.facebook.com\/GRABO.tools","article_modified_time":"2025-12-05T21:46:53+00:00","og_image":[{"width":1024,"height":1024,"url":"https:\/\/order.grabo.com\/wp-content\/uploads\/2020\/12\/thumbnail-3-1024x1024.png","type":"image\/png"}],"twitter_card":"summary_large_image","twitter_site":"@grabotools","twitter_misc":{"Dur\u00e9e de lecture estim\u00e9e":"2 minutes"},"schema":{"@context":"https:\/\/schema.org","@graph":[{"@type":"WebPage","@id":"https:\/\/order.grabo.com\/fr\/product\/nemo-grabo\/","url":"https:\/\/order.grabo.com\/fr\/product\/nemo-grabo\/","name":"NEMO GRABO 1 Battery & 1 Seal - GRABO Factory Shop","isPartOf":{"@id":"https:\/\/order.grabo.com\/fr\/#website"},"primaryImageOfPage":{"@id":"https:\/\/order.grabo.com\/fr\/product\/nemo-grabo\/#primaryimage"},"image":{"@id":"https:\/\/order.grabo.com\/fr\/product\/nemo-grabo\/#primaryimage"},"thumbnailUrl":"https:\/\/order.grabo.com\/wp-content\/uploads\/2020\/12\/thumbnail-3.png","datePublished":"2020-12-06T10:11:54+00:00","dateModified":"2025-12-05T21:46:53+00:00","description":"Le GRABO original. L'outil classique qui a chang\u00e9 la fa\u00e7on dont nous soulevons, maintenons, stabilisons et d\u00e9pla\u00e7ons les mat\u00e9riaux. GRABO s'est av\u00e9r\u00e9 \u00eatre l'outil qui a le plus chang\u00e9 la donne.","breadcrumb":{"@id":"https:\/\/order.grabo.com\/fr\/product\/nemo-grabo\/#breadcrumb"},"inLanguage":"fr-FR","potentialAction":[{"@type":"ReadAction","target":["https:\/\/order.grabo.com\/fr\/product\/nemo-grabo\/"]}]},{"@type":"ImageObject","inLanguage":"fr-FR","@id":"https:\/\/order.grabo.com\/fr\/product\/nemo-grabo\/#primaryimage","url":"https:\/\/order.grabo.com\/wp-content\/uploads\/2020\/12\/thumbnail-3.png","contentUrl":"https:\/\/order.grabo.com\/wp-content\/uploads\/2020\/12\/thumbnail-3.png","width":1500,"height":1500},{"@type":"BreadcrumbList","@id":"https:\/\/order.grabo.com\/fr\/product\/nemo-grabo\/#breadcrumb","itemListElement":[{"@type":"ListItem","position":1,"name":"Home","item":"https:\/\/order.grabo.com\/fr\/"},{"@type":"ListItem","position":2,"name":"GRABO Factory Shop","item":"https:\/\/order.grabo.com\/"},{"@type":"ListItem","position":3,"name":"NEMO GRABO 1 Battery &#038; 1 Seal"}]},{"@type":"WebSite","@id":"https:\/\/order.grabo.com\/fr\/#website","url":"https:\/\/order.grabo.com\/fr\/","name":"GRABO Factory Shop","description":"GRABO Factory Shop","publisher":{"@id":"https:\/\/order.grabo.com\/fr\/#organization"},"potentialAction":[{"@type":"SearchAction","target":{"@type":"EntryPoint","urlTemplate":"https:\/\/order.grabo.com\/fr\/?s={search_term_string}"},"query-input":{"@type":"PropertyValueSpecification","valueRequired":true,"valueName":"search_term_string"}}],"inLanguage":"fr-FR"},{"@type":"Organization","@id":"https:\/\/order.grabo.com\/fr\/#organization","name":"GRABO","url":"https:\/\/order.grabo.com\/fr\/","logo":{"@type":"ImageObject","inLanguage":"fr-FR","@id":"https:\/\/order.grabo.com\/fr\/#\/schema\/logo\/image\/","url":"https:\/\/order.grabo.com\/wp-content\/uploads\/2020\/12\/GRABO-Pro-1.jpeg","contentUrl":"https:\/\/order.grabo.com\/wp-content\/uploads\/2020\/12\/GRABO-Pro-1.jpeg","width":1712,"height":1712,"caption":"GRABO"},"image":{"@id":"https:\/\/order.grabo.com\/fr\/#\/schema\/logo\/image\/"},"sameAs":["https:\/\/www.facebook.com\/GRABO.tools","https:\/\/x.com\/grabotools","https:\/\/www.instagram.com\/grabo.tools\/?hl=en"]}]}},"_links":{"self":[{"href":"https:\/\/order.grabo.com\/fr\/wp-json\/wp\/v2\/product\/7824","targetHints":{"allow":["GET"]}}],"collection":[{"href":"https:\/\/order.grabo.com\/fr\/wp-json\/wp\/v2\/product"}],"about":[{"href":"https:\/\/order.grabo.com\/fr\/wp-json\/wp\/v2\/types\/product"}],"replies":[{"embeddable":true,"href":"https:\/\/order.grabo.com\/fr\/wp-json\/wp\/v2\/comments?post=7824"}],"wp:featuredmedia":[{"embeddable":true,"href":"https:\/\/order.grabo.com\/fr\/wp-json\/wp\/v2\/media\/21071"}],"wp:attachment":[{"href":"https:\/\/order.grabo.com\/fr\/wp-json\/wp\/v2\/media?parent=7824"}],"wp:term":[{"taxonomy":"product_brand","embeddable":true,"href":"https:\/\/order.grabo.com\/fr\/wp-json\/wp\/v2\/product_brand?post=7824"},{"taxonomy":"product_cat","embeddable":true,"href":"https:\/\/order.grabo.com\/fr\/wp-json\/wp\/v2\/product_cat?post=7824"},{"taxonomy":"product_tag","embeddable":true,"href":"https:\/\/order.grabo.com\/fr\/wp-json\/wp\/v2\/product_tag?post=7824"}],"curies":[{"name":"wp","href":"https:\/\/api.w.org\/{rel}","templated":true}]}}