{"id":7823,"date":"2020-12-05T16:23:53","date_gmt":"2020-12-05T16:23:53","guid":{"rendered":"https:\/\/factory.grabo.com\/product\/grabo-pro-lifter-20\/"},"modified":"2025-12-05T21:46:41","modified_gmt":"2025-12-05T21:46:41","slug":"grabo-pro-lifter-20","status":"publish","type":"product","link":"https:\/\/order.grabo.com\/fr\/product\/grabo-pro-lifter-20\/","title":{"rendered":"GRABO PRO"},"content":{"rendered":"<p>L'outil GRABO Pro est \u00e9quip\u00e9 d'un affichage num\u00e9rique de la pression, situ\u00e9 sur la poign\u00e9e, qui indique \u00e0 la fois la pression (PSI, Bar) et le poids (Kg, Lb). GRABO Pro est \u00e9quip\u00e9 d'un capteur de pression int\u00e9gr\u00e9 qui active et d\u00e9sactive automatiquement la pompe \u00e0 vide afin de maintenir constante la capacit\u00e9 de levage souhait\u00e9e. La pompe \u00e0 vide GRABO Pro d\u00e9place 20 litres d'air par minute, ce qui lui conf\u00e8re une \u00e9norme capacit\u00e9 de levage et lui permet de soulever presque n'importe quelle surface pesant jusqu'\u00e0 170 kg. Le joint en caoutchouc mousse brevet\u00e9 fourni avec l'outil GRABO Pro est solide et r\u00e9sistant \u00e0 l'usure, mais facile \u00e0 remplacer s'il est endommag\u00e9. Une fois l'outil activ\u00e9, le joint est cr\u00e9\u00e9 en quelques secondes et se fixe fermement sur presque toutes les surfaces, y compris les surfaces irr\u00e9guli\u00e8res et l\u00e9g\u00e8rement poreuses. GRABO Pro est \u00e9quip\u00e9 de quatre \u0153illets de levage en acier situ\u00e9s de part et d'autre de la poign\u00e9e de l'outil. Cela permet d'utiliser l'outil avec des sangles de levage et des accessoires de fixation suppl\u00e9mentaires.<\/p>\n<p>GRABO Pro b\u00e9n\u00e9ficie d'une garantie d'usine compl\u00e8te de 12 mois qui peut \u00eatre \u00e9tendue \u00e0 18 mois en enregistrant votre produit sur notre site Internet. Si vous avez le moindre probl\u00e8me, n'h\u00e9sitez pas \u00e0 nous en faire part gr\u00e2ce \u00e0 notre assistance technique professionnelle bas\u00e9e aux \u00c9tats-Unis. Nous sommes l\u00e0 pour vous aider \u00e0 travailler !<\/p>\n<p><iframe loading=\"lazy\" title=\"Grabo Pro Introduction and Demonstration\" width=\"500\" height=\"281\" src=\"https:\/\/www.youtube.com\/embed\/X6Mt1kysJHo?feature=oembed\" frameborder=\"0\" allow=\"accelerometer; autoplay; clipboard-write; encrypted-media; gyroscope; picture-in-picture; web-share\" referrerpolicy=\"strict-origin-when-cross-origin\" allowfullscreen><\/iframe><\/p>\n","protected":false},"excerpt":{"rendered":"<p>L'aspirateur \u00e9lectrique portable comprend un manom\u00e8tre num\u00e9rique situ\u00e9 sur la poign\u00e9e pour une visualisation ais\u00e9e.<br \/>\nDes capteurs de pression automatiques assurent une d\u00e9pression constante.<br \/>\nLes batteries rechargeables alimentent un aspirateur-\u00e9l\u00e9vateur qui peut soulever 375 livres (170 kg).<\/p>\n<p>Le kit comprend:<\/p>\n<ul>\n<li>L'aspirateur \u00e9lectrique portable GRABO Pro avec manom\u00e8tre num\u00e9rique<\/li>\n<li>Les capteurs de pression automatiques activent et d\u00e9sactivent la pompe pour garantir un vide constant.<\/li>\n<li>Capacit\u00e9 de pompage : 20 litres par minute pour une grande capacit\u00e9 de levage.<\/li>\n<li>1 batterie et un chargeur de batterie avec adaptateurs internationaux<\/li>\n<li>Joint en caoutchouc mousse pr\u00e9install\u00e9 sur l'outil<\/li>\n<li>Sac de transport en nylon robuste<\/li>\n<li>Filtres de remplacement<\/li>\n<li>Manuel en anglais avec bo\u00eete de pr\u00e9sentation color\u00e9e<\/li>\n<\/ul>\n","protected":false},"featured_media":21293,"comment_status":"open","ping_status":"closed","template":"","meta":{"_acf_changed":false},"product_brand":[],"product_cat":[155],"product_tag":[],"class_list":{"0":"post-7823","1":"product","2":"type-product","3":"status-publish","4":"has-post-thumbnail","6":"product_cat-tools-fr","7":"product_shipping_class-free-shipping-fr","9":"first","10":"instock","11":"featured","12":"taxable","13":"shipping-taxable","14":"purchasable","15":"product-type-simple"},"acf":[],"yoast_head":"<!-- This site is optimized with the Yoast SEO plugin v27.3 - https:\/\/yoast.com\/product\/yoast-seo-wordpress\/ -->\n<title>GRABO PRO - GRABO Factory Shop<\/title>\n<meta name=\"description\" content=\"Nouveau 2023 version am\u00e9lior\u00e9e avec affichage num\u00e9rique - GRABO Pro est \u00e9quip\u00e9 d&#039;un capteur de pression num\u00e9rique intelligent, d&#039;un affichage du levage maximum et de r\u00e9glages intelligents pour le poids et la pression.\" \/>\n<meta name=\"robots\" content=\"index, follow, max-snippet:-1, max-image-preview:large, max-video-preview:-1\" \/>\n<link rel=\"canonical\" href=\"https:\/\/order.grabo.com\/fr\/product\/grabo-pro-lifter-20\/\" \/>\n<meta property=\"og:locale\" content=\"fr_FR\" \/>\n<meta property=\"og:type\" content=\"article\" \/>\n<meta property=\"og:title\" content=\"GRABO PRO - GRABO Factory Shop\" \/>\n<meta property=\"og:description\" content=\"Nouveau 2023 version am\u00e9lior\u00e9e avec affichage num\u00e9rique - GRABO Pro est \u00e9quip\u00e9 d&#039;un capteur de pression num\u00e9rique intelligent, d&#039;un affichage du levage maximum et de r\u00e9glages intelligents pour le poids et la pression.\" \/>\n<meta property=\"og:url\" content=\"https:\/\/order.grabo.com\/fr\/product\/grabo-pro-lifter-20\/\" \/>\n<meta property=\"og:site_name\" content=\"GRABO Factory Shop\" \/>\n<meta property=\"article:publisher\" content=\"https:\/\/www.facebook.com\/GRABO.tools\" \/>\n<meta property=\"article:modified_time\" content=\"2025-12-05T21:46:41+00:00\" \/>\n<meta property=\"og:image\" content=\"https:\/\/order.grabo.com\/wp-content\/uploads\/2020\/12\/GraboPro_New_USA-1-1024x1024.png\" \/>\n\t<meta property=\"og:image:width\" content=\"1024\" \/>\n\t<meta property=\"og:image:height\" content=\"1024\" \/>\n\t<meta property=\"og:image:type\" content=\"image\/png\" \/>\n<meta name=\"twitter:card\" content=\"summary_large_image\" \/>\n<meta name=\"twitter:site\" content=\"@grabotools\" \/>\n<meta name=\"twitter:label1\" content=\"Dur\u00e9e de lecture estim\u00e9e\" \/>\n\t<meta name=\"twitter:data1\" content=\"2 minutes\" \/>\n<script type=\"application\/ld+json\" class=\"yoast-schema-graph\">{\"@context\":\"https:\\\/\\\/schema.org\",\"@graph\":[{\"@type\":\"WebPage\",\"@id\":\"https:\\\/\\\/order.grabo.com\\\/fr\\\/product\\\/grabo-pro-lifter-20\\\/\",\"url\":\"https:\\\/\\\/order.grabo.com\\\/fr\\\/product\\\/grabo-pro-lifter-20\\\/\",\"name\":\"GRABO PRO - GRABO Factory Shop\",\"isPartOf\":{\"@id\":\"https:\\\/\\\/order.grabo.com\\\/fr\\\/#website\"},\"primaryImageOfPage\":{\"@id\":\"https:\\\/\\\/order.grabo.com\\\/fr\\\/product\\\/grabo-pro-lifter-20\\\/#primaryimage\"},\"image\":{\"@id\":\"https:\\\/\\\/order.grabo.com\\\/fr\\\/product\\\/grabo-pro-lifter-20\\\/#primaryimage\"},\"thumbnailUrl\":\"https:\\\/\\\/order.grabo.com\\\/wp-content\\\/uploads\\\/2020\\\/12\\\/GraboPro_New_USA-1.png\",\"datePublished\":\"2020-12-05T16:23:53+00:00\",\"dateModified\":\"2025-12-05T21:46:41+00:00\",\"description\":\"Nouveau 2023 version am\u00e9lior\u00e9e avec affichage num\u00e9rique - GRABO Pro est \u00e9quip\u00e9 d'un capteur de pression num\u00e9rique intelligent, d'un affichage du levage maximum et de r\u00e9glages intelligents pour le poids et la pression.\",\"breadcrumb\":{\"@id\":\"https:\\\/\\\/order.grabo.com\\\/fr\\\/product\\\/grabo-pro-lifter-20\\\/#breadcrumb\"},\"inLanguage\":\"fr-FR\",\"potentialAction\":[{\"@type\":\"ReadAction\",\"target\":[\"https:\\\/\\\/order.grabo.com\\\/fr\\\/product\\\/grabo-pro-lifter-20\\\/\"]}]},{\"@type\":\"ImageObject\",\"inLanguage\":\"fr-FR\",\"@id\":\"https:\\\/\\\/order.grabo.com\\\/fr\\\/product\\\/grabo-pro-lifter-20\\\/#primaryimage\",\"url\":\"https:\\\/\\\/order.grabo.com\\\/wp-content\\\/uploads\\\/2020\\\/12\\\/GraboPro_New_USA-1.png\",\"contentUrl\":\"https:\\\/\\\/order.grabo.com\\\/wp-content\\\/uploads\\\/2020\\\/12\\\/GraboPro_New_USA-1.png\",\"width\":1500,\"height\":1500},{\"@type\":\"BreadcrumbList\",\"@id\":\"https:\\\/\\\/order.grabo.com\\\/fr\\\/product\\\/grabo-pro-lifter-20\\\/#breadcrumb\",\"itemListElement\":[{\"@type\":\"ListItem\",\"position\":1,\"name\":\"Home\",\"item\":\"https:\\\/\\\/order.grabo.com\\\/fr\\\/\"},{\"@type\":\"ListItem\",\"position\":2,\"name\":\"GRABO Factory Shop\",\"item\":\"https:\\\/\\\/order.grabo.com\\\/\"},{\"@type\":\"ListItem\",\"position\":3,\"name\":\"GRABO PRO\"}]},{\"@type\":\"WebSite\",\"@id\":\"https:\\\/\\\/order.grabo.com\\\/fr\\\/#website\",\"url\":\"https:\\\/\\\/order.grabo.com\\\/fr\\\/\",\"name\":\"GRABO Factory Shop\",\"description\":\"GRABO Factory Shop\",\"publisher\":{\"@id\":\"https:\\\/\\\/order.grabo.com\\\/fr\\\/#organization\"},\"potentialAction\":[{\"@type\":\"SearchAction\",\"target\":{\"@type\":\"EntryPoint\",\"urlTemplate\":\"https:\\\/\\\/order.grabo.com\\\/fr\\\/?s={search_term_string}\"},\"query-input\":{\"@type\":\"PropertyValueSpecification\",\"valueRequired\":true,\"valueName\":\"search_term_string\"}}],\"inLanguage\":\"fr-FR\"},{\"@type\":\"Organization\",\"@id\":\"https:\\\/\\\/order.grabo.com\\\/fr\\\/#organization\",\"name\":\"GRABO\",\"url\":\"https:\\\/\\\/order.grabo.com\\\/fr\\\/\",\"logo\":{\"@type\":\"ImageObject\",\"inLanguage\":\"fr-FR\",\"@id\":\"https:\\\/\\\/order.grabo.com\\\/fr\\\/#\\\/schema\\\/logo\\\/image\\\/\",\"url\":\"https:\\\/\\\/order.grabo.com\\\/wp-content\\\/uploads\\\/2020\\\/12\\\/GRABO-Pro-1.jpeg\",\"contentUrl\":\"https:\\\/\\\/order.grabo.com\\\/wp-content\\\/uploads\\\/2020\\\/12\\\/GRABO-Pro-1.jpeg\",\"width\":1712,\"height\":1712,\"caption\":\"GRABO\"},\"image\":{\"@id\":\"https:\\\/\\\/order.grabo.com\\\/fr\\\/#\\\/schema\\\/logo\\\/image\\\/\"},\"sameAs\":[\"https:\\\/\\\/www.facebook.com\\\/GRABO.tools\",\"https:\\\/\\\/x.com\\\/grabotools\",\"https:\\\/\\\/www.instagram.com\\\/grabo.tools\\\/?hl=en\"]}]}<\/script>\n<!-- \/ Yoast SEO plugin. -->","yoast_head_json":{"title":"GRABO PRO - GRABO Factory Shop","description":"Nouveau 2023 version am\u00e9lior\u00e9e avec affichage num\u00e9rique - GRABO Pro est \u00e9quip\u00e9 d'un capteur de pression num\u00e9rique intelligent, d'un affichage du levage maximum et de r\u00e9glages intelligents pour le poids et la pression.","robots":{"index":"index","follow":"follow","max-snippet":"max-snippet:-1","max-image-preview":"max-image-preview:large","max-video-preview":"max-video-preview:-1"},"canonical":"https:\/\/order.grabo.com\/fr\/product\/grabo-pro-lifter-20\/","og_locale":"fr_FR","og_type":"article","og_title":"GRABO PRO - GRABO Factory Shop","og_description":"Nouveau 2023 version am\u00e9lior\u00e9e avec affichage num\u00e9rique - GRABO Pro est \u00e9quip\u00e9 d'un capteur de pression num\u00e9rique intelligent, d'un affichage du levage maximum et de r\u00e9glages intelligents pour le poids et la pression.","og_url":"https:\/\/order.grabo.com\/fr\/product\/grabo-pro-lifter-20\/","og_site_name":"GRABO Factory Shop","article_publisher":"https:\/\/www.facebook.com\/GRABO.tools","article_modified_time":"2025-12-05T21:46:41+00:00","og_image":[{"width":1024,"height":1024,"url":"https:\/\/order.grabo.com\/wp-content\/uploads\/2020\/12\/GraboPro_New_USA-1-1024x1024.png","type":"image\/png"}],"twitter_card":"summary_large_image","twitter_site":"@grabotools","twitter_misc":{"Dur\u00e9e de lecture estim\u00e9e":"2 minutes"},"schema":{"@context":"https:\/\/schema.org","@graph":[{"@type":"WebPage","@id":"https:\/\/order.grabo.com\/fr\/product\/grabo-pro-lifter-20\/","url":"https:\/\/order.grabo.com\/fr\/product\/grabo-pro-lifter-20\/","name":"GRABO PRO - GRABO Factory Shop","isPartOf":{"@id":"https:\/\/order.grabo.com\/fr\/#website"},"primaryImageOfPage":{"@id":"https:\/\/order.grabo.com\/fr\/product\/grabo-pro-lifter-20\/#primaryimage"},"image":{"@id":"https:\/\/order.grabo.com\/fr\/product\/grabo-pro-lifter-20\/#primaryimage"},"thumbnailUrl":"https:\/\/order.grabo.com\/wp-content\/uploads\/2020\/12\/GraboPro_New_USA-1.png","datePublished":"2020-12-05T16:23:53+00:00","dateModified":"2025-12-05T21:46:41+00:00","description":"Nouveau 2023 version am\u00e9lior\u00e9e avec affichage num\u00e9rique - GRABO Pro est \u00e9quip\u00e9 d'un capteur de pression num\u00e9rique intelligent, d'un affichage du levage maximum et de r\u00e9glages intelligents pour le poids et la pression.","breadcrumb":{"@id":"https:\/\/order.grabo.com\/fr\/product\/grabo-pro-lifter-20\/#breadcrumb"},"inLanguage":"fr-FR","potentialAction":[{"@type":"ReadAction","target":["https:\/\/order.grabo.com\/fr\/product\/grabo-pro-lifter-20\/"]}]},{"@type":"ImageObject","inLanguage":"fr-FR","@id":"https:\/\/order.grabo.com\/fr\/product\/grabo-pro-lifter-20\/#primaryimage","url":"https:\/\/order.grabo.com\/wp-content\/uploads\/2020\/12\/GraboPro_New_USA-1.png","contentUrl":"https:\/\/order.grabo.com\/wp-content\/uploads\/2020\/12\/GraboPro_New_USA-1.png","width":1500,"height":1500},{"@type":"BreadcrumbList","@id":"https:\/\/order.grabo.com\/fr\/product\/grabo-pro-lifter-20\/#breadcrumb","itemListElement":[{"@type":"ListItem","position":1,"name":"Home","item":"https:\/\/order.grabo.com\/fr\/"},{"@type":"ListItem","position":2,"name":"GRABO Factory Shop","item":"https:\/\/order.grabo.com\/"},{"@type":"ListItem","position":3,"name":"GRABO PRO"}]},{"@type":"WebSite","@id":"https:\/\/order.grabo.com\/fr\/#website","url":"https:\/\/order.grabo.com\/fr\/","name":"GRABO Factory Shop","description":"GRABO Factory Shop","publisher":{"@id":"https:\/\/order.grabo.com\/fr\/#organization"},"potentialAction":[{"@type":"SearchAction","target":{"@type":"EntryPoint","urlTemplate":"https:\/\/order.grabo.com\/fr\/?s={search_term_string}"},"query-input":{"@type":"PropertyValueSpecification","valueRequired":true,"valueName":"search_term_string"}}],"inLanguage":"fr-FR"},{"@type":"Organization","@id":"https:\/\/order.grabo.com\/fr\/#organization","name":"GRABO","url":"https:\/\/order.grabo.com\/fr\/","logo":{"@type":"ImageObject","inLanguage":"fr-FR","@id":"https:\/\/order.grabo.com\/fr\/#\/schema\/logo\/image\/","url":"https:\/\/order.grabo.com\/wp-content\/uploads\/2020\/12\/GRABO-Pro-1.jpeg","contentUrl":"https:\/\/order.grabo.com\/wp-content\/uploads\/2020\/12\/GRABO-Pro-1.jpeg","width":1712,"height":1712,"caption":"GRABO"},"image":{"@id":"https:\/\/order.grabo.com\/fr\/#\/schema\/logo\/image\/"},"sameAs":["https:\/\/www.facebook.com\/GRABO.tools","https:\/\/x.com\/grabotools","https:\/\/www.instagram.com\/grabo.tools\/?hl=en"]}]}},"_links":{"self":[{"href":"https:\/\/order.grabo.com\/fr\/wp-json\/wp\/v2\/product\/7823","targetHints":{"allow":["GET"]}}],"collection":[{"href":"https:\/\/order.grabo.com\/fr\/wp-json\/wp\/v2\/product"}],"about":[{"href":"https:\/\/order.grabo.com\/fr\/wp-json\/wp\/v2\/types\/product"}],"replies":[{"embeddable":true,"href":"https:\/\/order.grabo.com\/fr\/wp-json\/wp\/v2\/comments?post=7823"}],"wp:featuredmedia":[{"embeddable":true,"href":"https:\/\/order.grabo.com\/fr\/wp-json\/wp\/v2\/media\/21293"}],"wp:attachment":[{"href":"https:\/\/order.grabo.com\/fr\/wp-json\/wp\/v2\/media?parent=7823"}],"wp:term":[{"taxonomy":"product_brand","embeddable":true,"href":"https:\/\/order.grabo.com\/fr\/wp-json\/wp\/v2\/product_brand?post=7823"},{"taxonomy":"product_cat","embeddable":true,"href":"https:\/\/order.grabo.com\/fr\/wp-json\/wp\/v2\/product_cat?post=7823"},{"taxonomy":"product_tag","embeddable":true,"href":"https:\/\/order.grabo.com\/fr\/wp-json\/wp\/v2\/product_tag?post=7823"}],"curies":[{"name":"wp","href":"https:\/\/api.w.org\/{rel}","templated":true}]}}