{"id":7948,"date":"2020-12-06T10:11:54","date_gmt":"2020-12-06T10:11:54","guid":{"rendered":"https:\/\/factory.grabo.com\/product\/nemo-grabo\/"},"modified":"2025-12-05T21:06:46","modified_gmt":"2025-12-05T21:06:46","slug":"nemo-grabo","status":"publish","type":"product","link":"https:\/\/order.grabo.com\/es\/product\/nemo-grabo\/","title":{"rendered":"NEMO GRABO 1 Bater\u00eda y 1 Junta"},"content":{"rendered":"<p>Nemo GRABO classic es la primera ventosa el\u00e9ctrica con pilas del mundo. Tiene un dise\u00f1o resistente, fuerte y f\u00e1cil de manejar que la convierte en un \u00e9xito de ventas instant\u00e1neo. La presi\u00f3n se muestra en un man\u00f3metro mec\u00e1nico situado en la base de la herramienta para facilitar su visualizaci\u00f3n. Utilice el man\u00f3metro para comprobar que se encuentra en la zona de elevaci\u00f3n segura antes de levantar el material. La bomba de vac\u00edo GRABO mueve 20 litros de aire por minuto, lo que proporciona una enorme capacidad de elevaci\u00f3n y es capaz de levantar casi cualquier superficie con un peso de hasta 170 kg. La junta de gomaespuma patentada que viene con la herramienta Nemo GRABO es fuerte y resistente al desgaste, pero f\u00e1cil de sustituir si se da\u00f1a. Una vez activada la herramienta, el sello se crea en segundos y se adhiere firmemente a casi cualquier superficie, incluidas las superficies irregulares y ligeramente porosas. GRABO est\u00e1 equipado con cuatro orejetas de elevaci\u00f3n de acero situadas a ambos lados del mango de la herramienta. Esto permite utilizar la herramienta con correas de elevaci\u00f3n y accesorios de fijaci\u00f3n adicionales.<\/p>\n<p>GRABO viene con una garant\u00eda completa de f\u00e1brica de 12 meses que puede ampliarse a 18 meses al registrar su producto en nuestro sitio web. Con un soporte t\u00e9cnico profesional con sede en EE.UU., si tiene alg\u00fan problema, no dude en comunic\u00e1rnoslo. \u00a1Estamos aqu\u00ed para que siga trabajando!<\/p>\n<p><img loading=\"lazy\" decoding=\"async\" class=\"alignnone size-medium wp-image-429\" src=\"https:\/\/order.grabo.com\/wp-content\/uploads\/2020\/12\/Z8A9459-200x300.jpg\" alt=\"\" width=\"200\" height=\"300\" srcset=\"https:\/\/order.grabo.com\/wp-content\/uploads\/2020\/12\/Z8A9459-200x300.jpg 200w, https:\/\/order.grabo.com\/wp-content\/uploads\/2020\/12\/Z8A9459-683x1024.jpg 683w, https:\/\/order.grabo.com\/wp-content\/uploads\/2020\/12\/Z8A9459-768x1152.jpg 768w, https:\/\/order.grabo.com\/wp-content\/uploads\/2020\/12\/Z8A9459-1024x1536.jpg 1024w, https:\/\/order.grabo.com\/wp-content\/uploads\/2020\/12\/Z8A9459-1365x2048.jpg 1365w, https:\/\/order.grabo.com\/wp-content\/uploads\/2020\/12\/Z8A9459-600x900.jpg 600w, https:\/\/order.grabo.com\/wp-content\/uploads\/2020\/12\/Z8A9459-scaled.jpg 1707w\" sizes=\"auto, (max-width: 200px) 100vw, 200px\" \/><img loading=\"lazy\" decoding=\"async\" class=\"alignnone size-medium wp-image-430\" src=\"https:\/\/order.grabo.com\/wp-content\/uploads\/2020\/12\/01-225x300.jpg\" alt=\"\" width=\"225\" height=\"300\" srcset=\"https:\/\/order.grabo.com\/wp-content\/uploads\/2020\/12\/01-225x300.jpg 225w, https:\/\/order.grabo.com\/wp-content\/uploads\/2020\/12\/01-768x1024.jpg 768w, https:\/\/order.grabo.com\/wp-content\/uploads\/2020\/12\/01-1152x1536.jpg 1152w, https:\/\/order.grabo.com\/wp-content\/uploads\/2020\/12\/01-1536x2048.jpg 1536w, https:\/\/order.grabo.com\/wp-content\/uploads\/2020\/12\/01-600x800.jpg 600w, https:\/\/order.grabo.com\/wp-content\/uploads\/2020\/12\/01-scaled.jpg 1920w\" sizes=\"auto, (max-width: 225px) 100vw, 225px\" \/> <img loading=\"lazy\" decoding=\"async\" class=\"alignnone size-medium wp-image-431\" src=\"https:\/\/order.grabo.com\/wp-content\/uploads\/2020\/12\/0Z8A7335-300x200.jpg\" alt=\"\" width=\"300\" height=\"200\" srcset=\"https:\/\/order.grabo.com\/wp-content\/uploads\/2020\/12\/0Z8A7335-300x200.jpg 300w, https:\/\/order.grabo.com\/wp-content\/uploads\/2020\/12\/0Z8A7335-1024x683.jpg 1024w, https:\/\/order.grabo.com\/wp-content\/uploads\/2020\/12\/0Z8A7335-768x512.jpg 768w, https:\/\/order.grabo.com\/wp-content\/uploads\/2020\/12\/0Z8A7335-1536x1024.jpg 1536w, https:\/\/order.grabo.com\/wp-content\/uploads\/2020\/12\/0Z8A7335-2048x1365.jpg 2048w, https:\/\/order.grabo.com\/wp-content\/uploads\/2020\/12\/0Z8A7335-600x400.jpg 600w, https:\/\/order.grabo.com\/wp-content\/uploads\/2020\/12\/0Z8A7335-scaled.jpg 2560w\" sizes=\"auto, (max-width: 300px) 100vw, 300px\" \/><\/p>\n<p><iframe loading=\"lazy\" title=\"Nemo GRABO Introduction and Demonstration\" width=\"500\" height=\"281\" src=\"https:\/\/www.youtube.com\/embed\/-luPqXXl8ug?feature=oembed\" frameborder=\"0\" allow=\"accelerometer; autoplay; clipboard-write; encrypted-media; gyroscope; picture-in-picture; web-share\" referrerpolicy=\"strict-origin-when-cross-origin\" allowfullscreen><\/iframe><\/p>\n<p>&nbsp;<\/p>\n","protected":false},"excerpt":{"rendered":"<p>El kit NEMO GRABO incluye :<\/p>\n<ul>\n<li>Elevador de vac\u00edo el\u00e9ctrico port\u00e1til GRABO Classic con man\u00f3metro anal\u00f3gico<\/li>\n<li>Capacidad de bombeo: 20 litros por minuto<\/li>\n<li>Bater\u00eda y cargador de bater\u00eda con adaptador internacional<\/li>\n<li>Junta de gomaespuma preinstalada en la herramienta<\/li>\n<li>Bolsa de transporte de nylon resistente<\/li>\n<li>Filtros de repuesto<\/li>\n<li>Manual en ingl\u00e9s y caja expositora de colores<\/li>\n<\/ul>\n","protected":false},"featured_media":21077,"comment_status":"open","ping_status":"closed","template":"","meta":{"_acf_changed":false},"product_brand":[],"product_cat":[154],"product_tag":[],"class_list":{"0":"post-7948","1":"product","2":"type-product","3":"status-publish","4":"has-post-thumbnail","6":"product_cat-herramientas","8":"first","9":"instock","10":"featured","11":"taxable","12":"shipping-taxable","13":"purchasable","14":"product-type-simple"},"acf":[],"yoast_head":"<!-- This site is optimized with the Yoast SEO plugin v27.2 - https:\/\/yoast.com\/product\/yoast-seo-wordpress\/ -->\n<title>NEMO GRABO 1 Bater\u00eda y 1 Junta - GRABO Factory Shop<\/title>\n<meta name=\"description\" content=\"The original GRABO. The classic tool that changed the way we lift, hold, stabilize and move materials. GRABO has proven to be the ultimate game changer.\" \/>\n<meta name=\"robots\" content=\"index, follow, max-snippet:-1, max-image-preview:large, max-video-preview:-1\" \/>\n<link rel=\"canonical\" href=\"https:\/\/order.grabo.com\/es\/product\/nemo-grabo\/\" \/>\n<meta property=\"og:locale\" content=\"es_ES\" \/>\n<meta property=\"og:type\" content=\"article\" \/>\n<meta property=\"og:title\" content=\"NEMO GRABO 1 Bater\u00eda y 1 Junta - GRABO Factory Shop\" \/>\n<meta property=\"og:description\" content=\"The original GRABO. The classic tool that changed the way we lift, hold, stabilize and move materials. GRABO has proven to be the ultimate game changer.\" \/>\n<meta property=\"og:url\" content=\"https:\/\/order.grabo.com\/es\/product\/nemo-grabo\/\" \/>\n<meta property=\"og:site_name\" content=\"GRABO Factory Shop\" \/>\n<meta property=\"article:publisher\" content=\"https:\/\/www.facebook.com\/GRABO.tools\" \/>\n<meta property=\"article:modified_time\" content=\"2025-12-05T21:06:46+00:00\" \/>\n<meta property=\"og:image\" content=\"https:\/\/order.grabo.com\/wp-content\/uploads\/2020\/12\/thumbnail-3-1024x1024.png\" \/>\n\t<meta property=\"og:image:width\" content=\"1024\" \/>\n\t<meta property=\"og:image:height\" content=\"1024\" \/>\n\t<meta property=\"og:image:type\" content=\"image\/png\" \/>\n<meta name=\"twitter:card\" content=\"summary_large_image\" \/>\n<meta name=\"twitter:site\" content=\"@grabotools\" \/>\n<meta name=\"twitter:label1\" content=\"Tiempo de lectura\" \/>\n\t<meta name=\"twitter:data1\" content=\"2 minutos\" \/>\n<script type=\"application\/ld+json\" class=\"yoast-schema-graph\">{\"@context\":\"https:\/\/schema.org\",\"@graph\":[{\"@type\":\"WebPage\",\"@id\":\"https:\/\/order.grabo.com\/es\/product\/nemo-grabo\/\",\"url\":\"https:\/\/order.grabo.com\/es\/product\/nemo-grabo\/\",\"name\":\"NEMO GRABO 1 Bater\u00eda y 1 Junta - GRABO Factory Shop\",\"isPartOf\":{\"@id\":\"https:\/\/order.grabo.com\/es\/#website\"},\"primaryImageOfPage\":{\"@id\":\"https:\/\/order.grabo.com\/es\/product\/nemo-grabo\/#primaryimage\"},\"image\":{\"@id\":\"https:\/\/order.grabo.com\/es\/product\/nemo-grabo\/#primaryimage\"},\"thumbnailUrl\":\"https:\/\/order.grabo.com\/wp-content\/uploads\/2020\/12\/thumbnail-3.png\",\"datePublished\":\"2020-12-06T10:11:54+00:00\",\"dateModified\":\"2025-12-05T21:06:46+00:00\",\"description\":\"The original GRABO. The classic tool that changed the way we lift, hold, stabilize and move materials. GRABO has proven to be the ultimate game changer.\",\"breadcrumb\":{\"@id\":\"https:\/\/order.grabo.com\/es\/product\/nemo-grabo\/#breadcrumb\"},\"inLanguage\":\"es\",\"potentialAction\":[{\"@type\":\"ReadAction\",\"target\":[\"https:\/\/order.grabo.com\/es\/product\/nemo-grabo\/\"]}]},{\"@type\":\"ImageObject\",\"inLanguage\":\"es\",\"@id\":\"https:\/\/order.grabo.com\/es\/product\/nemo-grabo\/#primaryimage\",\"url\":\"https:\/\/order.grabo.com\/wp-content\/uploads\/2020\/12\/thumbnail-3.png\",\"contentUrl\":\"https:\/\/order.grabo.com\/wp-content\/uploads\/2020\/12\/thumbnail-3.png\",\"width\":1500,\"height\":1500},{\"@type\":\"BreadcrumbList\",\"@id\":\"https:\/\/order.grabo.com\/es\/product\/nemo-grabo\/#breadcrumb\",\"itemListElement\":[{\"@type\":\"ListItem\",\"position\":1,\"name\":\"Home\",\"item\":\"https:\/\/order.grabo.com\/es\/\"},{\"@type\":\"ListItem\",\"position\":2,\"name\":\"GRABO Factory Shop\",\"item\":\"https:\/\/order.grabo.com\/\"},{\"@type\":\"ListItem\",\"position\":3,\"name\":\"NEMO GRABO 1 Bater\u00eda y 1 Junta\"}]},{\"@type\":\"WebSite\",\"@id\":\"https:\/\/order.grabo.com\/es\/#website\",\"url\":\"https:\/\/order.grabo.com\/es\/\",\"name\":\"GRABO Factory Shop\",\"description\":\"GRABO Factory Shop\",\"publisher\":{\"@id\":\"https:\/\/order.grabo.com\/es\/#organization\"},\"potentialAction\":[{\"@type\":\"SearchAction\",\"target\":{\"@type\":\"EntryPoint\",\"urlTemplate\":\"https:\/\/order.grabo.com\/es\/?s={search_term_string}\"},\"query-input\":{\"@type\":\"PropertyValueSpecification\",\"valueRequired\":true,\"valueName\":\"search_term_string\"}}],\"inLanguage\":\"es\"},{\"@type\":\"Organization\",\"@id\":\"https:\/\/order.grabo.com\/es\/#organization\",\"name\":\"GRABO\",\"url\":\"https:\/\/order.grabo.com\/es\/\",\"logo\":{\"@type\":\"ImageObject\",\"inLanguage\":\"es\",\"@id\":\"https:\/\/order.grabo.com\/es\/#\/schema\/logo\/image\/\",\"url\":\"https:\/\/order.grabo.com\/wp-content\/uploads\/2020\/12\/GRABO-Pro-1.jpeg\",\"contentUrl\":\"https:\/\/order.grabo.com\/wp-content\/uploads\/2020\/12\/GRABO-Pro-1.jpeg\",\"width\":1712,\"height\":1712,\"caption\":\"GRABO\"},\"image\":{\"@id\":\"https:\/\/order.grabo.com\/es\/#\/schema\/logo\/image\/\"},\"sameAs\":[\"https:\/\/www.facebook.com\/GRABO.tools\",\"https:\/\/x.com\/grabotools\",\"https:\/\/www.instagram.com\/grabo.tools\/?hl=en\"]}]}<\/script>\n<!-- \/ Yoast SEO plugin. -->","yoast_head_json":{"title":"NEMO GRABO 1 Bater\u00eda y 1 Junta - GRABO Factory Shop","description":"The original GRABO. The classic tool that changed the way we lift, hold, stabilize and move materials. GRABO has proven to be the ultimate game changer.","robots":{"index":"index","follow":"follow","max-snippet":"max-snippet:-1","max-image-preview":"max-image-preview:large","max-video-preview":"max-video-preview:-1"},"canonical":"https:\/\/order.grabo.com\/es\/product\/nemo-grabo\/","og_locale":"es_ES","og_type":"article","og_title":"NEMO GRABO 1 Bater\u00eda y 1 Junta - GRABO Factory Shop","og_description":"The original GRABO. The classic tool that changed the way we lift, hold, stabilize and move materials. GRABO has proven to be the ultimate game changer.","og_url":"https:\/\/order.grabo.com\/es\/product\/nemo-grabo\/","og_site_name":"GRABO Factory Shop","article_publisher":"https:\/\/www.facebook.com\/GRABO.tools","article_modified_time":"2025-12-05T21:06:46+00:00","og_image":[{"width":1024,"height":1024,"url":"https:\/\/order.grabo.com\/wp-content\/uploads\/2020\/12\/thumbnail-3-1024x1024.png","type":"image\/png"}],"twitter_card":"summary_large_image","twitter_site":"@grabotools","twitter_misc":{"Tiempo de lectura":"2 minutos"},"schema":{"@context":"https:\/\/schema.org","@graph":[{"@type":"WebPage","@id":"https:\/\/order.grabo.com\/es\/product\/nemo-grabo\/","url":"https:\/\/order.grabo.com\/es\/product\/nemo-grabo\/","name":"NEMO GRABO 1 Bater\u00eda y 1 Junta - GRABO Factory Shop","isPartOf":{"@id":"https:\/\/order.grabo.com\/es\/#website"},"primaryImageOfPage":{"@id":"https:\/\/order.grabo.com\/es\/product\/nemo-grabo\/#primaryimage"},"image":{"@id":"https:\/\/order.grabo.com\/es\/product\/nemo-grabo\/#primaryimage"},"thumbnailUrl":"https:\/\/order.grabo.com\/wp-content\/uploads\/2020\/12\/thumbnail-3.png","datePublished":"2020-12-06T10:11:54+00:00","dateModified":"2025-12-05T21:06:46+00:00","description":"The original GRABO. The classic tool that changed the way we lift, hold, stabilize and move materials. GRABO has proven to be the ultimate game changer.","breadcrumb":{"@id":"https:\/\/order.grabo.com\/es\/product\/nemo-grabo\/#breadcrumb"},"inLanguage":"es","potentialAction":[{"@type":"ReadAction","target":["https:\/\/order.grabo.com\/es\/product\/nemo-grabo\/"]}]},{"@type":"ImageObject","inLanguage":"es","@id":"https:\/\/order.grabo.com\/es\/product\/nemo-grabo\/#primaryimage","url":"https:\/\/order.grabo.com\/wp-content\/uploads\/2020\/12\/thumbnail-3.png","contentUrl":"https:\/\/order.grabo.com\/wp-content\/uploads\/2020\/12\/thumbnail-3.png","width":1500,"height":1500},{"@type":"BreadcrumbList","@id":"https:\/\/order.grabo.com\/es\/product\/nemo-grabo\/#breadcrumb","itemListElement":[{"@type":"ListItem","position":1,"name":"Home","item":"https:\/\/order.grabo.com\/es\/"},{"@type":"ListItem","position":2,"name":"GRABO Factory Shop","item":"https:\/\/order.grabo.com\/"},{"@type":"ListItem","position":3,"name":"NEMO GRABO 1 Bater\u00eda y 1 Junta"}]},{"@type":"WebSite","@id":"https:\/\/order.grabo.com\/es\/#website","url":"https:\/\/order.grabo.com\/es\/","name":"GRABO Factory Shop","description":"GRABO Factory Shop","publisher":{"@id":"https:\/\/order.grabo.com\/es\/#organization"},"potentialAction":[{"@type":"SearchAction","target":{"@type":"EntryPoint","urlTemplate":"https:\/\/order.grabo.com\/es\/?s={search_term_string}"},"query-input":{"@type":"PropertyValueSpecification","valueRequired":true,"valueName":"search_term_string"}}],"inLanguage":"es"},{"@type":"Organization","@id":"https:\/\/order.grabo.com\/es\/#organization","name":"GRABO","url":"https:\/\/order.grabo.com\/es\/","logo":{"@type":"ImageObject","inLanguage":"es","@id":"https:\/\/order.grabo.com\/es\/#\/schema\/logo\/image\/","url":"https:\/\/order.grabo.com\/wp-content\/uploads\/2020\/12\/GRABO-Pro-1.jpeg","contentUrl":"https:\/\/order.grabo.com\/wp-content\/uploads\/2020\/12\/GRABO-Pro-1.jpeg","width":1712,"height":1712,"caption":"GRABO"},"image":{"@id":"https:\/\/order.grabo.com\/es\/#\/schema\/logo\/image\/"},"sameAs":["https:\/\/www.facebook.com\/GRABO.tools","https:\/\/x.com\/grabotools","https:\/\/www.instagram.com\/grabo.tools\/?hl=en"]}]}},"_links":{"self":[{"href":"https:\/\/order.grabo.com\/es\/wp-json\/wp\/v2\/product\/7948","targetHints":{"allow":["GET"]}}],"collection":[{"href":"https:\/\/order.grabo.com\/es\/wp-json\/wp\/v2\/product"}],"about":[{"href":"https:\/\/order.grabo.com\/es\/wp-json\/wp\/v2\/types\/product"}],"replies":[{"embeddable":true,"href":"https:\/\/order.grabo.com\/es\/wp-json\/wp\/v2\/comments?post=7948"}],"wp:featuredmedia":[{"embeddable":true,"href":"https:\/\/order.grabo.com\/es\/wp-json\/wp\/v2\/media\/21077"}],"wp:attachment":[{"href":"https:\/\/order.grabo.com\/es\/wp-json\/wp\/v2\/media?parent=7948"}],"wp:term":[{"taxonomy":"product_brand","embeddable":true,"href":"https:\/\/order.grabo.com\/es\/wp-json\/wp\/v2\/product_brand?post=7948"},{"taxonomy":"product_cat","embeddable":true,"href":"https:\/\/order.grabo.com\/es\/wp-json\/wp\/v2\/product_cat?post=7948"},{"taxonomy":"product_tag","embeddable":true,"href":"https:\/\/order.grabo.com\/es\/wp-json\/wp\/v2\/product_tag?post=7948"}],"curies":[{"name":"wp","href":"https:\/\/api.w.org\/{rel}","templated":true}]}}