{"id":7946,"date":"2020-12-16T05:42:44","date_gmt":"2020-12-16T05:42:44","guid":{"rendered":"https:\/\/factory.grabo.com\/product\/foam-rubber-seal\/"},"modified":"2024-07-26T04:11:52","modified_gmt":"2024-07-26T04:11:52","slug":"foam-rubber-seal","status":"publish","type":"product","link":"https:\/\/order.grabo.com\/es\/product\/foam-rubber-seal\/","title":{"rendered":"GRABO Standard Foam Seal"},"content":{"rendered":"<div id=\"new_columns-107-391\" class=\"ct-new-columns\" style=\"text-align: left;\">\n<div id=\"div_block-108-391\" class=\"ct-div-block\">\n<div id=\"text_block-114-391\" class=\"ct-text-block\">Con el uso continuado, las juntas se desgastan. Cuando la junta GRABO finalmente se desgasta, la capacidad de elevaci\u00f3n disminuye. En este caso, puede sustituir la junta desgastada a mano en cuesti\u00f3n de segundos.<br \/>\nPuede utilizar la de repuesto suministrada con el kit. Alternativamente, puede comprar otras tantas a cualquiera de los distribuidores o minoristas. Esta junta de gomaespuma de alta fricci\u00f3n patentada se adapta a todos los modelos GRABO.<\/div>\n<\/div>\n<div id=\"div_block-116-391\" class=\"ct-div-block\">\n<div id=\"slider-117-391\" class=\"ct-slider slider-product ct_unique_slider_5883\">\n<div class=\"unslider\">\n<div class=\"oxygen-unslider-container unslider-horizontal\">\n<div id=\"slide-132-756\" class=\"ct-slide\"><img loading=\"lazy\" decoding=\"async\" class=\"alignnone size-medium wp-image-468\" src=\"https:\/\/order.grabo.com\/wp-content\/uploads\/2020\/12\/Z8A5930-1-scaled-1-300x200.jpg\" alt=\"GRABO replacement seal\" width=\"300\" height=\"200\" srcset=\"https:\/\/order.grabo.com\/wp-content\/uploads\/2020\/12\/Z8A5930-1-scaled-1-300x200.jpg 300w, https:\/\/order.grabo.com\/wp-content\/uploads\/2020\/12\/Z8A5930-1-scaled-1-1024x683.jpg 1024w, https:\/\/order.grabo.com\/wp-content\/uploads\/2020\/12\/Z8A5930-1-scaled-1-768x512.jpg 768w, https:\/\/order.grabo.com\/wp-content\/uploads\/2020\/12\/Z8A5930-1-scaled-1-1536x1024.jpg 1536w, https:\/\/order.grabo.com\/wp-content\/uploads\/2020\/12\/Z8A5930-1-scaled-1-2048x1366.jpg 2048w, https:\/\/order.grabo.com\/wp-content\/uploads\/2020\/12\/Z8A5930-1-scaled-1-600x400.jpg 600w, https:\/\/order.grabo.com\/wp-content\/uploads\/2020\/12\/Z8A5930-1-scaled-1.jpg 2560w\" sizes=\"auto, (max-width: 300px) 100vw, 300px\" \/><\/div>\n<\/div>\n<\/div>\n<\/div>\n<\/div>\n<\/div>\n<div id=\"div_block-134-756\" class=\"ct-div-block\" style=\"text-align: left;\">\n<h3 id=\"headline-135-756\" class=\"ct-headline\">Specifications:<\/h3>\n<div id=\"_rich_text-136-756\" class=\"oxy-rich-text table-spec\">\n<table class=\"table-spec\">\n<tbody>\n<tr>\n<th colspan=\"2\">Junta de espuma negra<\/th>\n<\/tr>\n<tr>\n<th>Material<\/th>\n<td>Esponja de espuma de caucho SBR<\/td>\n<\/tr>\n<tr>\n<th>Color<\/th>\n<td>Negro<\/td>\n<\/tr>\n<tr>\n<th>L x W x H<\/th>\n<td>11.5 x 6.9 x 0.7\u201d (293 x 175 x 19 mm)<\/td>\n<\/tr>\n<tr>\n<th>Densidad<\/th>\n<td>10.6 Lb\/cft (170 kg\/m^3)<\/td>\n<\/tr>\n<tr>\n<th>Dureza, Shore C<\/th>\n<td>~10 +\/-2<\/td>\n<\/tr>\n<tr>\n<th>Presi\u00f3n de desgarro<\/th>\n<td>1800 Psi (126 kg\/cm^2)<\/td>\n<\/tr>\n<tr>\n<th>Compresi\u00f3n al 25% de tama\u00f1o en<\/th>\n<td>8.5 Psi (6000 kg\/m^2)<\/td>\n<\/tr>\n<tr>\n<th>Absorci\u00f3n de agua, %.<\/th>\n<td>&lt;=5<\/td>\n<\/tr>\n<tr>\n<th>Contracci\u00f3n a 160F (70C) durante 24 h, %.<\/th>\n<td>&lt;=20<\/td>\n<\/tr>\n<tr>\n<th>Temperatura de almacenamiento recomendada<\/th>\n<td>Temperatura ambiente<\/td>\n<\/tr>\n<tr>\n<th colspan=\"2\">Sello rojo<\/th>\n<\/tr>\n<tr>\n<th>Material<\/th>\n<td>Espuma de silicona<\/td>\n<\/tr>\n<tr>\n<th>Color<\/th>\n<td>Rojo<\/td>\n<\/tr>\n<tr>\n<th>Densidad<\/th>\n<td>40.5 Lb\/cft (650 kg\/m^3)<\/td>\n<\/tr>\n<tr>\n<th>Dureza, Shore C<\/th>\n<td>55 +\/-5<\/td>\n<\/tr>\n<tr>\n<th>Absorci\u00f3n de agua, %.<\/th>\n<td>&lt;=4<\/td>\n<\/tr>\n<tr>\n<th>Temperatura de almacenamiento recomendada<\/th>\n<td>Temperatura ambiente<\/td>\n<\/tr>\n<\/tbody>\n<\/table>\n<\/div>\n<\/div>\n<p style=\"text-align: left;\">SKU: RK13001<\/p>\n","protected":false},"excerpt":{"rendered":"<p>La junta de goma-espuma tipo A1 es una junta de goma patentada de c\u00e9lula cerrada y alta fricci\u00f3n, dise\u00f1ada espec\u00edficamente para todos los modelos GRABO. La junta est\u00e1 fabricada con materiales duraderos que proporcionan un ajuste firme y seguro, manteniendo el polvo y la suciedad fuera de su herramienta GRABO. Este producto se presenta en una caja a todo color, lo que facilita su identificaci\u00f3n y almacenamiento. Actualice su herramienta GRABO con la junta de goma-espuma tipo A1 para obtener un rendimiento m\u00e1s eficaz y fiable.<\/p>\n[embed]https:\/\/youtu.be\/ivReLlTKpGs[\/embed]\n","protected":false},"featured_media":20654,"comment_status":"open","ping_status":"closed","template":"","meta":{"_acf_changed":false},"product_brand":[],"product_cat":[192],"product_tag":[],"class_list":{"0":"post-7946","1":"product","2":"type-product","3":"status-publish","4":"has-post-thumbnail","6":"product_cat-accessories-es","8":"first","9":"instock","10":"taxable","11":"shipping-taxable","12":"purchasable","13":"product-type-simple"},"acf":[],"yoast_head":"<!-- This site is optimized with the Yoast SEO plugin v27.2 - https:\/\/yoast.com\/product\/yoast-seo-wordpress\/ -->\n<title>GRABO Standard Foam Seal - GRABO Factory Shop<\/title>\n<meta name=\"robots\" content=\"index, follow, max-snippet:-1, max-image-preview:large, max-video-preview:-1\" \/>\n<link rel=\"canonical\" href=\"https:\/\/order.grabo.com\/es\/product\/foam-rubber-seal\/\" \/>\n<meta property=\"og:locale\" content=\"es_ES\" \/>\n<meta property=\"og:type\" content=\"article\" \/>\n<meta property=\"og:title\" content=\"GRABO Standard Foam Seal - GRABO Factory Shop\" \/>\n<meta property=\"og:description\" content=\"La junta de goma-espuma tipo A1 es una junta de goma patentada de c\u00e9lula cerrada y alta fricci\u00f3n, dise\u00f1ada espec\u00edficamente para todos los modelos GRABO. La junta est\u00e1 fabricada con materiales duraderos que proporcionan un ajuste firme y seguro, manteniendo el polvo y la suciedad fuera de su herramienta GRABO. Este producto se presenta en una caja a todo color, lo que facilita su identificaci\u00f3n y almacenamiento. Actualice su herramienta GRABO con la junta de goma-espuma tipo A1 para obtener un rendimiento m\u00e1s eficaz y fiable.\" \/>\n<meta property=\"og:url\" content=\"https:\/\/order.grabo.com\/es\/product\/foam-rubber-seal\/\" \/>\n<meta property=\"og:site_name\" content=\"GRABO Factory Shop\" \/>\n<meta property=\"article:publisher\" content=\"https:\/\/www.facebook.com\/GRABO.tools\" \/>\n<meta property=\"article:modified_time\" content=\"2024-07-26T04:11:52+00:00\" \/>\n<meta property=\"og:image\" content=\"https:\/\/order.grabo.com\/wp-content\/uploads\/2020\/12\/Standard-Seal.jpg\" \/>\n\t<meta property=\"og:image:width\" content=\"1500\" \/>\n\t<meta property=\"og:image:height\" content=\"1500\" \/>\n\t<meta property=\"og:image:type\" content=\"image\/jpeg\" \/>\n<meta name=\"twitter:card\" content=\"summary_large_image\" \/>\n<meta name=\"twitter:site\" content=\"@grabotools\" \/>\n<meta name=\"twitter:label1\" content=\"Tiempo de lectura\" \/>\n\t<meta name=\"twitter:data1\" content=\"1 minuto\" \/>\n<script type=\"application\/ld+json\" class=\"yoast-schema-graph\">{\"@context\":\"https:\/\/schema.org\",\"@graph\":[{\"@type\":\"WebPage\",\"@id\":\"https:\/\/order.grabo.com\/es\/product\/foam-rubber-seal\/\",\"url\":\"https:\/\/order.grabo.com\/es\/product\/foam-rubber-seal\/\",\"name\":\"GRABO Standard Foam Seal - GRABO Factory Shop\",\"isPartOf\":{\"@id\":\"https:\/\/order.grabo.com\/es\/#website\"},\"primaryImageOfPage\":{\"@id\":\"https:\/\/order.grabo.com\/es\/product\/foam-rubber-seal\/#primaryimage\"},\"image\":{\"@id\":\"https:\/\/order.grabo.com\/es\/product\/foam-rubber-seal\/#primaryimage\"},\"thumbnailUrl\":\"https:\/\/order.grabo.com\/wp-content\/uploads\/2020\/12\/thumbnail-2.png\",\"datePublished\":\"2020-12-16T05:42:44+00:00\",\"dateModified\":\"2024-07-26T04:11:52+00:00\",\"breadcrumb\":{\"@id\":\"https:\/\/order.grabo.com\/es\/product\/foam-rubber-seal\/#breadcrumb\"},\"inLanguage\":\"es\",\"potentialAction\":[{\"@type\":\"ReadAction\",\"target\":[\"https:\/\/order.grabo.com\/es\/product\/foam-rubber-seal\/\"]}]},{\"@type\":\"ImageObject\",\"inLanguage\":\"es\",\"@id\":\"https:\/\/order.grabo.com\/es\/product\/foam-rubber-seal\/#primaryimage\",\"url\":\"https:\/\/order.grabo.com\/wp-content\/uploads\/2020\/12\/thumbnail-2.png\",\"contentUrl\":\"https:\/\/order.grabo.com\/wp-content\/uploads\/2020\/12\/thumbnail-2.png\",\"width\":1500,\"height\":1500},{\"@type\":\"BreadcrumbList\",\"@id\":\"https:\/\/order.grabo.com\/es\/product\/foam-rubber-seal\/#breadcrumb\",\"itemListElement\":[{\"@type\":\"ListItem\",\"position\":1,\"name\":\"Home\",\"item\":\"https:\/\/order.grabo.com\/es\/\"},{\"@type\":\"ListItem\",\"position\":2,\"name\":\"GRABO Factory Shop\",\"item\":\"https:\/\/order.grabo.com\/\"},{\"@type\":\"ListItem\",\"position\":3,\"name\":\"GRABO Standard Foam Seal\"}]},{\"@type\":\"WebSite\",\"@id\":\"https:\/\/order.grabo.com\/es\/#website\",\"url\":\"https:\/\/order.grabo.com\/es\/\",\"name\":\"GRABO Factory Shop\",\"description\":\"GRABO Factory Shop\",\"publisher\":{\"@id\":\"https:\/\/order.grabo.com\/es\/#organization\"},\"potentialAction\":[{\"@type\":\"SearchAction\",\"target\":{\"@type\":\"EntryPoint\",\"urlTemplate\":\"https:\/\/order.grabo.com\/es\/?s={search_term_string}\"},\"query-input\":{\"@type\":\"PropertyValueSpecification\",\"valueRequired\":true,\"valueName\":\"search_term_string\"}}],\"inLanguage\":\"es\"},{\"@type\":\"Organization\",\"@id\":\"https:\/\/order.grabo.com\/es\/#organization\",\"name\":\"GRABO\",\"url\":\"https:\/\/order.grabo.com\/es\/\",\"logo\":{\"@type\":\"ImageObject\",\"inLanguage\":\"es\",\"@id\":\"https:\/\/order.grabo.com\/es\/#\/schema\/logo\/image\/\",\"url\":\"https:\/\/order.grabo.com\/wp-content\/uploads\/2020\/12\/GRABO-Pro-1.jpeg\",\"contentUrl\":\"https:\/\/order.grabo.com\/wp-content\/uploads\/2020\/12\/GRABO-Pro-1.jpeg\",\"width\":1712,\"height\":1712,\"caption\":\"GRABO\"},\"image\":{\"@id\":\"https:\/\/order.grabo.com\/es\/#\/schema\/logo\/image\/\"},\"sameAs\":[\"https:\/\/www.facebook.com\/GRABO.tools\",\"https:\/\/x.com\/grabotools\",\"https:\/\/www.instagram.com\/grabo.tools\/?hl=en\"]}]}<\/script>\n<!-- \/ Yoast SEO plugin. -->","yoast_head_json":{"title":"GRABO Standard Foam Seal - GRABO Factory Shop","robots":{"index":"index","follow":"follow","max-snippet":"max-snippet:-1","max-image-preview":"max-image-preview:large","max-video-preview":"max-video-preview:-1"},"canonical":"https:\/\/order.grabo.com\/es\/product\/foam-rubber-seal\/","og_locale":"es_ES","og_type":"article","og_title":"GRABO Standard Foam Seal - GRABO Factory Shop","og_description":"La junta de goma-espuma tipo A1 es una junta de goma patentada de c\u00e9lula cerrada y alta fricci\u00f3n, dise\u00f1ada espec\u00edficamente para todos los modelos GRABO. La junta est\u00e1 fabricada con materiales duraderos que proporcionan un ajuste firme y seguro, manteniendo el polvo y la suciedad fuera de su herramienta GRABO. Este producto se presenta en una caja a todo color, lo que facilita su identificaci\u00f3n y almacenamiento. Actualice su herramienta GRABO con la junta de goma-espuma tipo A1 para obtener un rendimiento m\u00e1s eficaz y fiable.","og_url":"https:\/\/order.grabo.com\/es\/product\/foam-rubber-seal\/","og_site_name":"GRABO Factory Shop","article_publisher":"https:\/\/www.facebook.com\/GRABO.tools","article_modified_time":"2024-07-26T04:11:52+00:00","og_image":[{"width":1500,"height":1500,"url":"https:\/\/order.grabo.com\/wp-content\/uploads\/2020\/12\/Standard-Seal.jpg","type":"image\/jpeg"}],"twitter_card":"summary_large_image","twitter_site":"@grabotools","twitter_misc":{"Tiempo de lectura":"1 minuto"},"schema":{"@context":"https:\/\/schema.org","@graph":[{"@type":"WebPage","@id":"https:\/\/order.grabo.com\/es\/product\/foam-rubber-seal\/","url":"https:\/\/order.grabo.com\/es\/product\/foam-rubber-seal\/","name":"GRABO Standard Foam Seal - GRABO Factory Shop","isPartOf":{"@id":"https:\/\/order.grabo.com\/es\/#website"},"primaryImageOfPage":{"@id":"https:\/\/order.grabo.com\/es\/product\/foam-rubber-seal\/#primaryimage"},"image":{"@id":"https:\/\/order.grabo.com\/es\/product\/foam-rubber-seal\/#primaryimage"},"thumbnailUrl":"https:\/\/order.grabo.com\/wp-content\/uploads\/2020\/12\/thumbnail-2.png","datePublished":"2020-12-16T05:42:44+00:00","dateModified":"2024-07-26T04:11:52+00:00","breadcrumb":{"@id":"https:\/\/order.grabo.com\/es\/product\/foam-rubber-seal\/#breadcrumb"},"inLanguage":"es","potentialAction":[{"@type":"ReadAction","target":["https:\/\/order.grabo.com\/es\/product\/foam-rubber-seal\/"]}]},{"@type":"ImageObject","inLanguage":"es","@id":"https:\/\/order.grabo.com\/es\/product\/foam-rubber-seal\/#primaryimage","url":"https:\/\/order.grabo.com\/wp-content\/uploads\/2020\/12\/thumbnail-2.png","contentUrl":"https:\/\/order.grabo.com\/wp-content\/uploads\/2020\/12\/thumbnail-2.png","width":1500,"height":1500},{"@type":"BreadcrumbList","@id":"https:\/\/order.grabo.com\/es\/product\/foam-rubber-seal\/#breadcrumb","itemListElement":[{"@type":"ListItem","position":1,"name":"Home","item":"https:\/\/order.grabo.com\/es\/"},{"@type":"ListItem","position":2,"name":"GRABO Factory Shop","item":"https:\/\/order.grabo.com\/"},{"@type":"ListItem","position":3,"name":"GRABO Standard Foam Seal"}]},{"@type":"WebSite","@id":"https:\/\/order.grabo.com\/es\/#website","url":"https:\/\/order.grabo.com\/es\/","name":"GRABO Factory Shop","description":"GRABO Factory Shop","publisher":{"@id":"https:\/\/order.grabo.com\/es\/#organization"},"potentialAction":[{"@type":"SearchAction","target":{"@type":"EntryPoint","urlTemplate":"https:\/\/order.grabo.com\/es\/?s={search_term_string}"},"query-input":{"@type":"PropertyValueSpecification","valueRequired":true,"valueName":"search_term_string"}}],"inLanguage":"es"},{"@type":"Organization","@id":"https:\/\/order.grabo.com\/es\/#organization","name":"GRABO","url":"https:\/\/order.grabo.com\/es\/","logo":{"@type":"ImageObject","inLanguage":"es","@id":"https:\/\/order.grabo.com\/es\/#\/schema\/logo\/image\/","url":"https:\/\/order.grabo.com\/wp-content\/uploads\/2020\/12\/GRABO-Pro-1.jpeg","contentUrl":"https:\/\/order.grabo.com\/wp-content\/uploads\/2020\/12\/GRABO-Pro-1.jpeg","width":1712,"height":1712,"caption":"GRABO"},"image":{"@id":"https:\/\/order.grabo.com\/es\/#\/schema\/logo\/image\/"},"sameAs":["https:\/\/www.facebook.com\/GRABO.tools","https:\/\/x.com\/grabotools","https:\/\/www.instagram.com\/grabo.tools\/?hl=en"]}]}},"_links":{"self":[{"href":"https:\/\/order.grabo.com\/es\/wp-json\/wp\/v2\/product\/7946","targetHints":{"allow":["GET"]}}],"collection":[{"href":"https:\/\/order.grabo.com\/es\/wp-json\/wp\/v2\/product"}],"about":[{"href":"https:\/\/order.grabo.com\/es\/wp-json\/wp\/v2\/types\/product"}],"replies":[{"embeddable":true,"href":"https:\/\/order.grabo.com\/es\/wp-json\/wp\/v2\/comments?post=7946"}],"wp:featuredmedia":[{"embeddable":true,"href":"https:\/\/order.grabo.com\/es\/wp-json\/wp\/v2\/media\/20654"}],"wp:attachment":[{"href":"https:\/\/order.grabo.com\/es\/wp-json\/wp\/v2\/media?parent=7946"}],"wp:term":[{"taxonomy":"product_brand","embeddable":true,"href":"https:\/\/order.grabo.com\/es\/wp-json\/wp\/v2\/product_brand?post=7946"},{"taxonomy":"product_cat","embeddable":true,"href":"https:\/\/order.grabo.com\/es\/wp-json\/wp\/v2\/product_cat?post=7946"},{"taxonomy":"product_tag","embeddable":true,"href":"https:\/\/order.grabo.com\/es\/wp-json\/wp\/v2\/product_tag?post=7946"}],"curies":[{"name":"wp","href":"https:\/\/api.w.org\/{rel}","templated":true}]}}