{"id":7944,"date":"2020-12-16T06:21:26","date_gmt":"2020-12-16T06:21:26","guid":{"rendered":"https:\/\/factory.grabo.com\/product\/grabo-charger\/"},"modified":"2024-07-26T04:06:44","modified_gmt":"2024-07-26T04:06:44","slug":"grabo-charger","status":"publish","type":"product","link":"https:\/\/order.grabo.com\/es\/product\/grabo-charger\/","title":{"rendered":"GRABO USA Charger"},"content":{"rendered":"<p>El cargador GRABO USA es un accesorio imprescindible para cualquiera que est\u00e9 siempre en movimiento. Gracias a su dise\u00f1o compacto y duradero, podr\u00e1s llevarlo f\u00e1cilmente contigo all\u00e1 donde vayas, tanto si viajas por trabajo como por placer. El cargador es compatible con la mayor\u00eda de los tel\u00e9fonos inteligentes, tabletas y otros dispositivos con USB, por lo que es una opci\u00f3n vers\u00e1til para todas sus necesidades de carga. El dise\u00f1o elegante y con estilo del cargador complementar\u00e1 cualquier dispositivo, y es lo suficientemente peque\u00f1o como para caber en su bolsillo o bolso.<\/p>\n<p>Una de las caracter\u00edsticas m\u00e1s importantes del cargador GRABO USA es su capacidad de carga r\u00e1pida y eficiente. Utiliza tecnolog\u00eda avanzada para proporcionar una carga r\u00e1pida, para que puedas permanecer conectado y productivo todo el d\u00eda. El cargador tambi\u00e9n incorpora un sistema de seguridad que protege tu dispositivo de sobrecargas, sobrecalentamientos y cortocircuitos. Esto garantiza la seguridad de tu dispositivo mientras se carga.<\/p>\n<p>El cargador GRABO USA tambi\u00e9n incluye un cable USB que facilita la conexi\u00f3n al dispositivo y el inicio de la carga. El cargador es f\u00e1cil de usar, simplemente ench\u00fafelo a una toma de corriente y conecte su dispositivo. Gracias a su dise\u00f1o c\u00f3modo y port\u00e1til, podr\u00e1s cargar tu dispositivo est\u00e9s donde est\u00e9s, ya sea en casa, en la oficina o de viaje.<\/p>\n<p>En resumen, GRABO USA Charger es un cargador de dispositivos compacto, duradero, eficaz y seguro. El cargador es compatible con la mayor\u00eda de los tel\u00e9fonos inteligentes, tabletas y otros dispositivos con conexi\u00f3n USB, y tambi\u00e9n cuenta con un sistema de seguridad integrado que protege su dispositivo de sobrecarga, sobrecalentamiento y cortocircuito. Es perfecto para cualquiera que quiera estar conectado y ser productivo todo el d\u00eda.<\/p>\n<p>SKU: RK13023<\/p>\n","protected":false},"excerpt":{"rendered":"<p>El cargador GRABO USA es un cargador de dispositivos compacto y duradero, perfecto para llevarlo a todas partes. Con un dise\u00f1o elegante y con estilo, es f\u00e1cil de llevar con usted dondequiera que vaya. Es compatible con la mayor\u00eda de los tel\u00e9fonos inteligentes, tabletas y otros dispositivos con conexi\u00f3n USB. El cargador est\u00e1 dise\u00f1ado para proporcionar una carga r\u00e1pida y eficiente, para que pueda mantenerse conectado y productivo durante todo el d\u00eda. El cargador GRABO USA es un accesorio imprescindible para cualquiera que est\u00e9 siempre en movimiento.\"<\/p>\n","protected":false},"featured_media":6816,"comment_status":"open","ping_status":"closed","template":"","meta":{"_acf_changed":false},"product_brand":[],"product_cat":[192],"product_tag":[],"class_list":{"0":"post-7944","1":"product","2":"type-product","3":"status-publish","4":"has-post-thumbnail","6":"product_cat-accessories-es","8":"first","9":"instock","10":"taxable","11":"shipping-taxable","12":"purchasable","13":"product-type-simple"},"acf":[],"yoast_head":"<!-- This site is optimized with the Yoast SEO plugin v27.2 - https:\/\/yoast.com\/product\/yoast-seo-wordpress\/ -->\n<title>GRABO USA Charger - GRABO Factory Shop<\/title>\n<meta name=\"description\" content=\"\u00a1\u00bfQuieres tener uno extra en tu garaje, en tu cami\u00f3n, o para el lugar de trabajo! Aqu\u00ed est\u00e1 SOLO el cargador GRABO para la bater\u00eda de 14,8 V\" \/>\n<meta name=\"robots\" content=\"index, follow, max-snippet:-1, max-image-preview:large, max-video-preview:-1\" \/>\n<link rel=\"canonical\" href=\"https:\/\/order.grabo.com\/es\/product\/grabo-charger\/\" \/>\n<meta property=\"og:locale\" content=\"es_ES\" \/>\n<meta property=\"og:type\" content=\"article\" \/>\n<meta property=\"og:title\" content=\"GRABO USA Charger - GRABO Factory Shop\" \/>\n<meta property=\"og:description\" content=\"\u00a1\u00bfQuieres tener uno extra en tu garaje, en tu cami\u00f3n, o para el lugar de trabajo! Aqu\u00ed est\u00e1 SOLO el cargador GRABO para la bater\u00eda de 14,8 V\" \/>\n<meta property=\"og:url\" content=\"https:\/\/order.grabo.com\/es\/product\/grabo-charger\/\" \/>\n<meta property=\"og:site_name\" content=\"GRABO Factory Shop\" \/>\n<meta property=\"article:publisher\" content=\"https:\/\/www.facebook.com\/GRABO.tools\" \/>\n<meta property=\"article:modified_time\" content=\"2024-07-26T04:06:44+00:00\" \/>\n<meta property=\"og:image\" content=\"https:\/\/order.grabo.com\/wp-content\/uploads\/2020\/12\/1500x1500USA-Charger.jpg\" \/>\n\t<meta property=\"og:image:width\" content=\"1500\" \/>\n\t<meta property=\"og:image:height\" content=\"1500\" \/>\n\t<meta property=\"og:image:type\" content=\"image\/jpeg\" \/>\n<meta name=\"twitter:card\" content=\"summary_large_image\" \/>\n<meta name=\"twitter:site\" content=\"@grabotools\" \/>\n<meta name=\"twitter:label1\" content=\"Tiempo de lectura\" \/>\n\t<meta name=\"twitter:data1\" content=\"2 minutos\" \/>\n<script type=\"application\/ld+json\" class=\"yoast-schema-graph\">{\"@context\":\"https:\/\/schema.org\",\"@graph\":[{\"@type\":\"WebPage\",\"@id\":\"https:\/\/order.grabo.com\/es\/product\/grabo-charger\/\",\"url\":\"https:\/\/order.grabo.com\/es\/product\/grabo-charger\/\",\"name\":\"GRABO USA Charger - GRABO Factory Shop\",\"isPartOf\":{\"@id\":\"https:\/\/order.grabo.com\/es\/#website\"},\"primaryImageOfPage\":{\"@id\":\"https:\/\/order.grabo.com\/es\/product\/grabo-charger\/#primaryimage\"},\"image\":{\"@id\":\"https:\/\/order.grabo.com\/es\/product\/grabo-charger\/#primaryimage\"},\"thumbnailUrl\":\"https:\/\/order.grabo.com\/wp-content\/uploads\/2020\/12\/1500x1500USA-Charger.jpg\",\"datePublished\":\"2020-12-16T06:21:26+00:00\",\"dateModified\":\"2024-07-26T04:06:44+00:00\",\"description\":\"\u00a1\u00bfQuieres tener uno extra en tu garaje, en tu cami\u00f3n, o para el lugar de trabajo! Aqu\u00ed est\u00e1 SOLO el cargador GRABO para la bater\u00eda de 14,8 V\",\"breadcrumb\":{\"@id\":\"https:\/\/order.grabo.com\/es\/product\/grabo-charger\/#breadcrumb\"},\"inLanguage\":\"es\",\"potentialAction\":[{\"@type\":\"ReadAction\",\"target\":[\"https:\/\/order.grabo.com\/es\/product\/grabo-charger\/\"]}]},{\"@type\":\"ImageObject\",\"inLanguage\":\"es\",\"@id\":\"https:\/\/order.grabo.com\/es\/product\/grabo-charger\/#primaryimage\",\"url\":\"https:\/\/order.grabo.com\/wp-content\/uploads\/2020\/12\/1500x1500USA-Charger.jpg\",\"contentUrl\":\"https:\/\/order.grabo.com\/wp-content\/uploads\/2020\/12\/1500x1500USA-Charger.jpg\",\"width\":1500,\"height\":1500},{\"@type\":\"BreadcrumbList\",\"@id\":\"https:\/\/order.grabo.com\/es\/product\/grabo-charger\/#breadcrumb\",\"itemListElement\":[{\"@type\":\"ListItem\",\"position\":1,\"name\":\"Home\",\"item\":\"https:\/\/order.grabo.com\/es\/\"},{\"@type\":\"ListItem\",\"position\":2,\"name\":\"GRABO Factory Shop\",\"item\":\"https:\/\/order.grabo.com\/\"},{\"@type\":\"ListItem\",\"position\":3,\"name\":\"GRABO USA Charger\"}]},{\"@type\":\"WebSite\",\"@id\":\"https:\/\/order.grabo.com\/es\/#website\",\"url\":\"https:\/\/order.grabo.com\/es\/\",\"name\":\"GRABO Factory Shop\",\"description\":\"GRABO Factory Shop\",\"publisher\":{\"@id\":\"https:\/\/order.grabo.com\/es\/#organization\"},\"potentialAction\":[{\"@type\":\"SearchAction\",\"target\":{\"@type\":\"EntryPoint\",\"urlTemplate\":\"https:\/\/order.grabo.com\/es\/?s={search_term_string}\"},\"query-input\":{\"@type\":\"PropertyValueSpecification\",\"valueRequired\":true,\"valueName\":\"search_term_string\"}}],\"inLanguage\":\"es\"},{\"@type\":\"Organization\",\"@id\":\"https:\/\/order.grabo.com\/es\/#organization\",\"name\":\"GRABO\",\"url\":\"https:\/\/order.grabo.com\/es\/\",\"logo\":{\"@type\":\"ImageObject\",\"inLanguage\":\"es\",\"@id\":\"https:\/\/order.grabo.com\/es\/#\/schema\/logo\/image\/\",\"url\":\"https:\/\/order.grabo.com\/wp-content\/uploads\/2020\/12\/GRABO-Pro-1.jpeg\",\"contentUrl\":\"https:\/\/order.grabo.com\/wp-content\/uploads\/2020\/12\/GRABO-Pro-1.jpeg\",\"width\":1712,\"height\":1712,\"caption\":\"GRABO\"},\"image\":{\"@id\":\"https:\/\/order.grabo.com\/es\/#\/schema\/logo\/image\/\"},\"sameAs\":[\"https:\/\/www.facebook.com\/GRABO.tools\",\"https:\/\/x.com\/grabotools\",\"https:\/\/www.instagram.com\/grabo.tools\/?hl=en\"]}]}<\/script>\n<!-- \/ Yoast SEO plugin. -->","yoast_head_json":{"title":"GRABO USA Charger - GRABO Factory Shop","description":"\u00a1\u00bfQuieres tener uno extra en tu garaje, en tu cami\u00f3n, o para el lugar de trabajo! Aqu\u00ed est\u00e1 SOLO el cargador GRABO para la bater\u00eda de 14,8 V","robots":{"index":"index","follow":"follow","max-snippet":"max-snippet:-1","max-image-preview":"max-image-preview:large","max-video-preview":"max-video-preview:-1"},"canonical":"https:\/\/order.grabo.com\/es\/product\/grabo-charger\/","og_locale":"es_ES","og_type":"article","og_title":"GRABO USA Charger - GRABO Factory Shop","og_description":"\u00a1\u00bfQuieres tener uno extra en tu garaje, en tu cami\u00f3n, o para el lugar de trabajo! Aqu\u00ed est\u00e1 SOLO el cargador GRABO para la bater\u00eda de 14,8 V","og_url":"https:\/\/order.grabo.com\/es\/product\/grabo-charger\/","og_site_name":"GRABO Factory Shop","article_publisher":"https:\/\/www.facebook.com\/GRABO.tools","article_modified_time":"2024-07-26T04:06:44+00:00","og_image":[{"width":1500,"height":1500,"url":"https:\/\/order.grabo.com\/wp-content\/uploads\/2020\/12\/1500x1500USA-Charger.jpg","type":"image\/jpeg"}],"twitter_card":"summary_large_image","twitter_site":"@grabotools","twitter_misc":{"Tiempo de lectura":"2 minutos"},"schema":{"@context":"https:\/\/schema.org","@graph":[{"@type":"WebPage","@id":"https:\/\/order.grabo.com\/es\/product\/grabo-charger\/","url":"https:\/\/order.grabo.com\/es\/product\/grabo-charger\/","name":"GRABO USA Charger - GRABO Factory Shop","isPartOf":{"@id":"https:\/\/order.grabo.com\/es\/#website"},"primaryImageOfPage":{"@id":"https:\/\/order.grabo.com\/es\/product\/grabo-charger\/#primaryimage"},"image":{"@id":"https:\/\/order.grabo.com\/es\/product\/grabo-charger\/#primaryimage"},"thumbnailUrl":"https:\/\/order.grabo.com\/wp-content\/uploads\/2020\/12\/1500x1500USA-Charger.jpg","datePublished":"2020-12-16T06:21:26+00:00","dateModified":"2024-07-26T04:06:44+00:00","description":"\u00a1\u00bfQuieres tener uno extra en tu garaje, en tu cami\u00f3n, o para el lugar de trabajo! Aqu\u00ed est\u00e1 SOLO el cargador GRABO para la bater\u00eda de 14,8 V","breadcrumb":{"@id":"https:\/\/order.grabo.com\/es\/product\/grabo-charger\/#breadcrumb"},"inLanguage":"es","potentialAction":[{"@type":"ReadAction","target":["https:\/\/order.grabo.com\/es\/product\/grabo-charger\/"]}]},{"@type":"ImageObject","inLanguage":"es","@id":"https:\/\/order.grabo.com\/es\/product\/grabo-charger\/#primaryimage","url":"https:\/\/order.grabo.com\/wp-content\/uploads\/2020\/12\/1500x1500USA-Charger.jpg","contentUrl":"https:\/\/order.grabo.com\/wp-content\/uploads\/2020\/12\/1500x1500USA-Charger.jpg","width":1500,"height":1500},{"@type":"BreadcrumbList","@id":"https:\/\/order.grabo.com\/es\/product\/grabo-charger\/#breadcrumb","itemListElement":[{"@type":"ListItem","position":1,"name":"Home","item":"https:\/\/order.grabo.com\/es\/"},{"@type":"ListItem","position":2,"name":"GRABO Factory Shop","item":"https:\/\/order.grabo.com\/"},{"@type":"ListItem","position":3,"name":"GRABO USA Charger"}]},{"@type":"WebSite","@id":"https:\/\/order.grabo.com\/es\/#website","url":"https:\/\/order.grabo.com\/es\/","name":"GRABO Factory Shop","description":"GRABO Factory Shop","publisher":{"@id":"https:\/\/order.grabo.com\/es\/#organization"},"potentialAction":[{"@type":"SearchAction","target":{"@type":"EntryPoint","urlTemplate":"https:\/\/order.grabo.com\/es\/?s={search_term_string}"},"query-input":{"@type":"PropertyValueSpecification","valueRequired":true,"valueName":"search_term_string"}}],"inLanguage":"es"},{"@type":"Organization","@id":"https:\/\/order.grabo.com\/es\/#organization","name":"GRABO","url":"https:\/\/order.grabo.com\/es\/","logo":{"@type":"ImageObject","inLanguage":"es","@id":"https:\/\/order.grabo.com\/es\/#\/schema\/logo\/image\/","url":"https:\/\/order.grabo.com\/wp-content\/uploads\/2020\/12\/GRABO-Pro-1.jpeg","contentUrl":"https:\/\/order.grabo.com\/wp-content\/uploads\/2020\/12\/GRABO-Pro-1.jpeg","width":1712,"height":1712,"caption":"GRABO"},"image":{"@id":"https:\/\/order.grabo.com\/es\/#\/schema\/logo\/image\/"},"sameAs":["https:\/\/www.facebook.com\/GRABO.tools","https:\/\/x.com\/grabotools","https:\/\/www.instagram.com\/grabo.tools\/?hl=en"]}]}},"_links":{"self":[{"href":"https:\/\/order.grabo.com\/es\/wp-json\/wp\/v2\/product\/7944","targetHints":{"allow":["GET"]}}],"collection":[{"href":"https:\/\/order.grabo.com\/es\/wp-json\/wp\/v2\/product"}],"about":[{"href":"https:\/\/order.grabo.com\/es\/wp-json\/wp\/v2\/types\/product"}],"replies":[{"embeddable":true,"href":"https:\/\/order.grabo.com\/es\/wp-json\/wp\/v2\/comments?post=7944"}],"wp:featuredmedia":[{"embeddable":true,"href":"https:\/\/order.grabo.com\/es\/wp-json\/wp\/v2\/media\/6816"}],"wp:attachment":[{"href":"https:\/\/order.grabo.com\/es\/wp-json\/wp\/v2\/media?parent=7944"}],"wp:term":[{"taxonomy":"product_brand","embeddable":true,"href":"https:\/\/order.grabo.com\/es\/wp-json\/wp\/v2\/product_brand?post=7944"},{"taxonomy":"product_cat","embeddable":true,"href":"https:\/\/order.grabo.com\/es\/wp-json\/wp\/v2\/product_cat?post=7944"},{"taxonomy":"product_tag","embeddable":true,"href":"https:\/\/order.grabo.com\/es\/wp-json\/wp\/v2\/product_tag?post=7944"}],"curies":[{"name":"wp","href":"https:\/\/api.w.org\/{rel}","templated":true}]}}