{"id":7943,"date":"2021-02-19T03:47:48","date_gmt":"2021-02-19T03:47:48","guid":{"rendered":"https:\/\/factory.grabo.com\/product\/erguo-s1-grabo-attachment\/"},"modified":"2024-07-26T03:45:48","modified_gmt":"2024-07-26T03:45:48","slug":"erguo-s1-grabo-attachment","status":"publish","type":"product","link":"https:\/\/order.grabo.com\/es\/product\/erguo-s1-grabo-attachment\/","title":{"rendered":"GRABO Erguo"},"content":{"rendered":"<p>El accesorio <strong>Erguo S1<\/strong> GRABO es un accesorio de elevaci\u00f3n port\u00e1til para TODOS los productos GRABO (excepto GRABO H). Simplemente conecte el Erguo a su GRABO en las cuatro orejetas de elevaci\u00f3n situadas en el GRABO y se habr\u00e1 realizado una conexi\u00f3n segura - El Erguo fue dise\u00f1ado para evitar poner tensi\u00f3n en su espalda al agacharse. (El Erguo viene con lo siguiente: soporte principal, soporte de apoyo, tornillo de ajuste.<\/p>\n","protected":false},"excerpt":{"rendered":"<p>El Erguo S1 es una extensi\u00f3n de brazo de largo alcance que se acopla a cualquier modelo GRABO (excepto GRABO H) para crear un sistema de elevaci\u00f3n ergon\u00f3mico. Esta extensi\u00f3n permite levantar objetos pesados de forma c\u00f3moda y eficaz, reduciendo la tensi\u00f3n en la espalda y los hombros. El S1 es duradero y f\u00e1cil de instalar, por lo que es un gran complemento para cualquier sistema de elevaci\u00f3n GRABO.<\/p>\n[embed]https:\/\/www.youtube.com\/watch?v=PEblQud5GdA[\/embed]\n","protected":false},"featured_media":18887,"comment_status":"open","ping_status":"closed","template":"","meta":{"_acf_changed":false},"product_brand":[],"product_cat":[192],"product_tag":[],"class_list":{"0":"post-7943","1":"product","2":"type-product","3":"status-publish","4":"has-post-thumbnail","6":"product_cat-accessories-es","8":"first","9":"instock","10":"taxable","11":"shipping-taxable","12":"purchasable","13":"product-type-simple"},"acf":[],"yoast_head":"<!-- This site is optimized with the Yoast SEO plugin v27.2 - https:\/\/yoast.com\/product\/yoast-seo-wordpress\/ -->\n<title>GRABO Erguo - GRABO Factory Shop<\/title>\n<meta name=\"description\" content=\"El Grabo ErGuo. El brazo de fijaci\u00f3n oficial para todas las herramientas Grabo. No m\u00e1s agacharse para m\u00e1s materiales a trav\u00e9s del suelo.\" \/>\n<meta name=\"robots\" content=\"index, follow, max-snippet:-1, max-image-preview:large, max-video-preview:-1\" \/>\n<link rel=\"canonical\" href=\"https:\/\/order.grabo.com\/es\/product\/erguo-s1-grabo-attachment\/\" \/>\n<meta property=\"og:locale\" content=\"es_ES\" \/>\n<meta property=\"og:type\" content=\"article\" \/>\n<meta property=\"og:title\" content=\"GRABO Erguo - GRABO Factory Shop\" \/>\n<meta property=\"og:description\" content=\"El Grabo ErGuo. El brazo de fijaci\u00f3n oficial para todas las herramientas Grabo. No m\u00e1s agacharse para m\u00e1s materiales a trav\u00e9s del suelo.\" \/>\n<meta property=\"og:url\" content=\"https:\/\/order.grabo.com\/es\/product\/erguo-s1-grabo-attachment\/\" \/>\n<meta property=\"og:site_name\" content=\"GRABO Factory Shop\" \/>\n<meta property=\"article:publisher\" content=\"https:\/\/www.facebook.com\/GRABO.tools\" \/>\n<meta property=\"article:modified_time\" content=\"2024-07-26T03:45:48+00:00\" \/>\n<meta property=\"og:image\" content=\"https:\/\/order.grabo.com\/wp-content\/uploads\/2021\/02\/Z8A0244_v2-1-scaled.jpg\" \/>\n\t<meta property=\"og:image:width\" content=\"2555\" \/>\n\t<meta property=\"og:image:height\" content=\"2560\" \/>\n\t<meta property=\"og:image:type\" content=\"image\/jpeg\" \/>\n<meta name=\"twitter:card\" content=\"summary_large_image\" \/>\n<meta name=\"twitter:site\" content=\"@grabotools\" \/>\n<meta name=\"twitter:label1\" content=\"Tiempo de lectura\" \/>\n\t<meta name=\"twitter:data1\" content=\"1 minuto\" \/>\n<script type=\"application\/ld+json\" class=\"yoast-schema-graph\">{\"@context\":\"https:\/\/schema.org\",\"@graph\":[{\"@type\":\"WebPage\",\"@id\":\"https:\/\/order.grabo.com\/es\/product\/erguo-s1-grabo-attachment\/\",\"url\":\"https:\/\/order.grabo.com\/es\/product\/erguo-s1-grabo-attachment\/\",\"name\":\"GRABO Erguo - GRABO Factory Shop\",\"isPartOf\":{\"@id\":\"https:\/\/order.grabo.com\/es\/#website\"},\"primaryImageOfPage\":{\"@id\":\"https:\/\/order.grabo.com\/es\/product\/erguo-s1-grabo-attachment\/#primaryimage\"},\"image\":{\"@id\":\"https:\/\/order.grabo.com\/es\/product\/erguo-s1-grabo-attachment\/#primaryimage\"},\"thumbnailUrl\":\"https:\/\/order.grabo.com\/wp-content\/uploads\/2021\/02\/ERG1-1.png\",\"datePublished\":\"2021-02-19T03:47:48+00:00\",\"dateModified\":\"2024-07-26T03:45:48+00:00\",\"description\":\"El Grabo ErGuo. El brazo de fijaci\u00f3n oficial para todas las herramientas Grabo. No m\u00e1s agacharse para m\u00e1s materiales a trav\u00e9s del suelo.\",\"breadcrumb\":{\"@id\":\"https:\/\/order.grabo.com\/es\/product\/erguo-s1-grabo-attachment\/#breadcrumb\"},\"inLanguage\":\"es\",\"potentialAction\":[{\"@type\":\"ReadAction\",\"target\":[\"https:\/\/order.grabo.com\/es\/product\/erguo-s1-grabo-attachment\/\"]}]},{\"@type\":\"ImageObject\",\"inLanguage\":\"es\",\"@id\":\"https:\/\/order.grabo.com\/es\/product\/erguo-s1-grabo-attachment\/#primaryimage\",\"url\":\"https:\/\/order.grabo.com\/wp-content\/uploads\/2021\/02\/ERG1-1.png\",\"contentUrl\":\"https:\/\/order.grabo.com\/wp-content\/uploads\/2021\/02\/ERG1-1.png\",\"width\":1500,\"height\":1500},{\"@type\":\"BreadcrumbList\",\"@id\":\"https:\/\/order.grabo.com\/es\/product\/erguo-s1-grabo-attachment\/#breadcrumb\",\"itemListElement\":[{\"@type\":\"ListItem\",\"position\":1,\"name\":\"Home\",\"item\":\"https:\/\/order.grabo.com\/es\/\"},{\"@type\":\"ListItem\",\"position\":2,\"name\":\"GRABO Factory Shop\",\"item\":\"https:\/\/order.grabo.com\/\"},{\"@type\":\"ListItem\",\"position\":3,\"name\":\"GRABO Erguo\"}]},{\"@type\":\"WebSite\",\"@id\":\"https:\/\/order.grabo.com\/es\/#website\",\"url\":\"https:\/\/order.grabo.com\/es\/\",\"name\":\"GRABO Factory Shop\",\"description\":\"GRABO Factory Shop\",\"publisher\":{\"@id\":\"https:\/\/order.grabo.com\/es\/#organization\"},\"potentialAction\":[{\"@type\":\"SearchAction\",\"target\":{\"@type\":\"EntryPoint\",\"urlTemplate\":\"https:\/\/order.grabo.com\/es\/?s={search_term_string}\"},\"query-input\":{\"@type\":\"PropertyValueSpecification\",\"valueRequired\":true,\"valueName\":\"search_term_string\"}}],\"inLanguage\":\"es\"},{\"@type\":\"Organization\",\"@id\":\"https:\/\/order.grabo.com\/es\/#organization\",\"name\":\"GRABO\",\"url\":\"https:\/\/order.grabo.com\/es\/\",\"logo\":{\"@type\":\"ImageObject\",\"inLanguage\":\"es\",\"@id\":\"https:\/\/order.grabo.com\/es\/#\/schema\/logo\/image\/\",\"url\":\"https:\/\/order.grabo.com\/wp-content\/uploads\/2020\/12\/GRABO-Pro-1.jpeg\",\"contentUrl\":\"https:\/\/order.grabo.com\/wp-content\/uploads\/2020\/12\/GRABO-Pro-1.jpeg\",\"width\":1712,\"height\":1712,\"caption\":\"GRABO\"},\"image\":{\"@id\":\"https:\/\/order.grabo.com\/es\/#\/schema\/logo\/image\/\"},\"sameAs\":[\"https:\/\/www.facebook.com\/GRABO.tools\",\"https:\/\/x.com\/grabotools\",\"https:\/\/www.instagram.com\/grabo.tools\/?hl=en\"]}]}<\/script>\n<!-- \/ Yoast SEO plugin. -->","yoast_head_json":{"title":"GRABO Erguo - GRABO Factory Shop","description":"El Grabo ErGuo. El brazo de fijaci\u00f3n oficial para todas las herramientas Grabo. No m\u00e1s agacharse para m\u00e1s materiales a trav\u00e9s del suelo.","robots":{"index":"index","follow":"follow","max-snippet":"max-snippet:-1","max-image-preview":"max-image-preview:large","max-video-preview":"max-video-preview:-1"},"canonical":"https:\/\/order.grabo.com\/es\/product\/erguo-s1-grabo-attachment\/","og_locale":"es_ES","og_type":"article","og_title":"GRABO Erguo - GRABO Factory Shop","og_description":"El Grabo ErGuo. El brazo de fijaci\u00f3n oficial para todas las herramientas Grabo. No m\u00e1s agacharse para m\u00e1s materiales a trav\u00e9s del suelo.","og_url":"https:\/\/order.grabo.com\/es\/product\/erguo-s1-grabo-attachment\/","og_site_name":"GRABO Factory Shop","article_publisher":"https:\/\/www.facebook.com\/GRABO.tools","article_modified_time":"2024-07-26T03:45:48+00:00","og_image":[{"width":2555,"height":2560,"url":"https:\/\/order.grabo.com\/wp-content\/uploads\/2021\/02\/Z8A0244_v2-1-scaled.jpg","type":"image\/jpeg"}],"twitter_card":"summary_large_image","twitter_site":"@grabotools","twitter_misc":{"Tiempo de lectura":"1 minuto"},"schema":{"@context":"https:\/\/schema.org","@graph":[{"@type":"WebPage","@id":"https:\/\/order.grabo.com\/es\/product\/erguo-s1-grabo-attachment\/","url":"https:\/\/order.grabo.com\/es\/product\/erguo-s1-grabo-attachment\/","name":"GRABO Erguo - GRABO Factory Shop","isPartOf":{"@id":"https:\/\/order.grabo.com\/es\/#website"},"primaryImageOfPage":{"@id":"https:\/\/order.grabo.com\/es\/product\/erguo-s1-grabo-attachment\/#primaryimage"},"image":{"@id":"https:\/\/order.grabo.com\/es\/product\/erguo-s1-grabo-attachment\/#primaryimage"},"thumbnailUrl":"https:\/\/order.grabo.com\/wp-content\/uploads\/2021\/02\/ERG1-1.png","datePublished":"2021-02-19T03:47:48+00:00","dateModified":"2024-07-26T03:45:48+00:00","description":"El Grabo ErGuo. El brazo de fijaci\u00f3n oficial para todas las herramientas Grabo. No m\u00e1s agacharse para m\u00e1s materiales a trav\u00e9s del suelo.","breadcrumb":{"@id":"https:\/\/order.grabo.com\/es\/product\/erguo-s1-grabo-attachment\/#breadcrumb"},"inLanguage":"es","potentialAction":[{"@type":"ReadAction","target":["https:\/\/order.grabo.com\/es\/product\/erguo-s1-grabo-attachment\/"]}]},{"@type":"ImageObject","inLanguage":"es","@id":"https:\/\/order.grabo.com\/es\/product\/erguo-s1-grabo-attachment\/#primaryimage","url":"https:\/\/order.grabo.com\/wp-content\/uploads\/2021\/02\/ERG1-1.png","contentUrl":"https:\/\/order.grabo.com\/wp-content\/uploads\/2021\/02\/ERG1-1.png","width":1500,"height":1500},{"@type":"BreadcrumbList","@id":"https:\/\/order.grabo.com\/es\/product\/erguo-s1-grabo-attachment\/#breadcrumb","itemListElement":[{"@type":"ListItem","position":1,"name":"Home","item":"https:\/\/order.grabo.com\/es\/"},{"@type":"ListItem","position":2,"name":"GRABO Factory Shop","item":"https:\/\/order.grabo.com\/"},{"@type":"ListItem","position":3,"name":"GRABO Erguo"}]},{"@type":"WebSite","@id":"https:\/\/order.grabo.com\/es\/#website","url":"https:\/\/order.grabo.com\/es\/","name":"GRABO Factory Shop","description":"GRABO Factory Shop","publisher":{"@id":"https:\/\/order.grabo.com\/es\/#organization"},"potentialAction":[{"@type":"SearchAction","target":{"@type":"EntryPoint","urlTemplate":"https:\/\/order.grabo.com\/es\/?s={search_term_string}"},"query-input":{"@type":"PropertyValueSpecification","valueRequired":true,"valueName":"search_term_string"}}],"inLanguage":"es"},{"@type":"Organization","@id":"https:\/\/order.grabo.com\/es\/#organization","name":"GRABO","url":"https:\/\/order.grabo.com\/es\/","logo":{"@type":"ImageObject","inLanguage":"es","@id":"https:\/\/order.grabo.com\/es\/#\/schema\/logo\/image\/","url":"https:\/\/order.grabo.com\/wp-content\/uploads\/2020\/12\/GRABO-Pro-1.jpeg","contentUrl":"https:\/\/order.grabo.com\/wp-content\/uploads\/2020\/12\/GRABO-Pro-1.jpeg","width":1712,"height":1712,"caption":"GRABO"},"image":{"@id":"https:\/\/order.grabo.com\/es\/#\/schema\/logo\/image\/"},"sameAs":["https:\/\/www.facebook.com\/GRABO.tools","https:\/\/x.com\/grabotools","https:\/\/www.instagram.com\/grabo.tools\/?hl=en"]}]}},"_links":{"self":[{"href":"https:\/\/order.grabo.com\/es\/wp-json\/wp\/v2\/product\/7943","targetHints":{"allow":["GET"]}}],"collection":[{"href":"https:\/\/order.grabo.com\/es\/wp-json\/wp\/v2\/product"}],"about":[{"href":"https:\/\/order.grabo.com\/es\/wp-json\/wp\/v2\/types\/product"}],"replies":[{"embeddable":true,"href":"https:\/\/order.grabo.com\/es\/wp-json\/wp\/v2\/comments?post=7943"}],"wp:featuredmedia":[{"embeddable":true,"href":"https:\/\/order.grabo.com\/es\/wp-json\/wp\/v2\/media\/18887"}],"wp:attachment":[{"href":"https:\/\/order.grabo.com\/es\/wp-json\/wp\/v2\/media?parent=7943"}],"wp:term":[{"taxonomy":"product_brand","embeddable":true,"href":"https:\/\/order.grabo.com\/es\/wp-json\/wp\/v2\/product_brand?post=7943"},{"taxonomy":"product_cat","embeddable":true,"href":"https:\/\/order.grabo.com\/es\/wp-json\/wp\/v2\/product_cat?post=7943"},{"taxonomy":"product_tag","embeddable":true,"href":"https:\/\/order.grabo.com\/es\/wp-json\/wp\/v2\/product_tag?post=7943"}],"curies":[{"name":"wp","href":"https:\/\/api.w.org\/{rel}","templated":true}]}}