{"id":7941,"date":"2022-03-31T20:56:16","date_gmt":"2022-03-31T20:56:16","guid":{"rendered":"https:\/\/factory.grabo.com\/product\/slender-seal\/"},"modified":"2024-12-17T05:02:03","modified_gmt":"2024-12-17T05:02:03","slug":"slender-seal","status":"publish","type":"product","link":"https:\/\/order.grabo.com\/es\/product\/slender-seal\/","title":{"rendered":"GRABO Slender Seal"},"content":{"rendered":"<h1>Slender Seal<\/h1>\n<p>Slender Seal es un nuevo sistema de sellado que se adapta a todos los modelos GRABO, incluidos Nemo GRABO, GRABO Pro lifter-20, RTC tools GRABO, FXAH-120 Probst GRABO, Topspin Powertools GRABO y otras unidades de marca compartida.<\/p>\n<p>Para levantar superficies con una superficie m\u00e1s larga y estrecha, como baldosas largas, adoquines, tuber\u00edas y tableros de banco cortados a medida.<\/p>\n<p>La capacidad m\u00e1xima de elevaci\u00f3n es de 60 kg (132 lb)<\/p>\n<p><iframe loading=\"lazy\" title=\"GRABO Slender Seal Introduction\" width=\"500\" height=\"281\" src=\"https:\/\/www.youtube.com\/embed\/xwLK5CZrrbo?feature=oembed\" frameborder=\"0\" allow=\"accelerometer; autoplay; clipboard-write; encrypted-media; gyroscope; picture-in-picture; web-share\" referrerpolicy=\"strict-origin-when-cross-origin\" allowfullscreen><\/iframe><\/p>\n<p>&nbsp;<\/p>\n<h3 id=\"headline-134-779\" class=\"ct-headline\" style=\"text-align: left;\">Especificaciones de la junta GRABO Slender:<\/h3>\n<div id=\"_rich_text-135-779\" class=\"oxy-rich-text table-spec\" style=\"text-align: left;\">\n<table class=\"table-spec\">\n<tbody>\n<tr>\n<th colspan=\"2\">Junta de espuma negra<\/th>\n<\/tr>\n<tr>\n<th>Material<\/th>\n<td>SBR rubber foam sponge<\/td>\n<\/tr>\n<tr>\n<th>Color<\/th>\n<td>Negra<\/td>\n<\/tr>\n<tr>\n<th>L x W x H<\/th>\n<td>16.2 x 6.9 x 1.24\u201d (411 x 175 x 31.5 mm)<\/td>\n<\/tr>\n<tr>\n<th>Dimensi\u00f3n de la junta<\/th>\n<td>371 x 65 mm<\/td>\n<\/tr>\n<tr>\n<th>Densidad<\/th>\n<td>10.6 Lb\/cft (170 kg\/m^3)<\/td>\n<\/tr>\n<tr>\n<th>Dureza, Shore C<\/th>\n<td>~10 +\/-2<\/td>\n<\/tr>\n<tr>\n<th>Presi\u00f3n de rotura<\/th>\n<td>1800 Psi (126 kg\/cm^2)<\/td>\n<\/tr>\n<tr>\n<th>Compresi\u00f3n al 25% del tama\u00f1o en<\/th>\n<td>8.5 Psi (6000 kg\/m^2)<\/td>\n<\/tr>\n<tr>\n<th>Vida \u00fatil (Compresiones hasta la reducci\u00f3n del rendimiento).<\/th>\n<td>~900<\/td>\n<\/tr>\n<tr>\n<th>Absorci\u00f3n de agua, %.<\/th>\n<td>&lt;=5<\/td>\n<\/tr>\n<tr>\n<th>Contracci\u00f3n a 160F (70C) durante 24 h, %.<\/th>\n<td>&lt;=20<\/td>\n<\/tr>\n<tr>\n<th>Temperatura de almacenamiento recomendada<\/th>\n<td>Temperatura ambiente<\/td>\n<\/tr>\n<tr>\n<th colspan=\"2\">Sello rojo<\/th>\n<\/tr>\n<tr>\n<th>Material<\/th>\n<td>Espuma de silicona<\/td>\n<\/tr>\n<tr>\n<th>Color<\/th>\n<td>Red<\/td>\n<\/tr>\n<tr>\n<th>L x W x H<\/th>\n<td>16.2 x 6.9 x 1.24\u201d (411 x 175 x 31.5 mm)<\/td>\n<\/tr>\n<tr>\n<th>Densidad<\/th>\n<td>40.5 Lb\/cft (650 kg\/m^3)<\/td>\n<\/tr>\n<tr>\n<th>Dureza, Shore C<\/th>\n<td>55 +\/-5<\/td>\n<\/tr>\n<tr>\n<th>Absorci\u00f3n de agua, %.<\/th>\n<td>&lt;=4<\/td>\n<\/tr>\n<tr>\n<th>Temperatura de almacenamiento recomendada<\/th>\n<td>\u00a0Temperatura ambiente<\/td>\n<\/tr>\n<tr>\n<th colspan=\"2\">Cierre completo<\/th>\n<\/tr>\n<tr>\n<th>Funciones<\/th>\n<td>Junta combinada en marco de pl\u00e1stico Perfil esbelto<\/td>\n<\/tr>\n<\/tbody>\n<\/table>\n<\/div>\n<h3 id=\"headline-137-779\" class=\"ct-headline\" style=\"text-align: left;\">Lifting Capacity:<\/h3>\n<div id=\"_rich_text-138-779\" class=\"oxy-rich-text table-spec\">\n<table class=\"table-lifting\">\n<thead>\n<tr>\n<th class=\"heading\" rowspan=\"2\"><img loading=\"lazy\" decoding=\"async\" class=\"aligncenter img-100\" src=\"https:\/\/cdn.grabo.com\/static\/uploads\/2021\/02\/Group-2.svg\" alt=\"\" width=\"150\" height=\"90\" \/><\/th>\n<th colspan=\"2\">Perpendicular Hold Z<\/th>\n<th colspan=\"2\">Retenci\u00f3n paralela Y<\/th>\n<th colspan=\"2\">Retenci\u00f3n paralela X<\/th>\n<\/tr>\n<tr>\n<th>Valor m\u00e1ximo<\/th>\n<th>Valor seguro\uff0850%)<\/th>\n<th>Valor m\u00e1ximo<\/th>\n<th>Valor seguro\uff0850%)<\/th>\n<th>Valor m\u00e1ximo<\/th>\n<th>Valor seguro\uff0850%)<\/th>\n<\/tr>\n<\/thead>\n<tbody>\n<tr>\n<th>Vidrio<\/th>\n<td>225 Lbs (100kg)<\/td>\n<td>110 Lbs (50kg)<\/td>\n<td>110 Lbs (50kg)<\/td>\n<td>55 Lbs (25kg)<\/td>\n<td>220 Lbs (100kg)<\/td>\n<td>110 Lbs (50kg)<\/td>\n<\/tr>\n<tr>\n<th>Metal<\/th>\n<td>145 Lbs (66kg)<\/td>\n<td>72.5 Lbs (33kg)<\/td>\n<td>110 Lbs (50kg)<\/td>\n<td>55 Lbs (25kg)<\/td>\n<td>220 Lbs (100kg)<\/td>\n<td>110 Lbs (50kg)<\/td>\n<\/tr>\n<tr>\n<th>Madera<\/th>\n<td>132 Lbs (60kg)<\/td>\n<td>66 Lbs (30kg)<\/td>\n<td>66 Lbs (30kg)<\/td>\n<td>33 Lbs (15kg)<\/td>\n<td>176 Lbs (80kg)<\/td>\n<td>88 Lbs (40kg)<\/td>\n<\/tr>\n<tr>\n<th style=\"text-align: left;\">Hormig\u00f3n en bruto<\/th>\n<td style=\"text-align: left;\">105 Lbs (48kg)<\/td>\n<td style=\"text-align: left;\">52.5 Lbs (24kg)<\/td>\n<td style=\"text-align: left;\">110 Lbs (50kg)<\/td>\n<td style=\"text-align: left;\">33 Lbs (15 kg)<\/td>\n<td style=\"text-align: left;\">220 Lbs (100kg)<\/td>\n<td style=\"text-align: left;\">110 Lbs (50kg)<\/td>\n<\/tr>\n<\/tbody>\n<\/table>\n<\/div>\n","protected":false},"excerpt":{"rendered":"<p>Slenderseal es una herramienta de elevaci\u00f3n vers\u00e1til dise\u00f1ada para superficies con una superficie m\u00e1s larga y estrecha, como baldosas, adoquines, tuber\u00edas y encimeras cortadas a medida. Es perfecta tanto para bricolaje como para uso profesional y har\u00e1 que levantar y mover materiales pesados sea coser y cantar. Con su construcci\u00f3n duradera y su dise\u00f1o innovador, Slenderseal es imprescindible en cualquier obra o proyecto de renovaci\u00f3n del hogar.<\/p>\n","protected":false},"featured_media":20554,"comment_status":"open","ping_status":"closed","template":"","meta":{"_acf_changed":false},"product_brand":[],"product_cat":[192],"product_tag":[],"class_list":{"0":"post-7941","1":"product","2":"type-product","3":"status-publish","4":"has-post-thumbnail","6":"product_cat-accessories-es","8":"first","9":"instock","10":"taxable","11":"shipping-taxable","12":"purchasable","13":"product-type-simple"},"acf":[],"yoast_head":"<!-- This site is optimized with the Yoast SEO plugin v27.2 - https:\/\/yoast.com\/product\/yoast-seo-wordpress\/ -->\n<title>GRABO Slender Seal - GRABO Factory Shop<\/title>\n<meta name=\"robots\" content=\"index, follow, max-snippet:-1, max-image-preview:large, max-video-preview:-1\" \/>\n<link rel=\"canonical\" href=\"https:\/\/order.grabo.com\/es\/product\/slender-seal\/\" \/>\n<meta property=\"og:locale\" content=\"es_ES\" \/>\n<meta property=\"og:type\" content=\"article\" \/>\n<meta property=\"og:title\" content=\"GRABO Slender Seal - GRABO Factory Shop\" \/>\n<meta property=\"og:description\" content=\"Slenderseal es una herramienta de elevaci\u00f3n vers\u00e1til dise\u00f1ada para superficies con una superficie m\u00e1s larga y estrecha, como baldosas, adoquines, tuber\u00edas y encimeras cortadas a medida. Es perfecta tanto para bricolaje como para uso profesional y har\u00e1 que levantar y mover materiales pesados sea coser y cantar. Con su construcci\u00f3n duradera y su dise\u00f1o innovador, Slenderseal es imprescindible en cualquier obra o proyecto de renovaci\u00f3n del hogar.\" \/>\n<meta property=\"og:url\" content=\"https:\/\/order.grabo.com\/es\/product\/slender-seal\/\" \/>\n<meta property=\"og:site_name\" content=\"GRABO Factory Shop\" \/>\n<meta property=\"article:publisher\" content=\"https:\/\/www.facebook.com\/GRABO.tools\" \/>\n<meta property=\"article:modified_time\" content=\"2024-12-17T05:02:03+00:00\" \/>\n<meta property=\"og:image\" content=\"https:\/\/order.grabo.com\/wp-content\/uploads\/2022\/06\/Slender1.png\" \/>\n\t<meta property=\"og:image:width\" content=\"1500\" \/>\n\t<meta property=\"og:image:height\" content=\"1500\" \/>\n\t<meta property=\"og:image:type\" content=\"image\/png\" \/>\n<meta name=\"twitter:card\" content=\"summary_large_image\" \/>\n<meta name=\"twitter:site\" content=\"@grabotools\" \/>\n<meta name=\"twitter:label1\" content=\"Tiempo de lectura\" \/>\n\t<meta name=\"twitter:data1\" content=\"2 minutos\" \/>\n<script type=\"application\/ld+json\" class=\"yoast-schema-graph\">{\"@context\":\"https:\/\/schema.org\",\"@graph\":[{\"@type\":\"WebPage\",\"@id\":\"https:\/\/order.grabo.com\/es\/product\/slender-seal\/\",\"url\":\"https:\/\/order.grabo.com\/es\/product\/slender-seal\/\",\"name\":\"GRABO Slender Seal - GRABO Factory Shop\",\"isPartOf\":{\"@id\":\"https:\/\/order.grabo.com\/es\/#website\"},\"primaryImageOfPage\":{\"@id\":\"https:\/\/order.grabo.com\/es\/product\/slender-seal\/#primaryimage\"},\"image\":{\"@id\":\"https:\/\/order.grabo.com\/es\/product\/slender-seal\/#primaryimage\"},\"thumbnailUrl\":\"https:\/\/order.grabo.com\/wp-content\/uploads\/2022\/03\/thumbnail.png\",\"datePublished\":\"2022-03-31T20:56:16+00:00\",\"dateModified\":\"2024-12-17T05:02:03+00:00\",\"breadcrumb\":{\"@id\":\"https:\/\/order.grabo.com\/es\/product\/slender-seal\/#breadcrumb\"},\"inLanguage\":\"es\",\"potentialAction\":[{\"@type\":\"ReadAction\",\"target\":[\"https:\/\/order.grabo.com\/es\/product\/slender-seal\/\"]}]},{\"@type\":\"ImageObject\",\"inLanguage\":\"es\",\"@id\":\"https:\/\/order.grabo.com\/es\/product\/slender-seal\/#primaryimage\",\"url\":\"https:\/\/order.grabo.com\/wp-content\/uploads\/2022\/03\/thumbnail.png\",\"contentUrl\":\"https:\/\/order.grabo.com\/wp-content\/uploads\/2022\/03\/thumbnail.png\",\"width\":1500,\"height\":1500},{\"@type\":\"BreadcrumbList\",\"@id\":\"https:\/\/order.grabo.com\/es\/product\/slender-seal\/#breadcrumb\",\"itemListElement\":[{\"@type\":\"ListItem\",\"position\":1,\"name\":\"Home\",\"item\":\"https:\/\/order.grabo.com\/es\/\"},{\"@type\":\"ListItem\",\"position\":2,\"name\":\"GRABO Factory Shop\",\"item\":\"https:\/\/order.grabo.com\/\"},{\"@type\":\"ListItem\",\"position\":3,\"name\":\"GRABO Slender Seal\"}]},{\"@type\":\"WebSite\",\"@id\":\"https:\/\/order.grabo.com\/es\/#website\",\"url\":\"https:\/\/order.grabo.com\/es\/\",\"name\":\"GRABO Factory Shop\",\"description\":\"GRABO Factory Shop\",\"publisher\":{\"@id\":\"https:\/\/order.grabo.com\/es\/#organization\"},\"potentialAction\":[{\"@type\":\"SearchAction\",\"target\":{\"@type\":\"EntryPoint\",\"urlTemplate\":\"https:\/\/order.grabo.com\/es\/?s={search_term_string}\"},\"query-input\":{\"@type\":\"PropertyValueSpecification\",\"valueRequired\":true,\"valueName\":\"search_term_string\"}}],\"inLanguage\":\"es\"},{\"@type\":\"Organization\",\"@id\":\"https:\/\/order.grabo.com\/es\/#organization\",\"name\":\"GRABO\",\"url\":\"https:\/\/order.grabo.com\/es\/\",\"logo\":{\"@type\":\"ImageObject\",\"inLanguage\":\"es\",\"@id\":\"https:\/\/order.grabo.com\/es\/#\/schema\/logo\/image\/\",\"url\":\"https:\/\/order.grabo.com\/wp-content\/uploads\/2020\/12\/GRABO-Pro-1.jpeg\",\"contentUrl\":\"https:\/\/order.grabo.com\/wp-content\/uploads\/2020\/12\/GRABO-Pro-1.jpeg\",\"width\":1712,\"height\":1712,\"caption\":\"GRABO\"},\"image\":{\"@id\":\"https:\/\/order.grabo.com\/es\/#\/schema\/logo\/image\/\"},\"sameAs\":[\"https:\/\/www.facebook.com\/GRABO.tools\",\"https:\/\/x.com\/grabotools\",\"https:\/\/www.instagram.com\/grabo.tools\/?hl=en\"]}]}<\/script>\n<!-- \/ Yoast SEO plugin. -->","yoast_head_json":{"title":"GRABO Slender Seal - GRABO Factory Shop","robots":{"index":"index","follow":"follow","max-snippet":"max-snippet:-1","max-image-preview":"max-image-preview:large","max-video-preview":"max-video-preview:-1"},"canonical":"https:\/\/order.grabo.com\/es\/product\/slender-seal\/","og_locale":"es_ES","og_type":"article","og_title":"GRABO Slender Seal - GRABO Factory Shop","og_description":"Slenderseal es una herramienta de elevaci\u00f3n vers\u00e1til dise\u00f1ada para superficies con una superficie m\u00e1s larga y estrecha, como baldosas, adoquines, tuber\u00edas y encimeras cortadas a medida. Es perfecta tanto para bricolaje como para uso profesional y har\u00e1 que levantar y mover materiales pesados sea coser y cantar. Con su construcci\u00f3n duradera y su dise\u00f1o innovador, Slenderseal es imprescindible en cualquier obra o proyecto de renovaci\u00f3n del hogar.","og_url":"https:\/\/order.grabo.com\/es\/product\/slender-seal\/","og_site_name":"GRABO Factory Shop","article_publisher":"https:\/\/www.facebook.com\/GRABO.tools","article_modified_time":"2024-12-17T05:02:03+00:00","og_image":[{"width":1500,"height":1500,"url":"https:\/\/order.grabo.com\/wp-content\/uploads\/2022\/06\/Slender1.png","type":"image\/png"}],"twitter_card":"summary_large_image","twitter_site":"@grabotools","twitter_misc":{"Tiempo de lectura":"2 minutos"},"schema":{"@context":"https:\/\/schema.org","@graph":[{"@type":"WebPage","@id":"https:\/\/order.grabo.com\/es\/product\/slender-seal\/","url":"https:\/\/order.grabo.com\/es\/product\/slender-seal\/","name":"GRABO Slender Seal - GRABO Factory Shop","isPartOf":{"@id":"https:\/\/order.grabo.com\/es\/#website"},"primaryImageOfPage":{"@id":"https:\/\/order.grabo.com\/es\/product\/slender-seal\/#primaryimage"},"image":{"@id":"https:\/\/order.grabo.com\/es\/product\/slender-seal\/#primaryimage"},"thumbnailUrl":"https:\/\/order.grabo.com\/wp-content\/uploads\/2022\/03\/thumbnail.png","datePublished":"2022-03-31T20:56:16+00:00","dateModified":"2024-12-17T05:02:03+00:00","breadcrumb":{"@id":"https:\/\/order.grabo.com\/es\/product\/slender-seal\/#breadcrumb"},"inLanguage":"es","potentialAction":[{"@type":"ReadAction","target":["https:\/\/order.grabo.com\/es\/product\/slender-seal\/"]}]},{"@type":"ImageObject","inLanguage":"es","@id":"https:\/\/order.grabo.com\/es\/product\/slender-seal\/#primaryimage","url":"https:\/\/order.grabo.com\/wp-content\/uploads\/2022\/03\/thumbnail.png","contentUrl":"https:\/\/order.grabo.com\/wp-content\/uploads\/2022\/03\/thumbnail.png","width":1500,"height":1500},{"@type":"BreadcrumbList","@id":"https:\/\/order.grabo.com\/es\/product\/slender-seal\/#breadcrumb","itemListElement":[{"@type":"ListItem","position":1,"name":"Home","item":"https:\/\/order.grabo.com\/es\/"},{"@type":"ListItem","position":2,"name":"GRABO Factory Shop","item":"https:\/\/order.grabo.com\/"},{"@type":"ListItem","position":3,"name":"GRABO Slender Seal"}]},{"@type":"WebSite","@id":"https:\/\/order.grabo.com\/es\/#website","url":"https:\/\/order.grabo.com\/es\/","name":"GRABO Factory Shop","description":"GRABO Factory Shop","publisher":{"@id":"https:\/\/order.grabo.com\/es\/#organization"},"potentialAction":[{"@type":"SearchAction","target":{"@type":"EntryPoint","urlTemplate":"https:\/\/order.grabo.com\/es\/?s={search_term_string}"},"query-input":{"@type":"PropertyValueSpecification","valueRequired":true,"valueName":"search_term_string"}}],"inLanguage":"es"},{"@type":"Organization","@id":"https:\/\/order.grabo.com\/es\/#organization","name":"GRABO","url":"https:\/\/order.grabo.com\/es\/","logo":{"@type":"ImageObject","inLanguage":"es","@id":"https:\/\/order.grabo.com\/es\/#\/schema\/logo\/image\/","url":"https:\/\/order.grabo.com\/wp-content\/uploads\/2020\/12\/GRABO-Pro-1.jpeg","contentUrl":"https:\/\/order.grabo.com\/wp-content\/uploads\/2020\/12\/GRABO-Pro-1.jpeg","width":1712,"height":1712,"caption":"GRABO"},"image":{"@id":"https:\/\/order.grabo.com\/es\/#\/schema\/logo\/image\/"},"sameAs":["https:\/\/www.facebook.com\/GRABO.tools","https:\/\/x.com\/grabotools","https:\/\/www.instagram.com\/grabo.tools\/?hl=en"]}]}},"_links":{"self":[{"href":"https:\/\/order.grabo.com\/es\/wp-json\/wp\/v2\/product\/7941","targetHints":{"allow":["GET"]}}],"collection":[{"href":"https:\/\/order.grabo.com\/es\/wp-json\/wp\/v2\/product"}],"about":[{"href":"https:\/\/order.grabo.com\/es\/wp-json\/wp\/v2\/types\/product"}],"replies":[{"embeddable":true,"href":"https:\/\/order.grabo.com\/es\/wp-json\/wp\/v2\/comments?post=7941"}],"wp:featuredmedia":[{"embeddable":true,"href":"https:\/\/order.grabo.com\/es\/wp-json\/wp\/v2\/media\/20554"}],"wp:attachment":[{"href":"https:\/\/order.grabo.com\/es\/wp-json\/wp\/v2\/media?parent=7941"}],"wp:term":[{"taxonomy":"product_brand","embeddable":true,"href":"https:\/\/order.grabo.com\/es\/wp-json\/wp\/v2\/product_brand?post=7941"},{"taxonomy":"product_cat","embeddable":true,"href":"https:\/\/order.grabo.com\/es\/wp-json\/wp\/v2\/product_cat?post=7941"},{"taxonomy":"product_tag","embeddable":true,"href":"https:\/\/order.grabo.com\/es\/wp-json\/wp\/v2\/product_tag?post=7941"}],"curies":[{"name":"wp","href":"https:\/\/api.w.org\/{rel}","templated":true}]}}