{"id":7921,"date":"2022-12-15T19:54:02","date_gmt":"2022-12-15T19:54:02","guid":{"rendered":"https:\/\/factory.grabo.com\/product\/nemo-grabo-2-batteries-2-seals\/"},"modified":"2025-12-05T21:05:10","modified_gmt":"2025-12-05T21:05:10","slug":"nemo-grabo-2-batteries-2-seals","status":"publish","type":"product","link":"https:\/\/order.grabo.com\/es\/product\/nemo-grabo-2-batteries-2-seals\/","title":{"rendered":"Nemo GRABO 2 pilas y 2 juntas"},"content":{"rendered":"<p>Presentamos el Nemo GRABO, una herramienta potente y vers\u00e1til para levantar cualquier superficie. Este producto viene con 2 bater\u00edas y 2 sellos de espuma, asegurando que tiene todo lo que necesita para hacer el trabajo. La potente tecnolog\u00eda de succi\u00f3n del GRABO le permite levantar y mover objetos pesados con facilidad. Tanto si mueve muebles, electrodom\u00e9sticos o equipos pesados, el GRABO de Nemo es la herramienta perfecta para el trabajo. No deje que levantar objetos pesados le frene: \u00a1h\u00e1gase con un Nemo GRABO hoy mismo!<\/p>\n","protected":false},"excerpt":{"rendered":"<p>El kit incluye :<\/p>\n<ul>\n<li>Elevador por vac\u00edo el\u00e9ctrico port\u00e1til GRABO Classic con man\u00f3metro anal\u00f3gico<\/li>\n<li>Capacidad de bombeo: 20 litros por minuto que proporcionan una enorme capacidad de elevaci\u00f3n<\/li>\n<li>2 bater\u00edas y un cargador de bater\u00eda con adaptadores internacionales<\/li>\n<li>1 junta de recambio ( 2 juntas en total )<\/li>\n<li>Bolsa de transporte de nylon resistente<\/li>\n<li>Filtros de repuesto<\/li>\n<li>Manual en ingl\u00e9s y caja expositora de colores<\/li>\n<\/ul>\n<p>https:\/\/youtu.be\/nDjQcFilZ_0<\/p>\n","protected":false},"featured_media":21127,"comment_status":"open","ping_status":"closed","template":"","meta":{"_acf_changed":false},"product_brand":[],"product_cat":[154],"product_tag":[],"class_list":{"0":"post-7921","1":"product","2":"type-product","3":"status-publish","4":"has-post-thumbnail","6":"product_cat-herramientas","7":"product_shipping_class-free-shipping-es","9":"first","10":"instock","11":"taxable","12":"shipping-taxable","13":"purchasable","14":"product-type-simple"},"acf":[],"yoast_head":"<!-- This site is optimized with the Yoast SEO plugin v27.3 - https:\/\/yoast.com\/product\/yoast-seo-wordpress\/ -->\n<title>Nemo GRABO 2 pilas y 2 juntas - GRABO Factory Shop<\/title>\n<meta name=\"description\" content=\"El kit de herramientas GRABO definitivo. Incluye dos bater\u00edas y dos juntas de espuma.\" \/>\n<meta name=\"robots\" content=\"index, follow, max-snippet:-1, max-image-preview:large, max-video-preview:-1\" \/>\n<link rel=\"canonical\" href=\"https:\/\/order.grabo.com\/es\/product\/nemo-grabo-2-batteries-2-seals\/\" \/>\n<meta property=\"og:locale\" content=\"es_ES\" \/>\n<meta property=\"og:type\" content=\"article\" \/>\n<meta property=\"og:title\" content=\"Nemo GRABO 2 pilas y 2 juntas - GRABO Factory Shop\" \/>\n<meta property=\"og:description\" content=\"El kit de herramientas GRABO definitivo. Incluye dos bater\u00edas y dos juntas de espuma.\" \/>\n<meta property=\"og:url\" content=\"https:\/\/order.grabo.com\/es\/product\/nemo-grabo-2-batteries-2-seals\/\" \/>\n<meta property=\"og:site_name\" content=\"GRABO Factory Shop\" \/>\n<meta property=\"article:publisher\" content=\"https:\/\/www.facebook.com\/GRABO.tools\" \/>\n<meta property=\"article:modified_time\" content=\"2025-12-05T21:05:10+00:00\" \/>\n<meta property=\"og:image\" content=\"https:\/\/order.grabo.com\/wp-content\/uploads\/2022\/12\/NemoGrabo_Old_2batteries_USA-1024x1024.png\" \/>\n\t<meta property=\"og:image:width\" content=\"1024\" \/>\n\t<meta property=\"og:image:height\" content=\"1024\" \/>\n\t<meta property=\"og:image:type\" content=\"image\/png\" \/>\n<meta name=\"twitter:card\" content=\"summary_large_image\" \/>\n<meta name=\"twitter:site\" content=\"@grabotools\" \/>\n<meta name=\"twitter:label1\" content=\"Tiempo de lectura\" \/>\n\t<meta name=\"twitter:data1\" content=\"1 minuto\" \/>\n<script type=\"application\/ld+json\" class=\"yoast-schema-graph\">{\"@context\":\"https:\\\/\\\/schema.org\",\"@graph\":[{\"@type\":\"WebPage\",\"@id\":\"https:\\\/\\\/order.grabo.com\\\/es\\\/product\\\/nemo-grabo-2-batteries-2-seals\\\/\",\"url\":\"https:\\\/\\\/order.grabo.com\\\/es\\\/product\\\/nemo-grabo-2-batteries-2-seals\\\/\",\"name\":\"Nemo GRABO 2 pilas y 2 juntas - GRABO Factory Shop\",\"isPartOf\":{\"@id\":\"https:\\\/\\\/order.grabo.com\\\/es\\\/#website\"},\"primaryImageOfPage\":{\"@id\":\"https:\\\/\\\/order.grabo.com\\\/es\\\/product\\\/nemo-grabo-2-batteries-2-seals\\\/#primaryimage\"},\"image\":{\"@id\":\"https:\\\/\\\/order.grabo.com\\\/es\\\/product\\\/nemo-grabo-2-batteries-2-seals\\\/#primaryimage\"},\"thumbnailUrl\":\"https:\\\/\\\/order.grabo.com\\\/wp-content\\\/uploads\\\/2022\\\/12\\\/NemoGrabo_Old_2batteries_USA.png\",\"datePublished\":\"2022-12-15T19:54:02+00:00\",\"dateModified\":\"2025-12-05T21:05:10+00:00\",\"description\":\"El kit de herramientas GRABO definitivo. Incluye dos bater\u00edas y dos juntas de espuma.\",\"breadcrumb\":{\"@id\":\"https:\\\/\\\/order.grabo.com\\\/es\\\/product\\\/nemo-grabo-2-batteries-2-seals\\\/#breadcrumb\"},\"inLanguage\":\"es\",\"potentialAction\":[{\"@type\":\"ReadAction\",\"target\":[\"https:\\\/\\\/order.grabo.com\\\/es\\\/product\\\/nemo-grabo-2-batteries-2-seals\\\/\"]}]},{\"@type\":\"ImageObject\",\"inLanguage\":\"es\",\"@id\":\"https:\\\/\\\/order.grabo.com\\\/es\\\/product\\\/nemo-grabo-2-batteries-2-seals\\\/#primaryimage\",\"url\":\"https:\\\/\\\/order.grabo.com\\\/wp-content\\\/uploads\\\/2022\\\/12\\\/NemoGrabo_Old_2batteries_USA.png\",\"contentUrl\":\"https:\\\/\\\/order.grabo.com\\\/wp-content\\\/uploads\\\/2022\\\/12\\\/NemoGrabo_Old_2batteries_USA.png\",\"width\":1500,\"height\":1500},{\"@type\":\"BreadcrumbList\",\"@id\":\"https:\\\/\\\/order.grabo.com\\\/es\\\/product\\\/nemo-grabo-2-batteries-2-seals\\\/#breadcrumb\",\"itemListElement\":[{\"@type\":\"ListItem\",\"position\":1,\"name\":\"Home\",\"item\":\"https:\\\/\\\/order.grabo.com\\\/es\\\/\"},{\"@type\":\"ListItem\",\"position\":2,\"name\":\"GRABO Factory Shop\",\"item\":\"https:\\\/\\\/order.grabo.com\\\/\"},{\"@type\":\"ListItem\",\"position\":3,\"name\":\"Nemo GRABO 2 pilas y 2 juntas\"}]},{\"@type\":\"WebSite\",\"@id\":\"https:\\\/\\\/order.grabo.com\\\/es\\\/#website\",\"url\":\"https:\\\/\\\/order.grabo.com\\\/es\\\/\",\"name\":\"GRABO Factory Shop\",\"description\":\"GRABO Factory Shop\",\"publisher\":{\"@id\":\"https:\\\/\\\/order.grabo.com\\\/es\\\/#organization\"},\"potentialAction\":[{\"@type\":\"SearchAction\",\"target\":{\"@type\":\"EntryPoint\",\"urlTemplate\":\"https:\\\/\\\/order.grabo.com\\\/es\\\/?s={search_term_string}\"},\"query-input\":{\"@type\":\"PropertyValueSpecification\",\"valueRequired\":true,\"valueName\":\"search_term_string\"}}],\"inLanguage\":\"es\"},{\"@type\":\"Organization\",\"@id\":\"https:\\\/\\\/order.grabo.com\\\/es\\\/#organization\",\"name\":\"GRABO\",\"url\":\"https:\\\/\\\/order.grabo.com\\\/es\\\/\",\"logo\":{\"@type\":\"ImageObject\",\"inLanguage\":\"es\",\"@id\":\"https:\\\/\\\/order.grabo.com\\\/es\\\/#\\\/schema\\\/logo\\\/image\\\/\",\"url\":\"https:\\\/\\\/order.grabo.com\\\/wp-content\\\/uploads\\\/2020\\\/12\\\/GRABO-Pro-1.jpeg\",\"contentUrl\":\"https:\\\/\\\/order.grabo.com\\\/wp-content\\\/uploads\\\/2020\\\/12\\\/GRABO-Pro-1.jpeg\",\"width\":1712,\"height\":1712,\"caption\":\"GRABO\"},\"image\":{\"@id\":\"https:\\\/\\\/order.grabo.com\\\/es\\\/#\\\/schema\\\/logo\\\/image\\\/\"},\"sameAs\":[\"https:\\\/\\\/www.facebook.com\\\/GRABO.tools\",\"https:\\\/\\\/x.com\\\/grabotools\",\"https:\\\/\\\/www.instagram.com\\\/grabo.tools\\\/?hl=en\"]}]}<\/script>\n<!-- \/ Yoast SEO plugin. -->","yoast_head_json":{"title":"Nemo GRABO 2 pilas y 2 juntas - GRABO Factory Shop","description":"El kit de herramientas GRABO definitivo. Incluye dos bater\u00edas y dos juntas de espuma.","robots":{"index":"index","follow":"follow","max-snippet":"max-snippet:-1","max-image-preview":"max-image-preview:large","max-video-preview":"max-video-preview:-1"},"canonical":"https:\/\/order.grabo.com\/es\/product\/nemo-grabo-2-batteries-2-seals\/","og_locale":"es_ES","og_type":"article","og_title":"Nemo GRABO 2 pilas y 2 juntas - GRABO Factory Shop","og_description":"El kit de herramientas GRABO definitivo. Incluye dos bater\u00edas y dos juntas de espuma.","og_url":"https:\/\/order.grabo.com\/es\/product\/nemo-grabo-2-batteries-2-seals\/","og_site_name":"GRABO Factory Shop","article_publisher":"https:\/\/www.facebook.com\/GRABO.tools","article_modified_time":"2025-12-05T21:05:10+00:00","og_image":[{"width":1024,"height":1024,"url":"https:\/\/order.grabo.com\/wp-content\/uploads\/2022\/12\/NemoGrabo_Old_2batteries_USA-1024x1024.png","type":"image\/png"}],"twitter_card":"summary_large_image","twitter_site":"@grabotools","twitter_misc":{"Tiempo de lectura":"1 minuto"},"schema":{"@context":"https:\/\/schema.org","@graph":[{"@type":"WebPage","@id":"https:\/\/order.grabo.com\/es\/product\/nemo-grabo-2-batteries-2-seals\/","url":"https:\/\/order.grabo.com\/es\/product\/nemo-grabo-2-batteries-2-seals\/","name":"Nemo GRABO 2 pilas y 2 juntas - GRABO Factory Shop","isPartOf":{"@id":"https:\/\/order.grabo.com\/es\/#website"},"primaryImageOfPage":{"@id":"https:\/\/order.grabo.com\/es\/product\/nemo-grabo-2-batteries-2-seals\/#primaryimage"},"image":{"@id":"https:\/\/order.grabo.com\/es\/product\/nemo-grabo-2-batteries-2-seals\/#primaryimage"},"thumbnailUrl":"https:\/\/order.grabo.com\/wp-content\/uploads\/2022\/12\/NemoGrabo_Old_2batteries_USA.png","datePublished":"2022-12-15T19:54:02+00:00","dateModified":"2025-12-05T21:05:10+00:00","description":"El kit de herramientas GRABO definitivo. Incluye dos bater\u00edas y dos juntas de espuma.","breadcrumb":{"@id":"https:\/\/order.grabo.com\/es\/product\/nemo-grabo-2-batteries-2-seals\/#breadcrumb"},"inLanguage":"es","potentialAction":[{"@type":"ReadAction","target":["https:\/\/order.grabo.com\/es\/product\/nemo-grabo-2-batteries-2-seals\/"]}]},{"@type":"ImageObject","inLanguage":"es","@id":"https:\/\/order.grabo.com\/es\/product\/nemo-grabo-2-batteries-2-seals\/#primaryimage","url":"https:\/\/order.grabo.com\/wp-content\/uploads\/2022\/12\/NemoGrabo_Old_2batteries_USA.png","contentUrl":"https:\/\/order.grabo.com\/wp-content\/uploads\/2022\/12\/NemoGrabo_Old_2batteries_USA.png","width":1500,"height":1500},{"@type":"BreadcrumbList","@id":"https:\/\/order.grabo.com\/es\/product\/nemo-grabo-2-batteries-2-seals\/#breadcrumb","itemListElement":[{"@type":"ListItem","position":1,"name":"Home","item":"https:\/\/order.grabo.com\/es\/"},{"@type":"ListItem","position":2,"name":"GRABO Factory Shop","item":"https:\/\/order.grabo.com\/"},{"@type":"ListItem","position":3,"name":"Nemo GRABO 2 pilas y 2 juntas"}]},{"@type":"WebSite","@id":"https:\/\/order.grabo.com\/es\/#website","url":"https:\/\/order.grabo.com\/es\/","name":"GRABO Factory Shop","description":"GRABO Factory Shop","publisher":{"@id":"https:\/\/order.grabo.com\/es\/#organization"},"potentialAction":[{"@type":"SearchAction","target":{"@type":"EntryPoint","urlTemplate":"https:\/\/order.grabo.com\/es\/?s={search_term_string}"},"query-input":{"@type":"PropertyValueSpecification","valueRequired":true,"valueName":"search_term_string"}}],"inLanguage":"es"},{"@type":"Organization","@id":"https:\/\/order.grabo.com\/es\/#organization","name":"GRABO","url":"https:\/\/order.grabo.com\/es\/","logo":{"@type":"ImageObject","inLanguage":"es","@id":"https:\/\/order.grabo.com\/es\/#\/schema\/logo\/image\/","url":"https:\/\/order.grabo.com\/wp-content\/uploads\/2020\/12\/GRABO-Pro-1.jpeg","contentUrl":"https:\/\/order.grabo.com\/wp-content\/uploads\/2020\/12\/GRABO-Pro-1.jpeg","width":1712,"height":1712,"caption":"GRABO"},"image":{"@id":"https:\/\/order.grabo.com\/es\/#\/schema\/logo\/image\/"},"sameAs":["https:\/\/www.facebook.com\/GRABO.tools","https:\/\/x.com\/grabotools","https:\/\/www.instagram.com\/grabo.tools\/?hl=en"]}]}},"_links":{"self":[{"href":"https:\/\/order.grabo.com\/es\/wp-json\/wp\/v2\/product\/7921","targetHints":{"allow":["GET"]}}],"collection":[{"href":"https:\/\/order.grabo.com\/es\/wp-json\/wp\/v2\/product"}],"about":[{"href":"https:\/\/order.grabo.com\/es\/wp-json\/wp\/v2\/types\/product"}],"replies":[{"embeddable":true,"href":"https:\/\/order.grabo.com\/es\/wp-json\/wp\/v2\/comments?post=7921"}],"wp:featuredmedia":[{"embeddable":true,"href":"https:\/\/order.grabo.com\/es\/wp-json\/wp\/v2\/media\/21127"}],"wp:attachment":[{"href":"https:\/\/order.grabo.com\/es\/wp-json\/wp\/v2\/media?parent=7921"}],"wp:term":[{"taxonomy":"product_brand","embeddable":true,"href":"https:\/\/order.grabo.com\/es\/wp-json\/wp\/v2\/product_brand?post=7921"},{"taxonomy":"product_cat","embeddable":true,"href":"https:\/\/order.grabo.com\/es\/wp-json\/wp\/v2\/product_cat?post=7921"},{"taxonomy":"product_tag","embeddable":true,"href":"https:\/\/order.grabo.com\/es\/wp-json\/wp\/v2\/product_tag?post=7921"}],"curies":[{"name":"wp","href":"https:\/\/api.w.org\/{rel}","templated":true}]}}