{"id":7918,"date":"2023-02-16T02:35:48","date_gmt":"2023-02-16T02:35:48","guid":{"rendered":"https:\/\/factory.grabo.com\/product\/ottovac-eu\/"},"modified":"2025-12-05T21:09:53","modified_gmt":"2025-12-05T21:09:53","slug":"ottovac-eu","status":"publish","type":"product","link":"https:\/\/order.grabo.com\/es\/product\/ottovac-eu\/","title":{"rendered":"OTTOVAC"},"content":{"rendered":"<p>OTTOVAC es un aparato elevador de vac\u00edo el\u00e9ctrico port\u00e1til para levantar y mover vidrio y cualquier otro material que tenga una superficie lisa, plana y no porosa. OTTOVAC funciona con 4 pilas AA e incorpora un sensor de presi\u00f3n con funci\u00f3n autom\u00e1tica de arranque y parada. Cuando el vac\u00edo en la base de la ventosa alcanza -55 kPa, la bomba se detiene autom\u00e1ticamente tras un retardo de tres segundos.<br \/>\ntres segundos. Cuando el nivel de vac\u00edo desciende por debajo de -55 kPa, la bomba se reinicia autom\u00e1ticamente, alcanzando la presi\u00f3n necesaria durante el funcionamiento.<\/p>\n","protected":false},"excerpt":{"rendered":"<p>&nbsp;<\/p>\n<p>OTTOVAC es un aparato elevador de vac\u00edo el\u00e9ctrico port\u00e1til destinado a levantar y mover vidrio y cualquier otro material que tenga una superficie lisa, plana y no porosa.<\/p>\n<ul>\n<li>Totalmente el\u00e9ctrico, funciona con 4 pilas AA; no requiere bombeo manual.<\/li>\n<li>Fiabilidad y seguridad: Sensor de presi\u00f3n incorporado con funci\u00f3n autom\u00e1tica de arranque\/parada<\/li>\n<li>Capacidad m\u00e1xima de elevaci\u00f3n de 200 kg (440 lbs)<\/li>\n<li>Funciona en servicios texturizados<\/li>\n<li>Indicador luminoso LED rojo\/verde de la duraci\u00f3n de la bater\u00eda<\/li>\n<li>Fiabilidad: No se frustre m\u00e1s con las ventosas manuales que pierden presi\u00f3n y pierden succi\u00f3n a su material. OTTOVAC elimina las conjeturas<\/li>\n<\/ul>\n","protected":false},"featured_media":9513,"comment_status":"open","ping_status":"closed","template":"","meta":{"_acf_changed":false},"product_brand":[],"product_cat":[154],"product_tag":[],"class_list":{"0":"post-7918","1":"product","2":"type-product","3":"status-publish","4":"has-post-thumbnail","6":"product_cat-herramientas","8":"first","9":"instock","10":"taxable","11":"shipping-taxable","12":"purchasable","13":"product-type-simple"},"acf":[],"yoast_head":"<!-- This site is optimized with the Yoast SEO plugin v27.2 - https:\/\/yoast.com\/product\/yoast-seo-wordpress\/ -->\n<title>OTTOVAC - GRABO Factory Shop<\/title>\n<meta name=\"description\" content=\"OTTOVAC es un aparato elevador de vac\u00edo el\u00e9ctrico port\u00e1til para levantar y mover vidrio y cualquier otro material que tenga una superficie lisa, plana y no porosa. OTTOVAC funciona con 4 pilas AA e incorpora un sensor de presi\u00f3n con funci\u00f3n autom\u00e1tica de arranque y parada. Cuando el vac\u00edo en la base de la ventosa alcanza -55 kPa, la bomba se detiene autom\u00e1ticamente tras un retardo de tres segundos. tres segundos. Cuando el nivel de vac\u00edo desciende por debajo de -55 kPa, la bomba se reinicia autom\u00e1ticamente, alcanzando la presi\u00f3n necesaria durante el funcionamiento.\" \/>\n<meta name=\"robots\" content=\"index, follow, max-snippet:-1, max-image-preview:large, max-video-preview:-1\" \/>\n<link rel=\"canonical\" href=\"https:\/\/order.grabo.com\/es\/product\/ottovac-eu\/\" \/>\n<meta property=\"og:locale\" content=\"es_ES\" \/>\n<meta property=\"og:type\" content=\"article\" \/>\n<meta property=\"og:title\" content=\"OTTOVAC - GRABO Factory Shop\" \/>\n<meta property=\"og:description\" content=\"OTTOVAC es un aparato elevador de vac\u00edo el\u00e9ctrico port\u00e1til para levantar y mover vidrio y cualquier otro material que tenga una superficie lisa, plana y no porosa. OTTOVAC funciona con 4 pilas AA e incorpora un sensor de presi\u00f3n con funci\u00f3n autom\u00e1tica de arranque y parada. Cuando el vac\u00edo en la base de la ventosa alcanza -55 kPa, la bomba se detiene autom\u00e1ticamente tras un retardo de tres segundos. tres segundos. Cuando el nivel de vac\u00edo desciende por debajo de -55 kPa, la bomba se reinicia autom\u00e1ticamente, alcanzando la presi\u00f3n necesaria durante el funcionamiento.\" \/>\n<meta property=\"og:url\" content=\"https:\/\/order.grabo.com\/es\/product\/ottovac-eu\/\" \/>\n<meta property=\"og:site_name\" content=\"GRABO Factory Shop\" \/>\n<meta property=\"article:publisher\" content=\"https:\/\/www.facebook.com\/GRABO.tools\" \/>\n<meta property=\"article:modified_time\" content=\"2025-12-05T21:09:53+00:00\" \/>\n<meta property=\"og:image\" content=\"https:\/\/order.grabo.com\/wp-content\/uploads\/2023\/02\/Flat-lay-image-3-scaled.jpg\" \/>\n\t<meta property=\"og:image:width\" content=\"2560\" \/>\n\t<meta property=\"og:image:height\" content=\"2558\" \/>\n\t<meta property=\"og:image:type\" content=\"image\/jpeg\" \/>\n<meta name=\"twitter:card\" content=\"summary_large_image\" \/>\n<meta name=\"twitter:site\" content=\"@grabotools\" \/>\n<meta name=\"twitter:label1\" content=\"Tiempo de lectura\" \/>\n\t<meta name=\"twitter:data1\" content=\"1 minuto\" \/>\n<script type=\"application\/ld+json\" class=\"yoast-schema-graph\">{\"@context\":\"https:\/\/schema.org\",\"@graph\":[{\"@type\":\"WebPage\",\"@id\":\"https:\/\/order.grabo.com\/es\/product\/ottovac-eu\/\",\"url\":\"https:\/\/order.grabo.com\/es\/product\/ottovac-eu\/\",\"name\":\"OTTOVAC - GRABO Factory Shop\",\"isPartOf\":{\"@id\":\"https:\/\/order.grabo.com\/es\/#website\"},\"primaryImageOfPage\":{\"@id\":\"https:\/\/order.grabo.com\/es\/product\/ottovac-eu\/#primaryimage\"},\"image\":{\"@id\":\"https:\/\/order.grabo.com\/es\/product\/ottovac-eu\/#primaryimage\"},\"thumbnailUrl\":\"https:\/\/order.grabo.com\/wp-content\/uploads\/2023\/02\/Flat-lay-image-3-scaled.jpg\",\"datePublished\":\"2023-02-16T02:35:48+00:00\",\"dateModified\":\"2025-12-05T21:09:53+00:00\",\"description\":\"OTTOVAC es un aparato elevador de vac\u00edo el\u00e9ctrico port\u00e1til para levantar y mover vidrio y cualquier otro material que tenga una superficie lisa, plana y no porosa. OTTOVAC funciona con 4 pilas AA e incorpora un sensor de presi\u00f3n con funci\u00f3n autom\u00e1tica de arranque y parada. Cuando el vac\u00edo en la base de la ventosa alcanza -55 kPa, la bomba se detiene autom\u00e1ticamente tras un retardo de tres segundos. tres segundos. Cuando el nivel de vac\u00edo desciende por debajo de -55 kPa, la bomba se reinicia autom\u00e1ticamente, alcanzando la presi\u00f3n necesaria durante el funcionamiento.\",\"breadcrumb\":{\"@id\":\"https:\/\/order.grabo.com\/es\/product\/ottovac-eu\/#breadcrumb\"},\"inLanguage\":\"es\",\"potentialAction\":[{\"@type\":\"ReadAction\",\"target\":[\"https:\/\/order.grabo.com\/es\/product\/ottovac-eu\/\"]}]},{\"@type\":\"ImageObject\",\"inLanguage\":\"es\",\"@id\":\"https:\/\/order.grabo.com\/es\/product\/ottovac-eu\/#primaryimage\",\"url\":\"https:\/\/order.grabo.com\/wp-content\/uploads\/2023\/02\/Flat-lay-image-3-scaled.jpg\",\"contentUrl\":\"https:\/\/order.grabo.com\/wp-content\/uploads\/2023\/02\/Flat-lay-image-3-scaled.jpg\",\"width\":2560,\"height\":2558},{\"@type\":\"BreadcrumbList\",\"@id\":\"https:\/\/order.grabo.com\/es\/product\/ottovac-eu\/#breadcrumb\",\"itemListElement\":[{\"@type\":\"ListItem\",\"position\":1,\"name\":\"Home\",\"item\":\"https:\/\/order.grabo.com\/es\/\"},{\"@type\":\"ListItem\",\"position\":2,\"name\":\"GRABO Factory Shop\",\"item\":\"https:\/\/order.grabo.com\/\"},{\"@type\":\"ListItem\",\"position\":3,\"name\":\"OTTOVAC\"}]},{\"@type\":\"WebSite\",\"@id\":\"https:\/\/order.grabo.com\/es\/#website\",\"url\":\"https:\/\/order.grabo.com\/es\/\",\"name\":\"GRABO Factory Shop\",\"description\":\"GRABO Factory Shop\",\"publisher\":{\"@id\":\"https:\/\/order.grabo.com\/es\/#organization\"},\"potentialAction\":[{\"@type\":\"SearchAction\",\"target\":{\"@type\":\"EntryPoint\",\"urlTemplate\":\"https:\/\/order.grabo.com\/es\/?s={search_term_string}\"},\"query-input\":{\"@type\":\"PropertyValueSpecification\",\"valueRequired\":true,\"valueName\":\"search_term_string\"}}],\"inLanguage\":\"es\"},{\"@type\":\"Organization\",\"@id\":\"https:\/\/order.grabo.com\/es\/#organization\",\"name\":\"GRABO\",\"url\":\"https:\/\/order.grabo.com\/es\/\",\"logo\":{\"@type\":\"ImageObject\",\"inLanguage\":\"es\",\"@id\":\"https:\/\/order.grabo.com\/es\/#\/schema\/logo\/image\/\",\"url\":\"https:\/\/order.grabo.com\/wp-content\/uploads\/2020\/12\/GRABO-Pro-1.jpeg\",\"contentUrl\":\"https:\/\/order.grabo.com\/wp-content\/uploads\/2020\/12\/GRABO-Pro-1.jpeg\",\"width\":1712,\"height\":1712,\"caption\":\"GRABO\"},\"image\":{\"@id\":\"https:\/\/order.grabo.com\/es\/#\/schema\/logo\/image\/\"},\"sameAs\":[\"https:\/\/www.facebook.com\/GRABO.tools\",\"https:\/\/x.com\/grabotools\",\"https:\/\/www.instagram.com\/grabo.tools\/?hl=en\"]}]}<\/script>\n<!-- \/ Yoast SEO plugin. -->","yoast_head_json":{"title":"OTTOVAC - GRABO Factory Shop","description":"OTTOVAC es un aparato elevador de vac\u00edo el\u00e9ctrico port\u00e1til para levantar y mover vidrio y cualquier otro material que tenga una superficie lisa, plana y no porosa. OTTOVAC funciona con 4 pilas AA e incorpora un sensor de presi\u00f3n con funci\u00f3n autom\u00e1tica de arranque y parada. Cuando el vac\u00edo en la base de la ventosa alcanza -55 kPa, la bomba se detiene autom\u00e1ticamente tras un retardo de tres segundos. tres segundos. Cuando el nivel de vac\u00edo desciende por debajo de -55 kPa, la bomba se reinicia autom\u00e1ticamente, alcanzando la presi\u00f3n necesaria durante el funcionamiento.","robots":{"index":"index","follow":"follow","max-snippet":"max-snippet:-1","max-image-preview":"max-image-preview:large","max-video-preview":"max-video-preview:-1"},"canonical":"https:\/\/order.grabo.com\/es\/product\/ottovac-eu\/","og_locale":"es_ES","og_type":"article","og_title":"OTTOVAC - GRABO Factory Shop","og_description":"OTTOVAC es un aparato elevador de vac\u00edo el\u00e9ctrico port\u00e1til para levantar y mover vidrio y cualquier otro material que tenga una superficie lisa, plana y no porosa. OTTOVAC funciona con 4 pilas AA e incorpora un sensor de presi\u00f3n con funci\u00f3n autom\u00e1tica de arranque y parada. Cuando el vac\u00edo en la base de la ventosa alcanza -55 kPa, la bomba se detiene autom\u00e1ticamente tras un retardo de tres segundos. tres segundos. Cuando el nivel de vac\u00edo desciende por debajo de -55 kPa, la bomba se reinicia autom\u00e1ticamente, alcanzando la presi\u00f3n necesaria durante el funcionamiento.","og_url":"https:\/\/order.grabo.com\/es\/product\/ottovac-eu\/","og_site_name":"GRABO Factory Shop","article_publisher":"https:\/\/www.facebook.com\/GRABO.tools","article_modified_time":"2025-12-05T21:09:53+00:00","og_image":[{"width":2560,"height":2558,"url":"https:\/\/order.grabo.com\/wp-content\/uploads\/2023\/02\/Flat-lay-image-3-scaled.jpg","type":"image\/jpeg"}],"twitter_card":"summary_large_image","twitter_site":"@grabotools","twitter_misc":{"Tiempo de lectura":"1 minuto"},"schema":{"@context":"https:\/\/schema.org","@graph":[{"@type":"WebPage","@id":"https:\/\/order.grabo.com\/es\/product\/ottovac-eu\/","url":"https:\/\/order.grabo.com\/es\/product\/ottovac-eu\/","name":"OTTOVAC - GRABO Factory Shop","isPartOf":{"@id":"https:\/\/order.grabo.com\/es\/#website"},"primaryImageOfPage":{"@id":"https:\/\/order.grabo.com\/es\/product\/ottovac-eu\/#primaryimage"},"image":{"@id":"https:\/\/order.grabo.com\/es\/product\/ottovac-eu\/#primaryimage"},"thumbnailUrl":"https:\/\/order.grabo.com\/wp-content\/uploads\/2023\/02\/Flat-lay-image-3-scaled.jpg","datePublished":"2023-02-16T02:35:48+00:00","dateModified":"2025-12-05T21:09:53+00:00","description":"OTTOVAC es un aparato elevador de vac\u00edo el\u00e9ctrico port\u00e1til para levantar y mover vidrio y cualquier otro material que tenga una superficie lisa, plana y no porosa. OTTOVAC funciona con 4 pilas AA e incorpora un sensor de presi\u00f3n con funci\u00f3n autom\u00e1tica de arranque y parada. Cuando el vac\u00edo en la base de la ventosa alcanza -55 kPa, la bomba se detiene autom\u00e1ticamente tras un retardo de tres segundos. tres segundos. Cuando el nivel de vac\u00edo desciende por debajo de -55 kPa, la bomba se reinicia autom\u00e1ticamente, alcanzando la presi\u00f3n necesaria durante el funcionamiento.","breadcrumb":{"@id":"https:\/\/order.grabo.com\/es\/product\/ottovac-eu\/#breadcrumb"},"inLanguage":"es","potentialAction":[{"@type":"ReadAction","target":["https:\/\/order.grabo.com\/es\/product\/ottovac-eu\/"]}]},{"@type":"ImageObject","inLanguage":"es","@id":"https:\/\/order.grabo.com\/es\/product\/ottovac-eu\/#primaryimage","url":"https:\/\/order.grabo.com\/wp-content\/uploads\/2023\/02\/Flat-lay-image-3-scaled.jpg","contentUrl":"https:\/\/order.grabo.com\/wp-content\/uploads\/2023\/02\/Flat-lay-image-3-scaled.jpg","width":2560,"height":2558},{"@type":"BreadcrumbList","@id":"https:\/\/order.grabo.com\/es\/product\/ottovac-eu\/#breadcrumb","itemListElement":[{"@type":"ListItem","position":1,"name":"Home","item":"https:\/\/order.grabo.com\/es\/"},{"@type":"ListItem","position":2,"name":"GRABO Factory Shop","item":"https:\/\/order.grabo.com\/"},{"@type":"ListItem","position":3,"name":"OTTOVAC"}]},{"@type":"WebSite","@id":"https:\/\/order.grabo.com\/es\/#website","url":"https:\/\/order.grabo.com\/es\/","name":"GRABO Factory Shop","description":"GRABO Factory Shop","publisher":{"@id":"https:\/\/order.grabo.com\/es\/#organization"},"potentialAction":[{"@type":"SearchAction","target":{"@type":"EntryPoint","urlTemplate":"https:\/\/order.grabo.com\/es\/?s={search_term_string}"},"query-input":{"@type":"PropertyValueSpecification","valueRequired":true,"valueName":"search_term_string"}}],"inLanguage":"es"},{"@type":"Organization","@id":"https:\/\/order.grabo.com\/es\/#organization","name":"GRABO","url":"https:\/\/order.grabo.com\/es\/","logo":{"@type":"ImageObject","inLanguage":"es","@id":"https:\/\/order.grabo.com\/es\/#\/schema\/logo\/image\/","url":"https:\/\/order.grabo.com\/wp-content\/uploads\/2020\/12\/GRABO-Pro-1.jpeg","contentUrl":"https:\/\/order.grabo.com\/wp-content\/uploads\/2020\/12\/GRABO-Pro-1.jpeg","width":1712,"height":1712,"caption":"GRABO"},"image":{"@id":"https:\/\/order.grabo.com\/es\/#\/schema\/logo\/image\/"},"sameAs":["https:\/\/www.facebook.com\/GRABO.tools","https:\/\/x.com\/grabotools","https:\/\/www.instagram.com\/grabo.tools\/?hl=en"]}]}},"_links":{"self":[{"href":"https:\/\/order.grabo.com\/es\/wp-json\/wp\/v2\/product\/7918","targetHints":{"allow":["GET"]}}],"collection":[{"href":"https:\/\/order.grabo.com\/es\/wp-json\/wp\/v2\/product"}],"about":[{"href":"https:\/\/order.grabo.com\/es\/wp-json\/wp\/v2\/types\/product"}],"replies":[{"embeddable":true,"href":"https:\/\/order.grabo.com\/es\/wp-json\/wp\/v2\/comments?post=7918"}],"wp:featuredmedia":[{"embeddable":true,"href":"https:\/\/order.grabo.com\/es\/wp-json\/wp\/v2\/media\/9513"}],"wp:attachment":[{"href":"https:\/\/order.grabo.com\/es\/wp-json\/wp\/v2\/media?parent=7918"}],"wp:term":[{"taxonomy":"product_brand","embeddable":true,"href":"https:\/\/order.grabo.com\/es\/wp-json\/wp\/v2\/product_brand?post=7918"},{"taxonomy":"product_cat","embeddable":true,"href":"https:\/\/order.grabo.com\/es\/wp-json\/wp\/v2\/product_cat?post=7918"},{"taxonomy":"product_tag","embeddable":true,"href":"https:\/\/order.grabo.com\/es\/wp-json\/wp\/v2\/product_tag?post=7918"}],"curies":[{"name":"wp","href":"https:\/\/api.w.org\/{rel}","templated":true}]}}