{"id":7882,"date":"2023-02-16T02:39:43","date_gmt":"2023-02-16T02:39:43","guid":{"rendered":"https:\/\/factory.grabo.com\/product\/grabo-pro-4-pack-2023-version-eu\/"},"modified":"2025-12-05T21:01:43","modified_gmt":"2025-12-05T21:01:43","slug":"grabo-pro-4-pack-2023-version-eu","status":"publish","type":"product","link":"https:\/\/order.grabo.com\/es\/product\/grabo-pro-4-pack-2023-version-eu\/","title":{"rendered":"GRABO Pro (pack de 4)"},"content":{"rendered":"<p>GRABO Pro - paquete para mayoristas (paquete de 4)<\/p>\n<p>Una herramienta GRABO Pro con una pantalla de presi\u00f3n digital inteligente convenientemente situada en el mango con visualizaci\u00f3n tanto de la presi\u00f3n (PSI, Bar) como del peso ( Kg, Lb). GRABO Pro viene con un sensor de presi\u00f3n incorporado que enciende y apaga autom\u00e1ticamente la bomba de vac\u00edo para mantener constante la capacidad de elevaci\u00f3n deseada. La bomba de vac\u00edo GRABO Pro mueve 20 litros de aire por minuto, lo que proporciona una enorme capacidad de elevaci\u00f3n y es capaz de levantar casi cualquier superficie con un peso de hasta 170 kg. La junta de gomaespuma patentada que viene con la herramienta GRABO Pro es fuerte y resistente al desgaste, pero f\u00e1cil de sustituir si se da\u00f1a. Una vez activada la herramienta, el sello se crea en segundos y se adhiere firmemente a casi cualquier superficie, incluidas las superficies irregulares y ligeramente porosas. GRABO Pro est\u00e1 equipado con cuatro orejetas de elevaci\u00f3n de acero situadas a ambos lados del mango de la herramienta. Esto permite utilizar la herramienta con correas de elevaci\u00f3n y accesorios de fijaci\u00f3n adicionales.<\/p>\n<p>GRABO Pro viene con una garant\u00eda completa de f\u00e1brica de 12 meses que puede ampliarse a 18 meses al registrar su producto en nuestro sitio web. Con un soporte t\u00e9cnico profesional con sede en EE.UU., si tiene alg\u00fan problema, no dude en comunic\u00e1rnoslo. \u00a1Estamos aqu\u00ed para que siga trabajando!<\/p>\n<p>Traducci\u00f3n realizada con la versi\u00f3n gratuita del traductor www.DeepL.com\/Translator<\/p>\n","protected":false},"excerpt":{"rendered":"<p>Cada kit GRABO PRO incluye<\/p>\n<ul>\n<li>Elevador de vac\u00edo el\u00e9ctrico port\u00e1til GRABO Pro con man\u00f3metro digital.<\/li>\n<li>Los sensores de presi\u00f3n autom\u00e1ticos encienden y apagan la bomba para garantizar un vac\u00edo constante.<\/li>\n<li>Capacidad de bombeo : 20 litros por minuto proporciona una enorme capacidad de elevaci\u00f3n<\/li>\n<li>1 bater\u00eda y un cargador de bater\u00eda con adaptadores internacionales<\/li>\n<li>Junta de gomaespuma preinstalada en la herramienta<\/li>\n<li>Bolsa de transporte de nylon resistente<\/li>\n<li>Filtros de repuesto<\/li>\n<li>Manual en ingl\u00e9s con caja expositora de colores<\/li>\n<\/ul>\n<p>https:\/\/www.youtube.com\/watch?v=N5pcKCORwnA<\/p>\n","protected":false},"featured_media":6766,"comment_status":"open","ping_status":"closed","template":"","meta":{"_acf_changed":false},"product_brand":[],"product_cat":[154],"product_tag":[],"class_list":{"0":"post-7882","1":"product","2":"type-product","3":"status-publish","4":"has-post-thumbnail","6":"product_cat-herramientas","8":"first","9":"instock","10":"taxable","11":"shipping-taxable","12":"purchasable","13":"product-type-simple"},"acf":[],"yoast_head":"<!-- This site is optimized with the Yoast SEO plugin v27.3 - https:\/\/yoast.com\/product\/yoast-seo-wordpress\/ -->\n<title>GRABO Pro (pack de 4) - GRABO Factory Shop<\/title>\n<meta name=\"description\" content=\"Four pack of the GRABO PRO! We noticed most users like having two, and having their employees have two as well! Here is a one stop shop 4 pack!\" \/>\n<meta name=\"robots\" content=\"index, follow, max-snippet:-1, max-image-preview:large, max-video-preview:-1\" \/>\n<link rel=\"canonical\" href=\"https:\/\/order.grabo.com\/es\/product\/grabo-pro-4-pack-2023-version-eu\/\" \/>\n<meta property=\"og:locale\" content=\"es_ES\" \/>\n<meta property=\"og:type\" content=\"article\" \/>\n<meta property=\"og:title\" content=\"GRABO Pro (pack de 4) - GRABO Factory Shop\" \/>\n<meta property=\"og:description\" content=\"Four pack of the GRABO PRO! We noticed most users like having two, and having their employees have two as well! Here is a one stop shop 4 pack!\" \/>\n<meta property=\"og:url\" content=\"https:\/\/order.grabo.com\/es\/product\/grabo-pro-4-pack-2023-version-eu\/\" \/>\n<meta property=\"og:site_name\" content=\"GRABO Factory Shop\" \/>\n<meta property=\"article:publisher\" content=\"https:\/\/www.facebook.com\/GRABO.tools\" \/>\n<meta property=\"article:modified_time\" content=\"2025-12-05T21:01:43+00:00\" \/>\n<meta property=\"og:image\" content=\"https:\/\/order.grabo.com\/wp-content\/uploads\/2022\/04\/Four-Pack-Pro-1024x1024.png\" \/>\n\t<meta property=\"og:image:width\" content=\"1024\" \/>\n\t<meta property=\"og:image:height\" content=\"1024\" \/>\n\t<meta property=\"og:image:type\" content=\"image\/png\" \/>\n<meta name=\"twitter:card\" content=\"summary_large_image\" \/>\n<meta name=\"twitter:site\" content=\"@grabotools\" \/>\n<meta name=\"twitter:label1\" content=\"Tiempo de lectura\" \/>\n\t<meta name=\"twitter:data1\" content=\"2 minutos\" \/>\n<script type=\"application\/ld+json\" class=\"yoast-schema-graph\">{\"@context\":\"https:\\\/\\\/schema.org\",\"@graph\":[{\"@type\":\"WebPage\",\"@id\":\"https:\\\/\\\/order.grabo.com\\\/es\\\/product\\\/grabo-pro-4-pack-2023-version-eu\\\/\",\"url\":\"https:\\\/\\\/order.grabo.com\\\/es\\\/product\\\/grabo-pro-4-pack-2023-version-eu\\\/\",\"name\":\"GRABO Pro (pack de 4) - GRABO Factory Shop\",\"isPartOf\":{\"@id\":\"https:\\\/\\\/order.grabo.com\\\/es\\\/#website\"},\"primaryImageOfPage\":{\"@id\":\"https:\\\/\\\/order.grabo.com\\\/es\\\/product\\\/grabo-pro-4-pack-2023-version-eu\\\/#primaryimage\"},\"image\":{\"@id\":\"https:\\\/\\\/order.grabo.com\\\/es\\\/product\\\/grabo-pro-4-pack-2023-version-eu\\\/#primaryimage\"},\"thumbnailUrl\":\"https:\\\/\\\/order.grabo.com\\\/wp-content\\\/uploads\\\/2022\\\/04\\\/Four-Pack-Pro.png\",\"datePublished\":\"2023-02-16T02:39:43+00:00\",\"dateModified\":\"2025-12-05T21:01:43+00:00\",\"description\":\"Four pack of the GRABO PRO! We noticed most users like having two, and having their employees have two as well! Here is a one stop shop 4 pack!\",\"breadcrumb\":{\"@id\":\"https:\\\/\\\/order.grabo.com\\\/es\\\/product\\\/grabo-pro-4-pack-2023-version-eu\\\/#breadcrumb\"},\"inLanguage\":\"es\",\"potentialAction\":[{\"@type\":\"ReadAction\",\"target\":[\"https:\\\/\\\/order.grabo.com\\\/es\\\/product\\\/grabo-pro-4-pack-2023-version-eu\\\/\"]}]},{\"@type\":\"ImageObject\",\"inLanguage\":\"es\",\"@id\":\"https:\\\/\\\/order.grabo.com\\\/es\\\/product\\\/grabo-pro-4-pack-2023-version-eu\\\/#primaryimage\",\"url\":\"https:\\\/\\\/order.grabo.com\\\/wp-content\\\/uploads\\\/2022\\\/04\\\/Four-Pack-Pro.png\",\"contentUrl\":\"https:\\\/\\\/order.grabo.com\\\/wp-content\\\/uploads\\\/2022\\\/04\\\/Four-Pack-Pro.png\",\"width\":1500,\"height\":1500},{\"@type\":\"BreadcrumbList\",\"@id\":\"https:\\\/\\\/order.grabo.com\\\/es\\\/product\\\/grabo-pro-4-pack-2023-version-eu\\\/#breadcrumb\",\"itemListElement\":[{\"@type\":\"ListItem\",\"position\":1,\"name\":\"Home\",\"item\":\"https:\\\/\\\/order.grabo.com\\\/es\\\/\"},{\"@type\":\"ListItem\",\"position\":2,\"name\":\"GRABO Factory Shop\",\"item\":\"https:\\\/\\\/order.grabo.com\\\/\"},{\"@type\":\"ListItem\",\"position\":3,\"name\":\"GRABO Pro (pack de 4)\"}]},{\"@type\":\"WebSite\",\"@id\":\"https:\\\/\\\/order.grabo.com\\\/es\\\/#website\",\"url\":\"https:\\\/\\\/order.grabo.com\\\/es\\\/\",\"name\":\"GRABO Factory Shop\",\"description\":\"GRABO Factory Shop\",\"publisher\":{\"@id\":\"https:\\\/\\\/order.grabo.com\\\/es\\\/#organization\"},\"potentialAction\":[{\"@type\":\"SearchAction\",\"target\":{\"@type\":\"EntryPoint\",\"urlTemplate\":\"https:\\\/\\\/order.grabo.com\\\/es\\\/?s={search_term_string}\"},\"query-input\":{\"@type\":\"PropertyValueSpecification\",\"valueRequired\":true,\"valueName\":\"search_term_string\"}}],\"inLanguage\":\"es\"},{\"@type\":\"Organization\",\"@id\":\"https:\\\/\\\/order.grabo.com\\\/es\\\/#organization\",\"name\":\"GRABO\",\"url\":\"https:\\\/\\\/order.grabo.com\\\/es\\\/\",\"logo\":{\"@type\":\"ImageObject\",\"inLanguage\":\"es\",\"@id\":\"https:\\\/\\\/order.grabo.com\\\/es\\\/#\\\/schema\\\/logo\\\/image\\\/\",\"url\":\"https:\\\/\\\/order.grabo.com\\\/wp-content\\\/uploads\\\/2020\\\/12\\\/GRABO-Pro-1.jpeg\",\"contentUrl\":\"https:\\\/\\\/order.grabo.com\\\/wp-content\\\/uploads\\\/2020\\\/12\\\/GRABO-Pro-1.jpeg\",\"width\":1712,\"height\":1712,\"caption\":\"GRABO\"},\"image\":{\"@id\":\"https:\\\/\\\/order.grabo.com\\\/es\\\/#\\\/schema\\\/logo\\\/image\\\/\"},\"sameAs\":[\"https:\\\/\\\/www.facebook.com\\\/GRABO.tools\",\"https:\\\/\\\/x.com\\\/grabotools\",\"https:\\\/\\\/www.instagram.com\\\/grabo.tools\\\/?hl=en\"]}]}<\/script>\n<!-- \/ Yoast SEO plugin. -->","yoast_head_json":{"title":"GRABO Pro (pack de 4) - GRABO Factory Shop","description":"Four pack of the GRABO PRO! We noticed most users like having two, and having their employees have two as well! Here is a one stop shop 4 pack!","robots":{"index":"index","follow":"follow","max-snippet":"max-snippet:-1","max-image-preview":"max-image-preview:large","max-video-preview":"max-video-preview:-1"},"canonical":"https:\/\/order.grabo.com\/es\/product\/grabo-pro-4-pack-2023-version-eu\/","og_locale":"es_ES","og_type":"article","og_title":"GRABO Pro (pack de 4) - GRABO Factory Shop","og_description":"Four pack of the GRABO PRO! We noticed most users like having two, and having their employees have two as well! Here is a one stop shop 4 pack!","og_url":"https:\/\/order.grabo.com\/es\/product\/grabo-pro-4-pack-2023-version-eu\/","og_site_name":"GRABO Factory Shop","article_publisher":"https:\/\/www.facebook.com\/GRABO.tools","article_modified_time":"2025-12-05T21:01:43+00:00","og_image":[{"width":1024,"height":1024,"url":"https:\/\/order.grabo.com\/wp-content\/uploads\/2022\/04\/Four-Pack-Pro-1024x1024.png","type":"image\/png"}],"twitter_card":"summary_large_image","twitter_site":"@grabotools","twitter_misc":{"Tiempo de lectura":"2 minutos"},"schema":{"@context":"https:\/\/schema.org","@graph":[{"@type":"WebPage","@id":"https:\/\/order.grabo.com\/es\/product\/grabo-pro-4-pack-2023-version-eu\/","url":"https:\/\/order.grabo.com\/es\/product\/grabo-pro-4-pack-2023-version-eu\/","name":"GRABO Pro (pack de 4) - GRABO Factory Shop","isPartOf":{"@id":"https:\/\/order.grabo.com\/es\/#website"},"primaryImageOfPage":{"@id":"https:\/\/order.grabo.com\/es\/product\/grabo-pro-4-pack-2023-version-eu\/#primaryimage"},"image":{"@id":"https:\/\/order.grabo.com\/es\/product\/grabo-pro-4-pack-2023-version-eu\/#primaryimage"},"thumbnailUrl":"https:\/\/order.grabo.com\/wp-content\/uploads\/2022\/04\/Four-Pack-Pro.png","datePublished":"2023-02-16T02:39:43+00:00","dateModified":"2025-12-05T21:01:43+00:00","description":"Four pack of the GRABO PRO! We noticed most users like having two, and having their employees have two as well! Here is a one stop shop 4 pack!","breadcrumb":{"@id":"https:\/\/order.grabo.com\/es\/product\/grabo-pro-4-pack-2023-version-eu\/#breadcrumb"},"inLanguage":"es","potentialAction":[{"@type":"ReadAction","target":["https:\/\/order.grabo.com\/es\/product\/grabo-pro-4-pack-2023-version-eu\/"]}]},{"@type":"ImageObject","inLanguage":"es","@id":"https:\/\/order.grabo.com\/es\/product\/grabo-pro-4-pack-2023-version-eu\/#primaryimage","url":"https:\/\/order.grabo.com\/wp-content\/uploads\/2022\/04\/Four-Pack-Pro.png","contentUrl":"https:\/\/order.grabo.com\/wp-content\/uploads\/2022\/04\/Four-Pack-Pro.png","width":1500,"height":1500},{"@type":"BreadcrumbList","@id":"https:\/\/order.grabo.com\/es\/product\/grabo-pro-4-pack-2023-version-eu\/#breadcrumb","itemListElement":[{"@type":"ListItem","position":1,"name":"Home","item":"https:\/\/order.grabo.com\/es\/"},{"@type":"ListItem","position":2,"name":"GRABO Factory Shop","item":"https:\/\/order.grabo.com\/"},{"@type":"ListItem","position":3,"name":"GRABO Pro (pack de 4)"}]},{"@type":"WebSite","@id":"https:\/\/order.grabo.com\/es\/#website","url":"https:\/\/order.grabo.com\/es\/","name":"GRABO Factory Shop","description":"GRABO Factory Shop","publisher":{"@id":"https:\/\/order.grabo.com\/es\/#organization"},"potentialAction":[{"@type":"SearchAction","target":{"@type":"EntryPoint","urlTemplate":"https:\/\/order.grabo.com\/es\/?s={search_term_string}"},"query-input":{"@type":"PropertyValueSpecification","valueRequired":true,"valueName":"search_term_string"}}],"inLanguage":"es"},{"@type":"Organization","@id":"https:\/\/order.grabo.com\/es\/#organization","name":"GRABO","url":"https:\/\/order.grabo.com\/es\/","logo":{"@type":"ImageObject","inLanguage":"es","@id":"https:\/\/order.grabo.com\/es\/#\/schema\/logo\/image\/","url":"https:\/\/order.grabo.com\/wp-content\/uploads\/2020\/12\/GRABO-Pro-1.jpeg","contentUrl":"https:\/\/order.grabo.com\/wp-content\/uploads\/2020\/12\/GRABO-Pro-1.jpeg","width":1712,"height":1712,"caption":"GRABO"},"image":{"@id":"https:\/\/order.grabo.com\/es\/#\/schema\/logo\/image\/"},"sameAs":["https:\/\/www.facebook.com\/GRABO.tools","https:\/\/x.com\/grabotools","https:\/\/www.instagram.com\/grabo.tools\/?hl=en"]}]}},"_links":{"self":[{"href":"https:\/\/order.grabo.com\/es\/wp-json\/wp\/v2\/product\/7882","targetHints":{"allow":["GET"]}}],"collection":[{"href":"https:\/\/order.grabo.com\/es\/wp-json\/wp\/v2\/product"}],"about":[{"href":"https:\/\/order.grabo.com\/es\/wp-json\/wp\/v2\/types\/product"}],"replies":[{"embeddable":true,"href":"https:\/\/order.grabo.com\/es\/wp-json\/wp\/v2\/comments?post=7882"}],"wp:featuredmedia":[{"embeddable":true,"href":"https:\/\/order.grabo.com\/es\/wp-json\/wp\/v2\/media\/6766"}],"wp:attachment":[{"href":"https:\/\/order.grabo.com\/es\/wp-json\/wp\/v2\/media?parent=7882"}],"wp:term":[{"taxonomy":"product_brand","embeddable":true,"href":"https:\/\/order.grabo.com\/es\/wp-json\/wp\/v2\/product_brand?post=7882"},{"taxonomy":"product_cat","embeddable":true,"href":"https:\/\/order.grabo.com\/es\/wp-json\/wp\/v2\/product_cat?post=7882"},{"taxonomy":"product_tag","embeddable":true,"href":"https:\/\/order.grabo.com\/es\/wp-json\/wp\/v2\/product_tag?post=7882"}],"curies":[{"name":"wp","href":"https:\/\/api.w.org\/{rel}","templated":true}]}}