{"id":9089,"date":"2023-05-04T06:35:14","date_gmt":"2023-05-04T06:35:15","guid":{"rendered":"https:\/\/factory.grabo.com\/?post_type=product&#038;p=9089"},"modified":"2025-12-05T22:04:09","modified_gmt":"2025-12-05T22:04:09","slug":"grabo-batterie-copy","status":"publish","type":"product","link":"https:\/\/order.grabo.com\/de\/product\/grabo-batterie-copy\/","title":{"rendered":"GRABO Batterie"},"content":{"rendered":"<p>Akku mit hoher Kapazit\u00e4t - passend f\u00fcr alle Modelle (14.8VDC 2600mAh Li-ion) verpackt in einer farbigen Box.<\/p>\n<p>4-Zellen-Lithium-Ionen-Akku f\u00fcr alle GRABO-Modelle. Passend f\u00fcr \"Nemo GRABO\", \"GRABO Pro\", \"GRABO Plus\", \"PROBST FXAH GRABO\".<\/p>\n<p><img loading=\"lazy\" decoding=\"async\" class=\"alignnone size-medium wp-image-103\" src=\"https:\/\/order.grabo.com\/wp-content\/uploads\/2020\/12\/GB2500-300x300.jpg\" alt=\"GRABO battery\" width=\"300\" height=\"300\" srcset=\"https:\/\/order.grabo.com\/wp-content\/uploads\/2020\/12\/GB2500-300x300.jpg 300w, https:\/\/order.grabo.com\/wp-content\/uploads\/2020\/12\/GB2500-1024x1024.jpg 1024w, https:\/\/order.grabo.com\/wp-content\/uploads\/2020\/12\/GB2500-150x150.jpg 150w, https:\/\/order.grabo.com\/wp-content\/uploads\/2020\/12\/GB2500-768x768.jpg 768w, https:\/\/order.grabo.com\/wp-content\/uploads\/2020\/12\/GB2500-1536x1536.jpg 1536w, https:\/\/order.grabo.com\/wp-content\/uploads\/2020\/12\/GB2500-2048x2048.jpg 2048w, https:\/\/order.grabo.com\/wp-content\/uploads\/2020\/12\/GB2500-600x600.jpg 600w, https:\/\/order.grabo.com\/wp-content\/uploads\/2020\/12\/GB2500-100x100.jpg 100w, https:\/\/order.grabo.com\/wp-content\/uploads\/2020\/12\/GB2500-scaled.jpg 2560w\" sizes=\"auto, (max-width: 300px) 100vw, 300px\" \/><\/p>\n<h1 class=\"a-size-base-plus a-text-bold\">GRABO extra Akku-Spezifikation:<\/h1>\n<div id=\"productOverview_feature_div\" class=\"celwidget\" data-feature-name=\"productOverview\" data-csa-c-id=\"empjvt-oe33k5-tgrifm-l14843\" data-cel-widget=\"productOverview_feature_div\">\n<div class=\"a-section a-spacing-small a-spacing-top-small\">\n<table class=\"a-normal a-spacing-micro\">\n<tbody>\n<tr class=\"a-spacing-small po-brand\">\n<td class=\"a-span3\">Marke<\/td>\n<td class=\"a-span9\"><span class=\"a-size-base\">GRABO<\/span><\/td>\n<\/tr>\n<tr class=\"a-spacing-small po-battery.cell_composition\">\n<td class=\"a-span3\">Zusammensetzung der Batteriezellen<\/td>\n<td class=\"a-span9\"><span class=\"a-size-base\">Lithium Ion<\/span><\/td>\n<\/tr>\n<tr class=\"a-spacing-small po-unit_count\">\n<td class=\"a-span3\">Anzahl der Einheiten<\/td>\n<td class=\"a-span9\"><span class=\"a-size-base\">1 Z\u00e4hlung<\/span><\/td>\n<\/tr>\n<tr class=\"a-spacing-small po-voltage\">\n<td class=\"a-span3\">Spannung<\/td>\n<td class=\"a-span9\"><span class=\"a-size-base\">14.8 Volts<\/span><\/td>\n<\/tr>\n<tr class=\"a-spacing-small po-item_weight\">\n<td class=\"a-span3\">Gegenstand Gewicht<\/td>\n<td class=\"a-span9\"><span class=\"a-size-base\">7.04 Ounces<\/span><\/td>\n<\/tr>\n<\/tbody>\n<\/table>\n<\/div>\n<\/div>\n<div id=\"featurebullets_feature_div\" class=\"celwidget\" data-feature-name=\"featurebullets\" data-csa-c-id=\"xkmvu9-3y137d-the7gc-8mz7yh\" data-cel-widget=\"featurebullets_feature_div\">\n<div id=\"feature-bullets\" class=\"a-section a-spacing-medium a-spacing-top-small\">\n<ul class=\"a-unordered-list a-vertical a-spacing-mini\">\n<li>H\u00f6chste Qualit\u00e4t<\/li>\n<li>Osha-gepr\u00fcft<\/li>\n<li>Betriebszeit bei voller Ladung: 1,5 Stunden<\/li>\n<li>2 Stunden Ladezeit<\/li>\n<li>Perfekt f\u00fcr industrielle und kommerzielle Anwendungen<\/li>\n<\/ul>\n<\/div>\n<\/div>\n","protected":false},"excerpt":{"rendered":"<p>Der Grabo-Akku ist ein Lithium-Ionen-Akku mit hoher Kapazit\u00e4t, 14,8 VDC und 2600 mAh. Sie wurde speziell f\u00fcr alle GRABO Modelle entwickelt, um Kompatibilit\u00e4t und optimale Leistung zu gew\u00e4hrleisten. Diese Batterie ist ein gro\u00dfartiger Ersatz oder eine Backup-Stromquelle f\u00fcr Ihr GRABO-Ger\u00e4t.<\/p>\n","protected":false},"featured_media":18316,"comment_status":"open","ping_status":"closed","template":"","meta":{"_acf_changed":false},"product_brand":[],"product_cat":[179],"product_tag":[],"class_list":{"0":"post-9089","1":"product","2":"type-product","3":"status-publish","4":"has-post-thumbnail","6":"product_cat-accessories-de","8":"first","9":"instock","10":"taxable","11":"shipping-taxable","12":"purchasable","13":"product-type-simple"},"acf":[],"yoast_head":"<!-- This site is optimized with the Yoast SEO plugin v27.3 - https:\/\/yoast.com\/product\/yoast-seo-wordpress\/ -->\n<title>GRABO Batterie - GRABO Factory Shop<\/title>\n<meta name=\"robots\" content=\"index, follow, max-snippet:-1, max-image-preview:large, max-video-preview:-1\" \/>\n<link rel=\"canonical\" href=\"https:\/\/order.grabo.com\/de\/product\/grabo-batterie-copy\/\" \/>\n<meta property=\"og:locale\" content=\"de_DE\" \/>\n<meta property=\"og:type\" content=\"article\" \/>\n<meta property=\"og:title\" content=\"GRABO Batterie - GRABO Factory Shop\" \/>\n<meta property=\"og:description\" content=\"Der Grabo-Akku ist ein Lithium-Ionen-Akku mit hoher Kapazit\u00e4t, 14,8 VDC und 2600 mAh. Sie wurde speziell f\u00fcr alle GRABO Modelle entwickelt, um Kompatibilit\u00e4t und optimale Leistung zu gew\u00e4hrleisten. Diese Batterie ist ein gro\u00dfartiger Ersatz oder eine Backup-Stromquelle f\u00fcr Ihr GRABO-Ger\u00e4t.\" \/>\n<meta property=\"og:url\" content=\"https:\/\/order.grabo.com\/de\/product\/grabo-batterie-copy\/\" \/>\n<meta property=\"og:site_name\" content=\"GRABO Factory Shop\" \/>\n<meta property=\"article:publisher\" content=\"https:\/\/www.facebook.com\/GRABO.tools\" \/>\n<meta property=\"article:modified_time\" content=\"2025-12-05T22:04:09+00:00\" \/>\n<meta property=\"og:image\" content=\"https:\/\/order.grabo.com\/wp-content\/uploads\/2023\/05\/thumbnail.png\" \/>\n\t<meta property=\"og:image:width\" content=\"1500\" \/>\n\t<meta property=\"og:image:height\" content=\"1500\" \/>\n\t<meta property=\"og:image:type\" content=\"image\/png\" \/>\n<meta name=\"twitter:card\" content=\"summary_large_image\" \/>\n<meta name=\"twitter:site\" content=\"@grabotools\" \/>\n<meta name=\"twitter:label1\" content=\"Gesch\u00e4tzte Lesezeit\" \/>\n\t<meta name=\"twitter:data1\" content=\"1\u00a0Minute\" \/>\n<script type=\"application\/ld+json\" class=\"yoast-schema-graph\">{\"@context\":\"https:\\\/\\\/schema.org\",\"@graph\":[{\"@type\":\"WebPage\",\"@id\":\"https:\\\/\\\/order.grabo.com\\\/de\\\/product\\\/grabo-batterie-copy\\\/\",\"url\":\"https:\\\/\\\/order.grabo.com\\\/de\\\/product\\\/grabo-batterie-copy\\\/\",\"name\":\"GRABO Batterie - GRABO Factory Shop\",\"isPartOf\":{\"@id\":\"https:\\\/\\\/order.grabo.com\\\/de\\\/#website\"},\"primaryImageOfPage\":{\"@id\":\"https:\\\/\\\/order.grabo.com\\\/de\\\/product\\\/grabo-batterie-copy\\\/#primaryimage\"},\"image\":{\"@id\":\"https:\\\/\\\/order.grabo.com\\\/de\\\/product\\\/grabo-batterie-copy\\\/#primaryimage\"},\"thumbnailUrl\":\"https:\\\/\\\/order.grabo.com\\\/wp-content\\\/uploads\\\/2023\\\/05\\\/thumbnail.png\",\"datePublished\":\"2023-05-04T06:35:15+00:00\",\"dateModified\":\"2025-12-05T22:04:09+00:00\",\"breadcrumb\":{\"@id\":\"https:\\\/\\\/order.grabo.com\\\/de\\\/product\\\/grabo-batterie-copy\\\/#breadcrumb\"},\"inLanguage\":\"de\",\"potentialAction\":[{\"@type\":\"ReadAction\",\"target\":[\"https:\\\/\\\/order.grabo.com\\\/de\\\/product\\\/grabo-batterie-copy\\\/\"]}]},{\"@type\":\"ImageObject\",\"inLanguage\":\"de\",\"@id\":\"https:\\\/\\\/order.grabo.com\\\/de\\\/product\\\/grabo-batterie-copy\\\/#primaryimage\",\"url\":\"https:\\\/\\\/order.grabo.com\\\/wp-content\\\/uploads\\\/2023\\\/05\\\/thumbnail.png\",\"contentUrl\":\"https:\\\/\\\/order.grabo.com\\\/wp-content\\\/uploads\\\/2023\\\/05\\\/thumbnail.png\",\"width\":1500,\"height\":1500},{\"@type\":\"BreadcrumbList\",\"@id\":\"https:\\\/\\\/order.grabo.com\\\/de\\\/product\\\/grabo-batterie-copy\\\/#breadcrumb\",\"itemListElement\":[{\"@type\":\"ListItem\",\"position\":1,\"name\":\"Home\",\"item\":\"https:\\\/\\\/order.grabo.com\\\/de\\\/\"},{\"@type\":\"ListItem\",\"position\":2,\"name\":\"GRABO Factory Shop\",\"item\":\"https:\\\/\\\/order.grabo.com\\\/\"},{\"@type\":\"ListItem\",\"position\":3,\"name\":\"GRABO Batterie\"}]},{\"@type\":\"WebSite\",\"@id\":\"https:\\\/\\\/order.grabo.com\\\/de\\\/#website\",\"url\":\"https:\\\/\\\/order.grabo.com\\\/de\\\/\",\"name\":\"GRABO Factory Shop\",\"description\":\"GRABO Factory Shop\",\"publisher\":{\"@id\":\"https:\\\/\\\/order.grabo.com\\\/de\\\/#organization\"},\"potentialAction\":[{\"@type\":\"SearchAction\",\"target\":{\"@type\":\"EntryPoint\",\"urlTemplate\":\"https:\\\/\\\/order.grabo.com\\\/de\\\/?s={search_term_string}\"},\"query-input\":{\"@type\":\"PropertyValueSpecification\",\"valueRequired\":true,\"valueName\":\"search_term_string\"}}],\"inLanguage\":\"de\"},{\"@type\":\"Organization\",\"@id\":\"https:\\\/\\\/order.grabo.com\\\/de\\\/#organization\",\"name\":\"GRABO\",\"url\":\"https:\\\/\\\/order.grabo.com\\\/de\\\/\",\"logo\":{\"@type\":\"ImageObject\",\"inLanguage\":\"de\",\"@id\":\"https:\\\/\\\/order.grabo.com\\\/de\\\/#\\\/schema\\\/logo\\\/image\\\/\",\"url\":\"https:\\\/\\\/order.grabo.com\\\/wp-content\\\/uploads\\\/2020\\\/12\\\/GRABO-Pro-1.jpeg\",\"contentUrl\":\"https:\\\/\\\/order.grabo.com\\\/wp-content\\\/uploads\\\/2020\\\/12\\\/GRABO-Pro-1.jpeg\",\"width\":1712,\"height\":1712,\"caption\":\"GRABO\"},\"image\":{\"@id\":\"https:\\\/\\\/order.grabo.com\\\/de\\\/#\\\/schema\\\/logo\\\/image\\\/\"},\"sameAs\":[\"https:\\\/\\\/www.facebook.com\\\/GRABO.tools\",\"https:\\\/\\\/x.com\\\/grabotools\",\"https:\\\/\\\/www.instagram.com\\\/grabo.tools\\\/?hl=en\"]}]}<\/script>\n<!-- \/ Yoast SEO plugin. -->","yoast_head_json":{"title":"GRABO Batterie - GRABO Factory Shop","robots":{"index":"index","follow":"follow","max-snippet":"max-snippet:-1","max-image-preview":"max-image-preview:large","max-video-preview":"max-video-preview:-1"},"canonical":"https:\/\/order.grabo.com\/de\/product\/grabo-batterie-copy\/","og_locale":"de_DE","og_type":"article","og_title":"GRABO Batterie - GRABO Factory Shop","og_description":"Der Grabo-Akku ist ein Lithium-Ionen-Akku mit hoher Kapazit\u00e4t, 14,8 VDC und 2600 mAh. Sie wurde speziell f\u00fcr alle GRABO Modelle entwickelt, um Kompatibilit\u00e4t und optimale Leistung zu gew\u00e4hrleisten. Diese Batterie ist ein gro\u00dfartiger Ersatz oder eine Backup-Stromquelle f\u00fcr Ihr GRABO-Ger\u00e4t.","og_url":"https:\/\/order.grabo.com\/de\/product\/grabo-batterie-copy\/","og_site_name":"GRABO Factory Shop","article_publisher":"https:\/\/www.facebook.com\/GRABO.tools","article_modified_time":"2025-12-05T22:04:09+00:00","og_image":[{"width":1500,"height":1500,"url":"https:\/\/order.grabo.com\/wp-content\/uploads\/2023\/05\/thumbnail.png","type":"image\/png"}],"twitter_card":"summary_large_image","twitter_site":"@grabotools","twitter_misc":{"Gesch\u00e4tzte Lesezeit":"1\u00a0Minute"},"schema":{"@context":"https:\/\/schema.org","@graph":[{"@type":"WebPage","@id":"https:\/\/order.grabo.com\/de\/product\/grabo-batterie-copy\/","url":"https:\/\/order.grabo.com\/de\/product\/grabo-batterie-copy\/","name":"GRABO Batterie - GRABO Factory Shop","isPartOf":{"@id":"https:\/\/order.grabo.com\/de\/#website"},"primaryImageOfPage":{"@id":"https:\/\/order.grabo.com\/de\/product\/grabo-batterie-copy\/#primaryimage"},"image":{"@id":"https:\/\/order.grabo.com\/de\/product\/grabo-batterie-copy\/#primaryimage"},"thumbnailUrl":"https:\/\/order.grabo.com\/wp-content\/uploads\/2023\/05\/thumbnail.png","datePublished":"2023-05-04T06:35:15+00:00","dateModified":"2025-12-05T22:04:09+00:00","breadcrumb":{"@id":"https:\/\/order.grabo.com\/de\/product\/grabo-batterie-copy\/#breadcrumb"},"inLanguage":"de","potentialAction":[{"@type":"ReadAction","target":["https:\/\/order.grabo.com\/de\/product\/grabo-batterie-copy\/"]}]},{"@type":"ImageObject","inLanguage":"de","@id":"https:\/\/order.grabo.com\/de\/product\/grabo-batterie-copy\/#primaryimage","url":"https:\/\/order.grabo.com\/wp-content\/uploads\/2023\/05\/thumbnail.png","contentUrl":"https:\/\/order.grabo.com\/wp-content\/uploads\/2023\/05\/thumbnail.png","width":1500,"height":1500},{"@type":"BreadcrumbList","@id":"https:\/\/order.grabo.com\/de\/product\/grabo-batterie-copy\/#breadcrumb","itemListElement":[{"@type":"ListItem","position":1,"name":"Home","item":"https:\/\/order.grabo.com\/de\/"},{"@type":"ListItem","position":2,"name":"GRABO Factory Shop","item":"https:\/\/order.grabo.com\/"},{"@type":"ListItem","position":3,"name":"GRABO Batterie"}]},{"@type":"WebSite","@id":"https:\/\/order.grabo.com\/de\/#website","url":"https:\/\/order.grabo.com\/de\/","name":"GRABO Factory Shop","description":"GRABO Factory Shop","publisher":{"@id":"https:\/\/order.grabo.com\/de\/#organization"},"potentialAction":[{"@type":"SearchAction","target":{"@type":"EntryPoint","urlTemplate":"https:\/\/order.grabo.com\/de\/?s={search_term_string}"},"query-input":{"@type":"PropertyValueSpecification","valueRequired":true,"valueName":"search_term_string"}}],"inLanguage":"de"},{"@type":"Organization","@id":"https:\/\/order.grabo.com\/de\/#organization","name":"GRABO","url":"https:\/\/order.grabo.com\/de\/","logo":{"@type":"ImageObject","inLanguage":"de","@id":"https:\/\/order.grabo.com\/de\/#\/schema\/logo\/image\/","url":"https:\/\/order.grabo.com\/wp-content\/uploads\/2020\/12\/GRABO-Pro-1.jpeg","contentUrl":"https:\/\/order.grabo.com\/wp-content\/uploads\/2020\/12\/GRABO-Pro-1.jpeg","width":1712,"height":1712,"caption":"GRABO"},"image":{"@id":"https:\/\/order.grabo.com\/de\/#\/schema\/logo\/image\/"},"sameAs":["https:\/\/www.facebook.com\/GRABO.tools","https:\/\/x.com\/grabotools","https:\/\/www.instagram.com\/grabo.tools\/?hl=en"]}]}},"_links":{"self":[{"href":"https:\/\/order.grabo.com\/de\/wp-json\/wp\/v2\/product\/9089","targetHints":{"allow":["GET"]}}],"collection":[{"href":"https:\/\/order.grabo.com\/de\/wp-json\/wp\/v2\/product"}],"about":[{"href":"https:\/\/order.grabo.com\/de\/wp-json\/wp\/v2\/types\/product"}],"replies":[{"embeddable":true,"href":"https:\/\/order.grabo.com\/de\/wp-json\/wp\/v2\/comments?post=9089"}],"wp:featuredmedia":[{"embeddable":true,"href":"https:\/\/order.grabo.com\/de\/wp-json\/wp\/v2\/media\/18316"}],"wp:attachment":[{"href":"https:\/\/order.grabo.com\/de\/wp-json\/wp\/v2\/media?parent=9089"}],"wp:term":[{"taxonomy":"product_brand","embeddable":true,"href":"https:\/\/order.grabo.com\/de\/wp-json\/wp\/v2\/product_brand?post=9089"},{"taxonomy":"product_cat","embeddable":true,"href":"https:\/\/order.grabo.com\/de\/wp-json\/wp\/v2\/product_cat?post=9089"},{"taxonomy":"product_tag","embeddable":true,"href":"https:\/\/order.grabo.com\/de\/wp-json\/wp\/v2\/product_tag?post=9089"}],"curies":[{"name":"wp","href":"https:\/\/api.w.org\/{rel}","templated":true}]}}