{"id":7917,"date":"2020-12-05T16:23:53","date_gmt":"2020-12-05T16:23:53","guid":{"rendered":"https:\/\/factory.grabo.com\/product\/grabo-pro-lifter-20\/"},"modified":"2025-12-05T22:05:15","modified_gmt":"2025-12-05T22:05:15","slug":"grabo-pro-lifter-20","status":"publish","type":"product","link":"https:\/\/order.grabo.com\/de\/product\/grabo-pro-lifter-20\/","title":{"rendered":"GRABO PRO"},"content":{"rendered":"<p>Ein GRABO Pro Werkzeug mit einer intelligenten digitalen Druckanzeige, die sich bequem am Griff befindet und sowohl den Druck (PSI, Bar) als auch das Gewicht (Kg, Lb) anzeigt. GRABO Pro verf\u00fcgt \u00fcber einen eingebauten Drucksensor, der die Vakuumpumpe automatisch ein- und ausschaltet, um die gew\u00fcnschte Hebeleistung konstant zu halten. Die GRABO Pro Vakuumpumpe bewegt 20 Liter Luft pro Minute, was eine enorme Hebekapazit\u00e4t ergibt, und ist in der Lage, fast jede Oberfl\u00e4che mit einem Gewicht von bis zu 170 kg zu heben. Die patentierte Schaumgummidichtung, die mit dem GRABO Pro Werkzeug geliefert wird, ist stark und widerstandsf\u00e4hig gegen Abnutzung und kann bei Besch\u00e4digung leicht ersetzt werden. Sobald das Werkzeug aktiviert ist, wird die Dichtung in Sekundenschnelle erstellt und haftet fest auf fast jeder Oberfl\u00e4che, einschlie\u00dflich unebener und leicht por\u00f6ser Oberfl\u00e4chen. GRABO Pro ist mit vier Hebe\u00f6sen aus Stahl ausgestattet, die sich auf beiden Seiten des Werkzeuggriffs befinden. Dadurch kann das Ger\u00e4t mit Hebegurten und zus\u00e4tzlichem Befestigungszubeh\u00f6r verwendet werden.<\/p>\n<p>GRABO Pro wird mit einer vollen Werksgarantie von 12 Monaten geliefert, die auf 18 Monate verl\u00e4ngert werden kann, wenn Sie Ihr Produkt auf unserer Website registrieren. Unser professioneller technischer Support mit Sitz in den USA steht Ihnen bei Problemen zur Verf\u00fcgung, die Sie uns bitte mitteilen. Wir sind hier, damit Sie weiterarbeiten k\u00f6nnen!<\/p>\n<p><iframe loading=\"lazy\" title=\"Grabo Pro Introduction and Demonstration\" width=\"500\" height=\"281\" src=\"https:\/\/www.youtube.com\/embed\/X6Mt1kysJHo?feature=oembed\" frameborder=\"0\" allow=\"accelerometer; autoplay; clipboard-write; encrypted-media; gyroscope; picture-in-picture; web-share\" referrerpolicy=\"strict-origin-when-cross-origin\" allowfullscreen><\/iframe><\/p>\n","protected":false},"excerpt":{"rendered":"<p>Portable electric vacuum lifter and includes a digital pressure gauge located on the handle for easy viewing.<br \/>\nAutomatic pressure sensors ensures a constant vacuum.<br \/>\nRechargeable batteries power a vacuum lifter that can lift 375 lbs ( 170 kg )<\/p>\n<p>Kit includes:<\/p>\n<ul>\n<li>GRABO Pro portable electric vacuum lifter with digital pressure gauge<\/li>\n<li>Auto pressure sensors turns pump on and off to ensure constant vacuum.<\/li>\n<li>Pumping capacity : 20 liters per minute yields huge lifting capacity<\/li>\n<li>1 Battery and a battery charger with international adapters<\/li>\n<li>Foam Rubber Seal preinstalled on the tool<\/li>\n<li>Rugged nylon carrying bag<\/li>\n<li>Replacement filters<\/li>\n<li>English manual with colorful display box<\/li>\n<\/ul>\n<p>&nbsp;<\/p>\n","protected":false},"featured_media":21294,"comment_status":"open","ping_status":"closed","template":"","meta":{"_acf_changed":false},"product_brand":[],"product_cat":[169],"product_tag":[],"class_list":{"0":"post-7917","1":"product","2":"type-product","3":"status-publish","4":"has-post-thumbnail","6":"product_cat-tools-de","7":"product_shipping_class-free-shipping-de","9":"first","10":"instock","11":"featured","12":"taxable","13":"shipping-taxable","14":"purchasable","15":"product-type-simple"},"acf":[],"yoast_head":"<!-- This site is optimized with the Yoast SEO plugin v27.3 - https:\/\/yoast.com\/product\/yoast-seo-wordpress\/ -->\n<title>GRABO PRO - GRABO Factory Shop<\/title>\n<meta name=\"description\" content=\"New 2023 upgraded version with digital display - GRABO Pro come with a smart digital pressure sensor, max lifting display and smart settings for both weight and pressure.\" \/>\n<meta name=\"robots\" content=\"index, follow, max-snippet:-1, max-image-preview:large, max-video-preview:-1\" \/>\n<link rel=\"canonical\" href=\"https:\/\/order.grabo.com\/de\/product\/grabo-pro-lifter-20\/\" \/>\n<meta property=\"og:locale\" content=\"de_DE\" \/>\n<meta property=\"og:type\" content=\"article\" \/>\n<meta property=\"og:title\" content=\"GRABO PRO - GRABO Factory Shop\" \/>\n<meta property=\"og:description\" content=\"New 2023 upgraded version with digital display - GRABO Pro come with a smart digital pressure sensor, max lifting display and smart settings for both weight and pressure.\" \/>\n<meta property=\"og:url\" content=\"https:\/\/order.grabo.com\/de\/product\/grabo-pro-lifter-20\/\" \/>\n<meta property=\"og:site_name\" content=\"GRABO Factory Shop\" \/>\n<meta property=\"article:publisher\" content=\"https:\/\/www.facebook.com\/GRABO.tools\" \/>\n<meta property=\"article:modified_time\" content=\"2025-12-05T22:05:15+00:00\" \/>\n<meta property=\"og:image\" content=\"https:\/\/order.grabo.com\/wp-content\/uploads\/2020\/12\/GraboPro_New_USA-1-1024x1024.png\" \/>\n\t<meta property=\"og:image:width\" content=\"1024\" \/>\n\t<meta property=\"og:image:height\" content=\"1024\" \/>\n\t<meta property=\"og:image:type\" content=\"image\/png\" \/>\n<meta name=\"twitter:card\" content=\"summary_large_image\" \/>\n<meta name=\"twitter:site\" content=\"@grabotools\" \/>\n<meta name=\"twitter:label1\" content=\"Gesch\u00e4tzte Lesezeit\" \/>\n\t<meta name=\"twitter:data1\" content=\"2\u00a0Minuten\" \/>\n<script type=\"application\/ld+json\" class=\"yoast-schema-graph\">{\"@context\":\"https:\\\/\\\/schema.org\",\"@graph\":[{\"@type\":\"WebPage\",\"@id\":\"https:\\\/\\\/order.grabo.com\\\/de\\\/product\\\/grabo-pro-lifter-20\\\/\",\"url\":\"https:\\\/\\\/order.grabo.com\\\/de\\\/product\\\/grabo-pro-lifter-20\\\/\",\"name\":\"GRABO PRO - GRABO Factory Shop\",\"isPartOf\":{\"@id\":\"https:\\\/\\\/order.grabo.com\\\/de\\\/#website\"},\"primaryImageOfPage\":{\"@id\":\"https:\\\/\\\/order.grabo.com\\\/de\\\/product\\\/grabo-pro-lifter-20\\\/#primaryimage\"},\"image\":{\"@id\":\"https:\\\/\\\/order.grabo.com\\\/de\\\/product\\\/grabo-pro-lifter-20\\\/#primaryimage\"},\"thumbnailUrl\":\"https:\\\/\\\/order.grabo.com\\\/wp-content\\\/uploads\\\/2020\\\/12\\\/GraboPro_New_USA-1.png\",\"datePublished\":\"2020-12-05T16:23:53+00:00\",\"dateModified\":\"2025-12-05T22:05:15+00:00\",\"description\":\"New 2023 upgraded version with digital display - GRABO Pro come with a smart digital pressure sensor, max lifting display and smart settings for both weight and pressure.\",\"breadcrumb\":{\"@id\":\"https:\\\/\\\/order.grabo.com\\\/de\\\/product\\\/grabo-pro-lifter-20\\\/#breadcrumb\"},\"inLanguage\":\"de\",\"potentialAction\":[{\"@type\":\"ReadAction\",\"target\":[\"https:\\\/\\\/order.grabo.com\\\/de\\\/product\\\/grabo-pro-lifter-20\\\/\"]}]},{\"@type\":\"ImageObject\",\"inLanguage\":\"de\",\"@id\":\"https:\\\/\\\/order.grabo.com\\\/de\\\/product\\\/grabo-pro-lifter-20\\\/#primaryimage\",\"url\":\"https:\\\/\\\/order.grabo.com\\\/wp-content\\\/uploads\\\/2020\\\/12\\\/GraboPro_New_USA-1.png\",\"contentUrl\":\"https:\\\/\\\/order.grabo.com\\\/wp-content\\\/uploads\\\/2020\\\/12\\\/GraboPro_New_USA-1.png\",\"width\":1500,\"height\":1500},{\"@type\":\"BreadcrumbList\",\"@id\":\"https:\\\/\\\/order.grabo.com\\\/de\\\/product\\\/grabo-pro-lifter-20\\\/#breadcrumb\",\"itemListElement\":[{\"@type\":\"ListItem\",\"position\":1,\"name\":\"Home\",\"item\":\"https:\\\/\\\/order.grabo.com\\\/de\\\/\"},{\"@type\":\"ListItem\",\"position\":2,\"name\":\"GRABO Factory Shop\",\"item\":\"https:\\\/\\\/order.grabo.com\\\/\"},{\"@type\":\"ListItem\",\"position\":3,\"name\":\"GRABO PRO\"}]},{\"@type\":\"WebSite\",\"@id\":\"https:\\\/\\\/order.grabo.com\\\/de\\\/#website\",\"url\":\"https:\\\/\\\/order.grabo.com\\\/de\\\/\",\"name\":\"GRABO Factory Shop\",\"description\":\"GRABO Factory Shop\",\"publisher\":{\"@id\":\"https:\\\/\\\/order.grabo.com\\\/de\\\/#organization\"},\"potentialAction\":[{\"@type\":\"SearchAction\",\"target\":{\"@type\":\"EntryPoint\",\"urlTemplate\":\"https:\\\/\\\/order.grabo.com\\\/de\\\/?s={search_term_string}\"},\"query-input\":{\"@type\":\"PropertyValueSpecification\",\"valueRequired\":true,\"valueName\":\"search_term_string\"}}],\"inLanguage\":\"de\"},{\"@type\":\"Organization\",\"@id\":\"https:\\\/\\\/order.grabo.com\\\/de\\\/#organization\",\"name\":\"GRABO\",\"url\":\"https:\\\/\\\/order.grabo.com\\\/de\\\/\",\"logo\":{\"@type\":\"ImageObject\",\"inLanguage\":\"de\",\"@id\":\"https:\\\/\\\/order.grabo.com\\\/de\\\/#\\\/schema\\\/logo\\\/image\\\/\",\"url\":\"https:\\\/\\\/order.grabo.com\\\/wp-content\\\/uploads\\\/2020\\\/12\\\/GRABO-Pro-1.jpeg\",\"contentUrl\":\"https:\\\/\\\/order.grabo.com\\\/wp-content\\\/uploads\\\/2020\\\/12\\\/GRABO-Pro-1.jpeg\",\"width\":1712,\"height\":1712,\"caption\":\"GRABO\"},\"image\":{\"@id\":\"https:\\\/\\\/order.grabo.com\\\/de\\\/#\\\/schema\\\/logo\\\/image\\\/\"},\"sameAs\":[\"https:\\\/\\\/www.facebook.com\\\/GRABO.tools\",\"https:\\\/\\\/x.com\\\/grabotools\",\"https:\\\/\\\/www.instagram.com\\\/grabo.tools\\\/?hl=en\"]}]}<\/script>\n<!-- \/ Yoast SEO plugin. -->","yoast_head_json":{"title":"GRABO PRO - GRABO Factory Shop","description":"New 2023 upgraded version with digital display - GRABO Pro come with a smart digital pressure sensor, max lifting display and smart settings for both weight and pressure.","robots":{"index":"index","follow":"follow","max-snippet":"max-snippet:-1","max-image-preview":"max-image-preview:large","max-video-preview":"max-video-preview:-1"},"canonical":"https:\/\/order.grabo.com\/de\/product\/grabo-pro-lifter-20\/","og_locale":"de_DE","og_type":"article","og_title":"GRABO PRO - GRABO Factory Shop","og_description":"New 2023 upgraded version with digital display - GRABO Pro come with a smart digital pressure sensor, max lifting display and smart settings for both weight and pressure.","og_url":"https:\/\/order.grabo.com\/de\/product\/grabo-pro-lifter-20\/","og_site_name":"GRABO Factory Shop","article_publisher":"https:\/\/www.facebook.com\/GRABO.tools","article_modified_time":"2025-12-05T22:05:15+00:00","og_image":[{"width":1024,"height":1024,"url":"https:\/\/order.grabo.com\/wp-content\/uploads\/2020\/12\/GraboPro_New_USA-1-1024x1024.png","type":"image\/png"}],"twitter_card":"summary_large_image","twitter_site":"@grabotools","twitter_misc":{"Gesch\u00e4tzte Lesezeit":"2\u00a0Minuten"},"schema":{"@context":"https:\/\/schema.org","@graph":[{"@type":"WebPage","@id":"https:\/\/order.grabo.com\/de\/product\/grabo-pro-lifter-20\/","url":"https:\/\/order.grabo.com\/de\/product\/grabo-pro-lifter-20\/","name":"GRABO PRO - GRABO Factory Shop","isPartOf":{"@id":"https:\/\/order.grabo.com\/de\/#website"},"primaryImageOfPage":{"@id":"https:\/\/order.grabo.com\/de\/product\/grabo-pro-lifter-20\/#primaryimage"},"image":{"@id":"https:\/\/order.grabo.com\/de\/product\/grabo-pro-lifter-20\/#primaryimage"},"thumbnailUrl":"https:\/\/order.grabo.com\/wp-content\/uploads\/2020\/12\/GraboPro_New_USA-1.png","datePublished":"2020-12-05T16:23:53+00:00","dateModified":"2025-12-05T22:05:15+00:00","description":"New 2023 upgraded version with digital display - GRABO Pro come with a smart digital pressure sensor, max lifting display and smart settings for both weight and pressure.","breadcrumb":{"@id":"https:\/\/order.grabo.com\/de\/product\/grabo-pro-lifter-20\/#breadcrumb"},"inLanguage":"de","potentialAction":[{"@type":"ReadAction","target":["https:\/\/order.grabo.com\/de\/product\/grabo-pro-lifter-20\/"]}]},{"@type":"ImageObject","inLanguage":"de","@id":"https:\/\/order.grabo.com\/de\/product\/grabo-pro-lifter-20\/#primaryimage","url":"https:\/\/order.grabo.com\/wp-content\/uploads\/2020\/12\/GraboPro_New_USA-1.png","contentUrl":"https:\/\/order.grabo.com\/wp-content\/uploads\/2020\/12\/GraboPro_New_USA-1.png","width":1500,"height":1500},{"@type":"BreadcrumbList","@id":"https:\/\/order.grabo.com\/de\/product\/grabo-pro-lifter-20\/#breadcrumb","itemListElement":[{"@type":"ListItem","position":1,"name":"Home","item":"https:\/\/order.grabo.com\/de\/"},{"@type":"ListItem","position":2,"name":"GRABO Factory Shop","item":"https:\/\/order.grabo.com\/"},{"@type":"ListItem","position":3,"name":"GRABO PRO"}]},{"@type":"WebSite","@id":"https:\/\/order.grabo.com\/de\/#website","url":"https:\/\/order.grabo.com\/de\/","name":"GRABO Factory Shop","description":"GRABO Factory Shop","publisher":{"@id":"https:\/\/order.grabo.com\/de\/#organization"},"potentialAction":[{"@type":"SearchAction","target":{"@type":"EntryPoint","urlTemplate":"https:\/\/order.grabo.com\/de\/?s={search_term_string}"},"query-input":{"@type":"PropertyValueSpecification","valueRequired":true,"valueName":"search_term_string"}}],"inLanguage":"de"},{"@type":"Organization","@id":"https:\/\/order.grabo.com\/de\/#organization","name":"GRABO","url":"https:\/\/order.grabo.com\/de\/","logo":{"@type":"ImageObject","inLanguage":"de","@id":"https:\/\/order.grabo.com\/de\/#\/schema\/logo\/image\/","url":"https:\/\/order.grabo.com\/wp-content\/uploads\/2020\/12\/GRABO-Pro-1.jpeg","contentUrl":"https:\/\/order.grabo.com\/wp-content\/uploads\/2020\/12\/GRABO-Pro-1.jpeg","width":1712,"height":1712,"caption":"GRABO"},"image":{"@id":"https:\/\/order.grabo.com\/de\/#\/schema\/logo\/image\/"},"sameAs":["https:\/\/www.facebook.com\/GRABO.tools","https:\/\/x.com\/grabotools","https:\/\/www.instagram.com\/grabo.tools\/?hl=en"]}]}},"_links":{"self":[{"href":"https:\/\/order.grabo.com\/de\/wp-json\/wp\/v2\/product\/7917","targetHints":{"allow":["GET"]}}],"collection":[{"href":"https:\/\/order.grabo.com\/de\/wp-json\/wp\/v2\/product"}],"about":[{"href":"https:\/\/order.grabo.com\/de\/wp-json\/wp\/v2\/types\/product"}],"replies":[{"embeddable":true,"href":"https:\/\/order.grabo.com\/de\/wp-json\/wp\/v2\/comments?post=7917"}],"wp:featuredmedia":[{"embeddable":true,"href":"https:\/\/order.grabo.com\/de\/wp-json\/wp\/v2\/media\/21294"}],"wp:attachment":[{"href":"https:\/\/order.grabo.com\/de\/wp-json\/wp\/v2\/media?parent=7917"}],"wp:term":[{"taxonomy":"product_brand","embeddable":true,"href":"https:\/\/order.grabo.com\/de\/wp-json\/wp\/v2\/product_brand?post=7917"},{"taxonomy":"product_cat","embeddable":true,"href":"https:\/\/order.grabo.com\/de\/wp-json\/wp\/v2\/product_cat?post=7917"},{"taxonomy":"product_tag","embeddable":true,"href":"https:\/\/order.grabo.com\/de\/wp-json\/wp\/v2\/product_tag?post=7917"}],"curies":[{"name":"wp","href":"https:\/\/api.w.org\/{rel}","templated":true}]}}