{"id":7916,"date":"2020-12-06T10:11:54","date_gmt":"2020-12-06T10:11:54","guid":{"rendered":"https:\/\/factory.grabo.com\/product\/nemo-grabo\/"},"modified":"2025-12-05T22:05:08","modified_gmt":"2025-12-05T22:05:08","slug":"nemo-grabo","status":"publish","type":"product","link":"https:\/\/order.grabo.com\/de\/product\/nemo-grabo\/","title":{"rendered":"NEMO GRABO 1 Battery &#038; 1 Seal"},"content":{"rendered":"<p>Der Nemo GRABO classic ist der weltweit erste elektrische, batteriebetriebene Saugnapf. Sein robustes, starkes und einfach zu bedienendes Design macht ihn sofort zu einem Bestseller. Der Druck wird auf einem mechanischen Manometer an der Basis des Ger\u00e4ts angezeigt und ist somit leicht ablesbar. Verwenden Sie das Manometer, um zu pr\u00fcfen, ob Sie sich in der sicheren Hebezone befinden, bevor Sie das Material anheben. Die GRABO Vakuumpumpe bewegt 20 Liter Luft pro Minute, was eine enorme Hebekapazit\u00e4t ergibt, und ist in der Lage, fast jede Oberfl\u00e4che mit einem Gewicht von bis zu 170 kg zu heben. Die patentierte Schaumgummidichtung, die mit dem Nemo GRABO Werkzeug geliefert wird, ist stark und widerstandsf\u00e4hig gegen Abnutzung und kann bei Besch\u00e4digung leicht ersetzt werden. Sobald das Werkzeug aktiviert ist, wird die Dichtung in Sekundenschnelle erstellt und haftet fest auf fast jeder Oberfl\u00e4che, einschlie\u00dflich unebener und leicht por\u00f6ser Oberfl\u00e4chen. GRABO ist mit vier Hebe\u00f6sen aus Stahl ausgestattet, die sich auf beiden Seiten des Werkzeuggriffs befinden. Dadurch kann das Ger\u00e4t mit Hebegurten und zus\u00e4tzlichem Befestigungszubeh\u00f6r verwendet werden.<\/p>\n<p>GRABO wird mit einer vollen 12-monatigen Werksgarantie geliefert, die auf 18 Monate verl\u00e4ngert werden kann, wenn Sie Ihr Produkt auf unserer Website registrieren. Unser professioneller technischer Support mit Sitz in den USA steht Ihnen bei Problemen zur Verf\u00fcgung, die Sie uns bitte mitteilen. Wir sind hier, damit Sie weiterarbeiten k\u00f6nnen!<\/p>\n<p>NEMO GRABO Kit enth\u00e4lt:<\/p>\n<p>GRABO Classic tragbarer elektrischer Vakuumheber mit analoger Druckanzeige<br \/>\nPumpleistung: 20 Liter pro Minute<br \/>\nBatterie und Batterieladeger\u00e4t mit internationalem Adapter<br \/>\nSchaumgummidichtung am Ger\u00e4t vorinstalliert<br \/>\nRobuste Nylontragetasche<br \/>\nErsatzfilter<br \/>\nEnglisches Handbuch und bunter Displaykarton<\/p>\n<p><img loading=\"lazy\" decoding=\"async\" class=\"alignnone size-medium wp-image-429\" src=\"https:\/\/order.grabo.com\/wp-content\/uploads\/2020\/12\/Z8A9459-200x300.jpg\" alt=\"\" width=\"200\" height=\"300\" srcset=\"https:\/\/order.grabo.com\/wp-content\/uploads\/2020\/12\/Z8A9459-200x300.jpg 200w, https:\/\/order.grabo.com\/wp-content\/uploads\/2020\/12\/Z8A9459-683x1024.jpg 683w, https:\/\/order.grabo.com\/wp-content\/uploads\/2020\/12\/Z8A9459-768x1152.jpg 768w, https:\/\/order.grabo.com\/wp-content\/uploads\/2020\/12\/Z8A9459-1024x1536.jpg 1024w, https:\/\/order.grabo.com\/wp-content\/uploads\/2020\/12\/Z8A9459-1365x2048.jpg 1365w, https:\/\/order.grabo.com\/wp-content\/uploads\/2020\/12\/Z8A9459-600x900.jpg 600w, https:\/\/order.grabo.com\/wp-content\/uploads\/2020\/12\/Z8A9459-scaled.jpg 1707w\" sizes=\"auto, (max-width: 200px) 100vw, 200px\" \/><img loading=\"lazy\" decoding=\"async\" class=\"alignnone size-medium wp-image-430\" src=\"https:\/\/order.grabo.com\/wp-content\/uploads\/2020\/12\/01-225x300.jpg\" alt=\"\" width=\"225\" height=\"300\" srcset=\"https:\/\/order.grabo.com\/wp-content\/uploads\/2020\/12\/01-225x300.jpg 225w, https:\/\/order.grabo.com\/wp-content\/uploads\/2020\/12\/01-768x1024.jpg 768w, https:\/\/order.grabo.com\/wp-content\/uploads\/2020\/12\/01-1152x1536.jpg 1152w, https:\/\/order.grabo.com\/wp-content\/uploads\/2020\/12\/01-1536x2048.jpg 1536w, https:\/\/order.grabo.com\/wp-content\/uploads\/2020\/12\/01-600x800.jpg 600w, https:\/\/order.grabo.com\/wp-content\/uploads\/2020\/12\/01-scaled.jpg 1920w\" sizes=\"auto, (max-width: 225px) 100vw, 225px\" \/> <img loading=\"lazy\" decoding=\"async\" class=\"alignnone size-medium wp-image-431\" src=\"https:\/\/order.grabo.com\/wp-content\/uploads\/2020\/12\/0Z8A7335-300x200.jpg\" alt=\"\" width=\"300\" height=\"200\" srcset=\"https:\/\/order.grabo.com\/wp-content\/uploads\/2020\/12\/0Z8A7335-300x200.jpg 300w, https:\/\/order.grabo.com\/wp-content\/uploads\/2020\/12\/0Z8A7335-1024x683.jpg 1024w, https:\/\/order.grabo.com\/wp-content\/uploads\/2020\/12\/0Z8A7335-768x512.jpg 768w, https:\/\/order.grabo.com\/wp-content\/uploads\/2020\/12\/0Z8A7335-1536x1024.jpg 1536w, https:\/\/order.grabo.com\/wp-content\/uploads\/2020\/12\/0Z8A7335-2048x1365.jpg 2048w, https:\/\/order.grabo.com\/wp-content\/uploads\/2020\/12\/0Z8A7335-600x400.jpg 600w, https:\/\/order.grabo.com\/wp-content\/uploads\/2020\/12\/0Z8A7335-scaled.jpg 2560w\" sizes=\"auto, (max-width: 300px) 100vw, 300px\" \/><\/p>\n<p><iframe loading=\"lazy\" title=\"Nemo GRABO Introduction and Demonstration\" width=\"500\" height=\"281\" src=\"https:\/\/www.youtube.com\/embed\/-luPqXXl8ug?feature=oembed\" frameborder=\"0\" allow=\"accelerometer; autoplay; clipboard-write; encrypted-media; gyroscope; picture-in-picture; web-share\" referrerpolicy=\"strict-origin-when-cross-origin\" allowfullscreen><\/iframe><\/p>\n<p>&nbsp;<\/p>\n","protected":false},"excerpt":{"rendered":"<p>NEMO GRABO Kit enth\u00e4lt:<\/p>\n<ul>\n<li>GRABO Classic tragbarer elektrischer Vakuumheber mit analoger Druckanzeige<\/li>\n<li>Pumpleistung: 20 Liter pro Minute<\/li>\n<li>Batterie und Batterieladeger\u00e4t mit internationalem Adapter<\/li>\n<li>Schaumgummidichtung am Ger\u00e4t vorinstalliert<\/li>\n<li>Robuste Nylontragetasche<\/li>\n<li>Ersatzfilter<\/li>\n<li>Englisches Handbuch und bunter Displaykarton<\/li>\n<\/ul>\n","protected":false},"featured_media":21072,"comment_status":"open","ping_status":"closed","template":"","meta":{"_acf_changed":false},"product_brand":[],"product_cat":[169],"product_tag":[],"class_list":{"0":"post-7916","1":"product","2":"type-product","3":"status-publish","4":"has-post-thumbnail","6":"product_cat-tools-de","8":"first","9":"instock","10":"featured","11":"taxable","12":"shipping-taxable","13":"purchasable","14":"product-type-simple"},"acf":[],"yoast_head":"<!-- This site is optimized with the Yoast SEO plugin v27.3 - https:\/\/yoast.com\/product\/yoast-seo-wordpress\/ -->\n<title>NEMO GRABO 1 Battery &amp; 1 Seal - GRABO Factory Shop<\/title>\n<meta name=\"description\" content=\"The original GRABO. The classic tool that changed the way we lift, hold, stabilize and move materials. GRABO has proven to be the ultimate game changer.\" \/>\n<meta name=\"robots\" content=\"index, follow, max-snippet:-1, max-image-preview:large, max-video-preview:-1\" \/>\n<link rel=\"canonical\" href=\"https:\/\/order.grabo.com\/de\/product\/nemo-grabo\/\" \/>\n<meta property=\"og:locale\" content=\"de_DE\" \/>\n<meta property=\"og:type\" content=\"article\" \/>\n<meta property=\"og:title\" content=\"NEMO GRABO 1 Battery &amp; 1 Seal - GRABO Factory Shop\" \/>\n<meta property=\"og:description\" content=\"The original GRABO. The classic tool that changed the way we lift, hold, stabilize and move materials. GRABO has proven to be the ultimate game changer.\" \/>\n<meta property=\"og:url\" content=\"https:\/\/order.grabo.com\/de\/product\/nemo-grabo\/\" \/>\n<meta property=\"og:site_name\" content=\"GRABO Factory Shop\" \/>\n<meta property=\"article:publisher\" content=\"https:\/\/www.facebook.com\/GRABO.tools\" \/>\n<meta property=\"article:modified_time\" content=\"2025-12-05T22:05:08+00:00\" \/>\n<meta property=\"og:image\" content=\"https:\/\/order.grabo.com\/wp-content\/uploads\/2020\/12\/thumbnail-3-1024x1024.png\" \/>\n\t<meta property=\"og:image:width\" content=\"1024\" \/>\n\t<meta property=\"og:image:height\" content=\"1024\" \/>\n\t<meta property=\"og:image:type\" content=\"image\/png\" \/>\n<meta name=\"twitter:card\" content=\"summary_large_image\" \/>\n<meta name=\"twitter:site\" content=\"@grabotools\" \/>\n<meta name=\"twitter:label1\" content=\"Gesch\u00e4tzte Lesezeit\" \/>\n\t<meta name=\"twitter:data1\" content=\"2\u00a0Minuten\" \/>\n<script type=\"application\/ld+json\" class=\"yoast-schema-graph\">{\"@context\":\"https:\\\/\\\/schema.org\",\"@graph\":[{\"@type\":\"WebPage\",\"@id\":\"https:\\\/\\\/order.grabo.com\\\/de\\\/product\\\/nemo-grabo\\\/\",\"url\":\"https:\\\/\\\/order.grabo.com\\\/de\\\/product\\\/nemo-grabo\\\/\",\"name\":\"NEMO GRABO 1 Battery & 1 Seal - GRABO Factory Shop\",\"isPartOf\":{\"@id\":\"https:\\\/\\\/order.grabo.com\\\/de\\\/#website\"},\"primaryImageOfPage\":{\"@id\":\"https:\\\/\\\/order.grabo.com\\\/de\\\/product\\\/nemo-grabo\\\/#primaryimage\"},\"image\":{\"@id\":\"https:\\\/\\\/order.grabo.com\\\/de\\\/product\\\/nemo-grabo\\\/#primaryimage\"},\"thumbnailUrl\":\"https:\\\/\\\/order.grabo.com\\\/wp-content\\\/uploads\\\/2020\\\/12\\\/thumbnail-3.png\",\"datePublished\":\"2020-12-06T10:11:54+00:00\",\"dateModified\":\"2025-12-05T22:05:08+00:00\",\"description\":\"The original GRABO. The classic tool that changed the way we lift, hold, stabilize and move materials. GRABO has proven to be the ultimate game changer.\",\"breadcrumb\":{\"@id\":\"https:\\\/\\\/order.grabo.com\\\/de\\\/product\\\/nemo-grabo\\\/#breadcrumb\"},\"inLanguage\":\"de\",\"potentialAction\":[{\"@type\":\"ReadAction\",\"target\":[\"https:\\\/\\\/order.grabo.com\\\/de\\\/product\\\/nemo-grabo\\\/\"]}]},{\"@type\":\"ImageObject\",\"inLanguage\":\"de\",\"@id\":\"https:\\\/\\\/order.grabo.com\\\/de\\\/product\\\/nemo-grabo\\\/#primaryimage\",\"url\":\"https:\\\/\\\/order.grabo.com\\\/wp-content\\\/uploads\\\/2020\\\/12\\\/thumbnail-3.png\",\"contentUrl\":\"https:\\\/\\\/order.grabo.com\\\/wp-content\\\/uploads\\\/2020\\\/12\\\/thumbnail-3.png\",\"width\":1500,\"height\":1500},{\"@type\":\"BreadcrumbList\",\"@id\":\"https:\\\/\\\/order.grabo.com\\\/de\\\/product\\\/nemo-grabo\\\/#breadcrumb\",\"itemListElement\":[{\"@type\":\"ListItem\",\"position\":1,\"name\":\"Home\",\"item\":\"https:\\\/\\\/order.grabo.com\\\/de\\\/\"},{\"@type\":\"ListItem\",\"position\":2,\"name\":\"GRABO Factory Shop\",\"item\":\"https:\\\/\\\/order.grabo.com\\\/\"},{\"@type\":\"ListItem\",\"position\":3,\"name\":\"NEMO GRABO 1 Battery &#038; 1 Seal\"}]},{\"@type\":\"WebSite\",\"@id\":\"https:\\\/\\\/order.grabo.com\\\/de\\\/#website\",\"url\":\"https:\\\/\\\/order.grabo.com\\\/de\\\/\",\"name\":\"GRABO Factory Shop\",\"description\":\"GRABO Factory Shop\",\"publisher\":{\"@id\":\"https:\\\/\\\/order.grabo.com\\\/de\\\/#organization\"},\"potentialAction\":[{\"@type\":\"SearchAction\",\"target\":{\"@type\":\"EntryPoint\",\"urlTemplate\":\"https:\\\/\\\/order.grabo.com\\\/de\\\/?s={search_term_string}\"},\"query-input\":{\"@type\":\"PropertyValueSpecification\",\"valueRequired\":true,\"valueName\":\"search_term_string\"}}],\"inLanguage\":\"de\"},{\"@type\":\"Organization\",\"@id\":\"https:\\\/\\\/order.grabo.com\\\/de\\\/#organization\",\"name\":\"GRABO\",\"url\":\"https:\\\/\\\/order.grabo.com\\\/de\\\/\",\"logo\":{\"@type\":\"ImageObject\",\"inLanguage\":\"de\",\"@id\":\"https:\\\/\\\/order.grabo.com\\\/de\\\/#\\\/schema\\\/logo\\\/image\\\/\",\"url\":\"https:\\\/\\\/order.grabo.com\\\/wp-content\\\/uploads\\\/2020\\\/12\\\/GRABO-Pro-1.jpeg\",\"contentUrl\":\"https:\\\/\\\/order.grabo.com\\\/wp-content\\\/uploads\\\/2020\\\/12\\\/GRABO-Pro-1.jpeg\",\"width\":1712,\"height\":1712,\"caption\":\"GRABO\"},\"image\":{\"@id\":\"https:\\\/\\\/order.grabo.com\\\/de\\\/#\\\/schema\\\/logo\\\/image\\\/\"},\"sameAs\":[\"https:\\\/\\\/www.facebook.com\\\/GRABO.tools\",\"https:\\\/\\\/x.com\\\/grabotools\",\"https:\\\/\\\/www.instagram.com\\\/grabo.tools\\\/?hl=en\"]}]}<\/script>\n<!-- \/ Yoast SEO plugin. -->","yoast_head_json":{"title":"NEMO GRABO 1 Battery & 1 Seal - GRABO Factory Shop","description":"The original GRABO. The classic tool that changed the way we lift, hold, stabilize and move materials. GRABO has proven to be the ultimate game changer.","robots":{"index":"index","follow":"follow","max-snippet":"max-snippet:-1","max-image-preview":"max-image-preview:large","max-video-preview":"max-video-preview:-1"},"canonical":"https:\/\/order.grabo.com\/de\/product\/nemo-grabo\/","og_locale":"de_DE","og_type":"article","og_title":"NEMO GRABO 1 Battery & 1 Seal - GRABO Factory Shop","og_description":"The original GRABO. The classic tool that changed the way we lift, hold, stabilize and move materials. GRABO has proven to be the ultimate game changer.","og_url":"https:\/\/order.grabo.com\/de\/product\/nemo-grabo\/","og_site_name":"GRABO Factory Shop","article_publisher":"https:\/\/www.facebook.com\/GRABO.tools","article_modified_time":"2025-12-05T22:05:08+00:00","og_image":[{"width":1024,"height":1024,"url":"https:\/\/order.grabo.com\/wp-content\/uploads\/2020\/12\/thumbnail-3-1024x1024.png","type":"image\/png"}],"twitter_card":"summary_large_image","twitter_site":"@grabotools","twitter_misc":{"Gesch\u00e4tzte Lesezeit":"2\u00a0Minuten"},"schema":{"@context":"https:\/\/schema.org","@graph":[{"@type":"WebPage","@id":"https:\/\/order.grabo.com\/de\/product\/nemo-grabo\/","url":"https:\/\/order.grabo.com\/de\/product\/nemo-grabo\/","name":"NEMO GRABO 1 Battery & 1 Seal - GRABO Factory Shop","isPartOf":{"@id":"https:\/\/order.grabo.com\/de\/#website"},"primaryImageOfPage":{"@id":"https:\/\/order.grabo.com\/de\/product\/nemo-grabo\/#primaryimage"},"image":{"@id":"https:\/\/order.grabo.com\/de\/product\/nemo-grabo\/#primaryimage"},"thumbnailUrl":"https:\/\/order.grabo.com\/wp-content\/uploads\/2020\/12\/thumbnail-3.png","datePublished":"2020-12-06T10:11:54+00:00","dateModified":"2025-12-05T22:05:08+00:00","description":"The original GRABO. The classic tool that changed the way we lift, hold, stabilize and move materials. GRABO has proven to be the ultimate game changer.","breadcrumb":{"@id":"https:\/\/order.grabo.com\/de\/product\/nemo-grabo\/#breadcrumb"},"inLanguage":"de","potentialAction":[{"@type":"ReadAction","target":["https:\/\/order.grabo.com\/de\/product\/nemo-grabo\/"]}]},{"@type":"ImageObject","inLanguage":"de","@id":"https:\/\/order.grabo.com\/de\/product\/nemo-grabo\/#primaryimage","url":"https:\/\/order.grabo.com\/wp-content\/uploads\/2020\/12\/thumbnail-3.png","contentUrl":"https:\/\/order.grabo.com\/wp-content\/uploads\/2020\/12\/thumbnail-3.png","width":1500,"height":1500},{"@type":"BreadcrumbList","@id":"https:\/\/order.grabo.com\/de\/product\/nemo-grabo\/#breadcrumb","itemListElement":[{"@type":"ListItem","position":1,"name":"Home","item":"https:\/\/order.grabo.com\/de\/"},{"@type":"ListItem","position":2,"name":"GRABO Factory Shop","item":"https:\/\/order.grabo.com\/"},{"@type":"ListItem","position":3,"name":"NEMO GRABO 1 Battery &#038; 1 Seal"}]},{"@type":"WebSite","@id":"https:\/\/order.grabo.com\/de\/#website","url":"https:\/\/order.grabo.com\/de\/","name":"GRABO Factory Shop","description":"GRABO Factory Shop","publisher":{"@id":"https:\/\/order.grabo.com\/de\/#organization"},"potentialAction":[{"@type":"SearchAction","target":{"@type":"EntryPoint","urlTemplate":"https:\/\/order.grabo.com\/de\/?s={search_term_string}"},"query-input":{"@type":"PropertyValueSpecification","valueRequired":true,"valueName":"search_term_string"}}],"inLanguage":"de"},{"@type":"Organization","@id":"https:\/\/order.grabo.com\/de\/#organization","name":"GRABO","url":"https:\/\/order.grabo.com\/de\/","logo":{"@type":"ImageObject","inLanguage":"de","@id":"https:\/\/order.grabo.com\/de\/#\/schema\/logo\/image\/","url":"https:\/\/order.grabo.com\/wp-content\/uploads\/2020\/12\/GRABO-Pro-1.jpeg","contentUrl":"https:\/\/order.grabo.com\/wp-content\/uploads\/2020\/12\/GRABO-Pro-1.jpeg","width":1712,"height":1712,"caption":"GRABO"},"image":{"@id":"https:\/\/order.grabo.com\/de\/#\/schema\/logo\/image\/"},"sameAs":["https:\/\/www.facebook.com\/GRABO.tools","https:\/\/x.com\/grabotools","https:\/\/www.instagram.com\/grabo.tools\/?hl=en"]}]}},"_links":{"self":[{"href":"https:\/\/order.grabo.com\/de\/wp-json\/wp\/v2\/product\/7916","targetHints":{"allow":["GET"]}}],"collection":[{"href":"https:\/\/order.grabo.com\/de\/wp-json\/wp\/v2\/product"}],"about":[{"href":"https:\/\/order.grabo.com\/de\/wp-json\/wp\/v2\/types\/product"}],"replies":[{"embeddable":true,"href":"https:\/\/order.grabo.com\/de\/wp-json\/wp\/v2\/comments?post=7916"}],"wp:featuredmedia":[{"embeddable":true,"href":"https:\/\/order.grabo.com\/de\/wp-json\/wp\/v2\/media\/21072"}],"wp:attachment":[{"href":"https:\/\/order.grabo.com\/de\/wp-json\/wp\/v2\/media?parent=7916"}],"wp:term":[{"taxonomy":"product_brand","embeddable":true,"href":"https:\/\/order.grabo.com\/de\/wp-json\/wp\/v2\/product_brand?post=7916"},{"taxonomy":"product_cat","embeddable":true,"href":"https:\/\/order.grabo.com\/de\/wp-json\/wp\/v2\/product_cat?post=7916"},{"taxonomy":"product_tag","embeddable":true,"href":"https:\/\/order.grabo.com\/de\/wp-json\/wp\/v2\/product_tag?post=7916"}],"curies":[{"name":"wp","href":"https:\/\/api.w.org\/{rel}","templated":true}]}}