{"id":7914,"date":"2020-12-16T05:42:44","date_gmt":"2020-12-16T05:42:44","guid":{"rendered":"https:\/\/factory.grabo.com\/product\/foam-rubber-seal\/"},"modified":"2024-07-26T04:11:52","modified_gmt":"2024-07-26T04:11:52","slug":"foam-rubber-seal","status":"publish","type":"product","link":"https:\/\/order.grabo.com\/de\/product\/foam-rubber-seal\/","title":{"rendered":"GRABO Standard-Schaumstoffdichtung"},"content":{"rendered":"<div id=\"new_columns-107-391\" class=\"ct-new-columns\" style=\"text-align: left;\">\n<div id=\"div_block-108-391\" class=\"ct-div-block\">\n<div id=\"text_block-114-391\" class=\"ct-text-block\">Bei st\u00e4ndigem Gebrauch nutzen sich die Dichtungen ab. Wenn die GRABO Dichtung schlie\u00dflich abgenutzt ist, nimmt die Hubkapazit\u00e4t ab. In diesem Fall k\u00f6nnen Sie die verschlissene Dichtung innerhalb von Sekunden von Hand austauschen.<br \/>\nSie k\u00f6nnen die Ersatzdichtung verwenden, die im Lieferumfang enthalten ist. Sie k\u00f6nnen aber auch eine beliebige Anzahl von Dichtungen bei den H\u00e4ndlern kaufen. Diese patentierte Dichtung aus Schaumgummi mit hoher Reibung passt auf alle GRABO Modelle.<\/div>\n<\/div>\n<div id=\"div_block-116-391\" class=\"ct-div-block\">\n<div id=\"slider-117-391\" class=\"ct-slider slider-product ct_unique_slider_5883\">\n<div class=\"unslider\">\n<div class=\"oxygen-unslider-container unslider-horizontal\">\n<div id=\"slide-132-756\" class=\"ct-slide\"><img loading=\"lazy\" decoding=\"async\" class=\"alignnone size-medium wp-image-468\" src=\"https:\/\/order.grabo.com\/wp-content\/uploads\/2020\/12\/Z8A5930-1-scaled-1-300x200.jpg\" alt=\"GRABO replacement seal\" width=\"300\" height=\"200\" srcset=\"https:\/\/order.grabo.com\/wp-content\/uploads\/2020\/12\/Z8A5930-1-scaled-1-300x200.jpg 300w, https:\/\/order.grabo.com\/wp-content\/uploads\/2020\/12\/Z8A5930-1-scaled-1-1024x683.jpg 1024w, https:\/\/order.grabo.com\/wp-content\/uploads\/2020\/12\/Z8A5930-1-scaled-1-768x512.jpg 768w, https:\/\/order.grabo.com\/wp-content\/uploads\/2020\/12\/Z8A5930-1-scaled-1-1536x1024.jpg 1536w, https:\/\/order.grabo.com\/wp-content\/uploads\/2020\/12\/Z8A5930-1-scaled-1-2048x1366.jpg 2048w, https:\/\/order.grabo.com\/wp-content\/uploads\/2020\/12\/Z8A5930-1-scaled-1-600x400.jpg 600w, https:\/\/order.grabo.com\/wp-content\/uploads\/2020\/12\/Z8A5930-1-scaled-1.jpg 2560w\" sizes=\"auto, (max-width: 300px) 100vw, 300px\" \/><\/div>\n<\/div>\n<\/div>\n<\/div>\n<\/div>\n<\/div>\n<div id=\"div_block-134-756\" class=\"ct-div-block\" style=\"text-align: left;\">\n<h3 id=\"headline-135-756\" class=\"ct-headline\">Spezifikationen:<\/h3>\n<div id=\"_rich_text-136-756\" class=\"oxy-rich-text table-spec\">\n<table class=\"table-spec\">\n<tbody>\n<tr>\n<th colspan=\"2\">Schwarze Schaumstoffdichtung<\/th>\n<\/tr>\n<tr>\n<th>Werkstoff<\/th>\n<td>SBR-Gummischwamm<\/td>\n<\/tr>\n<tr>\n<th>Color<\/th>\n<td>Black<\/td>\n<\/tr>\n<tr>\n<th>L x W x H<\/th>\n<td>11.5 x 6.9 x 0.7\u201d (293 x 175 x 19 mm)<\/td>\n<\/tr>\n<tr>\n<th>Dichtheit<\/th>\n<td>10.6 Lb\/cft (170 kg\/m^3)<\/td>\n<\/tr>\n<tr>\n<th>H\u00e4rte, Shore C<\/th>\n<td>~10 +\/-2<\/td>\n<\/tr>\n<tr>\n<th>Rei\u00dfender Druck<\/th>\n<td>1800 Psi (126 kg\/cm^2)<\/td>\n<\/tr>\n<tr>\n<th>Komprimierung auf 25% Gr\u00f6\u00dfe bei<\/th>\n<td>8.5 Psi (6000 kg\/m^2)<\/td>\n<\/tr>\n<tr>\n<th>Wasserabsorption, %<\/th>\n<td>&lt;=5<\/td>\n<\/tr>\n<tr>\n<th>Schrumpfung bei 160F (70C) f\u00fcr 24 Stunden, %.<\/th>\n<td>&lt;=20<\/td>\n<\/tr>\n<tr>\n<th>Empfohlene Lagertemperatur<\/th>\n<td>Raumtemperatur<\/td>\n<\/tr>\n<tr>\n<th colspan=\"2\">Rotes Siegel<\/th>\n<\/tr>\n<tr>\n<th>Werkstoff<\/th>\n<td>Siliziumschaum<\/td>\n<\/tr>\n<tr>\n<th>Color<\/th>\n<td>Red<\/td>\n<\/tr>\n<tr>\n<th>Dichtheit<\/th>\n<td>40.5 Lb\/cft (650 kg\/m^3)<\/td>\n<\/tr>\n<tr>\n<th>H\u00e4rte, Shore C<\/th>\n<td>55 +\/-5<\/td>\n<\/tr>\n<tr>\n<th>Wasserabsorption, %<\/th>\n<td>&lt;=4<\/td>\n<\/tr>\n<tr>\n<th>Empfohlene Lagertemperatur<\/th>\n<td>Raumtemperatur<\/td>\n<\/tr>\n<\/tbody>\n<\/table>\n<\/div>\n<\/div>\n<p style=\"text-align: left;\">SKU: RK13001<\/p>\n","protected":false},"excerpt":{"rendered":"<p>Die Schaumgummidichtung Typ A1 ist eine patentierte, geschlossenzellige Gummidichtung mit hoher Reibung, die speziell f\u00fcr alle GRABO Modelle entwickelt wurde. Die Dichtung besteht aus langlebigen Materialien, die einen festen und sicheren Sitz bieten und Staub und Schmutz von Ihrem GRABO Werkzeug fernhalten. Dieses Produkt ist in einer farbigen Schachtel verpackt, so dass es leicht zu identifizieren und zu lagern ist. R\u00fcsten Sie Ihr GRABO Werkzeug mit der Schaumgummidichtung Typ A1 f\u00fcr eine effizientere und zuverl\u00e4ssigere Leistung auf.<\/p>\n[embed]https:\/\/youtu.be\/ivReLlTKpGs[\/embed]\n","protected":false},"featured_media":20649,"comment_status":"open","ping_status":"closed","template":"","meta":{"_acf_changed":false},"product_brand":[],"product_cat":[179],"product_tag":[],"class_list":{"0":"post-7914","1":"product","2":"type-product","3":"status-publish","4":"has-post-thumbnail","6":"product_cat-accessories-de","8":"first","9":"instock","10":"taxable","11":"shipping-taxable","12":"purchasable","13":"product-type-simple"},"acf":[],"yoast_head":"<!-- This site is optimized with the Yoast SEO plugin v27.3 - https:\/\/yoast.com\/product\/yoast-seo-wordpress\/ -->\n<title>GRABO Standard-Schaumstoffdichtung - GRABO Factory Shop<\/title>\n<meta name=\"robots\" content=\"index, follow, max-snippet:-1, max-image-preview:large, max-video-preview:-1\" \/>\n<link rel=\"canonical\" href=\"https:\/\/order.grabo.com\/de\/product\/foam-rubber-seal\/\" \/>\n<meta property=\"og:locale\" content=\"de_DE\" \/>\n<meta property=\"og:type\" content=\"article\" \/>\n<meta property=\"og:title\" content=\"GRABO Standard-Schaumstoffdichtung - GRABO Factory Shop\" \/>\n<meta property=\"og:description\" content=\"Die Schaumgummidichtung Typ A1 ist eine patentierte, geschlossenzellige Gummidichtung mit hoher Reibung, die speziell f\u00fcr alle GRABO Modelle entwickelt wurde. Die Dichtung besteht aus langlebigen Materialien, die einen festen und sicheren Sitz bieten und Staub und Schmutz von Ihrem GRABO Werkzeug fernhalten. Dieses Produkt ist in einer farbigen Schachtel verpackt, so dass es leicht zu identifizieren und zu lagern ist. R\u00fcsten Sie Ihr GRABO Werkzeug mit der Schaumgummidichtung Typ A1 f\u00fcr eine effizientere und zuverl\u00e4ssigere Leistung auf.\" \/>\n<meta property=\"og:url\" content=\"https:\/\/order.grabo.com\/de\/product\/foam-rubber-seal\/\" \/>\n<meta property=\"og:site_name\" content=\"GRABO Factory Shop\" \/>\n<meta property=\"article:publisher\" content=\"https:\/\/www.facebook.com\/GRABO.tools\" \/>\n<meta property=\"article:modified_time\" content=\"2024-07-26T04:11:52+00:00\" \/>\n<meta property=\"og:image\" content=\"https:\/\/order.grabo.com\/wp-content\/uploads\/2020\/12\/Standard-Seal.jpg\" \/>\n\t<meta property=\"og:image:width\" content=\"1500\" \/>\n\t<meta property=\"og:image:height\" content=\"1500\" \/>\n\t<meta property=\"og:image:type\" content=\"image\/jpeg\" \/>\n<meta name=\"twitter:card\" content=\"summary_large_image\" \/>\n<meta name=\"twitter:site\" content=\"@grabotools\" \/>\n<meta name=\"twitter:label1\" content=\"Gesch\u00e4tzte Lesezeit\" \/>\n\t<meta name=\"twitter:data1\" content=\"1\u00a0Minute\" \/>\n<script type=\"application\/ld+json\" class=\"yoast-schema-graph\">{\"@context\":\"https:\\\/\\\/schema.org\",\"@graph\":[{\"@type\":\"WebPage\",\"@id\":\"https:\\\/\\\/order.grabo.com\\\/de\\\/product\\\/foam-rubber-seal\\\/\",\"url\":\"https:\\\/\\\/order.grabo.com\\\/de\\\/product\\\/foam-rubber-seal\\\/\",\"name\":\"GRABO Standard-Schaumstoffdichtung - GRABO Factory Shop\",\"isPartOf\":{\"@id\":\"https:\\\/\\\/order.grabo.com\\\/de\\\/#website\"},\"primaryImageOfPage\":{\"@id\":\"https:\\\/\\\/order.grabo.com\\\/de\\\/product\\\/foam-rubber-seal\\\/#primaryimage\"},\"image\":{\"@id\":\"https:\\\/\\\/order.grabo.com\\\/de\\\/product\\\/foam-rubber-seal\\\/#primaryimage\"},\"thumbnailUrl\":\"https:\\\/\\\/order.grabo.com\\\/wp-content\\\/uploads\\\/2020\\\/12\\\/thumbnail-2.png\",\"datePublished\":\"2020-12-16T05:42:44+00:00\",\"dateModified\":\"2024-07-26T04:11:52+00:00\",\"breadcrumb\":{\"@id\":\"https:\\\/\\\/order.grabo.com\\\/de\\\/product\\\/foam-rubber-seal\\\/#breadcrumb\"},\"inLanguage\":\"de\",\"potentialAction\":[{\"@type\":\"ReadAction\",\"target\":[\"https:\\\/\\\/order.grabo.com\\\/de\\\/product\\\/foam-rubber-seal\\\/\"]}]},{\"@type\":\"ImageObject\",\"inLanguage\":\"de\",\"@id\":\"https:\\\/\\\/order.grabo.com\\\/de\\\/product\\\/foam-rubber-seal\\\/#primaryimage\",\"url\":\"https:\\\/\\\/order.grabo.com\\\/wp-content\\\/uploads\\\/2020\\\/12\\\/thumbnail-2.png\",\"contentUrl\":\"https:\\\/\\\/order.grabo.com\\\/wp-content\\\/uploads\\\/2020\\\/12\\\/thumbnail-2.png\",\"width\":1500,\"height\":1500},{\"@type\":\"BreadcrumbList\",\"@id\":\"https:\\\/\\\/order.grabo.com\\\/de\\\/product\\\/foam-rubber-seal\\\/#breadcrumb\",\"itemListElement\":[{\"@type\":\"ListItem\",\"position\":1,\"name\":\"Home\",\"item\":\"https:\\\/\\\/order.grabo.com\\\/de\\\/\"},{\"@type\":\"ListItem\",\"position\":2,\"name\":\"GRABO Factory Shop\",\"item\":\"https:\\\/\\\/order.grabo.com\\\/\"},{\"@type\":\"ListItem\",\"position\":3,\"name\":\"GRABO Standard-Schaumstoffdichtung\"}]},{\"@type\":\"WebSite\",\"@id\":\"https:\\\/\\\/order.grabo.com\\\/de\\\/#website\",\"url\":\"https:\\\/\\\/order.grabo.com\\\/de\\\/\",\"name\":\"GRABO Factory Shop\",\"description\":\"GRABO Factory Shop\",\"publisher\":{\"@id\":\"https:\\\/\\\/order.grabo.com\\\/de\\\/#organization\"},\"potentialAction\":[{\"@type\":\"SearchAction\",\"target\":{\"@type\":\"EntryPoint\",\"urlTemplate\":\"https:\\\/\\\/order.grabo.com\\\/de\\\/?s={search_term_string}\"},\"query-input\":{\"@type\":\"PropertyValueSpecification\",\"valueRequired\":true,\"valueName\":\"search_term_string\"}}],\"inLanguage\":\"de\"},{\"@type\":\"Organization\",\"@id\":\"https:\\\/\\\/order.grabo.com\\\/de\\\/#organization\",\"name\":\"GRABO\",\"url\":\"https:\\\/\\\/order.grabo.com\\\/de\\\/\",\"logo\":{\"@type\":\"ImageObject\",\"inLanguage\":\"de\",\"@id\":\"https:\\\/\\\/order.grabo.com\\\/de\\\/#\\\/schema\\\/logo\\\/image\\\/\",\"url\":\"https:\\\/\\\/order.grabo.com\\\/wp-content\\\/uploads\\\/2020\\\/12\\\/GRABO-Pro-1.jpeg\",\"contentUrl\":\"https:\\\/\\\/order.grabo.com\\\/wp-content\\\/uploads\\\/2020\\\/12\\\/GRABO-Pro-1.jpeg\",\"width\":1712,\"height\":1712,\"caption\":\"GRABO\"},\"image\":{\"@id\":\"https:\\\/\\\/order.grabo.com\\\/de\\\/#\\\/schema\\\/logo\\\/image\\\/\"},\"sameAs\":[\"https:\\\/\\\/www.facebook.com\\\/GRABO.tools\",\"https:\\\/\\\/x.com\\\/grabotools\",\"https:\\\/\\\/www.instagram.com\\\/grabo.tools\\\/?hl=en\"]}]}<\/script>\n<!-- \/ Yoast SEO plugin. -->","yoast_head_json":{"title":"GRABO Standard-Schaumstoffdichtung - GRABO Factory Shop","robots":{"index":"index","follow":"follow","max-snippet":"max-snippet:-1","max-image-preview":"max-image-preview:large","max-video-preview":"max-video-preview:-1"},"canonical":"https:\/\/order.grabo.com\/de\/product\/foam-rubber-seal\/","og_locale":"de_DE","og_type":"article","og_title":"GRABO Standard-Schaumstoffdichtung - GRABO Factory Shop","og_description":"Die Schaumgummidichtung Typ A1 ist eine patentierte, geschlossenzellige Gummidichtung mit hoher Reibung, die speziell f\u00fcr alle GRABO Modelle entwickelt wurde. Die Dichtung besteht aus langlebigen Materialien, die einen festen und sicheren Sitz bieten und Staub und Schmutz von Ihrem GRABO Werkzeug fernhalten. Dieses Produkt ist in einer farbigen Schachtel verpackt, so dass es leicht zu identifizieren und zu lagern ist. R\u00fcsten Sie Ihr GRABO Werkzeug mit der Schaumgummidichtung Typ A1 f\u00fcr eine effizientere und zuverl\u00e4ssigere Leistung auf.","og_url":"https:\/\/order.grabo.com\/de\/product\/foam-rubber-seal\/","og_site_name":"GRABO Factory Shop","article_publisher":"https:\/\/www.facebook.com\/GRABO.tools","article_modified_time":"2024-07-26T04:11:52+00:00","og_image":[{"width":1500,"height":1500,"url":"https:\/\/order.grabo.com\/wp-content\/uploads\/2020\/12\/Standard-Seal.jpg","type":"image\/jpeg"}],"twitter_card":"summary_large_image","twitter_site":"@grabotools","twitter_misc":{"Gesch\u00e4tzte Lesezeit":"1\u00a0Minute"},"schema":{"@context":"https:\/\/schema.org","@graph":[{"@type":"WebPage","@id":"https:\/\/order.grabo.com\/de\/product\/foam-rubber-seal\/","url":"https:\/\/order.grabo.com\/de\/product\/foam-rubber-seal\/","name":"GRABO Standard-Schaumstoffdichtung - GRABO Factory Shop","isPartOf":{"@id":"https:\/\/order.grabo.com\/de\/#website"},"primaryImageOfPage":{"@id":"https:\/\/order.grabo.com\/de\/product\/foam-rubber-seal\/#primaryimage"},"image":{"@id":"https:\/\/order.grabo.com\/de\/product\/foam-rubber-seal\/#primaryimage"},"thumbnailUrl":"https:\/\/order.grabo.com\/wp-content\/uploads\/2020\/12\/thumbnail-2.png","datePublished":"2020-12-16T05:42:44+00:00","dateModified":"2024-07-26T04:11:52+00:00","breadcrumb":{"@id":"https:\/\/order.grabo.com\/de\/product\/foam-rubber-seal\/#breadcrumb"},"inLanguage":"de","potentialAction":[{"@type":"ReadAction","target":["https:\/\/order.grabo.com\/de\/product\/foam-rubber-seal\/"]}]},{"@type":"ImageObject","inLanguage":"de","@id":"https:\/\/order.grabo.com\/de\/product\/foam-rubber-seal\/#primaryimage","url":"https:\/\/order.grabo.com\/wp-content\/uploads\/2020\/12\/thumbnail-2.png","contentUrl":"https:\/\/order.grabo.com\/wp-content\/uploads\/2020\/12\/thumbnail-2.png","width":1500,"height":1500},{"@type":"BreadcrumbList","@id":"https:\/\/order.grabo.com\/de\/product\/foam-rubber-seal\/#breadcrumb","itemListElement":[{"@type":"ListItem","position":1,"name":"Home","item":"https:\/\/order.grabo.com\/de\/"},{"@type":"ListItem","position":2,"name":"GRABO Factory Shop","item":"https:\/\/order.grabo.com\/"},{"@type":"ListItem","position":3,"name":"GRABO Standard-Schaumstoffdichtung"}]},{"@type":"WebSite","@id":"https:\/\/order.grabo.com\/de\/#website","url":"https:\/\/order.grabo.com\/de\/","name":"GRABO Factory Shop","description":"GRABO Factory Shop","publisher":{"@id":"https:\/\/order.grabo.com\/de\/#organization"},"potentialAction":[{"@type":"SearchAction","target":{"@type":"EntryPoint","urlTemplate":"https:\/\/order.grabo.com\/de\/?s={search_term_string}"},"query-input":{"@type":"PropertyValueSpecification","valueRequired":true,"valueName":"search_term_string"}}],"inLanguage":"de"},{"@type":"Organization","@id":"https:\/\/order.grabo.com\/de\/#organization","name":"GRABO","url":"https:\/\/order.grabo.com\/de\/","logo":{"@type":"ImageObject","inLanguage":"de","@id":"https:\/\/order.grabo.com\/de\/#\/schema\/logo\/image\/","url":"https:\/\/order.grabo.com\/wp-content\/uploads\/2020\/12\/GRABO-Pro-1.jpeg","contentUrl":"https:\/\/order.grabo.com\/wp-content\/uploads\/2020\/12\/GRABO-Pro-1.jpeg","width":1712,"height":1712,"caption":"GRABO"},"image":{"@id":"https:\/\/order.grabo.com\/de\/#\/schema\/logo\/image\/"},"sameAs":["https:\/\/www.facebook.com\/GRABO.tools","https:\/\/x.com\/grabotools","https:\/\/www.instagram.com\/grabo.tools\/?hl=en"]}]}},"_links":{"self":[{"href":"https:\/\/order.grabo.com\/de\/wp-json\/wp\/v2\/product\/7914","targetHints":{"allow":["GET"]}}],"collection":[{"href":"https:\/\/order.grabo.com\/de\/wp-json\/wp\/v2\/product"}],"about":[{"href":"https:\/\/order.grabo.com\/de\/wp-json\/wp\/v2\/types\/product"}],"replies":[{"embeddable":true,"href":"https:\/\/order.grabo.com\/de\/wp-json\/wp\/v2\/comments?post=7914"}],"wp:featuredmedia":[{"embeddable":true,"href":"https:\/\/order.grabo.com\/de\/wp-json\/wp\/v2\/media\/20649"}],"wp:attachment":[{"href":"https:\/\/order.grabo.com\/de\/wp-json\/wp\/v2\/media?parent=7914"}],"wp:term":[{"taxonomy":"product_brand","embeddable":true,"href":"https:\/\/order.grabo.com\/de\/wp-json\/wp\/v2\/product_brand?post=7914"},{"taxonomy":"product_cat","embeddable":true,"href":"https:\/\/order.grabo.com\/de\/wp-json\/wp\/v2\/product_cat?post=7914"},{"taxonomy":"product_tag","embeddable":true,"href":"https:\/\/order.grabo.com\/de\/wp-json\/wp\/v2\/product_tag?post=7914"}],"curies":[{"name":"wp","href":"https:\/\/api.w.org\/{rel}","templated":true}]}}