{"id":7913,"date":"2020-12-16T06:16:51","date_gmt":"2020-12-16T06:16:51","guid":{"rendered":"https:\/\/factory.grabo.com\/product\/grabo-canvas-bag\/"},"modified":"2023-04-17T16:22:40","modified_gmt":"2023-04-17T16:22:40","slug":"grabo-canvas-bag","status":"publish","type":"product","link":"https:\/\/order.grabo.com\/de\/product\/grabo-canvas-bag\/","title":{"rendered":"GRABO Segeltuchtasche"},"content":{"rendered":"<p>Die GRABO Segeltuchtasche ist eine robuste und vielseitige Aufbewahrungsm\u00f6glichkeit f\u00fcr Ihre GRABO Werkzeuge. Aus strapazierf\u00e4higem Canvas-Gewebe gefertigt, ist diese Tasche so gebaut, dass sie der Abnutzung durch regelm\u00e4\u00dfigen Gebrauch standh\u00e4lt. Die doppelten Rei\u00dfverschl\u00fcsse erm\u00f6glichen einen einfachen Zugang zu Ihren Werkzeugen und halten sie gleichzeitig sicher und gesch\u00fctzt. Die Tasche ist mit mehreren F\u00e4chern und Taschen ausgestattet, die Ihnen helfen, Ihre Werkzeuge zu organisieren und an der richtigen Stelle aufzubewahren.<\/p>\n<p>Die Tasche eignet sich perfekt f\u00fcr Profis in der Baubranche, aber auch f\u00fcr Heimwerker und Hobbybastler. Sie ist ideal f\u00fcr den Einsatz unterwegs, da Sie Ihr Werkzeug einfach \u00fcberallhin mitnehmen k\u00f6nnen. Dank des stabilen Griffs und des verstellbaren Schultergurts l\u00e4sst sich die Tasche auch bei voller Beladung bequem tragen. Dank ihrer kompakten Gr\u00f6\u00dfe l\u00e4sst sich die Tasche leicht in Ihrem Lkw, Transporter oder Ihrer Werkstatt verstauen.<\/p>\n<p>Die GRABO Segeltuchtasche ist nicht nur strapazierf\u00e4hig, sondern sieht mit ihrem schlanken und modernen Design auch noch gut aus. Die Farbe und das Logo der Tasche verleihen ihr ein professionelles Aussehen, das Ihre Kollegen und Kunden beeindrucken wird. Egal, ob Sie an einem gro\u00dfen Bauprojekt oder einer kleinen Hausrenovierung arbeiten, die GRABO Segeltuchtasche ist die ideale Aufbewahrungs- und Transportl\u00f6sung f\u00fcr Ihre Werkzeuge. Sie ist eine gute Investition f\u00fcr jeden, der Wert auf Organisation, Schutz und Bequemlichkeit f\u00fcr seine Werkzeuge legt.<\/p>\n<p><img loading=\"lazy\" decoding=\"async\" class=\"alignnone size-medium wp-image-433\" src=\"https:\/\/order.grabo.com\/wp-content\/uploads\/2020\/12\/GRABO-in-BAG-288x300.jpg\" alt=\"\" width=\"288\" height=\"300\" srcset=\"https:\/\/order.grabo.com\/wp-content\/uploads\/2020\/12\/GRABO-in-BAG-288x300.jpg 288w, https:\/\/order.grabo.com\/wp-content\/uploads\/2020\/12\/GRABO-in-BAG-984x1024.jpg 984w, https:\/\/order.grabo.com\/wp-content\/uploads\/2020\/12\/GRABO-in-BAG-768x799.jpg 768w, https:\/\/order.grabo.com\/wp-content\/uploads\/2020\/12\/GRABO-in-BAG-600x624.jpg 600w, https:\/\/order.grabo.com\/wp-content\/uploads\/2020\/12\/GRABO-in-BAG.jpg 1442w\" sizes=\"auto, (max-width: 288px) 100vw, 288px\" \/><\/p>\n<p>SKU: SN23017<\/p>\n","protected":false},"excerpt":{"rendered":"<p>Die GRABO Segeltuchtasche ist die perfekte Aufbewahrungs- und Transportl\u00f6sung f\u00fcr Ihre GRABO Werkzeuge. Diese Tasche aus strapazierf\u00e4higem Canvas-Gewebe verf\u00fcgt \u00fcber doppelte Rei\u00dfverschl\u00fcsse, um Ihre Werkzeuge sicher und leicht zug\u00e4nglich zu halten. Das robuste Canvas-Material h\u00e4lt auch starker Beanspruchung stand und der doppelte Rei\u00dfverschluss sorgt daf\u00fcr, dass Ihre Werkzeuge gesch\u00fctzt und organisiert bleiben. Ob Sie nun ein professioneller Bauunternehmer oder ein Heimwerker sind, die GRABO Canvas Bag ist ein Muss f\u00fcr jede Werkzeugsammlung.<\/p>\n","protected":false},"featured_media":18792,"comment_status":"open","ping_status":"closed","template":"","meta":{"_acf_changed":false},"product_brand":[],"product_cat":[179],"product_tag":[],"class_list":{"0":"post-7913","1":"product","2":"type-product","3":"status-publish","4":"has-post-thumbnail","6":"product_cat-accessories-de","8":"first","9":"instock","10":"taxable","11":"shipping-taxable","12":"purchasable","13":"product-type-simple"},"acf":[],"yoast_head":"<!-- This site is optimized with the Yoast SEO plugin v27.3 - https:\/\/yoast.com\/product\/yoast-seo-wordpress\/ -->\n<title>GRABO Segeltuchtasche - GRABO Factory Shop<\/title>\n<meta name=\"robots\" content=\"index, follow, max-snippet:-1, max-image-preview:large, max-video-preview:-1\" \/>\n<link rel=\"canonical\" href=\"https:\/\/order.grabo.com\/de\/product\/grabo-canvas-bag\/\" \/>\n<meta property=\"og:locale\" content=\"de_DE\" \/>\n<meta property=\"og:type\" content=\"article\" \/>\n<meta property=\"og:title\" content=\"GRABO Segeltuchtasche - GRABO Factory Shop\" \/>\n<meta property=\"og:description\" content=\"Die GRABO Segeltuchtasche ist die perfekte Aufbewahrungs- und Transportl\u00f6sung f\u00fcr Ihre GRABO Werkzeuge. Diese Tasche aus strapazierf\u00e4higem Canvas-Gewebe verf\u00fcgt \u00fcber doppelte Rei\u00dfverschl\u00fcsse, um Ihre Werkzeuge sicher und leicht zug\u00e4nglich zu halten. Das robuste Canvas-Material h\u00e4lt auch starker Beanspruchung stand und der doppelte Rei\u00dfverschluss sorgt daf\u00fcr, dass Ihre Werkzeuge gesch\u00fctzt und organisiert bleiben. Ob Sie nun ein professioneller Bauunternehmer oder ein Heimwerker sind, die GRABO Canvas Bag ist ein Muss f\u00fcr jede Werkzeugsammlung.\" \/>\n<meta property=\"og:url\" content=\"https:\/\/order.grabo.com\/de\/product\/grabo-canvas-bag\/\" \/>\n<meta property=\"og:site_name\" content=\"GRABO Factory Shop\" \/>\n<meta property=\"article:publisher\" content=\"https:\/\/www.facebook.com\/GRABO.tools\" \/>\n<meta property=\"article:modified_time\" content=\"2023-04-17T16:22:40+00:00\" \/>\n<meta property=\"og:image\" content=\"https:\/\/order.grabo.com\/wp-content\/uploads\/2020\/12\/Z8A3664-1024x1022.png\" \/>\n\t<meta property=\"og:image:width\" content=\"1024\" \/>\n\t<meta property=\"og:image:height\" content=\"1022\" \/>\n\t<meta property=\"og:image:type\" content=\"image\/png\" \/>\n<meta name=\"twitter:card\" content=\"summary_large_image\" \/>\n<meta name=\"twitter:site\" content=\"@grabotools\" \/>\n<meta name=\"twitter:label1\" content=\"Gesch\u00e4tzte Lesezeit\" \/>\n\t<meta name=\"twitter:data1\" content=\"2\u00a0Minuten\" \/>\n<script type=\"application\/ld+json\" class=\"yoast-schema-graph\">{\"@context\":\"https:\\\/\\\/schema.org\",\"@graph\":[{\"@type\":\"WebPage\",\"@id\":\"https:\\\/\\\/order.grabo.com\\\/de\\\/product\\\/grabo-canvas-bag\\\/\",\"url\":\"https:\\\/\\\/order.grabo.com\\\/de\\\/product\\\/grabo-canvas-bag\\\/\",\"name\":\"GRABO Segeltuchtasche - GRABO Factory Shop\",\"isPartOf\":{\"@id\":\"https:\\\/\\\/order.grabo.com\\\/de\\\/#website\"},\"primaryImageOfPage\":{\"@id\":\"https:\\\/\\\/order.grabo.com\\\/de\\\/product\\\/grabo-canvas-bag\\\/#primaryimage\"},\"image\":{\"@id\":\"https:\\\/\\\/order.grabo.com\\\/de\\\/product\\\/grabo-canvas-bag\\\/#primaryimage\"},\"thumbnailUrl\":\"https:\\\/\\\/order.grabo.com\\\/wp-content\\\/uploads\\\/2020\\\/12\\\/thumbnail.png\",\"datePublished\":\"2020-12-16T06:16:51+00:00\",\"dateModified\":\"2023-04-17T16:22:40+00:00\",\"breadcrumb\":{\"@id\":\"https:\\\/\\\/order.grabo.com\\\/de\\\/product\\\/grabo-canvas-bag\\\/#breadcrumb\"},\"inLanguage\":\"de\",\"potentialAction\":[{\"@type\":\"ReadAction\",\"target\":[\"https:\\\/\\\/order.grabo.com\\\/de\\\/product\\\/grabo-canvas-bag\\\/\"]}]},{\"@type\":\"ImageObject\",\"inLanguage\":\"de\",\"@id\":\"https:\\\/\\\/order.grabo.com\\\/de\\\/product\\\/grabo-canvas-bag\\\/#primaryimage\",\"url\":\"https:\\\/\\\/order.grabo.com\\\/wp-content\\\/uploads\\\/2020\\\/12\\\/thumbnail.png\",\"contentUrl\":\"https:\\\/\\\/order.grabo.com\\\/wp-content\\\/uploads\\\/2020\\\/12\\\/thumbnail.png\",\"width\":3000,\"height\":3000},{\"@type\":\"BreadcrumbList\",\"@id\":\"https:\\\/\\\/order.grabo.com\\\/de\\\/product\\\/grabo-canvas-bag\\\/#breadcrumb\",\"itemListElement\":[{\"@type\":\"ListItem\",\"position\":1,\"name\":\"Home\",\"item\":\"https:\\\/\\\/order.grabo.com\\\/de\\\/\"},{\"@type\":\"ListItem\",\"position\":2,\"name\":\"GRABO Factory Shop\",\"item\":\"https:\\\/\\\/order.grabo.com\\\/\"},{\"@type\":\"ListItem\",\"position\":3,\"name\":\"GRABO Segeltuchtasche\"}]},{\"@type\":\"WebSite\",\"@id\":\"https:\\\/\\\/order.grabo.com\\\/de\\\/#website\",\"url\":\"https:\\\/\\\/order.grabo.com\\\/de\\\/\",\"name\":\"GRABO Factory Shop\",\"description\":\"GRABO Factory Shop\",\"publisher\":{\"@id\":\"https:\\\/\\\/order.grabo.com\\\/de\\\/#organization\"},\"potentialAction\":[{\"@type\":\"SearchAction\",\"target\":{\"@type\":\"EntryPoint\",\"urlTemplate\":\"https:\\\/\\\/order.grabo.com\\\/de\\\/?s={search_term_string}\"},\"query-input\":{\"@type\":\"PropertyValueSpecification\",\"valueRequired\":true,\"valueName\":\"search_term_string\"}}],\"inLanguage\":\"de\"},{\"@type\":\"Organization\",\"@id\":\"https:\\\/\\\/order.grabo.com\\\/de\\\/#organization\",\"name\":\"GRABO\",\"url\":\"https:\\\/\\\/order.grabo.com\\\/de\\\/\",\"logo\":{\"@type\":\"ImageObject\",\"inLanguage\":\"de\",\"@id\":\"https:\\\/\\\/order.grabo.com\\\/de\\\/#\\\/schema\\\/logo\\\/image\\\/\",\"url\":\"https:\\\/\\\/order.grabo.com\\\/wp-content\\\/uploads\\\/2020\\\/12\\\/GRABO-Pro-1.jpeg\",\"contentUrl\":\"https:\\\/\\\/order.grabo.com\\\/wp-content\\\/uploads\\\/2020\\\/12\\\/GRABO-Pro-1.jpeg\",\"width\":1712,\"height\":1712,\"caption\":\"GRABO\"},\"image\":{\"@id\":\"https:\\\/\\\/order.grabo.com\\\/de\\\/#\\\/schema\\\/logo\\\/image\\\/\"},\"sameAs\":[\"https:\\\/\\\/www.facebook.com\\\/GRABO.tools\",\"https:\\\/\\\/x.com\\\/grabotools\",\"https:\\\/\\\/www.instagram.com\\\/grabo.tools\\\/?hl=en\"]}]}<\/script>\n<!-- \/ Yoast SEO plugin. -->","yoast_head_json":{"title":"GRABO Segeltuchtasche - GRABO Factory Shop","robots":{"index":"index","follow":"follow","max-snippet":"max-snippet:-1","max-image-preview":"max-image-preview:large","max-video-preview":"max-video-preview:-1"},"canonical":"https:\/\/order.grabo.com\/de\/product\/grabo-canvas-bag\/","og_locale":"de_DE","og_type":"article","og_title":"GRABO Segeltuchtasche - GRABO Factory Shop","og_description":"Die GRABO Segeltuchtasche ist die perfekte Aufbewahrungs- und Transportl\u00f6sung f\u00fcr Ihre GRABO Werkzeuge. Diese Tasche aus strapazierf\u00e4higem Canvas-Gewebe verf\u00fcgt \u00fcber doppelte Rei\u00dfverschl\u00fcsse, um Ihre Werkzeuge sicher und leicht zug\u00e4nglich zu halten. Das robuste Canvas-Material h\u00e4lt auch starker Beanspruchung stand und der doppelte Rei\u00dfverschluss sorgt daf\u00fcr, dass Ihre Werkzeuge gesch\u00fctzt und organisiert bleiben. Ob Sie nun ein professioneller Bauunternehmer oder ein Heimwerker sind, die GRABO Canvas Bag ist ein Muss f\u00fcr jede Werkzeugsammlung.","og_url":"https:\/\/order.grabo.com\/de\/product\/grabo-canvas-bag\/","og_site_name":"GRABO Factory Shop","article_publisher":"https:\/\/www.facebook.com\/GRABO.tools","article_modified_time":"2023-04-17T16:22:40+00:00","og_image":[{"width":1024,"height":1022,"url":"https:\/\/order.grabo.com\/wp-content\/uploads\/2020\/12\/Z8A3664-1024x1022.png","type":"image\/png"}],"twitter_card":"summary_large_image","twitter_site":"@grabotools","twitter_misc":{"Gesch\u00e4tzte Lesezeit":"2\u00a0Minuten"},"schema":{"@context":"https:\/\/schema.org","@graph":[{"@type":"WebPage","@id":"https:\/\/order.grabo.com\/de\/product\/grabo-canvas-bag\/","url":"https:\/\/order.grabo.com\/de\/product\/grabo-canvas-bag\/","name":"GRABO Segeltuchtasche - GRABO Factory Shop","isPartOf":{"@id":"https:\/\/order.grabo.com\/de\/#website"},"primaryImageOfPage":{"@id":"https:\/\/order.grabo.com\/de\/product\/grabo-canvas-bag\/#primaryimage"},"image":{"@id":"https:\/\/order.grabo.com\/de\/product\/grabo-canvas-bag\/#primaryimage"},"thumbnailUrl":"https:\/\/order.grabo.com\/wp-content\/uploads\/2020\/12\/thumbnail.png","datePublished":"2020-12-16T06:16:51+00:00","dateModified":"2023-04-17T16:22:40+00:00","breadcrumb":{"@id":"https:\/\/order.grabo.com\/de\/product\/grabo-canvas-bag\/#breadcrumb"},"inLanguage":"de","potentialAction":[{"@type":"ReadAction","target":["https:\/\/order.grabo.com\/de\/product\/grabo-canvas-bag\/"]}]},{"@type":"ImageObject","inLanguage":"de","@id":"https:\/\/order.grabo.com\/de\/product\/grabo-canvas-bag\/#primaryimage","url":"https:\/\/order.grabo.com\/wp-content\/uploads\/2020\/12\/thumbnail.png","contentUrl":"https:\/\/order.grabo.com\/wp-content\/uploads\/2020\/12\/thumbnail.png","width":3000,"height":3000},{"@type":"BreadcrumbList","@id":"https:\/\/order.grabo.com\/de\/product\/grabo-canvas-bag\/#breadcrumb","itemListElement":[{"@type":"ListItem","position":1,"name":"Home","item":"https:\/\/order.grabo.com\/de\/"},{"@type":"ListItem","position":2,"name":"GRABO Factory Shop","item":"https:\/\/order.grabo.com\/"},{"@type":"ListItem","position":3,"name":"GRABO Segeltuchtasche"}]},{"@type":"WebSite","@id":"https:\/\/order.grabo.com\/de\/#website","url":"https:\/\/order.grabo.com\/de\/","name":"GRABO Factory Shop","description":"GRABO Factory Shop","publisher":{"@id":"https:\/\/order.grabo.com\/de\/#organization"},"potentialAction":[{"@type":"SearchAction","target":{"@type":"EntryPoint","urlTemplate":"https:\/\/order.grabo.com\/de\/?s={search_term_string}"},"query-input":{"@type":"PropertyValueSpecification","valueRequired":true,"valueName":"search_term_string"}}],"inLanguage":"de"},{"@type":"Organization","@id":"https:\/\/order.grabo.com\/de\/#organization","name":"GRABO","url":"https:\/\/order.grabo.com\/de\/","logo":{"@type":"ImageObject","inLanguage":"de","@id":"https:\/\/order.grabo.com\/de\/#\/schema\/logo\/image\/","url":"https:\/\/order.grabo.com\/wp-content\/uploads\/2020\/12\/GRABO-Pro-1.jpeg","contentUrl":"https:\/\/order.grabo.com\/wp-content\/uploads\/2020\/12\/GRABO-Pro-1.jpeg","width":1712,"height":1712,"caption":"GRABO"},"image":{"@id":"https:\/\/order.grabo.com\/de\/#\/schema\/logo\/image\/"},"sameAs":["https:\/\/www.facebook.com\/GRABO.tools","https:\/\/x.com\/grabotools","https:\/\/www.instagram.com\/grabo.tools\/?hl=en"]}]}},"_links":{"self":[{"href":"https:\/\/order.grabo.com\/de\/wp-json\/wp\/v2\/product\/7913","targetHints":{"allow":["GET"]}}],"collection":[{"href":"https:\/\/order.grabo.com\/de\/wp-json\/wp\/v2\/product"}],"about":[{"href":"https:\/\/order.grabo.com\/de\/wp-json\/wp\/v2\/types\/product"}],"replies":[{"embeddable":true,"href":"https:\/\/order.grabo.com\/de\/wp-json\/wp\/v2\/comments?post=7913"}],"wp:featuredmedia":[{"embeddable":true,"href":"https:\/\/order.grabo.com\/de\/wp-json\/wp\/v2\/media\/18792"}],"wp:attachment":[{"href":"https:\/\/order.grabo.com\/de\/wp-json\/wp\/v2\/media?parent=7913"}],"wp:term":[{"taxonomy":"product_brand","embeddable":true,"href":"https:\/\/order.grabo.com\/de\/wp-json\/wp\/v2\/product_brand?post=7913"},{"taxonomy":"product_cat","embeddable":true,"href":"https:\/\/order.grabo.com\/de\/wp-json\/wp\/v2\/product_cat?post=7913"},{"taxonomy":"product_tag","embeddable":true,"href":"https:\/\/order.grabo.com\/de\/wp-json\/wp\/v2\/product_tag?post=7913"}],"curies":[{"name":"wp","href":"https:\/\/api.w.org\/{rel}","templated":true}]}}