{"id":7912,"date":"2020-12-16T06:21:26","date_gmt":"2020-12-16T06:21:26","guid":{"rendered":"https:\/\/factory.grabo.com\/product\/grabo-charger\/"},"modified":"2024-07-26T04:06:44","modified_gmt":"2024-07-26T04:06:44","slug":"grabo-charger","status":"publish","type":"product","link":"https:\/\/order.grabo.com\/de\/product\/grabo-charger\/","title":{"rendered":"GRABO USA Ladeger\u00e4t"},"content":{"rendered":"<p>Das GRABO USA Ladeger\u00e4t ist ein unverzichtbares Accessoire f\u00fcr alle, die immer unterwegs sind. Mit seinem kompakten und robusten Design k\u00f6nnen Sie es einfach \u00fcberall mit hinnehmen, egal ob Sie beruflich oder privat unterwegs sind. Das Ladeger\u00e4t ist mit den meisten Smartphones, Tablets und anderen USB-f\u00e4higen Ger\u00e4ten kompatibel und somit eine vielseitige Option f\u00fcr all Ihre Ladeanforderungen. Das schlanke und elegante Design des Ladeger\u00e4ts passt zu jedem Ger\u00e4t, und es ist klein genug, um in die Tasche oder den Geldbeutel zu passen.<\/p>\n<p>Eine der wichtigsten Eigenschaften des GRABO USA Ladeger\u00e4ts ist seine schnelle und effiziente Ladefunktion. Es verwendet fortschrittliche Technologie, um eine schnelle Aufladung zu gew\u00e4hrleisten, damit Sie den ganzen Tag \u00fcber in Verbindung bleiben und produktiv arbeiten k\u00f6nnen. Das Ladeger\u00e4t verf\u00fcgt au\u00dferdem \u00fcber ein eingebautes Sicherheitssystem, das Ihr Ger\u00e4t vor \u00dcberladung, \u00dcberhitzung und Kurzschluss sch\u00fctzt. Dadurch wird sichergestellt, dass Ihr Ger\u00e4t w\u00e4hrend des Ladevorgangs sicher bleibt.<\/p>\n<p>Das GRABO USA Ladeger\u00e4t wird mit einem USB-Kabel geliefert, mit dem Sie Ihr Ger\u00e4t einfach anschlie\u00dfen und aufladen k\u00f6nnen. Das Ladeger\u00e4t ist einfach zu bedienen, stecken Sie es einfach in eine Steckdose und schlie\u00dfen Sie Ihr Ger\u00e4t an. Mit seinem praktischen und tragbaren Design k\u00f6nnen Sie Ihr Ger\u00e4t \u00fcberall aufladen, egal ob Sie zu Hause, im B\u00fcro oder unterwegs sind.<\/p>\n<p>Zusammenfassend l\u00e4sst sich sagen, dass das GRABO USA Ladeger\u00e4t ein kompaktes, langlebiges, effizientes und sicheres Ladeger\u00e4t ist. Das Ladeger\u00e4t ist mit den meisten Smartphones, Tablets und anderen USB-f\u00e4higen Ger\u00e4ten kompatibel und verf\u00fcgt au\u00dferdem \u00fcber ein eingebautes Sicherheitssystem, das Ihr Ger\u00e4t vor \u00dcberladung, \u00dcberhitzung und Kurzschluss sch\u00fctzt. Es ist perfekt f\u00fcr alle, die den ganzen Tag \u00fcber verbunden und produktiv bleiben m\u00f6chten.<\/p>\n<p>SKU: RK13023<\/p>\n","protected":false},"excerpt":{"rendered":"<p>Das GRABO USA Ladeger\u00e4t ist ein kompaktes und robustes Ladeger\u00e4t, das sich perfekt f\u00fcr den Einsatz unterwegs eignet. Mit seinem schlanken und eleganten Design l\u00e4sst es sich leicht mitnehmen, wo immer Sie hingehen. Es ist mit den meisten Smartphones, Tablets und anderen USB-f\u00e4higen Ger\u00e4ten kompatibel. Das Ladeger\u00e4t ist so konzipiert, dass es schnell und effizient l\u00e4dt, damit Sie den ganzen Tag \u00fcber in Verbindung bleiben und produktiv arbeiten k\u00f6nnen. Das GRABO USA Ladeger\u00e4t ist ein unverzichtbares Accessoire f\u00fcr jeden, der immer unterwegs ist.\"<\/p>\n","protected":false},"featured_media":6811,"comment_status":"open","ping_status":"closed","template":"","meta":{"_acf_changed":false},"product_brand":[],"product_cat":[179],"product_tag":[],"class_list":{"0":"post-7912","1":"product","2":"type-product","3":"status-publish","4":"has-post-thumbnail","6":"product_cat-accessories-de","8":"first","9":"instock","10":"taxable","11":"shipping-taxable","12":"purchasable","13":"product-type-simple"},"acf":[],"yoast_head":"<!-- This site is optimized with the Yoast SEO plugin v27.3 - https:\/\/yoast.com\/product\/yoast-seo-wordpress\/ -->\n<title>GRABO USA Ladeger\u00e4t - GRABO Factory Shop<\/title>\n<meta name=\"description\" content=\"M\u00f6chten Sie ein zus\u00e4tzliches in Ihrer Garage, in Ihrem LKW oder f\u00fcr die Baustelle aufbewahren? Hier ist JUST das GRABO Ladeger\u00e4t f\u00fcr die 14,8 V Batterie\" \/>\n<meta name=\"robots\" content=\"index, follow, max-snippet:-1, max-image-preview:large, max-video-preview:-1\" \/>\n<link rel=\"canonical\" href=\"https:\/\/order.grabo.com\/de\/product\/grabo-charger\/\" \/>\n<meta property=\"og:locale\" content=\"de_DE\" \/>\n<meta property=\"og:type\" content=\"article\" \/>\n<meta property=\"og:title\" content=\"GRABO USA Ladeger\u00e4t - GRABO Factory Shop\" \/>\n<meta property=\"og:description\" content=\"M\u00f6chten Sie ein zus\u00e4tzliches in Ihrer Garage, in Ihrem LKW oder f\u00fcr die Baustelle aufbewahren? Hier ist JUST das GRABO Ladeger\u00e4t f\u00fcr die 14,8 V Batterie\" \/>\n<meta property=\"og:url\" content=\"https:\/\/order.grabo.com\/de\/product\/grabo-charger\/\" \/>\n<meta property=\"og:site_name\" content=\"GRABO Factory Shop\" \/>\n<meta property=\"article:publisher\" content=\"https:\/\/www.facebook.com\/GRABO.tools\" \/>\n<meta property=\"article:modified_time\" content=\"2024-07-26T04:06:44+00:00\" \/>\n<meta property=\"og:image\" content=\"https:\/\/order.grabo.com\/wp-content\/uploads\/2020\/12\/1500x1500USA-Charger.jpg\" \/>\n\t<meta property=\"og:image:width\" content=\"1500\" \/>\n\t<meta property=\"og:image:height\" content=\"1500\" \/>\n\t<meta property=\"og:image:type\" content=\"image\/jpeg\" \/>\n<meta name=\"twitter:card\" content=\"summary_large_image\" \/>\n<meta name=\"twitter:site\" content=\"@grabotools\" \/>\n<meta name=\"twitter:label1\" content=\"Gesch\u00e4tzte Lesezeit\" \/>\n\t<meta name=\"twitter:data1\" content=\"2\u00a0Minuten\" \/>\n<script type=\"application\/ld+json\" class=\"yoast-schema-graph\">{\"@context\":\"https:\\\/\\\/schema.org\",\"@graph\":[{\"@type\":\"WebPage\",\"@id\":\"https:\\\/\\\/order.grabo.com\\\/de\\\/product\\\/grabo-charger\\\/\",\"url\":\"https:\\\/\\\/order.grabo.com\\\/de\\\/product\\\/grabo-charger\\\/\",\"name\":\"GRABO USA Ladeger\u00e4t - GRABO Factory Shop\",\"isPartOf\":{\"@id\":\"https:\\\/\\\/order.grabo.com\\\/de\\\/#website\"},\"primaryImageOfPage\":{\"@id\":\"https:\\\/\\\/order.grabo.com\\\/de\\\/product\\\/grabo-charger\\\/#primaryimage\"},\"image\":{\"@id\":\"https:\\\/\\\/order.grabo.com\\\/de\\\/product\\\/grabo-charger\\\/#primaryimage\"},\"thumbnailUrl\":\"https:\\\/\\\/order.grabo.com\\\/wp-content\\\/uploads\\\/2020\\\/12\\\/1500x1500USA-Charger.jpg\",\"datePublished\":\"2020-12-16T06:21:26+00:00\",\"dateModified\":\"2024-07-26T04:06:44+00:00\",\"description\":\"M\u00f6chten Sie ein zus\u00e4tzliches in Ihrer Garage, in Ihrem LKW oder f\u00fcr die Baustelle aufbewahren? Hier ist JUST das GRABO Ladeger\u00e4t f\u00fcr die 14,8 V Batterie\",\"breadcrumb\":{\"@id\":\"https:\\\/\\\/order.grabo.com\\\/de\\\/product\\\/grabo-charger\\\/#breadcrumb\"},\"inLanguage\":\"de\",\"potentialAction\":[{\"@type\":\"ReadAction\",\"target\":[\"https:\\\/\\\/order.grabo.com\\\/de\\\/product\\\/grabo-charger\\\/\"]}]},{\"@type\":\"ImageObject\",\"inLanguage\":\"de\",\"@id\":\"https:\\\/\\\/order.grabo.com\\\/de\\\/product\\\/grabo-charger\\\/#primaryimage\",\"url\":\"https:\\\/\\\/order.grabo.com\\\/wp-content\\\/uploads\\\/2020\\\/12\\\/1500x1500USA-Charger.jpg\",\"contentUrl\":\"https:\\\/\\\/order.grabo.com\\\/wp-content\\\/uploads\\\/2020\\\/12\\\/1500x1500USA-Charger.jpg\",\"width\":1500,\"height\":1500},{\"@type\":\"BreadcrumbList\",\"@id\":\"https:\\\/\\\/order.grabo.com\\\/de\\\/product\\\/grabo-charger\\\/#breadcrumb\",\"itemListElement\":[{\"@type\":\"ListItem\",\"position\":1,\"name\":\"Home\",\"item\":\"https:\\\/\\\/order.grabo.com\\\/de\\\/\"},{\"@type\":\"ListItem\",\"position\":2,\"name\":\"GRABO Factory Shop\",\"item\":\"https:\\\/\\\/order.grabo.com\\\/\"},{\"@type\":\"ListItem\",\"position\":3,\"name\":\"GRABO USA Ladeger\u00e4t\"}]},{\"@type\":\"WebSite\",\"@id\":\"https:\\\/\\\/order.grabo.com\\\/de\\\/#website\",\"url\":\"https:\\\/\\\/order.grabo.com\\\/de\\\/\",\"name\":\"GRABO Factory Shop\",\"description\":\"GRABO Factory Shop\",\"publisher\":{\"@id\":\"https:\\\/\\\/order.grabo.com\\\/de\\\/#organization\"},\"potentialAction\":[{\"@type\":\"SearchAction\",\"target\":{\"@type\":\"EntryPoint\",\"urlTemplate\":\"https:\\\/\\\/order.grabo.com\\\/de\\\/?s={search_term_string}\"},\"query-input\":{\"@type\":\"PropertyValueSpecification\",\"valueRequired\":true,\"valueName\":\"search_term_string\"}}],\"inLanguage\":\"de\"},{\"@type\":\"Organization\",\"@id\":\"https:\\\/\\\/order.grabo.com\\\/de\\\/#organization\",\"name\":\"GRABO\",\"url\":\"https:\\\/\\\/order.grabo.com\\\/de\\\/\",\"logo\":{\"@type\":\"ImageObject\",\"inLanguage\":\"de\",\"@id\":\"https:\\\/\\\/order.grabo.com\\\/de\\\/#\\\/schema\\\/logo\\\/image\\\/\",\"url\":\"https:\\\/\\\/order.grabo.com\\\/wp-content\\\/uploads\\\/2020\\\/12\\\/GRABO-Pro-1.jpeg\",\"contentUrl\":\"https:\\\/\\\/order.grabo.com\\\/wp-content\\\/uploads\\\/2020\\\/12\\\/GRABO-Pro-1.jpeg\",\"width\":1712,\"height\":1712,\"caption\":\"GRABO\"},\"image\":{\"@id\":\"https:\\\/\\\/order.grabo.com\\\/de\\\/#\\\/schema\\\/logo\\\/image\\\/\"},\"sameAs\":[\"https:\\\/\\\/www.facebook.com\\\/GRABO.tools\",\"https:\\\/\\\/x.com\\\/grabotools\",\"https:\\\/\\\/www.instagram.com\\\/grabo.tools\\\/?hl=en\"]}]}<\/script>\n<!-- \/ Yoast SEO plugin. -->","yoast_head_json":{"title":"GRABO USA Ladeger\u00e4t - GRABO Factory Shop","description":"M\u00f6chten Sie ein zus\u00e4tzliches in Ihrer Garage, in Ihrem LKW oder f\u00fcr die Baustelle aufbewahren? Hier ist JUST das GRABO Ladeger\u00e4t f\u00fcr die 14,8 V Batterie","robots":{"index":"index","follow":"follow","max-snippet":"max-snippet:-1","max-image-preview":"max-image-preview:large","max-video-preview":"max-video-preview:-1"},"canonical":"https:\/\/order.grabo.com\/de\/product\/grabo-charger\/","og_locale":"de_DE","og_type":"article","og_title":"GRABO USA Ladeger\u00e4t - GRABO Factory Shop","og_description":"M\u00f6chten Sie ein zus\u00e4tzliches in Ihrer Garage, in Ihrem LKW oder f\u00fcr die Baustelle aufbewahren? Hier ist JUST das GRABO Ladeger\u00e4t f\u00fcr die 14,8 V Batterie","og_url":"https:\/\/order.grabo.com\/de\/product\/grabo-charger\/","og_site_name":"GRABO Factory Shop","article_publisher":"https:\/\/www.facebook.com\/GRABO.tools","article_modified_time":"2024-07-26T04:06:44+00:00","og_image":[{"width":1500,"height":1500,"url":"https:\/\/order.grabo.com\/wp-content\/uploads\/2020\/12\/1500x1500USA-Charger.jpg","type":"image\/jpeg"}],"twitter_card":"summary_large_image","twitter_site":"@grabotools","twitter_misc":{"Gesch\u00e4tzte Lesezeit":"2\u00a0Minuten"},"schema":{"@context":"https:\/\/schema.org","@graph":[{"@type":"WebPage","@id":"https:\/\/order.grabo.com\/de\/product\/grabo-charger\/","url":"https:\/\/order.grabo.com\/de\/product\/grabo-charger\/","name":"GRABO USA Ladeger\u00e4t - GRABO Factory Shop","isPartOf":{"@id":"https:\/\/order.grabo.com\/de\/#website"},"primaryImageOfPage":{"@id":"https:\/\/order.grabo.com\/de\/product\/grabo-charger\/#primaryimage"},"image":{"@id":"https:\/\/order.grabo.com\/de\/product\/grabo-charger\/#primaryimage"},"thumbnailUrl":"https:\/\/order.grabo.com\/wp-content\/uploads\/2020\/12\/1500x1500USA-Charger.jpg","datePublished":"2020-12-16T06:21:26+00:00","dateModified":"2024-07-26T04:06:44+00:00","description":"M\u00f6chten Sie ein zus\u00e4tzliches in Ihrer Garage, in Ihrem LKW oder f\u00fcr die Baustelle aufbewahren? Hier ist JUST das GRABO Ladeger\u00e4t f\u00fcr die 14,8 V Batterie","breadcrumb":{"@id":"https:\/\/order.grabo.com\/de\/product\/grabo-charger\/#breadcrumb"},"inLanguage":"de","potentialAction":[{"@type":"ReadAction","target":["https:\/\/order.grabo.com\/de\/product\/grabo-charger\/"]}]},{"@type":"ImageObject","inLanguage":"de","@id":"https:\/\/order.grabo.com\/de\/product\/grabo-charger\/#primaryimage","url":"https:\/\/order.grabo.com\/wp-content\/uploads\/2020\/12\/1500x1500USA-Charger.jpg","contentUrl":"https:\/\/order.grabo.com\/wp-content\/uploads\/2020\/12\/1500x1500USA-Charger.jpg","width":1500,"height":1500},{"@type":"BreadcrumbList","@id":"https:\/\/order.grabo.com\/de\/product\/grabo-charger\/#breadcrumb","itemListElement":[{"@type":"ListItem","position":1,"name":"Home","item":"https:\/\/order.grabo.com\/de\/"},{"@type":"ListItem","position":2,"name":"GRABO Factory Shop","item":"https:\/\/order.grabo.com\/"},{"@type":"ListItem","position":3,"name":"GRABO USA Ladeger\u00e4t"}]},{"@type":"WebSite","@id":"https:\/\/order.grabo.com\/de\/#website","url":"https:\/\/order.grabo.com\/de\/","name":"GRABO Factory Shop","description":"GRABO Factory Shop","publisher":{"@id":"https:\/\/order.grabo.com\/de\/#organization"},"potentialAction":[{"@type":"SearchAction","target":{"@type":"EntryPoint","urlTemplate":"https:\/\/order.grabo.com\/de\/?s={search_term_string}"},"query-input":{"@type":"PropertyValueSpecification","valueRequired":true,"valueName":"search_term_string"}}],"inLanguage":"de"},{"@type":"Organization","@id":"https:\/\/order.grabo.com\/de\/#organization","name":"GRABO","url":"https:\/\/order.grabo.com\/de\/","logo":{"@type":"ImageObject","inLanguage":"de","@id":"https:\/\/order.grabo.com\/de\/#\/schema\/logo\/image\/","url":"https:\/\/order.grabo.com\/wp-content\/uploads\/2020\/12\/GRABO-Pro-1.jpeg","contentUrl":"https:\/\/order.grabo.com\/wp-content\/uploads\/2020\/12\/GRABO-Pro-1.jpeg","width":1712,"height":1712,"caption":"GRABO"},"image":{"@id":"https:\/\/order.grabo.com\/de\/#\/schema\/logo\/image\/"},"sameAs":["https:\/\/www.facebook.com\/GRABO.tools","https:\/\/x.com\/grabotools","https:\/\/www.instagram.com\/grabo.tools\/?hl=en"]}]}},"_links":{"self":[{"href":"https:\/\/order.grabo.com\/de\/wp-json\/wp\/v2\/product\/7912","targetHints":{"allow":["GET"]}}],"collection":[{"href":"https:\/\/order.grabo.com\/de\/wp-json\/wp\/v2\/product"}],"about":[{"href":"https:\/\/order.grabo.com\/de\/wp-json\/wp\/v2\/types\/product"}],"replies":[{"embeddable":true,"href":"https:\/\/order.grabo.com\/de\/wp-json\/wp\/v2\/comments?post=7912"}],"wp:featuredmedia":[{"embeddable":true,"href":"https:\/\/order.grabo.com\/de\/wp-json\/wp\/v2\/media\/6811"}],"wp:attachment":[{"href":"https:\/\/order.grabo.com\/de\/wp-json\/wp\/v2\/media?parent=7912"}],"wp:term":[{"taxonomy":"product_brand","embeddable":true,"href":"https:\/\/order.grabo.com\/de\/wp-json\/wp\/v2\/product_brand?post=7912"},{"taxonomy":"product_cat","embeddable":true,"href":"https:\/\/order.grabo.com\/de\/wp-json\/wp\/v2\/product_cat?post=7912"},{"taxonomy":"product_tag","embeddable":true,"href":"https:\/\/order.grabo.com\/de\/wp-json\/wp\/v2\/product_tag?post=7912"}],"curies":[{"name":"wp","href":"https:\/\/api.w.org\/{rel}","templated":true}]}}