{"id":7910,"date":"2021-02-19T03:47:48","date_gmt":"2021-02-19T03:47:48","guid":{"rendered":"https:\/\/factory.grabo.com\/product\/erguo-s1-grabo-attachment\/"},"modified":"2024-07-26T03:45:48","modified_gmt":"2024-07-26T03:45:48","slug":"erguo-s1-grabo-attachment","status":"publish","type":"product","link":"https:\/\/order.grabo.com\/de\/product\/erguo-s1-grabo-attachment\/","title":{"rendered":"GRABO Erguo"},"content":{"rendered":"<p>Erguo S1 GRABO Attachment ist ein tragbarer Hebeaufsatz f\u00fcr ALLE GRABO Produkte (au\u00dfer GRABO H). Befestigen Sie den Erguo einfach an Ihrem GRABO an den vier Hebe\u00f6sen, die sich am GRABO befinden, und schon ist eine sichere Verbindung hergestellt - Der Erguo wurde entwickelt, um Ihren R\u00fccken beim B\u00fccken nicht zu belasten. (Work smarter not harder) Der Erguo wird mit den folgenden Teilen geliefert: Hauptb\u00fcgel, St\u00fctzb\u00fcgel, Einstellschraube<\/p>\n","protected":false},"excerpt":{"rendered":"<p>Der Erguo S1 ist eine Armverl\u00e4ngerung mit gro\u00dfer Reichweite, die an jedem GRABO Modell (au\u00dfer GRABO H) angebracht werden kann, um ein ergonomisches Hebesystem zu schaffen. Diese Verl\u00e4ngerung erm\u00f6glicht ein bequemes und effizientes Heben von schweren Gegenst\u00e4nden und reduziert die Belastung von R\u00fccken und Schultern. Der S1 ist langlebig und einfach zu installieren, was ihn zu einer gro\u00dfartigen Erg\u00e4nzung f\u00fcr jedes GRABO Hebesystem macht.<\/p>\n[embed]https:\/\/www.youtube.com\/watch?v=PEblQud5GdA[\/embed]\n","protected":false},"featured_media":18882,"comment_status":"open","ping_status":"closed","template":"","meta":{"_acf_changed":false},"product_brand":[],"product_cat":[179],"product_tag":[],"class_list":{"0":"post-7910","1":"product","2":"type-product","3":"status-publish","4":"has-post-thumbnail","6":"product_cat-accessories-de","8":"first","9":"instock","10":"taxable","11":"shipping-taxable","12":"purchasable","13":"product-type-simple"},"acf":[],"yoast_head":"<!-- This site is optimized with the Yoast SEO plugin v27.3 - https:\/\/yoast.com\/product\/yoast-seo-wordpress\/ -->\n<title>GRABO Erguo - GRABO Factory Shop<\/title>\n<meta name=\"description\" content=\"Der Grabo ErGuo. Der offizielle Befestigungsarm f\u00fcr alle Grabo Tools. Kein B\u00fccken mehr, um weitere Materialien \u00fcber den Boden zu bef\u00f6rdern.\" \/>\n<meta name=\"robots\" content=\"index, follow, max-snippet:-1, max-image-preview:large, max-video-preview:-1\" \/>\n<link rel=\"canonical\" href=\"https:\/\/order.grabo.com\/de\/product\/erguo-s1-grabo-attachment\/\" \/>\n<meta property=\"og:locale\" content=\"de_DE\" \/>\n<meta property=\"og:type\" content=\"article\" \/>\n<meta property=\"og:title\" content=\"GRABO Erguo - GRABO Factory Shop\" \/>\n<meta property=\"og:description\" content=\"Der Grabo ErGuo. Der offizielle Befestigungsarm f\u00fcr alle Grabo Tools. Kein B\u00fccken mehr, um weitere Materialien \u00fcber den Boden zu bef\u00f6rdern.\" \/>\n<meta property=\"og:url\" content=\"https:\/\/order.grabo.com\/de\/product\/erguo-s1-grabo-attachment\/\" \/>\n<meta property=\"og:site_name\" content=\"GRABO Factory Shop\" \/>\n<meta property=\"article:publisher\" content=\"https:\/\/www.facebook.com\/GRABO.tools\" \/>\n<meta property=\"article:modified_time\" content=\"2024-07-26T03:45:48+00:00\" \/>\n<meta property=\"og:image\" content=\"https:\/\/order.grabo.com\/wp-content\/uploads\/2021\/02\/Z8A0244_v2-1-scaled.jpg\" \/>\n\t<meta property=\"og:image:width\" content=\"2555\" \/>\n\t<meta property=\"og:image:height\" content=\"2560\" \/>\n\t<meta property=\"og:image:type\" content=\"image\/jpeg\" \/>\n<meta name=\"twitter:card\" content=\"summary_large_image\" \/>\n<meta name=\"twitter:site\" content=\"@grabotools\" \/>\n<meta name=\"twitter:label1\" content=\"Gesch\u00e4tzte Lesezeit\" \/>\n\t<meta name=\"twitter:data1\" content=\"1\u00a0Minute\" \/>\n<script type=\"application\/ld+json\" class=\"yoast-schema-graph\">{\"@context\":\"https:\\\/\\\/schema.org\",\"@graph\":[{\"@type\":\"WebPage\",\"@id\":\"https:\\\/\\\/order.grabo.com\\\/de\\\/product\\\/erguo-s1-grabo-attachment\\\/\",\"url\":\"https:\\\/\\\/order.grabo.com\\\/de\\\/product\\\/erguo-s1-grabo-attachment\\\/\",\"name\":\"GRABO Erguo - GRABO Factory Shop\",\"isPartOf\":{\"@id\":\"https:\\\/\\\/order.grabo.com\\\/de\\\/#website\"},\"primaryImageOfPage\":{\"@id\":\"https:\\\/\\\/order.grabo.com\\\/de\\\/product\\\/erguo-s1-grabo-attachment\\\/#primaryimage\"},\"image\":{\"@id\":\"https:\\\/\\\/order.grabo.com\\\/de\\\/product\\\/erguo-s1-grabo-attachment\\\/#primaryimage\"},\"thumbnailUrl\":\"https:\\\/\\\/order.grabo.com\\\/wp-content\\\/uploads\\\/2021\\\/02\\\/ERG1-1.png\",\"datePublished\":\"2021-02-19T03:47:48+00:00\",\"dateModified\":\"2024-07-26T03:45:48+00:00\",\"description\":\"Der Grabo ErGuo. Der offizielle Befestigungsarm f\u00fcr alle Grabo Tools. Kein B\u00fccken mehr, um weitere Materialien \u00fcber den Boden zu bef\u00f6rdern.\",\"breadcrumb\":{\"@id\":\"https:\\\/\\\/order.grabo.com\\\/de\\\/product\\\/erguo-s1-grabo-attachment\\\/#breadcrumb\"},\"inLanguage\":\"de\",\"potentialAction\":[{\"@type\":\"ReadAction\",\"target\":[\"https:\\\/\\\/order.grabo.com\\\/de\\\/product\\\/erguo-s1-grabo-attachment\\\/\"]}]},{\"@type\":\"ImageObject\",\"inLanguage\":\"de\",\"@id\":\"https:\\\/\\\/order.grabo.com\\\/de\\\/product\\\/erguo-s1-grabo-attachment\\\/#primaryimage\",\"url\":\"https:\\\/\\\/order.grabo.com\\\/wp-content\\\/uploads\\\/2021\\\/02\\\/ERG1-1.png\",\"contentUrl\":\"https:\\\/\\\/order.grabo.com\\\/wp-content\\\/uploads\\\/2021\\\/02\\\/ERG1-1.png\",\"width\":1500,\"height\":1500},{\"@type\":\"BreadcrumbList\",\"@id\":\"https:\\\/\\\/order.grabo.com\\\/de\\\/product\\\/erguo-s1-grabo-attachment\\\/#breadcrumb\",\"itemListElement\":[{\"@type\":\"ListItem\",\"position\":1,\"name\":\"Home\",\"item\":\"https:\\\/\\\/order.grabo.com\\\/de\\\/\"},{\"@type\":\"ListItem\",\"position\":2,\"name\":\"GRABO Factory Shop\",\"item\":\"https:\\\/\\\/order.grabo.com\\\/\"},{\"@type\":\"ListItem\",\"position\":3,\"name\":\"GRABO Erguo\"}]},{\"@type\":\"WebSite\",\"@id\":\"https:\\\/\\\/order.grabo.com\\\/de\\\/#website\",\"url\":\"https:\\\/\\\/order.grabo.com\\\/de\\\/\",\"name\":\"GRABO Factory Shop\",\"description\":\"GRABO Factory Shop\",\"publisher\":{\"@id\":\"https:\\\/\\\/order.grabo.com\\\/de\\\/#organization\"},\"potentialAction\":[{\"@type\":\"SearchAction\",\"target\":{\"@type\":\"EntryPoint\",\"urlTemplate\":\"https:\\\/\\\/order.grabo.com\\\/de\\\/?s={search_term_string}\"},\"query-input\":{\"@type\":\"PropertyValueSpecification\",\"valueRequired\":true,\"valueName\":\"search_term_string\"}}],\"inLanguage\":\"de\"},{\"@type\":\"Organization\",\"@id\":\"https:\\\/\\\/order.grabo.com\\\/de\\\/#organization\",\"name\":\"GRABO\",\"url\":\"https:\\\/\\\/order.grabo.com\\\/de\\\/\",\"logo\":{\"@type\":\"ImageObject\",\"inLanguage\":\"de\",\"@id\":\"https:\\\/\\\/order.grabo.com\\\/de\\\/#\\\/schema\\\/logo\\\/image\\\/\",\"url\":\"https:\\\/\\\/order.grabo.com\\\/wp-content\\\/uploads\\\/2020\\\/12\\\/GRABO-Pro-1.jpeg\",\"contentUrl\":\"https:\\\/\\\/order.grabo.com\\\/wp-content\\\/uploads\\\/2020\\\/12\\\/GRABO-Pro-1.jpeg\",\"width\":1712,\"height\":1712,\"caption\":\"GRABO\"},\"image\":{\"@id\":\"https:\\\/\\\/order.grabo.com\\\/de\\\/#\\\/schema\\\/logo\\\/image\\\/\"},\"sameAs\":[\"https:\\\/\\\/www.facebook.com\\\/GRABO.tools\",\"https:\\\/\\\/x.com\\\/grabotools\",\"https:\\\/\\\/www.instagram.com\\\/grabo.tools\\\/?hl=en\"]}]}<\/script>\n<!-- \/ Yoast SEO plugin. -->","yoast_head_json":{"title":"GRABO Erguo - GRABO Factory Shop","description":"Der Grabo ErGuo. Der offizielle Befestigungsarm f\u00fcr alle Grabo Tools. Kein B\u00fccken mehr, um weitere Materialien \u00fcber den Boden zu bef\u00f6rdern.","robots":{"index":"index","follow":"follow","max-snippet":"max-snippet:-1","max-image-preview":"max-image-preview:large","max-video-preview":"max-video-preview:-1"},"canonical":"https:\/\/order.grabo.com\/de\/product\/erguo-s1-grabo-attachment\/","og_locale":"de_DE","og_type":"article","og_title":"GRABO Erguo - GRABO Factory Shop","og_description":"Der Grabo ErGuo. Der offizielle Befestigungsarm f\u00fcr alle Grabo Tools. Kein B\u00fccken mehr, um weitere Materialien \u00fcber den Boden zu bef\u00f6rdern.","og_url":"https:\/\/order.grabo.com\/de\/product\/erguo-s1-grabo-attachment\/","og_site_name":"GRABO Factory Shop","article_publisher":"https:\/\/www.facebook.com\/GRABO.tools","article_modified_time":"2024-07-26T03:45:48+00:00","og_image":[{"width":2555,"height":2560,"url":"https:\/\/order.grabo.com\/wp-content\/uploads\/2021\/02\/Z8A0244_v2-1-scaled.jpg","type":"image\/jpeg"}],"twitter_card":"summary_large_image","twitter_site":"@grabotools","twitter_misc":{"Gesch\u00e4tzte Lesezeit":"1\u00a0Minute"},"schema":{"@context":"https:\/\/schema.org","@graph":[{"@type":"WebPage","@id":"https:\/\/order.grabo.com\/de\/product\/erguo-s1-grabo-attachment\/","url":"https:\/\/order.grabo.com\/de\/product\/erguo-s1-grabo-attachment\/","name":"GRABO Erguo - GRABO Factory Shop","isPartOf":{"@id":"https:\/\/order.grabo.com\/de\/#website"},"primaryImageOfPage":{"@id":"https:\/\/order.grabo.com\/de\/product\/erguo-s1-grabo-attachment\/#primaryimage"},"image":{"@id":"https:\/\/order.grabo.com\/de\/product\/erguo-s1-grabo-attachment\/#primaryimage"},"thumbnailUrl":"https:\/\/order.grabo.com\/wp-content\/uploads\/2021\/02\/ERG1-1.png","datePublished":"2021-02-19T03:47:48+00:00","dateModified":"2024-07-26T03:45:48+00:00","description":"Der Grabo ErGuo. Der offizielle Befestigungsarm f\u00fcr alle Grabo Tools. Kein B\u00fccken mehr, um weitere Materialien \u00fcber den Boden zu bef\u00f6rdern.","breadcrumb":{"@id":"https:\/\/order.grabo.com\/de\/product\/erguo-s1-grabo-attachment\/#breadcrumb"},"inLanguage":"de","potentialAction":[{"@type":"ReadAction","target":["https:\/\/order.grabo.com\/de\/product\/erguo-s1-grabo-attachment\/"]}]},{"@type":"ImageObject","inLanguage":"de","@id":"https:\/\/order.grabo.com\/de\/product\/erguo-s1-grabo-attachment\/#primaryimage","url":"https:\/\/order.grabo.com\/wp-content\/uploads\/2021\/02\/ERG1-1.png","contentUrl":"https:\/\/order.grabo.com\/wp-content\/uploads\/2021\/02\/ERG1-1.png","width":1500,"height":1500},{"@type":"BreadcrumbList","@id":"https:\/\/order.grabo.com\/de\/product\/erguo-s1-grabo-attachment\/#breadcrumb","itemListElement":[{"@type":"ListItem","position":1,"name":"Home","item":"https:\/\/order.grabo.com\/de\/"},{"@type":"ListItem","position":2,"name":"GRABO Factory Shop","item":"https:\/\/order.grabo.com\/"},{"@type":"ListItem","position":3,"name":"GRABO Erguo"}]},{"@type":"WebSite","@id":"https:\/\/order.grabo.com\/de\/#website","url":"https:\/\/order.grabo.com\/de\/","name":"GRABO Factory Shop","description":"GRABO Factory Shop","publisher":{"@id":"https:\/\/order.grabo.com\/de\/#organization"},"potentialAction":[{"@type":"SearchAction","target":{"@type":"EntryPoint","urlTemplate":"https:\/\/order.grabo.com\/de\/?s={search_term_string}"},"query-input":{"@type":"PropertyValueSpecification","valueRequired":true,"valueName":"search_term_string"}}],"inLanguage":"de"},{"@type":"Organization","@id":"https:\/\/order.grabo.com\/de\/#organization","name":"GRABO","url":"https:\/\/order.grabo.com\/de\/","logo":{"@type":"ImageObject","inLanguage":"de","@id":"https:\/\/order.grabo.com\/de\/#\/schema\/logo\/image\/","url":"https:\/\/order.grabo.com\/wp-content\/uploads\/2020\/12\/GRABO-Pro-1.jpeg","contentUrl":"https:\/\/order.grabo.com\/wp-content\/uploads\/2020\/12\/GRABO-Pro-1.jpeg","width":1712,"height":1712,"caption":"GRABO"},"image":{"@id":"https:\/\/order.grabo.com\/de\/#\/schema\/logo\/image\/"},"sameAs":["https:\/\/www.facebook.com\/GRABO.tools","https:\/\/x.com\/grabotools","https:\/\/www.instagram.com\/grabo.tools\/?hl=en"]}]}},"_links":{"self":[{"href":"https:\/\/order.grabo.com\/de\/wp-json\/wp\/v2\/product\/7910","targetHints":{"allow":["GET"]}}],"collection":[{"href":"https:\/\/order.grabo.com\/de\/wp-json\/wp\/v2\/product"}],"about":[{"href":"https:\/\/order.grabo.com\/de\/wp-json\/wp\/v2\/types\/product"}],"replies":[{"embeddable":true,"href":"https:\/\/order.grabo.com\/de\/wp-json\/wp\/v2\/comments?post=7910"}],"wp:featuredmedia":[{"embeddable":true,"href":"https:\/\/order.grabo.com\/de\/wp-json\/wp\/v2\/media\/18882"}],"wp:attachment":[{"href":"https:\/\/order.grabo.com\/de\/wp-json\/wp\/v2\/media?parent=7910"}],"wp:term":[{"taxonomy":"product_brand","embeddable":true,"href":"https:\/\/order.grabo.com\/de\/wp-json\/wp\/v2\/product_brand?post=7910"},{"taxonomy":"product_cat","embeddable":true,"href":"https:\/\/order.grabo.com\/de\/wp-json\/wp\/v2\/product_cat?post=7910"},{"taxonomy":"product_tag","embeddable":true,"href":"https:\/\/order.grabo.com\/de\/wp-json\/wp\/v2\/product_tag?post=7910"}],"curies":[{"name":"wp","href":"https:\/\/api.w.org\/{rel}","templated":true}]}}